{"id":15125,"date":"2024-11-25T12:15:46","date_gmt":"2024-11-25T10:15:46","guid":{"rendered":"https:\/\/adragos-pharma.com\/?page_id=15125"},"modified":"2025-07-17T11:02:09","modified_gmt":"2025-07-17T09:02:09","slug":"projekt-durchfuhrbarkeit","status":"publish","type":"page","link":"https:\/\/adragos-pharma.com\/de\/klinische-fertigung\/projekt-durchfuhrbarkeit\/","title":{"rendered":"Projekt-Durchf\u00fchrbarkeit"},"content":{"rendered":"\n<section class=\"wp-block-adragos-blocks-header relative has-primary-background-color bg-pattern bg-cover max-w-full bg-bottom px-3 pt-10 pb-44 md:pt-16 md:pb-44 has-background\"><div class=\"relative z-30 max-w-screen-xl px-6 m-auto\"><nav class=\"flex mb-4\" aria-label=\"Breadcrumb\"><ol class=\"inline-flex items-center space-x-1 md:space-x-2 rtl:space-x-reverse\"><li class=\"inline-flex items-center\"><a href=\"https:\/\/adragos-pharma.com\/de\/\" class=\"inline-flex items-center text-sm font-medium text-white hover:text-primary\"><svg class=\"w-3 h-3 me-2.5\" aria-hidden=\"true\" xmlns=\"http:\/\/www.w3.org\/2000\/svg\" fill=\"currentColor\" viewBox=\"0 0 20 20\"><path d=\"m19.707 9.293-2-2-7-7a1 1 0 0 0-1.414 0l-7 7-2 2a1 1 0 0 0 1.414 1.414L2 10.414V18a2 2 0 0 0 2 2h3a1 1 0 0 0 1-1v-4a1 1 0 0 1 1-1h2a1 1 0 0 1 1 1v4a1 1 0 0 0 1 1h3a2 2 0 0 0 2-2v-7.586l.293.293a1 1 0 0 0 1.414-1.414Z\"><\/path><\/svg>Home<\/a><\/li><li><div class=\"flex items-center\"><svg class=\"rtl:rotate-180 w-3 h-3 text-white mx-1\" aria-hidden=\"true\" xmlns=\"http:\/\/www.w3.org\/2000\/svg\" fill=\"none\" viewBox=\"0 0 6 10\"><path stroke=\"currentColor\" stroke-linecap=\"round\" stroke-linejoin=\"round\" stroke-width=\"2\" d=\"m1 9 4-4-4-4\"><\/path><\/svg><a href=\"https:\/\/adragos-pharma.com\/de\/klinische-fertigung\/\" class=\"ms-1 text-sm font-medium text-white hover:text-primary md:ms-2\">Klinische Fertigung<\/a><\/div><\/li><li class=\"hidden md:inline-block\" aria-current=\"page\"><div class=\"flex items-center\"><svg class=\"rtl:rotate-180 w-3 h-3 text-white mx-1\" aria-hidden=\"true\" xmlns=\"http:\/\/www.w3.org\/2000\/svg\" fill=\"none\" viewBox=\"0 0 6 10\"><path stroke=\"currentColor\" stroke-linecap=\"round\" stroke-linejoin=\"round\" stroke-width=\"2\" d=\"m1 9 4-4-4-4\"><\/path><\/svg><span class=\"ms-1 text-sm font-medium text-white md:ms-2\">Projekt-Durchf\u00fchrbarkeit<\/span><\/div><\/li><\/ol><\/nav><h1 class=\"text-3xl md:text-4xl text-white\">Projekt-Durchf\u00fchrbarkeit<\/h1><\/div><div class=\"bg-wave absolute left-0 bottom-0 h-52 bg-repeat-x bg-[center_bottom] w-full\"><\/div><\/section>\n\n\n\n<div class=\"wp-block-columns is-layout-flex wp-container-core-columns-is-layout-9d6595d7 wp-block-columns-is-layout-flex\">\n<div class=\"wp-block-column is-layout-flow wp-block-column-is-layout-flow\">\n<p class=\"has-text-align-center\">Unser Standort in Jura, Schweiz, ist f\u00fcr die Abwicklung komplexer Projekte ausgestattet und bietet ein komplettes Spektrum an Entwicklungsdienstleistungen vom Konzept bis zur Kommerzialisierung. Dar\u00fcber hinaus bieten wir auch eine pers\u00f6nliche und konstante Unterst\u00fctzung w\u00e4hrend des gesamten Projektlebenszyklus<\/p>\n\n\n\n<div class=\"wp-block-buttons is-content-justification-center is-layout-flex wp-container-core-buttons-is-layout-16018d1d wp-block-buttons-is-layout-flex\">\n<div class=\"wp-block-button\"><a class=\"wp-block-button__link has-primary-background-color has-background wp-element-button\" href=\"https:\/\/adragos-pharma.com\/de\/kontaktiere-uns\/\">Entdecken Sie wie<\/a><\/div>\n<\/div>\n<\/div>\n<\/div>\n\n\n\n<div style=\"height:52px\" aria-hidden=\"true\" class=\"wp-block-spacer\"><\/div>\n\n\n\n<div class=\"wp-block-columns is-layout-flex wp-container-core-columns-is-layout-9d6595d7 wp-block-columns-is-layout-flex\">\n<div class=\"wp-block-column is-layout-flow wp-block-column-is-layout-flow\"><div class=\"wp-block-image\">\n<figure class=\"aligncenter size-large\"><img decoding=\"async\" width=\"1024\" height=\"674\" src=\"https:\/\/adragos-pharma.com\/wp-content\/uploads\/2024\/11\/Captura-de-pantalla-2024-11-21-104634-1024x674.png\" alt=\"\" class=\"wp-image-14457\" srcset=\"https:\/\/adragos-pharma.com\/wp-content\/uploads\/2024\/11\/Captura-de-pantalla-2024-11-21-104634-1024x674.png 1024w, https:\/\/adragos-pharma.com\/wp-content\/uploads\/2024\/11\/Captura-de-pantalla-2024-11-21-104634-300x198.png 300w, https:\/\/adragos-pharma.com\/wp-content\/uploads\/2024\/11\/Captura-de-pantalla-2024-11-21-104634-768x506.png 768w, https:\/\/adragos-pharma.com\/wp-content\/uploads\/2024\/11\/Captura-de-pantalla-2024-11-21-104634.png 1309w\" sizes=\"(max-width: 1024px) 100vw, 1024px\" \/><\/figure>\n<\/div><\/div>\n<\/div>\n\n\n\n<div style=\"height:52px\" aria-hidden=\"true\" class=\"wp-block-spacer\"><\/div>\n\n\n\n<section class=\"wp-block-adragos-blocks-box max-w-screen-xl mx-auto px-8 py-8\"><div class=\"grid grid-cols-1 lg:grid-cols-2 gap-x-8 gap-y-16\"><div class=\"top-image text-center relative box bg-light rounded-xl p-8\"><div class=\"\"><img decoding=\"async\" class=\"box-image mb-0\" src=\"https:\/\/adragos-pharma.com\/wp-content\/uploads\/2024\/08\/Regulatory-Services.png\" alt=\"\"\/><h3 class=\"box-title\">Durchf\u00fchrbarkeitsbewertung und Unterst\u00fctzung<\/h3><\/div><p class=\"my-6 box-subtitle\">Es wird eine \u00dcberpr\u00fcfung auf h\u00f6chster Ebene durchgef\u00fchrt, um die Projektziele zu bewerten, potenzielle Herausforderungen zu identifizieren und die \u00dcbereinstimmung mit den vorhandenen F\u00e4higkeiten sicherzustellen. Diese grundlegende Bewertung liefert strategische Erkenntnisse, um das Projekt zum Erfolg zu f\u00fchren.<\/p><\/div><div class=\"top-image text-center relative box bg-light rounded-xl p-8\"><div class=\"\"><img decoding=\"async\" class=\"box-image mb-0\" src=\"https:\/\/adragos-pharma.com\/wp-content\/uploads\/2024\/04\/Expertise-green.png\" alt=\"\"\/><h3 class=\"box-title\">Technische Durchf\u00fchrbarkeit<\/h3><\/div><p class=\"my-6 box-subtitle\">In dieser Phase werden die wissenschaftlichen und technischen Anforderungen untersucht, wobei der Schwerpunkt auf der Formulierung, der Skalierbarkeit und der Verf\u00fcgbarkeit von Rohstoffen liegt. Durch die Ber\u00fccksichtigung dieser Faktoren wird das Projekt f\u00fcr einen reibungslosen \u00dcbergang vom Konzept zur klinischen Herstellung optimiert.<\/p><\/div><div class=\"top-image text-center relative box bg-light rounded-xl p-8\"><div class=\"\"><img decoding=\"async\" class=\"box-image mb-0\" src=\"https:\/\/adragos-pharma.com\/wp-content\/uploads\/2024\/03\/EU-GMP-and-FDA.png\" alt=\"\"\/><h3 class=\"box-title\">Regulatorische Durchf\u00fchrbarkeit<\/h3><\/div><p class=\"my-6 box-subtitle\">Mit einem globalen regulatorischen Fokus werden alle Projekte auf die wichtigsten Compliance-Rahmenwerke abgestimmt, einschlie\u00dflich EU-GMP, FDA und Swissmedic-Standards. Diese gr\u00fcndliche \u00dcberpr\u00fcfung von Good Manufacturing Practices (cGMP), Qualit\u00e4tsstandards und Einreichungsstrategien erleichtert reibungslose, rechtzeitige Genehmigungen in verschiedenen regulatorischen Umgebungen.<\/p><\/div><div class=\"top-image text-center relative box bg-light rounded-xl p-8\"><div class=\"\"><img decoding=\"async\" class=\"box-image mb-0\" src=\"https:\/\/adragos-pharma.com\/wp-content\/uploads\/2024\/03\/High-quality-standards-Pink.png\" alt=\"\"\/><h3 class=\"box-title\">Finanzielle und zeitliche Durchf\u00fchrbarkeit<\/h3><\/div><p class=\"my-6 box-subtitle\">Eine umfassende Budget- und Zeitplanung sorgt f\u00fcr transparente Kosten und realistische Zeitpl\u00e4ne, wodurch Risiken minimiert werden und das Projekt aus finanzieller und betrieblicher Sicht realisierbar bleibt.<\/p><\/div><\/div><\/section>\n\n\n\n<div style=\"height:52px\" aria-hidden=\"true\" class=\"wp-block-spacer\"><\/div>\n\n\n\n<div class=\"wp-block-columns tw-rounded-xl is-layout-flex wp-container-core-columns-is-layout-abbe5815 wp-block-columns-is-layout-flex\" style=\"padding-top:0;padding-right:0;padding-bottom:0;padding-left:0\">\n<div class=\"wp-block-column tw-rounded-xl has-light-background-color has-background is-layout-flow wp-block-column-is-layout-flow\" style=\"padding-top:var(--wp--preset--spacing--70);padding-right:var(--wp--preset--spacing--70);padding-bottom:var(--wp--preset--spacing--70);padding-left:var(--wp--preset--spacing--70)\">\n<h2 class=\"wp-block-heading has-text-align-center\">Wir bieten Projektdurchf\u00fchrbarkeitsdienstleistungen in<br>Jura, Schweiz<\/h2>\n\n\n\n<figure class=\"wp-block-image size-full\"><img decoding=\"async\" src=\"https:\/\/adragos-pharma.com\/wp-content\/uploads\/2024\/11\/Captura-de-pantalla-2024-11-21-104418.png\" alt=\"\" class=\"wp-image-14417\"\/><\/figure>\n\n\n\n<p class=\"has-text-align-center\" style=\"padding-top:0;padding-bottom:0\">Mit einer Fl\u00e4che von mehr als 6.000 m\u00b2 und mehr als 25 Jahren Erfahrung bietet Adragos Jura eine ma\u00dfgeschneiderte klinische Produktion zur Unterst\u00fctzung Ihrer therapeutischen Studien.<\/p>\n\n\n\n<div class=\"wp-block-buttons is-content-justification-center is-layout-flex wp-container-core-buttons-is-layout-16018d1d wp-block-buttons-is-layout-flex\">\n<div class=\"wp-block-button\"><a class=\"wp-block-button__link has-secondary-background-color has-background has-text-align-center wp-element-button\" href=\"https:\/\/adragos-pharma.com\/de\/jura-schweiz\/\">Standort anzeigen<\/a><\/div>\n<\/div>\n<\/div>\n<\/div>\n\n\n\n<div style=\"height:64px\" aria-hidden=\"true\" class=\"wp-block-spacer\"><\/div>\n\n\n\n<div class=\"wp-block-group\"><div class=\"wp-block-group__inner-container is-layout-constrained wp-block-group-is-layout-constrained\">\n<div class=\"wp-block-columns max-w-screen-xl w-full is-wide px-0 md:px-8 is-layout-flex wp-container-core-columns-is-layout-9d6595d7 wp-block-columns-is-layout-flex\">\n<div class=\"wp-block-column is-layout-flow wp-block-column-is-layout-flow\">\n<section class=\"wp-block-adragos-blocks-footer-cta max-w-screen-lg bg-light mx-8 md:mx-auto px-8 py-12 text-center mt-3 mb-12 md:mb-16 rounded-xl md:mb-24 mx-auto\"><h2 class=\"\">Nimmt Kontakt zu uns auf!<\/h2><p class=\"subtitle font-light m-auto max-w-screen-sm py-6\">F\u00fcr weitere Informationen zu unserem Unternehmen und unseren Dienstleistungen wende Sie sich direkt an unser Team.<\/p><div class=\"flex flex-col md:flex-row justify-center gap-4\"><a href=\"https:\/\/adragos-pharma.com\/de\/kontakt\/\" class=\"cta-link inline-block adragos-button text-white has-primary-background-color text-center\">Senden Sie eine Nachricht<\/a><a href=\"https:\/\/meetings-eu1.hubspot.com\/lydia-marinou?ref=project-feasibility-de-button\" class=\"cta-link2 inline-block adragos-button text-white has-secondary-background-color text-center\" target=\"_blank\" rel=\"noopener\">Vereinbaren Sie einen Termin<\/a><\/div><\/section>\n<\/div>\n<\/div><style>\n            .wp-block-columns.is-wide {\n\t\t\t\tmax-width: 1280px!important;\n\t\t\t\tmargin-left: auto!important;\n\t\t\t\tmargin-right: auto!important;\n            }\n        <\/style>\n<\/div><\/div>\n","protected":false},"excerpt":{"rendered":"<p>Unser Standort in Jura, Schweiz, ist f\u00fcr die Abwicklung komplexer Projekte ausgestattet und bietet ein komplettes Spektrum an Entwicklungsdienstleistungen vom Konzept bis zur Kommerzialisierung. Dar\u00fcber hinaus bieten wir auch eine pers\u00f6nliche und konstante Unterst\u00fctzung w\u00e4hrend des gesamten Projektlebenszyklus Wir bieten [&hellip;]<\/p>\n","protected":false},"author":6,"featured_media":0,"parent":15013,"menu_order":0,"comment_status":"closed","ping_status":"closed","template":"","meta":{"content-type":"","inline_featured_image":false,"footnotes":""},"class_list":["post-15125","page","type-page","status-publish","hentry"],"_links":{"self":[{"href":"https:\/\/adragos-pharma.com\/de\/wp-json\/wp\/v2\/pages\/15125","targetHints":{"allow":["GET"]}}],"collection":[{"href":"https:\/\/adragos-pharma.com\/de\/wp-json\/wp\/v2\/pages"}],"about":[{"href":"https:\/\/adragos-pharma.com\/de\/wp-json\/wp\/v2\/types\/page"}],"author":[{"embeddable":true,"href":"https:\/\/adragos-pharma.com\/de\/wp-json\/wp\/v2\/users\/6"}],"replies":[{"embeddable":true,"href":"https:\/\/adragos-pharma.com\/de\/wp-json\/wp\/v2\/comments?post=15125"}],"version-history":[{"count":10,"href":"https:\/\/adragos-pharma.com\/de\/wp-json\/wp\/v2\/pages\/15125\/revisions"}],"predecessor-version":[{"id":20843,"href":"https:\/\/adragos-pharma.com\/de\/wp-json\/wp\/v2\/pages\/15125\/revisions\/20843"}],"up":[{"embeddable":true,"href":"https:\/\/adragos-pharma.com\/de\/wp-json\/wp\/v2\/pages\/15013"}],"wp:attachment":[{"href":"https:\/\/adragos-pharma.com\/de\/wp-json\/wp\/v2\/media?parent=15125"}],"curies":[{"name":"wp","href":"https:\/\/api.w.org\/{rel}","templated":true}]}}