{"id":15128,"date":"2024-11-25T12:15:44","date_gmt":"2024-11-25T10:15:44","guid":{"rendered":"https:\/\/adragos-pharma.com\/?page_id=15128"},"modified":"2026-03-23T17:06:46","modified_gmt":"2026-03-23T15:06:46","slug":"praklinisches-material","status":"publish","type":"page","link":"https:\/\/adragos-pharma.com\/de\/klinische-fertigung\/praklinisches-material\/","title":{"rendered":"Pr\u00e4klinisches Material"},"content":{"rendered":"\n<section class=\"wp-block-adragos-blocks-header relative has-primary-background-color bg-pattern bg-cover max-w-full bg-bottom px-3 pt-10 pb-44 md:pt-16 md:pb-44 has-secondary-background-color has-background\"><div class=\"relative z-30 max-w-screen-xl px-6 m-auto\"><nav class=\"flex mb-4\" aria-label=\"Breadcrumb\"><ol class=\"inline-flex items-center space-x-1 md:space-x-2 rtl:space-x-reverse\"><li class=\"inline-flex items-center\"><a href=\"https:\/\/adragos-pharma.com\/de\/\" class=\"inline-flex items-center text-sm font-medium text-white hover:text-primary\"><svg class=\"w-3 h-3 me-2.5\" aria-hidden=\"true\" xmlns=\"http:\/\/www.w3.org\/2000\/svg\" fill=\"currentColor\" viewBox=\"0 0 20 20\"><path d=\"m19.707 9.293-2-2-7-7a1 1 0 0 0-1.414 0l-7 7-2 2a1 1 0 0 0 1.414 1.414L2 10.414V18a2 2 0 0 0 2 2h3a1 1 0 0 0 1-1v-4a1 1 0 0 1 1-1h2a1 1 0 0 1 1 1v4a1 1 0 0 0 1 1h3a2 2 0 0 0 2-2v-7.586l.293.293a1 1 0 0 0 1.414-1.414Z\"><\/path><\/svg>Home<\/a><\/li><li><div class=\"flex items-center\"><svg class=\"rtl:rotate-180 w-3 h-3 text-white mx-1\" aria-hidden=\"true\" xmlns=\"http:\/\/www.w3.org\/2000\/svg\" fill=\"none\" viewBox=\"0 0 6 10\"><path stroke=\"currentColor\" stroke-linecap=\"round\" stroke-linejoin=\"round\" stroke-width=\"2\" d=\"m1 9 4-4-4-4\"><\/path><\/svg><a href=\"https:\/\/adragos-pharma.com\/de\/klinische-fertigung\/\" class=\"ms-1 text-sm font-medium text-white hover:text-primary md:ms-2\">Klinische Fertigung<\/a><\/div><\/li><li class=\"hidden md:inline-block\" aria-current=\"page\"><div class=\"flex items-center\"><svg class=\"rtl:rotate-180 w-3 h-3 text-white mx-1\" aria-hidden=\"true\" xmlns=\"http:\/\/www.w3.org\/2000\/svg\" fill=\"none\" viewBox=\"0 0 6 10\"><path stroke=\"currentColor\" stroke-linecap=\"round\" stroke-linejoin=\"round\" stroke-width=\"2\" d=\"m1 9 4-4-4-4\"><\/path><\/svg><span class=\"ms-1 text-sm font-medium text-white md:ms-2\">Pr\u00e4klinisches Material<\/span><\/div><\/li><\/ol><\/nav><h1 class=\"text-3xl md:text-4xl text-white\">Pr\u00e4klinisches Material<\/h1><\/div><div class=\"bg-wave absolute left-0 bottom-0 h-52 bg-repeat-x bg-[center_bottom] w-full\"><\/div><\/section>\n\n\n\n<div class=\"wp-block-columns max-w-screen-xl w-full is-wide px-0 md:px-8 is-layout-flex wp-container-core-columns-is-layout-9d6595d7 wp-block-columns-is-layout-flex\">\n<div class=\"wp-block-column is-layout-flow wp-block-column-is-layout-flow\">\n<p class=\"has-text-align-center\">Wir setzen uns f\u00fcr Pr\u00e4zision bei jedem Schritt ein und erkennen die <strong>Vorbereitung von pr\u00e4klinischem Material<\/strong> als wesentliche Grundlage f\u00fcr die Entwicklung von Behandlungen an, die das Potenzial haben, <strong>Patienten in der Zukunft zu helfen<\/strong>. Unsere Dienstleistungen decken das gesamte Spektrum des pr\u00e4klinischen Bedarfs ab, <strong>von Material f\u00fcr Toxizit\u00e4tsstudien und Stabilit\u00e4tsproben bis hin zur Pilotchargenproduktion.<\/strong> <\/p>\n<\/div>\n<\/div><style>\n            .wp-block-columns.is-wide {\n\t\t\t\tmax-width: 1280px!important;\n\t\t\t\tmargin-left: auto!important;\n\t\t\t\tmargin-right: auto!important;\n            }\n        <\/style>\n\n\n\n<div class=\"wp-block-columns is-layout-flex wp-container-core-columns-is-layout-9d6595d7 wp-block-columns-is-layout-flex\">\n<div class=\"wp-block-column is-layout-flow wp-block-column-is-layout-flow\" style=\"flex-basis:100%\"><div class=\"wp-block-image\">\n<figure class=\"aligncenter size-full is-resized\"><img decoding=\"async\" width=\"1303\" height=\"867\" src=\"https:\/\/adragos-pharma.com\/wp-content\/uploads\/2024\/11\/Captura-de-pantalla-2024-11-21-104519.png\" alt=\"\" class=\"wp-image-14487\" style=\"object-fit:cover;width:800px;height:600px\" srcset=\"https:\/\/adragos-pharma.com\/wp-content\/uploads\/2024\/11\/Captura-de-pantalla-2024-11-21-104519.png 1303w, https:\/\/adragos-pharma.com\/wp-content\/uploads\/2024\/11\/Captura-de-pantalla-2024-11-21-104519-300x200.png 300w, https:\/\/adragos-pharma.com\/wp-content\/uploads\/2024\/11\/Captura-de-pantalla-2024-11-21-104519-1024x681.png 1024w, https:\/\/adragos-pharma.com\/wp-content\/uploads\/2024\/11\/Captura-de-pantalla-2024-11-21-104519-768x511.png 768w\" sizes=\"(max-width: 1303px) 100vw, 1303px\" \/><\/figure>\n<\/div><\/div>\n<\/div>\n\n\n\n<div style=\"height:62px\" aria-hidden=\"true\" class=\"wp-block-spacer\"><\/div>\n\n\n\n<section class=\"wp-block-adragos-blocks-box max-w-screen-xl mx-auto px-8 py-8\"><div class=\"grid grid-cols-1 lg:grid-cols-3 gap-x-8 gap-y-16\"><div class=\"top-image text-center relative box bg-light rounded-xl p-8\"><div class=\"\"><img decoding=\"async\" class=\"box-image mb-0\" src=\"https:\/\/adragos-pharma.com\/wp-content\/uploads\/2024\/03\/Analytical-Services.png\" alt=\"\"\/><h3 class=\"box-title\">Material f\u00fcr Toxizit\u00e4tsstudien<\/h3><\/div><p class=\"my-6 box-subtitle\">Die Sicherheit aller neuen Therapeutika beginnt mit strengen <strong>toxikologischen Bewertungen<\/strong>. Wir liefern sorgf\u00e4ltig aufbereitete Materialien, die speziell f\u00fcr Toxizit\u00e4tsstudien entwickelt wurden und die <strong>Einhaltung<\/strong> regulatorischer Standards gew\u00e4hrleisten. Unsere Materialien f\u00fcr Toxizit\u00e4tsstudien helfen dabei, potenzielle Risiken zu identifizieren und <strong>sichere Dosierungen<\/strong> festzulegen, was den Grundstein f\u00fcr die klinische Zulassung legt.  <\/p><\/div><div class=\"top-image text-center relative box bg-light rounded-xl p-8\"><div class=\"\"><img decoding=\"async\" class=\"box-image mb-0\" src=\"https:\/\/adragos-pharma.com\/wp-content\/uploads\/2024\/03\/High-quality-standards.png\" alt=\"\"\/><h3 class=\"box-title\">Herstellung von Stabilit\u00e4tsproben<\/h3><\/div><p class=\"my-6 box-subtitle\"><strong>Stabilit\u00e4tspr\u00fcfungen<\/strong> sind entscheidend, um festzustellen, wie sich die Eigenschaften eines therapeutischen Produkts im Laufe der Zeit unter dem Einfluss verschiedener <strong>Umweltfaktoren<\/strong> ver\u00e4ndern. Wir fertigen Stabilit\u00e4tsproben an, die umfassenden Tests unterzogen werden, um sicherzustellen, dass sie die strengen <strong>Qualit\u00e4tsstandards<\/strong> erf\u00fcllen, die f\u00fcr die weitere klinische Entwicklung erforderlich sind. Dieser Schritt ist unerl\u00e4sslich f\u00fcr die \u00dcberpr\u00fcfung der <strong>Haltbarkeit<\/strong> und der <strong>Lagerbedingungen<\/strong> des Produkts.  <\/p><\/div><div class=\"top-image text-center relative box bg-light rounded-xl p-8\"><div class=\"\"><img decoding=\"async\" class=\"box-image mb-0\" src=\"https:\/\/adragos-pharma.com\/wp-content\/uploads\/2024\/03\/Collaborative-Excellence-in-Manufacturing.png\" alt=\"\"\/><h3 class=\"box-title\">Pilotcharge<\/h3><\/div><p class=\"my-6 box-subtitle\">Unsere Pilotchargenproduktion ist darauf ausgerichtet, die Skalierung von der Laborforschung zur <strong>kommerziellen Herstellung<\/strong> zu vollziehen. Diese Phase erm\u00f6glicht die <strong>Optimierung<\/strong> des Produktionsprozesses und die Implementierung von <strong>Qualit\u00e4tskontrollma\u00dfnahmen<\/strong>. Durch die enge Simulation realer Herstellungsbedingungen k\u00f6nnen wir den Prozess verfeinern, um die <strong>Effizienz<\/strong> und <strong>Produktintegrit\u00e4t<\/strong> zu maximieren.  <\/p><\/div><\/div><\/section>\n\n\n\n<div style=\"height:62px\" aria-hidden=\"true\" class=\"wp-block-spacer\"><\/div>\n\n\n\n<div class=\"wp-block-columns max-w-screen-xl w-full is-wide px-0 md:px-8 is-layout-flex wp-container-core-columns-is-layout-9d6595d7 wp-block-columns-is-layout-flex\">\n<div class=\"wp-block-column is-layout-flow wp-block-column-is-layout-flow\">\n<div class=\"wp-block-cover\"><img decoding=\"async\" width=\"1004\" height=\"665\" class=\"wp-block-cover__image-background wp-image-16998\" alt=\"Photo of Adragos facility in Jura, Switzerland\" src=\"https:\/\/adragos-pharma.com\/wp-content\/uploads\/2025\/04\/facility-jura-no-logo-2-2.png\" style=\"object-position:97% 52%\" data-object-fit=\"cover\" data-object-position=\"97% 52%\" srcset=\"https:\/\/adragos-pharma.com\/wp-content\/uploads\/2025\/04\/facility-jura-no-logo-2-2.png 1004w, https:\/\/adragos-pharma.com\/wp-content\/uploads\/2025\/04\/facility-jura-no-logo-2-2-300x199.png 300w, https:\/\/adragos-pharma.com\/wp-content\/uploads\/2025\/04\/facility-jura-no-logo-2-2-768x509.png 768w\" sizes=\"(max-width: 1004px) 100vw, 1004px\" \/><span aria-hidden=\"true\" class=\"wp-block-cover__background has-background-dim\" style=\"background-color:#6d7282\"><\/span><div class=\"wp-block-cover__inner-container is-layout-constrained wp-block-cover-is-layout-constrained\">\n<div class=\"wp-block-columns is-layout-flex wp-container-core-columns-is-layout-9d6595d7 wp-block-columns-is-layout-flex\">\n<div class=\"wp-block-column is-layout-flow wp-block-column-is-layout-flow\"><\/div>\n\n\n\n<div class=\"wp-block-column has-background is-layout-flow wp-block-column-is-layout-flow\" style=\"background-color:#ced4f994;padding-top:30px;padding-right:30px;padding-bottom:30px;padding-left:30px\">\n<h2 class=\"wp-block-heading has-black-color has-text-color has-link-color wp-elements-f7522c496268fa9ede28198c0da7e981\">Wir bieten Dienstleistungen f\u00fcr pr\u00e4klinisches Material in Jura, Schweiz, an<\/h2>\n\n\n\n<p class=\"has-black-color has-text-color has-link-color wp-elements-1b8010a25393f5d566eca4095db8013b\">Mit mehr als 6.000 m\u00b2 an Anlagen und \u00fcber 25 Jahren Erfahrung bietet Adragos Jura ma\u00dfgeschneiderte klinische Fertigung zur Unterst\u00fctzung Ihrer therapeutischen Studien an.<\/p>\n\n\n\n<div class=\"wp-block-buttons is-layout-flex wp-block-buttons-is-layout-flex\">\n<div class=\"wp-block-button\"><a class=\"wp-block-button__link has-dark-blue-background-color has-background wp-element-button\" href=\"https:\/\/adragos-pharma.com\/de\/jura-schweiz\/\">Standort ansehen<\/a><\/div>\n<\/div>\n<\/div>\n<\/div>\n<\/div><\/div>\n<\/div>\n<\/div><style>\n            .wp-block-columns.is-wide {\n\t\t\t\tmax-width: 1280px!important;\n\t\t\t\tmargin-left: auto!important;\n\t\t\t\tmargin-right: auto!important;\n            }\n        <\/style>\n\n\n\n<div style=\"height:64px\" aria-hidden=\"true\" class=\"wp-block-spacer\"><\/div>\n\n\n\n<div class=\"wp-block-group\"><div class=\"wp-block-group__inner-container is-layout-constrained wp-block-group-is-layout-constrained\">\n<div class=\"wp-block-columns max-w-screen-xl w-full is-wide px-0 md:px-8 is-layout-flex wp-container-core-columns-is-layout-9d6595d7 wp-block-columns-is-layout-flex\">\n<div class=\"wp-block-column is-layout-flow wp-block-column-is-layout-flow\">\n<section class=\"wp-block-adragos-blocks-footer-cta max-w-screen-lg bg-light mx-8 md:mx-auto px-8 py-12 text-center mt-3 mb-12 md:mb-16 rounded-xl md:mb-24\"><h2 class=\"\">Kontaktieren Sie uns<\/h2><p class=\"subtitle font-light m-auto max-w-screen-sm py-6\">F\u00fcr weitere Informationen \u00fcber unser Unternehmen und unsere Dienstleistungen k\u00f6nnen Sie sich gerne an unser Team wenden.<\/p><div class=\"flex flex-col md:flex-row justify-center gap-4\"><a href=\"https:\/\/adragos-pharma.com\/de\/kontaktiere-uns\/?utm_campaign=MK_website_contactUs&#038;utm_source=website_analyticalservices\" class=\"cta-link inline-block adragos-button text-white has-primary-background-color text-center\">Nachricht senden<\/a><a href=\"https:\/\/meetings-eu1.hubspot.com\/lydia-marinou?ref=preclinical-material-button\" class=\"cta-link2 inline-block adragos-button text-white has-secondary-background-color text-center\" target=\"_blank\" rel=\"noopener\">Termin vereinbaren<\/a><\/div><\/section>\n<\/div>\n<\/div><style>\n            .wp-block-columns.is-wide {\n\t\t\t\tmax-width: 1280px!important;\n\t\t\t\tmargin-left: auto!important;\n\t\t\t\tmargin-right: auto!important;\n            }\n        <\/style>\n<\/div><\/div>\n","protected":false},"excerpt":{"rendered":"<p>Wir setzen uns f\u00fcr Pr\u00e4zision bei jedem Schritt ein und erkennen die Vorbereitung von pr\u00e4klinischem Material als wesentliche Grundlage f\u00fcr die Entwicklung von Behandlungen an, die das Potenzial haben, Patienten in der Zukunft zu helfen. Unsere Dienstleistungen decken das gesamte [&hellip;]<\/p>\n","protected":false},"author":8,"featured_media":0,"parent":15013,"menu_order":0,"comment_status":"closed","ping_status":"closed","template":"","meta":{"content-type":"","inline_featured_image":false,"footnotes":""},"class_list":["post-15128","page","type-page","status-publish","hentry"],"_links":{"self":[{"href":"https:\/\/adragos-pharma.com\/de\/wp-json\/wp\/v2\/pages\/15128","targetHints":{"allow":["GET"]}}],"collection":[{"href":"https:\/\/adragos-pharma.com\/de\/wp-json\/wp\/v2\/pages"}],"about":[{"href":"https:\/\/adragos-pharma.com\/de\/wp-json\/wp\/v2\/types\/page"}],"author":[{"embeddable":true,"href":"https:\/\/adragos-pharma.com\/de\/wp-json\/wp\/v2\/users\/8"}],"replies":[{"embeddable":true,"href":"https:\/\/adragos-pharma.com\/de\/wp-json\/wp\/v2\/comments?post=15128"}],"version-history":[{"count":11,"href":"https:\/\/adragos-pharma.com\/de\/wp-json\/wp\/v2\/pages\/15128\/revisions"}],"predecessor-version":[{"id":24129,"href":"https:\/\/adragos-pharma.com\/de\/wp-json\/wp\/v2\/pages\/15128\/revisions\/24129"}],"up":[{"embeddable":true,"href":"https:\/\/adragos-pharma.com\/de\/wp-json\/wp\/v2\/pages\/15013"}],"wp:attachment":[{"href":"https:\/\/adragos-pharma.com\/de\/wp-json\/wp\/v2\/media?parent=15128"}],"curies":[{"name":"wp","href":"https:\/\/api.w.org\/{rel}","templated":true}]}}