{"id":18331,"date":"2025-03-13T17:34:20","date_gmt":"2025-03-13T15:34:20","guid":{"rendered":"https:\/\/adragos-pharma.com\/klinische-fertigung\/biologics\/"},"modified":"2025-07-17T11:03:16","modified_gmt":"2025-07-17T09:03:16","slug":"biologika","status":"publish","type":"page","link":"https:\/\/adragos-pharma.com\/de\/klinische-fertigung\/biologika\/","title":{"rendered":"Biologika"},"content":{"rendered":"\n<section class=\"wp-block-adragos-blocks-header relative has-primary-background-color bg-pattern bg-cover max-w-full bg-bottom px-3 pt-10 pb-44 md:pt-16 md:pb-44 has-dark-blue-background-color has-background\"><div class=\"relative z-30 max-w-screen-xl px-6 m-auto\"><nav class=\"flex mb-4\" aria-label=\"Breadcrumb\"><ol class=\"inline-flex items-center space-x-1 md:space-x-2 rtl:space-x-reverse\"><li class=\"inline-flex items-center\"><a href=\"https:\/\/adragos-pharma.com\/de\/\" class=\"inline-flex items-center text-sm font-medium text-white hover:text-primary\"><svg class=\"w-3 h-3 me-2.5\" aria-hidden=\"true\" xmlns=\"http:\/\/www.w3.org\/2000\/svg\" fill=\"currentColor\" viewBox=\"0 0 20 20\"><path d=\"m19.707 9.293-2-2-7-7a1 1 0 0 0-1.414 0l-7 7-2 2a1 1 0 0 0 1.414 1.414L2 10.414V18a2 2 0 0 0 2 2h3a1 1 0 0 0 1-1v-4a1 1 0 0 1 1-1h2a1 1 0 0 1 1 1v4a1 1 0 0 0 1 1h3a2 2 0 0 0 2-2v-7.586l.293.293a1 1 0 0 0 1.414-1.414Z\"><\/path><\/svg>Home<\/a><\/li><li><div class=\"flex items-center\"><svg class=\"rtl:rotate-180 w-3 h-3 text-white mx-1\" aria-hidden=\"true\" xmlns=\"http:\/\/www.w3.org\/2000\/svg\" fill=\"none\" viewBox=\"0 0 6 10\"><path stroke=\"currentColor\" stroke-linecap=\"round\" stroke-linejoin=\"round\" stroke-width=\"2\" d=\"m1 9 4-4-4-4\"><\/path><\/svg><a href=\"https:\/\/adragos-pharma.com\/de\/klinische-fertigung\/\" class=\"ms-1 text-sm font-medium text-white hover:text-primary md:ms-2\">Klinische Fertigung<\/a><\/div><\/li><li class=\"hidden md:inline-block\" aria-current=\"page\"><div class=\"flex items-center\"><svg class=\"rtl:rotate-180 w-3 h-3 text-white mx-1\" aria-hidden=\"true\" xmlns=\"http:\/\/www.w3.org\/2000\/svg\" fill=\"none\" viewBox=\"0 0 6 10\"><path stroke=\"currentColor\" stroke-linecap=\"round\" stroke-linejoin=\"round\" stroke-width=\"2\" d=\"m1 9 4-4-4-4\"><\/path><\/svg><span class=\"ms-1 text-sm font-medium text-white md:ms-2\">Biologika<\/span><\/div><\/li><\/ol><\/nav><h1 class=\"text-3xl md:text-4xl text-white\">Biologika<\/h1><\/div><div class=\"bg-wave absolute left-0 bottom-0 h-52 bg-repeat-x bg-[center_bottom] w-full\"><\/div><\/section>\n\n\n\n<div class=\"wp-block-columns max-w-screen-xl w-full is-wide px-0 md:px-8 is-layout-flex wp-container-core-columns-is-layout-9d6595d7 wp-block-columns-is-layout-flex\">\n<div class=\"wp-block-column is-layout-flow wp-block-column-is-layout-flow\">\n<p class=\"has-text-align-center\">Wir sind spezialisiert auf die aseptische Abf\u00fcllung und Konfektionierung von biologischen Arzneimitteln und bieten umfassende L\u00f6sungen, die auf die klinische und kommerzielle Herstellung im kleinen Ma\u00dfstab zugeschnitten sind. Unsere Anlage in Jura, Schweiz, die auf \u00fcber 20 Jahren Expertise basiert, gew\u00e4hrleistet eine GMP- und FDA-konforme Produktion mit den h\u00f6chsten Standards an Qualit\u00e4t und Sicherheit.<\/p>\n<\/div>\n<\/div><style>\n            .wp-block-columns.is-wide {\n\t\t\t\tmax-width: 1280px!important;\n\t\t\t\tmargin-left: auto!important;\n\t\t\t\tmargin-right: auto!important;\n            }\n        <\/style>\n\n\n\n<div style=\"height:20px\" aria-hidden=\"true\" class=\"wp-block-spacer\"><\/div>\n\n\n\n<div class=\"wp-block-columns max-w-screen-xl w-full is-wide px-0 md:px-8 is-layout-flex wp-container-core-columns-is-layout-9d6595d7 wp-block-columns-is-layout-flex\">\n<div class=\"wp-block-column is-layout-flow wp-block-column-is-layout-flow\">\n<h2 class=\"wp-block-heading\"><strong>CMC-Unterst\u00fctzung von der Klinik bis zur Vermarktung<\/strong><\/h2>\n\n\n\n<p>Unsere umfassenden CMC-Dienstleistungen decken jede Phase Ihres Biologika-Programms ab:<\/p>\n\n\n\n<ul class=\"wp-block-list\">\n<li><strong>Zusammenarbeit &amp; Transparenz:<\/strong>&nbsp;Arbeiten Sie eng mit unseren Expertenteams zusammen und erhalten Sie direkten Zugriff auf technische Erkenntnisse.<\/li>\n<\/ul>\n\n\n\n<ul class=\"wp-block-list\">\n<li><strong>Regulatory Expertise:<\/strong>&nbsp;Navigieren Sie souver\u00e4n durch globale Beh\u00f6rdenanforderungen.<\/li>\n<\/ul>\n\n\n\n<ul class=\"wp-block-list\">\n<li><strong>Strategische Entscheidungsfindung:<\/strong>&nbsp;Profitieren Sie von wissenschaftlicher Expertise, die eine intelligente, effiziente Projektdurchf\u00fchrung gew\u00e4hrleistet.<\/li>\n<\/ul>\n\n\n\n<ul class=\"wp-block-list\">\n<li><strong>Nachgewiesene Erfolgsbilanz bei reibungslosen Bioprozess-Technologietransfers:<\/strong>&nbsp;Effiziente Integration von Prozessen Dritter und fehlerfreier Transfer von intern entwickelten Prozessen.<\/li>\n<\/ul>\n\n\n\n<p>Wir gew\u00e4hrleisten eine reibungslose und fundierte Reise von der pr\u00e4klinischen Phase \u00fcber die klinische Phase hinaus.<\/p>\n<\/div>\n\n\n\n<div class=\"wp-block-column is-layout-flow wp-block-column-is-layout-flow\"><div class=\"wp-block-image\">\n<figure class=\"aligncenter size-full\"><img decoding=\"async\" width=\"575\" height=\"867\" src=\"https:\/\/adragos-pharma.com\/wp-content\/uploads\/2024\/11\/Captura-de-pantalla-2024-11-21-104622.png\" alt=\"\" class=\"wp-image-14451\" style=\"aspect-ratio:1;object-fit:cover\" srcset=\"https:\/\/adragos-pharma.com\/wp-content\/uploads\/2024\/11\/Captura-de-pantalla-2024-11-21-104622.png 575w, https:\/\/adragos-pharma.com\/wp-content\/uploads\/2024\/11\/Captura-de-pantalla-2024-11-21-104622-199x300.png 199w\" sizes=\"(max-width: 575px) 100vw, 575px\" \/><\/figure>\n<\/div><\/div>\n<\/div><style>\n            .wp-block-columns.is-wide {\n\t\t\t\tmax-width: 1280px!important;\n\t\t\t\tmargin-left: auto!important;\n\t\t\t\tmargin-right: auto!important;\n            }\n        <\/style>\n\n\n\n<div style=\"height:20px\" aria-hidden=\"true\" class=\"wp-block-spacer\"><\/div>\n\n\n\n<h2 class=\"wp-block-heading has-text-align-center\"><strong><strong>Warum Jura f\u00fcr Biologika w\u00e4hlen?<\/strong><\/strong><\/h2>\n\n\n\n<div style=\"height:52px\" aria-hidden=\"true\" class=\"wp-block-spacer\"><\/div>\n\n\n\n<section class=\"wp-block-adragos-blocks-box max-w-screen-xl mx-auto px-8 py-8\"><div class=\"grid grid-cols-1 lg:grid-cols-2 gap-x-8 gap-y-16\"><div class=\"top-image text-center relative box bg-light rounded-xl p-8\"><div class=\"\"><img decoding=\"async\" class=\"box-image mb-0\" src=\"https:\/\/adragos-pharma.com\/wp-content\/uploads\/2024\/08\/Regulatory-Services.png\" alt=\"\"\/><h3 class=\"box-title\">Ma\u00dfgeschneiderte L\u00f6sungen f\u00fcr Ihr Biologika-Programm<\/h3><\/div><p class=\"my-6 box-subtitle\">Unsere wissenschaftlichen Experten entwerfen sorgf\u00e4ltig eine Strategie, die auf Ihre Bed\u00fcrfnisse abgestimmt ist:<br><strong>\u2714 Technische Anforderungen<br>\u2714 Projektbeschr\u00e4nkungen<br>\u2714 Zeitpl\u00e4ne<\/strong><\/p><\/div><div class=\"top-image text-center relative box bg-light rounded-xl p-8\"><div class=\"\"><img decoding=\"async\" class=\"box-image mb-0\" src=\"https:\/\/adragos-pharma.com\/wp-content\/uploads\/2024\/03\/Collaborative-Excellence-in-Manufacturing.png\" alt=\"\"\/><h3 class=\"box-title\">Flexible &amp; Skalierbare Fertigung<\/h3><\/div><p class=\"my-6 box-subtitle\">\u2714 Keine Mindestchargengr\u00f6\u00dfe \u2013 ma\u00dfgeschneiderte Produktion f\u00fcr Ihre spezifischen Bed\u00fcrfnisse<br>\u2714 Unterst\u00fctzung bei der Skalierung und dem Technologietransfer<br>\u2714 GMP-konforme Prozessausrichtung von Phase I bis III<br>\u2714 Lagerung bei kontrollierter Temperatur f\u00fcr die Integrit\u00e4t von Biologika<\/p><\/div><div class=\"top-image text-center relative box bg-light rounded-xl p-8\"><div class=\"\"><img decoding=\"async\" class=\"box-image mb-0\" src=\"https:\/\/adragos-pharma.com\/wp-content\/uploads\/2024\/03\/EU-GMP-and-FDA.png\" alt=\"\"\/><h3 class=\"box-title\">Regulatory Support<\/h3><\/div><p class=\"my-6 box-subtitle\"><strong>\u2714 Volle GMP- und FDA-Compliance mit fachkundiger Beratung<br>\u2714 Aseptische Prozesssimulation (APS) zur Gew\u00e4hrleistung der Sterilit\u00e4t.<br><\/strong> Wir stellen sicher, dass alle Dokumentationen den h\u00f6chsten regulatorischen Standards entsprechen, und erleichtern so nahtlose Genehmigungen und beschleunigen Ihren Weg zum Markt.<\/p><\/div><div class=\"top-image text-center relative box bg-light rounded-xl p-8\"><div class=\"\"><img decoding=\"async\" class=\"box-image mb-0\" src=\"https:\/\/adragos-pharma.com\/wp-content\/uploads\/2024\/03\/High-quality-standards.png\" alt=\"\"\/><h3 class=\"box-title\">Exzellenz in Analytik &amp; Qualit\u00e4tskontrolle<\/h3><\/div><p class=\"my-6 box-subtitle\">Wir bieten umfassende Qualit\u00e4tskontroll- und Analysedienstleistungen an, um die Sicherheit und Wirksamkeit biologischer Produkte zu gew\u00e4hrleisten:<br><strong>\u2714 HPLC, UPLC und UV-Vis-Spektrophotometrie zur Reinheitspr\u00fcfung<br>\u2714 Endotoxin- und Sterilit\u00e4tstests unter Isolatoren<br>\u2714 Langzeitstabilit\u00e4tsstudien unter ICH-Bedingungen<\/strong><\/p><\/div><div class=\"top-image text-center relative box bg-light rounded-xl p-8\"><div class=\"\"><img decoding=\"async\" class=\"box-image mb-0\" src=\"https:\/\/adragos-pharma.com\/wp-content\/uploads\/2024\/05\/Supply-Chain.png\" alt=\"\"\/><h3 class=\"box-title\">Biologika-Fertigungsl\u00f6sungen<\/h3><\/div><p class=\"my-6 box-subtitle\">Von der klinischen Chargenproduktion bis zur kommerziellen Herstellung unterst\u00fctzen wir den gesamten Lebenszyklus von Biologika mit:<br><strong>\u2714 Aseptische Abf\u00fcllung von Fl\u00fcssigkeiten und <a>Lyophilisaten<\/a><br>\u2714 Komplexe Formulierungen &amp; Peptidhantierung<br>\u2714 Sterile Suspensionen in kleinen Volumina <br>\u2714 Prim\u00e4r- und Sekund\u00e4rverpackung<\/strong><br><br><a id=\"_msocom_1\"><\/a> &nbsp;<\/p><\/div><div class=\"top-image text-center relative box bg-light rounded-xl p-8\"><div class=\"\"><img decoding=\"async\" class=\"box-image mb-0\" src=\"https:\/\/adragos-pharma.com\/wp-content\/uploads\/2024\/03\/Formulation-and-Process-Development.png\" alt=\"\"\/><h3 class=\"box-title\">Expertise in Aseptischer Abf\u00fcllung &amp; Konfektionierung<\/h3><\/div><p class=\"my-6 box-subtitle\">Wir bieten spezialisierte Fertigung f\u00fcr lyophilisierte und fl\u00fcssige sterile Biologika in Glasvials mit einem starken Fokus auf Kleinserienproduktion f\u00fcr klinische und kommerzielle Bed\u00fcrfnisse. Unsere aseptischen Prozesse gew\u00e4hrleisten Sterilit\u00e4t, Sicherheit und Wirksamkeit in jeder Phase.<\/p><\/div><\/div><\/section>\n\n\n\n<div class=\"wp-block-group has-background is-nowrap is-layout-flex wp-container-core-group-is-layout-ad2f72ca wp-block-group-is-layout-flex\" style=\"background-color:#fe86d2\">\n<div class=\"wp-block-columns max-w-screen-xl w-full is-wide px-0 md:px-8 is-layout-flex wp-container-core-columns-is-layout-9d6595d7 wp-block-columns-is-layout-flex\">\n<div class=\"wp-block-column is-layout-flow wp-block-column-is-layout-flow\">\n<p><\/p>\n\n\n\n<h2 class=\"wp-block-heading has-text-align-center\"><strong><strong>Laden Sie jetzt unsere Brosch\u00fcre herunter!<\/strong><\/strong><\/h2>\n\n\n\n<p class=\"has-text-align-center has-black-color has-text-color has-link-color wp-elements-b5986502e47791ca9723c9c15332867c\">Entdecken Sie unsere Biologika-Dienstleistungen in unserer Einrichtung im Jura, Schweiz.<\/p>\n\n\n\n<div class=\"wp-block-buttons is-content-justification-center is-layout-flex wp-container-core-buttons-is-layout-16018d1d wp-block-buttons-is-layout-flex\">\n<div class=\"wp-block-button\"><a class=\"wp-block-button__link has-black-background-color has-background has-text-align-center wp-element-button\" href=\"https:\/\/share-eu1.hsforms.com\/1Qi9sPkAHRdWXOoZqhSbjRQfxkpu\" target=\"_blank\" rel=\"noopener\"><strong>Jetzt herunterladen<\/strong><\/a><\/div>\n<\/div>\n\n\n\n<p><\/p>\n<\/div>\n<\/div><style>\n            .wp-block-columns.is-wide {\n\t\t\t\tmax-width: 1280px!important;\n\t\t\t\tmargin-left: auto!important;\n\t\t\t\tmargin-right: auto!important;\n            }\n        <\/style>\n<\/div>\n\n\n\n<div style=\"height:52px\" aria-hidden=\"true\" class=\"wp-block-spacer\"><\/div>\n\n\n\n<div class=\"wp-block-columns max-w-screen-xl w-full is-wide px-0 md:px-8 is-layout-flex wp-container-core-columns-is-layout-9d6595d7 wp-block-columns-is-layout-flex\">\n<div class=\"wp-block-column is-layout-flow wp-block-column-is-layout-flow\">\n<div class=\"wp-block-cover\"><img decoding=\"async\" width=\"1004\" height=\"665\" class=\"wp-block-cover__image-background wp-image-16998\" alt=\"\" src=\"https:\/\/adragos-pharma.com\/wp-content\/uploads\/2025\/04\/facility-jura-no-logo-2-2.png\" data-object-fit=\"cover\" srcset=\"https:\/\/adragos-pharma.com\/wp-content\/uploads\/2025\/04\/facility-jura-no-logo-2-2.png 1004w, https:\/\/adragos-pharma.com\/wp-content\/uploads\/2025\/04\/facility-jura-no-logo-2-2-300x199.png 300w, https:\/\/adragos-pharma.com\/wp-content\/uploads\/2025\/04\/facility-jura-no-logo-2-2-768x509.png 768w\" sizes=\"(max-width: 1004px) 100vw, 1004px\" \/><span aria-hidden=\"true\" class=\"wp-block-cover__background has-background-dim\" style=\"background-color:#6d7282\"><\/span><div class=\"wp-block-cover__inner-container is-layout-constrained wp-block-cover-is-layout-constrained\">\n<div class=\"wp-block-columns is-layout-flex wp-container-core-columns-is-layout-9d6595d7 wp-block-columns-is-layout-flex\">\n<div class=\"wp-block-column is-layout-flow wp-block-column-is-layout-flow\"><\/div>\n\n\n\n<div class=\"wp-block-column has-background is-layout-flow wp-block-column-is-layout-flow\" style=\"background-color:#ced4f994;padding-top:30px;padding-right:30px;padding-bottom:30px;padding-left:30px\">\n<h2 class=\"wp-block-heading has-black-color has-text-color has-link-color wp-elements-f1051268a777328bd31bd63396252090\"><strong>Wir bieten Projektablauf-Dienstleistungen in Jura, Schweiz<\/strong><\/h2>\n\n\n\n<p class=\"has-black-color has-text-color has-link-color wp-elements-fed3d805346ea6a1ed54fb77c9e22ca6\">Mit mehr als 6.000 m\u00b2 Anlagenfl\u00e4che und mehr als 25 Jahren Erfahrung bietet Adragos Jura eine kundenspezifische klinische Herstellung zur Unterst\u00fctzung Ihrer therapeutischen Studien.<\/p>\n\n\n\n<div class=\"wp-block-buttons is-layout-flex wp-block-buttons-is-layout-flex\">\n<div class=\"wp-block-button\"><a class=\"wp-block-button__link has-dark-blue-background-color has-background wp-element-button\" href=\"https:\/\/adragos-pharma.com\/de\/jura-schweiz\/\">Standort anzeigen<\/a><\/div>\n<\/div>\n<\/div>\n<\/div>\n<\/div><\/div>\n<\/div>\n<\/div><style>\n            .wp-block-columns.is-wide {\n\t\t\t\tmax-width: 1280px!important;\n\t\t\t\tmargin-left: auto!important;\n\t\t\t\tmargin-right: auto!important;\n            }\n        <\/style>\n\n\n\n<div style=\"height:52px\" aria-hidden=\"true\" class=\"wp-block-spacer\"><\/div>\n\n\n<p>No posts found.<\/p>\n\n\n\n<section class=\"wp-block-adragos-blocks-footer-cta max-w-screen-lg bg-light mx-8 md:mx-auto px-8 py-12 text-center mt-3 mb-12 md:mb-16 rounded-xl md:mb-24\"><h2 class=\"\">Nimmt Kontakt zu uns auf!<\/h2><p class=\"subtitle font-light m-auto max-w-screen-sm py-6\">F\u00fcr weitere Informationen zu unserem Unternehmen und unseren Dienstleistungen wende Sie sich direkt an unser Team.<\/p><div class=\"flex flex-col md:flex-row justify-center gap-4\"><a href=\"https:\/\/adragos-pharma.com\/de\/kontaktiere-uns\/?utm_campaign=MK_website_contactUs&#038;utm_source=website_analyticalservices\" class=\"cta-link inline-block adragos-button text-white has-primary-background-color text-center\">Senden Sie eine Nachricht<\/a><a href=\"https:\/\/meetings-eu1.hubspot.com\/lydia-marinou?ref=biologics-de-button\" class=\"cta-link2 inline-block adragos-button text-white has-secondary-background-color text-center\" target=\"_blank\" rel=\"noopener\">Vereinbaren Sie einen Termin<\/a><\/div><\/section>\n\n\n\n<p><\/p>\n","protected":false},"excerpt":{"rendered":"<p>Wir sind spezialisiert auf die aseptische Abf\u00fcllung und Konfektionierung von biologischen Arzneimitteln und bieten umfassende L\u00f6sungen, die auf die klinische und kommerzielle Herstellung im kleinen Ma\u00dfstab zugeschnitten sind. Unsere Anlage in Jura, Schweiz, die auf \u00fcber 20 Jahren Expertise basiert, [&hellip;]<\/p>\n","protected":false},"author":8,"featured_media":0,"parent":15013,"menu_order":0,"comment_status":"closed","ping_status":"closed","template":"","meta":{"content-type":"","inline_featured_image":false,"footnotes":""},"class_list":["post-18331","page","type-page","status-publish","hentry"],"_links":{"self":[{"href":"https:\/\/adragos-pharma.com\/de\/wp-json\/wp\/v2\/pages\/18331","targetHints":{"allow":["GET"]}}],"collection":[{"href":"https:\/\/adragos-pharma.com\/de\/wp-json\/wp\/v2\/pages"}],"about":[{"href":"https:\/\/adragos-pharma.com\/de\/wp-json\/wp\/v2\/types\/page"}],"author":[{"embeddable":true,"href":"https:\/\/adragos-pharma.com\/de\/wp-json\/wp\/v2\/users\/8"}],"replies":[{"embeddable":true,"href":"https:\/\/adragos-pharma.com\/de\/wp-json\/wp\/v2\/comments?post=18331"}],"version-history":[{"count":14,"href":"https:\/\/adragos-pharma.com\/de\/wp-json\/wp\/v2\/pages\/18331\/revisions"}],"predecessor-version":[{"id":20850,"href":"https:\/\/adragos-pharma.com\/de\/wp-json\/wp\/v2\/pages\/18331\/revisions\/20850"}],"up":[{"embeddable":true,"href":"https:\/\/adragos-pharma.com\/de\/wp-json\/wp\/v2\/pages\/15013"}],"wp:attachment":[{"href":"https:\/\/adragos-pharma.com\/de\/wp-json\/wp\/v2\/media?parent=18331"}],"curies":[{"name":"wp","href":"https:\/\/api.w.org\/{rel}","templated":true}]}}