{"id":24028,"date":"2026-03-23T16:10:24","date_gmt":"2026-03-23T14:10:24","guid":{"rendered":"https:\/\/adragos-pharma.com\/klinische-fertigung\/aseptische-abfuellung\/"},"modified":"2026-03-23T17:03:44","modified_gmt":"2026-03-23T15:03:44","slug":"aseptische-abfuellung","status":"publish","type":"page","link":"https:\/\/adragos-pharma.com\/de\/klinische-fertigung\/aseptische-abfuellung\/","title":{"rendered":"Aseptische Abf\u00fcllung"},"content":{"rendered":"\n<section class=\"wp-block-adragos-blocks-header relative has-primary-background-color bg-pattern bg-cover max-w-full bg-bottom px-3 pt-10 pb-44 md:pt-16 md:pb-44 has-dark-blue-background-color has-background\"><div class=\"relative z-30 max-w-screen-xl px-6 m-auto\"><nav class=\"flex mb-4\" aria-label=\"Breadcrumb\"><ol class=\"inline-flex items-center space-x-1 md:space-x-2 rtl:space-x-reverse\"><li class=\"inline-flex items-center\"><a href=\"https:\/\/adragos-pharma.com\/de\/\" class=\"inline-flex items-center text-sm font-medium text-white hover:text-primary\"><svg class=\"w-3 h-3 me-2.5\" aria-hidden=\"true\" xmlns=\"http:\/\/www.w3.org\/2000\/svg\" fill=\"currentColor\" viewBox=\"0 0 20 20\"><path d=\"m19.707 9.293-2-2-7-7a1 1 0 0 0-1.414 0l-7 7-2 2a1 1 0 0 0 1.414 1.414L2 10.414V18a2 2 0 0 0 2 2h3a1 1 0 0 0 1-1v-4a1 1 0 0 1 1-1h2a1 1 0 0 1 1 1v4a1 1 0 0 0 1 1h3a2 2 0 0 0 2-2v-7.586l.293.293a1 1 0 0 0 1.414-1.414Z\"><\/path><\/svg>Home<\/a><\/li><li><div class=\"flex items-center\"><svg class=\"rtl:rotate-180 w-3 h-3 text-white mx-1\" aria-hidden=\"true\" xmlns=\"http:\/\/www.w3.org\/2000\/svg\" fill=\"none\" viewBox=\"0 0 6 10\"><path stroke=\"currentColor\" stroke-linecap=\"round\" stroke-linejoin=\"round\" stroke-width=\"2\" d=\"m1 9 4-4-4-4\"><\/path><\/svg><a href=\"https:\/\/adragos-pharma.com\/de\/klinische-fertigung\/\" class=\"ms-1 text-sm font-medium text-white hover:text-primary md:ms-2\">Klinische Fertigung<\/a><\/div><\/li><li class=\"hidden md:inline-block\" aria-current=\"page\"><div class=\"flex items-center\"><svg class=\"rtl:rotate-180 w-3 h-3 text-white mx-1\" aria-hidden=\"true\" xmlns=\"http:\/\/www.w3.org\/2000\/svg\" fill=\"none\" viewBox=\"0 0 6 10\"><path stroke=\"currentColor\" stroke-linecap=\"round\" stroke-linejoin=\"round\" stroke-width=\"2\" d=\"m1 9 4-4-4-4\"><\/path><\/svg><span class=\"ms-1 text-sm font-medium text-white md:ms-2\">Aseptische Abf\u00fcllung<\/span><\/div><\/li><\/ol><\/nav><h1 class=\"text-3xl md:text-4xl text-white\">Aseptische Abf\u00fcllung<\/h1><\/div><div class=\"bg-wave absolute left-0 bottom-0 h-52 bg-repeat-x bg-[center_bottom] w-full\"><\/div><\/section>\n\n\n\n<div class=\"wp-block-columns max-w-screen-xl w-full is-wide px-0 md:px-8 is-layout-flex wp-container-core-columns-is-layout-9d6595d7 wp-block-columns-is-layout-flex\">\n<div class=\"wp-block-column is-layout-flow wp-block-column-is-layout-flow\">\n<p class=\"has-text-align-center\">Bei Adragos Pharma Jura sind wir auf die <strong>aseptische Abf\u00fcllung und das Fill-Finish von sterilen Arzneimitteln<\/strong> f\u00fcr die klinische Entwicklung (Phase I\u2013III) spezialisiert. Unser Schweizer Standort ist darauf ausgelegt, die Flexibilit\u00e4t, Zuverl\u00e4ssigkeit und GMP-Compliance zu bieten, die f\u00fcr die biopharmazeutische Herstellung in fr\u00fchen Phasen erforderlich sind. Wir unterst\u00fctzen Programme von <strong>kleinen Pilotchargen bis hin zur GMP-zertifizierten Kleinmengenversorgung<\/strong>, sofern zutreffend. <\/p>\n\n\n\n<p class=\"has-text-align-center\">Mit <strong>\u00fcber 120 Spezialisten aus 20 Fachbereichen<\/strong> bieten wir eine nahtlose Ausf\u00fchrung und eine robuste Qualit\u00e4ts\u00fcberwachung vom Formulierungstransfer bis zur fertigen klinischen Versorgung.<\/p>\n<\/div>\n<\/div><style>\n            .wp-block-columns.is-wide {\n\t\t\t\tmax-width: 1280px!important;\n\t\t\t\tmargin-left: auto!important;\n\t\t\t\tmargin-right: auto!important;\n            }\n        <\/style>\n\n\n\n<div style=\"height:20px\" aria-hidden=\"true\" class=\"wp-block-spacer\"><\/div>\n\n\n\n<div class=\"wp-block-columns max-w-screen-xl w-full is-wide px-0 md:px-8 is-layout-flex wp-container-core-columns-is-layout-9d6595d7 wp-block-columns-is-layout-flex\">\n<div class=\"wp-block-column is-layout-flow wp-block-column-is-layout-flow\">\n<h2 class=\"wp-block-heading\"><strong>Ausgelegt f\u00fcr kleine Chargen und komplexe Formulierungen<\/strong><\/h2>\n\n\n\n<p>Unser Standort im Jura bietet End-to-End-Services f\u00fcr die aseptische Herstellung, die auf die Bed\u00fcrfnisse klinischer Programme und der Prozessentwicklung zugeschnitten sind.<\/p>\n\n\n\n<h3 class=\"wp-block-heading\"><strong>Kernkompetenzen<\/strong><\/h3>\n\n\n\n<ul class=\"wp-block-list\">\n<li><strong>Aseptische Vial-Abf\u00fcllung<\/strong> unter GMP-Bedingungen<\/li>\n\n\n\n<li><strong>Fl\u00fcssige sterile<\/strong> Produkte und <strong>lyophilisierte (gefriergetrocknete) Vials<\/strong><\/li>\n\n\n\n<li><strong>Keine feste Mindestchargengr\u00f6\u00dfe<\/strong><\/li>\n\n\n\n<li>Flexible Chargenvolumina <strong>ab 200\u2013300 ml<\/strong> Bulkl\u00f6sung und dar\u00fcber hinaus<\/li>\n\n\n\n<li>Erfahrung mit <strong>Biologika, Peptiden, sterilen Suspensionen, ophthalmologischen Produkten und Small Molecules<\/strong><\/li>\n\n\n\n<li>Herstellung von <strong>Placebos und Verd\u00fcnnungsmitteln<\/strong> sowie Unterst\u00fctzung f\u00fcr <strong>klinische Komparatoren<\/strong> (z. B. Verblindung\/Verpackung, falls erforderlich)<\/li>\n<\/ul>\n\n\n\n<p>Alle Produkte werden in klassifizierten Reinr\u00e4umen unter Verwendung validierter aseptischer Prozesse hergestellt, um die Sterilit\u00e4t und Produktintegrit\u00e4t vom Fill bis zum Finish zu gew\u00e4hrleisten.<\/p>\n<\/div>\n\n\n\n<div class=\"wp-block-column is-layout-flow wp-block-column-is-layout-flow\"><div class=\"wp-block-image\">\n<figure class=\"aligncenter size-full\"><img decoding=\"async\" width=\"1305\" height=\"867\" src=\"https:\/\/adragos-pharma.com\/wp-content\/uploads\/2024\/11\/Captura-de-pantalla-2024-11-21-104436.png\" alt=\"Bild \u00fcber den Lyophilisierungsprozess\" class=\"wp-image-14463\" style=\"aspect-ratio:1;object-fit:cover\" srcset=\"https:\/\/adragos-pharma.com\/wp-content\/uploads\/2024\/11\/Captura-de-pantalla-2024-11-21-104436.png 1305w, https:\/\/adragos-pharma.com\/wp-content\/uploads\/2024\/11\/Captura-de-pantalla-2024-11-21-104436-300x199.png 300w, https:\/\/adragos-pharma.com\/wp-content\/uploads\/2024\/11\/Captura-de-pantalla-2024-11-21-104436-1024x680.png 1024w, https:\/\/adragos-pharma.com\/wp-content\/uploads\/2024\/11\/Captura-de-pantalla-2024-11-21-104436-768x510.png 768w\" sizes=\"(max-width: 1305px) 100vw, 1305px\" \/><\/figure>\n<\/div><\/div>\n<\/div><style>\n            .wp-block-columns.is-wide {\n\t\t\t\tmax-width: 1280px!important;\n\t\t\t\tmargin-left: auto!important;\n\t\t\t\tmargin-right: auto!important;\n            }\n        <\/style>\n\n\n\n<div class=\"wp-block-columns max-w-screen-xl w-full is-wide px-0 md:px-8 is-layout-flex wp-container-core-columns-is-layout-9d6595d7 wp-block-columns-is-layout-flex\">\n<div class=\"wp-block-column is-layout-flow wp-block-column-is-layout-flow\"><div class=\"wp-block-image\">\n<figure class=\"aligncenter size-full\"><img decoding=\"async\" width=\"1309\" height=\"862\" src=\"https:\/\/adragos-pharma.com\/wp-content\/uploads\/2024\/11\/Captura-de-pantalla-2024-11-21-104634.png\" alt=\"\" class=\"wp-image-14457\" style=\"aspect-ratio:1;object-fit:cover\" srcset=\"https:\/\/adragos-pharma.com\/wp-content\/uploads\/2024\/11\/Captura-de-pantalla-2024-11-21-104634.png 1309w, https:\/\/adragos-pharma.com\/wp-content\/uploads\/2024\/11\/Captura-de-pantalla-2024-11-21-104634-300x198.png 300w, https:\/\/adragos-pharma.com\/wp-content\/uploads\/2024\/11\/Captura-de-pantalla-2024-11-21-104634-1024x674.png 1024w, https:\/\/adragos-pharma.com\/wp-content\/uploads\/2024\/11\/Captura-de-pantalla-2024-11-21-104634-768x506.png 768w\" sizes=\"(max-width: 1309px) 100vw, 1309px\" \/><\/figure>\n<\/div><\/div>\n\n\n\n<div class=\"wp-block-column is-vertically-aligned-center is-layout-flow wp-block-column-is-layout-flow\">\n<h2 class=\"wp-block-heading\"><strong>Klinische Herstellungsdienstleistungen f\u00fcr Pr\u00fcfpr\u00e4parate<\/strong><\/h2>\n\n\n\n<p>Unser Angebot im Bereich aseptisches Fill-Finish unterst\u00fctzt die gesamte klinische Lieferkette und erm\u00f6glicht einen reibungslosen \u00dcbergang von der Entwicklung bis zur Auslieferung an den Patienten.<\/p>\n\n\n\n<ul class=\"wp-block-list\">\n<li>Klinische Herstellung der Phasen I\u2013III<\/li>\n\n\n\n<li>Prozessabstimmung mit GMP und Unterst\u00fctzung beim Technologietransfer<\/li>\n\n\n\n<li>Produktion von Pilotchargen<\/li>\n\n\n\n<li>Scale-up-Unterst\u00fctzung und Prozesstransfer<\/li>\n\n\n\n<li>Randomisierte klinische Etikettierung<\/li>\n\n\n\n<li>Vorbereitung klinischer Kits<\/li>\n\n\n\n<li>Sekund\u00e4rverpackung und GMP-Lagerung<\/li>\n\n\n\n<li>Temperaturgef\u00fchrter Versand an globale klinische Zentren<\/li>\n<\/ul>\n\n\n\n<p>Vom Formulierungstransfer bis zum Versand der klinischen Kits bietet <a href=\"https:\/\/adragos-pharma.com\/de\/jura-schweiz\/\">Jura<\/a> eine kontrollierte und konforme Umgebung f\u00fcr Pr\u00fcfpr\u00e4parate.<\/p>\n<\/div>\n<\/div><style>\n            .wp-block-columns.is-wide {\n\t\t\t\tmax-width: 1280px!important;\n\t\t\t\tmargin-left: auto!important;\n\t\t\t\tmargin-right: auto!important;\n            }\n        <\/style>\n\n\n\n<div style=\"height:52px\" aria-hidden=\"true\" class=\"wp-block-spacer\"><\/div>\n\n\n\n<section class=\"wp-block-adragos-blocks-box max-w-screen-xl mx-auto px-8 py-8\"><div class=\"grid grid-cols-1 lg:grid-cols-2 gap-x-8 gap-y-16\"><div class=\"top-image text-center relative box bg-light rounded-xl p-8\"><div class=\"\"><img decoding=\"async\" class=\"box-image mb-0\" src=\"https:\/\/adragos-pharma.com\/wp-content\/uploads\/2024\/03\/High-quality-standards-Turquoise.png\" alt=\"\"\/><h3 class=\"box-title\">Inhouse-Qualit\u00e4tskontrolle &amp; analytische Pr\u00fcfung<\/h3><\/div><p class=\"my-6 box-subtitle\">Inprozesskontrollen (IPC) w\u00e4hrend der gesamten Abf\u00fcllung<br><strong>HPLC\/UPLC<\/strong> f\u00fcr Gehalt und Reinheit<br>Osmolalit\u00e4t, pH-Wert, Viskosit\u00e4t und TOC<br>Sterilit\u00e4ts- und Endotoxinpr\u00fcfung<br>Keimbelastungs- und Partikelanalyse<br>Methodenverifizierung zur Unterst\u00fctzung der analytischen und mikrobiologischen Zuverl\u00e4ssigkeit<\/p><\/div><div class=\"top-image text-center relative box bg-light rounded-xl p-8\"><div class=\"\"><img decoding=\"async\" class=\"box-image mb-0\" src=\"https:\/\/adragos-pharma.com\/wp-content\/uploads\/2024\/03\/EU-GMP-and-FDA.png\" alt=\"\"\/><h3 class=\"box-title\">Regulatory Excellence &amp; GMP-Zertifizierung<\/h3><\/div><p class=\"my-6 box-subtitle\">Umfassende Pr\u00fcfung von Rohstoffen, Inprozessproben und Fertigprodukten<br>Betrieb unter <strong>Swissmedic GMP-Zertifizierung<\/strong> f\u00fcr die Herstellung aseptisch abgef\u00fcllter steriler Arzneimittel (fl\u00fcssig und lyophilisiert)<br><strong>Abgestimmt auf die Erwartungen von FDA und EMA<\/strong> zur Unterst\u00fctzung globaler Sponsoren und multiregionaler Einreichungen<br>Vollst\u00e4ndige Dokumentation und Datenintegrit\u00e4t zur Unterst\u00fctzung klinischer Zulassungsantr\u00e4ge<br>Qualit\u00e4tssicherung ist in jedem Schritt verankert, um sicherzustellen, dass jede Charge anerkannte internationale Standards erf\u00fcllt.<\/p><\/div><\/div><\/section>\n\n\n\n<div style=\"height:52px\" aria-hidden=\"true\" class=\"wp-block-spacer\"><\/div>\n\n\n\n<div class=\"wp-block-group has-background is-nowrap is-layout-flex wp-container-core-group-is-layout-ad2f72ca wp-block-group-is-layout-flex\" style=\"background-color:#fe86d2\">\n<div class=\"wp-block-columns max-w-screen-xl w-full is-wide px-0 md:px-8 is-layout-flex wp-container-core-columns-is-layout-9d6595d7 wp-block-columns-is-layout-flex\">\n<div class=\"wp-block-column is-layout-flow wp-block-column-is-layout-flow\">\n<p><\/p>\n\n\n\n<h2 class=\"wp-block-heading has-text-align-center\"><strong><strong>Jura-Brosch\u00fcre herunterladen<\/strong><\/strong><\/h2>\n\n\n\n<p class=\"has-text-align-center has-black-color has-text-color has-link-color wp-elements-588d83b8a5bfb5f354b432a5a3d4cb11\">Entdecken Sie unsere Dienstleistungen f\u00fcr steriles Fill-Finish und Biologika an unserem Standort im Jura in der Schweiz.<\/p>\n\n\n\n<div class=\"wp-block-buttons is-content-justification-center is-layout-flex wp-container-core-buttons-is-layout-16018d1d wp-block-buttons-is-layout-flex\">\n<div class=\"wp-block-button\"><a class=\"wp-block-button__link has-black-background-color has-background has-text-align-center wp-element-button\" href=\"https:\/\/share-eu1.hsforms.com\/1Qi9sPkAHRdWXOoZqhSbjRQfxkpu\" target=\"_blank\" rel=\"noopener\"><strong>Jetzt herunterladen<\/strong><\/a><\/div>\n<\/div>\n\n\n\n<p><\/p>\n<\/div>\n<\/div><style>\n            .wp-block-columns.is-wide {\n\t\t\t\tmax-width: 1280px!important;\n\t\t\t\tmargin-left: auto!important;\n\t\t\t\tmargin-right: auto!important;\n            }\n        <\/style>\n<\/div>\n\n\n\n<div style=\"height:52px\" aria-hidden=\"true\" class=\"wp-block-spacer\"><\/div>\n\n\n\n<div class=\"wp-block-columns max-w-screen-xl w-full is-wide px-0 md:px-8 is-layout-flex wp-container-core-columns-is-layout-9d6595d7 wp-block-columns-is-layout-flex\">\n<div class=\"wp-block-column is-layout-flow wp-block-column-is-layout-flow\">\n<div class=\"wp-block-cover\"><img decoding=\"async\" width=\"1004\" height=\"665\" class=\"wp-block-cover__image-background wp-image-16998\" alt=\"\" src=\"https:\/\/adragos-pharma.com\/wp-content\/uploads\/2025\/04\/facility-jura-no-logo-2-2.png\" data-object-fit=\"cover\" srcset=\"https:\/\/adragos-pharma.com\/wp-content\/uploads\/2025\/04\/facility-jura-no-logo-2-2.png 1004w, https:\/\/adragos-pharma.com\/wp-content\/uploads\/2025\/04\/facility-jura-no-logo-2-2-300x199.png 300w, https:\/\/adragos-pharma.com\/wp-content\/uploads\/2025\/04\/facility-jura-no-logo-2-2-768x509.png 768w\" sizes=\"(max-width: 1004px) 100vw, 1004px\" \/><span aria-hidden=\"true\" class=\"wp-block-cover__background has-background-dim\" style=\"background-color:#6d7282\"><\/span><div class=\"wp-block-cover__inner-container is-layout-constrained wp-block-cover-is-layout-constrained\">\n<div class=\"wp-block-columns is-layout-flex wp-container-core-columns-is-layout-9d6595d7 wp-block-columns-is-layout-flex\">\n<div class=\"wp-block-column is-layout-flow wp-block-column-is-layout-flow\"><\/div>\n\n\n\n<div class=\"wp-block-column has-background is-layout-flow wp-block-column-is-layout-flow\" style=\"background-color:#ced4f994;padding-top:30px;padding-right:30px;padding-bottom:30px;padding-left:30px\">\n<h2 class=\"wp-block-heading has-black-color has-text-color has-link-color wp-elements-d50e6c544d051fd98b2760ab07661318\">Aseptische Fill-Finish-Anlage im Jura, Schweiz<\/h2>\n\n\n\n<p class=\"has-black-color has-text-color has-link-color wp-elements-0ad0bd841bf41aa59b4c4180e19ef79d\">Mit mehr als 6.000 m\u00b2 Fl\u00e4che und \u00fcber 25 Jahren Erfahrung bietet Adragos Jura ma\u00dfgeschneiderte klinische Fertigung zur Unterst\u00fctzung Ihrer therapeutischen Studien.<\/p>\n\n\n\n<div class=\"wp-block-buttons is-layout-flex wp-block-buttons-is-layout-flex\">\n<div class=\"wp-block-button\"><a class=\"wp-block-button__link has-dark-blue-background-color has-background wp-element-button\" href=\"https:\/\/adragos-pharma.com\/de\/jura-schweiz\/\">Standort anzeigen<\/a><\/div>\n<\/div>\n<\/div>\n<\/div>\n<\/div><\/div>\n<\/div>\n<\/div><style>\n            .wp-block-columns.is-wide {\n\t\t\t\tmax-width: 1280px!important;\n\t\t\t\tmargin-left: auto!important;\n\t\t\t\tmargin-right: auto!important;\n            }\n        <\/style>\n\n\n\n<div style=\"height:52px\" aria-hidden=\"true\" class=\"wp-block-spacer\"><\/div>\n\n\n<p>No posts found.<\/p>\n\n\n\n<section class=\"wp-block-adragos-blocks-footer-cta max-w-screen-lg bg-light mx-8 md:mx-auto px-8 py-12 text-center mt-3 mb-12 md:mb-16 rounded-xl md:mb-24\"><h2 class=\"\">Kontaktieren Sie uns<\/h2><p class=\"subtitle font-light m-auto max-w-screen-sm py-6\">F\u00fcr weitere Informationen \u00fcber unser Unternehmen und unsere Dienstleistungen wenden Sie sich bitte an unser Team.<\/p><div class=\"flex flex-col md:flex-row justify-center gap-4\"><a href=\"https:\/\/adragos-pharma.com\/de\/kontaktiere-uns\/?utm_campaign=MK_website_contactUs&#038;utm_source=website_analyticalservices\" class=\"cta-link inline-block adragos-button text-white has-primary-background-color text-center\">Nachricht senden<\/a><a href=\"https:\/\/meetings-eu1.hubspot.com\/lydia-marinou?ref=biologics-button\" class=\"cta-link2 inline-block adragos-button text-white has-secondary-background-color text-center\" target=\"_blank\" rel=\"noopener\">Termin vereinbaren<\/a><\/div><\/section>\n\n\n\n<p><\/p>\n","protected":false},"excerpt":{"rendered":"<p>Bei Adragos Pharma Jura sind wir auf die aseptische Abf\u00fcllung und das Fill-Finish von sterilen Arzneimitteln f\u00fcr die klinische Entwicklung (Phase I\u2013III) spezialisiert. Unser Schweizer Standort ist darauf ausgelegt, die Flexibilit\u00e4t, Zuverl\u00e4ssigkeit und GMP-Compliance zu bieten, die f\u00fcr die biopharmazeutische [&hellip;]<\/p>\n","protected":false},"author":8,"featured_media":0,"parent":15013,"menu_order":0,"comment_status":"closed","ping_status":"closed","template":"","meta":{"content-type":"","inline_featured_image":false,"footnotes":""},"class_list":["post-24028","page","type-page","status-publish","hentry"],"_links":{"self":[{"href":"https:\/\/adragos-pharma.com\/de\/wp-json\/wp\/v2\/pages\/24028","targetHints":{"allow":["GET"]}}],"collection":[{"href":"https:\/\/adragos-pharma.com\/de\/wp-json\/wp\/v2\/pages"}],"about":[{"href":"https:\/\/adragos-pharma.com\/de\/wp-json\/wp\/v2\/types\/page"}],"author":[{"embeddable":true,"href":"https:\/\/adragos-pharma.com\/de\/wp-json\/wp\/v2\/users\/8"}],"replies":[{"embeddable":true,"href":"https:\/\/adragos-pharma.com\/de\/wp-json\/wp\/v2\/comments?post=24028"}],"version-history":[{"count":3,"href":"https:\/\/adragos-pharma.com\/de\/wp-json\/wp\/v2\/pages\/24028\/revisions"}],"predecessor-version":[{"id":24103,"href":"https:\/\/adragos-pharma.com\/de\/wp-json\/wp\/v2\/pages\/24028\/revisions\/24103"}],"up":[{"embeddable":true,"href":"https:\/\/adragos-pharma.com\/de\/wp-json\/wp\/v2\/pages\/15013"}],"wp:attachment":[{"href":"https:\/\/adragos-pharma.com\/de\/wp-json\/wp\/v2\/media?parent=24028"}],"curies":[{"name":"wp","href":"https:\/\/api.w.org\/{rel}","templated":true}]}}