{"id":6582,"date":"2024-03-10T20:01:10","date_gmt":"2024-03-10T18:01:10","guid":{"rendered":"https:\/\/adragos-pharma.com\/?page_id=6582"},"modified":"2025-07-17T11:05:59","modified_gmt":"2025-07-17T09:05:59","slug":"kommerzielle-produktion","status":"publish","type":"page","link":"https:\/\/adragos-pharma.com\/de\/kommerzielle-produktion\/","title":{"rendered":"Kommerzielle Produktion"},"content":{"rendered":"\n<section class=\"wp-block-adragos-blocks-header-with-image relative max-w-full px-3\"><div class=\"relative z-30 max-w-screen-xl m-auto px-6\"><div class=\"has-primary-bg-opacity inline-block pt-12 pb-40 md:pt-28 md:pb-52 px-8\"><nav class=\"flex mb-4\" aria-label=\"Breadcrumb\"><ol class=\"inline-flex items-center space-x-1 md:space-x-2 rtl:space-x-reverse\"><li class=\"inline-flex items-center\"><a href=\"https:\/\/adragos-pharma.com\/de\/\" class=\"inline-flex items-center text-sm font-medium text-white hover:text-primary\"><svg class=\"w-3 h-3 me-2.5\" aria-hidden=\"true\" xmlns=\"http:\/\/www.w3.org\/2000\/svg\" fill=\"currentColor\" viewBox=\"0 0 20 20\"><path d=\"m19.707 9.293-2-2-7-7a1 1 0 0 0-1.414 0l-7 7-2 2a1 1 0 0 0 1.414 1.414L2 10.414V18a2 2 0 0 0 2 2h3a1 1 0 0 0 1-1v-4a1 1 0 0 1 1-1h2a1 1 0 0 1 1 1v4a1 1 0 0 0 1 1h3a2 2 0 0 0 2-2v-7.586l.293.293a1 1 0 0 0 1.414-1.414Z\"><\/path><\/svg>Home<\/a><\/li><li class=\"hidden md:inline-block\" aria-current=\"page\"><div class=\"flex items-center\"><svg class=\"rtl:rotate-180 w-3 h-3 text-white mx-1\" aria-hidden=\"true\" xmlns=\"http:\/\/www.w3.org\/2000\/svg\" fill=\"none\" viewBox=\"0 0 6 10\"><path stroke=\"currentColor\" stroke-linecap=\"round\" stroke-linejoin=\"round\" stroke-width=\"2\" d=\"m1 9 4-4-4-4\"><\/path><\/svg><span class=\"ms-1 text-sm font-medium text-white md:ms-2\">Kommerzielle Produktion<\/span><\/div><\/li><\/ol><\/nav><h1 class=\"text-3xl md:text-4xl text-white\">Kommerzielle Produktion<\/h1><\/div><\/div><div class=\"\"><img decoding=\"async\" class=\"top-0 left-0 bg-image object-cover absolute w-full h-full\" src=\"https:\/\/adragos-pharma.com\/wp-content\/uploads\/2024\/04\/Adragos-Pharma-42-1-scaled.jpg\" alt=\"\"\/><\/div><div class=\"bg-wave absolute bottom-0 left-0 h-52 bg-repeat-x bg-[center_bottom] w-full z-50\"><\/div><\/section>\n\n\n\n<div style=\"height:30px\" aria-hidden=\"true\" class=\"wp-block-spacer\"><\/div>\n\n\n\n<div class=\"wp-block-columns is-layout-flex wp-container-core-columns-is-layout-9d6595d7 wp-block-columns-is-layout-flex\">\n<div class=\"wp-block-column is-layout-flow wp-block-column-is-layout-flow\" style=\"flex-basis:100%\">\n<h2 class=\"wp-block-heading has-text-align-center\"><strong>Expertise in der pharmazeutischen Produktion<\/strong>&nbsp;<\/h2>\n<\/div>\n<\/div>\n\n\n\n<div class=\"wp-block-columns max-w-screen-xl w-full is-wide px-0 md:px-8 is-layout-flex wp-container-core-columns-is-layout-9d6595d7 wp-block-columns-is-layout-flex\">\n<div class=\"wp-block-column is-layout-flow wp-block-column-is-layout-flow\" style=\"flex-basis:100%\">\n<p class=\"has-text-align-center\">Unsere Fertigungskapazit\u00e4ten umfassen die Herstellung und Verpackung von festen, fl\u00fcssigen und halbfesten Darreichungsformen, die alle auf spezifische Bed\u00fcrfnisse zugeschnitten sind, w\u00e4hrend gleichzeitig die geltenden regulatorischen Vorschriften, insbesondere die GMP-Richtlinien (Good Manufacturing Practice), strikt eingehalten werden. Wir legen Wert auf offene Kommunikation, h\u00f6ren unseren Kunden aktiv zu und setzen ihre Anforderungen sorgf\u00e4ltig um.<\/p>\n\n\n\n<p><\/p>\n<\/div>\n<\/div><style>\n            .wp-block-columns.is-wide {\n\t\t\t\tmax-width: 1280px!important;\n\t\t\t\tmargin-left: auto!important;\n\t\t\t\tmargin-right: auto!important;\n            }\n        <\/style>\n\n\n\n<section class=\"wp-block-adragos-blocks-box max-w-screen-xl mx-auto px-8 py-8\"><div class=\"grid grid-cols-1 lg:grid-cols-2 gap-x-8 gap-y-16\"><div class=\"top-image text-center relative box bg-light rounded-xl p-8\"><div class=\"\"><img decoding=\"async\" class=\"box-image mb-0\" src=\"https:\/\/adragos-pharma.com\/wp-content\/uploads\/2024\/03\/Sterile-Liquids-1.png\" alt=\"\"\/><a href=\"https:\/\/adragos-pharma.com\/de\/kommerzielle-produktion\/sterile-fluessigkeiten\/\" class=\"box-link text-secondary font-medium\"><h3 class=\"box-title\">Sterile Fl\u00fcssigkeiten\u00a0<\/h3><\/a><\/div><p class=\"my-6 box-subtitle\">Wir sind spezialisiert auf die Herstellung verschiedener hochwertiger steriler und aseptischer Fl\u00fcssigkeiten, darunter:<br>Ampullen (Glas und Polyethylen PE)<br>Vials(Stechampullen) &nbsp;(Polyethylen PE, Glas, Lyophilisation, Ophthalmika)<br>Infusionsbeutel<\/p><a href=\"https:\/\/adragos-pharma.com\/de\/kommerzielle-produktion\/sterile-fluessigkeiten\/\" class=\"box-link text-secondary font-medium text-4xl\">\u27f6<\/a><\/div><div class=\"top-image text-center relative box bg-light rounded-xl p-8\"><div class=\"\"><img decoding=\"async\" class=\"box-image mb-0\" src=\"https:\/\/adragos-pharma.com\/wp-content\/uploads\/2024\/03\/Non-Sterile-Liquids.png\" alt=\"\"\/><a href=\"https:\/\/adragos-pharma.com\/de\/kommerzielle-produktion\/nicht-sterile-fluessigkeiten\/\" class=\"box-link text-secondary font-medium\"><h3 class=\"box-title\">Nicht-sterile Fl\u00fcssigkeiten\u00a0<\/h3><\/a><\/div><p class=\"my-6 box-subtitle\">Unsere Fertigungsdienstleistungen erstrecken sich auf eine vielf\u00e4ltige Auswahl nicht-steriler fl\u00fcssiger Darreichungsformen:<br>Suspensionen<br>Emulsionen<br>Sirupe<br>L\u00f6sungen<\/p><a href=\"https:\/\/adragos-pharma.com\/de\/kommerzielle-produktion\/nicht-sterile-fluessigkeiten\/\" class=\"box-link text-secondary font-medium text-4xl\">\u27f6<\/a><\/div><div class=\"top-image text-center relative box bg-light rounded-xl p-8\"><div class=\"\"><img decoding=\"async\" class=\"box-image mb-0\" src=\"https:\/\/adragos-pharma.com\/wp-content\/uploads\/2024\/03\/Semi-Solids.png\" alt=\"\"\/><a href=\"https:\/\/adragos-pharma.com\/de\/kommerzielle-produktion\/halbfeste-stoffe\/\" class=\"box-link text-secondary font-medium\"><h3 class=\"box-title\">&lt;strong>Halbfeste Stoffe&lt;\/strong><\/h3><\/a><\/div><p class=\"my-6 box-subtitle\">Wir sind auf die Herstellung und Verpackung von halbfesten Arzneimitteln spezialisiert; unsere wichtigsten Spezialgebiete sind:&nbsp;<br><br>&#8211; Cremes&nbsp;<br>&#8211; Salben&nbsp;<br>&#8211; Gele&nbsp;<\/p><a href=\"https:\/\/adragos-pharma.com\/de\/kommerzielle-produktion\/halbfeste-stoffe\/\" class=\"box-link text-secondary font-medium text-4xl\">\u27f6<\/a><\/div><div class=\"top-image text-center relative box bg-light rounded-xl p-8\"><div class=\"\"><img decoding=\"async\" class=\"box-image mb-0\" src=\"https:\/\/adragos-pharma.com\/wp-content\/uploads\/2024\/03\/Tablets-1.png\" alt=\"\"\/><a href=\"https:\/\/adragos-pharma.com\/de\/kommerzielle-produktion\/orale-feststoffe\/\" class=\"box-link text-secondary font-medium\"><h3 class=\"box-title\">&lt;strong>&lt;strong>Orale Feststoffe&lt;\/strong>&lt;\/strong><\/h3><\/a><\/div><p class=\"my-6 box-subtitle\">Wir bieten ein komplettes Leistungsspektrum f\u00fcr die Herstellung oraler fester Darreichungsformen:&nbsp;<br><br>&#8211; Unbeschichtete Tabletten&nbsp;<br>&#8211; Filmtabletten&nbsp;<\/p><a href=\"https:\/\/adragos-pharma.com\/de\/kommerzielle-produktion\/orale-feststoffe\/\" class=\"box-link text-secondary font-medium text-4xl\">\u27f6<\/a><\/div><div class=\"top-image text-center relative box bg-light rounded-xl p-8\"><div class=\"\"><img decoding=\"async\" class=\"box-image mb-0\" src=\"https:\/\/adragos-pharma.com\/wp-content\/uploads\/2024\/03\/Suppositories-1.png\" alt=\"\"\/><a href=\"https:\/\/adragos-pharma.com\/de\/kommerzielle-produktion\/zapfchen\/\" class=\"box-link text-secondary font-medium\"><h3 class=\"box-title\">Z\u00e4pfchen<\/h3><\/a><\/div><p class=\"my-6 box-subtitle\">Wir verf\u00fcgen \u00fcber umfangreiche Erfahrung in der Herstellung von Z\u00e4pfchen mit au\u00dfergew\u00f6hnlicher Qualit\u00e4t und Effizienz:<br>Kommerzieller\/ Industrieller Ma\u00dfstab<br>Neuroleptika<br>Hormone&nbsp;\u200b<\/p><a href=\"https:\/\/adragos-pharma.com\/de\/kommerzielle-produktion\/zapfchen\/\" class=\"box-link text-secondary font-medium text-4xl\">\u27f6<\/a><\/div><\/div><\/section>\n\n\n\n<div class=\"wp-block-columns no-rounded max-w-screen-xl w-full is-wide px-0 md:px-8 is-layout-flex wp-container-core-columns-is-layout-9d6595d7 wp-block-columns-is-layout-flex\">\n<div class=\"wp-block-column is-layout-flow wp-block-column-is-layout-flow\" style=\"flex-basis:100%\">\n<h2 class=\"wp-block-heading has-text-align-center\"><strong>Unser Netzwerk von Produktionsstandorten<\/strong><\/h2>\n<\/div>\n<\/div><style>\n            .wp-block-columns.is-wide {\n\t\t\t\tmax-width: 1280px!important;\n\t\t\t\tmargin-left: auto!important;\n\t\t\t\tmargin-right: auto!important;\n            }\n        <\/style>\n\n\n\n<section class=\"wp-block-adragos-blocks-box max-w-screen-xl mx-auto px-8 py-8 py-16 md:py-20\"><div class=\"grid grid-cols-1 lg:grid-cols-2 gap-x-8 gap-y-8\"><div class=\"false relative box bg-light rounded-xl p-8\"><div class=\"flex gap-5 items-center\"><img decoding=\"async\" class=\"box-image mb-0\" src=\"https:\/\/adragos-pharma.com\/wp-content\/uploads\/2024\/03\/France.svg\" alt=\"\"\/><a href=\"https:\/\/adragos-pharma.com\/de\/livron-frankreich\/\" class=\"box-link text-secondary font-medium\"><h3 class=\"box-title\">&lt;strong>Livron, Frankreich&lt;\/strong><\/h3><\/a><\/div><p class=\"my-6 box-subtitle\">Mit \u00fcber 100 Jahren Erfahrung konzentriert sich Adragos Livron auf die Herstellung von sterilen Fl\u00fcssigkeiten und Z\u00e4pfchen. Wir handhaben mehr als 100 Molek\u00fcle und bieten Stabilit\u00e4tsstudien, Bet\u00e4ubungsmittelhandling und analytische Testdienstleistungen an.<\/p><a href=\"https:\/\/adragos-pharma.com\/de\/livron-frankreich\/\" class=\"box-link text-secondary font-medium text-4xl\">\u27f6<\/a><\/div><div class=\"false relative box bg-light rounded-xl p-8\"><div class=\"flex gap-5 items-center\"><img decoding=\"async\" class=\"box-image mb-0\" src=\"https:\/\/adragos-pharma.com\/wp-content\/uploads\/2024\/03\/japan-flag.png\" alt=\"\"\/><a href=\"https:\/\/adragos-pharma.com\/de\/kawagoe-japan\/\" class=\"box-link text-secondary font-medium\"><h3 class=\"box-title\">Kawagoe, Japan<\/h3><\/a><\/div><p class=\"my-6 box-subtitle\">Unser hochmoderner Produktionsstandort ist auf Ampullen, Tabletten und visuelle Inspektionsdienstleistungen spezialisiert. Wir bieten exzellenten Kundenservice auf Englisch und Japanisch (in englischer und japanischer Sprache). (Der Standort) Es verf\u00fcgt \u00fcber eines der gr\u00f6\u00dften K\u00fchlhauslager in Japan.<\/p><a href=\"https:\/\/adragos-pharma.com\/de\/kawagoe-japan\/\" class=\"box-link text-secondary font-medium text-4xl\">\u27f6<\/a><\/div><div class=\"false relative box bg-light rounded-xl p-8\"><div class=\"flex gap-5 items-center\"><img decoding=\"async\" class=\"box-image mb-0\" src=\"https:\/\/adragos-pharma.com\/wp-content\/uploads\/2024\/03\/Germany.svg\" alt=\"\"\/><a href=\"https:\/\/adragos-pharma.com\/de\/leipzig-deutschland\/\" class=\"box-link text-secondary font-medium\"><h3 class=\"box-title\">&lt;strong>Leipzig, Deutschland&lt;\/strong><\/h3><\/a><\/div><p class=\"my-6 box-subtitle\">Unsere Produktionsst\u00e4tte in Leipzig ist auf halbfeste und nicht-sterile fl\u00fcssige Arzneimittel spezialisiert. Mit \u00fcber 100 Jahren Erfahrung k\u00f6nnen wir auf eine Erfolgsbilanz bei der Bereitstellung erstklassiger Dienstleistungen und kundenorientierter Fertigung verweisen. (blicken wir auf eine Erfolgsgeschichte zur\u00fcck, die von erstklassigem Service und einer kundenorientierten Herstellung gepr\u00e4gt ist<\/p><a href=\"https:\/\/adragos-pharma.com\/de\/leipzig-deutschland\/\" class=\"box-link text-secondary font-medium text-4xl\">\u27f6<\/a><\/div><div class=\"false relative box bg-light rounded-xl p-8\"><div class=\"flex gap-5 items-center\"><img decoding=\"async\" class=\"box-image mb-0\" src=\"https:\/\/adragos-pharma.com\/wp-content\/uploads\/2024\/03\/Norway.svg\" alt=\"\"\/><a href=\"https:\/\/adragos-pharma.com\/de\/halden-norwegen\/\" class=\"box-link text-secondary font-medium\"><h3 class=\"box-title\">&lt;strong>Halden, Norwegen&lt;\/strong><\/h3><\/a><\/div><p class=\"my-6 box-subtitle\">Unsere k\u00fcrzlich erworbene Anlage ist eine der fortschrittlichsten sterilen Produktionsanlagen in Nordeuropa. Wir sind auf die Herstellung von Infusionsbeuteln, Kunststoffampullen und Vials unter Verwendung (mittels) der Blow-Fill-Seal (BFS)-Technologie und anderer Darreichungsformen spezialisiert.<\/p><a href=\"https:\/\/adragos-pharma.com\/de\/halden-norwegen\/\" class=\"box-link text-secondary font-medium text-4xl\">\u27f6<\/a><\/div><div class=\"false relative box bg-light rounded-xl p-8\"><div class=\"flex gap-5 items-center\"><img decoding=\"async\" class=\"box-image mb-0\" src=\"https:\/\/adragos-pharma.com\/wp-content\/uploads\/2024\/11\/istockphoto-691333880-612x612-1.jpg\" alt=\"\"\/><a href=\"https:\/\/adragos-pharma.com\/de\/jura-schweiz\/\" class=\"box-link text-secondary font-medium\"><h3 class=\"box-title\">&lt;strong>Jura, Schweiz&lt;\/strong><\/h3><\/a><\/div><p class=\"my-6 box-subtitle\">Wir bieten Fertigungsl\u00f6sungen f\u00fcr die anspruchsvollsten kommerziellen Anforderungen, von Vials (Stechampullen) bis hin zu Lyophilisation, Ophthalmika und Biologika. Dar\u00fcber hinaus sind wir auf Kleinserienfertigung mit einem ma\u00dfgeschneiderten Ansatz spezialisiert.<\/p><a href=\"https:\/\/adragos-pharma.com\/de\/jura-schweiz\/\" class=\"box-link text-secondary font-medium text-4xl\">\u27f6<\/a><\/div><\/div><\/section>\n\n\n\n<section class=\"wp-block-adragos-blocks-footer-cta max-w-screen-lg bg-light mx-8 md:mx-auto px-8 py-12 text-center mt-3 mb-12 md:mb-16 rounded-xl md:mb-24 mx-auto\"><h2 class=\"\">Nimmt Kontakt zu uns auf!<\/h2><p class=\"subtitle font-light m-auto max-w-screen-sm py-6\">F\u00fcr weitere Informationen zu unserem Unternehmen und unseren Dienstleistungen wende Sie sich direkt an unser Team.<\/p><div class=\"flex flex-col md:flex-row justify-center gap-4\"><a href=\"https:\/\/adragos-pharma.com\/de\/kontakt\/\" class=\"cta-link inline-block adragos-button text-white has-primary-background-color text-center\">Senden Sie eine Nachricht<\/a><a href=\"https:\/\/meetings-eu1.hubspot.com\/lydia-marinou?ref=commercial-manufacturing-de-button\" class=\"cta-link2 inline-block adragos-button text-white has-secondary-background-color text-center\" target=\"_blank\" rel=\"noopener\">Vereinbaren Sie einen Termin<\/a><\/div><\/section>\n","protected":false},"excerpt":{"rendered":"<p>Expertise in der pharmazeutischen Produktion&nbsp; Unsere Fertigungskapazit\u00e4ten umfassen die Herstellung und Verpackung von festen, fl\u00fcssigen und halbfesten Darreichungsformen, die alle auf spezifische Bed\u00fcrfnisse zugeschnitten sind, w\u00e4hrend gleichzeitig die geltenden regulatorischen Vorschriften, insbesondere die GMP-Richtlinien (Good Manufacturing Practice), strikt eingehalten werden. [&hellip;]<\/p>\n","protected":false},"author":1,"featured_media":0,"parent":0,"menu_order":0,"comment_status":"closed","ping_status":"closed","template":"","meta":{"content-type":"","inline_featured_image":false,"footnotes":""},"class_list":["post-6582","page","type-page","status-publish","hentry"],"_links":{"self":[{"href":"https:\/\/adragos-pharma.com\/de\/wp-json\/wp\/v2\/pages\/6582","targetHints":{"allow":["GET"]}}],"collection":[{"href":"https:\/\/adragos-pharma.com\/de\/wp-json\/wp\/v2\/pages"}],"about":[{"href":"https:\/\/adragos-pharma.com\/de\/wp-json\/wp\/v2\/types\/page"}],"author":[{"embeddable":true,"href":"https:\/\/adragos-pharma.com\/de\/wp-json\/wp\/v2\/users\/1"}],"replies":[{"embeddable":true,"href":"https:\/\/adragos-pharma.com\/de\/wp-json\/wp\/v2\/comments?post=6582"}],"version-history":[{"count":23,"href":"https:\/\/adragos-pharma.com\/de\/wp-json\/wp\/v2\/pages\/6582\/revisions"}],"predecessor-version":[{"id":20853,"href":"https:\/\/adragos-pharma.com\/de\/wp-json\/wp\/v2\/pages\/6582\/revisions\/20853"}],"wp:attachment":[{"href":"https:\/\/adragos-pharma.com\/de\/wp-json\/wp\/v2\/media?parent=6582"}],"curies":[{"name":"wp","href":"https:\/\/api.w.org\/{rel}","templated":true}]}}