{"id":6622,"date":"2024-03-10T20:01:49","date_gmt":"2024-03-10T18:01:49","guid":{"rendered":"https:\/\/adragos-pharma.com\/?page_id=6622"},"modified":"2025-07-17T11:17:25","modified_gmt":"2025-07-17T09:17:25","slug":"unsere-dienstleistungen","status":"publish","type":"page","link":"https:\/\/adragos-pharma.com\/de\/unsere-dienstleistungen\/","title":{"rendered":"Unsere Dienstleistungen\u00a0"},"content":{"rendered":"\n<section class=\"wp-block-adragos-blocks-header-with-image relative max-w-full px-3\"><div class=\"relative z-30 max-w-screen-xl m-auto px-6\"><div class=\"has-primary-bg-opacity inline-block pt-12 pb-40 md:pt-28 md:pb-52 px-8\"><nav class=\"flex mb-4\" aria-label=\"Breadcrumb\"><ol class=\"inline-flex items-center space-x-1 md:space-x-2 rtl:space-x-reverse\"><li class=\"inline-flex items-center\"><a href=\"https:\/\/adragos-pharma.com\/de\/\" class=\"inline-flex items-center text-sm font-medium text-white hover:text-primary\"><svg class=\"w-3 h-3 me-2.5\" aria-hidden=\"true\" xmlns=\"http:\/\/www.w3.org\/2000\/svg\" fill=\"currentColor\" viewBox=\"0 0 20 20\"><path d=\"m19.707 9.293-2-2-7-7a1 1 0 0 0-1.414 0l-7 7-2 2a1 1 0 0 0 1.414 1.414L2 10.414V18a2 2 0 0 0 2 2h3a1 1 0 0 0 1-1v-4a1 1 0 0 1 1-1h2a1 1 0 0 1 1 1v4a1 1 0 0 0 1 1h3a2 2 0 0 0 2-2v-7.586l.293.293a1 1 0 0 0 1.414-1.414Z\"><\/path><\/svg>Home<\/a><\/li><li class=\"hidden md:inline-block\" aria-current=\"page\"><div class=\"flex items-center\"><svg class=\"rtl:rotate-180 w-3 h-3 text-white mx-1\" aria-hidden=\"true\" xmlns=\"http:\/\/www.w3.org\/2000\/svg\" fill=\"none\" viewBox=\"0 0 6 10\"><path stroke=\"currentColor\" stroke-linecap=\"round\" stroke-linejoin=\"round\" stroke-width=\"2\" d=\"m1 9 4-4-4-4\"><\/path><\/svg><span class=\"ms-1 text-sm font-medium text-white md:ms-2\">Unsere Dienstleistungen\u00a0<\/span><\/div><\/li><\/ol><\/nav><h1 class=\"text-3xl md:text-4xl text-white\">Unsere Dienstleistungen\u00a0<\/h1><\/div><\/div><div class=\"\"><img decoding=\"async\" class=\"top-0 left-0 bg-image object-cover absolute w-full h-full\" src=\"https:\/\/adragos-pharma.com\/wp-content\/uploads\/2024\/05\/3Q4A7895.jpg\" alt=\"\"\/><\/div><div class=\"bg-wave absolute bottom-0 left-0 h-52 bg-repeat-x bg-[center_bottom] w-full z-50\"><\/div><\/section>\n\n\n\n<div style=\"height:42px\" aria-hidden=\"true\" class=\"wp-block-spacer\"><\/div>\n\n\n\n<h2 class=\"wp-block-heading has-text-align-center\">Entdecken Sie unsere Dienstleistungen<\/h2>\n\n\n\n<p><\/p>\n\n\n\n<section class=\"wp-block-adragos-blocks-box max-w-screen-xl mx-auto px-8 py-8\"><div class=\"grid grid-cols-1 lg:grid-cols-3 gap-x-8 gap-y-16\"><div class=\"top-image text-center relative box bg-light rounded-xl p-8\"><div class=\"\"><img decoding=\"async\" class=\"box-image mb-0\" src=\"https:\/\/adragos-pharma.com\/wp-content\/uploads\/2024\/03\/Visual-Inscpection-1.png\" alt=\"\"\/><a href=\"https:\/\/adragos-pharma.com\/de\/unsere-dienstleistungen\/visuelle-inspektion\/\" class=\"box-link text-secondary font-medium\"><h3 class=\"box-title\">Visuelle Inspektion\u00a0<\/h3><\/a><\/div><p class=\"my-6 box-subtitle\">Im Rahmen unseres Dienstleistungsangebots bieten wir visuelle Inspektionen an, um unsere Kunden bei der Einhaltung verschiedener Vorschriften zu unterst\u00fctzen. Wir setzen modernste Technologie ein, um zu gew\u00e4hrleisten, dass die Produkte unserer Kunden den strengen Normen des Marktes entsprechen.&nbsp;<\/p><a href=\"https:\/\/adragos-pharma.com\/de\/unsere-dienstleistungen\/visuelle-inspektion\/\" class=\"box-link text-secondary font-medium text-4xl\">\u27f6<\/a><\/div><div class=\"top-image text-center relative box bg-light rounded-xl p-8\"><div class=\"\"><img decoding=\"async\" class=\"box-image mb-0\" src=\"https:\/\/adragos-pharma.com\/wp-content\/uploads\/2024\/03\/Packaging-Solutions.png\" alt=\"\"\/><a href=\"https:\/\/adragos-pharma.com\/de\/unsere-dienstleistungen\/pharmazeutische-verpackungen\/\" class=\"box-link text-secondary font-medium\"><h3 class=\"box-title\">Pharmazeutische Verpackungen<\/h3><\/a><\/div><p class=\"my-6 box-subtitle\">Innovative, sichere und gesetzeskonforme Verpackungsl\u00f6sungen, die auf das vielf\u00e4ltige Produktsortiment unserer Kunden zugeschnitten sind, sind ein weiterer Service, den wir anbieten.&nbsp;<br><br><br><\/p><a href=\"https:\/\/adragos-pharma.com\/de\/unsere-dienstleistungen\/pharmazeutische-verpackungen\/\" class=\"box-link text-secondary font-medium text-4xl\">\u27f6<\/a><\/div><div class=\"top-image text-center relative box bg-light rounded-xl p-8\"><div class=\"\"><img decoding=\"async\" class=\"box-image mb-0\" src=\"https:\/\/adragos-pharma.com\/wp-content\/uploads\/2024\/03\/Controlled-Drug-Handling.png\" alt=\"\"\/><a href=\"https:\/\/adragos-pharma.com\/de\/unsere-dienstleistungen\/kontrollierte-arzneimittel\/\" class=\"box-link text-secondary font-medium\"><h3 class=\"box-title\">Kontrollierte Arzneimittel<\/h3><\/a><\/div><p class=\"my-6 box-subtitle\">Der Umgang mit kontrollierten Arzneimitteln erfordert Pr\u00e4zision, Sicherheit und Kenntnis der Vorschriften. Unsere Einrichtungen in Kawagoe, Griechenland und Livron bieten spezialisierte Dienstleistungen an, um diese wichtigen, aber strengen Anforderungen zu erf\u00fcllen.&nbsp;<\/p><a href=\"https:\/\/adragos-pharma.com\/de\/unsere-dienstleistungen\/kontrollierte-arzneimittel\/\" class=\"box-link text-secondary font-medium text-4xl\">\u27f6<\/a><\/div><div class=\"top-image text-center relative box bg-light rounded-xl p-8\"><div class=\"\"><img decoding=\"async\" class=\"box-image mb-0\" src=\"https:\/\/adragos-pharma.com\/wp-content\/uploads\/2024\/05\/Licensing-Out-1.png\" alt=\"\"\/><a href=\"https:\/\/adragos-pharma.com\/de\/unsere-dienstleistungen\/auslizenzierung\/\" class=\"box-link text-secondary font-medium\"><h3 class=\"box-title\">Auslizenzierung<\/h3><\/a><\/div><p class=\"my-6 box-subtitle\">Im Rahmen unserer Dienstleistungen bieten wir eine breite Palette innovativer Arzneimittelentwicklungen an, die f\u00fcr unsere Kunden weltweit auslizenziert werden k\u00f6nnen.<br><\/p><a href=\"https:\/\/adragos-pharma.com\/de\/unsere-dienstleistungen\/auslizenzierung\/\" class=\"box-link text-secondary font-medium text-4xl\">\u27f6<\/a><\/div><div class=\"top-image text-center relative box bg-light rounded-xl p-8\"><div class=\"\"><img decoding=\"async\" class=\"box-image mb-0\" src=\"https:\/\/adragos-pharma.com\/wp-content\/uploads\/2024\/03\/Supply-Chain-1.png\" alt=\"\"\/><a href=\"https:\/\/adragos-pharma.com\/de\/unsere-dienstleistungen\/lieferkettenplanung\/\" class=\"box-link text-secondary font-medium\"><h3 class=\"box-title\">Lieferkettenplanung<\/h3><\/a><\/div><p class=\"my-6 box-subtitle\">Effiziente und zuverl\u00e4ssige Lieferketten sind f\u00fcr die Pharmaindustrie von entscheidender Bedeutung. Dank unserer strategischen Standorte k\u00f6nnen wir optimierte Lieferketten- und Planungsdienste anbieten, die eine rechtzeitige Belieferung der M\u00e4rkte gew\u00e4hrleisten.&nbsp;<\/p><a href=\"https:\/\/adragos-pharma.com\/de\/unsere-dienstleistungen\/lieferkettenplanung\/\" class=\"box-link text-secondary font-medium text-4xl\">\u27f6<\/a><\/div><div class=\"top-image text-center relative box bg-light rounded-xl p-8\"><div class=\"\"><img decoding=\"async\" class=\"box-image mb-0\" src=\"https:\/\/adragos-pharma.com\/wp-content\/uploads\/2024\/03\/Stability-Testing.png\" alt=\"\"\/><a href=\"https:\/\/adragos-pharma.com\/de\/unsere-dienstleistungen\/arzneimittelstabilitatstests\/\" class=\"box-link text-secondary font-medium\"><h3 class=\"box-title\">Arzneimittelstabilit\u00e4tstests<\/h3><\/a><\/div><p class=\"my-6 box-subtitle\">Unsere F\u00e4higkeiten erstrecken sich auf umfassende Freisetzungs- und wiederkehrende Tests, die die Etablierung von Methoden, Rohstofftests, prozessbegleitende chemische Tests, Wirkstoff- und Produktfreigabetests, ICH-Stabilit\u00e4tstests und Vergleichstests umfassen.&nbsp;<\/p><a href=\"https:\/\/adragos-pharma.com\/de\/unsere-dienstleistungen\/arzneimittelstabilitatstests\/\" class=\"box-link text-secondary font-medium text-4xl\">\u27f6<\/a><\/div><div class=\"top-image text-center relative box bg-light rounded-xl p-8\"><div class=\"\"><img decoding=\"async\" class=\"box-image mb-0\" src=\"https:\/\/adragos-pharma.com\/wp-content\/uploads\/2024\/04\/Cold-Chain-Management-Pink.png\" alt=\"\"\/><a href=\"https:\/\/adragos-pharma.com\/de\/unsere-dienstleistungen\/kuhlkettenmanagement\/\" class=\"box-link text-secondary font-medium\"><h3 class=\"box-title\">K\u00fchlkettenmanagement\u00a0<\/h3><\/a><\/div><p class=\"my-6 box-subtitle\">Ein effektives K\u00fchlkettenmanagement ist f\u00fcr die Aufrechterhaltung der Qualit\u00e4t temperaturempfindlicher Arzneimittel unerl\u00e4sslich. Unsere Einrichtungen bieten umfassende L\u00f6sungen, die den sicheren und gesetzeskonformen Umgang mit den Produkten unserer Kunden w\u00e4hrend des gesamten Prozesses gew\u00e4hrleisten.&nbsp;<\/p><a href=\"https:\/\/adragos-pharma.com\/de\/unsere-dienstleistungen\/kuhlkettenmanagement\/\" class=\"box-link text-secondary font-medium text-4xl\">\u27f6<\/a><\/div><div class=\"top-image text-center relative box bg-light rounded-xl p-8\"><div class=\"\"><img decoding=\"async\" class=\"box-image mb-0\" src=\"https:\/\/adragos-pharma.com\/wp-content\/uploads\/2024\/03\/Regulatory-Services.png\" alt=\"\"\/><a href=\"https:\/\/adragos-pharma.com\/de\/unsere-dienstleistungen\/regulatorische-dienstleistungen\/\" class=\"box-link text-secondary font-medium\"><h3 class=\"box-title\">Regulatorische Dienstleistungen\u00a0<\/h3><\/a><\/div><p class=\"my-6 box-subtitle\">Unsere Unterst\u00fctzung kann unseren Kunden helfen, sich in der komplexen Landschaft der pharmazeutischen Vorschriften zurechtzufinden. Von der Beratung und Einreichungsstrategie \u00fcber die Zusammenstellung des Dossiers, die Einreichung und die Nachbereitung bis zur Erteilung der Marktzulassung (MA) und der Nachzulassung.&nbsp;&nbsp;<br><br><\/p><a href=\"https:\/\/adragos-pharma.com\/de\/unsere-dienstleistungen\/regulatorische-dienstleistungen\/\" class=\"box-link text-secondary font-medium text-4xl\">\u27f6<\/a><\/div><\/div><\/section>\n\n\n\n<div class=\"wp-block-columns is-layout-flex wp-container-core-columns-is-layout-9d6595d7 wp-block-columns-is-layout-flex\">\n<div class=\"wp-block-column is-layout-flow wp-block-column-is-layout-flow\">\n<section class=\"wp-block-adragos-blocks-footer-cta max-w-screen-lg bg-light mx-8 md:mx-auto px-8 py-12 text-center mt-3 mb-12 md:mb-16 rounded-xl md:mb-24 mx-auto\"><h2 class=\"\">Nimmt Kontakt zu uns auf!<\/h2><p class=\"subtitle font-light m-auto max-w-screen-sm py-6\">F\u00fcr weitere Informationen zu unserem Unternehmen und unseren Dienstleistungen wende Sie sich direkt an unser Team.<\/p><div class=\"flex flex-col md:flex-row justify-center gap-4\"><a href=\"https:\/\/adragos-pharma.com\/de\/kontakt\/\" class=\"cta-link inline-block adragos-button text-white has-primary-background-color text-center\">Senden Sie eine Nachricht<\/a><a href=\"https:\/\/meetings-eu1.hubspot.com\/lydia-marinou?ref=our-services-de-button\" class=\"cta-link2 inline-block adragos-button text-white has-secondary-background-color text-center\" target=\"_blank\" rel=\"noopener\">Vereinbaren Sie einen Termin<\/a><\/div><\/section>\n<\/div>\n<\/div>\n","protected":false},"excerpt":{"rendered":"<p>Entdecken Sie unsere Dienstleistungen<\/p>\n","protected":false},"author":1,"featured_media":0,"parent":0,"menu_order":0,"comment_status":"closed","ping_status":"closed","template":"","meta":{"content-type":"","inline_featured_image":false,"footnotes":""},"class_list":["post-6622","page","type-page","status-publish","hentry"],"_links":{"self":[{"href":"https:\/\/adragos-pharma.com\/de\/wp-json\/wp\/v2\/pages\/6622","targetHints":{"allow":["GET"]}}],"collection":[{"href":"https:\/\/adragos-pharma.com\/de\/wp-json\/wp\/v2\/pages"}],"about":[{"href":"https:\/\/adragos-pharma.com\/de\/wp-json\/wp\/v2\/types\/page"}],"author":[{"embeddable":true,"href":"https:\/\/adragos-pharma.com\/de\/wp-json\/wp\/v2\/users\/1"}],"replies":[{"embeddable":true,"href":"https:\/\/adragos-pharma.com\/de\/wp-json\/wp\/v2\/comments?post=6622"}],"version-history":[{"count":20,"href":"https:\/\/adragos-pharma.com\/de\/wp-json\/wp\/v2\/pages\/6622\/revisions"}],"predecessor-version":[{"id":20864,"href":"https:\/\/adragos-pharma.com\/de\/wp-json\/wp\/v2\/pages\/6622\/revisions\/20864"}],"wp:attachment":[{"href":"https:\/\/adragos-pharma.com\/de\/wp-json\/wp\/v2\/media?parent=6622"}],"curies":[{"name":"wp","href":"https:\/\/api.w.org\/{rel}","templated":true}]}}