{"id":7197,"date":"2024-03-11T12:22:26","date_gmt":"2024-03-11T10:22:26","guid":{"rendered":"https:\/\/adragos-pharma.com\/?page_id=7197"},"modified":"2025-07-17T11:13:57","modified_gmt":"2025-07-17T09:13:57","slug":"zapfchen","status":"publish","type":"page","link":"https:\/\/adragos-pharma.com\/de\/kommerzielle-produktion\/zapfchen\/","title":{"rendered":"Z\u00e4pfchen"},"content":{"rendered":"\n<section class=\"wp-block-adragos-blocks-header relative has-primary-background-color bg-pattern bg-cover max-w-full bg-bottom px-3 pt-10 pb-44 md:pt-16 md:pb-44 has-secondary-background-color has-background\"><div class=\"relative z-30 max-w-screen-xl px-6 m-auto\"><nav class=\"flex mb-4\" aria-label=\"Breadcrumb\"><ol class=\"inline-flex items-center space-x-1 md:space-x-2 rtl:space-x-reverse\"><li class=\"inline-flex items-center\"><a href=\"https:\/\/adragos-pharma.com\/de\/\" class=\"inline-flex items-center text-sm font-medium text-white hover:text-primary\"><svg class=\"w-3 h-3 me-2.5\" aria-hidden=\"true\" xmlns=\"http:\/\/www.w3.org\/2000\/svg\" fill=\"currentColor\" viewBox=\"0 0 20 20\"><path d=\"m19.707 9.293-2-2-7-7a1 1 0 0 0-1.414 0l-7 7-2 2a1 1 0 0 0 1.414 1.414L2 10.414V18a2 2 0 0 0 2 2h3a1 1 0 0 0 1-1v-4a1 1 0 0 1 1-1h2a1 1 0 0 1 1 1v4a1 1 0 0 0 1 1h3a2 2 0 0 0 2-2v-7.586l.293.293a1 1 0 0 0 1.414-1.414Z\"><\/path><\/svg>Home<\/a><\/li><li><div class=\"flex items-center\"><svg class=\"rtl:rotate-180 w-3 h-3 text-white mx-1\" aria-hidden=\"true\" xmlns=\"http:\/\/www.w3.org\/2000\/svg\" fill=\"none\" viewBox=\"0 0 6 10\"><path stroke=\"currentColor\" stroke-linecap=\"round\" stroke-linejoin=\"round\" stroke-width=\"2\" d=\"m1 9 4-4-4-4\"><\/path><\/svg><a href=\"https:\/\/adragos-pharma.com\/de\/kommerzielle-produktion\/\" class=\"ms-1 text-sm font-medium text-white hover:text-primary md:ms-2\">Kommerzielle Produktion<\/a><\/div><\/li><li class=\"hidden md:inline-block\" aria-current=\"page\"><div class=\"flex items-center\"><svg class=\"rtl:rotate-180 w-3 h-3 text-white mx-1\" aria-hidden=\"true\" xmlns=\"http:\/\/www.w3.org\/2000\/svg\" fill=\"none\" viewBox=\"0 0 6 10\"><path stroke=\"currentColor\" stroke-linecap=\"round\" stroke-linejoin=\"round\" stroke-width=\"2\" d=\"m1 9 4-4-4-4\"><\/path><\/svg><span class=\"ms-1 text-sm font-medium text-white md:ms-2\">Z\u00e4pfchen<\/span><\/div><\/li><\/ol><\/nav><h1 class=\"text-3xl md:text-4xl text-white\">Z\u00e4pfchen<\/h1><\/div><div class=\"bg-wave absolute left-0 bottom-0 h-52 bg-repeat-x bg-[center_bottom] w-full\"><\/div><\/section>\n\n\n\n<div style=\"height:30px\" aria-hidden=\"true\" class=\"wp-block-spacer\"><\/div>\n\n\n\n<h2 class=\"wp-block-heading has-text-align-center\">Wir bieten Herstellung von Z\u00e4pfchen<\/h2>\n\n\n\n<div class=\"wp-block-columns max-w-screen-xl w-full is-wide px-0 md:px-8 is-layout-flex wp-container-core-columns-is-layout-9d6595d7 wp-block-columns-is-layout-flex\">\n<div class=\"wp-block-column is-layout-flow wp-block-column-is-layout-flow\">\n<p>An unserem hochmodernen Standort Adragos Livron sind wir auf die Entwicklung und Herstellung von Z\u00e4pchen in Premium-Qualit\u00e4t spezialisiert und greifen dabei auf mehr als ein Jahrhundert pharmazeutische Expertise zur\u00fcck. Dank modernster Infrastruktur, flexibler Chargengr\u00f6\u00dfen und eines umfassenden Serviceportfolios \u2013 von Stabilit\u00e4tsstudien \u00fcber den Umgang mit Bet\u00e4ubungsmitteln bis hin zu analytischen Tests \u2013 gew\u00e4hrleisten wir h\u00f6chste Pr\u00e4zision, Effizienz und volle Konformit\u00e4t mit internationalen Zulassungs- und Qualit\u00e4tsstandards.<\/p>\n<\/div>\n<\/div><style>\n            .wp-block-columns.is-wide {\n\t\t\t\tmax-width: 1280px!important;\n\t\t\t\tmargin-left: auto!important;\n\t\t\t\tmargin-right: auto!important;\n            }\n        <\/style>\n\n\n\n<div class=\"wp-block-columns is-layout-flex wp-container-core-columns-is-layout-9d6595d7 wp-block-columns-is-layout-flex\">\n<div class=\"wp-block-column is-vertically-aligned-center is-layout-flow wp-block-column-is-layout-flow\" style=\"flex-basis:33.33%\"><div class=\"wp-block-image\">\n<figure class=\"aligncenter size-full is-resized\"><img decoding=\"async\" width=\"385\" height=\"385\" src=\"https:\/\/adragos-pharma.com\/wp-content\/uploads\/2025\/04\/Supositories-Purple.png\" alt=\"\" class=\"wp-image-17264\" style=\"width:135px;height:auto\" srcset=\"https:\/\/adragos-pharma.com\/wp-content\/uploads\/2025\/04\/Supositories-Purple.png 385w, https:\/\/adragos-pharma.com\/wp-content\/uploads\/2025\/04\/Supositories-Purple-300x300.png 300w, https:\/\/adragos-pharma.com\/wp-content\/uploads\/2025\/04\/Supositories-Purple-150x150.png 150w\" sizes=\"(max-width: 385px) 100vw, 385px\" \/><\/figure>\n<\/div>\n\n\n<h2 class=\"wp-block-heading alignwide has-text-align-center\"><strong>Rektalz\u00e4pfchen<\/strong><\/h2>\n<\/div>\n\n\n\n<div class=\"wp-block-column is-layout-flow wp-block-column-is-layout-flow\" style=\"flex-basis:66.66%\">\n<p>Rektalz\u00e4pfchen sind feste Darreichungsformen, die zum Einf\u00fchren in den Enddarm bestimmt sind, wo sie sich aufl\u00f6sen oder schmelzen, um Wirkstoffe freizusetzen. Sie erm\u00f6glichen eine wirksame lokale oder systemische Therapie und werden h\u00e4ufig zur Behandlung von Obstipation, H\u00e4morrhoiden und Schmerzen eingesetzt.<\/p>\n\n\n\n<ul class=\"wp-block-list\">\n<li>Direkte Wirkstoffabsorption \u00fcber die Rektalschleimhaut<\/li>\n\n\n\n<li>Ideal f\u00fcr Patienten mit Schluckbeschwerden oder \u00dcbelkeit<\/li>\n\n\n\n<li>Umgeht den First-Pass-Metabolismus f\u00fcr verbesserte Wirksamkeit<\/li>\n\n\n\n<li>Bietet gezielte Linderung bei gastrointestinalen und Analgesie<\/li>\n\n\n\n<li>Hergestellt unter strengen Qualit\u00e4ts- und regulatorischen Standards<\/li>\n<\/ul>\n<\/div>\n<\/div>\n\n\n\n<hr class=\"wp-block-separator has-alpha-channel-opacity\"\/>\n\n\n\n<div class=\"wp-block-columns is-layout-flex wp-container-core-columns-is-layout-9d6595d7 wp-block-columns-is-layout-flex\">\n<div class=\"wp-block-column is-vertically-aligned-center is-layout-flow wp-block-column-is-layout-flow\" style=\"flex-basis:33.33%\"><div class=\"wp-block-image\">\n<figure class=\"aligncenter size-full is-resized\"><img decoding=\"async\" width=\"385\" height=\"385\" src=\"https:\/\/adragos-pharma.com\/wp-content\/uploads\/2025\/04\/Supositories-Pink.png\" alt=\"\" class=\"wp-image-17270\" style=\"width:139px;height:auto\" srcset=\"https:\/\/adragos-pharma.com\/wp-content\/uploads\/2025\/04\/Supositories-Pink.png 385w, https:\/\/adragos-pharma.com\/wp-content\/uploads\/2025\/04\/Supositories-Pink-300x300.png 300w, https:\/\/adragos-pharma.com\/wp-content\/uploads\/2025\/04\/Supositories-Pink-150x150.png 150w\" sizes=\"(max-width: 385px) 100vw, 385px\" \/><\/figure>\n<\/div>\n\n\n<h2 class=\"wp-block-heading has-text-align-center\"><strong>Vaginalz\u00e4pfchen<\/strong><\/h2>\n<\/div>\n\n\n\n<div class=\"wp-block-column is-layout-flow wp-block-column-is-layout-flow\" style=\"flex-basis:66.66%\">\n<p>Vaginalsuppositorien (Vaginalz\u00e4pfchen) sind speziell f\u00fcr die intravaginale Anwendung entwickelte feste Darreichungsformen. Sie erm\u00f6glichen eine kontrollierte Freisetzung der Wirkstoffe und werden in der Gyn\u00e4kologie unter anderem zur Behandlung von Infektionen, zur Hormontherapie sowie zur Kontrazeption eingesetzt.<\/p>\n\n\n\n<ul class=\"wp-block-list\">\n<li>Gew\u00e4hrleistet eine lokalisierte Wirkstoffabgabe mit minimalen systemischen Auswirkungen<\/li>\n\n\n\n<li>H\u00e4ufig angewendet bei antimykotischen, antibakteriellen und hormonellen Therapien<\/li>\n\n\n\n<li>Unterst\u00fctzt eine kontrollierte und nachhaltige Freisetzung f\u00fcr eine l\u00e4ngere Wirksamkeit<\/li>\n\n\n\n<li>Bietet eine komfortable und einfach anzuwendende Alternative zu oralen Medikamenten<\/li>\n\n\n\n<li>Hergestellt unter strengen Qualit\u00e4ts- und Sicherheitsbestimmungen<\/li>\n<\/ul>\n<\/div>\n<\/div>\n\n\n\n<div class=\"wp-block-columns is-layout-flex wp-container-core-columns-is-layout-9d6595d7 wp-block-columns-is-layout-flex\">\n<div class=\"wp-block-column is-layout-flow wp-block-column-is-layout-flow\"><\/div>\n<\/div>\n\n\n\n<div class=\"wp-block-columns max-w-screen-xl w-full is-wide px-0 md:px-8 is-layout-flex wp-container-core-columns-is-layout-9d6595d7 wp-block-columns-is-layout-flex\">\n<div class=\"wp-block-column is-layout-flow wp-block-column-is-layout-flow\">\n<div class=\"wp-block-cover is-light\"><img decoding=\"async\" width=\"2560\" height=\"1407\" class=\"wp-block-cover__image-background wp-image-17070\" alt=\"\" src=\"https:\/\/adragos-pharma.com\/wp-content\/uploads\/2025\/04\/Livron-Large-New-Logo-1-scaled.jpg\" data-object-fit=\"cover\" srcset=\"https:\/\/adragos-pharma.com\/wp-content\/uploads\/2025\/04\/Livron-Large-New-Logo-1-scaled.jpg 2560w, https:\/\/adragos-pharma.com\/wp-content\/uploads\/2025\/04\/Livron-Large-New-Logo-1-300x165.jpg 300w, https:\/\/adragos-pharma.com\/wp-content\/uploads\/2025\/04\/Livron-Large-New-Logo-1-1024x563.jpg 1024w, https:\/\/adragos-pharma.com\/wp-content\/uploads\/2025\/04\/Livron-Large-New-Logo-1-768x422.jpg 768w, https:\/\/adragos-pharma.com\/wp-content\/uploads\/2025\/04\/Livron-Large-New-Logo-1-1536x844.jpg 1536w, https:\/\/adragos-pharma.com\/wp-content\/uploads\/2025\/04\/Livron-Large-New-Logo-1-2048x1125.jpg 2048w\" sizes=\"(max-width: 2560px) 100vw, 2560px\" \/><span aria-hidden=\"true\" class=\"wp-block-cover__background has-background-dim\" style=\"background-color:#9b999a\"><\/span><div class=\"wp-block-cover__inner-container is-layout-constrained wp-block-cover-is-layout-constrained\">\n<div class=\"wp-block-columns is-layout-flex wp-container-core-columns-is-layout-9d6595d7 wp-block-columns-is-layout-flex\">\n<div class=\"wp-block-column has-background is-layout-flow wp-block-column-is-layout-flow\" style=\"background-color:#ced4f994;padding-top:30px;padding-right:30px;padding-bottom:30px;padding-left:30px\">\n<h2 class=\"wp-block-heading\"><strong>Unsere Anlage in Livron, Frankreich<\/strong><\/h2>\n\n\n\n<p>Unser Standort in Frankreich ist auf die Herstellung von Suppositorien spezialisiert und bietet dar\u00fcber hinaus umfassende Stabilit\u00e4tsstudien sowie analytische Pr\u00fcfungen an.<\/p>\n\n\n\n<ul class=\"wp-block-list\">\n<li><strong>Kapazit\u00e4t<\/strong>:<\/li>\n\n\n\n<li>Automatisierte Produktion: Chargengr\u00f6\u00dfen 500 \u2013 2.000 kg<\/li>\n\n\n\n<li>Standard-Produktion: Chargengr\u00f6\u00dfen 100 \u2013 600 kg<\/li>\n\n\n\n<li><strong>Verpackung<\/strong><\/li>\n\n\n\n<li>2 Abf\u00fcllmaschinen und Verpackungslinie f\u00fcr PVC-PE und PVC\/PVDC\/PE<\/li>\n\n\n\n<li>1 Abf\u00fcllmaschine und Verpackungslinie PVC-PE ALU-ALU<\/li>\n\n\n\n<li>Standort anzeigen<\/li>\n<\/ul>\n\n\n\n<div class=\"wp-block-buttons is-layout-flex wp-block-buttons-is-layout-flex\">\n<div class=\"wp-block-button\"><a class=\"wp-block-button__link has-dark-blue-background-color has-background wp-element-button\" href=\"https:\/\/adragos-pharma.com\/de\/livron-frankreich\/\">Standort anzeigen<\/a><\/div>\n<\/div>\n<\/div>\n\n\n\n<div class=\"wp-block-column is-layout-flow wp-block-column-is-layout-flow\" style=\"padding-top:30px;padding-right:30px;padding-bottom:30px;padding-left:30px\">\n<p><\/p>\n<\/div>\n<\/div>\n<\/div><\/div>\n<\/div>\n<\/div><style>\n            .wp-block-columns.is-wide {\n\t\t\t\tmax-width: 1280px!important;\n\t\t\t\tmargin-left: auto!important;\n\t\t\t\tmargin-right: auto!important;\n            }\n        <\/style>\n\n\n\n<div class=\"wp-block-columns is-layout-flex wp-container-core-columns-is-layout-9d6595d7 wp-block-columns-is-layout-flex\">\n<div class=\"wp-block-column is-layout-flow wp-block-column-is-layout-flow\"><\/div>\n\n\n\n<div class=\"wp-block-column is-layout-flow wp-block-column-is-layout-flow\"><\/div>\n<\/div>\n\n\n\n<div class=\"wp-block-columns tw-rounded-xl is-layout-flex wp-container-core-columns-is-layout-abbe5815 wp-block-columns-is-layout-flex\" style=\"padding-top:0;padding-right:0;padding-bottom:0;padding-left:0\">\n<div class=\"wp-block-column is-layout-flow wp-block-column-is-layout-flow\"><\/div>\n\n\n\n<div class=\"wp-block-column is-layout-flow wp-block-column-is-layout-flow\"><\/div>\n<\/div>\n\n\n\n<div class=\"wp-block-columns is-layout-flex wp-container-core-columns-is-layout-9d6595d7 wp-block-columns-is-layout-flex\">\n<div class=\"wp-block-column is-layout-flow wp-block-column-is-layout-flow\" style=\"flex-basis:100%\">\n<section class=\"wp-block-adragos-blocks-footer-cta max-w-screen-lg bg-light mx-8 md:mx-auto px-8 py-12 text-center mt-3 mb-12 md:mb-16 rounded-xl md:mb-24 mx-auto\"><h2 class=\"\">Nimmt Kontakt zu uns auf!<\/h2><p class=\"subtitle font-light m-auto max-w-screen-sm py-6\">F\u00fcr weitere Informationen zu unserem Unternehmen und unseren Dienstleistungen wende Sie sich direkt an unser Team.<\/p><div class=\"flex flex-col md:flex-row justify-center gap-4\"><a href=\"https:\/\/adragos-pharma.com\/de\/kontakt\/\" class=\"cta-link inline-block adragos-button text-white has-primary-background-color text-center\">Senden Sie eine Nachricht<\/a><a href=\"https:\/\/meetings-eu1.hubspot.com\/lydia-marinou?ref=suppositories-de-button\" class=\"cta-link2 inline-block adragos-button text-white has-secondary-background-color text-center\" target=\"_blank\" rel=\"noopener\">Vereinbaren Sie einen Termin<\/a><\/div><\/section>\n<\/div>\n<\/div>\n","protected":false},"excerpt":{"rendered":"<p>Wir bieten Herstellung von Z\u00e4pfchen An unserem hochmodernen Standort Adragos Livron sind wir auf die Entwicklung und Herstellung von Z\u00e4pchen in Premium-Qualit\u00e4t spezialisiert und greifen dabei auf mehr als ein Jahrhundert pharmazeutische Expertise zur\u00fcck. Dank modernster Infrastruktur, flexibler Chargengr\u00f6\u00dfen und [&hellip;]<\/p>\n","protected":false},"author":1,"featured_media":0,"parent":6582,"menu_order":0,"comment_status":"closed","ping_status":"closed","template":"","meta":{"content-type":"","inline_featured_image":false,"footnotes":""},"class_list":["post-7197","page","type-page","status-publish","hentry"],"_links":{"self":[{"href":"https:\/\/adragos-pharma.com\/de\/wp-json\/wp\/v2\/pages\/7197","targetHints":{"allow":["GET"]}}],"collection":[{"href":"https:\/\/adragos-pharma.com\/de\/wp-json\/wp\/v2\/pages"}],"about":[{"href":"https:\/\/adragos-pharma.com\/de\/wp-json\/wp\/v2\/types\/page"}],"author":[{"embeddable":true,"href":"https:\/\/adragos-pharma.com\/de\/wp-json\/wp\/v2\/users\/1"}],"replies":[{"embeddable":true,"href":"https:\/\/adragos-pharma.com\/de\/wp-json\/wp\/v2\/comments?post=7197"}],"version-history":[{"count":18,"href":"https:\/\/adragos-pharma.com\/de\/wp-json\/wp\/v2\/pages\/7197\/revisions"}],"predecessor-version":[{"id":20863,"href":"https:\/\/adragos-pharma.com\/de\/wp-json\/wp\/v2\/pages\/7197\/revisions\/20863"}],"up":[{"embeddable":true,"href":"https:\/\/adragos-pharma.com\/de\/wp-json\/wp\/v2\/pages\/6582"}],"wp:attachment":[{"href":"https:\/\/adragos-pharma.com\/de\/wp-json\/wp\/v2\/media?parent=7197"}],"curies":[{"name":"wp","href":"https:\/\/api.w.org\/{rel}","templated":true}]}}