{"id":7200,"date":"2024-03-11T12:20:51","date_gmt":"2024-03-11T10:20:51","guid":{"rendered":"https:\/\/adragos-pharma.com\/?page_id=7200"},"modified":"2025-07-17T11:07:31","modified_gmt":"2025-07-17T09:07:31","slug":"orale-feststoffe","status":"publish","type":"page","link":"https:\/\/adragos-pharma.com\/de\/kommerzielle-produktion\/orale-feststoffe\/","title":{"rendered":"Orale Feststoffe"},"content":{"rendered":"\n<section class=\"wp-block-adragos-blocks-header relative has-primary-background-color bg-pattern bg-cover max-w-full bg-bottom px-3 pt-10 pb-44 md:pt-16 md:pb-44 has-secondary-background-color has-background\"><div class=\"relative z-30 max-w-screen-xl px-6 m-auto\"><nav class=\"flex mb-4\" aria-label=\"Breadcrumb\"><ol class=\"inline-flex items-center space-x-1 md:space-x-2 rtl:space-x-reverse\"><li class=\"inline-flex items-center\"><a href=\"https:\/\/adragos-pharma.com\/de\/\" class=\"inline-flex items-center text-sm font-medium text-white hover:text-primary\"><svg class=\"w-3 h-3 me-2.5\" aria-hidden=\"true\" xmlns=\"http:\/\/www.w3.org\/2000\/svg\" fill=\"currentColor\" viewBox=\"0 0 20 20\"><path d=\"m19.707 9.293-2-2-7-7a1 1 0 0 0-1.414 0l-7 7-2 2a1 1 0 0 0 1.414 1.414L2 10.414V18a2 2 0 0 0 2 2h3a1 1 0 0 0 1-1v-4a1 1 0 0 1 1-1h2a1 1 0 0 1 1 1v4a1 1 0 0 0 1 1h3a2 2 0 0 0 2-2v-7.586l.293.293a1 1 0 0 0 1.414-1.414Z\"><\/path><\/svg>Home<\/a><\/li><li><div class=\"flex items-center\"><svg class=\"rtl:rotate-180 w-3 h-3 text-white mx-1\" aria-hidden=\"true\" xmlns=\"http:\/\/www.w3.org\/2000\/svg\" fill=\"none\" viewBox=\"0 0 6 10\"><path stroke=\"currentColor\" stroke-linecap=\"round\" stroke-linejoin=\"round\" stroke-width=\"2\" d=\"m1 9 4-4-4-4\"><\/path><\/svg><a href=\"https:\/\/adragos-pharma.com\/de\/kommerzielle-produktion\/\" class=\"ms-1 text-sm font-medium text-white hover:text-primary md:ms-2\">Kommerzielle Produktion<\/a><\/div><\/li><li class=\"hidden md:inline-block\" aria-current=\"page\"><div class=\"flex items-center\"><svg class=\"rtl:rotate-180 w-3 h-3 text-white mx-1\" aria-hidden=\"true\" xmlns=\"http:\/\/www.w3.org\/2000\/svg\" fill=\"none\" viewBox=\"0 0 6 10\"><path stroke=\"currentColor\" stroke-linecap=\"round\" stroke-linejoin=\"round\" stroke-width=\"2\" d=\"m1 9 4-4-4-4\"><\/path><\/svg><span class=\"ms-1 text-sm font-medium text-white md:ms-2\">Orale Feststoffe<\/span><\/div><\/li><\/ol><\/nav><h1 class=\"text-3xl md:text-4xl text-white\">Orale Feststoffe<\/h1><\/div><div class=\"bg-wave absolute left-0 bottom-0 h-52 bg-repeat-x bg-[center_bottom] w-full\"><\/div><\/section>\n\n\n\n<div class=\"wp-block-columns max-w-screen-xl w-full is-wide px-0 md:px-8 is-layout-flex wp-container-core-columns-is-layout-9d6595d7 wp-block-columns-is-layout-flex\">\n<div class=\"wp-block-column is-layout-flow wp-block-column-is-layout-flow\">\n<p>Wir sind Experten in der Herstellung hochwertiger oraler fester Darreichungsformen (Tabletten), die Spitzentechnologie mit jahrzehntelanger Erfahrung verbinden.<\/p>\n\n\n\n<p>Unsere fortschrittliche Einrichtung (hochmoderne Anlage) ist f\u00fcr pr\u00e4zisionsgesteuerte Granulierung, Kompression und Filmbeschichtung ausgestattet, einschlie\u00dflich semi-kontinuierlicher Prozesse, die die Effizienz und Produktkonsistenz verbessern. Mit einem Team von \u00fcber 330 hochqualifizierten Fachkr\u00e4ften und einem der gr\u00f6\u00dften K\u00fchlhauslager Japans stellt unsere Anlage in Kawagoe eine reibungslose Produktion, strenge Qualit\u00e4tskontrolle und die Einhaltung globaler pharmazeutischer Vorschriften sicher.<\/p>\n<\/div>\n<\/div><style>\n            .wp-block-columns.is-wide {\n\t\t\t\tmax-width: 1280px!important;\n\t\t\t\tmargin-left: auto!important;\n\t\t\t\tmargin-right: auto!important;\n            }\n        <\/style>\n\n\n\n<div class=\"wp-block-columns max-w-screen-xl w-full is-wide px-0 md:px-8 is-layout-flex wp-container-core-columns-is-layout-9d6595d7 wp-block-columns-is-layout-flex\">\n<div class=\"wp-block-column is-layout-flow wp-block-column-is-layout-flow\" style=\"flex-basis:33.33%\"><div class=\"wp-block-image\">\n<figure class=\"aligncenter size-full is-resized\"><img decoding=\"async\" width=\"385\" height=\"385\" src=\"https:\/\/adragos-pharma.com\/wp-content\/uploads\/2025\/04\/Uncoated-Tablets.png\" alt=\"\" class=\"wp-image-17296\" style=\"width:114px\" srcset=\"https:\/\/adragos-pharma.com\/wp-content\/uploads\/2025\/04\/Uncoated-Tablets.png 385w, https:\/\/adragos-pharma.com\/wp-content\/uploads\/2025\/04\/Uncoated-Tablets-300x300.png 300w, https:\/\/adragos-pharma.com\/wp-content\/uploads\/2025\/04\/Uncoated-Tablets-150x150.png 150w\" sizes=\"(max-width: 385px) 100vw, 385px\" \/><\/figure>\n<\/div>\n\n\n<h2 class=\"wp-block-heading has-text-align-center\"><strong>Unbeschichtete Tabletten<\/strong><\/h2>\n<\/div>\n\n\n\n<div class=\"wp-block-column is-layout-flow wp-block-column-is-layout-flow\" style=\"flex-basis:66.66%\">\n<p>Unbeschichtete Tabletten stellen die grundlegendste orale feste Darreichungsform dar: Dabei werden Wirk- und Hilfsstoffe ohne zus\u00e4tzlichen \u00dcberzug zu einem kompakten Kern verpresst. Die Tabletten sind f\u00fcr eine sofortige Wirkstofffreisetzung konzipiert und zerfallen rasch im Gastrointestinaltrakt, sodass der Wirkstoff schnell absorbiert werden kann. Dank ihrer einfachen Formulierung und des kosteneffizienten Herstellprozesses finden unbeschichtete Tabletten in zahlreichen Therapiegebieten breite Anwendung.<\/p>\n\n\n\n<ul class=\"wp-block-list\">\n<li>Kosteng\u00fcnstig und einfach herzustellen, was sie zu einer idealen Wahl f\u00fcr die Massenproduktion macht<\/li>\n\n\n\n<li>Schnelle Aufl\u00f6sung und Absorption im Magen, f\u00fcr einen z\u00fcgigen Wirkungseintritt<\/li>\n\n\n\n<li>Geeignet f\u00fcr eine breite Palette von pharmazeutischen Wirkstoffen (APIs), von Schmerzmitteln \u00fcber Antibiotika bis hin zu Vitaminen<\/li>\n\n\n\n<li>Flexible Formulierungsoptionen, die verschiedene Gr\u00f6\u00dfen, Formen und Kerbungen zur Dosisanpassung erm\u00f6glichen<\/li>\n<\/ul>\n<\/div>\n<\/div><style>\n            .wp-block-columns.is-wide {\n\t\t\t\tmax-width: 1280px!important;\n\t\t\t\tmargin-left: auto!important;\n\t\t\t\tmargin-right: auto!important;\n            }\n        <\/style>\n\n\n\n<hr class=\"wp-block-separator has-alpha-channel-opacity\"\/>\n\n\n\n<div class=\"wp-block-columns max-w-screen-xl w-full is-wide px-0 md:px-8 is-layout-flex wp-container-core-columns-is-layout-9d6595d7 wp-block-columns-is-layout-flex\">\n<div class=\"wp-block-column is-layout-flow wp-block-column-is-layout-flow\" style=\"flex-basis:33.33%\"><div class=\"wp-block-image\">\n<figure class=\"aligncenter size-full is-resized\"><img decoding=\"async\" width=\"385\" height=\"385\" src=\"https:\/\/adragos-pharma.com\/wp-content\/uploads\/2025\/04\/Film-coated-Tablets@4x.png\" alt=\"\" class=\"wp-image-17284\" style=\"width:114px\" srcset=\"https:\/\/adragos-pharma.com\/wp-content\/uploads\/2025\/04\/Film-coated-Tablets@4x.png 385w, https:\/\/adragos-pharma.com\/wp-content\/uploads\/2025\/04\/Film-coated-Tablets@4x-300x300.png 300w, https:\/\/adragos-pharma.com\/wp-content\/uploads\/2025\/04\/Film-coated-Tablets@4x-150x150.png 150w\" sizes=\"(max-width: 385px) 100vw, 385px\" \/><\/figure>\n<\/div>\n\n\n<h2 class=\"wp-block-heading has-text-align-center\"><strong><strong>Filmtabletten<\/strong><\/strong><\/h2>\n<\/div>\n\n\n\n<div class=\"wp-block-column is-layout-flow wp-block-column-is-layout-flow\" style=\"flex-basis:66.66%\">\n<p>Filmtabletten sind feste Darreichungsformen, deren Kern mit einer d\u00fcnnen Polymerh\u00fclle \u00fcberzogen ist. Dieser Film erh\u00f6ht die Stabilit\u00e4t, kaschiert den Geschmack und erleichtert das Schlucken. Der \u00dcberzug kann wasser- oder l\u00f6sungsmittelbasiert angewendet werden und wird gezielt auf den Wirkstoff abgestimmt, um Schutz und eine optimierte Wirkstofffreisetzung zu gew\u00e4hrleisten.<\/p>\n\n\n\n<ul class=\"wp-block-list\">\n<li>Wasser- oder l\u00f6sungsmittelbasierte Beschichtungsoptionen bieten Flexibilit\u00e4t bei der Formulierung, um unterschiedliche Stabilit\u00e4tsanforderungen zu erf\u00fcllen<\/li>\n\n\n\n<li>Sch\u00fctzt Wirkstoffe vor Feuchtigkeit und Oxidation, verl\u00e4ngert die Haltbarkeit und gew\u00e4hrleistet die Wirksamkeit<\/li>\n\n\n\n<li>Verbessert die Patientenadh\u00e4renz mit einer glatteren Textur, die Schluckbeschwerden reduziert<\/li>\n\n\n\n<li>Gleichm\u00e4\u00dfige Farbgebung und Glanz steigern die optische Attraktivit\u00e4t und unterst\u00fctzen Produktdifferenzierung sowie Markenauftritt<\/li>\n<\/ul>\n<\/div>\n<\/div><style>\n            .wp-block-columns.is-wide {\n\t\t\t\tmax-width: 1280px!important;\n\t\t\t\tmargin-left: auto!important;\n\t\t\t\tmargin-right: auto!important;\n            }\n        <\/style>\n\n\n\n<hr class=\"wp-block-separator has-alpha-channel-opacity\"\/>\n\n\n\n<div class=\"wp-block-columns max-w-screen-xl w-full is-wide px-0 md:px-8 is-layout-flex wp-container-core-columns-is-layout-9d6595d7 wp-block-columns-is-layout-flex\">\n<div class=\"wp-block-column is-layout-flow wp-block-column-is-layout-flow\" style=\"flex-basis:33.33%\"><div class=\"wp-block-image\">\n<figure class=\"aligncenter size-full is-resized\"><img decoding=\"async\" width=\"385\" height=\"385\" src=\"https:\/\/adragos-pharma.com\/wp-content\/uploads\/2025\/04\/Orally-Dissolving-Tablets-ODT@4x.png\" alt=\"\" class=\"wp-image-17278\" style=\"width:114px\" srcset=\"https:\/\/adragos-pharma.com\/wp-content\/uploads\/2025\/04\/Orally-Dissolving-Tablets-ODT@4x.png 385w, https:\/\/adragos-pharma.com\/wp-content\/uploads\/2025\/04\/Orally-Dissolving-Tablets-ODT@4x-300x300.png 300w, https:\/\/adragos-pharma.com\/wp-content\/uploads\/2025\/04\/Orally-Dissolving-Tablets-ODT@4x-150x150.png 150w\" sizes=\"(max-width: 385px) 100vw, 385px\" \/><\/figure>\n<\/div>\n\n\n<h2 class=\"wp-block-heading has-text-align-center\"><strong>Orally Dissolving Tablets (ODT)<\/strong><\/h2>\n<\/div>\n\n\n\n<div class=\"wp-block-column is-layout-flow wp-block-column-is-layout-flow\" style=\"flex-basis:66.66%\">\n<p>Orodispersible Tabletten (ODTs) sind so konzipiert, dass sie sich schnell auf der Zunge aufl\u00f6sen, ohne dass Wasser ben\u00f6tigt wird. Sie bieten eine bequeme Alternative zu herk\u00f6mmlichen Tabletten und sind besonders vorteilhaft f\u00fcr Patienten mit Schluckbeschwerden, wie z. B. Kinder, \u00e4ltere Menschen oder Menschen mit Dysphagie.<\/p>\n\n\n\n<ul class=\"wp-block-list\">\n<li>Ideal f\u00fcr Patienten mit Schluckst\u00f6rungen \u2013 vermindert das Aspirationsrisiko und verbessert die Therapietreue<\/li>\n\n\n\n<li>Gew\u00e4hrleistet eine schnelle Wirkstoffabsorption \u00fcber die Mundschleimhaut; Umgehung des First-Pass-Metabolismus f\u00fcr einen raschen Wirkungseintritt<\/li>\n\n\n\n<li>Verbessert die Patientenadh\u00e4renz, insbesondere bei Kindern und \u00e4lteren Menschen, die Schwierigkeiten mit herk\u00f6mmlichen Tabletten haben<\/li>\n\n\n\n<li>Tragbar und bequem, was sie zu einer bevorzugten Wahl f\u00fcr die Einnahme von Medikamenten unterwegs macht<\/li>\n<\/ul>\n\n\n\n<hr class=\"wp-block-separator has-text-color has-secondary-color has-alpha-channel-opacity has-secondary-background-color has-background\"\/>\n<\/div>\n<\/div><style>\n            .wp-block-columns.is-wide {\n\t\t\t\tmax-width: 1280px!important;\n\t\t\t\tmargin-left: auto!important;\n\t\t\t\tmargin-right: auto!important;\n            }\n        <\/style>\n\n\n\n<div class=\"wp-block-columns max-w-screen-xl w-full is-wide px-0 md:px-8 is-layout-flex wp-container-core-columns-is-layout-9d6595d7 wp-block-columns-is-layout-flex\">\n<div class=\"wp-block-column is-layout-flow wp-block-column-is-layout-flow\" style=\"flex-basis:33.33%\"><div class=\"wp-block-image\">\n<figure class=\"aligncenter size-full is-resized\"><img decoding=\"async\" width=\"385\" height=\"385\" src=\"https:\/\/adragos-pharma.com\/wp-content\/uploads\/2025\/04\/Multi-Layer-Tablets@4x.png\" alt=\"\" class=\"wp-image-17290\" style=\"width:114px\" srcset=\"https:\/\/adragos-pharma.com\/wp-content\/uploads\/2025\/04\/Multi-Layer-Tablets@4x.png 385w, https:\/\/adragos-pharma.com\/wp-content\/uploads\/2025\/04\/Multi-Layer-Tablets@4x-300x300.png 300w, https:\/\/adragos-pharma.com\/wp-content\/uploads\/2025\/04\/Multi-Layer-Tablets@4x-150x150.png 150w\" sizes=\"(max-width: 385px) 100vw, 385px\" \/><\/figure>\n<\/div>\n\n\n<h2 class=\"wp-block-heading has-text-align-center\"><strong>Double-Layered Tablets<\/strong><\/h2>\n<\/div>\n\n\n\n<div class=\"wp-block-column is-layout-flow wp-block-column-is-layout-flow\" style=\"flex-basis:66.66%\">\n<p>Doppelschichtige Tabletten sind eine Variante von Mehrschichttabletten. Sie bestehen aus zwei \u00fcbereinander gepressten Schichten und erm\u00f6glichen anspruchsvolle Wirkstofffreisetzungs\u00adstrategien. Sie werden f\u00fcr Kombinationstherapien oder zur Erzielung einer kontrollierten und sequentiellen Wirkstofffreisetzung eingesetzt.<\/p>\n\n\n\n<ul class=\"wp-block-list\">\n<li>Sequenzielle bzw. duale Wirkstofffreisetzung \u2013 jede Schicht kann den enthaltenen API zeitlich versetzt freisetzen<\/li>\n\n\n\n<li>H\u00f6here Formulierungsstabilit\u00e4t durch r\u00e4umliche Trennung inkompatibler Komponenten und Vermeidung vorzeitiger Reaktionen.<\/li>\n\n\n\n<li>Unterst\u00fctzt erweiterte oder gezielte Freisetzungsprofile, optimiert die therapeutische Wirksamkeit und reduziert die Dosierungsh\u00e4ufigkeit<\/li>\n\n\n\n<li>Ideal f\u00fcr Kombinations\u00adtherapien \u2013 verringert die Tablettenlast, indem mehrere Wirkstoffe in einer einzigen Darreichungsform vereint werden<\/li>\n<\/ul>\n<\/div>\n<\/div><style>\n            .wp-block-columns.is-wide {\n\t\t\t\tmax-width: 1280px!important;\n\t\t\t\tmargin-left: auto!important;\n\t\t\t\tmargin-right: auto!important;\n            }\n        <\/style>\n\n\n\n<div style=\"height:47px\" aria-hidden=\"true\" class=\"wp-block-spacer\"><\/div>\n\n\n\n<div class=\"wp-block-columns max-w-screen-xl w-full is-wide px-0 md:px-8 is-layout-flex wp-container-core-columns-is-layout-9d6595d7 wp-block-columns-is-layout-flex\">\n<div class=\"wp-block-column is-layout-flow wp-block-column-is-layout-flow\">\n<div class=\"wp-block-cover is-light\"><img decoding=\"async\" width=\"1911\" height=\"901\" class=\"wp-block-cover__image-background wp-image-11458\" alt=\"image of our facility in Kawagoe\" src=\"https:\/\/adragos-pharma.com\/wp-content\/uploads\/2024\/08\/Kawagoe-New-Logo.jpg\" data-object-fit=\"cover\" srcset=\"https:\/\/adragos-pharma.com\/wp-content\/uploads\/2024\/08\/Kawagoe-New-Logo.jpg 1911w, https:\/\/adragos-pharma.com\/wp-content\/uploads\/2024\/08\/Kawagoe-New-Logo-300x141.jpg 300w, https:\/\/adragos-pharma.com\/wp-content\/uploads\/2024\/08\/Kawagoe-New-Logo-1024x483.jpg 1024w, https:\/\/adragos-pharma.com\/wp-content\/uploads\/2024\/08\/Kawagoe-New-Logo-768x362.jpg 768w, https:\/\/adragos-pharma.com\/wp-content\/uploads\/2024\/08\/Kawagoe-New-Logo-1536x724.jpg 1536w\" sizes=\"(max-width: 1911px) 100vw, 1911px\" \/><span aria-hidden=\"true\" class=\"wp-block-cover__background has-background-dim\" style=\"background-color:#a8a597\"><\/span><div class=\"wp-block-cover__inner-container is-layout-constrained wp-block-cover-is-layout-constrained\">\n<div class=\"wp-block-columns is-layout-flex wp-container-core-columns-is-layout-9d6595d7 wp-block-columns-is-layout-flex\">\n<div class=\"wp-block-column has-background is-layout-flow wp-block-column-is-layout-flow\" style=\"background-color:#ced4f994;padding-top:30px;padding-right:30px;padding-bottom:30px;padding-left:30px\">\n<h2 class=\"wp-block-heading\"><strong>Unser Netzwerk f\u00fcr orale Feststoffe<\/strong><\/h2>\n\n\n\n<p>Unser Standort in Kawagoe, Japan, ist spezialisiert auf unbeschichtete Tabletten, Filmtabletten, orodispersible Tabletten (ODT) sowie Doppelschichttabletten.<\/p>\n\n\n\n<ul class=\"wp-block-list\">\n<li><strong>Technologie<\/strong>: Granulierung und Kompression von Tabletten, unbeschichtete \/ filmbeschichtete \/ orodispersible Tabletten (ODT) \/ Doppelschichttabletten<\/li>\n\n\n\n<li><strong>Produktion<\/strong>: 2 Milliarden St\u00fcck pro Jahr<\/li>\n\n\n\n<li><strong>Verpackung<\/strong>: 2 Milliarden Einheiten pro Jahr<\/li>\n<\/ul>\n\n\n\n<div class=\"wp-block-buttons is-layout-flex wp-block-buttons-is-layout-flex\">\n<div class=\"wp-block-button\"><a class=\"wp-block-button__link has-dark-blue-background-color has-background wp-element-button\" href=\"https:\/\/adragos-pharma.com\/de\/kawagoe-japan\/\">Standort anzeigen<\/a><\/div>\n<\/div>\n<\/div>\n\n\n\n<div class=\"wp-block-column is-layout-flow wp-block-column-is-layout-flow\" style=\"padding-top:30px;padding-right:30px;padding-bottom:30px;padding-left:30px\">\n<p><\/p>\n<\/div>\n<\/div>\n<\/div><\/div>\n<\/div>\n<\/div><style>\n            .wp-block-columns.is-wide {\n\t\t\t\tmax-width: 1280px!important;\n\t\t\t\tmargin-left: auto!important;\n\t\t\t\tmargin-right: auto!important;\n            }\n        <\/style>\n\n\n\n<div style=\"height:64px\" aria-hidden=\"true\" class=\"wp-block-spacer\"><\/div>\n\n\n        <section class=\"tw-mx-auto tw-max-w-screen-xl tw-px-8 tw-py-20\">\n            <header class=\"tw-flex tw-flex-col md:tw-flex-row lg:tw-items-center tw-justify-between tw-pb-20\">\n                <h2 class=\"tw-flex tw-gap-3 text-secondary tw-items-center lg:tw-w-1\/3 lg:tw-pr-12 tw-mb-6\">\n                    <svg width=\"27\" height=\"3\" viewBox=\"0 0 27 3\" fill=\"none\" xmlns=\"http:\/\/www.w3.org\/2000\/svg\">\n                        <rect width=\"27\" height=\"3\" fill=\"#8696FE\" \/>\n                    <\/svg>\n                    <a href=\"\">Adragos Hub<\/a>\n                <\/h2>\n                <p class=\"font-RobotoSlab tw-text-lg xl:tw-text-xl tw-font-light lg:tw-w-2\/3 lg:tw-pl-32\">\n                    Find out more about oral solids.                <\/p>\n            <\/header>\n\t\t\t<div class=\"tw-grid tw-grid-cols-1 lg:tw-grid-cols-2 tw-gap-6\">\n\t\t\t\t\t\t\t\t\t<div class=\"tw-relative tw-rounded-xl tw-overflow-hidden tw-min-h-60 tw-mb-6\">\n\t\t\t\t\t\t<img decoding=\"async\" src=\"https:\/\/adragos-pharma.com\/wp-content\/uploads\/2024\/08\/Untitled-design-1-1024x480.jpg\" alt=\"Adragos Pharma auf der Achema 2024: Innovative L\u00f6sungen\" class=\"tw-object-cover tw-absolute\" \/>\n\t\t\t\t\t\t<div class=\"tw-absolute tw-bottom-0 tw-max-w-96 tw-bg-lightslate tw-backdrop-blur-[12px] tw-p-6 tw-rounded-tr-xl tw-w-full\">\n\t\t\t\t\t\t\t<p class=\"text-primary tw-text-xs tw-font-medium tw-tracking-widest tw-uppercase tw-pb-1\">Veranstaltungen<\/p>\n\t\t\t\t\t\t\t<h3 class=\"tw-text-white tw-text-lg hover:tw-underline\">\n\t\t\t\t\t\t\t\t<a href=\"https:\/\/adragos-pharma.com\/de\/adragos-pharma-auf-der-achema-2024-prasentation-innovativer-pharmazeutischer-losungen\/\">Adragos Pharma auf der Achema 2024: Innovative L\u00f6sungen<\/a>\n\t\t\t\t\t\t\t<\/h3>\n\t\t\t\t\t\t<\/div>\n\t\t\t\t\t<\/div>\n\t\t\t\t\t\t\t\t\t<div class=\"tw-relative tw-rounded-xl tw-overflow-hidden tw-min-h-60 tw-mb-6\">\n\t\t\t\t\t\t<img decoding=\"async\" src=\"https:\/\/adragos-pharma.com\/wp-content\/uploads\/2024\/05\/Adragos-Pharma-Leipzig-2024-07-1-1024x480.jpg\" alt=\"CDMO Pharma: Was ist das und wie profitiert Ihr Unternehmen davon?\" class=\"tw-object-cover tw-absolute\" \/>\n\t\t\t\t\t\t<div class=\"tw-absolute tw-bottom-0 tw-max-w-96 tw-bg-lightslate tw-backdrop-blur-[12px] tw-p-6 tw-rounded-tr-xl tw-w-full\">\n\t\t\t\t\t\t\t<p class=\"text-primary tw-text-xs tw-font-medium tw-tracking-widest tw-uppercase tw-pb-1\">Blog<\/p>\n\t\t\t\t\t\t\t<h3 class=\"tw-text-white tw-text-lg hover:tw-underline\">\n\t\t\t\t\t\t\t\t<a href=\"https:\/\/adragos-pharma.com\/de\/cdmo-pharma\/\">CDMO Pharma: Was ist das und wie profitiert Ihr Unternehmen davon?<\/a>\n\t\t\t\t\t\t\t<\/h3>\n\t\t\t\t\t\t<\/div>\n\t\t\t\t\t<\/div>\n\t\t\t\t\t\t\t<\/div>\n\n        <\/section>\n        \n\n\n\n<section class=\"wp-block-adragos-blocks-footer-cta max-w-screen-lg bg-light mx-8 md:mx-auto px-8 py-12 text-center mt-3 mb-12 md:mb-16 rounded-xl\"><h2 class=\"\">Contact us<\/h2><p class=\"subtitle font-light m-auto max-w-screen-sm py-6\">For more information about our company and services, please feel free to reach out to our team.<\/p><div class=\"flex flex-col md:flex-row justify-center gap-4\"><a href=\"https:\/\/adragos-pharma.com\/de\/kontaktiere-uns\/?utm_campaign=MK_website_contactUs&#038;utm_source=website_tablets\" class=\"cta-link inline-block adragos-button text-white has-primary-background-color text-center\">Send a message<\/a><a href=\"https:\/\/meetings-eu1.hubspot.com\/lydia-marinou?ref=oral-solids-de-button\" class=\"cta-link2 inline-block adragos-button text-white has-secondary-background-color text-center\" target=\"_blank\" rel=\"noopener\">Schedule a meeting<\/a><\/div><\/section>\n","protected":false},"excerpt":{"rendered":"<p>Wir sind Experten in der Herstellung hochwertiger oraler fester Darreichungsformen (Tabletten), die Spitzentechnologie mit jahrzehntelanger Erfahrung verbinden. Unsere fortschrittliche Einrichtung (hochmoderne Anlage) ist f\u00fcr pr\u00e4zisionsgesteuerte Granulierung, Kompression und Filmbeschichtung ausgestattet, einschlie\u00dflich semi-kontinuierlicher Prozesse, die die Effizienz und Produktkonsistenz verbessern. Mit [&hellip;]<\/p>\n","protected":false},"author":1,"featured_media":0,"parent":6582,"menu_order":0,"comment_status":"closed","ping_status":"closed","template":"","meta":{"content-type":"","inline_featured_image":false,"footnotes":""},"class_list":["post-7200","page","type-page","status-publish","hentry"],"_links":{"self":[{"href":"https:\/\/adragos-pharma.com\/de\/wp-json\/wp\/v2\/pages\/7200","targetHints":{"allow":["GET"]}}],"collection":[{"href":"https:\/\/adragos-pharma.com\/de\/wp-json\/wp\/v2\/pages"}],"about":[{"href":"https:\/\/adragos-pharma.com\/de\/wp-json\/wp\/v2\/types\/page"}],"author":[{"embeddable":true,"href":"https:\/\/adragos-pharma.com\/de\/wp-json\/wp\/v2\/users\/1"}],"replies":[{"embeddable":true,"href":"https:\/\/adragos-pharma.com\/de\/wp-json\/wp\/v2\/comments?post=7200"}],"version-history":[{"count":23,"href":"https:\/\/adragos-pharma.com\/de\/wp-json\/wp\/v2\/pages\/7200\/revisions"}],"predecessor-version":[{"id":20862,"href":"https:\/\/adragos-pharma.com\/de\/wp-json\/wp\/v2\/pages\/7200\/revisions\/20862"}],"up":[{"embeddable":true,"href":"https:\/\/adragos-pharma.com\/de\/wp-json\/wp\/v2\/pages\/6582"}],"wp:attachment":[{"href":"https:\/\/adragos-pharma.com\/de\/wp-json\/wp\/v2\/media?parent=7200"}],"curies":[{"name":"wp","href":"https:\/\/api.w.org\/{rel}","templated":true}]}}