{"id":7208,"date":"2024-03-11T12:18:29","date_gmt":"2024-03-11T10:18:29","guid":{"rendered":"https:\/\/adragos-pharma.com\/?page_id=7208"},"modified":"2025-10-28T12:22:53","modified_gmt":"2025-10-28T10:22:53","slug":"halbfeste-stoffe","status":"publish","type":"page","link":"https:\/\/adragos-pharma.com\/de\/kommerzielle-produktion\/halbfeste-stoffe\/","title":{"rendered":"Halbfeste Stoffe"},"content":{"rendered":"\n<section class=\"wp-block-adragos-blocks-header relative has-primary-background-color bg-pattern bg-cover max-w-full bg-bottom px-3 pt-10 pb-44 md:pt-16 md:pb-44 has-secondary-background-color has-background\"><div class=\"relative z-30 max-w-screen-xl px-6 m-auto\"><nav class=\"flex mb-4\" aria-label=\"Breadcrumb\"><ol class=\"inline-flex items-center space-x-1 md:space-x-2 rtl:space-x-reverse\"><li class=\"inline-flex items-center\"><a href=\"https:\/\/adragos-pharma.com\/de\/\" class=\"inline-flex items-center text-sm font-medium text-white hover:text-primary\"><svg class=\"w-3 h-3 me-2.5\" aria-hidden=\"true\" xmlns=\"http:\/\/www.w3.org\/2000\/svg\" fill=\"currentColor\" viewBox=\"0 0 20 20\"><path d=\"m19.707 9.293-2-2-7-7a1 1 0 0 0-1.414 0l-7 7-2 2a1 1 0 0 0 1.414 1.414L2 10.414V18a2 2 0 0 0 2 2h3a1 1 0 0 0 1-1v-4a1 1 0 0 1 1-1h2a1 1 0 0 1 1 1v4a1 1 0 0 0 1 1h3a2 2 0 0 0 2-2v-7.586l.293.293a1 1 0 0 0 1.414-1.414Z\"><\/path><\/svg>Home<\/a><\/li><li><div class=\"flex items-center\"><svg class=\"rtl:rotate-180 w-3 h-3 text-white mx-1\" aria-hidden=\"true\" xmlns=\"http:\/\/www.w3.org\/2000\/svg\" fill=\"none\" viewBox=\"0 0 6 10\"><path stroke=\"currentColor\" stroke-linecap=\"round\" stroke-linejoin=\"round\" stroke-width=\"2\" d=\"m1 9 4-4-4-4\"><\/path><\/svg><a href=\"https:\/\/adragos-pharma.com\/de\/kommerzielle-produktion\/\" class=\"ms-1 text-sm font-medium text-white hover:text-primary md:ms-2\">Kommerzielle Produktion<\/a><\/div><\/li><li class=\"hidden md:inline-block\" aria-current=\"page\"><div class=\"flex items-center\"><svg class=\"rtl:rotate-180 w-3 h-3 text-white mx-1\" aria-hidden=\"true\" xmlns=\"http:\/\/www.w3.org\/2000\/svg\" fill=\"none\" viewBox=\"0 0 6 10\"><path stroke=\"currentColor\" stroke-linecap=\"round\" stroke-linejoin=\"round\" stroke-width=\"2\" d=\"m1 9 4-4-4-4\"><\/path><\/svg><span class=\"ms-1 text-sm font-medium text-white md:ms-2\">Halbfeste Stoffe<\/span><\/div><\/li><\/ol><\/nav><h1 class=\"text-3xl md:text-4xl text-white\">Halbfeste Stoffe<\/h1><\/div><div class=\"bg-wave absolute left-0 bottom-0 h-52 bg-repeat-x bg-[center_bottom] w-full\"><\/div><\/section>\n\n\n\n<div class=\"wp-block-columns max-w-screen-xl w-full is-wide px-0 md:px-8 is-layout-flex wp-container-core-columns-is-layout-9d6595d7 wp-block-columns-is-layout-flex\">\n<div class=\"wp-block-column is-layout-flow wp-block-column-is-layout-flow\">\n<p>Wir sind auf die Herstellung hochwertiger halbfester Stoffe in unseren Werken in Leipzig (Deutschland) und Halden (Norwegen) spezialisiert. Unsere Expertise umfasst den gesamten Lebenszyklus (Produktlebenszyklus) halbfester Stoffe, von der Formulierung bis zur Verpackung, unterst\u00fctzt durch (gest\u00fctzt auf) strenge Tests und Qualit\u00e4tssicherungssysteme, die auf globale regulatorische Erwartungen (Anforderungen) abgestimmt sind.<\/p>\n<\/div>\n<\/div><style>\n            .wp-block-columns.is-wide {\n\t\t\t\tmax-width: 1280px!important;\n\t\t\t\tmargin-left: auto!important;\n\t\t\t\tmargin-right: auto!important;\n            }\n        <\/style>\n\n\n\n<div class=\"wp-block-columns max-w-screen-xl w-full is-wide px-0 md:px-8 is-layout-flex wp-container-core-columns-is-layout-9d6595d7 wp-block-columns-is-layout-flex\" id=\"de-cremes\">\n<div class=\"wp-block-column is-layout-flow wp-block-column-is-layout-flow\" style=\"flex-basis:33.33%\"><div class=\"wp-block-image\">\n<figure class=\"aligncenter size-full is-resized\"><img decoding=\"async\" width=\"385\" height=\"385\" src=\"https:\/\/adragos-pharma.com\/wp-content\/uploads\/2025\/04\/cream.png\" alt=\"\" class=\"wp-image-16645\" style=\"width:114px;height:auto\" srcset=\"https:\/\/adragos-pharma.com\/wp-content\/uploads\/2025\/04\/cream.png 385w, https:\/\/adragos-pharma.com\/wp-content\/uploads\/2025\/04\/cream-300x300.png 300w, https:\/\/adragos-pharma.com\/wp-content\/uploads\/2025\/04\/cream-150x150.png 150w\" sizes=\"(max-width: 385px) 100vw, 385px\" \/><\/figure>\n<\/div>\n\n\n<h2 class=\"wp-block-heading has-text-align-center\"><strong>Cremes<\/strong><\/h2>\n<\/div>\n\n\n\n<div class=\"wp-block-column is-layout-flow wp-block-column-is-layout-flow\" style=\"flex-basis:66.66%\">\n<p>Cremes sind halbfeste Formulierungen aus \u00d6l und Wasser, die f\u00fcr eine einfache Anwendung und schnelle Absorption entwickelt wurden. Unsere Cremes werden sowohl f\u00fcr die topische als auch f\u00fcr die transdermale Verabreichung verwendet (eingesetzt) und sind auf optimale Verteilbarkeit, Wirksamkeit und Hautvertr\u00e4glichkeit zugeschnitten.<\/p>\n\n\n\n<ul class=\"wp-block-list\">\n<li>Verpackt in Aluminium- oder Kunststofftuben<\/li>\n\n\n\n<li>Ausgezeichnete Verteilbarkeit und Hautabsorption<\/li>\n\n\n\n<li>Geeignet f\u00fcr pharmazeutische und kosmetische Zwecke<\/li>\n\n\n\n<li>Stabilisierte Emulsionen f\u00fcr verbesserte Haltbarkeit<\/li>\n\n\n\n<li>Optimiert f\u00fcr Hautvertr\u00e4glichkeit und Wirkstofffreisetzung<\/li>\n<\/ul>\n<\/div>\n<\/div><style>\n            .wp-block-columns.is-wide {\n\t\t\t\tmax-width: 1280px!important;\n\t\t\t\tmargin-left: auto!important;\n\t\t\t\tmargin-right: auto!important;\n            }\n        <\/style>\n\n\n\n<hr class=\"wp-block-separator has-alpha-channel-opacity\"\/>\n\n\n\n<div class=\"wp-block-columns max-w-screen-xl w-full is-wide px-0 md:px-8 is-layout-flex wp-container-core-columns-is-layout-9d6595d7 wp-block-columns-is-layout-flex\" id=\"de-salben\">\n<div class=\"wp-block-column is-layout-flow wp-block-column-is-layout-flow\" style=\"flex-basis:33.33%\"><div class=\"wp-block-image\">\n<figure class=\"aligncenter size-full is-resized\"><img decoding=\"async\" width=\"97\" height=\"97\" src=\"https:\/\/adragos-pharma.com\/wp-content\/uploads\/2025\/04\/Oinments.png\" alt=\"\" class=\"wp-image-16659\" style=\"width:114px;height:auto\"\/><\/figure>\n<\/div>\n\n\n<h2 class=\"wp-block-heading has-text-align-center\"><strong>Salben<\/strong><\/h2>\n<\/div>\n\n\n\n<div class=\"wp-block-column is-layout-flow wp-block-column-is-layout-flow\" style=\"flex-basis:66.66%\">\n<p>Salben sind stark okklusive, \u00f6lbasierte Zubereitungen, die zu sch\u00fctzenden, beruhigenden (lindernden) oder medizinischen Zwecken verwendet werden. Wir formulieren und produzieren Salben mit dem Schwerpunkt auf Stabilit\u00e4t, Homogenit\u00e4t und pr\u00e4ziser Wirkstofffreisetzung.<\/p>\n\n\n\n<ul class=\"wp-block-list\">\n<li>Entwickelt f\u00fcr l\u00e4ngeren (langanhaltenden) Hautkontakt und Hydratation<\/li>\n\n\n\n<li>Stabile, homogene Matrix mit suspendierten oder gel\u00f6sten Wirkstoffen<\/li>\n\n\n\n<li>Ideal f\u00fcr empfindliche Haut, Wundheilung oder chronische Erkrankungen<\/li>\n\n\n\n<li>Frei von Wassergehalt, falls erforderlich (Wasserfrei bei Bedarf)<\/li>\n\n\n\n<li>Zugeschnitten auf Rx- und OTC-Formulierungen (verschreibungspflichtige (Rx) und rezeptfreie (OTC) Formulierungen)<\/li>\n<\/ul>\n<\/div>\n<\/div><style>\n            .wp-block-columns.is-wide {\n\t\t\t\tmax-width: 1280px!important;\n\t\t\t\tmargin-left: auto!important;\n\t\t\t\tmargin-right: auto!important;\n            }\n        <\/style>\n\n\n\n<hr class=\"wp-block-separator has-alpha-channel-opacity\"\/>\n\n\n\n<div class=\"wp-block-columns max-w-screen-xl w-full is-wide px-0 md:px-8 is-layout-flex wp-container-core-columns-is-layout-9d6595d7 wp-block-columns-is-layout-flex\" id=\"de-gele\">\n<div class=\"wp-block-column is-layout-flow wp-block-column-is-layout-flow\" style=\"flex-basis:33.33%\"><div class=\"wp-block-image\">\n<figure class=\"aligncenter size-full is-resized\"><img decoding=\"async\" width=\"97\" height=\"97\" src=\"https:\/\/adragos-pharma.com\/wp-content\/uploads\/2024\/04\/Gels-1.png\" alt=\"Semi-solids: Gels\" class=\"wp-image-3513\" style=\"width:117px;height:auto\"\/><\/figure>\n<\/div>\n\n\n<h2 class=\"wp-block-heading has-text-align-center\"><strong>Gele<\/strong><\/h2>\n<\/div>\n\n\n\n<div class=\"wp-block-column is-layout-flow wp-block-column-is-layout-flow\" style=\"flex-basis:66.66%\">\n<p>Gele sind wasser- oder alkoholbasierte Formulierungen, die eine k\u00fchlende und schnelle Absorption bieten (einen k\u00fchlenden Effekt bieten und sich durch schnelle Absorption auszeichnen). Ihre nicht-fettende Textur macht sie ideal f\u00fcr kosmetische, dermatologische und pharmazeutische Anwendungen. Wir produzieren sowohl w\u00e4ssrige als auch viskose Gel-Formate.<\/p>\n\n\n\n<ul class=\"wp-block-list\">\n<li>W\u00e4ssrige und hydroalkoholische Systeme<\/li>\n\n\n\n<li>K\u00fchlende Wirkung und schnelles Eindringen in die Haut<\/li>\n\n\n\n<li>Ideal f\u00fcr dermatologische, muskuloskelettale oder kosmetische Anwendungen<\/li>\n\n\n\n<li>Anpassbare Viskosit\u00e4t und Rheologie<\/li>\n\n\n\n<li>Konserviert unter Einhaltung der mikrobiellen Kontrollstandards<\/li>\n<\/ul>\n<\/div>\n<\/div><style>\n            .wp-block-columns.is-wide {\n\t\t\t\tmax-width: 1280px!important;\n\t\t\t\tmargin-left: auto!important;\n\t\t\t\tmargin-right: auto!important;\n            }\n        <\/style>\n\n\n\n<hr class=\"wp-block-separator has-alpha-channel-opacity\"\/>\n\n\n\n<div class=\"wp-block-columns max-w-screen-xl w-full is-wide px-0 md:px-8 is-layout-flex wp-container-core-columns-is-layout-9d6595d7 wp-block-columns-is-layout-flex\" id=\"de-heilpasten\">\n<div class=\"wp-block-column is-layout-flow wp-block-column-is-layout-flow\" style=\"flex-basis:33.33%\"><div class=\"wp-block-image\">\n<figure class=\"aligncenter size-full is-resized\"><img decoding=\"async\" width=\"97\" height=\"97\" src=\"https:\/\/adragos-pharma.com\/wp-content\/uploads\/2025\/04\/Paste-1.png\" alt=\"\" class=\"wp-image-16652\" style=\"width:117px;height:auto\"\/><\/figure>\n<\/div>\n\n\n<h2 class=\"wp-block-heading has-text-align-center\"><strong>Heilpasten<\/strong><\/h2>\n<\/div>\n\n\n\n<div class=\"wp-block-column is-layout-flow wp-block-column-is-layout-flow\" style=\"flex-basis:66.66%\">\n<p>Heilpasten sind dicke (dickfl\u00fcssige), halbfeste Systeme, die eine hohe Konzentration an Feststoffen enthalten (Zubereitungen mit einem hohen Feststoffanteil). Sie bieten einen langanhaltenden Hautkontakt und sind ideal f\u00fcr Schutz- oder Heilfunktionen, (Durch ihre langanhaltende Haftung auf der Haut eignen sie sich ideal f\u00fcr sch\u00fctzende oder heilungsf\u00f6rdernde Anwendungen,) insbesondere in der Wundversorgung oder Dermatologie.<\/p>\n\n\n\n<ul class=\"wp-block-list\">\n<li>Langanhaltende Haftung auf der Haut und den betroffenen Stellen<\/li>\n\n\n\n<li>Reduzierte Mobilit\u00e4t f\u00fcr verbesserte lokale Wirkung<\/li>\n\n\n\n<li>Hervorragend geeignet f\u00fcr Wundversorgung und entz\u00fcndliche Hauterkrankungen<\/li>\n\n\n\n<li>Stabile Dispersion unl\u00f6slicher Bestandteile<\/li>\n\n\n\n<li>Hergestellt unter strengen Qualit\u00e4tskontrollstandards<\/li>\n<\/ul>\n<\/div>\n<\/div><style>\n            .wp-block-columns.is-wide {\n\t\t\t\tmax-width: 1280px!important;\n\t\t\t\tmargin-left: auto!important;\n\t\t\t\tmargin-right: auto!important;\n            }\n        <\/style>\n\n\n\n<div class=\"wp-block-columns max-w-screen-xl w-full is-wide px-0 md:px-8 is-layout-flex wp-container-core-columns-is-layout-9d6595d7 wp-block-columns-is-layout-flex\">\n<div class=\"wp-block-column is-layout-flow wp-block-column-is-layout-flow\">\n<h2 class=\"wp-block-heading has-text-align-center has-secondary-color has-text-color has-link-color wp-elements-2e9d345690769481e3d030203999b701\"><strong>Unser Netzwerk f\u00fcr halbfeste Stoffe<\/strong><\/h2>\n\n\n\n<p class=\"has-text-align-center\">Our facilities in Leipzig and in Halden are specializedUnsere Standorte in Leipzig und Halden sind auf die Herstellung von halbfesten Stoffen spezialisiert. Im Folgenden finden Sie alle Details.in the production of Semi Solids. Below you can find all the details.<\/p>\n<\/div>\n<\/div><style>\n            .wp-block-columns.is-wide {\n\t\t\t\tmax-width: 1280px!important;\n\t\t\t\tmargin-left: auto!important;\n\t\t\t\tmargin-right: auto!important;\n            }\n        <\/style>\n\n\n\n<div class=\"wp-block-columns max-w-screen-xl w-full is-wide px-0 md:px-8 is-layout-flex wp-container-core-columns-is-layout-9d6595d7 wp-block-columns-is-layout-flex\">\n<div class=\"wp-block-column is-layout-flow wp-block-column-is-layout-flow\">\n<div class=\"wp-block-group box-with-border purple\"><div class=\"wp-block-group__inner-container is-layout-constrained wp-block-group-is-layout-constrained\">\n<div class=\"wp-block-media-text is-stacked-on-mobile\"><figure class=\"wp-block-media-text__media\"><a class=\"https:\/\/adragos-pharma.com\/leipzig-germany\/\" href=\"https:\/\/adragos-pharma.com\/de\/leipzig-deutschland\/\" target=\"_blank\" rel=\"https:\/\/adragos-pharma.com\/leipzig-germany\/\"><img decoding=\"async\" width=\"43\" height=\"32\" src=\"https:\/\/adragos-pharma.com\/wp-content\/uploads\/2024\/03\/Germany.svg\" alt=\"\" class=\"wp-image-270 size-full\"\/><\/a><\/figure><div class=\"wp-block-media-text__content\">\n<h3 class=\"wp-block-heading\">Leipzig, Germany<\/h3>\n\n\n\n<p>Unser Standort ist spezialisiert auf Salben, Cremes, Gele und Heilpasten.<\/p>\n\n\n\n<p>Aluminiumtuben: 2 g \u2013 150 g<\/p>\n\n\n\n<p>Chargengr\u00f6\u00dfen von 15 l bis 1.250 l<\/p>\n\n\n\n<p>Produktionslinien: Marchesini- und Norden-Halbfeststofflinien<\/p>\n\n\n\n<p>Prim\u00e4rverpackung: Laminat- und Kunststofftuben: 20 g \u2013 200 g<\/p>\n\n\n\n<span class=\"text-primary font-bold text-4xl\">\u27f6<\/span>\n<\/div><\/div>\n<\/div><\/div>\n<\/div>\n\n\n\n<div class=\"wp-block-column is-layout-flow wp-block-column-is-layout-flow\">\n<div class=\"wp-block-group box-with-border\"><div class=\"wp-block-group__inner-container is-layout-constrained wp-block-group-is-layout-constrained\">\n<div class=\"wp-block-media-text is-stacked-on-mobile\"><figure class=\"wp-block-media-text__media\"><a class=\"https:\/\/adragos-pharma.com\/halden-norway\/\" href=\"https:\/\/adragos-pharma.com\/de\/halden-norwegen\/\" target=\"_blank\" rel=\" noreferrer noopener\"><img decoding=\"async\" width=\"43\" height=\"32\" src=\"https:\/\/adragos-pharma.com\/wp-content\/uploads\/2024\/03\/Norway.svg\" alt=\"\" class=\"wp-image-272 size-full\"\/><\/a><\/figure><div class=\"wp-block-media-text__content\">\n<h3 class=\"wp-block-heading\"><strong>Halden, Norwegen<\/strong><\/h3>\n\n\n\n<p>Der Standort ist auf die Herstellung von Intestinalgel spezialisiert.<\/p>\n\n\n\n<p>Technologie: Viskose L\u00f6sung (Gel), gef\u00fcllt in eine Kunststoffkassette einschlie\u00dflich Prim\u00e4rbeutel aus EVA-Material.<\/p>\n\n\n\n<p>Kapazit\u00e4t: 100-ml-Kassette<\/p>\n\n\n\n<div style=\"height:27px\" aria-hidden=\"true\" class=\"wp-block-spacer\"><\/div>\n\n\n\n<span class=\"text-primary font-bold text-4xl\">\u27f6<\/span>\n<\/div><\/div>\n<\/div><\/div>\n<\/div>\n<\/div><style>\n            .wp-block-columns.is-wide {\n\t\t\t\tmax-width: 1280px!important;\n\t\t\t\tmargin-left: auto!important;\n\t\t\t\tmargin-right: auto!important;\n            }\n        <\/style>\n\n\n        <section class=\"tw-mx-auto tw-max-w-screen-xl tw-px-8 tw-py-20\">\n            <header class=\"tw-flex tw-flex-col md:tw-flex-row lg:tw-items-center tw-justify-between tw-pb-20\">\n                <h2 class=\"tw-flex tw-gap-3 text-secondary tw-items-center lg:tw-w-1\/3 lg:tw-pr-12 tw-mb-6\">\n                    <svg width=\"27\" height=\"3\" viewBox=\"0 0 27 3\" fill=\"none\" xmlns=\"http:\/\/www.w3.org\/2000\/svg\">\n                        <rect width=\"27\" height=\"3\" fill=\"#8696FE\" \/>\n                    <\/svg>\n                    <a href=\"\">Adragos Hub<\/a>\n                <\/h2>\n                <p class=\"font-RobotoSlab tw-text-lg xl:tw-text-xl tw-font-light lg:tw-w-2\/3 lg:tw-pl-32\">\n                    Find out more about semi solids.                <\/p>\n            <\/header>\n\t\t\t<div class=\"tw-grid tw-grid-cols-1 lg:tw-grid-cols-2 tw-gap-6\">\n\t\t\t\t\t\t\t\t\t<div class=\"tw-relative tw-rounded-xl tw-overflow-hidden tw-min-h-60 tw-mb-6\">\n\t\t\t\t\t\t<img decoding=\"async\" src=\"https:\/\/adragos-pharma.com\/wp-content\/uploads\/2024\/08\/Untitled-design-1-1024x480.jpg\" alt=\"Adragos Pharma auf der Achema 2024: Innovative L\u00f6sungen\" class=\"tw-object-cover tw-absolute\" \/>\n\t\t\t\t\t\t<div class=\"tw-absolute tw-bottom-0 tw-max-w-96 tw-bg-lightslate tw-backdrop-blur-[12px] tw-p-6 tw-rounded-tr-xl tw-w-full\">\n\t\t\t\t\t\t\t<p class=\"text-primary tw-text-xs tw-font-medium tw-tracking-widest tw-uppercase tw-pb-1\">Veranstaltungen<\/p>\n\t\t\t\t\t\t\t<h3 class=\"tw-text-white tw-text-lg hover:tw-underline\">\n\t\t\t\t\t\t\t\t<a href=\"https:\/\/adragos-pharma.com\/de\/adragos-pharma-auf-der-achema-2024-prasentation-innovativer-pharmazeutischer-losungen\/\">Adragos Pharma auf der Achema 2024: Innovative L\u00f6sungen<\/a>\n\t\t\t\t\t\t\t<\/h3>\n\t\t\t\t\t\t<\/div>\n\t\t\t\t\t<\/div>\n\t\t\t\t\t\t\t\t\t<div class=\"tw-relative tw-rounded-xl tw-overflow-hidden tw-min-h-60 tw-mb-6\">\n\t\t\t\t\t\t<img decoding=\"async\" src=\"https:\/\/adragos-pharma.com\/wp-content\/uploads\/2024\/05\/Adragos-Pharma-Leipzig-2024-07-1-1024x480.jpg\" alt=\"CDMO Pharma: Was ist das und wie profitiert Ihr Unternehmen davon?\" class=\"tw-object-cover tw-absolute\" \/>\n\t\t\t\t\t\t<div class=\"tw-absolute tw-bottom-0 tw-max-w-96 tw-bg-lightslate tw-backdrop-blur-[12px] tw-p-6 tw-rounded-tr-xl tw-w-full\">\n\t\t\t\t\t\t\t<p class=\"text-primary tw-text-xs tw-font-medium tw-tracking-widest tw-uppercase tw-pb-1\">Blog<\/p>\n\t\t\t\t\t\t\t<h3 class=\"tw-text-white tw-text-lg hover:tw-underline\">\n\t\t\t\t\t\t\t\t<a href=\"https:\/\/adragos-pharma.com\/de\/cdmo-pharma\/\">CDMO Pharma: Was ist das und wie profitiert Ihr Unternehmen davon?<\/a>\n\t\t\t\t\t\t\t<\/h3>\n\t\t\t\t\t\t<\/div>\n\t\t\t\t\t<\/div>\n\t\t\t\t\t\t\t\t\t<div class=\"tw-relative tw-rounded-xl tw-overflow-hidden tw-min-h-60 tw-mb-6\">\n\t\t\t\t\t\t<img decoding=\"async\" src=\"https:\/\/adragos-pharma.com\/wp-content\/uploads\/2024\/04\/Screenshot-2024-04-29-180252-1024x480.png\" alt=\"Erfahren Sie mehr \u00fcber die Adragos-Anlage in Leipzig.\" class=\"tw-object-cover tw-absolute\" \/>\n\t\t\t\t\t\t<div class=\"tw-absolute tw-bottom-0 tw-max-w-96 tw-bg-lightslate tw-backdrop-blur-[12px] tw-p-6 tw-rounded-tr-xl tw-w-full\">\n\t\t\t\t\t\t\t<p class=\"text-primary tw-text-xs tw-font-medium tw-tracking-widest tw-uppercase tw-pb-1\">Videos<\/p>\n\t\t\t\t\t\t\t<h3 class=\"tw-text-white tw-text-lg hover:tw-underline\">\n\t\t\t\t\t\t\t\t<a href=\"https:\/\/adragos-pharma.com\/de\/erfahren-sie-mehr-ueber-die-adragos-anlage-in-leipzig\/\">Erfahren Sie mehr \u00fcber die Adragos-Anlage in Leipzig.<\/a>\n\t\t\t\t\t\t\t<\/h3>\n\t\t\t\t\t\t<\/div>\n\t\t\t\t\t<\/div>\n\t\t\t\t\t\t\t<\/div>\n\n        <\/section>\n        \n\n\n\n<div class=\"wp-block-columns is-layout-flex wp-container-core-columns-is-layout-9d6595d7 wp-block-columns-is-layout-flex\">\n<div class=\"wp-block-column is-layout-flow wp-block-column-is-layout-flow\">\n<section class=\"wp-block-adragos-blocks-footer-cta max-w-screen-lg bg-light mx-8 md:mx-auto px-8 py-12 text-center mt-3 mb-12 md:mb-16 rounded-xl md:mb-24 mx-auto\"><h2 class=\"\">Nimmt Kontakt zu uns auf!<\/h2><p class=\"subtitle font-light m-auto max-w-screen-sm py-6\">F\u00fcr weitere Informationen zu unserem Unternehmen und unseren Dienstleistungen wende Sie sich direkt an unser Team.<\/p><div class=\"flex flex-col md:flex-row justify-center gap-4\"><a href=\"https:\/\/adragos-pharma.com\/de\/kontakt\/\" class=\"cta-link inline-block adragos-button text-white has-primary-background-color text-center\">Senden Sie eine Nachricht<\/a><a href=\"https:\/\/meetings-eu1.hubspot.com\/lydia-marinou?ref=semi-solids-de-button\" class=\"cta-link2 inline-block adragos-button text-white has-secondary-background-color text-center\" target=\"_blank\" rel=\"noopener\">Vereinbaren Sie einen Termin<\/a><\/div><\/section>\n<\/div>\n<\/div>\n","protected":false},"excerpt":{"rendered":"<p>Wir sind auf die Herstellung hochwertiger halbfester Stoffe in unseren Werken in Leipzig (Deutschland) und Halden (Norwegen) spezialisiert. Unsere Expertise umfasst den gesamten Lebenszyklus (Produktlebenszyklus) halbfester Stoffe, von der Formulierung bis zur Verpackung, unterst\u00fctzt durch (gest\u00fctzt auf) strenge Tests und [&hellip;]<\/p>\n","protected":false},"author":1,"featured_media":0,"parent":6582,"menu_order":0,"comment_status":"closed","ping_status":"closed","template":"","meta":{"content-type":"","inline_featured_image":false,"footnotes":""},"class_list":["post-7208","page","type-page","status-publish","hentry"],"_links":{"self":[{"href":"https:\/\/adragos-pharma.com\/de\/wp-json\/wp\/v2\/pages\/7208","targetHints":{"allow":["GET"]}}],"collection":[{"href":"https:\/\/adragos-pharma.com\/de\/wp-json\/wp\/v2\/pages"}],"about":[{"href":"https:\/\/adragos-pharma.com\/de\/wp-json\/wp\/v2\/types\/page"}],"author":[{"embeddable":true,"href":"https:\/\/adragos-pharma.com\/de\/wp-json\/wp\/v2\/users\/1"}],"replies":[{"embeddable":true,"href":"https:\/\/adragos-pharma.com\/de\/wp-json\/wp\/v2\/comments?post=7208"}],"version-history":[{"count":16,"href":"https:\/\/adragos-pharma.com\/de\/wp-json\/wp\/v2\/pages\/7208\/revisions"}],"predecessor-version":[{"id":23098,"href":"https:\/\/adragos-pharma.com\/de\/wp-json\/wp\/v2\/pages\/7208\/revisions\/23098"}],"up":[{"embeddable":true,"href":"https:\/\/adragos-pharma.com\/de\/wp-json\/wp\/v2\/pages\/6582"}],"wp:attachment":[{"href":"https:\/\/adragos-pharma.com\/de\/wp-json\/wp\/v2\/media?parent=7208"}],"curies":[{"name":"wp","href":"https:\/\/api.w.org\/{rel}","templated":true}]}}