{"id":7215,"date":"2024-03-11T10:07:23","date_gmt":"2024-03-11T08:07:23","guid":{"rendered":"https:\/\/adragos-pharma.com\/?page_id=7215"},"modified":"2026-03-04T10:59:52","modified_gmt":"2026-03-04T08:59:52","slug":"expertise-in-hpapi","status":"publish","type":"page","link":"https:\/\/adragos-pharma.com\/de\/arzneimittelentwicklung\/expertise-in-hpapi\/","title":{"rendered":"Expertise in HPAPI"},"content":{"rendered":"\n<section class=\"wp-block-adragos-blocks-header relative has-primary-background-color bg-pattern bg-cover max-w-full bg-bottom px-3 pt-10 pb-44 md:pt-16 md:pb-44 has-background\"><div class=\"relative z-30 max-w-screen-xl px-6 m-auto\"><nav class=\"flex mb-4\" aria-label=\"Breadcrumb\"><ol class=\"inline-flex items-center space-x-1 md:space-x-2 rtl:space-x-reverse\"><li class=\"inline-flex items-center\"><a href=\"https:\/\/adragos-pharma.com\/de\/\" class=\"inline-flex items-center text-sm font-medium text-white hover:text-primary\"><svg class=\"w-3 h-3 me-2.5\" aria-hidden=\"true\" xmlns=\"http:\/\/www.w3.org\/2000\/svg\" fill=\"currentColor\" viewBox=\"0 0 20 20\"><path d=\"m19.707 9.293-2-2-7-7a1 1 0 0 0-1.414 0l-7 7-2 2a1 1 0 0 0 1.414 1.414L2 10.414V18a2 2 0 0 0 2 2h3a1 1 0 0 0 1-1v-4a1 1 0 0 1 1-1h2a1 1 0 0 1 1 1v4a1 1 0 0 0 1 1h3a2 2 0 0 0 2-2v-7.586l.293.293a1 1 0 0 0 1.414-1.414Z\"><\/path><\/svg>Home<\/a><\/li><li><div class=\"flex items-center\"><svg class=\"rtl:rotate-180 w-3 h-3 text-white mx-1\" aria-hidden=\"true\" xmlns=\"http:\/\/www.w3.org\/2000\/svg\" fill=\"none\" viewBox=\"0 0 6 10\"><path stroke=\"currentColor\" stroke-linecap=\"round\" stroke-linejoin=\"round\" stroke-width=\"2\" d=\"m1 9 4-4-4-4\"><\/path><\/svg><a href=\"https:\/\/adragos-pharma.com\/de\/arzneimittelentwicklung\/\" class=\"ms-1 text-sm font-medium text-white hover:text-primary md:ms-2\">Arzneimittelentwicklung<\/a><\/div><\/li><li class=\"hidden md:inline-block\" aria-current=\"page\"><div class=\"flex items-center\"><svg class=\"rtl:rotate-180 w-3 h-3 text-white mx-1\" aria-hidden=\"true\" xmlns=\"http:\/\/www.w3.org\/2000\/svg\" fill=\"none\" viewBox=\"0 0 6 10\"><path stroke=\"currentColor\" stroke-linecap=\"round\" stroke-linejoin=\"round\" stroke-width=\"2\" d=\"m1 9 4-4-4-4\"><\/path><\/svg><span class=\"ms-1 text-sm font-medium text-white md:ms-2\">Expertise in HPAPI<\/span><\/div><\/li><\/ol><\/nav><h1 class=\"text-3xl md:text-4xl text-white\">Expertise in HPAPI<\/h1><\/div><div class=\"bg-wave absolute left-0 bottom-0 h-52 bg-repeat-x bg-[center_bottom] w-full\"><\/div><\/section>\n\n\n\n<div class=\"wp-block-columns is-layout-flex wp-container-core-columns-is-layout-9d6595d7 wp-block-columns-is-layout-flex\">\n<div class=\"wp-block-column is-layout-flow wp-block-column-is-layout-flow\">\n<h2 class=\"wp-block-heading has-text-align-center\"><strong>Wir k\u00f6nnen hochwirksame APIs (HPAPI) handhaben<\/strong><\/h2>\n\n\n\n<p class=\"has-text-align-center\">Unser HPAPI-Labor in Athen ist mit Ger\u00e4ten ausgestattet, um hochwirksame pharmazeutische Wirkstoffe (HPAPI) mit einem Occupational Exposure Limit (OEL) von nicht weniger als 0,5 \u03bcg\/m\u00b3 und einem Occupational Exposure Band 5 (OEB5) sicher zu handhaben.<\/p>\n\n\n\n<section class=\"wp-block-adragos-blocks-box max-w-screen-xl mx-auto px-8 py-8 py-16 md:py-20 px-0 tw-px-0\"><div class=\"grid grid-cols-1 lg:grid-cols-2 gap-x-8 gap-y-8\"><div class=\"false relative box bg-light rounded-xl p-8\"><div class=\"flex gap-5 items-center\"><img decoding=\"async\" class=\"box-image mb-0\" src=\"https:\/\/adragos-pharma.com\/wp-content\/uploads\/2024\/03\/HPAPI.png\" alt=\"\"\/><h3 class=\"box-title\">Hochwirksame API<\/h3><\/div><p class=\"my-6 box-subtitle\">Hochwirksames API-Labor mit EU-GMP-zertifiziertem analytischem Labor.<\/p><\/div><div class=\"false relative box bg-light rounded-xl p-8\"><div class=\"flex gap-5 items-center\"><img decoding=\"async\" class=\"box-image mb-0\" src=\"https:\/\/adragos-pharma.com\/wp-content\/uploads\/2024\/03\/Experienced-Developer.png\" alt=\"\"\/><h3 class=\"box-title\">Erfahrene Entwickler<\/h3><\/div><p class=\"my-6 box-subtitle\">Erfahrene Entwickler von wertsch\u00f6pfenden Arzneimitteln mit einer nachgewiesenen Erfolgsbilanz in der HPAPI-Entwicklung.<\/p><\/div><\/div><\/section>\n\n\n\n<div style=\"height:36px\" aria-hidden=\"true\" class=\"wp-block-spacer\"><\/div>\n\n\n\n<h3 class=\"wp-block-heading\">Entwicklung hochwirksamer APIs<\/h3>\n\n\n\n<p>Im Jahr 2023 wurde in unserer Einrichtung in Athen ein Labor f\u00fcr hochwirksame APIs gebaut, um die Sicherheit der Bediener und der Umwelt zu gew\u00e4hrleisten und unsere internen technischen F\u00e4higkeiten f\u00fcr die neue Produktentwicklung hochwirksamer Substanzen zu erweitern. <\/p>\n\n\n\n<p>Die stetig steigende Nachfrage nach neuen Produkten, die als hochwirksam eingestufte Wirkstoffe enthalten, wie z. B. Medikamente zur Behandlung von Krebs, f\u00fchrte zu der strategischen Entscheidung, Ressourcen f\u00fcr die Entwicklung einer dedizierten Suite in diesem schnell wachsenden Bereich der HPAPI-Entwicklung bereitzustellen.<\/p>\n\n\n\n<figure class=\"wp-block-image size-large\"><img decoding=\"async\" width=\"1024\" height=\"683\" src=\"https:\/\/adragos-pharma.com\/wp-content\/uploads\/2024\/03\/3Q4A8464-1024x683.jpg\" alt=\"\" class=\"wp-image-2165\" srcset=\"https:\/\/adragos-pharma.com\/wp-content\/uploads\/2024\/03\/3Q4A8464-1024x683.jpg 1024w, https:\/\/adragos-pharma.com\/wp-content\/uploads\/2024\/03\/3Q4A8464-300x200.jpg 300w, https:\/\/adragos-pharma.com\/wp-content\/uploads\/2024\/03\/3Q4A8464-768x512.jpg 768w, https:\/\/adragos-pharma.com\/wp-content\/uploads\/2024\/03\/3Q4A8464-1536x1024.jpg 1536w, https:\/\/adragos-pharma.com\/wp-content\/uploads\/2024\/03\/3Q4A8464-2048x1365.jpg 2048w\" sizes=\"(max-width: 1024px) 100vw, 1024px\" \/><\/figure>\n\n\n\n<h3 class=\"wp-block-heading\">Genehmigt und zertifiziert&nbsp;<\/h3>\n\n\n\n<p>Die dedizierte Suite f\u00fcr hochwirksame API-Produkte in unserer Einrichtung in Athen ist seit 2023 von den griechischen Aufsichtsbeh\u00f6rden als EU-GMP-konform zertifiziert. Sie umfasst modernste Labortechnik und hochqualifizierte Fachkr\u00e4fte, um die Bed\u00fcrfnisse Ihres Unternehmens zu erf\u00fcllen.<\/p>\n\n\n\n<p>Das Labor f\u00fcr hochwirksame APIs (HPAPI) verf\u00fcgt \u00fcber einen Produktionsbereich im Laborma\u00dfstab f\u00fcr die F&amp;E-Produktion von festen und fl\u00fcssigen pharmazeutischen Produkten, die HPAPI enthalten, sowie \u00fcber ein analytisches Labor. Das Labor entspricht den GMP-Anforderungen und ist f\u00fcr die Analyse von fl\u00fcssigen und festen pharmazeutischen Produkten und Wirkstoffen ausgestattet, wodurch unsere F\u00e4higkeiten in der HPAPI-Herstellung erweitert werden.<\/p>\n<\/div>\n<\/div>\n\n\n\n<div class=\"wp-block-columns is-layout-flex wp-container-core-columns-is-layout-9d6595d7 wp-block-columns-is-layout-flex\">\n<div class=\"wp-block-column is-layout-flow wp-block-column-is-layout-flow\" style=\"flex-basis:100%\">\n<figure class=\"wp-block-image size-large\"><img decoding=\"async\" width=\"1024\" height=\"683\" src=\"https:\/\/adragos-pharma.com\/wp-content\/uploads\/2024\/03\/3Q4A8483-1024x683.jpg\" alt=\"\" class=\"wp-image-2164\" srcset=\"https:\/\/adragos-pharma.com\/wp-content\/uploads\/2024\/03\/3Q4A8483-1024x683.jpg 1024w, https:\/\/adragos-pharma.com\/wp-content\/uploads\/2024\/03\/3Q4A8483-300x200.jpg 300w, https:\/\/adragos-pharma.com\/wp-content\/uploads\/2024\/03\/3Q4A8483-768x512.jpg 768w, https:\/\/adragos-pharma.com\/wp-content\/uploads\/2024\/03\/3Q4A8483-1536x1024.jpg 1536w, https:\/\/adragos-pharma.com\/wp-content\/uploads\/2024\/03\/3Q4A8483-2048x1365.jpg 2048w\" sizes=\"(max-width: 1024px) 100vw, 1024px\" \/><\/figure>\n\n\n\n<h3 class=\"wp-block-heading\">OEL und OEB5<\/h3>\n\n\n\n<p>OEBs sind Kategorien, die Chemikalien auf der Grundlage ihrer potenziellen Gesundheitsrisiken und der entsprechenden Expositionsgrenzwerte klassifizieren. Es gibt insgesamt f\u00fcnf Kategorien \u2013 OEB1, OEB2, OEB3, OEB4, OEB5 \u2013 wobei OEB1 die am wenigsten toxischen Substanzen und OEB5 die am st\u00e4rksten toxischen Substanzen darstellt. Die Adragos-Einrichtung in Athen ist in der Lage, hochwirksame Verbindungen bis zu OEB 5 mit einem Occupational Exposure Limit (OEL) von nicht weniger als 0,5 \u03bcg\/m\u00b3 (was 0,0005 mg\/m\u00b3 entspricht) zu handhaben. Suchen Sie eine CDMO, um Ihre Produkte zum Leben zu erwecken? Kontaktieren Sie uns noch heute, um zu erfahren, wie unsere Expertise Ihren Entwicklungsprozess beschleunigen kann.<\/p>\n\n\n\n<div style=\"height:0px\" aria-hidden=\"true\" class=\"wp-block-spacer\"><\/div>\n<\/div>\n<\/div>\n\n\n\n<div class=\"wp-block-columns tw-rounded-xl is-layout-flex wp-container-core-columns-is-layout-abbe5815 wp-block-columns-is-layout-flex\" style=\"padding-top:0;padding-right:0;padding-bottom:0;padding-left:0\">\n<div class=\"wp-block-column tw-rounded-xl has-light-background-color has-background is-layout-flow wp-block-column-is-layout-flow\" style=\"padding-top:var(--wp--preset--spacing--70);padding-right:var(--wp--preset--spacing--70);padding-bottom:var(--wp--preset--spacing--70);padding-left:var(--wp--preset--spacing--70)\">\n<h2 class=\"wp-block-heading has-text-align-center\"><strong>Wir k\u00f6nnen HPAPI in Athen, Griechenland, handhaben<\/strong><\/h2>\n\n\n\n<figure class=\"wp-block-image size-full\"><img decoding=\"async\" width=\"800\" height=\"449\" src=\"https:\/\/adragos-pharma.com\/wp-content\/uploads\/2024\/03\/1680509853575.jpg\" alt=\"\" class=\"wp-image-1266\" srcset=\"https:\/\/adragos-pharma.com\/wp-content\/uploads\/2024\/03\/1680509853575.jpg 800w, https:\/\/adragos-pharma.com\/wp-content\/uploads\/2024\/03\/1680509853575-300x168.jpg 300w, https:\/\/adragos-pharma.com\/wp-content\/uploads\/2024\/03\/1680509853575-768x431.jpg 768w\" sizes=\"(max-width: 800px) 100vw, 800px\" \/><\/figure>\n\n\n\n<p class=\"has-text-align-center\" style=\"padding-top:0;padding-bottom:0\">Mit mehr als 3.000 m\u00b2 F&amp;E-Fl\u00e4che ist Adragos Athen auf die Entwicklung von Value Added Medicines spezialisiert und wurde k\u00fcrzlich mit HPAPI-F\u00e4higkeiten aufger\u00fcstet.<\/p>\n\n\n\n<div class=\"wp-block-buttons is-content-justification-center is-layout-flex wp-container-core-buttons-is-layout-16018d1d wp-block-buttons-is-layout-flex\">\n<div class=\"wp-block-button\"><a class=\"wp-block-button__link has-secondary-background-color has-background has-text-align-center wp-element-button\" href=\"https:\/\/adragos-pharma.com\/de\/athen-griechenland\/\">Standort anzeigen<\/a><\/div>\n<\/div>\n<\/div>\n<\/div>\n\n\n\n<div style=\"height:64px\" aria-hidden=\"true\" class=\"wp-block-spacer\"><\/div>\n\n\n\n<div class=\"wp-block-group\"><div class=\"wp-block-group__inner-container is-layout-constrained wp-block-group-is-layout-constrained\">\n<div class=\"wp-block-columns max-w-screen-xl w-full is-wide px-0 md:px-8 is-layout-flex wp-container-core-columns-is-layout-9d6595d7 wp-block-columns-is-layout-flex\">\n<div class=\"wp-block-column is-layout-flow wp-block-column-is-layout-flow\">\t<div class=\"tw-flex-row  tw-flex tw-justify-center\">\n\t\t<div class=\"tw-basis-80 tw-hidden md:tw-flex tw-flex-col tw-shrink-0 tw-pr-12\">\n\t\t\t<h2>Treffen Sie unsere Experten<\/h2>\n\t\t\t<p class=\"md:tw-max-w-72 xl:tw-text-lg md:tw-text-base tw-font-normal\">\n\t\t\t\tHochqualifiziert und erfahren auf ihrem Gebiet.\t\t\t<\/p>\n\t\t\t\t\t\t\t<div class=\"tw-relative\">\n\t\t\t\t\t<div class=\"tw-flex tw-gap-7 tw-absolute tw-top-10\">\n\t\t\t\t\t\t<div class=\"button-prev tw-bg-primary tw-rounded-full tw-w-12 tw-h-12 tw-flex tw-justify-center tw-items-center\">\n\t\t\t\t\t\t\t<svg width=\"23\" height=\"22\" viewBox=\"0 0 23 22\" fill=\"none\" xmlns=\"http:\/\/www.w3.org\/2000\/svg\">\n\t\t\t\t\t\t\t\t<path d=\"M10.8711 21L1.00008 11L10.8711 1\" stroke=\"white\" stroke-width=\"1.5\" stroke-linecap=\"round\" stroke-linejoin=\"round\" \/>\n\t\t\t\t\t\t\t\t<path d=\"M1.00011 11L22 11\" stroke=\"white\" stroke-width=\"1.5\" stroke-linecap=\"round\" stroke-linejoin=\"round\" \/>\n\t\t\t\t\t\t\t<\/svg>\n\t\t\t\t\t\t<\/div>\n\t\t\t\t\t\t<div class=\"button-next tw-bg-primary tw-rounded-full tw-w-12 tw-h-12 tw-flex tw-justify-center tw-items-center tw-rotate-180\">\n\t\t\t\t\t\t\t<svg width=\"23\" height=\"22\" viewBox=\"0 0 23 22\" fill=\"none\" xmlns=\"http:\/\/www.w3.org\/2000\/svg\">\n\t\t\t\t\t\t\t\t<path d=\"M10.8711 21L1.00008 11L10.8711 1\" stroke=\"white\" stroke-width=\"1.5\" stroke-linecap=\"round\" stroke-linejoin=\"round\" \/>\n\t\t\t\t\t\t\t\t<path d=\"M1.00011 11L22 11\" stroke=\"white\" stroke-width=\"1.5\" stroke-linecap=\"round\" stroke-linejoin=\"round\" \/>\n\t\t\t\t\t\t\t<\/svg>\n\t\t\t\t\t\t<\/div>\n\t\t\t\t\t<\/div>\n\t\t\t\t<\/div>\n\t\t\t\t\t<\/div>\n\t\t<div class=\"swiper team-swiper\">\n\t\t\t<div class=\"swiper-wrapper\">\n\t\t\t\t\t\t\t\t\t<a data-id=\"7541\" href=\"https:\/\/adragos-pharma.com\/de\/team\/amalia-stroumpou\/\" class=\"tw-relative tw-overflow-hidden swiper-slide\">\n\t\t\t\t\t\t<img decoding=\"async\" src=\"https:\/\/adragos-pharma.com\/wp-content\/uploads\/2024\/03\/Amalia-Stroumpou-2-560x680.jpg\" alt=\"Amalia Stroumpou\" class=\"!tw-mb-0 tw-rounded-xl tw-object-cover tw-w-full tw-h-full\" \/>\n\t\t\t\t\t\t<div class=\"custom tw-absolute tw-bottom-0\">\n\t\t\t\t\t\t\t<div class=\"tw-relative tw-z-10 tw-w-full tw-pl-6 tw-pr-9\">\n\t\t\t\t\t\t\t\t<h3 class=\"!tw-text-white tw-text-xl tw-font-bold hover:!tw-text-secondary !tw-mb-0\">Amalia Stroumpou<\/h3>\n\t\t\t\t\t\t\t\t<p class=\"!tw-text-white tw-text-base tw-font-normal tw-pt-3 tw-pb-7 !tw-mb-0\">Leiterin von GMP Analytical\/QP, Athen <\/p>\n\t\t\t\t\t\t\t<\/div>\n\t\t\t\t\t\t\t<div class=\"glass-effect\"><\/div>\n\t\t\t\t\t\t<\/div>\n\t\t\t\t\t<\/a>\n\t\t\t\t\t\t\t\t\t<a data-id=\"7536\" href=\"https:\/\/adragos-pharma.com\/de\/team\/eleni-kotsi\/\" class=\"tw-relative tw-overflow-hidden swiper-slide\">\n\t\t\t\t\t\t<img decoding=\"async\" src=\"https:\/\/adragos-pharma.com\/wp-content\/uploads\/2024\/04\/Eleni-Kotsi-2-560x680.jpg\" alt=\"Eleni Kotsi\" class=\"!tw-mb-0 tw-rounded-xl tw-object-cover tw-w-full tw-h-full\" \/>\n\t\t\t\t\t\t<div class=\"custom tw-absolute tw-bottom-0\">\n\t\t\t\t\t\t\t<div class=\"tw-relative tw-z-10 tw-w-full tw-pl-6 tw-pr-9\">\n\t\t\t\t\t\t\t\t<h3 class=\"!tw-text-white tw-text-xl tw-font-bold hover:!tw-text-secondary !tw-mb-0\">Eleni Kotsi<\/h3>\n\t\t\t\t\t\t\t\t<p class=\"!tw-text-white tw-text-base tw-font-normal tw-pt-3 tw-pb-7 !tw-mb-0\">Leiterin der Qualit\u00e4tssicherung, Athen <\/p>\n\t\t\t\t\t\t\t<\/div>\n\t\t\t\t\t\t\t<div class=\"glass-effect\"><\/div>\n\t\t\t\t\t\t<\/div>\n\t\t\t\t\t<\/a>\n\t\t\t\t\t\t\t\t\t<a data-id=\"7546\" href=\"https:\/\/adragos-pharma.com\/de\/team\/konstantinos-apostolou\/\" class=\"tw-relative tw-overflow-hidden swiper-slide\">\n\t\t\t\t\t\t<img decoding=\"async\" src=\"https:\/\/adragos-pharma.com\/wp-content\/uploads\/2024\/03\/Konstantinos-Apostolou-560x680.jpg\" alt=\"Konstantinos Apostolou\" class=\"!tw-mb-0 tw-rounded-xl tw-object-cover tw-w-full tw-h-full\" \/>\n\t\t\t\t\t\t<div class=\"custom tw-absolute tw-bottom-0\">\n\t\t\t\t\t\t\t<div class=\"tw-relative tw-z-10 tw-w-full tw-pl-6 tw-pr-9\">\n\t\t\t\t\t\t\t\t<h3 class=\"!tw-text-white tw-text-xl tw-font-bold hover:!tw-text-secondary !tw-mb-0\">Konstantinos Apostolou<\/h3>\n\t\t\t\t\t\t\t\t<p class=\"!tw-text-white tw-text-base tw-font-normal tw-pt-3 tw-pb-7 !tw-mb-0\">R&amp;D Senior Manager, Athen <\/p>\n\t\t\t\t\t\t\t<\/div>\n\t\t\t\t\t\t\t<div class=\"glass-effect\"><\/div>\n\t\t\t\t\t\t<\/div>\n\t\t\t\t\t<\/a>\n\t\t\t\t\t\t\t\t\t<a data-id=\"7548\" href=\"https:\/\/adragos-pharma.com\/de\/team\/akis-loukas\/\" class=\"tw-relative tw-overflow-hidden swiper-slide\">\n\t\t\t\t\t\t<img decoding=\"async\" src=\"https:\/\/adragos-pharma.com\/wp-content\/uploads\/2024\/03\/Akis-Loukas-560x680.jpg\" alt=\"Akis Loukas\" class=\"!tw-mb-0 tw-rounded-xl tw-object-cover tw-w-full tw-h-full\" \/>\n\t\t\t\t\t\t<div class=\"custom tw-absolute tw-bottom-0\">\n\t\t\t\t\t\t\t<div class=\"tw-relative tw-z-10 tw-w-full tw-pl-6 tw-pr-9\">\n\t\t\t\t\t\t\t\t<h3 class=\"!tw-text-white tw-text-xl tw-font-bold hover:!tw-text-secondary !tw-mb-0\">Akis Loukas<\/h3>\n\t\t\t\t\t\t\t\t<p class=\"!tw-text-white tw-text-base tw-font-normal tw-pt-3 tw-pb-7 !tw-mb-0\">Senior Manager f\u00fcr Formulierung, Athen <\/p>\n\t\t\t\t\t\t\t<\/div>\n\t\t\t\t\t\t\t<div class=\"glass-effect\"><\/div>\n\t\t\t\t\t\t<\/div>\n\t\t\t\t\t<\/a>\n\t\t\t\t\t\t\t<\/div>\n\t\t<\/div>\n\t<\/div>\n\t\n\n\n\n<div style=\"height:42px\" aria-hidden=\"true\" class=\"wp-block-spacer\"><\/div>\n<\/div>\n<\/div><style>\n            .wp-block-columns.is-wide {\n\t\t\t\tmax-width: 1280px!important;\n\t\t\t\tmargin-left: auto!important;\n\t\t\t\tmargin-right: auto!important;\n            }\n        <\/style>\n\n\n\n<div class=\"wp-block-columns max-w-screen-xl w-full is-wide px-0 md:px-8 is-layout-flex wp-container-core-columns-is-layout-9d6595d7 wp-block-columns-is-layout-flex\">\n<div class=\"wp-block-column is-layout-flow wp-block-column-is-layout-flow\">\n<section class=\"wp-block-adragos-blocks-footer-cta max-w-screen-lg bg-light mx-8 md:mx-auto px-8 py-12 text-center mt-3 mb-12 md:mb-16 rounded-xl md:mb-24 mx-auto\"><h2 class=\"\">Nimmt Kontakt zu uns auf!<\/h2><p class=\"subtitle font-light m-auto max-w-screen-sm py-6\">F\u00fcr weitere Informationen zu unserem Unternehmen und unseren Dienstleistungen wende Sie sich direkt an unser Team.<\/p><div class=\"flex flex-col md:flex-row justify-center gap-4\"><a href=\"https:\/\/adragos-pharma.com\/de\/kontakt\/\" class=\"cta-link inline-block adragos-button text-white has-primary-background-color text-center\">Senden Sie eine Nachricht<\/a><a href=\"https:\/\/meetings-eu1.hubspot.com\/lydia-marinou?ref=hpapi-de-button\" class=\"cta-link2 inline-block adragos-button text-white has-secondary-background-color text-center\" target=\"_blank\" rel=\"noopener\">Vereinbaren Sie einen Termin<\/a><\/div><\/section>\n<\/div>\n<\/div><style>\n            .wp-block-columns.is-wide {\n\t\t\t\tmax-width: 1280px!important;\n\t\t\t\tmargin-left: auto!important;\n\t\t\t\tmargin-right: auto!important;\n            }\n        <\/style>\n<\/div><\/div>\n","protected":false},"excerpt":{"rendered":"<p>Wir k\u00f6nnen hochwirksame APIs (HPAPI) handhaben Unser HPAPI-Labor in Athen ist mit Ger\u00e4ten ausgestattet, um hochwirksame pharmazeutische Wirkstoffe (HPAPI) mit einem Occupational Exposure Limit (OEL) von nicht weniger als 0,5 \u03bcg\/m\u00b3 und einem Occupational Exposure Band 5 (OEB5) sicher zu [&hellip;]<\/p>\n","protected":false},"author":1,"featured_media":0,"parent":6566,"menu_order":0,"comment_status":"closed","ping_status":"closed","template":"","meta":{"content-type":"","inline_featured_image":false,"footnotes":""},"class_list":["post-7215","page","type-page","status-publish","hentry"],"_links":{"self":[{"href":"https:\/\/adragos-pharma.com\/de\/wp-json\/wp\/v2\/pages\/7215","targetHints":{"allow":["GET"]}}],"collection":[{"href":"https:\/\/adragos-pharma.com\/de\/wp-json\/wp\/v2\/pages"}],"about":[{"href":"https:\/\/adragos-pharma.com\/de\/wp-json\/wp\/v2\/types\/page"}],"author":[{"embeddable":true,"href":"https:\/\/adragos-pharma.com\/de\/wp-json\/wp\/v2\/users\/1"}],"replies":[{"embeddable":true,"href":"https:\/\/adragos-pharma.com\/de\/wp-json\/wp\/v2\/comments?post=7215"}],"version-history":[{"count":16,"href":"https:\/\/adragos-pharma.com\/de\/wp-json\/wp\/v2\/pages\/7215\/revisions"}],"predecessor-version":[{"id":23902,"href":"https:\/\/adragos-pharma.com\/de\/wp-json\/wp\/v2\/pages\/7215\/revisions\/23902"}],"up":[{"embeddable":true,"href":"https:\/\/adragos-pharma.com\/de\/wp-json\/wp\/v2\/pages\/6566"}],"wp:attachment":[{"href":"https:\/\/adragos-pharma.com\/de\/wp-json\/wp\/v2\/media?parent=7215"}],"curies":[{"name":"wp","href":"https:\/\/api.w.org\/{rel}","templated":true}]}}