{"id":7261,"date":"2024-03-10T19:59:54","date_gmt":"2024-03-10T17:59:54","guid":{"rendered":"https:\/\/adragos-pharma.com\/?page_id=7261"},"modified":"2025-11-06T18:24:51","modified_gmt":"2025-11-06T16:24:51","slug":"unser-angebot","status":"publish","type":"page","link":"https:\/\/adragos-pharma.com\/de\/unser-angebot\/","title":{"rendered":"Unser Angebot\u00a0"},"content":{"rendered":"\n<section class=\"wp-block-adragos-blocks-header relative has-primary-background-color bg-pattern flex flex-col bg-cover max-w-full bg-bottom items-center justify-center text-center text-black px-3 pt-20 pb-44 md:pt-36 md:pb-56 has-secondary-background-color has-background\"><div class=\"relative z-30 max-w-screen-xl px-6 m-auto\"><h1 class=\"text-white\">Unser Angebot\u00a0<\/h1><p class=\"mt-6 m-auto max-w-screen-sm text-white text-lg\">Wir sind ein zuverl\u00e4ssiger Partner f\u00fcr umfassende Entwicklungs- und Herstellungsdienstleistungen f\u00fcr Ihr Arzneimittel. End-to-End-Serviceangebot f\u00fcr Ihre niedermolekularen Fertigdosierungsformen (FDFs), einschlie\u00dflich steriler und nicht steriler Fl\u00fcssigkeiten, Feststoffe und Halbfeststoffe.<\/p><\/div><div class=\"bg-wave absolute left-0 bottom-0 h-52 bg-repeat-x bg-[center_bottom] w-full\"><\/div><\/section>\n\n\n\n<div class=\"wp-block-columns is-layout-flex wp-container-core-columns-is-layout-9d6595d7 wp-block-columns-is-layout-flex\">\n<div class=\"wp-block-column is-layout-flow wp-block-column-is-layout-flow\">\n<div class=\"wp-block-adragos-blocks-gallery w-full max-w-full relative\"><div class=\"relative\"><div class=\"lmax-w-screen-xl mx-auto px-8\"><div class=\"relative\"><div class=\"max-w-full\"><div class=\"asd\"><div class=\"swiper gallery-slides\"><div class=\"swiper-wrapper\"><div class=\"swiper-slide rounded-xl\"><img decoding=\"async\" src=\"https:\/\/adragos-pharma.com\/wp-content\/uploads\/2024\/06\/ADRAGOS_Livron-11-1-scaled.jpg\" alt=\"Infographic of adragos livron facility\" class=\"\"\/><\/div><div class=\"swiper-slide rounded-xl\"><img decoding=\"async\" src=\"https:\/\/adragos-pharma.com\/wp-content\/uploads\/2024\/05\/3Q4A7271.jpg\" alt=\"Gallery image\" class=\"\"\/><\/div><div class=\"swiper-slide rounded-xl\"><img decoding=\"async\" src=\"https:\/\/adragos-pharma.com\/wp-content\/uploads\/2024\/05\/3Q4A7625.jpg\" alt=\"Header image for hpapi\" class=\"\"\/><\/div><div class=\"swiper-slide rounded-xl\"><img decoding=\"async\" src=\"https:\/\/adragos-pharma.com\/wp-content\/uploads\/2024\/05\/3Q4A7768.jpg\" alt=\"Gallery image\" class=\"\"\/><\/div><div class=\"swiper-slide rounded-xl\"><img decoding=\"async\" src=\"https:\/\/adragos-pharma.com\/wp-content\/uploads\/2024\/05\/ADRAGOS_Livron-40-scaled.jpg\" alt=\"Gallery image\" class=\"\"\/><\/div><div class=\"swiper-slide rounded-xl\"><img decoding=\"async\" src=\"https:\/\/adragos-pharma.com\/wp-content\/uploads\/2024\/05\/3Q4A7895.jpg\" alt=\"Gallery image\" class=\"\"\/><\/div><div class=\"swiper-slide rounded-xl\"><img decoding=\"async\" src=\"https:\/\/adragos-pharma.com\/wp-content\/uploads\/2024\/05\/3Q4A7436.jpg\" alt=\"Gallery image\" class=\"\"\/><\/div><div class=\"swiper-slide rounded-xl\"><img decoding=\"async\" src=\"https:\/\/adragos-pharma.com\/wp-content\/uploads\/2024\/03\/3Q4A8461.jpg\" alt=\"Gallery image\" class=\"\"\/><\/div><\/div><\/div><\/div><\/div><div class=\"relative\"><div class=\"flex gap-7 justify-center\"><div class=\"btn-prev flex justify-center items-center rotate-180\"><svg xmlns=\"http:\/\/www.w3.org\/2000\/svg\" width=\"36\" height=\"28\" viewBox=\"0 0 36 28\" fill=\"none\"><path d=\"M2 14H34M34 14L22 2M34 14L22 26\" stroke=\"black\" stroke-width=\"3\" stroke-linecap=\"round\" stroke-linejoin=\"round\"><\/path><\/svg><\/div><div class=\"btn-next flex justify-center items-center\"><svg xmlns=\"http:\/\/www.w3.org\/2000\/svg\" width=\"36\" height=\"28\" viewBox=\"0 0 36 28\" fill=\"none\"><path d=\"M2 14H34M34 14L22 2M34 14L22 26\" stroke=\"black\" stroke-width=\"3\" stroke-linecap=\"round\" stroke-linejoin=\"round\"><\/path><\/svg><\/div><\/div><\/div><\/div><\/div><\/div><\/div>\n<\/div>\n<\/div>\n\n\n\n<section class=\"wp-block-adragos-blocks-advanced-boxes max-w-screen-xl mx-auto px-8 py-16 md:py-20\"><div class=\"grid grid-cols-1 lg:grid-cols-3 gap-8\"><div class=\"py-8\"><h2 class=\"text-2xl md:text-3xl\">Entdecken Sie unsere wichtigsten Dienstleistungen<\/h2><p class=\"subtitlee mt-6\">Wir konzentrieren uns auf die Entwicklung, Formulierung, kommerzielle Produktion und Verpackung verschiedener Darreichungsformen, einschlie\u00dflich steriler und nicht steriler fl\u00fcssiger, fester und halbfester Produkte.<\/p><\/div><div class=\"grid grid-cols-1 md:grid-cols-2 col-span-2 gap-8\"><div class=\"relative box bg-light rounded-xl p-8\"><div class=\"flex gap-5 items-center box-title\"><img decoding=\"async\" class=\"box-image\" src=\"https:\/\/adragos-pharma.com\/wp-content\/uploads\/2024\/03\/2.png\" alt=\"\"\/><a href=\"https:\/\/adragos-pharma.com\/de\/arzneimittelentwicklung\/\" class=\"box-link text-secondary font-medium\"><h3>Arzneimittelentwicklung<\/h3><\/a><\/div><p class=\"my-6 box-subtitle\">Wir bieten ma\u00dfgeschneiderte Dienstleistungen, die auf die unterschiedlichen Bed\u00fcrfnisse der Industrie zugeschnitten sind. Von der Auslizenzierung und Lieferung bis hin zu einmaligen Analysen, kundenspezifischen Entwicklungen und fortschrittlichen Formulierungsdienstleistungen.<\/p><a href=\"https:\/\/adragos-pharma.com\/de\/arzneimittelentwicklung\/\" class=\"box-link text-secondary font-medium text-4xl\">\u27f6<\/a><\/div><div class=\"relative box bg-light rounded-xl p-8\"><div class=\"flex gap-5 items-center box-title\"><img decoding=\"async\" class=\"box-image\" src=\"https:\/\/adragos-pharma.com\/wp-content\/uploads\/2024\/03\/4.png\" alt=\"\"\/><a href=\"https:\/\/adragos-pharma.com\/de\/kommerzielle-produktion\/\" class=\"box-link text-secondary font-medium\"><h3>Kommerzielle Produktion<\/h3><\/a><\/div><p class=\"my-6 box-subtitle\">Unser Produktionsnetzwerk umfasst drei hochmoderne Einrichtungen in Europa und eine in Japan, die jeweils mit einem engagierten Team ausgestattet sind, das sich daf\u00fcr einsetzt, bei jedem Angebot und jeder L\u00f6sung, die wir anbieten, beispiellose Qualit\u00e4t zu liefern.<\/p><a href=\"https:\/\/adragos-pharma.com\/de\/kommerzielle-produktion\/\" class=\"box-link text-secondary font-medium text-4xl\">\u27f6<\/a><\/div><div class=\"relative box bg-light rounded-xl p-8\"><div class=\"flex gap-5 items-center box-title\"><img decoding=\"async\" class=\"box-image\" src=\"https:\/\/adragos-pharma.com\/wp-content\/uploads\/2024\/03\/3.png\" alt=\"\"\/><a href=\"https:\/\/adragos-pharma.com\/de\/unsere-dienstleistungen\/auslizenzierung\/\" class=\"box-link text-secondary font-medium\"><h3>Auslizenzierung\u00a0<\/h3><\/a><\/div><p class=\"my-6 box-subtitle\">Im Rahmen unserer Dienstleistungen bieten wir eine breite Palette innovativer Arzneimittelentwicklungen an, die f\u00fcr unsere Kunden weltweit auslizenziert werden k\u00f6nnen.<\/p><a href=\"https:\/\/adragos-pharma.com\/de\/unsere-dienstleistungen\/auslizenzierung\/\" class=\"box-link text-secondary font-medium text-4xl\">\u27f6<\/a><\/div><div class=\"relative box bg-light rounded-xl p-8\"><div class=\"flex gap-5 items-center box-title\"><img decoding=\"async\" class=\"box-image\" src=\"https:\/\/adragos-pharma.com\/wp-content\/uploads\/2024\/03\/1.png\" alt=\"\"\/><a href=\"https:\/\/adragos-pharma.com\/de\/unsere-dienstleistungen\/\" class=\"box-link text-secondary font-medium\"><h3>Unsere Dienstleistungen<\/h3><\/a><\/div><p class=\"my-6 box-subtitle\">Wir bieten Ihnen voll integrierte Dienstleistungen, die den gesamten Prozess abdecken: von der anf\u00e4nglichen Planung \u00fcber das Lieferkettenmanagement bis hin zu den Zulassungsangelegenheiten f\u00fcr Ihr Arzneimittel.<\/p><a href=\"https:\/\/adragos-pharma.com\/de\/unsere-dienstleistungen\/\" class=\"box-link text-secondary font-medium text-4xl\">\u27f6<\/a><\/div><\/div><\/div><\/section>\n\n\n\n<div style=\"height:38px\" aria-hidden=\"true\" class=\"wp-block-spacer\"><\/div>\n\n\n\n<div class=\"wp-block-group has-light-background-color has-background\"><div class=\"wp-block-group__inner-container is-layout-constrained wp-block-group-is-layout-constrained\">\n<div class=\"wp-block-columns max-w-screen-xl w-full is-wide px-0 md:px-8 is-layout-flex wp-container-core-columns-is-layout-9d6595d7 wp-block-columns-is-layout-flex\">\n<div class=\"wp-block-column is-layout-flow wp-block-column-is-layout-flow\" style=\"flex-basis:10%\"><\/div>\n\n\n\n<div class=\"wp-block-column is-layout-flow wp-block-column-is-layout-flow\">\n<div class=\"wp-block-cb-carousel-v2 cb-carousel-block cb-single-slide testimonial-slider\" data-cb-slides-per-view=\"1\" data-cb-slides-per-group=\"1\" data-cb-space-between=\"0\" data-cb-speed=\"300\" data-cb-navigation=\"true\" data-cb-pagination=\"true\" data-cb-breakpoints=\"{&quot;768&quot;:{&quot;slidesPerView&quot;:1,&quot;slidesPerGroup&quot;:1}}\"><div class=\"swiper\"><div class=\"cb-wrapper swiper-wrapper\">\n<div class=\"wp-block-cb-slide-v2 cb-slide swiper-slide\"><div class=\"wp-block-image\">\n<figure class=\"aligncenter size-thumbnail is-resized\"><img decoding=\"async\" width=\"150\" height=\"150\" src=\"https:\/\/adragos-pharma.com\/wp-content\/uploads\/2025\/08\/Untitled-design-17-150x150.png\" alt=\"customer testimonials logo (Igyxos)\" class=\"wp-image-22020\" style=\"width:150px\" srcset=\"https:\/\/adragos-pharma.com\/wp-content\/uploads\/2025\/08\/Untitled-design-17-150x150.png 150w, https:\/\/adragos-pharma.com\/wp-content\/uploads\/2025\/08\/Untitled-design-17-300x300.png 300w, https:\/\/adragos-pharma.com\/wp-content\/uploads\/2025\/08\/Untitled-design-17-1024x1024.png 1024w, https:\/\/adragos-pharma.com\/wp-content\/uploads\/2025\/08\/Untitled-design-17-768x768.png 768w, https:\/\/adragos-pharma.com\/wp-content\/uploads\/2025\/08\/Untitled-design-17-760x760.png 760w, https:\/\/adragos-pharma.com\/wp-content\/uploads\/2025\/08\/Untitled-design-17.png 1080w\" sizes=\"(max-width: 150px) 100vw, 150px\" \/><\/figure>\n<\/div>\n\n\n<p class=\"has-text-align-center\"><em>\u201eAls ich 2021 erstmals Adragos Pharma kontaktierte, um einen CDMO f\u00fcr die Herstellung unseres ersten klinischen Batches eines First-in-Class monoklonalen Antik\u00f6rpers zur Behandlung von Unfruchtbarkeit zu finden, war ich beeindruckt von ihrer schnellen Reaktionsf\u00e4higkeit und der Transparenz in den detaillierten Angeboten. Die Klarheit erm\u00f6glichte es mir, jeden Kostenaspekt vollst\u00e4ndig zu verstehen, was die Entscheidungsfindung erheblich erleichterte. Das Team unterst\u00fctzte uns w\u00e4hrend des gesamten Prozesses und stellte sicher, dass wir die ben\u00f6tigten Materialien termingerecht erhielten. Diese reibungslose Zusammenarbeit erm\u00f6glichte es uns nicht nur, unser mAk-Projekt effizient in die klinische Phase zu bringen, sondern f\u00fchrte auch dazu, dass ich Adragos f\u00fcr weitere Produktionsbedarfe engagierte. Ich sch\u00e4tze ihr Engagement f\u00fcr Exzellenz sehr. Die Zusammenarbeit mit Adragos Pharma war entscheidend, um unser Projekt rechtzeitig voranzubringen.\u201c<\/em><\/p>\n\n\n\n<p class=\"has-text-align-center has-secondary-color has-text-color has-link-color has-small-font-size wp-elements-e3d1d95bc5e987f8bb13ac1823b29156\"><strong>Thierry Ziegler, COO, Igyxos<\/strong><\/p>\n<\/div>\n\n\n\n<div class=\"wp-block-cb-slide-v2 cb-slide swiper-slide\">\n<figure class=\"wp-block-image size-full\"><img decoding=\"async\" width=\"159\" height=\"106\" src=\"https:\/\/adragos-pharma.com\/wp-content\/uploads\/2025\/08\/image-1.png\" alt=\"\" class=\"wp-image-22006\"\/><\/figure>\n\n\n\n<p class=\"has-text-align-center\">\u201eObwohl wir uns noch in einer sehr fr\u00fchen Phase der m\u00f6glichen Zusammenarbeit befinden, war ich positiv beeindruckt von der Flexibilit\u00e4t, der schnellen Reaktionsf\u00e4higkeit und der Bereitschaft von Adragos, kreativ auf Projektanforderungen einzugehen. Diese Eigenschaften sind \u00e4u\u00dferst ermutigend und spiegeln eine Haltung wider, die produktive Partnerschaften f\u00f6rdert. Ich freue mich darauf zu sehen, wohin unsere Gespr\u00e4che f\u00fchren werden.\u201c<\/p>\n\n\n\n<p class=\"has-text-align-center has-secondary-color has-text-color has-link-color has-small-font-size wp-elements-17e7f2cffc8d9078539be751deca1405\"><strong>Leiter Business Development, Belgischer CDMO<\/strong><\/p>\n<\/div>\n\n\n\n<div class=\"wp-block-cb-slide-v2 cb-slide swiper-slide\"><div class=\"wp-block-image\">\n<figure class=\"aligncenter size-thumbnail is-resized\"><img decoding=\"async\" width=\"150\" height=\"150\" src=\"https:\/\/adragos-pharma.com\/wp-content\/uploads\/2025\/11\/People-19-3-150x150.png\" alt=\"\" class=\"wp-image-23219\" style=\"width:150px\" srcset=\"https:\/\/adragos-pharma.com\/wp-content\/uploads\/2025\/11\/People-19-3-150x150.png 150w, https:\/\/adragos-pharma.com\/wp-content\/uploads\/2025\/11\/People-19-3-300x300.png 300w, https:\/\/adragos-pharma.com\/wp-content\/uploads\/2025\/11\/People-19-3-1024x1024.png 1024w, https:\/\/adragos-pharma.com\/wp-content\/uploads\/2025\/11\/People-19-3-768x768.png 768w, https:\/\/adragos-pharma.com\/wp-content\/uploads\/2025\/11\/People-19-3-760x760.png 760w, https:\/\/adragos-pharma.com\/wp-content\/uploads\/2025\/11\/People-19-3.png 1080w\" sizes=\"(max-width: 150px) 100vw, 150px\" \/><\/figure>\n<\/div>\n\n\n<p class=\"has-text-align-center\"><em>Nach der Zusammenarbeit mit zahlreichen CDOs und CDMOs \u00fcber die Jahre ist Adragos Pharma Athens, ehemals Lamda, unsere erste Wahl. Ihr technisches Know-how in verschiedenen Formulierungstypen ist un\u00fcbertroffen, und ihre F\u00e4higkeit, ein Konzept von der leeren Seite bis hin zu einem zugelassenen, marktf\u00e4higen Produkt innerhalb von Budget und Zeitrahmen umzusetzen, gibt uns die Sicherheit, dass sich unsere Investition auszahlen wird. Klare Kommunikation, die Bereitschaft, Herausforderungen zu meistern, und der Wille, Ergebnisse zu liefern, machen sie zu einem bevorzugten Partner.<\/em><\/p>\n\n\n\n<p class=\"has-text-align-center has-secondary-color has-text-color has-link-color has-small-font-size wp-elements-00b42588e9b86b4afcf1e38bfa475a6b\"><strong><strong>Roland Brown, Gesch\u00e4ftsf\u00fchrer, Roma Pharmaceuticals Ltd.<\/strong><\/strong><\/p>\n<\/div>\n<\/div><\/div><div class=\"cb-pagination swiper-pagination\"><\/div><div class=\"cb-button-prev swiper-button-prev\"><\/div><div class=\"cb-button-next swiper-button-next\"><\/div><\/div>\n<\/div>\n\n\n\n<div class=\"wp-block-column is-layout-flow wp-block-column-is-layout-flow\" style=\"flex-basis:10%\"><\/div>\n<\/div><style>\n            .wp-block-columns.is-wide {\n\t\t\t\tmax-width: 1280px!important;\n\t\t\t\tmargin-left: auto!important;\n\t\t\t\tmargin-right: auto!important;\n            }\n        <\/style>\n<\/div><\/div>\n\n\n\n<div class=\"wp-block-group has-background is-nowrap is-layout-flex wp-container-core-group-is-layout-ad2f72ca wp-block-group-is-layout-flex\" style=\"background-color:#fe86d2\">\n<div class=\"wp-block-columns max-w-screen-xl w-full is-wide px-0 md:px-8 is-layout-flex wp-container-core-columns-is-layout-9d6595d7 wp-block-columns-is-layout-flex\">\n<div class=\"wp-block-column is-layout-flow wp-block-column-is-layout-flow\">\n<p><\/p>\n\n\n\n<h2 class=\"wp-block-heading has-text-align-center\"><strong><strong>Laden Sie jetzt unsere Brosch\u00fcre herunter!<\/strong><\/strong><\/h2>\n\n\n\n<p class=\"has-text-align-center has-black-color has-text-color has-link-color wp-elements-ed8f65e36d0e993f63c3c94cfa5a6910\">Wir haben eine Brosch\u00fcre vorbereitet, um Ihnen unser umfassendes globales CDMO-Portfolio vorzustellen.<\/p>\n\n\n\n<div class=\"wp-block-buttons is-content-justification-center is-layout-flex wp-container-core-buttons-is-layout-16018d1d wp-block-buttons-is-layout-flex\">\n<div class=\"wp-block-button\"><a class=\"wp-block-button__link has-black-background-color has-background has-text-align-center wp-element-button\" href=\"https:\/\/share-eu1.hsforms.com\/1i5jWMTj3QLiYV1JVnqsbKwfxkpu?utm_campaign=Sales%20Brochure&amp;utm_source=Google&amp;utm_medium=banner&amp;utm_content=company_brochure\" target=\"_blank\" rel=\"noopener\"><strong>Jetzt herunterladen<\/strong><\/a><\/div>\n<\/div>\n\n\n\n<p><\/p>\n<\/div>\n<\/div><style>\n            .wp-block-columns.is-wide {\n\t\t\t\tmax-width: 1280px!important;\n\t\t\t\tmargin-left: auto!important;\n\t\t\t\tmargin-right: auto!important;\n            }\n        <\/style>\n<\/div>\n\n\n\n<div style=\"height:71px\" aria-hidden=\"true\" class=\"wp-block-spacer\"><\/div>\n\n\n\n<section class=\"wp-block-adragos-blocks-footer-cta max-w-screen-lg bg-light mx-8 md:mx-auto px-8 py-12 text-center mt-3 mb-12 md:mb-16 rounded-xl md:mb-24 mx-auto\"><h2 class=\"\">Nimmt Kontakt zu uns auf!<\/h2><p class=\"subtitle font-light m-auto max-w-screen-sm py-6\">F\u00fcr weitere Informationen zu unserem Unternehmen und unseren Dienstleistungen wende Sie sich direkt an unser Team.<\/p><div class=\"flex flex-col md:flex-row justify-center gap-4\"><a href=\"https:\/\/adragos-pharma.com\/de\/kontakt\/\" class=\"cta-link inline-block adragos-button text-white has-primary-background-color text-center\">Senden Sie eine Nachricht<\/a><a href=\"https:\/\/meetings-eu1.hubspot.com\/lydia-marinou?ref=our-offering-de-button\" class=\"cta-link2 inline-block adragos-button text-white has-secondary-background-color text-center\" target=\"_blank\" rel=\"noopener\">Vereinbaren Sie einen Termin<\/a><\/div><\/section>\n","protected":false},"excerpt":{"rendered":"<p>Laden Sie jetzt unsere Brosch\u00fcre herunter! Wir haben eine Brosch\u00fcre vorbereitet, um Ihnen unser umfassendes globales CDMO-Portfolio vorzustellen.<\/p>\n","protected":false},"author":8,"featured_media":0,"parent":0,"menu_order":0,"comment_status":"closed","ping_status":"closed","template":"","meta":{"content-type":"","inline_featured_image":false,"footnotes":""},"class_list":["post-7261","page","type-page","status-publish","hentry"],"_links":{"self":[{"href":"https:\/\/adragos-pharma.com\/de\/wp-json\/wp\/v2\/pages\/7261","targetHints":{"allow":["GET"]}}],"collection":[{"href":"https:\/\/adragos-pharma.com\/de\/wp-json\/wp\/v2\/pages"}],"about":[{"href":"https:\/\/adragos-pharma.com\/de\/wp-json\/wp\/v2\/types\/page"}],"author":[{"embeddable":true,"href":"https:\/\/adragos-pharma.com\/de\/wp-json\/wp\/v2\/users\/8"}],"replies":[{"embeddable":true,"href":"https:\/\/adragos-pharma.com\/de\/wp-json\/wp\/v2\/comments?post=7261"}],"version-history":[{"count":20,"href":"https:\/\/adragos-pharma.com\/de\/wp-json\/wp\/v2\/pages\/7261\/revisions"}],"predecessor-version":[{"id":23225,"href":"https:\/\/adragos-pharma.com\/de\/wp-json\/wp\/v2\/pages\/7261\/revisions\/23225"}],"wp:attachment":[{"href":"https:\/\/adragos-pharma.com\/de\/wp-json\/wp\/v2\/media?parent=7261"}],"curies":[{"name":"wp","href":"https:\/\/api.w.org\/{rel}","templated":true}]}}