{"id":7283,"date":"2024-03-20T14:59:39","date_gmt":"2024-03-20T12:59:39","guid":{"rendered":"https:\/\/adragos-pharma.com\/?page_id=7283"},"modified":"2025-07-11T15:42:56","modified_gmt":"2025-07-11T13:42:56","slug":"unsere-standorte","status":"publish","type":"page","link":"https:\/\/adragos-pharma.com\/de\/unsere-standorte\/","title":{"rendered":"Unsere Standorte\u00a0"},"content":{"rendered":"\n<section class=\"wp-block-adragos-blocks-header relative has-primary-background-color bg-pattern flex flex-col bg-cover max-w-full bg-bottom items-center justify-center text-center text-black px-3 pt-20 pb-44 md:pt-36 md:pb-56 has-dark-blue-background-color has-background\"><div class=\"relative z-30 max-w-screen-xl px-6 m-auto\"><h1 class=\"text-white\">Unsere Standorte\u00a0<\/h1><p class=\"mt-6 m-auto max-w-screen-sm text-white text-lg\">Als weltweit t\u00e4tige Contract Development and Manufacturing Organisation (CDMO) mit Hauptsitz in M\u00fcnchen, Deutschland, widmen wir uns den pharmazeutischen Bed\u00fcrfnissen in ganz Europa, Japan und Nordamerika.<\/p><\/div><div class=\"bg-wave absolute left-0 bottom-0 h-52 bg-repeat-x bg-[center_bottom] w-full\"><\/div><\/section>\n\n\n\n<div style=\"height:36px\" aria-hidden=\"true\" class=\"wp-block-spacer\"><\/div>\n\n\n\n<div class=\"wp-block-columns image-top max-w-screen-xl w-full is-wide px-0 md:px-8 is-layout-flex wp-container-core-columns-is-layout-9d6595d7 wp-block-columns-is-layout-flex\">\n<div class=\"wp-block-column is-layout-flow wp-block-column-is-layout-flow\">\n<h2 class=\"wp-block-heading has-primary-color has-text-color has-link-color wp-elements-65b26cbc3c6e8522f884c87febbb7f5c\"><a href=\"https:\/\/adragos-pharma.com\/de\/athen-griechenland\/\" data-type=\"page\" data-id=\"445\">Athen, Griechenland<\/a><\/h2>\n\n\n\n<div class=\"wp-block-cover is-light tw-rounded-xl\" style=\"min-height:360px;aspect-ratio:unset;\"><img decoding=\"async\" width=\"1800\" height=\"1012\" class=\"wp-block-cover__image-background wp-image-1136\" alt=\"\" src=\"https:\/\/adragos-pharma.com\/wp-content\/uploads\/2024\/03\/hero-01.jpeg\" data-object-fit=\"cover\" srcset=\"https:\/\/adragos-pharma.com\/wp-content\/uploads\/2024\/03\/hero-01.jpeg 1800w, https:\/\/adragos-pharma.com\/wp-content\/uploads\/2024\/03\/hero-01-300x169.jpeg 300w, https:\/\/adragos-pharma.com\/wp-content\/uploads\/2024\/03\/hero-01-1024x576.jpeg 1024w, https:\/\/adragos-pharma.com\/wp-content\/uploads\/2024\/03\/hero-01-768x432.jpeg 768w, https:\/\/adragos-pharma.com\/wp-content\/uploads\/2024\/03\/hero-01-1536x864.jpeg 1536w\" sizes=\"(max-width: 1800px) 100vw, 1800px\" \/><span aria-hidden=\"true\" class=\"wp-block-cover__background has-background-dim-20 has-background-dim\"><\/span><div class=\"wp-block-cover__inner-container is-layout-constrained wp-block-cover-is-layout-constrained\">\n<figure class=\"wp-block-image size-large no-rounded\"><img decoding=\"async\" width=\"43\" height=\"32\" src=\"https:\/\/adragos-pharma.com\/wp-content\/uploads\/2024\/03\/greeceflag.svg\" alt=\"\" class=\"wp-image-271\" style=\"object-fit:cover\"\/><\/figure>\n<\/div><\/div>\n\n\n\n<p style=\"padding-top:var(--wp--preset--spacing--50);padding-bottom:0\">Mit mehr als 3.000 m\u00b2 F&amp;E-Einrichtungen ist Adragos Athen auf die Entwicklung von Arzneimitteln mit Zusatznutzen spezialisiert und wurde k\u00fcrzlich mit HPAPI-Kapazit\u00e4ten aufger\u00fcstet.<\/p>\n\n\n\n<p><a href=\"https:\/\/adragos-pharma.com\/de\/athen-griechenland\/\" data-type=\"page\" data-id=\"445\">Standort ansehen -&gt;<\/a><\/p>\n<\/div>\n\n\n\n<div class=\"wp-block-column is-layout-flow wp-block-column-is-layout-flow\">\n<h2 class=\"wp-block-heading has-text-color has-link-color wp-elements-82d70ee9871f363e9f726d20bff5f4fd\" style=\"color:#fe86d2\"><a href=\"https:\/\/adragos-pharma.com\/de\/halden-norwegen\/\" data-type=\"page\" data-id=\"566\">Halden, Norwegen<\/a><\/h2>\n\n\n\n<div class=\"wp-block-cover is-light tw-rounded-xl\" style=\"min-height:360px;aspect-ratio:unset;\"><img decoding=\"async\" width=\"2560\" height=\"1381\" class=\"wp-block-cover__image-background wp-image-1310\" alt=\"\" src=\"https:\/\/adragos-pharma.com\/wp-content\/uploads\/2024\/03\/DJI_0083_edit2-scaled-1.jpg\" data-object-fit=\"cover\" srcset=\"https:\/\/adragos-pharma.com\/wp-content\/uploads\/2024\/03\/DJI_0083_edit2-scaled-1.jpg 2560w, https:\/\/adragos-pharma.com\/wp-content\/uploads\/2024\/03\/DJI_0083_edit2-scaled-1-300x162.jpg 300w, https:\/\/adragos-pharma.com\/wp-content\/uploads\/2024\/03\/DJI_0083_edit2-scaled-1-768x414.jpg 768w, https:\/\/adragos-pharma.com\/wp-content\/uploads\/2024\/03\/DJI_0083_edit2-scaled-1-1024x552.jpg 1024w, https:\/\/adragos-pharma.com\/wp-content\/uploads\/2024\/03\/DJI_0083_edit2-scaled-1-1536x829.jpg 1536w, https:\/\/adragos-pharma.com\/wp-content\/uploads\/2024\/03\/DJI_0083_edit2-scaled-1-2048x1105.jpg 2048w\" sizes=\"(max-width: 2560px) 100vw, 2560px\" \/><span aria-hidden=\"true\" class=\"wp-block-cover__background has-background-dim-20 has-background-dim\"><\/span><div class=\"wp-block-cover__inner-container is-layout-constrained wp-block-cover-is-layout-constrained\">\n<figure class=\"wp-block-image size-large no-rounded\"><img decoding=\"async\" width=\"43\" height=\"32\" src=\"https:\/\/adragos-pharma.com\/wp-content\/uploads\/2024\/03\/Norway.svg\" alt=\"\" class=\"wp-image-272\" style=\"object-fit:cover\"\/><\/figure>\n<\/div><\/div>\n\n\n\n<p style=\"padding-top:var(--wp--preset--spacing--50);padding-bottom:0\">Unser k\u00fcrzlich erworbenes Werk ist eine der modernsten sterilen Produktionsanlagen in Nordeuropa. Wir haben uns auf die Herstellung von Infusionsbeuteln, Kunststoffampullen und -fl\u00e4schchen mit der Blow-Fill-Seal (BFS)-Technologie und andere Darreichungsformen spezialisiert.<\/p>\n\n\n\n<p><a href=\"https:\/\/adragos-pharma.com\/de\/halden-norwegen\/\" data-type=\"page\" data-id=\"566\">Standort<\/a> <a href=\"https:\/\/adragos-pharma.com\/de\/leipzig-deutschland\/\" data-type=\"page\" data-id=\"1614\">ansehen<\/a>-&gt;<\/p>\n<\/div>\n\n\n\n<div class=\"wp-block-column is-layout-flow wp-block-column-is-layout-flow\">\n<h2 class=\"wp-block-heading has-text-color has-link-color wp-elements-4f3b00446c7d2d3aa10761b127e4d804\" style=\"color:#1a1973\"><a href=\"https:\/\/adragos-pharma.com\/de\/jura-schweiz\/\" data-type=\"page\" data-id=\"595\">Jura, Schweiz<\/a><\/h2>\n\n\n\n<div class=\"wp-block-cover tw-rounded-xl\" style=\"min-height:360px;aspect-ratio:unset;\"><img decoding=\"async\" width=\"1004\" height=\"665\" class=\"wp-block-cover__image-background wp-image-14513\" alt=\"\" src=\"https:\/\/adragos-pharma.com\/wp-content\/uploads\/2024\/11\/facility-jura-no-logo-2.png\" data-object-fit=\"cover\" srcset=\"https:\/\/adragos-pharma.com\/wp-content\/uploads\/2024\/11\/facility-jura-no-logo-2.png 1004w, https:\/\/adragos-pharma.com\/wp-content\/uploads\/2024\/11\/facility-jura-no-logo-2-300x199.png 300w, https:\/\/adragos-pharma.com\/wp-content\/uploads\/2024\/11\/facility-jura-no-logo-2-768x509.png 768w\" sizes=\"(max-width: 1004px) 100vw, 1004px\" \/><span aria-hidden=\"true\" class=\"wp-block-cover__background has-background-dim-20 has-background-dim\" style=\"background-color:#6e7282\"><\/span><div class=\"wp-block-cover__inner-container is-layout-constrained wp-block-cover-is-layout-constrained\">\n<figure class=\"wp-block-image size-full is-resized no-rounded\"><img decoding=\"async\" width=\"612\" height=\"408\" src=\"https:\/\/adragos-pharma.com\/wp-content\/uploads\/2024\/11\/istockphoto-691333880-612x612-1.jpg\" alt=\"\" class=\"wp-image-13660\" style=\"object-fit:cover;width:51px;height:auto\" srcset=\"https:\/\/adragos-pharma.com\/wp-content\/uploads\/2024\/11\/istockphoto-691333880-612x612-1.jpg 612w, https:\/\/adragos-pharma.com\/wp-content\/uploads\/2024\/11\/istockphoto-691333880-612x612-1-300x200.jpg 300w\" sizes=\"(max-width: 612px) 100vw, 612px\" \/><\/figure>\n<\/div><\/div>\n\n\n\n<p style=\"padding-top:var(--wp--preset--spacing--50);padding-bottom:0\">Wir bieten ein umfassendes Dienstleistungsspektrum, das sowohl auf die Anforderungen der klinischen als auch der kommerziellen Herstellung zugeschnitten ist, und sind auf Kleinserienfertigung mit ma\u00dfgeschneiderten L\u00f6sungen spezialisiert.<\/p>\n\n\n\n<p><a href=\"https:\/\/adragos-pharma.com\/de\/jura-schweiz\/\" data-type=\"page\" data-id=\"595\">Standort ansehen -><\/a><\/p>\n<\/div>\n<\/div><style>\n            .wp-block-columns.is-wide {\n\t\t\t\tmax-width: 1280px!important;\n\t\t\t\tmargin-left: auto!important;\n\t\t\t\tmargin-right: auto!important;\n            }\n        <\/style>\n\n\n\n<div class=\"wp-block-columns image-top max-w-screen-xl w-full is-wide px-0 md:px-8 is-layout-flex wp-container-core-columns-is-layout-9d6595d7 wp-block-columns-is-layout-flex\">\n<div class=\"wp-block-column is-layout-flow wp-block-column-is-layout-flow\">\n<h2 class=\"wp-block-heading has-dark-blue-color has-text-color has-link-color wp-elements-44e64cb5775c3a9ab8b3d1b3d0860203\"><a href=\"https:\/\/adragos-pharma.com\/de\/kawagoe-japan\/\" data-type=\"page\" data-id=\"595\">Kawagoe, Japan<\/a><\/h2>\n\n\n\n<div class=\"wp-block-cover tw-rounded-xl\" style=\"min-height:360px;aspect-ratio:unset;\"><img decoding=\"async\" width=\"1911\" height=\"901\" class=\"wp-block-cover__image-background wp-image-1292\" alt=\"\" src=\"https:\/\/adragos-pharma.com\/wp-content\/uploads\/2024\/03\/Kawagoe-CDMO-Adragos.bmp\" data-object-fit=\"cover\" srcset=\"https:\/\/adragos-pharma.com\/wp-content\/uploads\/2024\/03\/Kawagoe-CDMO-Adragos.bmp 1911w, https:\/\/adragos-pharma.com\/wp-content\/uploads\/2024\/03\/Kawagoe-CDMO-Adragos-300x141.jpg 300w, https:\/\/adragos-pharma.com\/wp-content\/uploads\/2024\/03\/Kawagoe-CDMO-Adragos-1024x483.jpg 1024w, https:\/\/adragos-pharma.com\/wp-content\/uploads\/2024\/03\/Kawagoe-CDMO-Adragos-768x362.jpg 768w, https:\/\/adragos-pharma.com\/wp-content\/uploads\/2024\/03\/Kawagoe-CDMO-Adragos-1536x724.jpg 1536w\" sizes=\"(max-width: 1911px) 100vw, 1911px\" \/><span aria-hidden=\"true\" class=\"wp-block-cover__background has-background-dim-20 has-background-dim\"><\/span><div class=\"wp-block-cover__inner-container is-layout-constrained wp-block-cover-is-layout-constrained\">\n<figure class=\"wp-block-image size-full no-rounded\"><img decoding=\"async\" width=\"43\" height=\"29\" src=\"https:\/\/adragos-pharma.com\/wp-content\/uploads\/2024\/03\/japan-flag.jpeg\" alt=\"\" class=\"wp-image-1904\" style=\"object-fit:cover\"\/><\/figure>\n<\/div><\/div>\n\n\n\n<p style=\"padding-top:var(--wp--preset--spacing--50);padding-bottom:0\">Unsere hochmoderne Produktionsst\u00e4tte ist auf Ampullen, Tabletten und visuelle Inspektionsdienste spezialisiert. Wir bieten einen ausgezeichneten Kundenservice in Englisch und Japanisch. Der Standort verf\u00fcgt \u00fcber eines der gr\u00f6\u00dften K\u00fchllager in Japan.<\/p>\n\n\n\n<p><a href=\"https:\/\/adragos-pharma.com\/de\/kawagoe-japan\/\" data-type=\"page\" data-id=\"595\">Standort ansehen -&gt;<\/a><\/p>\n<\/div>\n\n\n\n<div class=\"wp-block-column is-layout-flow wp-block-column-is-layout-flow\">\n<h2 class=\"wp-block-heading has-secondary-color has-text-color has-link-color wp-elements-01543ffb25bd488c3c88d88df5f03b9b\">Liv<a href=\"https:\/\/adragos-pharma.com\/de\/livron-frankreich\/\" data-type=\"page\" data-id=\"1641\">ron, Frankreich<\/a><\/h2>\n\n\n\n<div class=\"wp-block-cover is-light tw-rounded-xl\" style=\"min-height:360px;aspect-ratio:unset;\"><img decoding=\"async\" width=\"1200\" height=\"800\" class=\"wp-block-cover__image-background wp-image-2073\" alt=\"\" src=\"https:\/\/adragos-pharma.com\/wp-content\/uploads\/2024\/03\/ADRAGOS_Livron-44.jpg\" data-object-fit=\"cover\" srcset=\"https:\/\/adragos-pharma.com\/wp-content\/uploads\/2024\/03\/ADRAGOS_Livron-44.jpg 1200w, https:\/\/adragos-pharma.com\/wp-content\/uploads\/2024\/03\/ADRAGOS_Livron-44-300x200.jpg 300w, https:\/\/adragos-pharma.com\/wp-content\/uploads\/2024\/03\/ADRAGOS_Livron-44-1024x683.jpg 1024w, https:\/\/adragos-pharma.com\/wp-content\/uploads\/2024\/03\/ADRAGOS_Livron-44-768x512.jpg 768w\" sizes=\"(max-width: 1200px) 100vw, 1200px\" \/><span aria-hidden=\"true\" class=\"wp-block-cover__background has-background-dim-20 has-background-dim\"><\/span><div class=\"wp-block-cover__inner-container is-layout-constrained wp-block-cover-is-layout-constrained\">\n<figure class=\"wp-block-image size-large no-rounded\"><img decoding=\"async\" width=\"43\" height=\"32\" src=\"https:\/\/adragos-pharma.com\/wp-content\/uploads\/2024\/03\/France.svg\" alt=\"\" class=\"wp-image-269\" style=\"object-fit:cover\"\/><\/figure>\n<\/div><\/div>\n\n\n\n<p style=\"padding-top:var(--wp--preset--spacing--50);padding-bottom:0\">Mit \u00fcber 100 Jahren Erfahrung konzentriert sich Adragos Livron auf die Herstellung von sterilen Fl\u00fcssigkeiten und Suppositorien. Wir bearbeiten mehr als 100 Molek\u00fcle und bieten Stabilit\u00e4tsstudien, den Umgang mit Bet\u00e4ubungsmitteln und analytische Pr\u00fcfdienste an.<\/p>\n\n\n\n<p><a href=\"https:\/\/adragos-pharma.com\/de\/livron-frankreich\/\" data-type=\"page\" data-id=\"1641\">Standort ansehen -&gt;<\/a><\/p>\n<\/div>\n\n\n\n<div class=\"wp-block-column is-layout-flow wp-block-column-is-layout-flow\">\n<h2 class=\"wp-block-heading has-text-color has-link-color wp-elements-5eda9e8c22a99ef39a2f3088f182b472\" style=\"color:#fe86d2\">Leip<a href=\"https:\/\/adragos-pharma.com\/de\/leipzig-deutschland\/\" data-type=\"page\" data-id=\"1614\">zig, Deutschland<\/a><\/h2>\n\n\n\n<div class=\"wp-block-cover is-light tw-rounded-xl\" style=\"min-height:360px;aspect-ratio:unset;\"><img decoding=\"async\" width=\"2560\" height=\"1714\" class=\"wp-block-cover__image-background wp-image-3163\" alt=\"\" src=\"https:\/\/adragos-pharma.com\/wp-content\/uploads\/2024\/04\/Adragos-Pharma-Leipzig-2024-01-scaled.jpg\" data-object-fit=\"cover\" srcset=\"https:\/\/adragos-pharma.com\/wp-content\/uploads\/2024\/04\/Adragos-Pharma-Leipzig-2024-01-scaled.jpg 2560w, https:\/\/adragos-pharma.com\/wp-content\/uploads\/2024\/04\/Adragos-Pharma-Leipzig-2024-01-300x201.jpg 300w, https:\/\/adragos-pharma.com\/wp-content\/uploads\/2024\/04\/Adragos-Pharma-Leipzig-2024-01-1024x686.jpg 1024w, https:\/\/adragos-pharma.com\/wp-content\/uploads\/2024\/04\/Adragos-Pharma-Leipzig-2024-01-768x514.jpg 768w, https:\/\/adragos-pharma.com\/wp-content\/uploads\/2024\/04\/Adragos-Pharma-Leipzig-2024-01-1536x1029.jpg 1536w, https:\/\/adragos-pharma.com\/wp-content\/uploads\/2024\/04\/Adragos-Pharma-Leipzig-2024-01-2048x1372.jpg 2048w\" sizes=\"(max-width: 2560px) 100vw, 2560px\" \/><span aria-hidden=\"true\" class=\"wp-block-cover__background has-background-dim-20 has-background-dim\"><\/span><div class=\"wp-block-cover__inner-container is-layout-constrained wp-block-cover-is-layout-constrained\">\n<figure class=\"wp-block-image size-large no-rounded\"><img decoding=\"async\" width=\"43\" height=\"32\" src=\"https:\/\/adragos-pharma.com\/wp-content\/uploads\/2024\/03\/Germany.svg\" alt=\"\" class=\"wp-image-270\" style=\"object-fit:cover\"\/><\/figure>\n<\/div><\/div>\n\n\n\n<p style=\"padding-top:var(--wp--preset--spacing--50);padding-bottom:0\">Unsere Produktionsst\u00e4tte in Leipzig ist auf halbfeste und nicht sterile fl\u00fcssige Arzneimittel spezialisiert. Mit \u00fcber 100 Jahren Erfahrung k\u00f6nnen wir einen erstklassigen Service und eine kundenorientierte Produktion vorweisen.<\/p>\n\n\n\n<p><a href=\"https:\/\/adragos-pharma.com\/de\/leipzig-deutschland\/\" data-type=\"page\" data-id=\"1614\">Standort ansehen -&gt;<\/a><\/p>\n<\/div>\n<\/div><style>\n            .wp-block-columns.is-wide {\n\t\t\t\tmax-width: 1280px!important;\n\t\t\t\tmargin-left: auto!important;\n\t\t\t\tmargin-right: auto!important;\n            }\n        <\/style>\n\n\n\n<div style=\"height:36px\" aria-hidden=\"true\" class=\"wp-block-spacer\"><\/div>\n\n\n\n<header class=\"wp-block-adragos-blocks-title max-w-screen-xl md:px-8 mx-auto flex flex-col md:flex-row lg:items-center justify-between\"><h2 class=\"flex gap-3 !text-secondary items-center lg:w-1\/3 lg:pr-12 mb-6\"><svg width=\"27\" height=\"3\" viewBox=\"0 0 27 3\" fill=\"none\" xmlns=\"http:\/\/www.w3.org\/2000\/svg\"><rect width=\"27\" height=\"3\" fill=\"#8696FE\"><\/rect><\/svg><span class=\"sad\">Unsere B\u00fcros<\/span><\/h2><p class=\"font-RobotoSlab text-lg xl:text-xl font-light lg:w-2\/3 lg:pl-32\"><\/p><\/header>\n\n\n\n<div class=\"wp-block-columns max-w-screen-xl w-full is-wide px-0 md:px-8 is-layout-flex wp-container-core-columns-is-layout-9d6595d7 wp-block-columns-is-layout-flex\">\n<div class=\"wp-block-column relative block group border p-8 bg-white border-primary hover:bg-primary transition-all rounded-xl is-layout-flow wp-block-column-is-layout-flow\">\n<figure class=\"wp-block-image size-large no-rounded\"><img decoding=\"async\" width=\"43\" height=\"32\" src=\"https:\/\/adragos-pharma.com\/wp-content\/uploads\/2024\/03\/Germany.svg\" alt=\"\" class=\"wp-image-270\"\/><\/figure>\n\n\n\n<h3 class=\"wp-block-heading\">M\u00fcnchen, Deutschland<\/h3>\n\n\n\n<p>Hauptsitz<\/p>\n<\/div>\n\n\n\n<div class=\"wp-block-column relative block group border p-8 bg-white border-primary hover:bg-primary transition-all rounded-xl is-layout-flow wp-block-column-is-layout-flow\">\n<figure class=\"wp-block-image size-full no-rounded\"><img decoding=\"async\" width=\"43\" height=\"29\" src=\"https:\/\/adragos-pharma.com\/wp-content\/uploads\/2024\/03\/japan-flag.jpeg\" alt=\"\" class=\"wp-image-1904\"\/><\/figure>\n\n\n\n<h3 class=\"wp-block-heading\">Tokyo, Japan<\/h3>\n\n\n\n<p>Regionalb\u00fcro<\/p>\n<\/div>\n\n\n\n<div class=\"wp-block-column relative block group border p-8 bg-white border-primary hover:bg-primary transition-all rounded-xl is-layout-flow wp-block-column-is-layout-flow\">\n<figure class=\"wp-block-image size-full no-rounded\"><img decoding=\"async\" width=\"43\" height=\"29\" src=\"https:\/\/adragos-pharma.com\/wp-content\/uploads\/2024\/03\/spain-flag-icon-64.jpg\" alt=\"\" class=\"wp-image-2878\" style=\"object-fit:cover\"\/><\/figure>\n\n\n\n<h3 class=\"wp-block-heading\">Barcelona, Spanien<\/h3>\n\n\n\n<p>Regionalb\u00fcro<\/p>\n<\/div>\n<\/div><style>\n            .wp-block-columns.is-wide {\n\t\t\t\tmax-width: 1280px!important;\n\t\t\t\tmargin-left: auto!important;\n\t\t\t\tmargin-right: auto!important;\n            }\n        <\/style>\n","protected":false},"excerpt":{"rendered":"<p>Athen, Griechenland Mit mehr als 3.000 m\u00b2 F&amp;E-Einrichtungen ist Adragos Athen auf die Entwicklung von Arzneimitteln mit Zusatznutzen spezialisiert und wurde k\u00fcrzlich mit HPAPI-Kapazit\u00e4ten aufger\u00fcstet. Standort ansehen -&gt; Halden, Norwegen Unser k\u00fcrzlich erworbenes Werk ist eine der modernsten sterilen Produktionsanlagen [&hellip;]<\/p>\n","protected":false},"author":8,"featured_media":0,"parent":0,"menu_order":0,"comment_status":"closed","ping_status":"closed","template":"","meta":{"content-type":"","inline_featured_image":false,"footnotes":""},"class_list":["post-7283","page","type-page","status-publish","hentry"],"_links":{"self":[{"href":"https:\/\/adragos-pharma.com\/de\/wp-json\/wp\/v2\/pages\/7283","targetHints":{"allow":["GET"]}}],"collection":[{"href":"https:\/\/adragos-pharma.com\/de\/wp-json\/wp\/v2\/pages"}],"about":[{"href":"https:\/\/adragos-pharma.com\/de\/wp-json\/wp\/v2\/types\/page"}],"author":[{"embeddable":true,"href":"https:\/\/adragos-pharma.com\/de\/wp-json\/wp\/v2\/users\/8"}],"replies":[{"embeddable":true,"href":"https:\/\/adragos-pharma.com\/de\/wp-json\/wp\/v2\/comments?post=7283"}],"version-history":[{"count":19,"href":"https:\/\/adragos-pharma.com\/de\/wp-json\/wp\/v2\/pages\/7283\/revisions"}],"predecessor-version":[{"id":20387,"href":"https:\/\/adragos-pharma.com\/de\/wp-json\/wp\/v2\/pages\/7283\/revisions\/20387"}],"wp:attachment":[{"href":"https:\/\/adragos-pharma.com\/de\/wp-json\/wp\/v2\/media?parent=7283"}],"curies":[{"name":"wp","href":"https:\/\/api.w.org\/{rel}","templated":true}]}}