{"id":7289,"date":"2024-03-17T12:30:08","date_gmt":"2024-03-17T10:30:08","guid":{"rendered":"https:\/\/adragos-pharma.com\/?page_id=7289"},"modified":"2025-07-03T14:05:52","modified_gmt":"2025-07-03T12:05:52","slug":"gtc","status":"publish","type":"page","link":"https:\/\/adragos-pharma.com\/de\/gtc\/","title":{"rendered":"Allgemeine Gesch\u00e4ftsbedingungen (AGB)"},"content":{"rendered":"\n<section class=\"wp-block-adragos-blocks-header relative has-primary-background-color bg-pattern bg-cover max-w-full bg-bottom px-3 pt-10 pb-44 md:pt-16 md:pb-44\"><div class=\"relative z-30 max-w-screen-xl px-6 m-auto\"><nav class=\"flex mb-4\" aria-label=\"Breadcrumb\"><ol class=\"inline-flex items-center space-x-1 md:space-x-2 rtl:space-x-reverse\"><li class=\"inline-flex items-center\"><a href=\"https:\/\/adragos-pharma.com\/de\/\" class=\"inline-flex items-center text-sm font-medium text-white hover:text-primary\"><svg class=\"w-3 h-3 me-2.5\" aria-hidden=\"true\" xmlns=\"http:\/\/www.w3.org\/2000\/svg\" fill=\"currentColor\" viewBox=\"0 0 20 20\"><path d=\"m19.707 9.293-2-2-7-7a1 1 0 0 0-1.414 0l-7 7-2 2a1 1 0 0 0 1.414 1.414L2 10.414V18a2 2 0 0 0 2 2h3a1 1 0 0 0 1-1v-4a1 1 0 0 1 1-1h2a1 1 0 0 1 1 1v4a1 1 0 0 0 1 1h3a2 2 0 0 0 2-2v-7.586l.293.293a1 1 0 0 0 1.414-1.414Z\"><\/path><\/svg>Home<\/a><\/li><li class=\"hidden md:inline-block\" aria-current=\"page\"><div class=\"flex items-center\"><svg class=\"rtl:rotate-180 w-3 h-3 text-white mx-1\" aria-hidden=\"true\" xmlns=\"http:\/\/www.w3.org\/2000\/svg\" fill=\"none\" viewBox=\"0 0 6 10\"><path stroke=\"currentColor\" stroke-linecap=\"round\" stroke-linejoin=\"round\" stroke-width=\"2\" d=\"m1 9 4-4-4-4\"><\/path><\/svg><span class=\"ms-1 text-sm font-medium text-white md:ms-2\">Allgemeine Gesch\u00e4ftsbedingungen (AGB)<\/span><\/div><\/li><\/ol><\/nav><h1 class=\"text-3xl md:text-4xl text-white\">Allgemeine Gesch\u00e4ftsbedingungen (AGB)<\/h1><\/div><div class=\"bg-wave absolute left-0 bottom-0 h-52 bg-repeat-x bg-[center_bottom] w-full\"><\/div><\/section>\n\n\n\n<div class=\"wp-block-columns is-layout-flex wp-container-core-columns-is-layout-9d6595d7 wp-block-columns-is-layout-flex\">\n<div class=\"wp-block-column is-layout-flow wp-block-column-is-layout-flow\">\n<h2 class=\"wp-block-heading\"><strong>Allgemeine Nutzungsbedingungen (ANBs)<\/strong><\/h2>\n\n\n\n<p>Stand: 01.08.2021<\/p>\n\n\n\n<p>Die folgenden Nutzungsbedingungen regeln die Nutzung der Website der Adragos Pharma GmbH (www.adragos-pharma.com) und ihrer Unterseiten.&nbsp;<\/p>\n\n\n\n<p>Durch den Zugriff und die Nutzung der Website erkl\u00e4ren Sie sich mit diesen Allgemeinen Nutzungsbedingungen (nachfolgend \u201eAGB\u201c genannt) uneingeschr\u00e4nkt einverstanden.&nbsp;<\/p>\n\n\n\n<p>Bitte lesen Sie diese AGB sorgf\u00e4ltig, bevor Sie die Website der Adragos Pharma GmbH oder ihre Unterseiten nutzen. Indem Sie auf die Website zugreifen oder sie nutzen, best\u00e4tigen Sie, dass Sie diese AGB gelesen und verstanden haben, und erkl\u00e4ren sich damit einverstanden, in gleichem Ma\u00dfe wie mit Ihrer Unterschrift rechtlich an sie gebunden zu sein.&nbsp;<\/p>\n\n\n\n<h3 class=\"wp-block-heading\">Inhalt und Haftung&nbsp;<\/h3>\n\n\n\n<p>Obwohl die Inhalte dieser Website mit gr\u00f6\u00dfter Sorgfalt erstellt wurden, \u00fcbernimmt die Adragos Pharma GmbH keine Gew\u00e4hr f\u00fcr die Aktualit\u00e4t, Richtigkeit, Vollst\u00e4ndigkeit oder Qualit\u00e4t der bereitgestellten Informationen.<\/p>\n\n\n\n<p>Die Adragos Pharma GmbH ist jederzeit berechtigt, den Betrieb der Website ganz oder teilweise einzustellen, zu \u00e4ndern und\/oder zu l\u00f6schen. Aus diesem Grund \u00fcbernimmt die Adragos Pharma GmbH keine Gew\u00e4hr f\u00fcr die ununterbrochene Verf\u00fcgbarkeit der Website.&nbsp;<\/p>\n\n\n\n<p>Obwohl die Adragos Pharma GmbH sich bem\u00fcht, ihre Website virenfrei zu halten, kann keine Garantie f\u00fcr die Virenfreiheit \u00fcbernommen werden.&nbsp;<\/p>\n\n\n\n<p>Haftungsanspr\u00fcche gegen die Adragos Pharma GmbH, die sich auf Sch\u00e4den materieller oder ideeller Art beziehen, die durch die Nutzung oder Nichtnutzung der dargebotenen Informationen bzw. durch die Nutzung fehlerhafter und unvollst\u00e4ndiger Informationen verursacht wurden, sind grunds\u00e4tzlich ausgeschlossen, sofern nicht nachweislich vors\u00e4tzliches Vorsatz vorliegt oder grober Fahrl\u00e4ssigkeit seitens der Adragos Pharma GmbH.&nbsp;<\/p>\n\n\n\n<h3 class=\"wp-block-heading\">Referenzen und Links&nbsp;<\/h3>\n\n\n\n<p>Die Adragos Pharma GmbH ist als Inhaltsanbieter gem\u00e4\u00df \u00a7 7 Telemediengesetz (TMG) f\u00fcr die \u201eeigenen Inhalte\u201c, die sie zur Nutzung bereith\u00e4lt, nach den allgemeinen Gesetzen verantwortlich. Von diesen eigenen Inhalten sind Querverweise auf die von anderen Anbietern bereitgehaltenen Inhalte zu unterscheiden. Die Adragos Pharma GmbH pr\u00fcft die Inhalte dieser externen Links nicht. Sollte die Adragos Pharma GmbH jedoch feststellen oder von Dritten darauf aufmerksam gemacht werden, dass der Inhalt der Internetseite oder des Dokuments Dritter, auf die verwiesen wird, eine zivil- oder strafrechtliche Verantwortlichkeit ausl\u00f6st, wird die Adragos Pharma GmbH den Verweis auf dieses Angebot unverz\u00fcglich entfernen .&nbsp;<\/p>\n\n\n\n<h3 class=\"wp-block-heading\">Nutzung und Verbreitung von Inhalten&nbsp;<\/h3>\n\n\n\n<p>Sie k\u00f6nnen jederzeit nach eigenem Ermessen auf der Website navigieren und bereitgestellte Materialien herunterladen. Alle heruntergeladenen Materialien d\u00fcrfen nur f\u00fcr pers\u00f6nliche, nicht kommerzielle Zwecke verwendet werden. Dem Nutzer ist es grunds\u00e4tzlich untersagt, diese ganz oder teilweise f\u00fcr eigene kommerzielle Zwecke zu verarbeiten, zu \u00fcbernehmen, zu vervielf\u00e4ltigen oder sonst wie zu nutzen. F\u00fcr die redaktionelle Pressearbeit d\u00fcrfen statistische Daten und\/oder sonstige Informationen au\u00dferhalb des gesetzlichen Urheberrechts im Rahmen des Zumutbaren unter Nennung von Adragos Pharma als Quelle genutzt werden. Eine weitergehende kommerzielle und industrielle Nutzung dieses Materials (z. B. f\u00fcr statistische Zwecke) ist jedoch ausdr\u00fccklich untersagt. Dar\u00fcber hinaus wird darauf hingewiesen, dass Logos, Videoclips, Filme, Fotos, Texte, Firmennamen und Marken dem Urheberrecht und Leistungsschutzrecht unterliegen. Ihre Verwendung ist ausnahmslos untersagt.&nbsp;<\/p>\n\n\n\n<h3 class=\"wp-block-heading\">Anwendbares Recht und Gerichtsstand&nbsp;<\/h3>\n\n\n\n<p>F\u00fcr diese Nutzungsbedingungen gilt deutsches Recht. Gerichtsstand ist M\u00fcnchen.&nbsp;<\/p>\n\n\n\n<h3 class=\"wp-block-heading\">Allgemein&nbsp;<\/h3>\n\n\n\n<p>Sollten einzelne Bestimmungen ganz oder teilweise unwirksam sein, so ber\u00fchrt dies die Wirksamkeit der \u00fcbrigen Bestimmungen nicht.&nbsp;<\/p>\n<\/div>\n<\/div>\n","protected":false},"excerpt":{"rendered":"<p>Allgemeine Nutzungsbedingungen (ANBs) Stand: 01.08.2021 Die folgenden Nutzungsbedingungen regeln die Nutzung der Website der Adragos Pharma GmbH (www.adragos-pharma.com) und ihrer Unterseiten.&nbsp; Durch den Zugriff und die Nutzung der Website erkl\u00e4ren Sie sich mit diesen Allgemeinen Nutzungsbedingungen (nachfolgend \u201eAGB\u201c genannt) uneingeschr\u00e4nkt [&hellip;]<\/p>\n","protected":false},"author":8,"featured_media":0,"parent":0,"menu_order":0,"comment_status":"closed","ping_status":"closed","template":"","meta":{"content-type":"","inline_featured_image":false,"footnotes":""},"class_list":["post-7289","page","type-page","status-publish","hentry"],"_links":{"self":[{"href":"https:\/\/adragos-pharma.com\/de\/wp-json\/wp\/v2\/pages\/7289","targetHints":{"allow":["GET"]}}],"collection":[{"href":"https:\/\/adragos-pharma.com\/de\/wp-json\/wp\/v2\/pages"}],"about":[{"href":"https:\/\/adragos-pharma.com\/de\/wp-json\/wp\/v2\/types\/page"}],"author":[{"embeddable":true,"href":"https:\/\/adragos-pharma.com\/de\/wp-json\/wp\/v2\/users\/8"}],"replies":[{"embeddable":true,"href":"https:\/\/adragos-pharma.com\/de\/wp-json\/wp\/v2\/comments?post=7289"}],"version-history":[{"count":3,"href":"https:\/\/adragos-pharma.com\/de\/wp-json\/wp\/v2\/pages\/7289\/revisions"}],"predecessor-version":[{"id":19499,"href":"https:\/\/adragos-pharma.com\/de\/wp-json\/wp\/v2\/pages\/7289\/revisions\/19499"}],"wp:attachment":[{"href":"https:\/\/adragos-pharma.com\/de\/wp-json\/wp\/v2\/media?parent=7289"}],"curies":[{"name":"wp","href":"https:\/\/api.w.org\/{rel}","templated":true}]}}