{"id":7314,"date":"2024-03-11T22:04:49","date_gmt":"2024-03-11T20:04:49","guid":{"rendered":"https:\/\/adragos-pharma.com\/?page_id=7314"},"modified":"2025-07-21T16:00:46","modified_gmt":"2025-07-21T14:00:46","slug":"visuelle-inspektion","status":"publish","type":"page","link":"https:\/\/adragos-pharma.com\/de\/unsere-dienstleistungen\/visuelle-inspektion\/","title":{"rendered":"Visuelle Inspektion"},"content":{"rendered":"\n<section class=\"wp-block-adragos-blocks-header relative has-primary-background-color bg-pattern bg-cover max-w-full bg-bottom px-3 pt-10 pb-44 md:pt-16 md:pb-44 has-dark-blue-background-color has-background\"><div class=\"relative z-30 max-w-screen-xl px-6 m-auto\"><nav class=\"flex mb-4\" aria-label=\"Breadcrumb\"><ol class=\"inline-flex items-center space-x-1 md:space-x-2 rtl:space-x-reverse\"><li class=\"inline-flex items-center\"><a href=\"https:\/\/adragos-pharma.com\/de\/\" class=\"inline-flex items-center text-sm font-medium text-white hover:text-primary\"><svg class=\"w-3 h-3 me-2.5\" aria-hidden=\"true\" xmlns=\"http:\/\/www.w3.org\/2000\/svg\" fill=\"currentColor\" viewBox=\"0 0 20 20\"><path d=\"m19.707 9.293-2-2-7-7a1 1 0 0 0-1.414 0l-7 7-2 2a1 1 0 0 0 1.414 1.414L2 10.414V18a2 2 0 0 0 2 2h3a1 1 0 0 0 1-1v-4a1 1 0 0 1 1-1h2a1 1 0 0 1 1 1v4a1 1 0 0 0 1 1h3a2 2 0 0 0 2-2v-7.586l.293.293a1 1 0 0 0 1.414-1.414Z\"><\/path><\/svg>Home<\/a><\/li><li><div class=\"flex items-center\"><svg class=\"rtl:rotate-180 w-3 h-3 text-white mx-1\" aria-hidden=\"true\" xmlns=\"http:\/\/www.w3.org\/2000\/svg\" fill=\"none\" viewBox=\"0 0 6 10\"><path stroke=\"currentColor\" stroke-linecap=\"round\" stroke-linejoin=\"round\" stroke-width=\"2\" d=\"m1 9 4-4-4-4\"><\/path><\/svg><a href=\"https:\/\/adragos-pharma.com\/de\/unsere-dienstleistungen\/\" class=\"ms-1 text-sm font-medium text-white hover:text-primary md:ms-2\">Unsere Dienstleistungen\u00a0<\/a><\/div><\/li><li class=\"hidden md:inline-block\" aria-current=\"page\"><div class=\"flex items-center\"><svg class=\"rtl:rotate-180 w-3 h-3 text-white mx-1\" aria-hidden=\"true\" xmlns=\"http:\/\/www.w3.org\/2000\/svg\" fill=\"none\" viewBox=\"0 0 6 10\"><path stroke=\"currentColor\" stroke-linecap=\"round\" stroke-linejoin=\"round\" stroke-width=\"2\" d=\"m1 9 4-4-4-4\"><\/path><\/svg><span class=\"ms-1 text-sm font-medium text-white md:ms-2\">Visuelle Inspektion<\/span><\/div><\/li><\/ol><\/nav><h1 class=\"text-3xl md:text-4xl text-white\">Visuelle Inspektion<\/h1><\/div><div class=\"bg-wave absolute left-0 bottom-0 h-52 bg-repeat-x bg-[center_bottom] w-full\"><\/div><\/section>\n\n\n\n<div class=\"wp-block-columns max-w-screen-xl w-full is-wide px-0 md:px-8 is-layout-flex wp-container-core-columns-is-layout-9d6595d7 wp-block-columns-is-layout-flex\">\n<div class=\"wp-block-column is-vertically-aligned-top is-layout-flow wp-block-column-is-layout-flow\">\n<p class=\"has-text-align-center\">Navigieren in<strong> Japans Pharmasektor <\/strong>kann f\u00fcr nicht-japanische Unternehmen aufgrund strenger Qualit\u00e4tsstandards eine Herausforderung sein. Wir bieten eine L\u00f6sung f\u00fcr diese Herausforderung, indem wir die <strong>visuelle Inspektion (VI)<\/strong> und die <strong>Verpackung <\/strong>lokal in Japan \u00fcbernehmen. So k\u00f6nnen Sie sich auf die Herstellung von Bulk-Vials oder Fertigspritzen in den USA oder der EU konzentrieren und diese anschlie\u00dfend<strong> problemlos nach Japan exportieren.<\/strong><\/p>\n\n\n\n<div class=\"wp-block-columns max-w-screen-xl w-full is-wide px-0 md:px-8 is-layout-flex wp-container-core-columns-is-layout-9d6595d7 wp-block-columns-is-layout-flex\">\n<div class=\"wp-block-column is-layout-flow wp-block-column-is-layout-flow\"><div class=\"wp-block-image\">\n<figure class=\"alignleft size-large is-resized\"><img decoding=\"async\" width=\"1024\" height=\"683\" src=\"https:\/\/adragos-pharma.com\/wp-content\/uploads\/2024\/07\/Adragos-Pharma-50-1024x683.jpg\" alt=\"\" class=\"wp-image-9336\" style=\"aspect-ratio:1.5;object-fit:cover;width:600px;height:auto\" srcset=\"https:\/\/adragos-pharma.com\/wp-content\/uploads\/2024\/07\/Adragos-Pharma-50-1024x683.jpg 1024w, https:\/\/adragos-pharma.com\/wp-content\/uploads\/2024\/07\/Adragos-Pharma-50-300x200.jpg 300w, https:\/\/adragos-pharma.com\/wp-content\/uploads\/2024\/07\/Adragos-Pharma-50-768x513.jpg 768w, https:\/\/adragos-pharma.com\/wp-content\/uploads\/2024\/07\/Adragos-Pharma-50-1536x1025.jpg 1536w, https:\/\/adragos-pharma.com\/wp-content\/uploads\/2024\/07\/Adragos-Pharma-50-2048x1367.jpg 2048w\" sizes=\"(max-width: 1024px) 100vw, 1024px\" \/><\/figure>\n<\/div><\/div>\n\n\n\n<div class=\"wp-block-column is-layout-flow wp-block-column-is-layout-flow\">\n<figure class=\"wp-block-image size-full is-resized\"><img decoding=\"async\" width=\"96\" height=\"96\" src=\"https:\/\/adragos-pharma.com\/wp-content\/uploads\/2024\/03\/Sterile-Liquids-1.png\" alt=\"\" class=\"wp-image-2524\" style=\"object-fit:cover;width:50px;height:50px\"\/><\/figure>\n\n\n\n<h2 class=\"wp-block-heading\">Import von sterilen Produkten: Vials und Spritzen<\/h2>\n\n\n\n<p>Von Pens und Blistern \u00fcber Karpulen bis hin zu Vials \u2013 unsere Dienstleistungen der visuellen Inspektion decken ein breites Spektrum an sterilen Produkten ab und gew\u00e4hrleisten Konformit\u00e4t sowie Sicherheit.<\/p>\n\n\n\n<ul class=\"wp-block-list\">\n<li><strong>K\u00fchlhauskapazit\u00e4t:<\/strong> 1.650 Paletten<\/li>\n\n\n\n<li><strong>Inspektionskapazit\u00e4t: <\/strong>104 Inspektoren (manuelle Inspektion)<\/li>\n<\/ul>\n<\/div>\n<\/div><style>\n            .wp-block-columns.is-wide {\n\t\t\t\tmax-width: 1280px!important;\n\t\t\t\tmargin-left: auto!important;\n\t\t\t\tmargin-right: auto!important;\n            }\n        <\/style>\n\n\n\n<div class=\"wp-block-columns max-w-screen-xl w-full is-wide px-0 md:px-8 is-layout-flex wp-container-core-columns-is-layout-9d6595d7 wp-block-columns-is-layout-flex\">\n<div class=\"wp-block-column is-layout-flow wp-block-column-is-layout-flow\">\n<figure class=\"wp-block-image size-full is-resized\"><img decoding=\"async\" width=\"97\" height=\"97\" src=\"https:\/\/adragos-pharma.com\/wp-content\/uploads\/2024\/04\/Ampoules.png\" alt=\"\" class=\"wp-image-3047\" style=\"object-fit:cover;width:50px;height:50px\"\/><\/figure>\n\n\n\n<h2 class=\"wp-block-heading\">Sterile Fl\u00fcssigkeiten: Ampullen<\/h2>\n\n\n\n<p>Mit Schwerpunkt auf der Inspektion von<strong> 30 Millionen Ampullen pro Jahr<\/strong> stellen wir sicher, dass jede einzelne die h\u00f6chsten Qualit\u00e4tsstandards erf\u00fcllt.<\/p>\n\n\n\n<ul class=\"wp-block-list\">\n<li>Umfasst Formulierung<\/li>\n\n\n\n<li>Abf\u00fcllung mit Endsterilisation<\/li>\n<\/ul>\n<\/div>\n\n\n\n<div class=\"wp-block-column is-layout-flow wp-block-column-is-layout-flow\"><div class=\"wp-block-image\">\n<figure class=\"alignright size-large is-resized\"><img decoding=\"async\" width=\"1024\" height=\"683\" src=\"https:\/\/adragos-pharma.com\/wp-content\/uploads\/2024\/07\/Adragos-Pharma-48-1024x683.jpg\" alt=\"\" class=\"wp-image-9329\" style=\"object-fit:cover;width:600px;height:400px\" srcset=\"https:\/\/adragos-pharma.com\/wp-content\/uploads\/2024\/07\/Adragos-Pharma-48-1024x683.jpg 1024w, https:\/\/adragos-pharma.com\/wp-content\/uploads\/2024\/07\/Adragos-Pharma-48-300x200.jpg 300w, https:\/\/adragos-pharma.com\/wp-content\/uploads\/2024\/07\/Adragos-Pharma-48-768x513.jpg 768w, https:\/\/adragos-pharma.com\/wp-content\/uploads\/2024\/07\/Adragos-Pharma-48-1536x1025.jpg 1536w, https:\/\/adragos-pharma.com\/wp-content\/uploads\/2024\/07\/Adragos-Pharma-48-2048x1367.jpg 2048w\" sizes=\"(max-width: 1024px) 100vw, 1024px\" \/><\/figure>\n<\/div><\/div>\n<\/div><style>\n            .wp-block-columns.is-wide {\n\t\t\t\tmax-width: 1280px!important;\n\t\t\t\tmargin-left: auto!important;\n\t\t\t\tmargin-right: auto!important;\n            }\n        <\/style>\n\n\n\n<div class=\"wp-block-columns max-w-screen-xl w-full is-wide px-0 md:px-8 is-layout-flex wp-container-core-columns-is-layout-9d6595d7 wp-block-columns-is-layout-flex\">\n<div class=\"wp-block-column is-layout-flow wp-block-column-is-layout-flow\"><div class=\"wp-block-image\">\n<figure class=\"alignleft size-large is-resized\"><img decoding=\"async\" width=\"1024\" height=\"683\" src=\"https:\/\/adragos-pharma.com\/wp-content\/uploads\/2024\/07\/Adragos-Pharma-24-1024x683.jpg\" alt=\"\" class=\"wp-image-9318\" style=\"object-fit:cover;width:600px;height:400px\" srcset=\"https:\/\/adragos-pharma.com\/wp-content\/uploads\/2024\/07\/Adragos-Pharma-24-1024x683.jpg 1024w, https:\/\/adragos-pharma.com\/wp-content\/uploads\/2024\/07\/Adragos-Pharma-24-300x200.jpg 300w, https:\/\/adragos-pharma.com\/wp-content\/uploads\/2024\/07\/Adragos-Pharma-24-768x513.jpg 768w, https:\/\/adragos-pharma.com\/wp-content\/uploads\/2024\/07\/Adragos-Pharma-24-1536x1025.jpg 1536w, https:\/\/adragos-pharma.com\/wp-content\/uploads\/2024\/07\/Adragos-Pharma-24-2048x1367.jpg 2048w\" sizes=\"(max-width: 1024px) 100vw, 1024px\" \/><\/figure>\n<\/div><\/div>\n\n\n\n<div class=\"wp-block-column is-layout-flow wp-block-column-is-layout-flow\">\n<figure class=\"wp-block-image size-full is-resized\"><img decoding=\"async\" width=\"96\" height=\"96\" src=\"https:\/\/adragos-pharma.com\/wp-content\/uploads\/2024\/07\/Tablets-1.png\" alt=\"\" class=\"wp-image-8672\" style=\"object-fit:cover;width:50px;height:50px\"\/><\/figure>\n\n\n\n<h2 class=\"wp-block-heading\">Orale Feststoffe: Tabletten<\/h2>\n\n\n\n<p>Mit einer Kapazit\u00e4t zur Inspektion von <strong>bis zu 2 Milliarden Tabletten pro Jahr <\/strong>sind unsere Dienstleistungen darauf ausgelegt, auch gr\u00f6\u00dfte Mengen ohne Genauigkeitsverlust zu bew\u00e4ltigen.<\/p>\n\n\n\n<h3 class=\"wp-block-heading\">Inspektionsmaschine f\u00fcr Feststoffe<\/h3>\n\n\n\n<p>F\u00fcr Feststoffe wie un\u00fcberzogene und filmbeschichtete Tabletten kann unsere hochmoderne Inspektionsmaschine<strong> bis zu 10.000 Tabletten pro Minute<\/strong> pr\u00fcfen und vereint Geschwindigkeit mit Pr\u00e4zision, um Ihre Produktionsanforderungen zu unterst\u00fctzen.<\/p>\n<\/div>\n<\/div><style>\n            .wp-block-columns.is-wide {\n\t\t\t\tmax-width: 1280px!important;\n\t\t\t\tmargin-left: auto!important;\n\t\t\t\tmargin-right: auto!important;\n            }\n        <\/style>\n<\/div>\n<\/div><style>\n            .wp-block-columns.is-wide {\n\t\t\t\tmax-width: 1280px!important;\n\t\t\t\tmargin-left: auto!important;\n\t\t\t\tmargin-right: auto!important;\n            }\n        <\/style>\n\n\n\n<div style=\"height:35px\" aria-hidden=\"true\" class=\"wp-block-spacer\"><\/div>\n\n\n<div class=\"wp-block-image\">\n<figure class=\"aligncenter size-large\"><img decoding=\"async\" width=\"1024\" height=\"576\" src=\"https:\/\/adragos-pharma.com\/wp-content\/uploads\/2025\/02\/how-to-enter-the-japan-market-2-1024x576.jpg\" alt=\"how_to_enter_the_japan_market\" class=\"wp-image-15682\" srcset=\"https:\/\/adragos-pharma.com\/wp-content\/uploads\/2025\/02\/how-to-enter-the-japan-market-2-1024x576.jpg 1024w, https:\/\/adragos-pharma.com\/wp-content\/uploads\/2025\/02\/how-to-enter-the-japan-market-2-300x169.jpg 300w, https:\/\/adragos-pharma.com\/wp-content\/uploads\/2025\/02\/how-to-enter-the-japan-market-2-768x432.jpg 768w, https:\/\/adragos-pharma.com\/wp-content\/uploads\/2025\/02\/how-to-enter-the-japan-market-2-1536x864.jpg 1536w, https:\/\/adragos-pharma.com\/wp-content\/uploads\/2025\/02\/how-to-enter-the-japan-market-2.jpg 1920w\" sizes=\"(max-width: 1024px) 100vw, 1024px\" \/><\/figure>\n<\/div>\n\n\n<div style=\"height:59px\" aria-hidden=\"true\" class=\"wp-block-spacer\"><\/div>\n\n\n\n<div class=\"wp-block-group has-background is-nowrap is-layout-flex wp-container-core-group-is-layout-ad2f72ca wp-block-group-is-layout-flex\" style=\"background-color:#fe86d2\">\n<div class=\"wp-block-columns max-w-screen-xl w-full is-wide px-0 md:px-8 is-layout-flex wp-container-core-columns-is-layout-9d6595d7 wp-block-columns-is-layout-flex\">\n<div class=\"wp-block-column is-layout-flow wp-block-column-is-layout-flow\">\n<p><\/p>\n\n\n\n<h2 class=\"wp-block-heading has-text-align-center\"><strong><strong>Laden Sie jetzt unsere Brosch\u00fcre herunter!<\/strong><\/strong><\/h2>\n\n\n\n<p class=\"has-text-align-center has-black-color has-text-color has-link-color wp-elements-2761fdaab9cc2b14db0610c15839d401\">Wir haben eine Brosch\u00fcre vorbereitet, um Ihnen unsere Einrichtung in Kawagoe vorzustellen.<\/p>\n\n\n\n<div class=\"wp-block-buttons is-content-justification-center is-layout-flex wp-container-core-buttons-is-layout-16018d1d wp-block-buttons-is-layout-flex\">\n<div class=\"wp-block-button\"><a class=\"wp-block-button__link has-black-background-color has-background has-text-align-center wp-element-button\" href=\"https:\/\/share-eu1.hsforms.com\/1nX9DVLYGSF2vGGWJSSezSgfxkpu\" target=\"_blank\" rel=\"noopener\"><strong>Jetzt herunterladen<\/strong><\/a><\/div>\n<\/div>\n\n\n\n<p><\/p>\n<\/div>\n<\/div><style>\n            .wp-block-columns.is-wide {\n\t\t\t\tmax-width: 1280px!important;\n\t\t\t\tmargin-left: auto!important;\n\t\t\t\tmargin-right: auto!important;\n            }\n        <\/style>\n<\/div>\n\n\n\n<div style=\"height:59px\" aria-hidden=\"true\" class=\"wp-block-spacer\"><\/div>\n\n\n\n<div class=\"wp-block-columns max-w-screen-xl w-full is-wide px-0 md:px-8 is-layout-flex wp-container-core-columns-is-layout-9d6595d7 wp-block-columns-is-layout-flex\">\n<div class=\"wp-block-column is-layout-flow wp-block-column-is-layout-flow\">\n<h2 class=\"wp-block-heading\"><strong>Warum sollten Sie sich f\u00fcr unsere visuellen Inspektionsdienste entscheiden?<\/strong><\/h2>\n\n\n\n<ul class=\"wp-block-list\">\n<li><strong>Einhaltung von Vorschriften:<\/strong> Unsere visuellen Inspektionsdienste sind speziell darauf ausgerichtet, unsere Kunden bei der Einhaltung der strengen pharmazeutischen Vorschriften zu unterst\u00fctzen und sicherzustellen, dass Ihre Produkte marktreif sind.<\/li>\n\n\n\n<li><strong>Fortschrittliche Technologie: <\/strong>Durch den Einsatz modernster visueller Inspektionstechnologie bieten wir Dienstleistungen an, die nicht nur effizient, sondern auch hochpr\u00e4zise sind und das Risiko von Qualit\u00e4tsproblemen verringern.<\/li>\n\n\n\n<li><strong>Hohe Kapazit\u00e4t:<\/strong> Unsere beeindruckende Kapazit\u00e4t erm\u00f6glicht es uns, gro\u00dfe Mengen zu verarbeiten, was uns zum perfekten Partner f\u00fcr Pharmaunternehmen mit hohem Produktionsbedarf macht.<\/li>\n\n\n\n<li><strong>Ma\u00dfgeschneiderte L\u00f6sungen: <\/strong>Da wir wissen, dass jeder Kunde individuelle Bed\u00fcrfnisse hat, bieten wir ma\u00dfgeschneiderte visuelle Inspektionsdienste an, die auf die spezifischen Anforderungen Ihrer Produkte abgestimmt sind.ensuring your products are market-ready.<\/li>\n<\/ul>\n\n\n\n<div style=\"max-width: 853px; margin: 0 auto;\">\n  <div style=\"position: relative; padding-bottom: 56.25%; height: 0; overflow: hidden;\">\n    <iframe src=\"https:\/\/adragospharma.sharepoint.com\/sites\/CorporateMarketing\/_layouts\/15\/embed.aspx?UniqueId=6d848fbc-6258-4dcb-976a-6d59c870d471&#038;embed=%7B%22af%22%3Atrue%2C%22ust%22%3Atrue%7D&#038;referrer=StreamWebApp&#038;referrerScenario=EmbedDialog.Create\" width=\"853\" height=\"480\" frameborder=\"0\" scrolling=\"no\" allowfullscreen title=\"Hideyuki Tanaka - Kawagoe (2).mp4\" style=\"border:none; position: absolute; top: 0; left: 0; right: 0; bottom: 0; height: 100%; max-width: 100%;\"><\/iframe>\n  <\/div>\n<\/div>\n\n\n\n<div style=\"height:74px\" aria-hidden=\"true\" class=\"wp-block-spacer\"><\/div>\n\n\n\n<h2 class=\"wp-block-heading has-text-align-center\"><strong>Unsere Dienstleistungen sind auf Ihre individuellen Anforderungen zugeschnitten!<\/strong><\/h2>\n\n\n\n<p class=\"has-text-align-center\">Unsere visuellen Inspektionsdienste erf\u00fcllen die pharmazeutischen Standards mit un\u00fcbertroffener Pr\u00e4zision und Zuverl\u00e4ssigkeit und nutzen modernste Technologien, um die Einhaltung der japanischen Marktvorschriften zu gew\u00e4hrleisten. Wir bieten Ihnen spezifische L\u00f6sungen f\u00fcr die besonderen Anforderungen von injizierbaren und importierten sterilen Produkten.<\/p>\n\n\n\n<figure class=\"wp-block-gallery has-nested-images columns-default is-cropped wp-block-gallery-1 is-layout-flex wp-block-gallery-is-layout-flex\">\n<figure class=\"wp-block-image size-large\"><img decoding=\"async\" width=\"683\" height=\"1024\" data-id=\"3137\" src=\"https:\/\/adragos-pharma.com\/wp-content\/uploads\/2024\/04\/Adragos-Pharma-7-683x1024.jpg\" alt=\"\" class=\"wp-image-3137\" srcset=\"https:\/\/adragos-pharma.com\/wp-content\/uploads\/2024\/04\/Adragos-Pharma-7-683x1024.jpg 683w, https:\/\/adragos-pharma.com\/wp-content\/uploads\/2024\/04\/Adragos-Pharma-7-200x300.jpg 200w, https:\/\/adragos-pharma.com\/wp-content\/uploads\/2024\/04\/Adragos-Pharma-7-768x1151.jpg 768w, https:\/\/adragos-pharma.com\/wp-content\/uploads\/2024\/04\/Adragos-Pharma-7-1025x1536.jpg 1025w, https:\/\/adragos-pharma.com\/wp-content\/uploads\/2024\/04\/Adragos-Pharma-7-1367x2048.jpg 1367w, https:\/\/adragos-pharma.com\/wp-content\/uploads\/2024\/04\/Adragos-Pharma-7-scaled.jpg 1708w\" sizes=\"(max-width: 683px) 100vw, 683px\" \/><\/figure>\n\n\n\n<figure class=\"wp-block-image size-large\"><img decoding=\"async\" width=\"683\" height=\"1024\" data-id=\"3139\" src=\"https:\/\/adragos-pharma.com\/wp-content\/uploads\/2024\/04\/Adragos-Pharma-41-1-683x1024.jpg\" alt=\"\" class=\"wp-image-3139\" srcset=\"https:\/\/adragos-pharma.com\/wp-content\/uploads\/2024\/04\/Adragos-Pharma-41-1-683x1024.jpg 683w, https:\/\/adragos-pharma.com\/wp-content\/uploads\/2024\/04\/Adragos-Pharma-41-1-200x300.jpg 200w, https:\/\/adragos-pharma.com\/wp-content\/uploads\/2024\/04\/Adragos-Pharma-41-1-768x1151.jpg 768w, https:\/\/adragos-pharma.com\/wp-content\/uploads\/2024\/04\/Adragos-Pharma-41-1-1025x1536.jpg 1025w, https:\/\/adragos-pharma.com\/wp-content\/uploads\/2024\/04\/Adragos-Pharma-41-1-1367x2048.jpg 1367w, https:\/\/adragos-pharma.com\/wp-content\/uploads\/2024\/04\/Adragos-Pharma-41-1-scaled.jpg 1708w\" sizes=\"(max-width: 683px) 100vw, 683px\" \/><\/figure>\n\n\n\n<figure class=\"wp-block-image size-large\"><img decoding=\"async\" width=\"683\" height=\"1024\" data-id=\"3141\" src=\"https:\/\/adragos-pharma.com\/wp-content\/uploads\/2024\/04\/Adragos-Pharma-52-683x1024.jpg\" alt=\"\" class=\"wp-image-3141\" srcset=\"https:\/\/adragos-pharma.com\/wp-content\/uploads\/2024\/04\/Adragos-Pharma-52-683x1024.jpg 683w, https:\/\/adragos-pharma.com\/wp-content\/uploads\/2024\/04\/Adragos-Pharma-52-200x300.jpg 200w, https:\/\/adragos-pharma.com\/wp-content\/uploads\/2024\/04\/Adragos-Pharma-52-768x1151.jpg 768w, https:\/\/adragos-pharma.com\/wp-content\/uploads\/2024\/04\/Adragos-Pharma-52-1025x1536.jpg 1025w, https:\/\/adragos-pharma.com\/wp-content\/uploads\/2024\/04\/Adragos-Pharma-52-1367x2048.jpg 1367w, https:\/\/adragos-pharma.com\/wp-content\/uploads\/2024\/04\/Adragos-Pharma-52-scaled.jpg 1708w\" sizes=\"(max-width: 683px) 100vw, 683px\" \/><\/figure>\n<\/figure>\n\n\n\n<div style=\"height:74px\" aria-hidden=\"true\" class=\"wp-block-spacer\"><\/div>\n\n\n\n<div class=\"wp-block-cover is-light\"><img decoding=\"async\" width=\"1911\" height=\"901\" class=\"wp-block-cover__image-background wp-image-11458\" alt=\"image of our facility in Kawagoe\" src=\"https:\/\/adragos-pharma.com\/wp-content\/uploads\/2024\/08\/Kawagoe-New-Logo.jpg\" data-object-fit=\"cover\" srcset=\"https:\/\/adragos-pharma.com\/wp-content\/uploads\/2024\/08\/Kawagoe-New-Logo.jpg 1911w, https:\/\/adragos-pharma.com\/wp-content\/uploads\/2024\/08\/Kawagoe-New-Logo-300x141.jpg 300w, https:\/\/adragos-pharma.com\/wp-content\/uploads\/2024\/08\/Kawagoe-New-Logo-1024x483.jpg 1024w, https:\/\/adragos-pharma.com\/wp-content\/uploads\/2024\/08\/Kawagoe-New-Logo-768x362.jpg 768w, https:\/\/adragos-pharma.com\/wp-content\/uploads\/2024\/08\/Kawagoe-New-Logo-1536x724.jpg 1536w\" sizes=\"(max-width: 1911px) 100vw, 1911px\" \/><span aria-hidden=\"true\" class=\"wp-block-cover__background has-background-dim\" style=\"background-color:#a8a597\"><\/span><div class=\"wp-block-cover__inner-container is-layout-constrained wp-block-cover-is-layout-constrained\">\n<div class=\"wp-block-columns is-layout-flex wp-container-core-columns-is-layout-9d6595d7 wp-block-columns-is-layout-flex\">\n<div class=\"wp-block-column has-background is-layout-flow wp-block-column-is-layout-flow\" style=\"background-color:#ced4f994;padding-top:30px;padding-right:30px;padding-bottom:30px;padding-left:30px\">\n<h2 class=\"wp-block-heading\">Wir bieten visuelle Inspektionsdienstleistungen f\u00fcr orale Arzneiformen in Kawagoe, Japan, an.<\/h2>\n\n\n\n<p>Adragos Kawagoe ist unsere hochmoderne Produktionsst\u00e4tte im Norden Tokios und strategisch g\u00fcnstig gelegen, um im Zentrum pharmazeutischer Innovationen in Japan zu sein.<\/p>\n\n\n\n<div class=\"wp-block-buttons is-layout-flex wp-block-buttons-is-layout-flex\">\n<div class=\"wp-block-button\"><a class=\"wp-block-button__link has-dark-blue-background-color has-background wp-element-button\" href=\"https:\/\/adragos-pharma.com\/de\/kawagoe-japan\/\">Standort ansehen<\/a><\/div>\n<\/div>\n<\/div>\n\n\n\n<div class=\"wp-block-column is-layout-flow wp-block-column-is-layout-flow\" style=\"padding-top:30px;padding-right:30px;padding-bottom:30px;padding-left:30px\">\n<p><\/p>\n<\/div>\n<\/div>\n<\/div><\/div>\n\n\n\n<div style=\"height:74px\" aria-hidden=\"true\" class=\"wp-block-spacer\"><\/div>\n<\/div>\n<\/div><style>\n            .wp-block-columns.is-wide {\n\t\t\t\tmax-width: 1280px!important;\n\t\t\t\tmargin-left: auto!important;\n\t\t\t\tmargin-right: auto!important;\n            }\n        <\/style>\n\n\n        <section class=\"tw-mx-auto tw-max-w-screen-xl tw-px-8 tw-py-20\">\n            <header class=\"tw-flex tw-flex-col md:tw-flex-row lg:tw-items-center tw-justify-between tw-pb-20\">\n                <h2 class=\"tw-flex tw-gap-3 text-secondary tw-items-center lg:tw-w-1\/3 lg:tw-pr-12 tw-mb-6\">\n                    <svg width=\"27\" height=\"3\" viewBox=\"0 0 27 3\" fill=\"none\" xmlns=\"http:\/\/www.w3.org\/2000\/svg\">\n                        <rect width=\"27\" height=\"3\" fill=\"#8696FE\" \/>\n                    <\/svg>\n                    <a href=\"\">Adragos Hub<\/a>\n                <\/h2>\n                <p class=\"font-RobotoSlab tw-text-lg xl:tw-text-xl tw-font-light lg:tw-w-2\/3 lg:tw-pl-32\">\n                    Erfahren Sie mehr \u00fcber die visuelle Inspektion in unseren aktuellen Blogbeitr\u00e4gen.                <\/p>\n            <\/header>\n\t\t\t<div class=\"tw-grid tw-grid-cols-1 lg:tw-grid-cols-2 tw-gap-6\">\n\t\t\t\t\t\t\t\t\t<div class=\"tw-relative tw-rounded-xl tw-overflow-hidden tw-min-h-60 tw-mb-6\">\n\t\t\t\t\t\t<img decoding=\"async\" src=\"https:\/\/adragos-pharma.com\/wp-content\/uploads\/2024\/08\/Untitled-design-1-1024x480.jpg\" alt=\"Adragos Pharma auf der Achema 2024: Innovative L\u00f6sungen\" class=\"tw-object-cover tw-absolute\" \/>\n\t\t\t\t\t\t<div class=\"tw-absolute tw-bottom-0 tw-max-w-96 tw-bg-lightslate tw-backdrop-blur-[12px] tw-p-6 tw-rounded-tr-xl tw-w-full\">\n\t\t\t\t\t\t\t<p class=\"text-primary tw-text-xs tw-font-medium tw-tracking-widest tw-uppercase tw-pb-1\">Veranstaltungen<\/p>\n\t\t\t\t\t\t\t<h3 class=\"tw-text-white tw-text-lg hover:tw-underline\">\n\t\t\t\t\t\t\t\t<a href=\"https:\/\/adragos-pharma.com\/de\/adragos-pharma-auf-der-achema-2024-prasentation-innovativer-pharmazeutischer-losungen\/\">Adragos Pharma auf der Achema 2024: Innovative L\u00f6sungen<\/a>\n\t\t\t\t\t\t\t<\/h3>\n\t\t\t\t\t\t<\/div>\n\t\t\t\t\t<\/div>\n\t\t\t\t\t\t\t\t\t<div class=\"tw-relative tw-rounded-xl tw-overflow-hidden tw-min-h-60 tw-mb-6\">\n\t\t\t\t\t\t<img decoding=\"async\" src=\"https:\/\/adragos-pharma.com\/wp-content\/uploads\/2024\/05\/Adragos-Pharma-Leipzig-2024-07-1-1024x480.jpg\" alt=\"CDMO Pharma: Was ist das und wie profitiert Ihr Unternehmen davon?\" class=\"tw-object-cover tw-absolute\" \/>\n\t\t\t\t\t\t<div class=\"tw-absolute tw-bottom-0 tw-max-w-96 tw-bg-lightslate tw-backdrop-blur-[12px] tw-p-6 tw-rounded-tr-xl tw-w-full\">\n\t\t\t\t\t\t\t<p class=\"text-primary tw-text-xs tw-font-medium tw-tracking-widest tw-uppercase tw-pb-1\">Blog<\/p>\n\t\t\t\t\t\t\t<h3 class=\"tw-text-white tw-text-lg hover:tw-underline\">\n\t\t\t\t\t\t\t\t<a href=\"https:\/\/adragos-pharma.com\/de\/cdmo-pharma\/\">CDMO Pharma: Was ist das und wie profitiert Ihr Unternehmen davon?<\/a>\n\t\t\t\t\t\t\t<\/h3>\n\t\t\t\t\t\t<\/div>\n\t\t\t\t\t<\/div>\n\t\t\t\t\t\t\t<\/div>\n\n        <\/section>\n        \n\n\n\n<div class=\"wp-block-columns is-layout-flex wp-container-core-columns-is-layout-9d6595d7 wp-block-columns-is-layout-flex\">\n<div class=\"wp-block-column is-layout-flow wp-block-column-is-layout-flow\" style=\"flex-basis:100%\">\n<section class=\"wp-block-adragos-blocks-footer-cta max-w-screen-lg bg-light mx-8 md:mx-auto px-8 py-12 text-center mt-3 mb-12 md:mb-16 rounded-xl md:mb-24 mx-auto\"><h2 class=\"\">Nimmt Kontakt zu uns auf!<\/h2><p class=\"subtitle font-light m-auto max-w-screen-sm py-6\">F\u00fcr weitere Informationen zu unserem Unternehmen und unseren Dienstleistungen wende Sie sich direkt an unser Team.<\/p><div class=\"flex flex-col md:flex-row justify-center gap-4\"><a href=\"https:\/\/adragos-pharma.com\/de\/kontakt\/\" class=\"cta-link inline-block adragos-button text-white has-primary-background-color text-center\">Senden Sie eine Nachricht<\/a><a href=\"https:\/\/meetings-eu1.hubspot.com\/lydia-marinou?ref=visual-inspection-de-button\" class=\"cta-link2 inline-block adragos-button text-white has-secondary-background-color text-center\" target=\"_blank\" rel=\"noopener\">Vereinbaren Sie einen Termin<\/a><\/div><\/section>\n<\/div>\n<\/div>\n","protected":false},"excerpt":{"rendered":"<p>Navigieren in Japans Pharmasektor kann f\u00fcr nicht-japanische Unternehmen aufgrund strenger Qualit\u00e4tsstandards eine Herausforderung sein. Wir bieten eine L\u00f6sung f\u00fcr diese Herausforderung, indem wir die visuelle Inspektion (VI) und die Verpackung lokal in Japan \u00fcbernehmen. So k\u00f6nnen Sie sich auf die [&hellip;]<\/p>\n","protected":false},"author":1,"featured_media":0,"parent":6622,"menu_order":0,"comment_status":"closed","ping_status":"closed","template":"","meta":{"content-type":"","inline_featured_image":false,"footnotes":""},"class_list":["post-7314","page","type-page","status-publish","hentry"],"_links":{"self":[{"href":"https:\/\/adragos-pharma.com\/de\/wp-json\/wp\/v2\/pages\/7314","targetHints":{"allow":["GET"]}}],"collection":[{"href":"https:\/\/adragos-pharma.com\/de\/wp-json\/wp\/v2\/pages"}],"about":[{"href":"https:\/\/adragos-pharma.com\/de\/wp-json\/wp\/v2\/types\/page"}],"author":[{"embeddable":true,"href":"https:\/\/adragos-pharma.com\/de\/wp-json\/wp\/v2\/users\/1"}],"replies":[{"embeddable":true,"href":"https:\/\/adragos-pharma.com\/de\/wp-json\/wp\/v2\/comments?post=7314"}],"version-history":[{"count":30,"href":"https:\/\/adragos-pharma.com\/de\/wp-json\/wp\/v2\/pages\/7314\/revisions"}],"predecessor-version":[{"id":20990,"href":"https:\/\/adragos-pharma.com\/de\/wp-json\/wp\/v2\/pages\/7314\/revisions\/20990"}],"up":[{"embeddable":true,"href":"https:\/\/adragos-pharma.com\/de\/wp-json\/wp\/v2\/pages\/6622"}],"wp:attachment":[{"href":"https:\/\/adragos-pharma.com\/de\/wp-json\/wp\/v2\/media?parent=7314"}],"curies":[{"name":"wp","href":"https:\/\/api.w.org\/{rel}","templated":true}]}}