{"id":7321,"date":"2024-03-11T21:36:40","date_gmt":"2024-03-11T19:36:40","guid":{"rendered":"https:\/\/adragos-pharma.com\/?page_id=7321"},"modified":"2025-07-23T17:32:48","modified_gmt":"2025-07-23T15:32:48","slug":"arzneimittelstabilitatstests","status":"publish","type":"page","link":"https:\/\/adragos-pharma.com\/de\/unsere-dienstleistungen\/arzneimittelstabilitatstests\/","title":{"rendered":"Arzneimittelstabilit\u00e4tstests"},"content":{"rendered":"\n<section class=\"wp-block-adragos-blocks-header relative has-primary-background-color bg-pattern bg-cover max-w-full bg-bottom px-3 pt-10 pb-44 md:pt-16 md:pb-44 has-dark-blue-background-color has-background\"><div class=\"relative z-30 max-w-screen-xl px-6 m-auto\"><nav class=\"flex mb-4\" aria-label=\"Breadcrumb\"><ol class=\"inline-flex items-center space-x-1 md:space-x-2 rtl:space-x-reverse\"><li class=\"inline-flex items-center\"><a href=\"https:\/\/adragos-pharma.com\/de\/\" class=\"inline-flex items-center text-sm font-medium text-white hover:text-primary\"><svg class=\"w-3 h-3 me-2.5\" aria-hidden=\"true\" xmlns=\"http:\/\/www.w3.org\/2000\/svg\" fill=\"currentColor\" viewBox=\"0 0 20 20\"><path d=\"m19.707 9.293-2-2-7-7a1 1 0 0 0-1.414 0l-7 7-2 2a1 1 0 0 0 1.414 1.414L2 10.414V18a2 2 0 0 0 2 2h3a1 1 0 0 0 1-1v-4a1 1 0 0 1 1-1h2a1 1 0 0 1 1 1v4a1 1 0 0 0 1 1h3a2 2 0 0 0 2-2v-7.586l.293.293a1 1 0 0 0 1.414-1.414Z\"><\/path><\/svg>Home<\/a><\/li><li><div class=\"flex items-center\"><svg class=\"rtl:rotate-180 w-3 h-3 text-white mx-1\" aria-hidden=\"true\" xmlns=\"http:\/\/www.w3.org\/2000\/svg\" fill=\"none\" viewBox=\"0 0 6 10\"><path stroke=\"currentColor\" stroke-linecap=\"round\" stroke-linejoin=\"round\" stroke-width=\"2\" d=\"m1 9 4-4-4-4\"><\/path><\/svg><a href=\"https:\/\/adragos-pharma.com\/de\/unsere-dienstleistungen\/\" class=\"ms-1 text-sm font-medium text-white hover:text-primary md:ms-2\">Unsere Dienstleistungen\u00a0<\/a><\/div><\/li><li class=\"hidden md:inline-block\" aria-current=\"page\"><div class=\"flex items-center\"><svg class=\"rtl:rotate-180 w-3 h-3 text-white mx-1\" aria-hidden=\"true\" xmlns=\"http:\/\/www.w3.org\/2000\/svg\" fill=\"none\" viewBox=\"0 0 6 10\"><path stroke=\"currentColor\" stroke-linecap=\"round\" stroke-linejoin=\"round\" stroke-width=\"2\" d=\"m1 9 4-4-4-4\"><\/path><\/svg><span class=\"ms-1 text-sm font-medium text-white md:ms-2\">Arzneimittelstabilit\u00e4tstests<\/span><\/div><\/li><\/ol><\/nav><h1 class=\"text-3xl md:text-4xl text-white\">Arzneimittelstabilit\u00e4tstests<\/h1><\/div><div class=\"bg-wave absolute left-0 bottom-0 h-52 bg-repeat-x bg-[center_bottom] w-full\"><\/div><\/section>\n\n\n\n<div class=\"wp-block-columns max-w-screen-xl w-full is-wide px-0 md:px-8 is-layout-flex wp-container-core-columns-is-layout-9d6595d7 wp-block-columns-is-layout-flex\">\n<div class=\"wp-block-column is-layout-flow wp-block-column-is-layout-flow\">\n<p>Unser Stabilit\u00e4tsstudienservice umfasst Freigabetests und ICH-Stabilit\u00e4tstests. Diese beiden Schritte sind entscheidend f\u00fcr die Gew\u00e4hrleistung der Qualit\u00e4t und Sicherheit Ihres Endprodukts.&nbsp;<\/p>\n\n\n\n<p>Allerdings stellen sie aufgrund ihrer umfangreichen Testanforderungen oft erhebliche Herausforderungen dar. Es sind umfangreiche Fachkenntnisse und Ressourcen erforderlich, da nicht standardm\u00e4\u00dfige und spezielle Bedingungen f\u00fcr ICH-Stabilit\u00e4tstests den Prozess noch komplizierter machen k\u00f6nnen.&nbsp;<\/p>\n\n\n\n<p>Wenn Sie mit uns zusammenarbeiten, k\u00f6nnen Sie von unseren umfassenden F\u00e4higkeiten, modernsten Ger\u00e4ten und vor allem von unserer jahrzehntelangen Erfahrung profitieren. Unsere Spezialisten arbeiten mit Ihnen zusammen, um die effizienteste Pr\u00fcfstrategie zu entwickeln, die den Fortschritt Ihres Produkts f\u00f6rdert.&nbsp;<\/p>\n\n\n<div class=\"wp-block-image\">\n<figure class=\"aligncenter size-large\"><img decoding=\"async\" width=\"1024\" height=\"683\" src=\"https:\/\/adragos-pharma.com\/wp-content\/uploads\/2024\/03\/3Q4A7895-1-1024x683.jpg\" alt=\"\" class=\"wp-image-2234\" srcset=\"https:\/\/adragos-pharma.com\/wp-content\/uploads\/2024\/03\/3Q4A7895-1-1024x683.jpg 1024w, https:\/\/adragos-pharma.com\/wp-content\/uploads\/2024\/03\/3Q4A7895-1-300x200.jpg 300w, https:\/\/adragos-pharma.com\/wp-content\/uploads\/2024\/03\/3Q4A7895-1-768x512.jpg 768w, https:\/\/adragos-pharma.com\/wp-content\/uploads\/2024\/03\/3Q4A7895-1-1536x1024.jpg 1536w, https:\/\/adragos-pharma.com\/wp-content\/uploads\/2024\/03\/3Q4A7895-1-2048x1365.jpg 2048w\" sizes=\"(max-width: 1024px) 100vw, 1024px\" \/><\/figure>\n<\/div>\n\n\n<p>Wir bieten umfassende Freisetzungs- und wiederkehrende Pr\u00fcfungen an, darunter die Etablierung von Methoden, Rohstoffpr\u00fcfungen, prozessbegleitende chemische Pr\u00fcfungen, Wirkstoff- und Produktfreigabetests, ICH-Stabilit\u00e4tspr\u00fcfungen und Vergleichspr\u00fcfungen.&nbsp;<\/p>\n\n\n\n<p>Als renommierter Anbieter umfassender analytischer Pr\u00fcfungen ist unser Team bestrebt, einen reibungslosen Methodeneinf\u00fchrungsprozess zu gew\u00e4hrleisten, der zur Entwicklung zuverl\u00e4ssiger Methoden an unseren Standorten und zu einer soliden Unterst\u00fctzung Ihres Programms f\u00fchrt.&nbsp;<\/p>\n\n\n\n<p>Unser Ziel ist es, Sie durch den Prozess der Freigabe- und ICH-Stabilit\u00e4tspr\u00fcfung zu f\u00fchren und ihn effizienter und unkomplizierter zu gestalten.&nbsp;<\/p>\n\n\n\n<div style=\"height:35px\" aria-hidden=\"true\" class=\"wp-block-spacer\"><\/div>\n\n\n\n<section class=\"wp-block-adragos-blocks-our-network max-w-full pb-24 pt-8 overflow-hidden\"><div class=\"max-w-screen-xl mx-auto\"><header class=\"flex flex-col md:flex-row lg:items-center justify-between pb-12\"><div class=\"flex gap-3 text-secondary items-center lg:w-1\/3 lg:pr-12 mb-6\"><svg width=\"27\" height=\"3\" viewBox=\"0 0 27 3\" fill=\"none\" xmlns=\"http:\/\/www.w3.org\/2000\/svg\"><rect width=\"27\" height=\"3\" fill=\"#8696FE\"><\/rect><\/svg><h2 class=\"text-secondary\">Unser Netzwerk f\u00fcr Stabilit\u00e4tspr\u00fcfungen von Arzneimitteln<\/h2><\/div><div><p class=\"font-RobotoSlab text-lg xl:text-xl font-light lg:w-2\/3 lg:pl-32\">Unsere Standorte in Leipzig, Athen, Livron und Jura bieten Stabilit\u00e4tspr\u00fcfungsdienste an. Alle Details finden Sie unten.<\/p><\/div><\/header><div class=\"relative z-10\"><div class=\"flex gap-7 absolute left-0\"><div class=\"button-sites-prev flex justify-center items-center rotate-180\"><svg xmlns=\"http:\/\/www.w3.org\/2000\/svg\" width=\"36\" height=\"28\" viewBox=\"0 0 36 28\" fill=\"none\"><path d=\"M2 14H34M34 14L22 2M34 14L22 26\" stroke=\"black\" stroke-width=\"3\" stroke-linecap=\"round\" stroke-linejoin=\"round\"><\/path><\/svg><\/div><div class=\"button-sites-next flex justify-center items-center\"><svg xmlns=\"http:\/\/www.w3.org\/2000\/svg\" width=\"36\" height=\"28\" viewBox=\"0 0 36 28\" fill=\"none\"><path d=\"M2 14H34M34 14L22 2M34 14L22 26\" stroke=\"black\" stroke-width=\"3\" stroke-linecap=\"round\" stroke-linejoin=\"round\"><\/path><\/svg><\/div><\/div><\/div><div class=\"swiper sitesSlide\"><div class=\"swiper-wrapper pt-20\"><div class=\"swiper-slide\"><a href=\"https:\/\/adragos-pharma.com\/de\/leipzig-deutschland\/\" class=\"box-link relative block group border min-h-[430px] md:w-[348px] p-8 bg-white border-primary hover:bg-primary transition-all rounded-xl\"><img decoding=\"async\" class=\"box-image\" src=\"https:\/\/adragos-pharma.com\/wp-content\/uploads\/2024\/03\/Germany.svg\" alt=\"flag\"\/><h3 class=\"my-6 group-hover:!text-white\">Leipzig, Deutschland<\/h3><p class=\"mb-6 group-hover:!text-white\">Stabilit\u00e4tspr\u00fcfungen:<br>\u2022 Stabilit\u00e4tstests f\u00fcr Klimazonen II, IVa und IVb<br>\u2022 Alarm\u00fcberwachte \u00dcberwachung von Temperatur und Luftfeuchtigkeit<br>\u2022 Computerunterst\u00fctzte Zeitplanung und Datenkontrolle<br>\u2022 Stabilit\u00e4tspr\u00fcfungen w\u00e4hrend der klinischen Entwicklung und der Vermarktungsphasedevelopment and marketing stage<\/p><span class=\"text-primary font-bold group-hover:!text-white text-4xl\">\u27f6<\/span><\/a><\/div><div class=\"swiper-slide\"><a href=\"https:\/\/adragos-pharma.com\/de\/athen-griechenland\/\" class=\"box-link relative block group border min-h-[430px] md:w-[348px] p-8 bg-white border-secondary hover:bg-secondary transition-all rounded-xl\"><img decoding=\"async\" class=\"box-image\" src=\"https:\/\/adragos-pharma.com\/wp-content\/uploads\/2024\/03\/greeceflag.svg\" alt=\"flag\"\/><h3 class=\"my-6 group-hover:!text-white\">Athen, Griechenland<\/h3><p class=\"mb-6 group-hover:!text-white\">Stabilit\u00e4tspr\u00fcfungen:<br>\u2022 Stabilit\u00e4tstests f\u00fcr Klimazonen II, IVa und IVb sowie f\u00fcr halbdurchl\u00e4ssige Materialien<br>\u2022 Alarm\u00fcberwachte \u00dcberwachung von Temperatur und Luftfeuchtigkeit<br>\u2022 Stabilit\u00e4tspr\u00fcfungen w\u00e4hrend der klinischen Entwicklung und der Vermarktungsphase<\/p><span class=\"text-primary font-bold group-hover:!text-white text-4xl\">\u27f6<\/span><\/a><\/div><div class=\"swiper-slide\"><a href=\"https:\/\/adragos-pharma.com\/de\/livron-frankreich\/\" class=\"box-link relative block group border min-h-[430px] md:w-[348px] p-8 bg-white border-primary hover:bg-primary transition-all rounded-xl\"><img decoding=\"async\" class=\"box-image\" src=\"https:\/\/adragos-pharma.com\/wp-content\/uploads\/2024\/03\/France.svg\" alt=\"flag\"\/><h3 class=\"my-6 group-hover:!text-white\">Livron, Frankreich<\/h3><p class=\"mb-6 group-hover:!text-white\">Stabilit\u00e4tspr\u00fcfungen:<br>\u2022 Stabilit\u00e4tstests f\u00fcr Klimazonen II, IVa und IVb<br>\u2022 Alarm\u00fcberwachte \u00dcberwachung von Temperatur und Luftfeuchtigkeit<br>\u2022 Computerunterst\u00fctzte Zeitplanung und Datenkontrolle<\/p><span class=\"text-primary font-bold group-hover:!text-white text-4xl\">\u27f6<\/span><\/a><\/div><div class=\"swiper-slide\"><a href=\"https:\/\/adragos-pharma.com\/de\/jura-schweiz\/\" class=\"box-link relative block group border min-h-[430px] md:w-[348px] p-8 bg-white border-secondary hover:bg-secondary transition-all rounded-xl\"><img decoding=\"async\" class=\"box-image\" src=\"https:\/\/adragos-pharma.com\/wp-content\/uploads\/2024\/11\/istockphoto-691333880-612x612-1.jpg\" alt=\"flag\"\/><h3 class=\"my-6 group-hover:!text-white\">Jura, Schweiz<\/h3><p class=\"mb-6 group-hover:!text-white\"><strong>Stabilit\u00e4tspr\u00fcfungen:<br><\/strong>\u2022 Langzeitlagerung unter ICH-Bedingungen<br>\u2022 Analytische Pr\u00fcfungen an Zwischen- und Endstabilit\u00e4tspunkten<br><strong>Methodeneignungspr\u00fcfungen:<br><\/strong>\u2022 HPLC-Validierung<br>\u2022 Eignungspr\u00fcfung f\u00fcr Sterilit\u00e4t<br>\u2022 Eignungspr\u00fcfung f\u00fcr Endotoxine<br>\u2022 Eignungspr\u00fcfung f\u00fcr Keimzahlbestimmung<\/p><span class=\"text-primary font-bold group-hover:!text-white text-4xl\">\u27f6<\/span><\/a><\/div><\/div><\/div><\/div><\/section>\n\n\n\n<div style=\"height:36px\" aria-hidden=\"true\" class=\"wp-block-spacer\"><\/div>\n\n\n        <section class=\"tw-mx-auto tw-max-w-screen-xl tw-px-8 tw-py-20\">\n            <header class=\"tw-flex tw-flex-col md:tw-flex-row lg:tw-items-center tw-justify-between tw-pb-20\">\n                <h2 class=\"tw-flex tw-gap-3 text-secondary tw-items-center lg:tw-w-1\/3 lg:tw-pr-12 tw-mb-6\">\n                    <svg width=\"27\" height=\"3\" viewBox=\"0 0 27 3\" fill=\"none\" xmlns=\"http:\/\/www.w3.org\/2000\/svg\">\n                        <rect width=\"27\" height=\"3\" fill=\"#8696FE\" \/>\n                    <\/svg>\n                    <a href=\"\">Adragos Hub<\/a>\n                <\/h2>\n                <p class=\"font-RobotoSlab tw-text-lg xl:tw-text-xl tw-font-light lg:tw-w-2\/3 lg:tw-pl-32\">\n                    Erfahren Sie mehr \u00fcber Stabilit\u00e4tspr\u00fcfungen von Arzneimitteln in unseren aktuellen Blogbeitr\u00e4gen.                <\/p>\n            <\/header>\n\t\t\t<div class=\"tw-grid tw-grid-cols-1 lg:tw-grid-cols-2 tw-gap-6\">\n\t\t\t\t\t\t\t\t\t<div class=\"tw-relative tw-rounded-xl tw-overflow-hidden tw-min-h-60 tw-mb-6\">\n\t\t\t\t\t\t<img decoding=\"async\" src=\"https:\/\/adragos-pharma.com\/wp-content\/uploads\/2024\/08\/Untitled-design-1-1024x480.jpg\" alt=\"Adragos Pharma auf der Achema 2024: Innovative L\u00f6sungen\" class=\"tw-object-cover tw-absolute\" \/>\n\t\t\t\t\t\t<div class=\"tw-absolute tw-bottom-0 tw-max-w-96 tw-bg-lightslate tw-backdrop-blur-[12px] tw-p-6 tw-rounded-tr-xl tw-w-full\">\n\t\t\t\t\t\t\t<p class=\"text-primary tw-text-xs tw-font-medium tw-tracking-widest tw-uppercase tw-pb-1\">Veranstaltungen<\/p>\n\t\t\t\t\t\t\t<h3 class=\"tw-text-white tw-text-lg hover:tw-underline\">\n\t\t\t\t\t\t\t\t<a href=\"https:\/\/adragos-pharma.com\/de\/adragos-pharma-auf-der-achema-2024-prasentation-innovativer-pharmazeutischer-losungen\/\">Adragos Pharma auf der Achema 2024: Innovative L\u00f6sungen<\/a>\n\t\t\t\t\t\t\t<\/h3>\n\t\t\t\t\t\t<\/div>\n\t\t\t\t\t<\/div>\n\t\t\t\t\t\t\t\t\t<div class=\"tw-relative tw-rounded-xl tw-overflow-hidden tw-min-h-60 tw-mb-6\">\n\t\t\t\t\t\t<img decoding=\"async\" src=\"https:\/\/adragos-pharma.com\/wp-content\/uploads\/2024\/05\/Adragos-Pharma-Leipzig-2024-07-1-1024x480.jpg\" alt=\"CDMO Pharma: Was ist das und wie profitiert Ihr Unternehmen davon?\" class=\"tw-object-cover tw-absolute\" \/>\n\t\t\t\t\t\t<div class=\"tw-absolute tw-bottom-0 tw-max-w-96 tw-bg-lightslate tw-backdrop-blur-[12px] tw-p-6 tw-rounded-tr-xl tw-w-full\">\n\t\t\t\t\t\t\t<p class=\"text-primary tw-text-xs tw-font-medium tw-tracking-widest tw-uppercase tw-pb-1\">Blog<\/p>\n\t\t\t\t\t\t\t<h3 class=\"tw-text-white tw-text-lg hover:tw-underline\">\n\t\t\t\t\t\t\t\t<a href=\"https:\/\/adragos-pharma.com\/de\/cdmo-pharma\/\">CDMO Pharma: Was ist das und wie profitiert Ihr Unternehmen davon?<\/a>\n\t\t\t\t\t\t\t<\/h3>\n\t\t\t\t\t\t<\/div>\n\t\t\t\t\t<\/div>\n\t\t\t\t\t\t\t<\/div>\n\n        <\/section>\n        \n\n\n\n<div style=\"height:36px\" aria-hidden=\"true\" class=\"wp-block-spacer\"><\/div>\n\n\n\n<section class=\"wp-block-adragos-blocks-footer-cta max-w-screen-lg bg-light mx-8 md:mx-auto px-8 py-12 text-center mt-3 mb-12 md:mb-16 rounded-xl md:mb-24 mx-auto\"><h2 class=\"\">Nimmt Kontakt zu uns auf!<\/h2><p class=\"subtitle font-light m-auto max-w-screen-sm py-6\">F\u00fcr weitere Informationen zu unserem Unternehmen und unseren Dienstleistungen wende Sie sich direkt an unser Team.<\/p><div class=\"flex flex-col md:flex-row justify-center gap-4\"><a href=\"https:\/\/adragos-pharma.com\/de\/kontakt\/\" class=\"cta-link inline-block adragos-button text-white has-primary-background-color text-center\">Senden Sie eine Nachricht<\/a><a href=\"https:\/\/meetings-eu1.hubspot.com\/lydia-marinou?ref=drug-stability-testing-de-button\" class=\"cta-link2 inline-block adragos-button text-white has-secondary-background-color text-center\" target=\"_blank\" rel=\"noopener\">Vereinbaren Sie einen Termin<\/a><\/div><\/section>\n<\/div>\n<\/div><style>\n            .wp-block-columns.is-wide {\n\t\t\t\tmax-width: 1280px!important;\n\t\t\t\tmargin-left: auto!important;\n\t\t\t\tmargin-right: auto!important;\n            }\n        <\/style>\n","protected":false},"excerpt":{"rendered":"<p>Unser Stabilit\u00e4tsstudienservice umfasst Freigabetests und ICH-Stabilit\u00e4tstests. Diese beiden Schritte sind entscheidend f\u00fcr die Gew\u00e4hrleistung der Qualit\u00e4t und Sicherheit Ihres Endprodukts.&nbsp; Allerdings stellen sie aufgrund ihrer umfangreichen Testanforderungen oft erhebliche Herausforderungen dar. Es sind umfangreiche Fachkenntnisse und Ressourcen erforderlich, da nicht [&hellip;]<\/p>\n","protected":false},"author":8,"featured_media":0,"parent":6622,"menu_order":0,"comment_status":"closed","ping_status":"closed","template":"","meta":{"content-type":"","inline_featured_image":false,"footnotes":""},"class_list":["post-7321","page","type-page","status-publish","hentry"],"_links":{"self":[{"href":"https:\/\/adragos-pharma.com\/de\/wp-json\/wp\/v2\/pages\/7321","targetHints":{"allow":["GET"]}}],"collection":[{"href":"https:\/\/adragos-pharma.com\/de\/wp-json\/wp\/v2\/pages"}],"about":[{"href":"https:\/\/adragos-pharma.com\/de\/wp-json\/wp\/v2\/types\/page"}],"author":[{"embeddable":true,"href":"https:\/\/adragos-pharma.com\/de\/wp-json\/wp\/v2\/users\/8"}],"replies":[{"embeddable":true,"href":"https:\/\/adragos-pharma.com\/de\/wp-json\/wp\/v2\/comments?post=7321"}],"version-history":[{"count":15,"href":"https:\/\/adragos-pharma.com\/de\/wp-json\/wp\/v2\/pages\/7321\/revisions"}],"predecessor-version":[{"id":21245,"href":"https:\/\/adragos-pharma.com\/de\/wp-json\/wp\/v2\/pages\/7321\/revisions\/21245"}],"up":[{"embeddable":true,"href":"https:\/\/adragos-pharma.com\/de\/wp-json\/wp\/v2\/pages\/6622"}],"wp:attachment":[{"href":"https:\/\/adragos-pharma.com\/de\/wp-json\/wp\/v2\/media?parent=7321"}],"curies":[{"name":"wp","href":"https:\/\/api.w.org\/{rel}","templated":true}]}}