{"id":7323,"date":"2024-03-11T21:35:49","date_gmt":"2024-03-11T19:35:49","guid":{"rendered":"https:\/\/adragos-pharma.com\/?page_id=7323"},"modified":"2025-07-23T17:08:28","modified_gmt":"2025-07-23T15:08:28","slug":"kontrollierte-arzneimittel","status":"publish","type":"page","link":"https:\/\/adragos-pharma.com\/de\/unsere-dienstleistungen\/kontrollierte-arzneimittel\/","title":{"rendered":"Kontrollierte Arzneimittel\u00a0"},"content":{"rendered":"\n<section class=\"wp-block-adragos-blocks-header relative has-primary-background-color bg-pattern bg-cover max-w-full bg-bottom px-3 pt-10 pb-44 md:pt-16 md:pb-44 has-dark-blue-background-color has-background\"><div class=\"relative z-30 max-w-screen-xl px-6 m-auto\"><nav class=\"flex mb-4\" aria-label=\"Breadcrumb\"><ol class=\"inline-flex items-center space-x-1 md:space-x-2 rtl:space-x-reverse\"><li class=\"inline-flex items-center\"><a href=\"https:\/\/adragos-pharma.com\/de\/\" class=\"inline-flex items-center text-sm font-medium text-white hover:text-primary\"><svg class=\"w-3 h-3 me-2.5\" aria-hidden=\"true\" xmlns=\"http:\/\/www.w3.org\/2000\/svg\" fill=\"currentColor\" viewBox=\"0 0 20 20\"><path d=\"m19.707 9.293-2-2-7-7a1 1 0 0 0-1.414 0l-7 7-2 2a1 1 0 0 0 1.414 1.414L2 10.414V18a2 2 0 0 0 2 2h3a1 1 0 0 0 1-1v-4a1 1 0 0 1 1-1h2a1 1 0 0 1 1 1v4a1 1 0 0 0 1 1h3a2 2 0 0 0 2-2v-7.586l.293.293a1 1 0 0 0 1.414-1.414Z\"><\/path><\/svg>Home<\/a><\/li><li><div class=\"flex items-center\"><svg class=\"rtl:rotate-180 w-3 h-3 text-white mx-1\" aria-hidden=\"true\" xmlns=\"http:\/\/www.w3.org\/2000\/svg\" fill=\"none\" viewBox=\"0 0 6 10\"><path stroke=\"currentColor\" stroke-linecap=\"round\" stroke-linejoin=\"round\" stroke-width=\"2\" d=\"m1 9 4-4-4-4\"><\/path><\/svg><a href=\"https:\/\/adragos-pharma.com\/de\/unsere-dienstleistungen\/\" class=\"ms-1 text-sm font-medium text-white hover:text-primary md:ms-2\">Unsere Dienstleistungen\u00a0<\/a><\/div><\/li><li class=\"hidden md:inline-block\" aria-current=\"page\"><div class=\"flex items-center\"><svg class=\"rtl:rotate-180 w-3 h-3 text-white mx-1\" aria-hidden=\"true\" xmlns=\"http:\/\/www.w3.org\/2000\/svg\" fill=\"none\" viewBox=\"0 0 6 10\"><path stroke=\"currentColor\" stroke-linecap=\"round\" stroke-linejoin=\"round\" stroke-width=\"2\" d=\"m1 9 4-4-4-4\"><\/path><\/svg><span class=\"ms-1 text-sm font-medium text-white md:ms-2\">Kontrollierte Arzneimittel\u00a0<\/span><\/div><\/li><\/ol><\/nav><h1 class=\"text-3xl md:text-4xl text-white\">Kontrollierte Arzneimittel\u00a0<\/h1><\/div><div class=\"bg-wave absolute left-0 bottom-0 h-52 bg-repeat-x bg-[center_bottom] w-full\"><\/div><\/section>\n\n\n\n<div class=\"wp-block-columns max-w-screen-xl w-full is-wide px-0 md:px-8 is-layout-flex wp-container-core-columns-is-layout-9d6595d7 wp-block-columns-is-layout-flex\">\n<div class=\"wp-block-column is-layout-flow wp-block-column-is-layout-flow\">\n<p>Der Umgang mit Bet\u00e4ubungsmitteln erfordert Pr\u00e4zision, Sicherheit und umfassende regulatorische Kenntnisse. Unsere Standorte in Athen, Kawagoe und Livron bieten spezialisierte Dienstleistungen, um diese wesentlichen und zugleich strengen Anforderungen zu erf\u00fcllen. Durch sorgf\u00e4ltige Planung und Einhaltung der gesetzlichen Vorgaben gew\u00e4hrleisten wir die Sicherheit, den Schutz und die regulatorische Konformit\u00e4t von pharmazeutischen Produkten mit kontrollierten Substanzen, einschlie\u00dflich OxyContin.<\/p>\n\n\n<div class=\"wp-block-image\">\n<figure class=\"aligncenter size-large\"><img decoding=\"async\" width=\"1024\" height=\"683\" src=\"https:\/\/adragos-pharma.com\/wp-content\/uploads\/2024\/03\/3Q4A8461-1024x683.jpg\" alt=\"Controlled Drug Hangling\" class=\"wp-image-2201\" srcset=\"https:\/\/adragos-pharma.com\/wp-content\/uploads\/2024\/03\/3Q4A8461-1024x683.jpg 1024w, https:\/\/adragos-pharma.com\/wp-content\/uploads\/2024\/03\/3Q4A8461-300x200.jpg 300w, https:\/\/adragos-pharma.com\/wp-content\/uploads\/2024\/03\/3Q4A8461-768x512.jpg 768w, https:\/\/adragos-pharma.com\/wp-content\/uploads\/2024\/03\/3Q4A8461-1536x1024.jpg 1536w, https:\/\/adragos-pharma.com\/wp-content\/uploads\/2024\/03\/3Q4A8461-2048x1365.jpg 2048w\" sizes=\"(max-width: 1024px) 100vw, 1024px\" \/><\/figure>\n<\/div>\n\n\n<p>Unsere Dienstleistungen umfassen:<\/p>\n\n\n\n<ul class=\"wp-block-list\">\n<li><strong>Sichere Lagerung:<\/strong>&nbsp;Wir setzen umfassende Ma\u00dfnahmen zur sicheren Aufbewahrung von Bet\u00e4ubungsmitteln um.<\/li>\n\n\n\n<li><strong>Umfassende Dokumentation:<\/strong>&nbsp;L\u00fcckenlose Nachverfolgung und Dokumentationssysteme zur \u00dcberwachung kontrollierter Substanzen.<\/li>\n\n\n\n<li><strong>Strenge Nachverfolgung und Aufzeichnung:<\/strong>&nbsp;Fortschrittliche Systeme zur pr\u00e4zisen Verfolgung und Dokumentation von Bet\u00e4ubungsmitteln.<\/li>\n\n\n\n<li><strong>Regelm\u00e4\u00dfige Bestandspr\u00fcfungen:<\/strong>&nbsp;Routinem\u00e4\u00dfige Kontrollen zur exakten Bestandsf\u00fchrung und Sicherstellung der Einhaltung von Vorschriften.<\/li>\n\n\n\n<li><strong>Qualit\u00e4tskontrolle:<\/strong>&nbsp;Strenge Qualit\u00e4tskontrollen zur Wahrung der Integrit\u00e4t von Bet\u00e4ubungsmitteln.<\/li>\n\n\n\n<li><strong>Umfassende \u00dcberwachung:<\/strong>&nbsp;Vom Einkauf bis zur Distribution setzen wir auf strikte Einhaltung regulatorischer Anforderungen, um die sichere Handhabung von OxyContin und anderen kontrollierten Substanzen durch fortlaufende \u00dcberwachung zu gew\u00e4hrleisten und Risiken zu minimieren.<\/li>\n<\/ul>\n\n\n\n<p>Unser Engagement im Umgang mit Bet\u00e4ubungsmitteln stellt sicher, dass alle Verfahren den gesetzlichen Anforderungen entsprechen und im gesamten Prozess sowohl Sicherheit als auch Konformit\u00e4t gew\u00e4hrleistet wird.<\/p>\n<\/div>\n<\/div><style>\n            .wp-block-columns.is-wide {\n\t\t\t\tmax-width: 1280px!important;\n\t\t\t\tmargin-left: auto!important;\n\t\t\t\tmargin-right: auto!important;\n            }\n        <\/style>\n\n\n\n<h2 class=\"wp-block-heading has-text-align-center has-secondary-color has-text-color has-link-color wp-elements-6398c4f90a7567f38249a2d554e40541\">Unser Netzwerk f\u00fcr den Umgang mit kontrollierten Arzneimitteln&nbsp;<\/h2>\n\n\n\n<div class=\"wp-block-columns max-w-screen-xl w-full is-wide px-0 md:px-8 is-layout-flex wp-container-core-columns-is-layout-9d6595d7 wp-block-columns-is-layout-flex\">\n<div class=\"wp-block-column is-layout-flow wp-block-column-is-layout-flow\">\n<div class=\"wp-block-group box-with-border purple\"><div class=\"wp-block-group__inner-container is-layout-constrained wp-block-group-is-layout-constrained\">\n<div class=\"wp-block-media-text is-stacked-on-mobile\"><figure class=\"wp-block-media-text__media\"><a class=\"https:\/\/adragos-pharma.com\/leipzig-germany\/\" href=\"https:\/\/adragos-pharma.com\/de\/kawagoe-japan\/\" target=\"_blank\" rel=\"https:\/\/adragos-pharma.com\/leipzig-germany\/\"><img decoding=\"async\" width=\"128\" height=\"85\" src=\"https:\/\/adragos-pharma.com\/wp-content\/uploads\/2024\/03\/japan-flag.png\" alt=\"Japan Flag\" class=\"wp-image-273 size-full\"\/><\/a><\/figure><div class=\"wp-block-media-text__content\">\n<h3 class=\"wp-block-heading\">Kawagoe, Japan<\/h3>\n\n\n\n<p>Unser hochmodernes Produktionsstandort ist auf Ampullen, Tabletten und Sichtpr\u00fcfungsdienste spezialisiert. Wir bieten exzellenten Kundenservice auf Englisch und Japanisch. Die Anlage verf\u00fcgt \u00fcber eines der gr\u00f6\u00dften K\u00fchllager Japans.<\/p>\n\n\n\n<span class=\"text-primary font-bold text-4xl\">\u27f6<\/span>\n<\/div><\/div>\n<\/div><\/div>\n<\/div>\n\n\n\n<div class=\"wp-block-column is-layout-flow wp-block-column-is-layout-flow\">\n<div class=\"wp-block-group box-with-border\"><div class=\"wp-block-group__inner-container is-layout-constrained wp-block-group-is-layout-constrained\">\n<div class=\"wp-block-media-text is-stacked-on-mobile\"><figure class=\"wp-block-media-text__media\"><a class=\"https:\/\/adragos-pharma.com\/halden-norway\/\" href=\"https:\/\/adragos-pharma.com\/de\/livron-frankreich\/\" target=\"_blank\" rel=\" noreferrer noopener\"><img decoding=\"async\" width=\"43\" height=\"32\" src=\"https:\/\/adragos-pharma.com\/wp-content\/uploads\/2024\/03\/France.svg\" alt=\"\" class=\"wp-image-269 size-full\"\/><\/a><\/figure><div class=\"wp-block-media-text__content\">\n<h3 class=\"wp-block-heading\">Livron, Frankreich<\/h3>\n\n\n\n<p>Mit \u00fcber 100 Jahren Erfahrung konzentriert sich Adragos Livron auf die Herstellung von sterilen Fl\u00fcssigkeiten und Z\u00e4pfchen. Wir verarbeiten mehr als 100 Molek\u00fcle und bieten Stabilit\u00e4tsstudien, Bet\u00e4ubungsmittel-Handling und analytische Testdienstleistungen an.<\/p>\n\n\n\n<span class=\"text-primary font-bold text-4xl\">\u27f6<\/span>\n<\/div><\/div>\n<\/div><\/div>\n<\/div>\n\n\n\n<div class=\"wp-block-column is-layout-flow wp-block-column-is-layout-flow\">\n<div class=\"wp-block-group box-with-border\"><div class=\"wp-block-group__inner-container is-layout-constrained wp-block-group-is-layout-constrained\">\n<div class=\"wp-block-media-text is-stacked-on-mobile\"><figure class=\"wp-block-media-text__media\"><a class=\"https:\/\/adragos-pharma.com\/halden-norway\/\" href=\"https:\/\/adragos-pharma.com\/de\/athen-griechenland\/\" target=\"_blank\" rel=\" noreferrer noopener\"><img decoding=\"async\" width=\"43\" height=\"32\" src=\"https:\/\/adragos-pharma.com\/wp-content\/uploads\/2024\/03\/greeceflag.svg\" alt=\"\" class=\"wp-image-271 size-full\"\/><\/a><\/figure><div class=\"wp-block-media-text__content\">\n<h3 class=\"wp-block-heading\">Athen, Griechenland<\/h3>\n\n\n\n<p>Mit mehr als 3.000 m\u00b2 F&amp;E-Einrichtungen ist Adragos Athen auf die Entwicklung von Value Added Medicines spezialisiert und wurde k\u00fcrzlich mit HPAPI-F\u00e4higkeiten aufger\u00fcstet.<\/p>\n\n\n\n<span class=\"text-primary font-bold text-4xl\">\u27f6<\/span>\n<\/div><\/div>\n<\/div><\/div>\n<\/div>\n<\/div><style>\n            .wp-block-columns.is-wide {\n\t\t\t\tmax-width: 1280px!important;\n\t\t\t\tmargin-left: auto!important;\n\t\t\t\tmargin-right: auto!important;\n            }\n        <\/style>\n\n\n        <section class=\"tw-mx-auto tw-max-w-screen-xl tw-px-8 tw-py-20\">\n            <header class=\"tw-flex tw-flex-col md:tw-flex-row lg:tw-items-center tw-justify-between tw-pb-20\">\n                <h2 class=\"tw-flex tw-gap-3 text-secondary tw-items-center lg:tw-w-1\/3 lg:tw-pr-12 tw-mb-6\">\n                    <svg width=\"27\" height=\"3\" viewBox=\"0 0 27 3\" fill=\"none\" xmlns=\"http:\/\/www.w3.org\/2000\/svg\">\n                        <rect width=\"27\" height=\"3\" fill=\"#8696FE\" \/>\n                    <\/svg>\n                    <a href=\"\">Adragos Hub<\/a>\n                <\/h2>\n                <p class=\"font-RobotoSlab tw-text-lg xl:tw-text-xl tw-font-light lg:tw-w-2\/3 lg:tw-pl-32\">\n                    Erfahren Sie mehr \u00fcber Bet\u00e4ubungsmittel in unseren aktuellen Blogbeitr\u00e4gen.                <\/p>\n            <\/header>\n\t\t\t<div class=\"tw-grid tw-grid-cols-1 lg:tw-grid-cols-2 tw-gap-6\">\n\t\t\t\t\t\t\t\t\t<div class=\"tw-relative tw-rounded-xl tw-overflow-hidden tw-min-h-60 tw-mb-6\">\n\t\t\t\t\t\t<img decoding=\"async\" src=\"https:\/\/adragos-pharma.com\/wp-content\/uploads\/2024\/08\/Untitled-design-1-1024x480.jpg\" alt=\"Adragos Pharma auf der Achema 2024: Innovative L\u00f6sungen\" class=\"tw-object-cover tw-absolute\" \/>\n\t\t\t\t\t\t<div class=\"tw-absolute tw-bottom-0 tw-max-w-96 tw-bg-lightslate tw-backdrop-blur-[12px] tw-p-6 tw-rounded-tr-xl tw-w-full\">\n\t\t\t\t\t\t\t<p class=\"text-primary tw-text-xs tw-font-medium tw-tracking-widest tw-uppercase tw-pb-1\">Veranstaltungen<\/p>\n\t\t\t\t\t\t\t<h3 class=\"tw-text-white tw-text-lg hover:tw-underline\">\n\t\t\t\t\t\t\t\t<a href=\"https:\/\/adragos-pharma.com\/de\/adragos-pharma-auf-der-achema-2024-prasentation-innovativer-pharmazeutischer-losungen\/\">Adragos Pharma auf der Achema 2024: Innovative L\u00f6sungen<\/a>\n\t\t\t\t\t\t\t<\/h3>\n\t\t\t\t\t\t<\/div>\n\t\t\t\t\t<\/div>\n\t\t\t\t\t\t\t\t\t<div class=\"tw-relative tw-rounded-xl tw-overflow-hidden tw-min-h-60 tw-mb-6\">\n\t\t\t\t\t\t<img decoding=\"async\" src=\"https:\/\/adragos-pharma.com\/wp-content\/uploads\/2024\/05\/Adragos-Pharma-Leipzig-2024-07-1-1024x480.jpg\" alt=\"CDMO Pharma: Was ist das und wie profitiert Ihr Unternehmen davon?\" class=\"tw-object-cover tw-absolute\" \/>\n\t\t\t\t\t\t<div class=\"tw-absolute tw-bottom-0 tw-max-w-96 tw-bg-lightslate tw-backdrop-blur-[12px] tw-p-6 tw-rounded-tr-xl tw-w-full\">\n\t\t\t\t\t\t\t<p class=\"text-primary tw-text-xs tw-font-medium tw-tracking-widest tw-uppercase tw-pb-1\">Blog<\/p>\n\t\t\t\t\t\t\t<h3 class=\"tw-text-white tw-text-lg hover:tw-underline\">\n\t\t\t\t\t\t\t\t<a href=\"https:\/\/adragos-pharma.com\/de\/cdmo-pharma\/\">CDMO Pharma: Was ist das und wie profitiert Ihr Unternehmen davon?<\/a>\n\t\t\t\t\t\t\t<\/h3>\n\t\t\t\t\t\t<\/div>\n\t\t\t\t\t<\/div>\n\t\t\t\t\t\t\t<\/div>\n\n        <\/section>\n        \n\n\n\n<section class=\"wp-block-adragos-blocks-footer-cta max-w-screen-lg bg-light mx-8 md:mx-auto px-8 py-12 text-center mt-3 mb-12 md:mb-16 rounded-xl md:mb-24 mx-auto\"><h2 class=\"\">Nimmt Kontakt zu uns auf!<\/h2><p class=\"subtitle font-light m-auto max-w-screen-sm py-6\">F\u00fcr weitere Informationen zu unserem Unternehmen und unseren Dienstleistungen wende Sie sich direkt an unser Team.<\/p><div class=\"flex flex-col md:flex-row justify-center gap-4\"><a href=\"https:\/\/adragos-pharma.com\/de\/kontakt\/\" class=\"cta-link inline-block adragos-button text-white has-primary-background-color text-center\">Senden Sie eine Nachricht<\/a><a href=\"https:\/\/meetings-eu1.hubspot.com\/lydia-marinou?ref=controlled-drugs-de-button\" class=\"cta-link2 inline-block adragos-button text-white has-secondary-background-color text-center\" target=\"_blank\" rel=\"noopener\">Vereinbaren Sie einen Termin<\/a><\/div><\/section>\n","protected":false},"excerpt":{"rendered":"<p>Der Umgang mit Bet\u00e4ubungsmitteln erfordert Pr\u00e4zision, Sicherheit und umfassende regulatorische Kenntnisse. Unsere Standorte in Athen, Kawagoe und Livron bieten spezialisierte Dienstleistungen, um diese wesentlichen und zugleich strengen Anforderungen zu erf\u00fcllen. Durch sorgf\u00e4ltige Planung und Einhaltung der gesetzlichen Vorgaben gew\u00e4hrleisten wir [&hellip;]<\/p>\n","protected":false},"author":8,"featured_media":0,"parent":6622,"menu_order":0,"comment_status":"closed","ping_status":"closed","template":"","meta":{"content-type":"","inline_featured_image":false,"footnotes":""},"class_list":["post-7323","page","type-page","status-publish","hentry"],"_links":{"self":[{"href":"https:\/\/adragos-pharma.com\/de\/wp-json\/wp\/v2\/pages\/7323","targetHints":{"allow":["GET"]}}],"collection":[{"href":"https:\/\/adragos-pharma.com\/de\/wp-json\/wp\/v2\/pages"}],"about":[{"href":"https:\/\/adragos-pharma.com\/de\/wp-json\/wp\/v2\/types\/page"}],"author":[{"embeddable":true,"href":"https:\/\/adragos-pharma.com\/de\/wp-json\/wp\/v2\/users\/8"}],"replies":[{"embeddable":true,"href":"https:\/\/adragos-pharma.com\/de\/wp-json\/wp\/v2\/comments?post=7323"}],"version-history":[{"count":13,"href":"https:\/\/adragos-pharma.com\/de\/wp-json\/wp\/v2\/pages\/7323\/revisions"}],"predecessor-version":[{"id":21220,"href":"https:\/\/adragos-pharma.com\/de\/wp-json\/wp\/v2\/pages\/7323\/revisions\/21220"}],"up":[{"embeddable":true,"href":"https:\/\/adragos-pharma.com\/de\/wp-json\/wp\/v2\/pages\/6622"}],"wp:attachment":[{"href":"https:\/\/adragos-pharma.com\/de\/wp-json\/wp\/v2\/media?parent=7323"}],"curies":[{"name":"wp","href":"https:\/\/api.w.org\/{rel}","templated":true}]}}