{"id":7329,"date":"2024-03-10T20:01:23","date_gmt":"2024-03-10T18:01:23","guid":{"rendered":"https:\/\/adragos-pharma.com\/?page_id=7329"},"modified":"2025-07-22T12:42:11","modified_gmt":"2025-07-22T10:42:11","slug":"auslizenzierung","status":"publish","type":"page","link":"https:\/\/adragos-pharma.com\/de\/unsere-dienstleistungen\/auslizenzierung\/","title":{"rendered":"Auslizenzierung\u00a0"},"content":{"rendered":"\n<section class=\"wp-block-adragos-blocks-header relative has-primary-background-color bg-pattern bg-cover max-w-full bg-bottom px-3 pt-10 pb-44 md:pt-16 md:pb-44\"><div class=\"relative z-30 max-w-screen-xl px-6 m-auto\"><nav class=\"flex mb-4\" aria-label=\"Breadcrumb\"><ol class=\"inline-flex items-center space-x-1 md:space-x-2 rtl:space-x-reverse\"><li class=\"inline-flex items-center\"><a href=\"https:\/\/adragos-pharma.com\/de\/\" class=\"inline-flex items-center text-sm font-medium text-white hover:text-primary\"><svg class=\"w-3 h-3 me-2.5\" aria-hidden=\"true\" xmlns=\"http:\/\/www.w3.org\/2000\/svg\" fill=\"currentColor\" viewBox=\"0 0 20 20\"><path d=\"m19.707 9.293-2-2-7-7a1 1 0 0 0-1.414 0l-7 7-2 2a1 1 0 0 0 1.414 1.414L2 10.414V18a2 2 0 0 0 2 2h3a1 1 0 0 0 1-1v-4a1 1 0 0 1 1-1h2a1 1 0 0 1 1 1v4a1 1 0 0 0 1 1h3a2 2 0 0 0 2-2v-7.586l.293.293a1 1 0 0 0 1.414-1.414Z\"><\/path><\/svg>Home<\/a><\/li><li><div class=\"flex items-center\"><svg class=\"rtl:rotate-180 w-3 h-3 text-white mx-1\" aria-hidden=\"true\" xmlns=\"http:\/\/www.w3.org\/2000\/svg\" fill=\"none\" viewBox=\"0 0 6 10\"><path stroke=\"currentColor\" stroke-linecap=\"round\" stroke-linejoin=\"round\" stroke-width=\"2\" d=\"m1 9 4-4-4-4\"><\/path><\/svg><a href=\"https:\/\/adragos-pharma.com\/de\/unsere-dienstleistungen\/\" class=\"ms-1 text-sm font-medium text-white hover:text-primary md:ms-2\">Unsere Dienstleistungen\u00a0<\/a><\/div><\/li><li class=\"hidden md:inline-block\" aria-current=\"page\"><div class=\"flex items-center\"><svg class=\"rtl:rotate-180 w-3 h-3 text-white mx-1\" aria-hidden=\"true\" xmlns=\"http:\/\/www.w3.org\/2000\/svg\" fill=\"none\" viewBox=\"0 0 6 10\"><path stroke=\"currentColor\" stroke-linecap=\"round\" stroke-linejoin=\"round\" stroke-width=\"2\" d=\"m1 9 4-4-4-4\"><\/path><\/svg><span class=\"ms-1 text-sm font-medium text-white md:ms-2\">Auslizenzierung\u00a0<\/span><\/div><\/li><\/ol><\/nav><h1 class=\"text-3xl md:text-4xl text-white\">Auslizenzierung\u00a0<\/h1><\/div><div class=\"bg-wave absolute left-0 bottom-0 h-52 bg-repeat-x bg-[center_bottom] w-full\"><\/div><\/section>\n\n\n\n<div class=\"wp-block-columns max-w-screen-xl w-full is-wide px-0 md:px-8 is-layout-flex wp-container-core-columns-is-layout-9d6595d7 wp-block-columns-is-layout-flex\">\n<div class=\"wp-block-column is-layout-flow wp-block-column-is-layout-flow\">\n<h2 class=\"wp-block-heading\">Entdecken Sie unser Portfolio an Auslizenzierungsentwicklungen&nbsp;<\/h2>\n\n\n\n<p>Im Rahmen unserer Dienstleistungen bieten wir eine breite Palette innovativer Arzneimittelentwicklungen an, die f\u00fcr unsere Kunden weltweit auslizenziert werden k\u00f6nnen.&nbsp;<\/p>\n\n\n\n<div class=\"wp-block-columns max-w-screen-xl w-full is-wide px-0 md:px-8 is-layout-flex wp-container-core-columns-is-layout-9d6595d7 wp-block-columns-is-layout-flex\">\n<div class=\"wp-block-column is-layout-flow wp-block-column-is-layout-flow\">\n<figure class=\"wp-block-image size-large\"><img decoding=\"async\" width=\"1024\" height=\"683\" src=\"https:\/\/adragos-pharma.com\/wp-content\/uploads\/2024\/05\/Lamda_Laboratories_low-123-1024x683.jpg\" alt=\"\" class=\"wp-image-4403\" srcset=\"https:\/\/adragos-pharma.com\/wp-content\/uploads\/2024\/05\/Lamda_Laboratories_low-123-1024x683.jpg 1024w, https:\/\/adragos-pharma.com\/wp-content\/uploads\/2024\/05\/Lamda_Laboratories_low-123-300x200.jpg 300w, https:\/\/adragos-pharma.com\/wp-content\/uploads\/2024\/05\/Lamda_Laboratories_low-123-768x512.jpg 768w, https:\/\/adragos-pharma.com\/wp-content\/uploads\/2024\/05\/Lamda_Laboratories_low-123-1536x1024.jpg 1536w, https:\/\/adragos-pharma.com\/wp-content\/uploads\/2024\/05\/Lamda_Laboratories_low-123.jpg 2048w\" sizes=\"(max-width: 1024px) 100vw, 1024px\" \/><\/figure>\n<\/div>\n\n\n\n<div class=\"wp-block-column is-vertically-aligned-center is-layout-flow wp-block-column-is-layout-flow\">\n<h3 class=\"wp-block-heading\">Vollst\u00e4ndig integriertes Netzwerk&nbsp;<\/h3>\n\n\n\n<p>Unser integriertes Netzwerk gew\u00e4hrleistet reibungslose Abl\u00e4ufe und nahtlose Kommunikation w\u00e4hrend des gesamten Auslizenzierungsprozesses.<\/p>\n<\/div>\n<\/div><style>\n            .wp-block-columns.is-wide {\n\t\t\t\tmax-width: 1280px!important;\n\t\t\t\tmargin-left: auto!important;\n\t\t\t\tmargin-right: auto!important;\n            }\n        <\/style>\n\n\n\n<div class=\"wp-block-columns max-w-screen-xl w-full is-wide px-0 md:px-8 is-layout-flex wp-container-core-columns-is-layout-9d6595d7 wp-block-columns-is-layout-flex\">\n<div class=\"wp-block-column is-vertically-aligned-center is-layout-flow wp-block-column-is-layout-flow\">\n<h3 class=\"wp-block-heading\"><strong>Schnelle und fertige L\u00f6sungen<\/strong>&nbsp;<\/h3>\n\n\n\n<p>Wir von Adragos Pharma liefern schnelle L\u00f6sungen. Wenn Sie sich f\u00fcr unseren Auslizenzierungsservice entscheiden, investieren Sie in ein marktreifes Produkt.<\/p>\n<\/div>\n\n\n\n<div class=\"wp-block-column is-layout-flow wp-block-column-is-layout-flow\">\n<figure class=\"wp-block-image size-large\"><img decoding=\"async\" width=\"1024\" height=\"683\" src=\"https:\/\/adragos-pharma.com\/wp-content\/uploads\/2024\/05\/CW5B3346-1024x683.jpg\" alt=\"\" class=\"wp-image-4404\" srcset=\"https:\/\/adragos-pharma.com\/wp-content\/uploads\/2024\/05\/CW5B3346-1024x683.jpg 1024w, https:\/\/adragos-pharma.com\/wp-content\/uploads\/2024\/05\/CW5B3346-300x200.jpg 300w, https:\/\/adragos-pharma.com\/wp-content\/uploads\/2024\/05\/CW5B3346-768x512.jpg 768w, https:\/\/adragos-pharma.com\/wp-content\/uploads\/2024\/05\/CW5B3346-1536x1024.jpg 1536w, https:\/\/adragos-pharma.com\/wp-content\/uploads\/2024\/05\/CW5B3346-2048x1365.jpg 2048w\" sizes=\"(max-width: 1024px) 100vw, 1024px\" \/><\/figure>\n<\/div>\n<\/div><style>\n            .wp-block-columns.is-wide {\n\t\t\t\tmax-width: 1280px!important;\n\t\t\t\tmargin-left: auto!important;\n\t\t\t\tmargin-right: auto!important;\n            }\n        <\/style>\n\n\n\n<div class=\"wp-block-columns max-w-screen-xl w-full is-wide px-0 md:px-8 is-layout-flex wp-container-core-columns-is-layout-9d6595d7 wp-block-columns-is-layout-flex\">\n<div class=\"wp-block-column is-layout-flow wp-block-column-is-layout-flow\">\n<figure class=\"wp-block-image size-large\"><img decoding=\"async\" width=\"1024\" height=\"683\" src=\"https:\/\/adragos-pharma.com\/wp-content\/uploads\/2024\/05\/3Q4A8483-1024x683.jpg\" alt=\"\" class=\"wp-image-4405\" srcset=\"https:\/\/adragos-pharma.com\/wp-content\/uploads\/2024\/05\/3Q4A8483-1024x683.jpg 1024w, https:\/\/adragos-pharma.com\/wp-content\/uploads\/2024\/05\/3Q4A8483-300x200.jpg 300w, https:\/\/adragos-pharma.com\/wp-content\/uploads\/2024\/05\/3Q4A8483-768x512.jpg 768w, https:\/\/adragos-pharma.com\/wp-content\/uploads\/2024\/05\/3Q4A8483-1536x1024.jpg 1536w, https:\/\/adragos-pharma.com\/wp-content\/uploads\/2024\/05\/3Q4A8483-2048x1365.jpg 2048w\" sizes=\"(max-width: 1024px) 100vw, 1024px\" \/><\/figure>\n<\/div>\n\n\n\n<div class=\"wp-block-column is-vertically-aligned-center is-layout-flow wp-block-column-is-layout-flow\">\n<h3 class=\"wp-block-heading\"><strong>Fachwissen und Ressourcen<\/strong><\/h3>\n\n\n\n<p class=\"has-text-align-left\">Unternehmen, die \u00fcber keine eigenen Ressourcen f\u00fcr die Produktentwicklung und -herstellung verf\u00fcgen, k\u00f6nnen uns als strategischen Partner hinzuziehen. Nutzen Sie unser Fachwissen, um Ihre pharmazeutischen Produkte effizient auf den Markt zu bringen.&nbsp;&nbsp;<\/p>\n<\/div>\n<\/div><style>\n            .wp-block-columns.is-wide {\n\t\t\t\tmax-width: 1280px!important;\n\t\t\t\tmargin-left: auto!important;\n\t\t\t\tmargin-right: auto!important;\n            }\n        <\/style>\n\n\n\n<h2 class=\"wp-block-heading\">Warum sollten Sie uns w\u00e4hlen?<\/h2>\n\n\n\n<section class=\"wp-block-adragos-blocks-box max-w-screen-xl mx-auto px-8 py-8\"><div class=\"grid grid-cols-1 lg:grid-cols-2 gap-x-8 gap-y-8\"><div class=\"false relative box bg-light rounded-xl p-8\"><div class=\"flex gap-5 items-center\"><img decoding=\"async\" class=\"box-image mb-0\" src=\"https:\/\/adragos-pharma.com\/wp-content\/uploads\/2024\/05\/Certification-2.png\" alt=\"\"\/><h3 class=\"box-title\">Erhalten Sie Zugang zu hochwertigen Dossiers<\/h3><\/div><p class=\"my-6 box-subtitle\">Wir sind Experten f\u00fcr alle wichtigen Vorschriften und Richtlinien und verf\u00fcgen \u00fcber weitreichende Erfahrung. Ersparen Sie sich das l\u00e4stige Hin und Her mit den Beh\u00f6rden: Wir haben das von Ihnen ben\u00f6tigte Produktdossier bereits in unserem Portfolio.<\/p><\/div><div class=\"false relative box bg-light rounded-xl p-8\"><div class=\"flex gap-5 items-center\"><img decoding=\"async\" class=\"box-image mb-0\" src=\"https:\/\/adragos-pharma.com\/wp-content\/uploads\/2024\/05\/Team.png\" alt=\"\"\/><h3 class=\"box-title\">Profitieren Sie von einem Team von Experten<\/h3><\/div><p class=\"my-6 box-subtitle\">Wir verf\u00fcgen \u00fcber engagierte Teams, die auf Ihre individuellen Bed\u00fcrfnisse eingehen und sich darauf konzentrieren, dass Sie Ihr Produkt genau zum Zeitpunkt des Patentablaufs auf den Markt bringen. Unsere fortschrittliche Technologie und unsere kompetenten Mitarbeiter sind mehr als bereit, den steigenden Anforderungen gerecht zu werden.<\/p><\/div><div class=\"false relative box bg-light rounded-xl p-8\"><div class=\"flex gap-5 items-center\"><img decoding=\"async\" class=\"box-image mb-0\" src=\"https:\/\/adragos-pharma.com\/wp-content\/uploads\/2024\/05\/Supply-Chain.png\" alt=\"\"\/><h3 class=\"box-title\">Zuverl\u00e4ssige Lieferkette<\/h3><\/div><p class=\"my-6 box-subtitle\">Wir wissen, dass Ihre Fristen wichtig sind, und deshalb legen wir Wert auf eine p\u00fcnktliche Lieferung. Auch wenn unvorhergesehene globale Ereignisse wie Pandemien oder Energiekrisen den Zeitplan beeinflussen k\u00f6nnen, versprechen wir Ihnen Transparenz.&nbsp;&nbsp; Wir halten unsere Kunden stets auf dem Laufenden und liefern so vollst\u00e4ndig und p\u00fcnktlich wie m\u00f6glich.<\/p><\/div><div class=\"false relative box bg-light rounded-xl p-8\"><div class=\"flex gap-5 items-center\"><img decoding=\"async\" class=\"box-image mb-0\" src=\"https:\/\/adragos-pharma.com\/wp-content\/uploads\/2024\/05\/Licensing-Out-1.png\" alt=\"\"\/><h3 class=\"box-title\">Zugriff auf ein breites Produktportfolio<\/h3><\/div><p class=\"my-6 box-subtitle\">Die Partnerschaft mit einem Unternehmen, das \u00fcber ein vielf\u00e4ltiges Portfolio verf\u00fcgt, vereinfacht Ihre Abl\u00e4ufe.&nbsp; Optimieren Sie Ihre Gesch\u00e4ftsabl\u00e4ufe, indem Sie sich f\u00fcr einen einzigen Lieferanten anstelle mehrerer entscheiden. Dadurch minimieren Sie die zu erlernenden Prozesse und steigern die Effizienz.<\/p><\/div><\/div><\/section>\n\n\n\n<div style=\"height:52px\" aria-hidden=\"true\" class=\"wp-block-spacer\"><\/div>\n<\/div>\n<\/div><style>\n            .wp-block-columns.is-wide {\n\t\t\t\tmax-width: 1280px!important;\n\t\t\t\tmargin-left: auto!important;\n\t\t\t\tmargin-right: auto!important;\n            }\n        <\/style>\n\n\n\n<div class=\"wp-block-group has-primary-background-color has-background is-nowrap is-layout-flex wp-container-core-group-is-layout-ad2f72ca wp-block-group-is-layout-flex\">\n<div class=\"wp-block-columns max-w-screen-xl w-full is-wide px-0 md:px-8 is-layout-flex wp-container-core-columns-is-layout-9d6595d7 wp-block-columns-is-layout-flex\">\n<div class=\"wp-block-column is-layout-flow wp-block-column-is-layout-flow\">\n<p><\/p>\n\n\n\n<h2 class=\"wp-block-heading has-text-align-center has-white-color has-text-color has-link-color wp-elements-38be5aa7fd4f81c462eeefadb9dc40cb\"><strong><strong>Laden Sie jetzt unsere Brosch\u00fcre herunter!<\/strong><\/strong><\/h2>\n\n\n\n<p class=\"has-text-align-center has-white-color has-text-color has-link-color wp-elements-d4d559ed55a63e13cdad093b9ec39c5a\">Wir haben eine Brosch\u00fcre vorbereitet, um Ihnen unser Sortiment an Produkten vorzustellen, die f\u00fcr unsere Kunden lizenziert werden k\u00f6nnen.<\/p>\n\n\n\n<div class=\"wp-block-buttons is-content-justification-center is-layout-flex wp-container-core-buttons-is-layout-16018d1d wp-block-buttons-is-layout-flex\">\n<div class=\"wp-block-button\"><a class=\"wp-block-button__link has-black-background-color has-background has-text-align-center wp-element-button\" href=\"https:\/\/share-eu1.hsforms.com\/1bnx6GupaT0qleE0YQ4g_-Qfxkpu?utm_campaign=Out-licensing%20Portfolio&amp;utm_source=website_outlicensing&amp;utm_medium=portfolio\" target=\"_blank\" rel=\"noopener\"><strong>Jetzt herunterladen<\/strong><\/a><\/div>\n<\/div>\n\n\n\n<p><\/p>\n<\/div>\n<\/div><style>\n            .wp-block-columns.is-wide {\n\t\t\t\tmax-width: 1280px!important;\n\t\t\t\tmargin-left: auto!important;\n\t\t\t\tmargin-right: auto!important;\n            }\n        <\/style>\n<\/div>\n\n\n\n<div style=\"height:54px\" aria-hidden=\"true\" class=\"wp-block-spacer\"><\/div>\n\n\n<p>No posts found.<\/p>\n\n\n\n<section class=\"wp-block-adragos-blocks-footer-cta max-w-screen-lg bg-light mx-8 md:mx-auto px-8 py-12 text-center mt-3 mb-12 md:mb-16 rounded-xl md:mb-24 mx-auto\"><h2 class=\"\">Nimmt Kontakt zu uns auf!<\/h2><p class=\"subtitle font-light m-auto max-w-screen-sm py-6\">F\u00fcr weitere Informationen zu unserem Unternehmen und unseren Dienstleistungen wende Sie sich direkt an unser Team.<\/p><div class=\"flex flex-col md:flex-row justify-center gap-4\"><a href=\"https:\/\/adragos-pharma.com\/de\/kontakt\/\" class=\"cta-link inline-block adragos-button text-white has-primary-background-color text-center\">Senden Sie eine Nachricht<\/a><a href=\"https:\/\/meetings-eu1.hubspot.com\/lydia-marinou?ref=out-licensing-de-button\" class=\"cta-link2 inline-block adragos-button text-white has-secondary-background-color text-center\" target=\"_blank\" rel=\"noopener\">Vereinbaren Sie einen Termin<\/a><\/div><\/section>\n","protected":false},"excerpt":{"rendered":"<p>Entdecken Sie unser Portfolio an Auslizenzierungsentwicklungen&nbsp; Im Rahmen unserer Dienstleistungen bieten wir eine breite Palette innovativer Arzneimittelentwicklungen an, die f\u00fcr unsere Kunden weltweit auslizenziert werden k\u00f6nnen.&nbsp; Vollst\u00e4ndig integriertes Netzwerk&nbsp; Unser integriertes Netzwerk gew\u00e4hrleistet reibungslose Abl\u00e4ufe und nahtlose Kommunikation w\u00e4hrend des [&hellip;]<\/p>\n","protected":false},"author":8,"featured_media":0,"parent":6622,"menu_order":0,"comment_status":"closed","ping_status":"closed","template":"","meta":{"content-type":"","inline_featured_image":false,"footnotes":""},"class_list":["post-7329","page","type-page","status-publish","hentry"],"_links":{"self":[{"href":"https:\/\/adragos-pharma.com\/de\/wp-json\/wp\/v2\/pages\/7329","targetHints":{"allow":["GET"]}}],"collection":[{"href":"https:\/\/adragos-pharma.com\/de\/wp-json\/wp\/v2\/pages"}],"about":[{"href":"https:\/\/adragos-pharma.com\/de\/wp-json\/wp\/v2\/types\/page"}],"author":[{"embeddable":true,"href":"https:\/\/adragos-pharma.com\/de\/wp-json\/wp\/v2\/users\/8"}],"replies":[{"embeddable":true,"href":"https:\/\/adragos-pharma.com\/de\/wp-json\/wp\/v2\/comments?post=7329"}],"version-history":[{"count":12,"href":"https:\/\/adragos-pharma.com\/de\/wp-json\/wp\/v2\/pages\/7329\/revisions"}],"predecessor-version":[{"id":21061,"href":"https:\/\/adragos-pharma.com\/de\/wp-json\/wp\/v2\/pages\/7329\/revisions\/21061"}],"up":[{"embeddable":true,"href":"https:\/\/adragos-pharma.com\/de\/wp-json\/wp\/v2\/pages\/6622"}],"wp:attachment":[{"href":"https:\/\/adragos-pharma.com\/de\/wp-json\/wp\/v2\/media?parent=7329"}],"curies":[{"name":"wp","href":"https:\/\/api.w.org\/{rel}","templated":true}]}}