{"id":7331,"date":"2024-03-11T12:18:00","date_gmt":"2024-03-11T10:18:00","guid":{"rendered":"https:\/\/adragos-pharma.com\/?page_id=7331"},"modified":"2025-10-28T12:14:45","modified_gmt":"2025-10-28T10:14:45","slug":"nicht-sterile-fluessigkeiten","status":"publish","type":"page","link":"https:\/\/adragos-pharma.com\/de\/kommerzielle-produktion\/nicht-sterile-fluessigkeiten\/","title":{"rendered":"Nicht-sterile Fl\u00fcssigkeiten\u00a0"},"content":{"rendered":"\n<section class=\"wp-block-adragos-blocks-header relative has-primary-background-color bg-pattern bg-cover max-w-full bg-bottom px-3 pt-10 pb-44 md:pt-16 md:pb-44 has-secondary-background-color has-background\"><div class=\"relative z-30 max-w-screen-xl px-6 m-auto\"><nav class=\"flex mb-4\" aria-label=\"Breadcrumb\"><ol class=\"inline-flex items-center space-x-1 md:space-x-2 rtl:space-x-reverse\"><li class=\"inline-flex items-center\"><a href=\"https:\/\/adragos-pharma.com\/de\/\" class=\"inline-flex items-center text-sm font-medium text-white hover:text-primary\"><svg class=\"w-3 h-3 me-2.5\" aria-hidden=\"true\" xmlns=\"http:\/\/www.w3.org\/2000\/svg\" fill=\"currentColor\" viewBox=\"0 0 20 20\"><path d=\"m19.707 9.293-2-2-7-7a1 1 0 0 0-1.414 0l-7 7-2 2a1 1 0 0 0 1.414 1.414L2 10.414V18a2 2 0 0 0 2 2h3a1 1 0 0 0 1-1v-4a1 1 0 0 1 1-1h2a1 1 0 0 1 1 1v4a1 1 0 0 0 1 1h3a2 2 0 0 0 2-2v-7.586l.293.293a1 1 0 0 0 1.414-1.414Z\"><\/path><\/svg>Home<\/a><\/li><li><div class=\"flex items-center\"><svg class=\"rtl:rotate-180 w-3 h-3 text-white mx-1\" aria-hidden=\"true\" xmlns=\"http:\/\/www.w3.org\/2000\/svg\" fill=\"none\" viewBox=\"0 0 6 10\"><path stroke=\"currentColor\" stroke-linecap=\"round\" stroke-linejoin=\"round\" stroke-width=\"2\" d=\"m1 9 4-4-4-4\"><\/path><\/svg><a href=\"https:\/\/adragos-pharma.com\/de\/kommerzielle-produktion\/\" class=\"ms-1 text-sm font-medium text-white hover:text-primary md:ms-2\">Kommerzielle Produktion<\/a><\/div><\/li><li class=\"hidden md:inline-block\" aria-current=\"page\"><div class=\"flex items-center\"><svg class=\"rtl:rotate-180 w-3 h-3 text-white mx-1\" aria-hidden=\"true\" xmlns=\"http:\/\/www.w3.org\/2000\/svg\" fill=\"none\" viewBox=\"0 0 6 10\"><path stroke=\"currentColor\" stroke-linecap=\"round\" stroke-linejoin=\"round\" stroke-width=\"2\" d=\"m1 9 4-4-4-4\"><\/path><\/svg><span class=\"ms-1 text-sm font-medium text-white md:ms-2\">Nicht-sterile Fl\u00fcssigkeiten\u00a0<\/span><\/div><\/li><\/ol><\/nav><h1 class=\"text-3xl md:text-4xl text-white\">Nicht-sterile Fl\u00fcssigkeiten\u00a0<\/h1><\/div><div class=\"bg-wave absolute left-0 bottom-0 h-52 bg-repeat-x bg-[center_bottom] w-full\"><\/div><\/section>\n\n\n\n<div class=\"wp-block-columns max-w-screen-xl w-full is-wide px-0 md:px-8 is-layout-flex wp-container-core-columns-is-layout-9d6595d7 wp-block-columns-is-layout-flex\">\n<div class=\"wp-block-column is-layout-flow wp-block-column-is-layout-flow\">\n<p>Wir sind spezialisiert auf die Herstellung einer breiten Palette an nicht-sterilen Fl\u00fcssigkeiten, die auf Ihre therapeutischen, regulatorischen und kommerziellen Bed\u00fcrfnisse (Anforderungen) zugeschnitten sind. Jede Kategorie hat einzigartige Anforderungen \u2013 unsere F\u00e4higkeiten gew\u00e4hrleisten Qualit\u00e4t, Sicherheit und Effizienz.<\/p>\n<\/div>\n<\/div><style>\n            .wp-block-columns.is-wide {\n\t\t\t\tmax-width: 1280px!important;\n\t\t\t\tmargin-left: auto!important;\n\t\t\t\tmargin-right: auto!important;\n            }\n        <\/style>\n\n\n\n<div class=\"wp-block-columns max-w-screen-xl w-full is-wide px-0 md:px-8 is-layout-flex wp-container-core-columns-is-layout-9d6595d7 wp-block-columns-is-layout-flex\" id=\"de-orale-l\">\n<div class=\"wp-block-column is-layout-flow wp-block-column-is-layout-flow\" style=\"flex-basis:33.33%\"><div class=\"wp-block-image\">\n<figure class=\"aligncenter size-full\"><img decoding=\"async\" width=\"97\" height=\"97\" src=\"https:\/\/adragos-pharma.com\/wp-content\/uploads\/2024\/03\/Oral-Solutions.png\" alt=\"Non-sterile liquids: Oral solutions\" class=\"wp-image-3014\"\/><\/figure>\n<\/div>\n\n\n<h2 class=\"wp-block-heading has-text-align-center\"><strong>Orale L\u00f6sungen<\/strong><\/h2>\n<\/div>\n\n\n\n<div class=\"wp-block-column is-layout-flow wp-block-column-is-layout-flow\" style=\"flex-basis:66.66%\">\n<p>Orale L\u00f6sungen sind klare, homogene fl\u00fcssige Formulierungen, die f\u00fcr die direkte orale Verabreichung bestimmt sind. Ob f\u00fcr Kinder, \u00e4ltere Menschen oder die allgemeine Bev\u00f6lkerung, wir stellen orale L\u00f6sungen mit pr\u00e4ziser Dosierung und ausgezeichneter Geschmacksmaskierung her. Wir verarbeiten verschiedene Viskosit\u00e4ten und Wirkstoffprofile, wobei sowohl Glas- als auch Plastikflaschen erh\u00e4ltlich (Kunststoffflaschenoptionen verf\u00fcgbar) sind. Wir bieten:<\/p>\n\n\n\n<ul class=\"wp-block-list\">\n<li>Hochklare Filtrationsprozesse (Hochreine Filtrationsverfahren)<\/li>\n\n\n\n<li>S\u00fc\u00dfstoff- und Geschmacksstoffintegration<\/li>\n\n\n\n<li>Konstante Homogenit\u00e4t und Stabilit\u00e4t<\/li>\n\n\n\n<li>Geeignet f\u00fcr (sowohl verschreibungspflichtige (Rx) als auch rezeptfreie (OTC) Produkte)<\/li>\n<\/ul>\n<\/div>\n<\/div><style>\n            .wp-block-columns.is-wide {\n\t\t\t\tmax-width: 1280px!important;\n\t\t\t\tmargin-left: auto!important;\n\t\t\t\tmargin-right: auto!important;\n            }\n        <\/style>\n\n\n\n<hr class=\"wp-block-separator has-text-color has-primary-color has-alpha-channel-opacity has-primary-background-color has-background\"\/>\n\n\n\n<div class=\"wp-block-columns max-w-screen-xl w-full is-wide px-0 md:px-8 is-layout-flex wp-container-core-columns-is-layout-9d6595d7 wp-block-columns-is-layout-flex\" id=\"de-orale-tr\">\n<div class=\"wp-block-column is-layout-flow wp-block-column-is-layout-flow\" style=\"flex-basis:33.33%\"><div class=\"wp-block-image\">\n<figure class=\"aligncenter size-full\"><img decoding=\"async\" width=\"97\" height=\"97\" src=\"https:\/\/adragos-pharma.com\/wp-content\/uploads\/2024\/03\/Drops.png\" alt=\"Non-sterile liquids: Drops\" class=\"wp-image-3016\"\/><\/figure>\n<\/div>\n\n\n<h2 class=\"wp-block-heading has-text-align-center\"><strong>Orale Tropfen<\/strong><\/h2>\n<\/div>\n\n\n\n<div class=\"wp-block-column is-layout-flow wp-block-column-is-layout-flow\" style=\"flex-basis:66.66%\">\n<p>Orale Tropfen sind hochpr\u00e4zise fl\u00fcssige Formulierungen mit geringem Volumen f\u00fcr die (zur) tropfenweisen Dosierung. Orale Tropfen erfordern eine sorgf\u00e4ltige Formulierung und Verpackung, um die Genauigkeit der Dosierung und die mikrobielle Kontrolle zu gew\u00e4hrleisten. Wir unterst\u00fctzen kinderfreundliche Formulierungen und empfindliche Wirkstoffe (APIs) mit F\u00e4higkeiten f\u00fcr (und verf\u00fcgen \u00fcber Kompetenzen f\u00fcr) sowohl verschreibungspflichtige als auch frei verk\u00e4ufliche Gesundheitsprodukte.<\/p>\n\n\n\n<ul class=\"wp-block-list\">\n<li>Tropfflaschen mit kalibrierten Verschl\u00fcssen<\/li>\n\n\n\n<li>Geeignet f\u00fcr S\u00e4uglinge\/\u00e4ltere Menschen<\/li>\n\n\n\n<li>Handhabung von Fl\u00fcssigkeiten mit niedriger Viskosit\u00e4t (Verarbeitung niedrigviskoser Fl\u00fcssigkeiten)<\/li>\n\n\n\n<li>Genaue (Pr\u00e4zise) Abf\u00fcllung und auslaufsichere Versiegelung<\/li>\n\n\n\n<li>Serialisierung und Endverpackung in Faltschachteln<\/li>\n<\/ul>\n<\/div>\n<\/div><style>\n            .wp-block-columns.is-wide {\n\t\t\t\tmax-width: 1280px!important;\n\t\t\t\tmargin-left: auto!important;\n\t\t\t\tmargin-right: auto!important;\n            }\n        <\/style>\n\n\n\n<hr class=\"wp-block-separator has-text-color has-primary-color has-alpha-channel-opacity has-primary-background-color has-background\"\/>\n\n\n\n<div class=\"wp-block-columns max-w-screen-xl w-full is-wide px-0 md:px-8 is-layout-flex wp-container-core-columns-is-layout-9d6595d7 wp-block-columns-is-layout-flex\" id=\"de-suspensionen\">\n<div class=\"wp-block-column is-layout-flow wp-block-column-is-layout-flow\" style=\"flex-basis:33.33%\"><div class=\"wp-block-image\">\n<figure class=\"aligncenter size-full\"><img decoding=\"async\" width=\"97\" height=\"97\" src=\"https:\/\/adragos-pharma.com\/wp-content\/uploads\/2024\/03\/Suspensions.png\" alt=\"\" class=\"wp-image-3011\"\/><\/figure>\n<\/div>\n\n\n<h2 class=\"wp-block-heading has-text-align-center\"><strong>Suspensionen<\/strong><\/h2>\n<\/div>\n\n\n\n<div class=\"wp-block-column is-layout-flow wp-block-column-is-layout-flow\" style=\"flex-basis:66.66%\">\n<p>Suspensionen sind heterogene Systeme, bei denen Wirkstoffe in einem fl\u00fcssigen Tr\u00e4ger suspendiert sind. Suspensionen werden oft f\u00fcr schwer l\u00f6sliche Medikamente oder f\u00fcr geschmacksmaskierte Anwendungen bei Kindern gew\u00e4hlt. Unsere Fertigungsexpertise gew\u00e4hrleistet die korrekte Partikelgr\u00f6\u00dfenverteilung, physikalische Stabilit\u00e4t und einfache Redispergierbarkeit \u00fcber die gesamte Haltbarkeitsdauer.<\/p>\n\n\n\n<ul class=\"wp-block-list\">\n<li>Homogenisierungs- und kontrollierte Mischsysteme<\/li>\n\n\n\n<li>Robuste Technologien zur Partikelsuspension<\/li>\n\n\n\n<li>Anpassung von Geschmack und Rheologie<\/li>\n\n\n\n<li>Verpackt in Glas- oder Plastikflaschen mit Hinweisen zum Sch\u00fctteln vor Gebrauch (dem Hinweis \u201eVor Gebrauch sch\u00fctteln\u201c)<\/li>\n<\/ul>\n<\/div>\n<\/div><style>\n            .wp-block-columns.is-wide {\n\t\t\t\tmax-width: 1280px!important;\n\t\t\t\tmargin-left: auto!important;\n\t\t\t\tmargin-right: auto!important;\n            }\n        <\/style>\n\n\n\n<hr class=\"wp-block-separator has-text-color has-primary-color has-alpha-channel-opacity has-primary-background-color has-background\"\/>\n\n\n\n<div class=\"wp-block-columns max-w-screen-xl w-full is-wide px-0 md:px-8 is-layout-flex wp-container-core-columns-is-layout-9d6595d7 wp-block-columns-is-layout-flex\" id=\"de-emulsionen\">\n<div class=\"wp-block-column is-layout-flow wp-block-column-is-layout-flow\" style=\"flex-basis:33.33%\"><div class=\"wp-block-image\">\n<figure class=\"aligncenter size-full is-resized\"><img decoding=\"async\" width=\"385\" height=\"385\" src=\"https:\/\/adragos-pharma.com\/wp-content\/uploads\/2025\/04\/Emulsions@4x.png\" alt=\"\" class=\"wp-image-16873\" style=\"object-fit:cover;width:94px;height:auto\" srcset=\"https:\/\/adragos-pharma.com\/wp-content\/uploads\/2025\/04\/Emulsions@4x.png 385w, https:\/\/adragos-pharma.com\/wp-content\/uploads\/2025\/04\/Emulsions@4x-300x300.png 300w, https:\/\/adragos-pharma.com\/wp-content\/uploads\/2025\/04\/Emulsions@4x-150x150.png 150w\" sizes=\"(max-width: 385px) 100vw, 385px\" \/><\/figure>\n<\/div>\n\n\n<h2 class=\"wp-block-heading has-text-align-center\"><strong>Emulsionen<\/strong><\/h2>\n<\/div>\n\n\n\n<div class=\"wp-block-column is-layout-flow wp-block-column-is-layout-flow\" style=\"flex-basis:66.66%\">\n<p>Emulsionen sind zweiphasige (biphasische) Fl\u00fcssigkeitssysteme, bei (in) denen \u00d6l- und Wasserphasen mit geeigneten Emulgatoren stabilisiert werden. Emulsionen sind ideal f\u00fcr die Verabreichung von lipophilen oder hydrophilen Wirkstoffen in einem patientenfreundlichen Format. Wir stellen sowohl \u00d6l-in-Wasser- (O\/W) als auch Wasser-in-\u00d6l- (W\/O) Emulsionen her, wobei der Schwerpunkt (Fokus) auf physikalischer Stabilit\u00e4t, gleichm\u00e4\u00dfiger Tr\u00f6pfchengr\u00f6\u00dfe und langer Haltbarkeit liegt. Unsere Prozessf\u00e4higkeiten (prozesstechnischen Kompetenzen) gew\u00e4hrleisten optimale Emulgierung, mikrobielle Kontrolle und elegante sensorische Profile.<\/p>\n\n\n\n<ul class=\"wp-block-list\">\n<li>Hochscherige Misch- und Homogenisierungssysteme<\/li>\n\n\n\n<li>Unterst\u00fctzung f\u00fcr O\/W- und W\/O-Emulsionstypen<\/li>\n\n\n\n<li>Optimierung des Emulgator- und Konservierungssystems (Optimierung von Emulgator- und Konservierungsmittelsystemen)<\/li>\n<\/ul>\n\n\n\n<ul class=\"wp-block-list\">\n<li>Geeignet f\u00fcr die orale und topische Anwendung<\/li>\n\n\n\n<li>Verpackt in verschiedenen Flaschenformaten (Kunststoff\/Glas) mit optionalen Dosierhilfen<\/li>\n<\/ul>\n<\/div>\n<\/div><style>\n            .wp-block-columns.is-wide {\n\t\t\t\tmax-width: 1280px!important;\n\t\t\t\tmargin-left: auto!important;\n\t\t\t\tmargin-right: auto!important;\n            }\n        <\/style>\n\n\n\n<hr class=\"wp-block-separator has-text-color has-primary-color has-alpha-channel-opacity has-primary-background-color has-background\"\/>\n\n\n\n<div class=\"wp-block-columns max-w-screen-xl w-full is-wide px-0 md:px-8 is-layout-flex wp-container-core-columns-is-layout-9d6595d7 wp-block-columns-is-layout-flex\" id=\"de-desinfektion\">\n<div class=\"wp-block-column is-layout-flow wp-block-column-is-layout-flow\" style=\"flex-basis:33.33%\"><div class=\"wp-block-image\">\n<figure class=\"aligncenter size-full is-resized\"><img decoding=\"async\" width=\"97\" height=\"97\" src=\"https:\/\/adragos-pharma.com\/wp-content\/uploads\/2024\/03\/Disinfection.png\" alt=\"\" class=\"wp-image-3018\" style=\"object-fit:cover;width:94px;height:auto\"\/><\/figure>\n<\/div>\n\n\n<h2 class=\"wp-block-heading has-text-align-center\"><strong>Desinfektion<\/strong><\/h2>\n<\/div>\n\n\n\n<div class=\"wp-block-column is-layout-flow wp-block-column-is-layout-flow\" style=\"flex-basis:66.66%\">\n<p>Desinfektionsmittel sind nicht-sterile antiseptische und antimikrobielle Produkte zur topischen (Anwendung oder Oberfl\u00e4chenbehandlung) oder Umgebungsanwendung. Wir produzieren hochwertige Desinfektionsmittel, einschlie\u00dflich solcher mit brennbaren oder alkoholbasierten Formulierungen. Unter ATEX-zertifizierten Bedingungen gew\u00e4hrleisten wir die sichere Handhabung, konsistente Produktion und Einhaltung der Vorschriften f\u00fcr als Arzneimittel und Biozid klassifizierte Produkte. (Wir arbeiten unter ATEX-zertifizierten Bedingungen und gew\u00e4hrleisten so die sichere Handhabung, gleichbleibende Produktqualit\u00e4t und die Einhaltung regulatorischer Vorschriften f\u00fcr als Arzneimittel und Biozide eingestufte Produkte.)<\/p>\n\n\n\n<ul class=\"wp-block-list\">\n<li>Flaschenextrusion (PE) im eigenen Haus (Eigene Flaschenextrusion (PE))<\/li>\n\n\n\n<li>Flaschengr\u00f6\u00dfen von 25 ml bis 1.000 ml<\/li>\n\n\n\n<li>ATEX-konforme Ger\u00e4te (Anlagen) f\u00fcr brennbare Inhalte<\/li>\n\n\n\n<li>GMP-konform f\u00fcr den menschlichen und den Gesundheitsbereich (GMP-konform f\u00fcr die Humananwendung und den Einsatz im Gesundheitswesen)<\/li>\n\n\n\n<li>Endmontage, Etikettierung und Faltschachtelverpackung (Verpackung in Faltschachteln)<\/li>\n<\/ul>\n<\/div>\n<\/div><style>\n            .wp-block-columns.is-wide {\n\t\t\t\tmax-width: 1280px!important;\n\t\t\t\tmargin-left: auto!important;\n\t\t\t\tmargin-right: auto!important;\n            }\n        <\/style>\n\n\n\n<div class=\"wp-block-columns max-w-screen-xl w-full is-wide px-0 md:px-8 is-layout-flex wp-container-core-columns-is-layout-9d6595d7 wp-block-columns-is-layout-flex\">\n<div class=\"wp-block-column is-layout-flow wp-block-column-is-layout-flow\">\n<h2 class=\"wp-block-heading has-text-align-center has-secondary-color has-text-color has-link-color wp-elements-e0486746b202d99329c56d6208b137d4\"><strong>Unser Netzwerk f\u00fcr nicht-sterile Fl\u00fcssigkeiten<\/strong><\/h2>\n\n\n\n<p class=\"has-text-align-center\">Unsere Standorte in Leipzig und Halden sind auf die Herstellung von nicht-sterilen Fl\u00fcssigkeiten spezialisiert. Im Folgenden finden Sie alle Details.<\/p>\n<\/div>\n<\/div><style>\n            .wp-block-columns.is-wide {\n\t\t\t\tmax-width: 1280px!important;\n\t\t\t\tmargin-left: auto!important;\n\t\t\t\tmargin-right: auto!important;\n            }\n        <\/style>\n\n\n\n<div class=\"wp-block-columns max-w-screen-xl w-full is-wide px-0 md:px-8 is-layout-flex wp-container-core-columns-is-layout-9d6595d7 wp-block-columns-is-layout-flex\">\n<div class=\"wp-block-column is-layout-flow wp-block-column-is-layout-flow\">\n<div class=\"wp-block-group box-with-border purple\"><div class=\"wp-block-group__inner-container is-layout-constrained wp-block-group-is-layout-constrained\">\n<div class=\"wp-block-media-text is-stacked-on-mobile\"><figure class=\"wp-block-media-text__media\"><a class=\"https:\/\/adragos-pharma.com\/leipzig-germany\/\" href=\"https:\/\/adragos-pharma.com\/de\/leipzig-deutschland\/\" target=\"_blank\" rel=\"https:\/\/adragos-pharma.com\/leipzig-germany\/\"><img decoding=\"async\" width=\"43\" height=\"32\" src=\"https:\/\/adragos-pharma.com\/wp-content\/uploads\/2024\/03\/Germany.svg\" alt=\"\" class=\"wp-image-270 size-full\"\/><\/a><\/figure><div class=\"wp-block-media-text__content\">\n<h3 class=\"wp-block-heading\"><strong>Leipzig, Deutschland<\/strong><\/h3>\n\n\n\n<p>Unser Standort ist Ihr Partner der Wahl f\u00fcr orale L\u00f6sungen, Tropfen, Suspensionen und Emulsionen \u2013 vom Pilotma\u00dfstab bis zum kommerziellen Volumen.<\/p>\n\n\n\n<p>EU-GMP<\/p>\n\n\n\n<p>Chargengr\u00f6\u00dfen bis zu 4.000 l<\/p>\n\n\n\n<p>Kunststoff- und Glasflaschen von 20 ml bis 700 ml<\/p>\n\n\n\n<p>Komplette Endmontage, Etikettierung und Faltschachtelverpackung (Verpackung in Faltschachteln)<\/p>\n\n\n\n<span class=\"text-primary font-bold text-4xl\">\u27f6<\/span>\n<\/div><\/div>\n<\/div><\/div>\n<\/div>\n\n\n\n<div class=\"wp-block-column is-layout-flow wp-block-column-is-layout-flow\">\n<div class=\"wp-block-group box-with-border\"><div class=\"wp-block-group__inner-container is-layout-constrained wp-block-group-is-layout-constrained\">\n<div class=\"wp-block-media-text is-stacked-on-mobile\"><figure class=\"wp-block-media-text__media\"><a class=\"https:\/\/adragos-pharma.com\/halden-norway\/\" href=\"https:\/\/adragos-pharma.com\/de\/halden-norwegen\/\" target=\"_blank\" rel=\" noreferrer noopener\"><img decoding=\"async\" width=\"43\" height=\"32\" src=\"https:\/\/adragos-pharma.com\/wp-content\/uploads\/2024\/03\/Norway.svg\" alt=\"\" class=\"wp-image-272 size-full\"\/><\/a><\/figure><div class=\"wp-block-media-text__content\">\n<h3 class=\"wp-block-heading\"><strong>Halden, Norwegen<\/strong><\/h3>\n\n\n\n<p>Die Anlage ist auf nicht-sterile Desinfektionsprodukte spezialisiert und f\u00fcr die sichere, vorschriftsm\u00e4\u00dfige Herstellung von stark nachgefragten Formulierungen ausgelegt.<\/p>\n\n\n\n<p>EU-GMP-konform f\u00fcr Arzneimittel und Biozide.<\/p>\n\n\n\n<p>Chargengr\u00f6\u00dfen bis zu 5.300 l<\/p>\n\n\n\n<p>Flaschengr\u00f6\u00dfen von 25 ml bis 1.000 ml<\/p>\n\n\n\n<p>Endmontage &amp; Verpackung in Faltschachteln<\/p>\n\n\n\n<span class=\"text-primary font-bold text-4xl\">\u27f6<\/span>\n<\/div><\/div>\n<\/div><\/div>\n<\/div>\n<\/div><style>\n            .wp-block-columns.is-wide {\n\t\t\t\tmax-width: 1280px!important;\n\t\t\t\tmargin-left: auto!important;\n\t\t\t\tmargin-right: auto!important;\n            }\n        <\/style>\n\n\n        <section class=\"tw-mx-auto tw-max-w-screen-xl tw-px-8 tw-py-20\">\n            <header class=\"tw-flex tw-flex-col md:tw-flex-row lg:tw-items-center tw-justify-between tw-pb-20\">\n                <h2 class=\"tw-flex tw-gap-3 text-secondary tw-items-center lg:tw-w-1\/3 lg:tw-pr-12 tw-mb-6\">\n                    <svg width=\"27\" height=\"3\" viewBox=\"0 0 27 3\" fill=\"none\" xmlns=\"http:\/\/www.w3.org\/2000\/svg\">\n                        <rect width=\"27\" height=\"3\" fill=\"#8696FE\" \/>\n                    <\/svg>\n                    <a href=\"\">Adragos Hub<\/a>\n                <\/h2>\n                <p class=\"font-RobotoSlab tw-text-lg xl:tw-text-xl tw-font-light lg:tw-w-2\/3 lg:tw-pl-32\">\n                    Find out more about non-sterile liquids.                <\/p>\n            <\/header>\n\t\t\t<div class=\"tw-grid tw-grid-cols-1 lg:tw-grid-cols-2 tw-gap-6\">\n\t\t\t\t\t\t\t\t\t<div class=\"tw-relative tw-rounded-xl tw-overflow-hidden tw-min-h-60 tw-mb-6\">\n\t\t\t\t\t\t<img decoding=\"async\" src=\"https:\/\/adragos-pharma.com\/wp-content\/uploads\/2024\/08\/Untitled-design-1-1024x480.jpg\" alt=\"Adragos Pharma auf der Achema 2024: Innovative L\u00f6sungen\" class=\"tw-object-cover tw-absolute\" \/>\n\t\t\t\t\t\t<div class=\"tw-absolute tw-bottom-0 tw-max-w-96 tw-bg-lightslate tw-backdrop-blur-[12px] tw-p-6 tw-rounded-tr-xl tw-w-full\">\n\t\t\t\t\t\t\t<p class=\"text-primary tw-text-xs tw-font-medium tw-tracking-widest tw-uppercase tw-pb-1\">Veranstaltungen<\/p>\n\t\t\t\t\t\t\t<h3 class=\"tw-text-white tw-text-lg hover:tw-underline\">\n\t\t\t\t\t\t\t\t<a href=\"https:\/\/adragos-pharma.com\/de\/adragos-pharma-auf-der-achema-2024-prasentation-innovativer-pharmazeutischer-losungen\/\">Adragos Pharma auf der Achema 2024: Innovative L\u00f6sungen<\/a>\n\t\t\t\t\t\t\t<\/h3>\n\t\t\t\t\t\t<\/div>\n\t\t\t\t\t<\/div>\n\t\t\t\t\t\t\t\t\t<div class=\"tw-relative tw-rounded-xl tw-overflow-hidden tw-min-h-60 tw-mb-6\">\n\t\t\t\t\t\t<img decoding=\"async\" src=\"https:\/\/adragos-pharma.com\/wp-content\/uploads\/2024\/05\/Adragos-Pharma-Leipzig-2024-07-1-1024x480.jpg\" alt=\"CDMO Pharma: Was ist das und wie profitiert Ihr Unternehmen davon?\" class=\"tw-object-cover tw-absolute\" \/>\n\t\t\t\t\t\t<div class=\"tw-absolute tw-bottom-0 tw-max-w-96 tw-bg-lightslate tw-backdrop-blur-[12px] tw-p-6 tw-rounded-tr-xl tw-w-full\">\n\t\t\t\t\t\t\t<p class=\"text-primary tw-text-xs tw-font-medium tw-tracking-widest tw-uppercase tw-pb-1\">Blog<\/p>\n\t\t\t\t\t\t\t<h3 class=\"tw-text-white tw-text-lg hover:tw-underline\">\n\t\t\t\t\t\t\t\t<a href=\"https:\/\/adragos-pharma.com\/de\/cdmo-pharma\/\">CDMO Pharma: Was ist das und wie profitiert Ihr Unternehmen davon?<\/a>\n\t\t\t\t\t\t\t<\/h3>\n\t\t\t\t\t\t<\/div>\n\t\t\t\t\t<\/div>\n\t\t\t\t\t\t\t\t\t<div class=\"tw-relative tw-rounded-xl tw-overflow-hidden tw-min-h-60 tw-mb-6\">\n\t\t\t\t\t\t<img decoding=\"async\" src=\"https:\/\/adragos-pharma.com\/wp-content\/uploads\/2024\/04\/Screenshot-2024-04-29-180252-1024x480.png\" alt=\"Erfahren Sie mehr \u00fcber die Adragos-Anlage in Leipzig.\" class=\"tw-object-cover tw-absolute\" \/>\n\t\t\t\t\t\t<div class=\"tw-absolute tw-bottom-0 tw-max-w-96 tw-bg-lightslate tw-backdrop-blur-[12px] tw-p-6 tw-rounded-tr-xl tw-w-full\">\n\t\t\t\t\t\t\t<p class=\"text-primary tw-text-xs tw-font-medium tw-tracking-widest tw-uppercase tw-pb-1\">Videos<\/p>\n\t\t\t\t\t\t\t<h3 class=\"tw-text-white tw-text-lg hover:tw-underline\">\n\t\t\t\t\t\t\t\t<a href=\"https:\/\/adragos-pharma.com\/de\/erfahren-sie-mehr-ueber-die-adragos-anlage-in-leipzig\/\">Erfahren Sie mehr \u00fcber die Adragos-Anlage in Leipzig.<\/a>\n\t\t\t\t\t\t\t<\/h3>\n\t\t\t\t\t\t<\/div>\n\t\t\t\t\t<\/div>\n\t\t\t\t\t\t\t<\/div>\n\n        <\/section>\n        \n\n\n\n<div class=\"wp-block-columns is-layout-flex wp-container-core-columns-is-layout-9d6595d7 wp-block-columns-is-layout-flex\">\n<div class=\"wp-block-column is-layout-flow wp-block-column-is-layout-flow\">\n<section class=\"wp-block-adragos-blocks-footer-cta max-w-screen-lg bg-light mx-8 md:mx-auto px-8 py-12 text-center mt-3 mb-12 md:mb-16 rounded-xl md:mb-24 mx-auto\"><h2 class=\"\">Nimmt Kontakt zu uns auf!<\/h2><p class=\"subtitle font-light m-auto max-w-screen-sm py-6\">F\u00fcr weitere Informationen zu unserem Unternehmen und unseren Dienstleistungen wende Sie sich direkt an unser Team.<\/p><div class=\"flex flex-col md:flex-row justify-center gap-4\"><a href=\"https:\/\/adragos-pharma.com\/de\/kontakt\/\" class=\"cta-link inline-block adragos-button text-white has-primary-background-color text-center\">Senden Sie eine Nachricht<\/a><a href=\"https:\/\/meetings-eu1.hubspot.com\/lydia-marinou?ref=non-sterile-liquids-de-button\" class=\"cta-link2 inline-block adragos-button text-white has-secondary-background-color text-center\" target=\"_blank\" rel=\"noopener\">Vereinbaren Sie einen Termin<\/a><\/div><\/section>\n<\/div>\n<\/div>\n","protected":false},"excerpt":{"rendered":"<p>Wir sind spezialisiert auf die Herstellung einer breiten Palette an nicht-sterilen Fl\u00fcssigkeiten, die auf Ihre therapeutischen, regulatorischen und kommerziellen Bed\u00fcrfnisse (Anforderungen) zugeschnitten sind. Jede Kategorie hat einzigartige Anforderungen \u2013 unsere F\u00e4higkeiten gew\u00e4hrleisten Qualit\u00e4t, Sicherheit und Effizienz. Orale L\u00f6sungen Orale L\u00f6sungen [&hellip;]<\/p>\n","protected":false},"author":8,"featured_media":0,"parent":6582,"menu_order":0,"comment_status":"closed","ping_status":"closed","template":"","meta":{"content-type":"","inline_featured_image":false,"footnotes":""},"class_list":["post-7331","page","type-page","status-publish","hentry"],"_links":{"self":[{"href":"https:\/\/adragos-pharma.com\/de\/wp-json\/wp\/v2\/pages\/7331","targetHints":{"allow":["GET"]}}],"collection":[{"href":"https:\/\/adragos-pharma.com\/de\/wp-json\/wp\/v2\/pages"}],"about":[{"href":"https:\/\/adragos-pharma.com\/de\/wp-json\/wp\/v2\/types\/page"}],"author":[{"embeddable":true,"href":"https:\/\/adragos-pharma.com\/de\/wp-json\/wp\/v2\/users\/8"}],"replies":[{"embeddable":true,"href":"https:\/\/adragos-pharma.com\/de\/wp-json\/wp\/v2\/comments?post=7331"}],"version-history":[{"count":16,"href":"https:\/\/adragos-pharma.com\/de\/wp-json\/wp\/v2\/pages\/7331\/revisions"}],"predecessor-version":[{"id":23091,"href":"https:\/\/adragos-pharma.com\/de\/wp-json\/wp\/v2\/pages\/7331\/revisions\/23091"}],"up":[{"embeddable":true,"href":"https:\/\/adragos-pharma.com\/de\/wp-json\/wp\/v2\/pages\/6582"}],"wp:attachment":[{"href":"https:\/\/adragos-pharma.com\/de\/wp-json\/wp\/v2\/media?parent=7331"}],"curies":[{"name":"wp","href":"https:\/\/api.w.org\/{rel}","templated":true}]}}