{"id":7333,"date":"2024-03-11T12:17:17","date_gmt":"2024-03-11T10:17:17","guid":{"rendered":"https:\/\/adragos-pharma.com\/?page_id=7333"},"modified":"2026-04-01T00:08:47","modified_gmt":"2026-03-31T22:08:47","slug":"sterile-fluessigkeiten","status":"publish","type":"page","link":"https:\/\/adragos-pharma.com\/de\/kommerzielle-produktion\/sterile-fluessigkeiten\/","title":{"rendered":"Sterile Fl\u00fcssigkeiten"},"content":{"rendered":"\n<section class=\"wp-block-adragos-blocks-header relative has-primary-background-color bg-pattern bg-cover max-w-full bg-bottom px-3 pt-10 pb-44 md:pt-16 md:pb-44 has-secondary-background-color has-background\"><div class=\"relative z-30 max-w-screen-xl px-6 m-auto\"><nav class=\"flex mb-4\" aria-label=\"Breadcrumb\"><ol class=\"inline-flex items-center space-x-1 md:space-x-2 rtl:space-x-reverse\"><li class=\"inline-flex items-center\"><a href=\"https:\/\/adragos-pharma.com\/de\/\" class=\"inline-flex items-center text-sm font-medium text-white hover:text-primary\"><svg class=\"w-3 h-3 me-2.5\" aria-hidden=\"true\" xmlns=\"http:\/\/www.w3.org\/2000\/svg\" fill=\"currentColor\" viewBox=\"0 0 20 20\"><path d=\"m19.707 9.293-2-2-7-7a1 1 0 0 0-1.414 0l-7 7-2 2a1 1 0 0 0 1.414 1.414L2 10.414V18a2 2 0 0 0 2 2h3a1 1 0 0 0 1-1v-4a1 1 0 0 1 1-1h2a1 1 0 0 1 1 1v4a1 1 0 0 0 1 1h3a2 2 0 0 0 2-2v-7.586l.293.293a1 1 0 0 0 1.414-1.414Z\"><\/path><\/svg>Home<\/a><\/li><li><div class=\"flex items-center\"><svg class=\"rtl:rotate-180 w-3 h-3 text-white mx-1\" aria-hidden=\"true\" xmlns=\"http:\/\/www.w3.org\/2000\/svg\" fill=\"none\" viewBox=\"0 0 6 10\"><path stroke=\"currentColor\" stroke-linecap=\"round\" stroke-linejoin=\"round\" stroke-width=\"2\" d=\"m1 9 4-4-4-4\"><\/path><\/svg><a href=\"https:\/\/adragos-pharma.com\/de\/kommerzielle-produktion\/\" class=\"ms-1 text-sm font-medium text-white hover:text-primary md:ms-2\">Commercial Manufacturing<\/a><\/div><\/li><li class=\"hidden md:inline-block\" aria-current=\"page\"><div class=\"flex items-center\"><svg class=\"rtl:rotate-180 w-3 h-3 text-white mx-1\" aria-hidden=\"true\" xmlns=\"http:\/\/www.w3.org\/2000\/svg\" fill=\"none\" viewBox=\"0 0 6 10\"><path stroke=\"currentColor\" stroke-linecap=\"round\" stroke-linejoin=\"round\" stroke-width=\"2\" d=\"m1 9 4-4-4-4\"><\/path><\/svg><span class=\"ms-1 text-sm font-medium text-white md:ms-2\">Sterile Liquids<\/span><\/div><\/li><\/ol><\/nav><h1 class=\"text-3xl md:text-4xl text-white\">Sterile Liquids<\/h1><\/div><div class=\"bg-wave absolute left-0 bottom-0 h-52 bg-repeat-x bg-[center_bottom] w-full\"><\/div><\/section>\n\n\n\n<div class=\"wp-block-columns max-w-screen-xl w-full is-wide px-0 md:px-8 is-layout-flex wp-container-core-columns-is-layout-9d6595d7 wp-block-columns-is-layout-flex\">\n<div class=\"wp-block-column is-layout-flow wp-block-column-is-layout-flow\">\n<p>Wir sind auf die Produktion von <strong>hochwertigen sterilen Fl\u00fcssigkeiten und aseptischen Produkten<\/strong> spezialisiert, insbesondere auf <strong>vorgef\u00fcllte Spritzen (PFS)<\/strong>, <strong>Ampullen<\/strong>, <strong>Fl\u00e4schchen<\/strong> und <strong>Infusionsbeutel<\/strong>. Unsere Expertise gew\u00e4hrleistet die Einhaltung hoher Industriestandards und liefert zuverl\u00e4ssige sowie sichere sterile L\u00f6sungen. <\/p>\n\n\n\n<p>Der Herstellungsprozess ist sorgf\u00e4ltig darauf ausgelegt, die Sterilit\u00e4t aufrechtzuerhalten, wobei die Methoden auf die Produktanforderungen zugeschnitten sind, einschlie\u00dflich K\u00fchlkettenlagerung und hochviskoser steriler Formulierungen. <\/p>\n\n\n\n<p>Mit f\u00fcnf spezialisierten Standorten f\u00fcr sterile Fl\u00fcssigkeiten in Europa und Asien bietet Adragos Pharma <strong>globale Reichweite, fortschrittliche Technologie und GMP-konforme Qualit\u00e4t<\/strong>, um sowohl klinische als auch kommerzielle Programme f\u00fcr unsere Pharma- und Biotech-Partner zu unterst\u00fctzen. <\/p>\n<\/div>\n<\/div><style>\n            .wp-block-columns.is-wide {\n\t\t\t\tmax-width: 1280px!important;\n\t\t\t\tmargin-left: auto!important;\n\t\t\t\tmargin-right: auto!important;\n            }\n        <\/style>\n\n\n\n<div class=\"wp-block-columns max-w-screen-xl w-full is-wide px-0 md:px-8 is-layout-flex wp-container-core-columns-is-layout-9d6595d7 wp-block-columns-is-layout-flex\" id=\"pfss\">\n<div class=\"wp-block-column is-layout-flow wp-block-column-is-layout-flow\" style=\"flex-basis:33.33%\"><div class=\"wp-block-image\">\n<figure class=\"aligncenter size-full is-resized\"><img decoding=\"async\" width=\"289\" height=\"289\" src=\"https:\/\/adragos-pharma.com\/wp-content\/uploads\/2026\/03\/Syringe.png\" alt=\"\" class=\"wp-image-24526\" style=\"width:105px\" srcset=\"https:\/\/adragos-pharma.com\/wp-content\/uploads\/2026\/03\/Syringe.png 289w, https:\/\/adragos-pharma.com\/wp-content\/uploads\/2026\/03\/Syringe-150x150.png 150w\" sizes=\"(max-width: 289px) 100vw, 289px\" \/><\/figure>\n<\/div>\n\n\n<h2 class=\"wp-block-heading has-text-align-center\">Vorgef\u00fcllte Spritzen (PFS)<\/h2>\n<\/div>\n\n\n\n<div class=\"wp-block-column is-layout-flow wp-block-column-is-layout-flow\" style=\"flex-basis:66.66%\">\n<p>Hochpr\u00e4zise und gebrauchsfertig \u2013 unsere <strong>vorgef\u00fcllten Spritzen<\/strong> sind f\u00fcr Biopharmazeutika, Impfstoffe und komplexe Injektionspr\u00e4parate konzipiert und gew\u00e4hrleisten Sterilit\u00e4t, Genauigkeit und eine einfache Verabreichung. Erh\u00e4ltlich in den Formaten <strong>0,5 ml<\/strong> und <strong>1 ml<\/strong> unterst\u00fctzen unsere PFS-L\u00f6sungen eine effiziente und konforme Arzneimittelabgabe. <\/p>\n\n\n\n<ul class=\"wp-block-list\">\n<li>Zwei Hochgeschwindigkeits-Abf\u00fclllinien mit RABS-Technologie<\/li>\n\n\n\n<li>Bis zu 540 Spritzen pro Minute, 150 Millionen Einheiten j\u00e4hrlich<\/li>\n\n\n\n<li>Drei PFS-Typen: Standard, Preventis\u2122, Eris\u2122<\/li>\n\n\n\n<li>Integrierte Compounding-, Abf\u00fcll- und Sterilisationssysteme<\/li>\n\n\n\n<li>Kontrollierte aseptische Umgebungen f\u00fcr komplexe Formulierungen<\/li>\n\n\n\n<li>Zuverl\u00e4ssige Qualit\u00e4t, niedrige Partikelwerte und globale Lieferbereitschaft<\/li>\n<\/ul>\n<\/div>\n<\/div><style>\n            .wp-block-columns.is-wide {\n\t\t\t\tmax-width: 1280px!important;\n\t\t\t\tmargin-left: auto!important;\n\t\t\t\tmargin-right: auto!important;\n            }\n        <\/style>\n\n\n\n<hr class=\"wp-block-separator has-text-color has-primary-color has-alpha-channel-opacity has-primary-background-color has-background\"\/>\n\n\n\n<div class=\"wp-block-columns max-w-screen-xl w-full is-wide px-0 md:px-8 is-layout-flex wp-container-core-columns-is-layout-9d6595d7 wp-block-columns-is-layout-flex\" id=\"ampoules\">\n<div class=\"wp-block-column is-layout-flow wp-block-column-is-layout-flow\" style=\"flex-basis:33.33%\"><div class=\"wp-block-image\">\n<figure class=\"aligncenter size-full is-resized\"><img decoding=\"async\" width=\"97\" height=\"97\" src=\"https:\/\/adragos-pharma.com\/wp-content\/uploads\/2024\/04\/Ampoules.png\" alt=\"\" class=\"wp-image-3047\" style=\"width:105px;height:auto\"\/><\/figure>\n<\/div>\n\n\n<h2 class=\"wp-block-heading has-text-align-center\">Ampullen<\/h2>\n<\/div>\n\n\n\n<div class=\"wp-block-column is-layout-flow wp-block-column-is-layout-flow\" style=\"flex-basis:66.66%\">\n<p>Kompakt und steril \u2013 unsere <strong>Ampullen<\/strong> sind auf Pr\u00e4zision und Zuverl\u00e4ssigkeit in verschiedenen medizinischen und pharmazeutischen Anwendungen ausgelegt. Unsere Ampullen sind sowohl aus Glas als auch aus Kunststoff in Gr\u00f6\u00dfen von <strong>1 bis 30 ml<\/strong> erh\u00e4ltlich und werden mit h\u00f6chstem Anspruch an Qualit\u00e4t und Sicherheit gefertigt.  <\/p>\n\n\n\n<ul class=\"wp-block-list\">\n<li>Strenge Sterilit\u00e4tsprotokolle <\/li>\n\n\n\n<li>Fortschrittliche Abf\u00fcll- und Sterilisationstechniken <\/li>\n\n\n\n<li>Umfassende Inspektionsprozesse: automatisiert, halbmanuell und manuell <\/li>\n\n\n\n<li>Ideal f\u00fcr die Einzeldosis-Verabreichung <\/li>\n<\/ul>\n<\/div>\n<\/div><style>\n            .wp-block-columns.is-wide {\n\t\t\t\tmax-width: 1280px!important;\n\t\t\t\tmargin-left: auto!important;\n\t\t\t\tmargin-right: auto!important;\n            }\n        <\/style>\n\n\n\n<hr class=\"wp-block-separator has-text-color has-primary-color has-alpha-channel-opacity has-primary-background-color has-background\"\/>\n\n\n\n<div class=\"wp-block-columns max-w-screen-xl w-full is-wide px-0 md:px-8 is-layout-flex wp-container-core-columns-is-layout-9d6595d7 wp-block-columns-is-layout-flex\" id=\"vials\">\n<div class=\"wp-block-column is-layout-flow wp-block-column-is-layout-flow\" style=\"flex-basis:33.33%\"><div class=\"wp-block-image\">\n<figure class=\"aligncenter size-full\"><img decoding=\"async\" width=\"97\" height=\"97\" src=\"https:\/\/adragos-pharma.com\/wp-content\/uploads\/2024\/04\/VIALS.png\" alt=\"\" class=\"wp-image-3478\"\/><\/figure>\n<\/div>\n\n\n<h2 class=\"wp-block-heading has-text-align-center\">Fl\u00e4schchen (Vials)<\/h2>\n<\/div>\n\n\n\n<div class=\"wp-block-column is-layout-flow wp-block-column-is-layout-flow\" style=\"flex-basis:66.66%\">\n<p>Unsere <strong>Fl\u00e4schchen<\/strong> sind auf sterile Fl\u00fcssigformulierungen zugeschnitten und bieten au\u00dfergew\u00f6hnliche Qualit\u00e4t sowie die Sicherheit einer kontaminationsfreien Abf\u00fcllung. Erh\u00e4ltlich in Gr\u00f6\u00dfen von <strong>2 bis 30 ml<\/strong>, setzen wir modernste Blow-Fill-Seal (BFS)-Technologie sowie traditionelle Glasfl\u00e4schchen-Produktionsmethoden ein, um vielf\u00e4ltige Anforderungen zu erf\u00fcllen.  <\/p>\n\n\n\n<ul class=\"wp-block-list\">\n<li>Blow-Fill-Seal (BFS) und konventionelle Glasproduktion <\/li>\n\n\n\n<li>Geeignet f\u00fcr eine Reihe von pharmazeutischen Anwendungen <\/li>\n\n\n\n<li>Sicherer Verschluss zur Vermeidung von Kontaminationen <\/li>\n\n\n\n<li>Verf\u00fcgbar f\u00fcr Gro\u00dfserien- und Kleinchargenproduktion <\/li>\n<\/ul>\n<\/div>\n<\/div><style>\n            .wp-block-columns.is-wide {\n\t\t\t\tmax-width: 1280px!important;\n\t\t\t\tmargin-left: auto!important;\n\t\t\t\tmargin-right: auto!important;\n            }\n        <\/style>\n\n\n\n<hr class=\"wp-block-separator has-text-color has-primary-color has-alpha-channel-opacity has-primary-background-color has-background\"\/>\n\n\n\n<div class=\"wp-block-columns max-w-screen-xl w-full is-wide px-0 md:px-8 is-layout-flex wp-container-core-columns-is-layout-9d6595d7 wp-block-columns-is-layout-flex\" id=\"ivbags\">\n<div class=\"wp-block-column is-layout-flow wp-block-column-is-layout-flow\" style=\"flex-basis:33.33%\"><div class=\"wp-block-image\">\n<figure class=\"aligncenter size-full\"><img decoding=\"async\" width=\"97\" height=\"97\" src=\"https:\/\/adragos-pharma.com\/wp-content\/uploads\/2024\/04\/IV-Bags.png\" alt=\"\" class=\"wp-image-3487\"\/><\/figure>\n<\/div>\n\n\n<h2 class=\"wp-block-heading has-text-align-center\">Infusionsbeutel<\/h2>\n<\/div>\n\n\n\n<div class=\"wp-block-column is-layout-flow wp-block-column-is-layout-flow\" style=\"flex-basis:66.66%\">\n<p>Als essenzielle L\u00f6sungen f\u00fcr die intraven\u00f6se Therapie sind unsere <strong>Infusionsbeutel<\/strong> in Gr\u00f6\u00dfen von <strong>100 bis 1.000 ml<\/strong> erh\u00e4ltlich. Hergestellt in einer hochmodernen Anlage, erf\u00fcllen diese Beutel die h\u00f6chsten Standards an Reinheit und Sicherheit f\u00fcr kritische medizinische Bed\u00fcrfnisse.  <\/p>\n\n\n\n<ul class=\"wp-block-list\">\n<li>Automatisierte Produktion unter sterilen Bedingungen <\/li>\n\n\n\n<li>Herstellung in kontrollierten Reinraumumgebungen <\/li>\n\n\n\n<li>Garantierte Reinheit und Sicherheit der Infusionsl\u00f6sungen <\/li>\n\n\n\n<li>Zuverl\u00e4ssig f\u00fcr den Einsatz in Krankenh\u00e4usern und Kliniken <\/li>\n<\/ul>\n<\/div>\n<\/div><style>\n            .wp-block-columns.is-wide {\n\t\t\t\tmax-width: 1280px!important;\n\t\t\t\tmargin-left: auto!important;\n\t\t\t\tmargin-right: auto!important;\n            }\n        <\/style>\n\n\n\n<section class=\"wp-block-adragos-blocks-our-network max-w-full pb-24 pt-8 overflow-hidden\"><div class=\"max-w-screen-xl mx-auto\"><header class=\"flex flex-col md:flex-row lg:items-center justify-between pb-12\"><div class=\"flex gap-3 text-secondary items-center lg:w-1\/3 lg:pr-12 mb-6\"><svg width=\"27\" height=\"3\" viewbox=\"0 0 27 3\" fill=\"none\" xmlns=\"http:\/\/www.w3.org\/2000\/svg\"><rect width=\"27\" height=\"3\" fill=\"#8696FE\"\/><\/svg><h2 class=\"text-secondary\">Unser Netzwerk f\u00fcr sterile Fl\u00fcssigkeiten<\/h2><\/div><div><p class=\"font-RobotoSlab text-lg xl:text-xl font-light lg:w-2\/3 lg:pl-32\">Unsere Standorte in Halden, Kawagoe, Livron, Jura und Maisons-Alfort sind auf die Produktion steriler Fl\u00fcssigkeiten spezialisiert. Nachfolgend finden Sie alle Details. <\/p><\/div><\/header><div class=\"relative z-10\"><div class=\"flex gap-7 absolute left-0\"><div class=\"button-sites-prev flex justify-center items-center rotate-180\"><svg xmlns=\"http:\/\/www.w3.org\/2000\/svg\" width=\"36\" height=\"28\" viewbox=\"0 0 36 28\" fill=\"none\"><path d=\"M2 14H34M34 14L22 2M34 14L22 26\" stroke=\"black\" stroke-width=\"3\" stroke-linecap=\"round\" stroke-linejoin=\"round\"><\/path><\/svg><\/div><div class=\"button-sites-next flex justify-center items-center\"><svg xmlns=\"http:\/\/www.w3.org\/2000\/svg\" width=\"36\" height=\"28\" viewbox=\"0 0 36 28\" fill=\"none\"><path d=\"M2 14H34M34 14L22 2M34 14L22 26\" stroke=\"black\" stroke-width=\"3\" stroke-linecap=\"round\" stroke-linejoin=\"round\"><\/path><\/svg><\/div><\/div><\/div><div class=\"swiper sitesSlide\"><div class=\"swiper-wrapper pt-20\"><div class=\"swiper-slide\"><a href=\"https:\/\/adragos-pharma.com\/de\/halden-norwegen\/\" class=\"box-link relative block group border min-h-[430px] md:w-[348px] p-8 bg-white border-primary hover:bg-primary transition-all rounded-xl\"><img decoding=\"async\" class=\"box-image\" src=\"https:\/\/adragos-pharma.com\/wp-content\/uploads\/2024\/03\/Norway.svg\" alt=\"Flagge\"><h3 class=\"my-6 group-hover:!text-white\">Halden, Norwegen <\/h3><p class=\"mb-6 group-hover:!text-white\">Blow-Fill-Seal (BFS) Ampullen von 10 bis 30 ml<br>Infusionsbeutel von 50 ml bis 1.000 ml<br>Endsterilisation<\/p><span class=\"text-primary font-bold group-hover:!text-white text-4xl\">\u27f6<\/span><\/a><\/div><div class=\"swiper-slide\"><a href=\"https:\/\/adragos-pharma.com\/de\/kawagoe-japan\/\" class=\"box-link relative block group border min-h-[430px] md:w-[348px] p-8 bg-white border-secondary hover:bg-secondary transition-all rounded-xl\"><img decoding=\"async\" class=\"box-image\" src=\"https:\/\/adragos-pharma.com\/wp-content\/uploads\/2024\/03\/japan-flag.jpeg\" alt=\"Flagge\"><h3 class=\"my-6 group-hover:!text-white\">Kawagoe, Japan <\/h3><p class=\"mb-6 group-hover:!text-white\">Ampullen von 1 ml bis 30 ml<br>Chargengr\u00f6\u00dfe bis zu 900 l<br>Endsterilisation<\/p><span class=\"text-primary font-bold group-hover:!text-white text-4xl\">\u27f6<\/span><\/a><\/div><div class=\"swiper-slide\"><a href=\"https:\/\/adragos-pharma.com\/de\/livron-frankreich\/\" class=\"box-link relative block group border min-h-[430px] md:w-[348px] p-8 bg-white border-primary hover:bg-primary transition-all rounded-xl\"><img decoding=\"async\" class=\"box-image\" src=\"https:\/\/adragos-pharma.com\/wp-content\/uploads\/2024\/03\/France.svg\" alt=\"Flagge\"><h3 class=\"my-6 group-hover:!text-white\">Livron, Frankreich<\/h3><p class=\"mb-6 group-hover:!text-white\">Chargengr\u00f6\u00dfen von 30 bis 1.500 l<br>Aseptische Abf\u00fcllung oder thermische Endsterilisation<\/p><span class=\"text-primary font-bold group-hover:!text-white text-4xl\">\u27f6<\/span><\/a><\/div><div class=\"swiper-slide\"><a href=\"https:\/\/adragos-pharma.com\/de\/jura-schweiz\/\" class=\"box-link relative block group border min-h-[430px] md:w-[348px] p-8 bg-white border-secondary hover:bg-secondary transition-all rounded-xl\"><img decoding=\"async\" class=\"box-image\" src=\"https:\/\/adragos-pharma.com\/wp-content\/uploads\/2024\/11\/istockphoto-691333880-612x612-1.jpg\" alt=\"Flagge\"><h3 class=\"my-6 group-hover:!text-white\">Jura, Schweiz<\/h3><p class=\"mb-6 group-hover:!text-white\">Klinische und kommerzielle Fertigung in kleinem Ma\u00dfstab<br>Sterile Fl\u00fcssigkeiten, Suspensionen, Emulsionen, viskose Fl\u00fcssigkeiten und Lyophilisate<br>Glasfl\u00e4schchen-Gr\u00f6\u00dfen: 2R, 6R, 10R, 20R, 30R<\/p><span class=\"text-primary font-bold group-hover:!text-white text-4xl\">\u27f6<\/span><\/a><\/div><div class=\"swiper-slide\"><a href=\"https:\/\/adragos-pharma.com\/de\/maisons-alfort-frankreich\/\" class=\"box-link relative block group border min-h-[430px] md:w-[348px] p-8 bg-white border-primary hover:bg-primary transition-all rounded-xl\"><img decoding=\"async\" class=\"box-image\" src=\"https:\/\/adragos-pharma.com\/wp-content\/uploads\/2024\/03\/France.svg\" alt=\"Flagge\"><h3 class=\"my-6 group-hover:!text-white\">Maisons-Alfort, Frankreich<\/h3><p class=\"mb-6 group-hover:!text-white\">Herstellung von PFS und Fl\u00e4schchen, unterst\u00fctzt durch CIP\/SIP und aktive RABS-Technologien.<br><br>PFS: 0,5 ml und 1 ml<br>Fl\u00e4schchen: 6R, 10R, 7 ml, 10 ml, 15 ml, 22 ml<\/p><span class=\"text-primary font-bold group-hover:!text-white text-4xl\">\u27f6<\/span><\/a><\/div><\/div><\/div><\/div><\/section>\n\n\n        <section class=\"tw-mx-auto tw-max-w-screen-xl tw-px-8 tw-py-20\">\n            <header class=\"tw-flex tw-flex-col md:tw-flex-row lg:tw-items-center tw-justify-between tw-pb-20\">\n                <h2 class=\"tw-flex tw-gap-3 text-secondary tw-items-center lg:tw-w-1\/3 lg:tw-pr-12 tw-mb-6\">\n                    <svg width=\"27\" height=\"3\" viewBox=\"0 0 27 3\" fill=\"none\" xmlns=\"http:\/\/www.w3.org\/2000\/svg\">\n                        <rect width=\"27\" height=\"3\" fill=\"#8696FE\" \/>\n                    <\/svg>\n                    <a href=\"\">Adragos Hub<\/a>\n                <\/h2>\n                <p class=\"font-RobotoSlab tw-text-lg xl:tw-text-xl tw-font-light lg:tw-w-2\/3 lg:tw-pl-32\">\n                    Find out more about sterile liquids.                <\/p>\n            <\/header>\n\t\t\t<div class=\"tw-grid tw-grid-cols-1 lg:tw-grid-cols-2 tw-gap-6\">\n\t\t\t\t\t\t\t\t\t<div class=\"tw-relative tw-rounded-xl tw-overflow-hidden tw-min-h-60 tw-mb-6\">\n\t\t\t\t\t\t<img decoding=\"async\" src=\"https:\/\/adragos-pharma.com\/wp-content\/uploads\/2024\/08\/Untitled-design-1-1024x480.jpg\" alt=\"Adragos Pharma auf der Achema 2024: Innovative L\u00f6sungen\" class=\"tw-object-cover tw-absolute\" \/>\n\t\t\t\t\t\t<div class=\"tw-absolute tw-bottom-0 tw-max-w-96 tw-bg-lightslate tw-backdrop-blur-[12px] tw-p-6 tw-rounded-tr-xl tw-w-full\">\n\t\t\t\t\t\t\t<p class=\"text-primary tw-text-xs tw-font-medium tw-tracking-widest tw-uppercase tw-pb-1\">Veranstaltungen<\/p>\n\t\t\t\t\t\t\t<h3 class=\"tw-text-white tw-text-lg hover:tw-underline\">\n\t\t\t\t\t\t\t\t<a href=\"https:\/\/adragos-pharma.com\/de\/adragos-pharma-auf-der-achema-2024-prasentation-innovativer-pharmazeutischer-losungen\/\">Adragos Pharma auf der Achema 2024: Innovative L\u00f6sungen<\/a>\n\t\t\t\t\t\t\t<\/h3>\n\t\t\t\t\t\t<\/div>\n\t\t\t\t\t<\/div>\n\t\t\t\t\t\t\t\t\t<div class=\"tw-relative tw-rounded-xl tw-overflow-hidden tw-min-h-60 tw-mb-6\">\n\t\t\t\t\t\t<img decoding=\"async\" src=\"https:\/\/adragos-pharma.com\/wp-content\/uploads\/2024\/05\/Adragos-Pharma-Leipzig-2024-07-1-1024x480.jpg\" alt=\"CDMO Pharma: Was ist das und wie profitiert Ihr Unternehmen davon?\" class=\"tw-object-cover tw-absolute\" \/>\n\t\t\t\t\t\t<div class=\"tw-absolute tw-bottom-0 tw-max-w-96 tw-bg-lightslate tw-backdrop-blur-[12px] tw-p-6 tw-rounded-tr-xl tw-w-full\">\n\t\t\t\t\t\t\t<p class=\"text-primary tw-text-xs tw-font-medium tw-tracking-widest tw-uppercase tw-pb-1\">Blog<\/p>\n\t\t\t\t\t\t\t<h3 class=\"tw-text-white tw-text-lg hover:tw-underline\">\n\t\t\t\t\t\t\t\t<a href=\"https:\/\/adragos-pharma.com\/de\/cdmo-pharma\/\">CDMO Pharma: Was ist das und wie profitiert Ihr Unternehmen davon?<\/a>\n\t\t\t\t\t\t\t<\/h3>\n\t\t\t\t\t\t<\/div>\n\t\t\t\t\t<\/div>\n\t\t\t\t\t\t\t<\/div>\n\n        <\/section>\n        \n\n\n\n<div class=\"wp-block-columns is-layout-flex wp-container-core-columns-is-layout-9d6595d7 wp-block-columns-is-layout-flex\">\n<div class=\"wp-block-column is-layout-flow wp-block-column-is-layout-flow\" style=\"flex-basis:100%\">\n<section class=\"wp-block-adragos-blocks-footer-cta max-w-screen-lg bg-light mx-8 md:mx-auto px-8 py-12 text-center mt-3 mb-12 md:mb-16 rounded-xl\"><h2 class=\"\">Kontaktieren Sie uns<\/h2><p class=\"subtitle font-light m-auto max-w-screen-sm py-6\">F\u00fcr weitere Informationen \u00fcber unser Unternehmen und unsere Dienstleistungen wenden Sie sich bitte an unser Team.<\/p><div class=\"flex flex-col md:flex-row justify-center gap-4\"><a href=\"https:\/\/adragos-pharma.com\/de\/kontaktiere-uns\/?utm_campaign=MK_website_contactUs&#038;utm_source=website_sterileliquids\" class=\"cta-link inline-block adragos-button text-white has-primary-background-color text-center\">Nachricht senden<\/a><a href=\"https:\/\/meetings-eu1.hubspot.com\/lydia-marinou?ref=sterile-liquids-button\" class=\"cta-link2 inline-block adragos-button text-white has-secondary-background-color text-center\" target=\"_blank\" rel=\"noopener\">Termin vereinbaren<\/a><\/div><\/section>\n<\/div>\n<\/div>\n","protected":false},"excerpt":{"rendered":"<p>Wir sind auf die Produktion von hochwertigen sterilen Fl\u00fcssigkeiten und aseptischen Produkten spezialisiert, insbesondere auf vorgef\u00fcllte Spritzen (PFS), Ampullen, Fl\u00e4schchen und Infusionsbeutel. Unsere Expertise gew\u00e4hrleistet die Einhaltung hoher Industriestandards und liefert zuverl\u00e4ssige sowie sichere sterile L\u00f6sungen. Der Herstellungsprozess ist sorgf\u00e4ltig [&hellip;]<\/p>\n","protected":false},"author":1,"featured_media":0,"parent":6582,"menu_order":0,"comment_status":"closed","ping_status":"closed","template":"","meta":{"content-type":"","inline_featured_image":false,"footnotes":""},"class_list":["post-7333","page","type-page","status-publish","hentry"],"_links":{"self":[{"href":"https:\/\/adragos-pharma.com\/de\/wp-json\/wp\/v2\/pages\/7333","targetHints":{"allow":["GET"]}}],"collection":[{"href":"https:\/\/adragos-pharma.com\/de\/wp-json\/wp\/v2\/pages"}],"about":[{"href":"https:\/\/adragos-pharma.com\/de\/wp-json\/wp\/v2\/types\/page"}],"author":[{"embeddable":true,"href":"https:\/\/adragos-pharma.com\/de\/wp-json\/wp\/v2\/users\/1"}],"replies":[{"embeddable":true,"href":"https:\/\/adragos-pharma.com\/de\/wp-json\/wp\/v2\/comments?post=7333"}],"version-history":[{"count":26,"href":"https:\/\/adragos-pharma.com\/de\/wp-json\/wp\/v2\/pages\/7333\/revisions"}],"predecessor-version":[{"id":24633,"href":"https:\/\/adragos-pharma.com\/de\/wp-json\/wp\/v2\/pages\/7333\/revisions\/24633"}],"up":[{"embeddable":true,"href":"https:\/\/adragos-pharma.com\/de\/wp-json\/wp\/v2\/pages\/6582"}],"wp:attachment":[{"href":"https:\/\/adragos-pharma.com\/de\/wp-json\/wp\/v2\/media?parent=7333"}],"curies":[{"name":"wp","href":"https:\/\/api.w.org\/{rel}","templated":true}]}}