{"id":7338,"date":"2024-03-11T10:24:56","date_gmt":"2024-03-11T08:24:56","guid":{"rendered":"https:\/\/adragos-pharma.com\/?page_id=7338"},"modified":"2025-07-16T17:32:04","modified_gmt":"2025-07-16T15:32:04","slug":"klinische-entwicklung","status":"publish","type":"page","link":"https:\/\/adragos-pharma.com\/de\/arzneimittelentwicklung\/klinische-entwicklung\/","title":{"rendered":"Klinische Entwicklung"},"content":{"rendered":"\n<section class=\"wp-block-adragos-blocks-header relative has-primary-background-color bg-pattern bg-cover max-w-full bg-bottom px-3 pt-10 pb-44 md:pt-16 md:pb-44 has-background\"><div class=\"relative z-30 max-w-screen-xl px-6 m-auto\"><nav class=\"flex mb-4\" aria-label=\"Breadcrumb\"><ol class=\"inline-flex items-center space-x-1 md:space-x-2 rtl:space-x-reverse\"><li class=\"inline-flex items-center\"><a href=\"https:\/\/adragos-pharma.com\/de\/\" class=\"inline-flex items-center text-sm font-medium text-white hover:text-primary\"><svg class=\"w-3 h-3 me-2.5\" aria-hidden=\"true\" xmlns=\"http:\/\/www.w3.org\/2000\/svg\" fill=\"currentColor\" viewBox=\"0 0 20 20\"><path d=\"m19.707 9.293-2-2-7-7a1 1 0 0 0-1.414 0l-7 7-2 2a1 1 0 0 0 1.414 1.414L2 10.414V18a2 2 0 0 0 2 2h3a1 1 0 0 0 1-1v-4a1 1 0 0 1 1-1h2a1 1 0 0 1 1 1v4a1 1 0 0 0 1 1h3a2 2 0 0 0 2-2v-7.586l.293.293a1 1 0 0 0 1.414-1.414Z\"><\/path><\/svg>Home<\/a><\/li><li><div class=\"flex items-center\"><svg class=\"rtl:rotate-180 w-3 h-3 text-white mx-1\" aria-hidden=\"true\" xmlns=\"http:\/\/www.w3.org\/2000\/svg\" fill=\"none\" viewBox=\"0 0 6 10\"><path stroke=\"currentColor\" stroke-linecap=\"round\" stroke-linejoin=\"round\" stroke-width=\"2\" d=\"m1 9 4-4-4-4\"><\/path><\/svg><a href=\"https:\/\/adragos-pharma.com\/de\/arzneimittelentwicklung\/\" class=\"ms-1 text-sm font-medium text-white hover:text-primary md:ms-2\">Arzneimittelentwicklung<\/a><\/div><\/li><li class=\"hidden md:inline-block\" aria-current=\"page\"><div class=\"flex items-center\"><svg class=\"rtl:rotate-180 w-3 h-3 text-white mx-1\" aria-hidden=\"true\" xmlns=\"http:\/\/www.w3.org\/2000\/svg\" fill=\"none\" viewBox=\"0 0 6 10\"><path stroke=\"currentColor\" stroke-linecap=\"round\" stroke-linejoin=\"round\" stroke-width=\"2\" d=\"m1 9 4-4-4-4\"><\/path><\/svg><span class=\"ms-1 text-sm font-medium text-white md:ms-2\">Klinische Entwicklung<\/span><\/div><\/li><\/ol><\/nav><h1 class=\"text-3xl md:text-4xl text-white\">Klinische Entwicklung<\/h1><\/div><div class=\"bg-wave absolute left-0 bottom-0 h-52 bg-repeat-x bg-[center_bottom] w-full\"><\/div><\/section>\n\n\n\n<div class=\"wp-block-columns max-w-screen-xl w-full is-wide px-0 md:px-8 is-layout-flex wp-container-core-columns-is-layout-9d6595d7 wp-block-columns-is-layout-flex\">\n<div class=\"wp-block-column is-layout-flow wp-block-column-is-layout-flow\">\n<div style=\"height:16px\" aria-hidden=\"true\" class=\"wp-block-spacer\"><\/div>\n\n\n\n<p>Wir sind spezialisiert auf die Bereitstellung wissenschaftlicher und klinischer Entwicklungsdienstleistungen, die auf die spezifischen Bed\u00fcrfnisse unserer Kunden zugeschnitten sind, mit einem Fokus auf wertsch\u00f6pfende Arzneimittel (Value-Added Medicines, VAM) und Generika. Unser Team bietet umfassende Unterst\u00fctzung, fachkundiges Projektmanagement und individuelle Beratung, um die komplexen Herausforderungen der klinischen Entwicklung zu bew\u00e4ltigen.<\/p>\n\n\n\n<p>Um eine effektive Umsetzung klinischer Entwicklungsstrategien zu gew\u00e4hrleisten, arbeiten wir eng mit einem Netzwerk hoch erfahrener Fachleute und angesehener Clinical Research Organisations (CROs) zusammen. Unser Engagement, Kunden durch die komplizierten Prozesse der klinischen Entwicklung zu f\u00fchren, umfasst die Erstellung strategischer Pl\u00e4ne zur Steigerung des Erfolgs.<\/p>\n\n\n\n<div class=\"wp-block-columns are-vertically-aligned-center max-w-screen-xl w-full is-wide px-0 md:px-8 is-layout-flex wp-container-core-columns-is-layout-9d6595d7 wp-block-columns-is-layout-flex\">\n<div class=\"wp-block-column is-vertically-aligned-center is-layout-flow wp-block-column-is-layout-flow\">\n<div class=\"wp-block-media-text\" style=\"grid-template-columns:15% auto\"><figure class=\"wp-block-media-text__media\"><img decoding=\"async\" width=\"96\" height=\"96\" src=\"https:\/\/adragos-pharma.com\/wp-content\/uploads\/2024\/03\/Clinical-Development-2.png\" alt=\"\" class=\"wp-image-2518 size-full\"\/><\/figure><div class=\"wp-block-media-text__content\">\n<h2 class=\"wp-block-heading has-text-align-left\">Klinische Entwicklungsdienste<\/h2>\n<\/div><\/div>\n<\/div>\n\n\n\n<div class=\"wp-block-column is-vertically-aligned-center tw-rounded-xl has-light-background-color has-background is-layout-flow wp-block-column-is-layout-flow\" style=\"padding-top:var(--wp--preset--spacing--50);padding-right:var(--wp--preset--spacing--50);padding-bottom:var(--wp--preset--spacing--50);padding-left:var(--wp--preset--spacing--50)\">\n<ul class=\"wp-block-list\">\n<li>Klinische Strategie<\/li>\n\n\n\n<li>Studiendesign und Berechnung der Stichprobengr\u00f6\u00dfe<\/li>\n\n\n\n<li>BCS-Biowaiver<\/li>\n\n\n\n<li>Analyse von Aufl\u00f6sungsdaten, einschlie\u00dflich Modellierung und Bootstrapping<\/li>\n\n\n\n<li>IVIVC (In-vitro-In-vivo-Korrelation)<\/li>\n\n\n\n<li>Projektmanagement klinischer Studien<\/li>\n\n\n\n<li>Nichtklinische und klinische \u00dcbersichten<\/li>\n\n\n\n<li>Beratungsgespr\u00e4che mit wissenschaftlichen Experten<\/li>\n<\/ul>\n<\/div>\n<\/div><style>\n            .wp-block-columns.is-wide {\n\t\t\t\tmax-width: 1280px!important;\n\t\t\t\tmargin-left: auto!important;\n\t\t\t\tmargin-right: auto!important;\n            }\n        <\/style>\n\n\n<div class=\"wp-block-image\">\n<figure class=\"aligncenter size-large\"><img decoding=\"async\" width=\"1024\" height=\"683\" src=\"https:\/\/adragos-pharma.com\/wp-content\/uploads\/2024\/03\/CW5B3346-1024x683.jpg\" alt=\"\" class=\"wp-image-2206\" srcset=\"https:\/\/adragos-pharma.com\/wp-content\/uploads\/2024\/03\/CW5B3346-1024x683.jpg 1024w, https:\/\/adragos-pharma.com\/wp-content\/uploads\/2024\/03\/CW5B3346-300x200.jpg 300w, https:\/\/adragos-pharma.com\/wp-content\/uploads\/2024\/03\/CW5B3346-768x512.jpg 768w, https:\/\/adragos-pharma.com\/wp-content\/uploads\/2024\/03\/CW5B3346-1536x1024.jpg 1536w, https:\/\/adragos-pharma.com\/wp-content\/uploads\/2024\/03\/CW5B3346-2048x1365.jpg 2048w\" sizes=\"(max-width: 1024px) 100vw, 1024px\" \/><\/figure>\n<\/div>\n\n\n<p>Wir unterst\u00fctzen unsere Kunden mit Expertise in Studiendesign, robustem Projektmanagement und effektiver Navigation durch regulatorische und datenbezogene Anforderungen. Wir begleiten unsere Kunden durch einen optimierten klinischen Entwicklungsprozess und f\u00f6rdern so einen zeitnahen Fortschritt.<\/p>\n\n\n\n<p>Mit einer nachweislichen Erfolgsbilanz von \u00fcber 100 durchgef\u00fchrten Bio\u00e4quivalenzstudien erm\u00f6glichen uns unsere umfassende Erfahrung und unser Wissen, die vielf\u00e4ltigen Herausforderungen der pharmazeutischen Forschung und Entwicklung mit einem fokussierten und effektiven Ansatz zu bew\u00e4ltigen.<\/p>\n<\/div>\n<\/div><style>\n            .wp-block-columns.is-wide {\n\t\t\t\tmax-width: 1280px!important;\n\t\t\t\tmargin-left: auto!important;\n\t\t\t\tmargin-right: auto!important;\n            }\n        <\/style>\n\n\n\n<div class=\"wp-block-columns tw-rounded-xl is-layout-flex wp-container-core-columns-is-layout-abbe5815 wp-block-columns-is-layout-flex\" style=\"padding-top:0;padding-right:0;padding-bottom:0;padding-left:0\">\n<div class=\"wp-block-column tw-rounded-xl has-light-background-color has-background is-layout-flow wp-block-column-is-layout-flow\" style=\"padding-top:var(--wp--preset--spacing--70);padding-right:var(--wp--preset--spacing--70);padding-bottom:var(--wp--preset--spacing--70);padding-left:var(--wp--preset--spacing--70)\">\n<h2 class=\"wp-block-heading has-text-align-center\">Wir bieten klinische Entwicklungsdienstleistungen in Athen, Griechenland<\/h2>\n\n\n\n<figure class=\"wp-block-image size-full\"><img decoding=\"async\" width=\"800\" height=\"449\" src=\"https:\/\/adragos-pharma.com\/wp-content\/uploads\/2024\/03\/1680509853575.jpg\" alt=\"\" class=\"wp-image-1266\" srcset=\"https:\/\/adragos-pharma.com\/wp-content\/uploads\/2024\/03\/1680509853575.jpg 800w, https:\/\/adragos-pharma.com\/wp-content\/uploads\/2024\/03\/1680509853575-300x168.jpg 300w, https:\/\/adragos-pharma.com\/wp-content\/uploads\/2024\/03\/1680509853575-768x431.jpg 768w\" sizes=\"(max-width: 800px) 100vw, 800px\" \/><\/figure>\n\n\n\n<p class=\"has-text-align-center\" style=\"padding-top:0;padding-bottom:0\">Mit mehr als 3.000 m\u00b2 F&amp;E-Fl\u00e4che ist Adragos Athen auf die Entwicklung von wertsch\u00f6pfenden Arzneimitteln spezialisiert und wurde k\u00fcrzlich mit HPAPI-F\u00e4higkeiten aufger\u00fcstet.<\/p>\n\n\n\n<div class=\"wp-block-buttons is-content-justification-center is-layout-flex wp-container-core-buttons-is-layout-16018d1d wp-block-buttons-is-layout-flex\">\n<div class=\"wp-block-button\"><a class=\"wp-block-button__link has-secondary-background-color has-background has-text-align-center wp-element-button\" href=\"https:\/\/adragos-pharma.com\/de\/athen-griechenland\/\">Standort anzeigen<\/a><\/div>\n<\/div>\n<\/div>\n<\/div>\n\n\n\n<div class=\"wp-block-group\"><div class=\"wp-block-group__inner-container is-layout-constrained wp-block-group-is-layout-constrained\">\n<div class=\"wp-block-columns max-w-screen-xl w-full is-wide px-0 md:px-8 is-layout-flex wp-container-core-columns-is-layout-9d6595d7 wp-block-columns-is-layout-flex\">\n<div class=\"wp-block-column is-layout-flow wp-block-column-is-layout-flow\">\t<div class=\"tw-flex-col md:tw-flex-row tw-flex tw-justify-center\">\n\t\t<div class=\"tw-flex md:tw-flex tw-flex-col tw-shrink-0 tw-pr-12\">\n\t\t\t<h2>Treffen Sie unsere Experten<\/h2>\n\t\t\t<p class=\"md:tw-max-w-72 xl:tw-text-lg md:tw-text-base tw-font-normal\">\n\t\t\t\tHochqualifiziert und erfahren auf ihrem Gebiet.\t\t\t<\/p>\n\t\t\t\t\t<\/div>\n\t\t<div class=\"no-slider\">\n\t\t\t<div class=\"tw-flex tw-flex-col md:tw-flex-row tw-gap-6\">\n\t\t\t\t\t\t\t\t\t<a data-id=\"7534\" href=\"https:\/\/adragos-pharma.com\/de\/team\/john-kytariolos\/\" class=\"tw-relative tw-overflow-hidden \">\n\t\t\t\t\t\t<img decoding=\"async\" src=\"https:\/\/adragos-pharma.com\/wp-content\/uploads\/2024\/03\/3Q4A8170-Edit-560x680.jpg\" alt=\"John Kytariolos\" class=\"!tw-mb-0 tw-rounded-xl tw-object-cover tw-w-full tw-h-full\" \/>\n\t\t\t\t\t\t<div class=\"custom tw-absolute tw-bottom-0\">\n\t\t\t\t\t\t\t<div class=\"tw-relative tw-z-10 tw-w-full tw-pl-6 tw-pr-9\">\n\t\t\t\t\t\t\t\t<h3 class=\"!tw-text-white tw-text-xl tw-font-bold hover:!tw-text-secondary !tw-mb-0\">John Kytariolos<\/h3>\n\t\t\t\t\t\t\t\t<p class=\"!tw-text-white tw-text-base tw-font-normal tw-pt-3 tw-pb-7 !tw-mb-0\">Leiter f\u00fcr klinische und wissenschaftliche Angelegenheiten, Athen <\/p>\n\t\t\t\t\t\t\t<\/div>\n\t\t\t\t\t\t\t<div class=\"glass-effect\"><\/div>\n\t\t\t\t\t\t<\/div>\n\t\t\t\t\t<\/a>\n\t\t\t\t\t\t\t\t\t<a data-id=\"7542\" href=\"https:\/\/adragos-pharma.com\/de\/team\/konstantina-papadia\/\" class=\"tw-relative tw-overflow-hidden \">\n\t\t\t\t\t\t<img decoding=\"async\" src=\"https:\/\/adragos-pharma.com\/wp-content\/uploads\/2024\/04\/Konstantina-Papadia-560x680.jpg\" alt=\"Konstantina Papadia\" class=\"!tw-mb-0 tw-rounded-xl tw-object-cover tw-w-full tw-h-full\" \/>\n\t\t\t\t\t\t<div class=\"custom tw-absolute tw-bottom-0\">\n\t\t\t\t\t\t\t<div class=\"tw-relative tw-z-10 tw-w-full tw-pl-6 tw-pr-9\">\n\t\t\t\t\t\t\t\t<h3 class=\"!tw-text-white tw-text-xl tw-font-bold hover:!tw-text-secondary !tw-mb-0\">Konstantina Papadia<\/h3>\n\t\t\t\t\t\t\t\t<p class=\"!tw-text-white tw-text-base tw-font-normal tw-pt-3 tw-pb-7 !tw-mb-0\">Leiterin der klinischen Entwicklung, Athen <\/p>\n\t\t\t\t\t\t\t<\/div>\n\t\t\t\t\t\t\t<div class=\"glass-effect\"><\/div>\n\t\t\t\t\t\t<\/div>\n\t\t\t\t\t<\/a>\n\t\t\t\t\t\t\t<\/div>\n\t\t<\/div>\n\t<\/div>\n\t\n\n\n\n<div style=\"height:42px\" aria-hidden=\"true\" class=\"wp-block-spacer\"><\/div>\n<\/div>\n<\/div><style>\n            .wp-block-columns.is-wide {\n\t\t\t\tmax-width: 1280px!important;\n\t\t\t\tmargin-left: auto!important;\n\t\t\t\tmargin-right: auto!important;\n            }\n        <\/style>\n\n\n\n<div class=\"wp-block-columns max-w-screen-xl w-full is-wide px-0 md:px-8 is-layout-flex wp-container-core-columns-is-layout-9d6595d7 wp-block-columns-is-layout-flex\">\n<div class=\"wp-block-column is-layout-flow wp-block-column-is-layout-flow\">\n<section class=\"wp-block-adragos-blocks-footer-cta max-w-screen-lg bg-light mx-8 md:mx-auto px-8 py-12 text-center mt-3 mb-12 md:mb-16 rounded-xl md:mb-24 mx-auto\"><h2 class=\"\">Nimmt Kontakt zu uns auf!<\/h2><p class=\"subtitle font-light m-auto max-w-screen-sm py-6\">F\u00fcr weitere Informationen zu unserem Unternehmen und unseren Dienstleistungen wende Sie sich direkt an unser Team.<\/p><div class=\"flex flex-col md:flex-row justify-center gap-4\"><a href=\"https:\/\/adragos-pharma.com\/de\/kontakt\/\" class=\"cta-link inline-block adragos-button text-white has-primary-background-color text-center\">Senden Sie eine Nachricht<\/a><a href=\"https:\/\/meetings-eu1.hubspot.com\/lydia-marinou?ref=clinical-development-de-button\" class=\"cta-link2 inline-block adragos-button text-white has-secondary-background-color text-center\" target=\"_blank\" rel=\"noopener\">Vereinbaren Sie einen Termin<\/a><\/div><\/section>\n<\/div>\n<\/div><style>\n            .wp-block-columns.is-wide {\n\t\t\t\tmax-width: 1280px!important;\n\t\t\t\tmargin-left: auto!important;\n\t\t\t\tmargin-right: auto!important;\n            }\n        <\/style>\n<\/div><\/div>\n","protected":false},"excerpt":{"rendered":"<p>Wir sind spezialisiert auf die Bereitstellung wissenschaftlicher und klinischer Entwicklungsdienstleistungen, die auf die spezifischen Bed\u00fcrfnisse unserer Kunden zugeschnitten sind, mit einem Fokus auf wertsch\u00f6pfende Arzneimittel (Value-Added Medicines, VAM) und Generika. Unser Team bietet umfassende Unterst\u00fctzung, fachkundiges Projektmanagement und individuelle Beratung, [&hellip;]<\/p>\n","protected":false},"author":8,"featured_media":0,"parent":6566,"menu_order":0,"comment_status":"closed","ping_status":"closed","template":"","meta":{"content-type":"","inline_featured_image":false,"footnotes":""},"class_list":["post-7338","page","type-page","status-publish","hentry"],"_links":{"self":[{"href":"https:\/\/adragos-pharma.com\/de\/wp-json\/wp\/v2\/pages\/7338","targetHints":{"allow":["GET"]}}],"collection":[{"href":"https:\/\/adragos-pharma.com\/de\/wp-json\/wp\/v2\/pages"}],"about":[{"href":"https:\/\/adragos-pharma.com\/de\/wp-json\/wp\/v2\/types\/page"}],"author":[{"embeddable":true,"href":"https:\/\/adragos-pharma.com\/de\/wp-json\/wp\/v2\/users\/8"}],"replies":[{"embeddable":true,"href":"https:\/\/adragos-pharma.com\/de\/wp-json\/wp\/v2\/comments?post=7338"}],"version-history":[{"count":13,"href":"https:\/\/adragos-pharma.com\/de\/wp-json\/wp\/v2\/pages\/7338\/revisions"}],"predecessor-version":[{"id":20840,"href":"https:\/\/adragos-pharma.com\/de\/wp-json\/wp\/v2\/pages\/7338\/revisions\/20840"}],"up":[{"embeddable":true,"href":"https:\/\/adragos-pharma.com\/de\/wp-json\/wp\/v2\/pages\/6566"}],"wp:attachment":[{"href":"https:\/\/adragos-pharma.com\/de\/wp-json\/wp\/v2\/media?parent=7338"}],"curies":[{"name":"wp","href":"https:\/\/api.w.org\/{rel}","templated":true}]}}