{"id":7340,"date":"2024-03-11T10:18:03","date_gmt":"2024-03-11T08:18:03","guid":{"rendered":"https:\/\/adragos-pharma.com\/?page_id=7340"},"modified":"2025-07-16T17:30:29","modified_gmt":"2025-07-16T15:30:29","slug":"analytische-entwicklung","status":"publish","type":"page","link":"https:\/\/adragos-pharma.com\/de\/arzneimittelentwicklung\/analytische-entwicklung\/","title":{"rendered":"Analytische Entwicklung"},"content":{"rendered":"\n<section class=\"wp-block-adragos-blocks-header relative has-primary-background-color bg-pattern bg-cover max-w-full bg-bottom px-3 pt-10 pb-44 md:pt-16 md:pb-44 has-background\"><div class=\"relative z-30 max-w-screen-xl px-6 m-auto\"><nav class=\"flex mb-4\" aria-label=\"Breadcrumb\"><ol class=\"inline-flex items-center space-x-1 md:space-x-2 rtl:space-x-reverse\"><li class=\"inline-flex items-center\"><a href=\"https:\/\/adragos-pharma.com\/de\/\" class=\"inline-flex items-center text-sm font-medium text-white hover:text-primary\"><svg class=\"w-3 h-3 me-2.5\" aria-hidden=\"true\" xmlns=\"http:\/\/www.w3.org\/2000\/svg\" fill=\"currentColor\" viewBox=\"0 0 20 20\"><path d=\"m19.707 9.293-2-2-7-7a1 1 0 0 0-1.414 0l-7 7-2 2a1 1 0 0 0 1.414 1.414L2 10.414V18a2 2 0 0 0 2 2h3a1 1 0 0 0 1-1v-4a1 1 0 0 1 1-1h2a1 1 0 0 1 1 1v4a1 1 0 0 0 1 1h3a2 2 0 0 0 2-2v-7.586l.293.293a1 1 0 0 0 1.414-1.414Z\"><\/path><\/svg>Home<\/a><\/li><li><div class=\"flex items-center\"><svg class=\"rtl:rotate-180 w-3 h-3 text-white mx-1\" aria-hidden=\"true\" xmlns=\"http:\/\/www.w3.org\/2000\/svg\" fill=\"none\" viewBox=\"0 0 6 10\"><path stroke=\"currentColor\" stroke-linecap=\"round\" stroke-linejoin=\"round\" stroke-width=\"2\" d=\"m1 9 4-4-4-4\"><\/path><\/svg><a href=\"https:\/\/adragos-pharma.com\/de\/arzneimittelentwicklung\/\" class=\"ms-1 text-sm font-medium text-white hover:text-primary md:ms-2\">Arzneimittelentwicklung<\/a><\/div><\/li><li class=\"hidden md:inline-block\" aria-current=\"page\"><div class=\"flex items-center\"><svg class=\"rtl:rotate-180 w-3 h-3 text-white mx-1\" aria-hidden=\"true\" xmlns=\"http:\/\/www.w3.org\/2000\/svg\" fill=\"none\" viewBox=\"0 0 6 10\"><path stroke=\"currentColor\" stroke-linecap=\"round\" stroke-linejoin=\"round\" stroke-width=\"2\" d=\"m1 9 4-4-4-4\"><\/path><\/svg><span class=\"ms-1 text-sm font-medium text-white md:ms-2\">Analytische Entwicklung<\/span><\/div><\/li><\/ol><\/nav><h1 class=\"text-3xl md:text-4xl text-white\">Analytische Entwicklung<\/h1><\/div><div class=\"bg-wave absolute left-0 bottom-0 h-52 bg-repeat-x bg-[center_bottom] w-full\"><\/div><\/section>\n\n\n\n<div class=\"wp-block-columns is-layout-flex wp-container-core-columns-is-layout-9d6595d7 wp-block-columns-is-layout-flex\">\n<div class=\"wp-block-column is-layout-flow wp-block-column-is-layout-flow\">\n<p class=\"has-text-align-center\">Bei Adragos sind wir auf analytische Entwicklung spezialisiert und bieten eine Reihe von Dienstleistungen an, die auf den Pharmasektor zugeschnitten sind. Unsere hochmodernen Laboratorien sind mit den neuesten Ger\u00e4ten ausgestattet, um sicherzustellen, dass alle Analysen die strengen EU-GMP-Standards und ICH-Richtlinien erf\u00fcllen. Ob Sie unabh\u00e4ngige analytische Tests oder ein integriertes Entwicklungspaket ben\u00f6tigen, unsere Expertise garantiert Pr\u00e4zision, Qualit\u00e4t und Compliance.<\/p>\n<\/div>\n<\/div>\n\n\n\n<section class=\"wp-block-adragos-blocks-box max-w-screen-xl mx-auto px-8 py-8\"><div class=\"grid grid-cols-1 lg:grid-cols-2 gap-x-8 gap-y-8\"><div class=\"false relative box bg-light rounded-xl p-8\"><div class=\"flex gap-5 items-center\"><img decoding=\"async\" class=\"box-image mb-0\" src=\"https:\/\/adragos-pharma.com\/wp-content\/uploads\/2024\/03\/Analytical-Services.png\" alt=\"\"\/><h3 class=\"box-title\">Analytische Entwicklungsdienstleistungen<\/h3><\/div><p class=\"my-6 box-subtitle\">Methodenentwicklung und -validierung<br>Forced Degradation (erzwungener Abbau)<br>Dissolution Studies (Freisetzungsstudien)<br>Chemische Analyse von APIs (Wirkstoffen)<br>Kontrollen von Fertigprodukten<br>Prozessvalidierungskontrollen<br>ICH-Stabilit\u00e4t, Photostabilit\u00e4t und In-Use-Stabilit\u00e4t (Stabilit\u00e4t bei Anwendung)<br>Transfer von Analysemethoden<br>Freigabe von Arzneimitteln (EU QP)<\/p><\/div><div class=\"false relative box bg-light rounded-xl p-8\"><div class=\"flex gap-5 items-center\"><img decoding=\"async\" class=\"box-image mb-0\" src=\"https:\/\/adragos-pharma.com\/wp-content\/uploads\/2024\/03\/Expertise-1.png\" alt=\"\"\/><h3 class=\"box-title\">Technologien<\/h3><\/div><p class=\"my-6 box-subtitle\">Empower\u00ae Chromatography Data System<br>Fl\u00fcssigchromatographie (PDA, RID oder UV)<br>Ultra-Performance Liquid Chromatography (UPLC)<br>Ionenaustauschchromatographie (IEC)<br>Fl\u00fcssigchromatographie-Massenspektrometrie (LC MS)<br>Gaschromatographie (GC) f\u00fcr Headspace- oder Fl\u00fcssigkeitsinjektionen (ECD und FID)<br>UV-Spektrophotometrie<br>Dissolution Testing (Freisetzungstests) (USP I, II &amp; III)<br>Begehbare Stabilit\u00e4tsr\u00e4ume und Stabilit\u00e4tskammern<br>Photostabilit\u00e4tskammer<br>Differential Scanning Calorimetry (Dynamische Differenzkalorimetrie)<br>Lichtmikroskopie&nbsp;<\/p><\/div><\/div><\/section>\n\n\n\n<div class=\"wp-block-columns is-layout-flex wp-container-core-columns-is-layout-9d6595d7 wp-block-columns-is-layout-flex\">\n<div class=\"wp-block-column is-layout-flow wp-block-column-is-layout-flow\">\n<h3 class=\"wp-block-heading\"><strong>Ma\u00dfgeschneiderte Analytische L\u00f6sungen<\/strong><\/h3>\n\n\n\n<p>Wir verstehen die entscheidende Rolle analytischer Dienstleistungen in der Arzneimittelentwicklung. Unsere Laboratorien bieten ein breites Spektrum an analytischen F\u00e4higkeiten, die auf die spezifischen Anforderungen unserer Kunden zugeschnitten sind. Jede Dienstleistung entspricht strengen Qualit\u00e4tskontrollen und regulatorischen Standards und bietet zuverl\u00e4ssige Unterst\u00fctzung f\u00fcr pharmazeutische Innovationen.<\/p>\n\n\n\n<figure class=\"wp-block-image size-large\"><img decoding=\"async\" width=\"1024\" height=\"683\" src=\"https:\/\/adragos-pharma.com\/wp-content\/uploads\/2024\/03\/3Q4A7216-1-1024x683.jpg\" alt=\"\" class=\"wp-image-2215\" srcset=\"https:\/\/adragos-pharma.com\/wp-content\/uploads\/2024\/03\/3Q4A7216-1-1024x683.jpg 1024w, https:\/\/adragos-pharma.com\/wp-content\/uploads\/2024\/03\/3Q4A7216-1-300x200.jpg 300w, https:\/\/adragos-pharma.com\/wp-content\/uploads\/2024\/03\/3Q4A7216-1-768x512.jpg 768w, https:\/\/adragos-pharma.com\/wp-content\/uploads\/2024\/03\/3Q4A7216-1-1536x1024.jpg 1536w, https:\/\/adragos-pharma.com\/wp-content\/uploads\/2024\/03\/3Q4A7216-1-2048x1365.jpg 2048w\" sizes=\"(max-width: 1024px) 100vw, 1024px\" \/><\/figure>\n\n\n\n<h3 class=\"wp-block-heading\"><strong><strong>Validierungs- und Unterst\u00fctzungsdienstleistungen<\/strong><\/strong><\/h3>\n\n\n\n<p>Unser analytisches Serviceteam nutzt fortschrittliche Technologie und fundiertes wissenschaftliches Wissen, um die Arzneimittelformulierung und -entwicklung zu verbessern und eine robuste Validierung analytischer Methoden anzubieten. Diese umfassende Unterst\u00fctzung stellt sicher, dass alle Verfahren die globalen regulatorischen Erwartungen erf\u00fcllen und dazu beitragen, den Weg neuer pharmazeutischer Produkte auf den Markt zu ebnen.<\/p>\n\n\n\n<h3 class=\"wp-block-heading\"><strong><strong>Zertifizierung und Compliance-Sicherung<\/strong><\/strong><\/h3>\n\n\n\n<p>Unsere Einrichtung und Prozesse entsprechen allen relevanten GMP-Standards, einschlie\u00dflich strenger Betriebs- und Leistungsqualifizierungen, die j\u00e4hrlich durchgef\u00fchrt werden. Wir halten auch die h\u00f6chsten Standards f\u00fcr computergest\u00fctzte Systeme und Datenintegrit\u00e4t ein, um sicherzustellen, dass unsere Dienstleistungen alle regulatorischen und Qualit\u00e4tsstandards erf\u00fcllen.<\/p>\n\n\n\n<h3 class=\"wp-block-heading\"><strong>Flexible Analytische Serviceoptionen<\/strong><\/h3>\n\n\n\n<p>Wir bieten au\u00dfergew\u00f6hnliche analytische Dienstleistungen f\u00fcr die pharmazeutische Entwicklung. Unser Engagement f\u00fcr Exzellenz in der analytischen Entwicklung stellt sicher, dass wir in allen Aspekten der pharmazeutischen Pr\u00fcfung und Entwicklung h\u00f6chste Qualit\u00e4t und Compliance liefern.<\/p>\n<\/div>\n<\/div>\n\n\n\n<div class=\"wp-block-columns is-layout-flex wp-container-core-columns-is-layout-9d6595d7 wp-block-columns-is-layout-flex\">\n<div class=\"wp-block-column is-layout-flow wp-block-column-is-layout-flow\" style=\"flex-basis:100%\">\n<figure class=\"wp-block-image size-large\"><img decoding=\"async\" width=\"1024\" height=\"683\" src=\"https:\/\/adragos-pharma.com\/wp-content\/uploads\/2024\/03\/3Q4A7193-1024x683.jpg\" alt=\"\" class=\"wp-image-2216\" srcset=\"https:\/\/adragos-pharma.com\/wp-content\/uploads\/2024\/03\/3Q4A7193-1024x683.jpg 1024w, https:\/\/adragos-pharma.com\/wp-content\/uploads\/2024\/03\/3Q4A7193-300x200.jpg 300w, https:\/\/adragos-pharma.com\/wp-content\/uploads\/2024\/03\/3Q4A7193-768x512.jpg 768w, https:\/\/adragos-pharma.com\/wp-content\/uploads\/2024\/03\/3Q4A7193-1536x1024.jpg 1536w, https:\/\/adragos-pharma.com\/wp-content\/uploads\/2024\/03\/3Q4A7193-2048x1365.jpg 2048w\" sizes=\"(max-width: 1024px) 100vw, 1024px\" \/><\/figure>\n<\/div>\n<\/div>\n\n\n\n<div class=\"wp-block-columns tw-rounded-xl is-layout-flex wp-container-core-columns-is-layout-abbe5815 wp-block-columns-is-layout-flex\" style=\"padding-top:0;padding-right:0;padding-bottom:0;padding-left:0\">\n<div class=\"wp-block-column tw-rounded-xl has-light-background-color has-background is-layout-flow wp-block-column-is-layout-flow\" style=\"padding-top:var(--wp--preset--spacing--70);padding-right:var(--wp--preset--spacing--70);padding-bottom:var(--wp--preset--spacing--70);padding-left:var(--wp--preset--spacing--70)\">\n<h2 class=\"wp-block-heading has-text-align-center\"><strong>Wir bieten analytische Entwicklungsdienstleistungen in Athen, Griechenland an<\/strong><\/h2>\n\n\n\n<figure class=\"wp-block-image size-large\"><img decoding=\"async\" width=\"1024\" height=\"683\" src=\"https:\/\/adragos-pharma.com\/wp-content\/uploads\/2024\/03\/3Q4A7160-1024x683.jpg\" alt=\"\" class=\"wp-image-2220\" srcset=\"https:\/\/adragos-pharma.com\/wp-content\/uploads\/2024\/03\/3Q4A7160-1024x683.jpg 1024w, https:\/\/adragos-pharma.com\/wp-content\/uploads\/2024\/03\/3Q4A7160-300x200.jpg 300w, https:\/\/adragos-pharma.com\/wp-content\/uploads\/2024\/03\/3Q4A7160-768x512.jpg 768w, https:\/\/adragos-pharma.com\/wp-content\/uploads\/2024\/03\/3Q4A7160-1536x1024.jpg 1536w, https:\/\/adragos-pharma.com\/wp-content\/uploads\/2024\/03\/3Q4A7160-2048x1365.jpg 2048w\" sizes=\"(max-width: 1024px) 100vw, 1024px\" \/><\/figure>\n\n\n\n<p class=\"has-text-align-center\" style=\"padding-top:0;padding-bottom:0\">Mit mehr als 3.000 m\u00b2 F&amp;E-Fl\u00e4che ist Adragos Athen auf die Entwicklung von Value Added Medicines spezialisiert und wurde k\u00fcrzlich mit HPAPI-F\u00e4higkeiten aufger\u00fcstet.<\/p>\n\n\n\n<div class=\"wp-block-buttons is-content-justification-center is-layout-flex wp-container-core-buttons-is-layout-16018d1d wp-block-buttons-is-layout-flex\">\n<div class=\"wp-block-button\"><a class=\"wp-block-button__link has-secondary-background-color has-background has-text-align-center wp-element-button\" href=\"https:\/\/adragos-pharma.com\/de\/athen-griechenland\/\">Standort anzeigen<\/a><\/div>\n<\/div>\n<\/div>\n<\/div>\n\n\n\n<div style=\"height:64px\" aria-hidden=\"true\" class=\"wp-block-spacer\"><\/div>\n\n\n\n<div class=\"wp-block-group\"><div class=\"wp-block-group__inner-container is-layout-constrained wp-block-group-is-layout-constrained\">\n<div class=\"wp-block-columns max-w-screen-xl w-full is-wide px-0 md:px-8 is-layout-flex wp-container-core-columns-is-layout-9d6595d7 wp-block-columns-is-layout-flex\">\n<div class=\"wp-block-column is-layout-flow wp-block-column-is-layout-flow\">\t<div class=\"tw-flex-row  tw-flex tw-justify-center\">\n\t\t<div class=\"tw-basis-80 tw-hidden md:tw-flex tw-flex-col tw-shrink-0 tw-pr-12\">\n\t\t\t<h2>Treffen Sie unsere Experten<\/h2>\n\t\t\t<p class=\"md:tw-max-w-72 xl:tw-text-lg md:tw-text-base tw-font-normal\">\n\t\t\t\tHochqualifizierte und gut ausgebildete Wissenschaftler, die sich auf die Entwicklung konzentrieren.\t\t\t<\/p>\n\t\t\t\t\t\t\t<div class=\"tw-relative\">\n\t\t\t\t\t<div class=\"tw-flex tw-gap-7 tw-absolute tw-top-10\">\n\t\t\t\t\t\t<div class=\"button-prev tw-bg-primary tw-rounded-full tw-w-12 tw-h-12 tw-flex tw-justify-center tw-items-center\">\n\t\t\t\t\t\t\t<svg width=\"23\" height=\"22\" viewBox=\"0 0 23 22\" fill=\"none\" xmlns=\"http:\/\/www.w3.org\/2000\/svg\">\n\t\t\t\t\t\t\t\t<path d=\"M10.8711 21L1.00008 11L10.8711 1\" stroke=\"white\" stroke-width=\"1.5\" stroke-linecap=\"round\" stroke-linejoin=\"round\" \/>\n\t\t\t\t\t\t\t\t<path d=\"M1.00011 11L22 11\" stroke=\"white\" stroke-width=\"1.5\" stroke-linecap=\"round\" stroke-linejoin=\"round\" \/>\n\t\t\t\t\t\t\t<\/svg>\n\t\t\t\t\t\t<\/div>\n\t\t\t\t\t\t<div class=\"button-next tw-bg-primary tw-rounded-full tw-w-12 tw-h-12 tw-flex tw-justify-center tw-items-center tw-rotate-180\">\n\t\t\t\t\t\t\t<svg width=\"23\" height=\"22\" viewBox=\"0 0 23 22\" fill=\"none\" xmlns=\"http:\/\/www.w3.org\/2000\/svg\">\n\t\t\t\t\t\t\t\t<path d=\"M10.8711 21L1.00008 11L10.8711 1\" stroke=\"white\" stroke-width=\"1.5\" stroke-linecap=\"round\" stroke-linejoin=\"round\" \/>\n\t\t\t\t\t\t\t\t<path d=\"M1.00011 11L22 11\" stroke=\"white\" stroke-width=\"1.5\" stroke-linecap=\"round\" stroke-linejoin=\"round\" \/>\n\t\t\t\t\t\t\t<\/svg>\n\t\t\t\t\t\t<\/div>\n\t\t\t\t\t<\/div>\n\t\t\t\t<\/div>\n\t\t\t\t\t<\/div>\n\t\t<div class=\"swiper team-swiper\">\n\t\t\t<div class=\"swiper-wrapper\">\n\t\t\t\t\t\t\t\t\t<a data-id=\"7541\" href=\"https:\/\/adragos-pharma.com\/de\/team\/amalia-stroumpou\/\" class=\"tw-relative tw-overflow-hidden swiper-slide\">\n\t\t\t\t\t\t<img decoding=\"async\" src=\"https:\/\/adragos-pharma.com\/wp-content\/uploads\/2024\/03\/Amalia-Stroumpou-2-560x680.jpg\" alt=\"Amalia Stroumpou\" class=\"!tw-mb-0 tw-rounded-xl tw-object-cover tw-w-full tw-h-full\" \/>\n\t\t\t\t\t\t<div class=\"custom tw-absolute tw-bottom-0\">\n\t\t\t\t\t\t\t<div class=\"tw-relative tw-z-10 tw-w-full tw-pl-6 tw-pr-9\">\n\t\t\t\t\t\t\t\t<h3 class=\"!tw-text-white tw-text-xl tw-font-bold hover:!tw-text-secondary !tw-mb-0\">Amalia Stroumpou<\/h3>\n\t\t\t\t\t\t\t\t<p class=\"!tw-text-white tw-text-base tw-font-normal tw-pt-3 tw-pb-7 !tw-mb-0\">Leiterin von GMP Analytical\/QP, Athen <\/p>\n\t\t\t\t\t\t\t<\/div>\n\t\t\t\t\t\t\t<div class=\"glass-effect\"><\/div>\n\t\t\t\t\t\t<\/div>\n\t\t\t\t\t<\/a>\n\t\t\t\t\t\t\t\t\t<a data-id=\"7535\" href=\"https:\/\/adragos-pharma.com\/de\/team\/michalis-batistatos\/\" class=\"tw-relative tw-overflow-hidden swiper-slide\">\n\t\t\t\t\t\t<img decoding=\"async\" src=\"https:\/\/adragos-pharma.com\/wp-content\/uploads\/2024\/04\/Michalis-Batistatos-560x680.jpg\" alt=\"Michalis Batistatos\" class=\"!tw-mb-0 tw-rounded-xl tw-object-cover tw-w-full tw-h-full\" \/>\n\t\t\t\t\t\t<div class=\"custom tw-absolute tw-bottom-0\">\n\t\t\t\t\t\t\t<div class=\"tw-relative tw-z-10 tw-w-full tw-pl-6 tw-pr-9\">\n\t\t\t\t\t\t\t\t<h3 class=\"!tw-text-white tw-text-xl tw-font-bold hover:!tw-text-secondary !tw-mb-0\">Michalis Batistatos<\/h3>\n\t\t\t\t\t\t\t\t<p class=\"!tw-text-white tw-text-base tw-font-normal tw-pt-3 tw-pb-7 !tw-mb-0\">Development Manager of GMP Analytical, Athens<\/p>\n\t\t\t\t\t\t\t<\/div>\n\t\t\t\t\t\t\t<div class=\"glass-effect\"><\/div>\n\t\t\t\t\t\t<\/div>\n\t\t\t\t\t<\/a>\n\t\t\t\t\t\t\t\t\t<a data-id=\"7545\" href=\"https:\/\/adragos-pharma.com\/de\/team\/giannis-siokos\/\" class=\"tw-relative tw-overflow-hidden swiper-slide\">\n\t\t\t\t\t\t<img decoding=\"async\" src=\"https:\/\/adragos-pharma.com\/wp-content\/uploads\/2024\/03\/Adragos_portraits-79-1-560x680.jpg\" alt=\"Giannis Siokos\" class=\"!tw-mb-0 tw-rounded-xl tw-object-cover tw-w-full tw-h-full\" \/>\n\t\t\t\t\t\t<div class=\"custom tw-absolute tw-bottom-0\">\n\t\t\t\t\t\t\t<div class=\"tw-relative tw-z-10 tw-w-full tw-pl-6 tw-pr-9\">\n\t\t\t\t\t\t\t\t<h3 class=\"!tw-text-white tw-text-xl tw-font-bold hover:!tw-text-secondary !tw-mb-0\">Giannis Siokos<\/h3>\n\t\t\t\t\t\t\t\t<p class=\"!tw-text-white tw-text-base tw-font-normal tw-pt-3 tw-pb-7 !tw-mb-0\">Validierungsmanager von GMP Analytical, Athen <\/p>\n\t\t\t\t\t\t\t<\/div>\n\t\t\t\t\t\t\t<div class=\"glass-effect\"><\/div>\n\t\t\t\t\t\t<\/div>\n\t\t\t\t\t<\/a>\n\t\t\t\t\t\t\t\t\t<a data-id=\"7544\" href=\"https:\/\/adragos-pharma.com\/de\/team\/maria-adamou\/\" class=\"tw-relative tw-overflow-hidden swiper-slide\">\n\t\t\t\t\t\t<img decoding=\"async\" src=\"https:\/\/adragos-pharma.com\/wp-content\/uploads\/2024\/03\/Maria-Adamou-560x680.jpg\" alt=\"Maria Adamou\" class=\"!tw-mb-0 tw-rounded-xl tw-object-cover tw-w-full tw-h-full\" \/>\n\t\t\t\t\t\t<div class=\"custom tw-absolute tw-bottom-0\">\n\t\t\t\t\t\t\t<div class=\"tw-relative tw-z-10 tw-w-full tw-pl-6 tw-pr-9\">\n\t\t\t\t\t\t\t\t<h3 class=\"!tw-text-white tw-text-xl tw-font-bold hover:!tw-text-secondary !tw-mb-0\">Maria Adamou<\/h3>\n\t\t\t\t\t\t\t\t<p class=\"!tw-text-white tw-text-base tw-font-normal tw-pt-3 tw-pb-7 !tw-mb-0\">Stabilit\u00e4tsmanager\/QP von GMP Analytical, Athen <\/p>\n\t\t\t\t\t\t\t<\/div>\n\t\t\t\t\t\t\t<div class=\"glass-effect\"><\/div>\n\t\t\t\t\t\t<\/div>\n\t\t\t\t\t<\/a>\n\t\t\t\t\t\t\t\t\t<a data-id=\"7546\" href=\"https:\/\/adragos-pharma.com\/de\/team\/konstantinos-apostolou\/\" class=\"tw-relative tw-overflow-hidden swiper-slide\">\n\t\t\t\t\t\t<img decoding=\"async\" src=\"https:\/\/adragos-pharma.com\/wp-content\/uploads\/2024\/03\/Konstantinos-Apostolou-560x680.jpg\" alt=\"Konstantinos Apostolou\" class=\"!tw-mb-0 tw-rounded-xl tw-object-cover tw-w-full tw-h-full\" \/>\n\t\t\t\t\t\t<div class=\"custom tw-absolute tw-bottom-0\">\n\t\t\t\t\t\t\t<div class=\"tw-relative tw-z-10 tw-w-full tw-pl-6 tw-pr-9\">\n\t\t\t\t\t\t\t\t<h3 class=\"!tw-text-white tw-text-xl tw-font-bold hover:!tw-text-secondary !tw-mb-0\">Konstantinos Apostolou<\/h3>\n\t\t\t\t\t\t\t\t<p class=\"!tw-text-white tw-text-base tw-font-normal tw-pt-3 tw-pb-7 !tw-mb-0\">R&amp;D Senior Manager, Athen <\/p>\n\t\t\t\t\t\t\t<\/div>\n\t\t\t\t\t\t\t<div class=\"glass-effect\"><\/div>\n\t\t\t\t\t\t<\/div>\n\t\t\t\t\t<\/a>\n\t\t\t\t\t\t\t<\/div>\n\t\t<\/div>\n\t<\/div>\n\t\n\n\n\n<div style=\"height:42px\" aria-hidden=\"true\" class=\"wp-block-spacer\"><\/div>\n<\/div>\n<\/div><style>\n            .wp-block-columns.is-wide {\n\t\t\t\tmax-width: 1280px!important;\n\t\t\t\tmargin-left: auto!important;\n\t\t\t\tmargin-right: auto!important;\n            }\n        <\/style>\n\n\n\n<div class=\"wp-block-columns max-w-screen-xl w-full is-wide px-0 md:px-8 is-layout-flex wp-container-core-columns-is-layout-9d6595d7 wp-block-columns-is-layout-flex\">\n<div class=\"wp-block-column is-layout-flow wp-block-column-is-layout-flow\">\n<section class=\"wp-block-adragos-blocks-footer-cta max-w-screen-lg bg-light mx-8 md:mx-auto px-8 py-12 text-center mt-3 mb-12 md:mb-16 rounded-xl md:mb-24 mx-auto\"><h2 class=\"\">Nimmt Kontakt zu uns auf!<\/h2><p class=\"subtitle font-light m-auto max-w-screen-sm py-6\">F\u00fcr weitere Informationen zu unserem Unternehmen und unseren Dienstleistungen wende Sie sich direkt an unser Team.<\/p><div class=\"flex flex-col md:flex-row justify-center gap-4\"><a href=\"https:\/\/adragos-pharma.com\/de\/kontakt\/\" class=\"cta-link inline-block adragos-button text-white has-primary-background-color text-center\">Senden Sie eine Nachricht<\/a><a href=\"https:\/\/meetings-eu1.hubspot.com\/lydia-marinou?ref=analytical-development-de-button\" class=\"cta-link2 inline-block adragos-button text-white has-secondary-background-color text-center\" target=\"_blank\" rel=\"noopener\">Vereinbaren Sie einen Termin<\/a><\/div><\/section>\n<\/div>\n<\/div><style>\n            .wp-block-columns.is-wide {\n\t\t\t\tmax-width: 1280px!important;\n\t\t\t\tmargin-left: auto!important;\n\t\t\t\tmargin-right: auto!important;\n            }\n        <\/style>\n<\/div><\/div>\n","protected":false},"excerpt":{"rendered":"<p>Bei Adragos sind wir auf analytische Entwicklung spezialisiert und bieten eine Reihe von Dienstleistungen an, die auf den Pharmasektor zugeschnitten sind. Unsere hochmodernen Laboratorien sind mit den neuesten Ger\u00e4ten ausgestattet, um sicherzustellen, dass alle Analysen die strengen EU-GMP-Standards und ICH-Richtlinien [&hellip;]<\/p>\n","protected":false},"author":8,"featured_media":0,"parent":6566,"menu_order":0,"comment_status":"closed","ping_status":"closed","template":"","meta":{"content-type":"","inline_featured_image":false,"footnotes":""},"class_list":["post-7340","page","type-page","status-publish","hentry"],"_links":{"self":[{"href":"https:\/\/adragos-pharma.com\/de\/wp-json\/wp\/v2\/pages\/7340","targetHints":{"allow":["GET"]}}],"collection":[{"href":"https:\/\/adragos-pharma.com\/de\/wp-json\/wp\/v2\/pages"}],"about":[{"href":"https:\/\/adragos-pharma.com\/de\/wp-json\/wp\/v2\/types\/page"}],"author":[{"embeddable":true,"href":"https:\/\/adragos-pharma.com\/de\/wp-json\/wp\/v2\/users\/8"}],"replies":[{"embeddable":true,"href":"https:\/\/adragos-pharma.com\/de\/wp-json\/wp\/v2\/comments?post=7340"}],"version-history":[{"count":15,"href":"https:\/\/adragos-pharma.com\/de\/wp-json\/wp\/v2\/pages\/7340\/revisions"}],"predecessor-version":[{"id":20838,"href":"https:\/\/adragos-pharma.com\/de\/wp-json\/wp\/v2\/pages\/7340\/revisions\/20838"}],"up":[{"embeddable":true,"href":"https:\/\/adragos-pharma.com\/de\/wp-json\/wp\/v2\/pages\/6566"}],"wp:attachment":[{"href":"https:\/\/adragos-pharma.com\/de\/wp-json\/wp\/v2\/media?parent=7340"}],"curies":[{"name":"wp","href":"https:\/\/api.w.org\/{rel}","templated":true}]}}