{"id":7342,"date":"2024-03-11T07:41:41","date_gmt":"2024-03-11T05:41:41","guid":{"rendered":"https:\/\/adragos-pharma.com\/?page_id=7342"},"modified":"2025-07-16T17:29:37","modified_gmt":"2025-07-16T15:29:37","slug":"formulierungsentwicklung","status":"publish","type":"page","link":"https:\/\/adragos-pharma.com\/de\/arzneimittelentwicklung\/formulierungsentwicklung\/","title":{"rendered":"Formulierungsentwicklung"},"content":{"rendered":"\n<section class=\"wp-block-adragos-blocks-header relative has-primary-background-color bg-pattern bg-cover max-w-full bg-bottom px-3 pt-10 pb-44 md:pt-16 md:pb-44 has-background\"><div class=\"relative z-30 max-w-screen-xl px-6 m-auto\"><nav class=\"flex mb-4\" aria-label=\"Breadcrumb\"><ol class=\"inline-flex items-center space-x-1 md:space-x-2 rtl:space-x-reverse\"><li class=\"inline-flex items-center\"><a href=\"https:\/\/adragos-pharma.com\/de\/\" class=\"inline-flex items-center text-sm font-medium text-white hover:text-primary\"><svg class=\"w-3 h-3 me-2.5\" aria-hidden=\"true\" xmlns=\"http:\/\/www.w3.org\/2000\/svg\" fill=\"currentColor\" viewBox=\"0 0 20 20\"><path d=\"m19.707 9.293-2-2-7-7a1 1 0 0 0-1.414 0l-7 7-2 2a1 1 0 0 0 1.414 1.414L2 10.414V18a2 2 0 0 0 2 2h3a1 1 0 0 0 1-1v-4a1 1 0 0 1 1-1h2a1 1 0 0 1 1 1v4a1 1 0 0 0 1 1h3a2 2 0 0 0 2-2v-7.586l.293.293a1 1 0 0 0 1.414-1.414Z\"><\/path><\/svg>Home<\/a><\/li><li><div class=\"flex items-center\"><svg class=\"rtl:rotate-180 w-3 h-3 text-white mx-1\" aria-hidden=\"true\" xmlns=\"http:\/\/www.w3.org\/2000\/svg\" fill=\"none\" viewBox=\"0 0 6 10\"><path stroke=\"currentColor\" stroke-linecap=\"round\" stroke-linejoin=\"round\" stroke-width=\"2\" d=\"m1 9 4-4-4-4\"><\/path><\/svg><a href=\"https:\/\/adragos-pharma.com\/de\/arzneimittelentwicklung\/\" class=\"ms-1 text-sm font-medium text-white hover:text-primary md:ms-2\">Arzneimittelentwicklung<\/a><\/div><\/li><li class=\"hidden md:inline-block\" aria-current=\"page\"><div class=\"flex items-center\"><svg class=\"rtl:rotate-180 w-3 h-3 text-white mx-1\" aria-hidden=\"true\" xmlns=\"http:\/\/www.w3.org\/2000\/svg\" fill=\"none\" viewBox=\"0 0 6 10\"><path stroke=\"currentColor\" stroke-linecap=\"round\" stroke-linejoin=\"round\" stroke-width=\"2\" d=\"m1 9 4-4-4-4\"><\/path><\/svg><span class=\"ms-1 text-sm font-medium text-white md:ms-2\">Formulierungsentwicklung<\/span><\/div><\/li><\/ol><\/nav><h1 class=\"text-3xl md:text-4xl text-white\">Formulierungsentwicklung<\/h1><\/div><div class=\"bg-wave absolute left-0 bottom-0 h-52 bg-repeat-x bg-[center_bottom] w-full\"><\/div><\/section>\n\n\n\n<div class=\"wp-block-columns max-w-screen-xl w-full is-wide px-0 md:px-8 is-layout-flex wp-container-core-columns-is-layout-9d6595d7 wp-block-columns-is-layout-flex\">\n<div class=\"wp-block-column is-layout-flow wp-block-column-is-layout-flow\">\n<p><br>Wir zeichnen uns durch die Bereitstellung von Dienstleistungen im Bereich der pharmazeutischen Formulierungsentwicklung aus, indem wir kundenspezifische Strategien implementieren, um die Produktbed\u00fcrfnisse unserer Kunden zu erf\u00fcllen. Unsere Expertise gew\u00e4hrleistet erstklassige Ergebnisse in jeder Phase des Formulierungsentwicklungsprozesses und die Einhaltung strenger ICH-Richtlinien.<\/p>\n\n\n\n<div class=\"wp-block-columns is-layout-flex wp-container-core-columns-is-layout-9d6595d7 wp-block-columns-is-layout-flex\">\n<div class=\"wp-block-column is-layout-flow wp-block-column-is-layout-flow\">\n<figure class=\"wp-block-image size-large\"><img decoding=\"async\" width=\"1024\" height=\"683\" src=\"https:\/\/adragos-pharma.com\/wp-content\/uploads\/2024\/03\/3Q4A7436-1-1024x683.jpg\" alt=\"\" class=\"wp-image-2222\" srcset=\"https:\/\/adragos-pharma.com\/wp-content\/uploads\/2024\/03\/3Q4A7436-1-1024x683.jpg 1024w, https:\/\/adragos-pharma.com\/wp-content\/uploads\/2024\/03\/3Q4A7436-1-300x200.jpg 300w, https:\/\/adragos-pharma.com\/wp-content\/uploads\/2024\/03\/3Q4A7436-1-768x512.jpg 768w, https:\/\/adragos-pharma.com\/wp-content\/uploads\/2024\/03\/3Q4A7436-1-1536x1024.jpg 1536w, https:\/\/adragos-pharma.com\/wp-content\/uploads\/2024\/03\/3Q4A7436-1-2048x1365.jpg 2048w\" sizes=\"(max-width: 1024px) 100vw, 1024px\" \/><\/figure>\n<\/div>\n<\/div>\n\n\n\n<h2 class=\"wp-block-heading\"><strong>Unser umfassender Formulierungsentwicklungsprozess<\/strong><\/h2>\n\n\n\n<h3 class=\"wp-block-heading\">1. <strong>Pr\u00e4formulierungsphase:<\/strong><\/h3>\n\n\n\n<p>Um den Formulierungsentwicklungsprozess zu beginnen, f\u00fchren wir eine umfassende Analyse bibliographischer Daten durch, \u00fcberpr\u00fcfen bestehende Patente und untersuchen die relevantesten physikalisch-chemischen Eigenschaften der in Frage kommenden Wirkstoffe.<\/p>\n\n\n\n<h3 class=\"wp-block-heading\"><strong>2. Entwicklungsformulierungsphase:<\/strong><\/h3>\n\n\n\n<p>In der n\u00e4chsten Phase f\u00fchrt unser Team sorgf\u00e4ltige Screening- und Optimierungsstudien durch, die speziell auf die besonderen Eigenschaften des Projekts zugeschnitten sind. Dieser Ansatz erm\u00f6glicht uns, detaillierte Informationen zu gewinnen, die zur Definition der optimalen Zusammensetzung erforderlich sind. Die Expertise im Bereich Specialty Pharma stellt sicher, dass unsere Methoden mit den neuesten ICH-Richtlinien \u00fcbereinstimmen und die Prinzipien und Werkzeuge von Quality by Design (QbD) einbeziehen. W\u00e4hrend der Entwicklungsphase setzen wir statistische Versuchsplanung und Risikobewertungstechniken ein. Dar\u00fcber hinaus ist die Entwicklung analytischer Methoden ein wesentlicher Bestandteil dieser Phase, um umfassende und pr\u00e4zise Ergebnisse zu gew\u00e4hrleisten.<a id=\"_msocom_1\"><\/a><\/p>\n\n\n\n<h3 class=\"wp-block-heading\"><strong>3.Prozessentwicklungsphase:<\/strong><\/h3>\n\n\n\n<p>Modernste Ger\u00e4te werden eingesetzt, um Prozesse im industriellen Ma\u00dfstab zu simulieren und kritische Prozessparameter Zu hinterfragen, um robuste und \u00fcbertragbare Prozesse zu etablieren. Diese Flexibilit\u00e4t unterst\u00fctzt den nahtlosen \u00dcbergang von der Forschung und Entwicklung zum Produktionsma\u00dfstab. Specialty Pharma-F\u00e4higkeiten sind entscheidend f\u00fcr die Verfeinerung dieser Prozesse, um Industriestandards zu erf\u00fcllen.<\/p>\n\n\n\n<h3 class=\"wp-block-heading\"><strong>4. Scale-Up-Phase:&nbsp;<\/strong><\/h3>\n\n\n\n<p>Unser Team verwaltet gekonnt Scale-Up-Aufgaben, um die mit dem Technologietransfer w\u00e4hrend des Formulierungsentwicklungsprozesses verbundenen Risiken zu reduzieren.<\/p>\n\n\n\n<h2 class=\"wp-block-heading\"><strong>Formulierungsentwicklungsdienstleistungen<\/strong><\/h2>\n\n\n\n<p>Unsere Formulierungsentwicklungsdienstleistungen decken alle Aspekte ab, die f\u00fcr eine erfolgreiche pharmazeutische Formulierungsentwicklung unerl\u00e4sslich sind:<\/p>\n\n\n\n<ul class=\"wp-block-list\">\n<li>Technologietransfer<\/li>\n<\/ul>\n\n\n\n<ul class=\"wp-block-list\">\n<li>IP-Recherche<\/li>\n<\/ul>\n\n\n\n<ul class=\"wp-block-list\">\n<li>API-Charakterisierung<\/li>\n<\/ul>\n\n\n\n<ul class=\"wp-block-list\">\n<li>Pr\u00e4formulierung<\/li>\n<\/ul>\n\n\n\n<ul class=\"wp-block-list\">\n<li>Formulierungsentwicklung<\/li>\n<\/ul>\n\n\n\n<ul class=\"wp-block-list\">\n<li>Entwicklung analytischer Methoden<\/li>\n<\/ul>\n\n\n\n<ul class=\"wp-block-list\">\n<li>Prozessentwicklung<\/li>\n<\/ul>\n<\/div>\n<\/div><style>\n            .wp-block-columns.is-wide {\n\t\t\t\tmax-width: 1280px!important;\n\t\t\t\tmargin-left: auto!important;\n\t\t\t\tmargin-right: auto!important;\n            }\n        <\/style>\n\n\n\n<div class=\"wp-block-columns tw-rounded-xl is-layout-flex wp-container-core-columns-is-layout-abbe5815 wp-block-columns-is-layout-flex\" style=\"padding-top:0;padding-right:0;padding-bottom:0;padding-left:0\">\n<div class=\"wp-block-column tw-rounded-xl has-light-background-color has-background is-layout-flow wp-block-column-is-layout-flow\" style=\"padding-top:var(--wp--preset--spacing--70);padding-right:var(--wp--preset--spacing--70);padding-bottom:var(--wp--preset--spacing--70);padding-left:var(--wp--preset--spacing--70)\">\n<h2 class=\"wp-block-heading has-text-align-center\"><strong>Wir bieten Formulierungsentwicklungsdienstleistungen<\/strong> <strong>in Athen, Griechenland an<\/strong>:<\/h2>\n\n\n\n<figure class=\"wp-block-image size-large\"><img decoding=\"async\" width=\"1024\" height=\"683\" src=\"https:\/\/adragos-pharma.com\/wp-content\/uploads\/2024\/03\/3Q4A7280-1024x683.jpg\" alt=\"\" class=\"wp-image-2279\" srcset=\"https:\/\/adragos-pharma.com\/wp-content\/uploads\/2024\/03\/3Q4A7280-1024x683.jpg 1024w, https:\/\/adragos-pharma.com\/wp-content\/uploads\/2024\/03\/3Q4A7280-300x200.jpg 300w, https:\/\/adragos-pharma.com\/wp-content\/uploads\/2024\/03\/3Q4A7280-768x512.jpg 768w, https:\/\/adragos-pharma.com\/wp-content\/uploads\/2024\/03\/3Q4A7280-1536x1024.jpg 1536w, https:\/\/adragos-pharma.com\/wp-content\/uploads\/2024\/03\/3Q4A7280-2048x1365.jpg 2048w\" sizes=\"(max-width: 1024px) 100vw, 1024px\" \/><\/figure>\n\n\n\n<p class=\"has-text-align-center\" style=\"padding-top:0;padding-bottom:0\">Mit mehr als 3.000 m\u00b2 F&amp;E-Fl\u00e4che ist Adragos Athen auf die Entwicklung von Value Added Medicines spezialisiert und wurde k\u00fcrzlich mit HPAPI-F\u00e4higkeiten aufger\u00fcstet. Standort anzeigen<\/p>\n\n\n\n<div class=\"wp-block-buttons is-content-justification-center is-layout-flex wp-container-core-buttons-is-layout-16018d1d wp-block-buttons-is-layout-flex\">\n<div class=\"wp-block-button\"><a class=\"wp-block-button__link has-secondary-background-color has-background has-text-align-center wp-element-button\" href=\"\/de\/?page_id=7355\">Standort ansehen<\/a><\/div>\n<\/div>\n<\/div>\n<\/div>\n\n\n\n<div class=\"wp-block-group\"><div class=\"wp-block-group__inner-container is-layout-constrained wp-block-group-is-layout-constrained\">\n<div class=\"wp-block-columns max-w-screen-xl w-full is-wide px-0 md:px-8 is-layout-flex wp-container-core-columns-is-layout-9d6595d7 wp-block-columns-is-layout-flex\">\n<div class=\"wp-block-column is-layout-flow wp-block-column-is-layout-flow\">\t<div class=\"tw-flex-row  tw-flex tw-justify-center\">\n\t\t<div class=\"tw-basis-80 tw-hidden md:tw-flex tw-flex-col tw-shrink-0 tw-pr-12\">\n\t\t\t<h2>Meet our Experts<\/h2>\n\t\t\t<p class=\"md:tw-max-w-72 xl:tw-text-lg md:tw-text-base tw-font-normal\">\n\t\t\t\tHighly skilled and experienced in their field.\t\t\t<\/p>\n\t\t\t\t\t<\/div>\n\t\t<div class=\"swiper team-swiper\">\n\t\t\t<div class=\"swiper-wrapper\">\n\t\t\t\t\t\t\t\t\t<a data-id=\"7537\" href=\"https:\/\/adragos-pharma.com\/de\/team\/argyro-stappa\/\" class=\"tw-relative tw-overflow-hidden swiper-slide\">\n\t\t\t\t\t\t<img decoding=\"async\" src=\"https:\/\/adragos-pharma.com\/wp-content\/uploads\/2024\/03\/Argyro-Stappa-2-560x680.jpg\" alt=\"Argyro Stappa\" class=\"!tw-mb-0 tw-rounded-xl tw-object-cover tw-w-full tw-h-full\" \/>\n\t\t\t\t\t\t<div class=\"custom tw-absolute tw-bottom-0\">\n\t\t\t\t\t\t\t<div class=\"tw-relative tw-z-10 tw-w-full tw-pl-6 tw-pr-9\">\n\t\t\t\t\t\t\t\t<h3 class=\"!tw-text-white tw-text-xl tw-font-bold hover:!tw-text-secondary !tw-mb-0\">Argyro Stappa<\/h3>\n\t\t\t\t\t\t\t\t<p class=\"!tw-text-white tw-text-base tw-font-normal tw-pt-3 tw-pb-7 !tw-mb-0\">Leiterin F&amp;E, Athen <\/p>\n\t\t\t\t\t\t\t<\/div>\n\t\t\t\t\t\t\t<div class=\"glass-effect\"><\/div>\n\t\t\t\t\t\t<\/div>\n\t\t\t\t\t<\/a>\n\t\t\t\t\t\t\t\t\t<a data-id=\"7546\" href=\"https:\/\/adragos-pharma.com\/de\/team\/konstantinos-apostolou\/\" class=\"tw-relative tw-overflow-hidden swiper-slide\">\n\t\t\t\t\t\t<img decoding=\"async\" src=\"https:\/\/adragos-pharma.com\/wp-content\/uploads\/2024\/03\/Konstantinos-Apostolou-560x680.jpg\" alt=\"Konstantinos Apostolou\" class=\"!tw-mb-0 tw-rounded-xl tw-object-cover tw-w-full tw-h-full\" \/>\n\t\t\t\t\t\t<div class=\"custom tw-absolute tw-bottom-0\">\n\t\t\t\t\t\t\t<div class=\"tw-relative tw-z-10 tw-w-full tw-pl-6 tw-pr-9\">\n\t\t\t\t\t\t\t\t<h3 class=\"!tw-text-white tw-text-xl tw-font-bold hover:!tw-text-secondary !tw-mb-0\">Konstantinos Apostolou<\/h3>\n\t\t\t\t\t\t\t\t<p class=\"!tw-text-white tw-text-base tw-font-normal tw-pt-3 tw-pb-7 !tw-mb-0\">R&amp;D Senior Manager, Athen <\/p>\n\t\t\t\t\t\t\t<\/div>\n\t\t\t\t\t\t\t<div class=\"glass-effect\"><\/div>\n\t\t\t\t\t\t<\/div>\n\t\t\t\t\t<\/a>\n\t\t\t\t\t\t\t\t\t<a data-id=\"7548\" href=\"https:\/\/adragos-pharma.com\/de\/team\/akis-loukas\/\" class=\"tw-relative tw-overflow-hidden swiper-slide\">\n\t\t\t\t\t\t<img decoding=\"async\" src=\"https:\/\/adragos-pharma.com\/wp-content\/uploads\/2024\/03\/Akis-Loukas-560x680.jpg\" alt=\"Akis Loukas\" class=\"!tw-mb-0 tw-rounded-xl tw-object-cover tw-w-full tw-h-full\" \/>\n\t\t\t\t\t\t<div class=\"custom tw-absolute tw-bottom-0\">\n\t\t\t\t\t\t\t<div class=\"tw-relative tw-z-10 tw-w-full tw-pl-6 tw-pr-9\">\n\t\t\t\t\t\t\t\t<h3 class=\"!tw-text-white tw-text-xl tw-font-bold hover:!tw-text-secondary !tw-mb-0\">Akis Loukas<\/h3>\n\t\t\t\t\t\t\t\t<p class=\"!tw-text-white tw-text-base tw-font-normal tw-pt-3 tw-pb-7 !tw-mb-0\">Senior Manager f\u00fcr Formulierung, Athen <\/p>\n\t\t\t\t\t\t\t<\/div>\n\t\t\t\t\t\t\t<div class=\"glass-effect\"><\/div>\n\t\t\t\t\t\t<\/div>\n\t\t\t\t\t<\/a>\n\t\t\t\t\t\t\t<\/div>\n\t\t<\/div>\n\t<\/div>\n\t\n\n\n\n<div style=\"height:42px\" aria-hidden=\"true\" class=\"wp-block-spacer\"><\/div>\n<\/div>\n<\/div><style>\n            .wp-block-columns.is-wide {\n\t\t\t\tmax-width: 1280px!important;\n\t\t\t\tmargin-left: auto!important;\n\t\t\t\tmargin-right: auto!important;\n            }\n        <\/style>\n\n\n\n<div class=\"wp-block-columns max-w-screen-xl w-full is-wide px-0 md:px-8 is-layout-flex wp-container-core-columns-is-layout-9d6595d7 wp-block-columns-is-layout-flex\">\n<div class=\"wp-block-column is-layout-flow wp-block-column-is-layout-flow\">\n<section class=\"wp-block-adragos-blocks-footer-cta max-w-screen-lg bg-light mx-8 md:mx-auto px-8 py-12 text-center mt-3 mb-12 md:mb-16 rounded-xl md:mb-24 mx-auto\"><h2 class=\"\">Nimmt Kontakt zu uns auf!<\/h2><p class=\"subtitle font-light m-auto max-w-screen-sm py-6\">F\u00fcr weitere Informationen zu unserem Unternehmen und unseren Dienstleistungen wende Sie sich direkt an unser Team.<\/p><div class=\"flex flex-col md:flex-row justify-center gap-4\"><a href=\"https:\/\/adragos-pharma.com\/de\/kontakt\/\" class=\"cta-link inline-block adragos-button text-white has-primary-background-color text-center\">Senden Sie eine Nachricht<\/a><a href=\"https:\/\/meetings-eu1.hubspot.com\/lydia-marinou?ref=formulation-development-de-button\" class=\"cta-link2 inline-block adragos-button text-white has-secondary-background-color text-center\" target=\"_blank\" rel=\"noopener\">Vereinbaren Sie einen Termin<\/a><\/div><\/section>\n<\/div>\n<\/div><style>\n            .wp-block-columns.is-wide {\n\t\t\t\tmax-width: 1280px!important;\n\t\t\t\tmargin-left: auto!important;\n\t\t\t\tmargin-right: auto!important;\n            }\n        <\/style>\n<\/div><\/div>\n","protected":false},"excerpt":{"rendered":"<p>Wir zeichnen uns durch die Bereitstellung von Dienstleistungen im Bereich der pharmazeutischen Formulierungsentwicklung aus, indem wir kundenspezifische Strategien implementieren, um die Produktbed\u00fcrfnisse unserer Kunden zu erf\u00fcllen. Unsere Expertise gew\u00e4hrleistet erstklassige Ergebnisse in jeder Phase des Formulierungsentwicklungsprozesses und die Einhaltung strenger [&hellip;]<\/p>\n","protected":false},"author":8,"featured_media":0,"parent":6566,"menu_order":0,"comment_status":"closed","ping_status":"closed","template":"","meta":{"content-type":"","inline_featured_image":false,"footnotes":""},"class_list":["post-7342","page","type-page","status-publish","hentry"],"_links":{"self":[{"href":"https:\/\/adragos-pharma.com\/de\/wp-json\/wp\/v2\/pages\/7342","targetHints":{"allow":["GET"]}}],"collection":[{"href":"https:\/\/adragos-pharma.com\/de\/wp-json\/wp\/v2\/pages"}],"about":[{"href":"https:\/\/adragos-pharma.com\/de\/wp-json\/wp\/v2\/types\/page"}],"author":[{"embeddable":true,"href":"https:\/\/adragos-pharma.com\/de\/wp-json\/wp\/v2\/users\/8"}],"replies":[{"embeddable":true,"href":"https:\/\/adragos-pharma.com\/de\/wp-json\/wp\/v2\/comments?post=7342"}],"version-history":[{"count":19,"href":"https:\/\/adragos-pharma.com\/de\/wp-json\/wp\/v2\/pages\/7342\/revisions"}],"predecessor-version":[{"id":20837,"href":"https:\/\/adragos-pharma.com\/de\/wp-json\/wp\/v2\/pages\/7342\/revisions\/20837"}],"up":[{"embeddable":true,"href":"https:\/\/adragos-pharma.com\/de\/wp-json\/wp\/v2\/pages\/6566"}],"wp:attachment":[{"href":"https:\/\/adragos-pharma.com\/de\/wp-json\/wp\/v2\/media?parent=7342"}],"curies":[{"name":"wp","href":"https:\/\/api.w.org\/{rel}","templated":true}]}}