{"id":7812,"date":"2024-03-11T07:34:52","date_gmt":"2024-03-11T05:34:52","guid":{"rendered":"https:\/\/adragos-pharma.com\/?page_id=7812"},"modified":"2025-10-08T14:20:15","modified_gmt":"2025-10-08T12:20:15","slug":"kontaktiere-uns","status":"publish","type":"page","link":"https:\/\/adragos-pharma.com\/de\/kontaktiere-uns\/","title":{"rendered":"Kontakt"},"content":{"rendered":"\n<section class=\"wp-block-adragos-blocks-header relative has-primary-background-color bg-pattern flex flex-col bg-cover max-w-full bg-bottom items-center justify-center text-center text-black px-3 pt-20 pb-44 md:pt-36 md:pb-56 has-dark-blue-background-color has-background\"><div class=\"relative z-30 max-w-screen-xl px-6 m-auto\"><h1 class=\"text-white\">Kontakt<\/h1><p class=\"mt-6 m-auto max-w-screen-sm text-white text-lg\">Wir sind eine weltweit t\u00e4tige Organisation f\u00fcr Auftragsentwicklung und -herstellung (CDMO). Unsere Expertise liegt in der Erf\u00fcllung der Anforderungen der pharmazeutischen Industrie in Europa, Japan und Nordamerika.<\/p><\/div><div class=\"bg-wave absolute left-0 bottom-0 h-52 bg-repeat-x bg-[center_bottom] w-full\"><\/div><\/section>\n\n\n\n<div class=\"wp-block-columns is-layout-flex wp-container-core-columns-is-layout-9d6595d7 wp-block-columns-is-layout-flex\">\n<div class=\"wp-block-column is-layout-flow wp-block-column-is-layout-flow\">\n<h2 class=\"wp-block-heading has-text-align-center\">Nimmt Kontakt zu uns auf!<\/h2>\n\n\n\n<p class=\"has-text-align-center\">F\u00fcr weitere Informationen zu unserem Unternehmen und unseren Dienstleistungen wende Dich direkt an unser Team.<\/p>\n\n\n\n<script charset=\"utf-8\" type=\"text\/javascript\" src=\"\/\/js-eu1.hsforms.net\/forms\/embed\/v2.js\"><\/script>\n<script>\n  hbspt.forms.create({\n    portalId: \"26760738\",\n    formId: \"c7bf6e29-a2d4-4ea7-b5b4-ececa13c268a\"\n  });\n<\/script>\n<\/div>\n<\/div>\n\n\n\n<div class=\"wp-block-columns is-layout-flex wp-container-core-columns-is-layout-9d6595d7 wp-block-columns-is-layout-flex\">\n<div class=\"wp-block-column is-layout-flow wp-block-column-is-layout-flow\"><\/div>\n<\/div>\n\n\n\n<div class=\"wp-block-group has-white-color has-dark-blue-background-color has-text-color has-background has-link-color wp-elements-ebe9e9083d6a7527b8939be03147ed1a\" style=\"padding-top:var(--wp--preset--spacing--70);padding-bottom:var(--wp--preset--spacing--80)\"><div class=\"wp-block-group__inner-container is-layout-constrained wp-block-group-is-layout-constrained\">\n<div class=\"wp-block-columns max-w-screen-xl w-full is-wide px-0 md:px-8 is-layout-flex wp-container-core-columns-is-layout-9d6595d7 wp-block-columns-is-layout-flex\">\n<div class=\"wp-block-column is-layout-flow wp-block-column-is-layout-flow\">\n<h3 class=\"wp-block-heading has-white-color has-text-color has-link-color wp-elements-fcfed4f5d2fab71ab9e3e8ed895922e4\">Unsere Standorte&nbsp;<br><\/h3>\n<\/div>\n\n\n\n<div class=\"wp-block-column is-layout-flow wp-block-column-is-layout-flow\">\n<h3 class=\"wp-block-heading has-white-color has-text-color has-link-color wp-elements-c6312def0988ad0c2aea3674c3fc5a7b\"><strong><a href=\"https:\/\/adragos-pharma.com\/de\/athen-griechenland\/\">Athen, Griechenland<\/a><\/strong><\/h3>\n\n\n\n<ul class=\"wp-block-list adragos-list\">\n<li>+30 21 0323 2789<\/li>\n\n\n\n<li>59, Ioannou Metaxa str., 19441 Koropi, Greece<\/li>\n<\/ul>\n<\/div>\n\n\n\n<div class=\"wp-block-column is-layout-flow wp-block-column-is-layout-flow\">\n<h3 class=\"wp-block-heading has-white-color has-text-color has-link-color wp-elements-09c10643136e7a1dc48d9a42f2ed50ea\"><a href=\"https:\/\/adragos-pharma.com\/de\/leipzig-deutschland\/\">Leipzig,&nbsp;<strong>Deutschland<\/strong><\/a><\/h3>\n\n\n\n<ul class=\"wp-block-list adragos-list\">\n<li>+49 341 25820<\/li>\n\n\n\n<li>Elisabeth-Schumacher-Stra\u00dfe 54-56, 04328 Leipzig, Germany<\/li>\n<\/ul>\n<\/div>\n<\/div><style>\n            .wp-block-columns.is-wide {\n\t\t\t\tmax-width: 1280px!important;\n\t\t\t\tmargin-left: auto!important;\n\t\t\t\tmargin-right: auto!important;\n            }\n        <\/style>\n\n\n\n<div class=\"wp-block-columns max-w-screen-xl w-full is-wide px-0 md:px-8 is-layout-flex wp-container-core-columns-is-layout-9d6595d7 wp-block-columns-is-layout-flex\">\n<div class=\"wp-block-column is-layout-flow wp-block-column-is-layout-flow\"><\/div>\n\n\n\n<div class=\"wp-block-column is-layout-flow wp-block-column-is-layout-flow\">\n<h3 class=\"wp-block-heading has-white-color has-text-color has-link-color wp-elements-77cb0ef4507584bf58ebf8fa60005e4a\"><a href=\"https:\/\/adragos-pharma.com\/de\/halden-norwegen\/\"><strong>Halden, Norwegen<\/strong>&nbsp;<\/a><\/h3>\n\n\n\n<ul class=\"wp-block-list adragos-list\">\n<li>+47 6921 1100<\/li>\n\n\n\n<li>Svinesundsveien 80, NO-1788 Halden, Norway<\/li>\n<\/ul>\n\n\n\n<h3 class=\"wp-block-heading has-white-color has-text-color has-link-color wp-elements-09a2382e09a8b614d2a96e2827533eb3\"><a href=\"https:\/\/adragos-pharma.com\/de\/kawagoe-japan\/\">Kawagoe, Japan<\/a><\/h3>\n\n\n\n<ul class=\"wp-block-list adragos-list\">\n<li>+81 (0) 49 243 1273<\/li>\n\n\n\n<li>1-3-2 Minamidai, Kawagoe, Saitama 350-1165, Japan<\/li>\n<\/ul>\n<\/div>\n\n\n\n<div class=\"wp-block-column is-layout-flow wp-block-column-is-layout-flow\">\n<h3 class=\"wp-block-heading has-white-color has-text-color has-link-color wp-elements-2cabe5dabcc63a30c75f2079f761ea27\"><a href=\"https:\/\/adragos-pharma.com\/de\/livron-frankreich\/\">Livron,&nbsp;<strong>Frankreich<\/strong><\/a><\/h3>\n\n\n\n<ul class=\"wp-block-list adragos-list\">\n<li>+33 4 75 61 02 00<\/li>\n\n\n\n<li>1 Rue Comt\u00e9 de Sinard, 26250 Livron-sur-Dr\u00f4me, France<\/li>\n<\/ul>\n\n\n\n<h3 class=\"wp-block-heading has-white-color has-text-color has-link-color wp-elements-fba6e472db12d1e6fdc46131fa641abb\"><a href=\"https:\/\/adragos-pharma.com\/de\/jura-schweiz\/\">Courroux, Jura, Schweiz<\/a><\/h3>\n\n\n\n<ul class=\"wp-block-list adragos-list\">\n<li>+ 41 32 420 76 40<\/li>\n\n\n\n<li>Rue de la Source 3, 2822 Courroux, Schweiz<\/li>\n<\/ul>\n<\/div>\n<\/div><style>\n            .wp-block-columns.is-wide {\n\t\t\t\tmax-width: 1280px!important;\n\t\t\t\tmargin-left: auto!important;\n\t\t\t\tmargin-right: auto!important;\n            }\n        <\/style>\n\n\n\n<div class=\"wp-block-columns max-w-screen-xl w-full is-wide px-0 md:px-8 is-layout-flex wp-container-core-columns-is-layout-9d6595d7 wp-block-columns-is-layout-flex\">\n<div class=\"wp-block-column is-layout-flow wp-block-column-is-layout-flow\">\n<h3 class=\"wp-block-heading has-white-color has-text-color has-link-color wp-elements-4958eb7eca137760eb9fba25360f599b\">Unsere B\u00fcros<\/h3>\n\n\n\n<ul class=\"wp-block-list adragos-list\">\n<li><\/li>\n<\/ul>\n<\/div>\n\n\n\n<div class=\"wp-block-column is-layout-flow wp-block-column-is-layout-flow\">\n<h3 class=\"wp-block-heading has-white-color has-text-color has-link-color wp-elements-03e02bcdda45e9ad12b5035d182873e4\">M\u00fcnchen, Deutschland<\/h3>\n\n\n\n<ul class=\"wp-block-list adragos-list\">\n<li>Hauptsitz<\/li>\n\n\n\n<li>Sonnenstra\u00dfe 17,\u200b 80331 Munich, Germany<\/li>\n<\/ul>\n<\/div>\n\n\n\n<div class=\"wp-block-column is-layout-flow wp-block-column-is-layout-flow\">\n<h3 class=\"wp-block-heading has-white-color has-text-color has-link-color wp-elements-5adc02bc08f6a0c7bd38d0ccdcb75f5e\">Tokyo, Japan<\/h3>\n\n\n\n<ul class=\"wp-block-list adragos-list\">\n<li>Regionaler Hauptsitz<\/li>\n\n\n\n<li>+81 (0) 3 6807 5618<\/li>\n<\/ul>\n<\/div>\n<\/div><style>\n            .wp-block-columns.is-wide {\n\t\t\t\tmax-width: 1280px!important;\n\t\t\t\tmargin-left: auto!important;\n\t\t\t\tmargin-right: auto!important;\n            }\n        <\/style>\n<\/div><\/div>\n","protected":false},"excerpt":{"rendered":"<p>Nimmt Kontakt zu uns auf! F\u00fcr weitere Informationen zu unserem Unternehmen und unseren Dienstleistungen wende Dich direkt an unser Team. Unsere Standorte&nbsp; Athen, Griechenland Leipzig,&nbsp;Deutschland Halden, Norwegen&nbsp; Kawagoe, Japan Livron,&nbsp;Frankreich Courroux, Jura, Schweiz Unsere B\u00fcros M\u00fcnchen, Deutschland Tokyo, Japan<\/p>\n","protected":false},"author":8,"featured_media":0,"parent":0,"menu_order":0,"comment_status":"closed","ping_status":"closed","template":"","meta":{"content-type":"","inline_featured_image":false,"footnotes":""},"class_list":["post-7812","page","type-page","status-publish","hentry"],"_links":{"self":[{"href":"https:\/\/adragos-pharma.com\/de\/wp-json\/wp\/v2\/pages\/7812","targetHints":{"allow":["GET"]}}],"collection":[{"href":"https:\/\/adragos-pharma.com\/de\/wp-json\/wp\/v2\/pages"}],"about":[{"href":"https:\/\/adragos-pharma.com\/de\/wp-json\/wp\/v2\/types\/page"}],"author":[{"embeddable":true,"href":"https:\/\/adragos-pharma.com\/de\/wp-json\/wp\/v2\/users\/8"}],"replies":[{"embeddable":true,"href":"https:\/\/adragos-pharma.com\/de\/wp-json\/wp\/v2\/comments?post=7812"}],"version-history":[{"count":14,"href":"https:\/\/adragos-pharma.com\/de\/wp-json\/wp\/v2\/pages\/7812\/revisions"}],"predecessor-version":[{"id":22741,"href":"https:\/\/adragos-pharma.com\/de\/wp-json\/wp\/v2\/pages\/7812\/revisions\/22741"}],"wp:attachment":[{"href":"https:\/\/adragos-pharma.com\/de\/wp-json\/wp\/v2\/media?parent=7812"}],"curies":[{"name":"wp","href":"https:\/\/api.w.org\/{rel}","templated":true}]}}