{"id":10276,"date":"2024-03-17T12:30:08","date_gmt":"2024-03-17T10:30:08","guid":{"rendered":"https:\/\/adragos-pharma.com\/?page_id=10276"},"modified":"2025-07-03T17:02:36","modified_gmt":"2025-07-03T15:02:36","slug":"cgu","status":"publish","type":"page","link":"https:\/\/adragos-pharma.com\/fr\/cgu\/","title":{"rendered":"Conditions G\u00e9n\u00e9rales d&rsquo;Utilisation (CGU)"},"content":{"rendered":"\n<section class=\"wp-block-adragos-blocks-header relative has-primary-background-color bg-pattern bg-cover max-w-full bg-bottom px-3 pt-10 pb-44 md:pt-16 md:pb-44\"><div class=\"relative z-30 max-w-screen-xl px-6 m-auto\"><nav class=\"flex mb-4\" aria-label=\"Breadcrumb\"><ol class=\"inline-flex items-center space-x-1 md:space-x-2 rtl:space-x-reverse\"><li class=\"inline-flex items-center\"><a href=\"https:\/\/adragos-pharma.com\/fr\/\" class=\"inline-flex items-center text-sm font-medium text-white hover:text-primary\"><svg class=\"w-3 h-3 me-2.5\" aria-hidden=\"true\" xmlns=\"http:\/\/www.w3.org\/2000\/svg\" fill=\"currentColor\" viewBox=\"0 0 20 20\"><path d=\"m19.707 9.293-2-2-7-7a1 1 0 0 0-1.414 0l-7 7-2 2a1 1 0 0 0 1.414 1.414L2 10.414V18a2 2 0 0 0 2 2h3a1 1 0 0 0 1-1v-4a1 1 0 0 1 1-1h2a1 1 0 0 1 1 1v4a1 1 0 0 0 1 1h3a2 2 0 0 0 2-2v-7.586l.293.293a1 1 0 0 0 1.414-1.414Z\"><\/path><\/svg>Home<\/a><\/li><li class=\"hidden md:inline-block\" aria-current=\"page\"><div class=\"flex items-center\"><svg class=\"rtl:rotate-180 w-3 h-3 text-white mx-1\" aria-hidden=\"true\" xmlns=\"http:\/\/www.w3.org\/2000\/svg\" fill=\"none\" viewBox=\"0 0 6 10\"><path stroke=\"currentColor\" stroke-linecap=\"round\" stroke-linejoin=\"round\" stroke-width=\"2\" d=\"m1 9 4-4-4-4\"><\/path><\/svg><span class=\"ms-1 text-sm font-medium text-white md:ms-2\">Conditions G\u00e9n\u00e9rales d&rsquo;Utilisation (CGU)<\/span><\/div><\/li><\/ol><\/nav><h1 class=\"text-3xl md:text-4xl text-white\">Conditions G\u00e9n\u00e9rales d&rsquo;Utilisation (CGU)<\/h1><\/div><div class=\"bg-wave absolute left-0 bottom-0 h-52 bg-repeat-x bg-[center_bottom] w-full\"><\/div><\/section>\n\n\n\n<div class=\"wp-block-columns is-layout-flex wp-container-core-columns-is-layout-9d6595d7 wp-block-columns-is-layout-flex\">\n<div class=\"wp-block-column is-layout-flow wp-block-column-is-layout-flow\">\n<h2 class=\"wp-block-heading\">Conditions G\u00e9n\u00e9rales d&rsquo;Utilisation (CGU)&nbsp;<\/h2>\n\n\n\n<p>Statut : 01.08.2021&nbsp;<\/p>\n\n\n\n<p>Les conditions d&rsquo;utilisation suivantes r\u00e9gissent l&rsquo;utilisation du site Internet d&rsquo;Adragos Pharma GmbH (<a href=\"https:\/\/adragos-pharma.com\/fr\/\">www.adragos-pharma.com<\/a>) et de ses sous-sites.&nbsp;<\/p>\n\n\n\n<p>En acc\u00e9dant au site web et en l&rsquo;utilisant, vous d\u00e9clarez accepter sans r\u00e9serve les pr\u00e9sentes conditions g\u00e9n\u00e9rales d&rsquo;utilisation (ci-apr\u00e8s d\u00e9nomm\u00e9es \u00ab CGU \u00bb).&nbsp;<\/p>\n\n\n\n<p>Veuillez lire attentivement ces CGU avant d&rsquo;utiliser le site web d&rsquo;Adragos Pharma GmbH ou ses sous-sites. En acc\u00e9dant au site web ou en l&rsquo;utilisant, vous reconnaissez avoir lu et compris les pr\u00e9sentes CGU et acceptez d&rsquo;\u00eatre l\u00e9galement li\u00e9 par elles dans la m\u00eame mesure que si vous les aviez sign\u00e9e.&nbsp;<\/p>\n\n\n\n<p><strong>Contenu et responsabilit\u00e9&nbsp;<\/strong><\/p>\n\n\n\n<p>Bien que le contenu de ce site ait \u00e9t\u00e9 pr\u00e9par\u00e9 avec le plus grand soin, Adragos Pharma GmbH ne garantit pas l&rsquo;actualit\u00e9, l&rsquo;exactitude, l&rsquo;exhaustivit\u00e9 ou la qualit\u00e9 des informations fournies.&nbsp;<\/p>\n\n\n\n<p>Adragos Pharma GmbH est en droit d&rsquo;interrompre, de modifier et\/ou de supprimer l&rsquo;exploitation du site web, en tout ou en partie, \u00e0 tout moment. Pour cette raison, Adragos Pharma GmbH ne garantit pas la disponibilit\u00e9 ininterrompue du site web.&nbsp;<\/p>\n\n\n\n<p>Bien qu&rsquo;Adragos Pharma GmbH s&rsquo;efforce de maintenir son site web exempt de virus, aucune garantie ne peut \u00eatre donn\u00e9e quant \u00e0 l&rsquo;absence de virus.&nbsp;<\/p>\n\n\n\n<p>Les demandes de responsabilit\u00e9 \u00e0 l&rsquo;encontre d&rsquo;Adragos Pharma GmbH concernant des dommages mat\u00e9riels ou immat\u00e9riels caus\u00e9s par l&rsquo;utilisation ou la non-utilisation des informations fournies ou par l&rsquo;utilisation d&rsquo;informations incorrectes ou incompl\u00e8tes sont exclues par principe, \u00e0 moins qu&rsquo;il n&rsquo;y ait une preuve d&rsquo;intention d\u00e9lib\u00e9r\u00e9e ou de n\u00e9gligence grave de la part d&rsquo;Adragos Pharma GmbH.&nbsp;<\/p>\n\n\n\n<p><strong>R\u00e9f\u00e9rences et liens&nbsp;<\/strong><\/p>\n\n\n\n<p>Adragos Pharma GmbH, en tant que fournisseur de contenu conform\u00e9ment \u00e0 l&rsquo;article 7 de la Telemediengesetz (TMG), est responsable de son \u00ab propre contenu \u00bb qui est mis \u00e0 disposition pour utilisation conform\u00e9ment \u00e0 la loi g\u00e9n\u00e9rale. Ce contenu propre doit \u00eatre distingu\u00e9 des liens vers le contenu fourni par d&rsquo;autres fournisseurs. Adragos Pharma GmbH ne v\u00e9rifie pas le contenu de ces liens externes. Toutefois, si Adragos Pharma GmbH d\u00e9couvre ou est inform\u00e9e par des tiers que le contenu du site web ou du document tiers vers lequel un lien a \u00e9t\u00e9 \u00e9tabli donne lieu \u00e0 une responsabilit\u00e9 civile ou p\u00e9nale, Adragos Pharma GmbH supprimera imm\u00e9diatement la r\u00e9f\u00e9rence \u00e0 cette offre.&nbsp;<\/p>\n\n\n\n<p><strong>Utilisation et diffusion du contenu&nbsp;<\/strong><\/p>\n\n\n\n<p>Vous pouvez naviguer sur le site \u00e0 votre guise et t\u00e9l\u00e9charger le mat\u00e9riel fourni \u00e0 tout moment. Tous les documents t\u00e9l\u00e9charg\u00e9s ne peuvent \u00eatre utilis\u00e9s qu&rsquo;\u00e0 des fins personnelles et non commerciales. Il est g\u00e9n\u00e9ralement interdit aux utilisateurs de les traiter, de les adopter, de les copier ou de les utiliser d&rsquo;une autre mani\u00e8re, en tout ou en partie, \u00e0 des fins commerciales. Les donn\u00e9es statistiques et\/ou autres informations ne relevant pas du droit d&rsquo;auteur l\u00e9gal peuvent \u00eatre utilis\u00e9es pour des travaux de presse r\u00e9dactionnels dans des limites raisonnables, \u00e0 condition qu&rsquo;Adragos Pharma soit cit\u00e9e comme source. Cependant, toute autre utilisation commerciale et industrielle de ce mat\u00e9riel (par exemple \u00e0 des fins statistiques) est express\u00e9ment interdite. Par ailleurs, il est rappel\u00e9 que les logos, les clips vid\u00e9o, les films, les photos, les textes, les noms commerciaux et les marques d\u00e9pos\u00e9es sont prot\u00e9g\u00e9s par le droit d&rsquo;auteur et les lois annexes sur le droit d&rsquo;auteur. Leur utilisation est interdite sans exception.&nbsp;<\/p>\n\n\n\n<p><strong>Droit applicable et juridiction&nbsp;<\/strong><\/p>\n\n\n\n<p>Les pr\u00e9sentes conditions d&rsquo;utilisation sont r\u00e9gies par le droit allemand. La juridiction comp\u00e9tente est celle de Munich.&nbsp;<\/p>\n\n\n\n<p><strong>G\u00e9n\u00e9ralit\u00e9s&nbsp;<\/strong><\/p>\n\n\n\n<p>La nullit\u00e9 totale ou partielle de certaines dispositions n&rsquo;affecte pas la validit\u00e9 des autres dispositions.&nbsp;<\/p>\n<\/div>\n<\/div>\n","protected":false},"excerpt":{"rendered":"<p>Conditions G\u00e9n\u00e9rales d&rsquo;Utilisation (CGU)&nbsp; Statut : 01.08.2021&nbsp; Les conditions d&rsquo;utilisation suivantes r\u00e9gissent l&rsquo;utilisation du site Internet d&rsquo;Adragos Pharma GmbH (www.adragos-pharma.com) et de ses sous-sites.&nbsp; En acc\u00e9dant au site web et en l&rsquo;utilisant, vous d\u00e9clarez accepter sans r\u00e9serve les pr\u00e9sentes conditions [&hellip;]<\/p>\n","protected":false},"author":6,"featured_media":0,"parent":0,"menu_order":0,"comment_status":"closed","ping_status":"closed","template":"","meta":{"content-type":"","inline_featured_image":false,"footnotes":""},"class_list":["post-10276","page","type-page","status-publish","hentry"],"_links":{"self":[{"href":"https:\/\/adragos-pharma.com\/fr\/wp-json\/wp\/v2\/pages\/10276","targetHints":{"allow":["GET"]}}],"collection":[{"href":"https:\/\/adragos-pharma.com\/fr\/wp-json\/wp\/v2\/pages"}],"about":[{"href":"https:\/\/adragos-pharma.com\/fr\/wp-json\/wp\/v2\/types\/page"}],"author":[{"embeddable":true,"href":"https:\/\/adragos-pharma.com\/fr\/wp-json\/wp\/v2\/users\/6"}],"replies":[{"embeddable":true,"href":"https:\/\/adragos-pharma.com\/fr\/wp-json\/wp\/v2\/comments?post=10276"}],"version-history":[{"count":4,"href":"https:\/\/adragos-pharma.com\/fr\/wp-json\/wp\/v2\/pages\/10276\/revisions"}],"predecessor-version":[{"id":19672,"href":"https:\/\/adragos-pharma.com\/fr\/wp-json\/wp\/v2\/pages\/10276\/revisions\/19672"}],"wp:attachment":[{"href":"https:\/\/adragos-pharma.com\/fr\/wp-json\/wp\/v2\/media?parent=10276"}],"curies":[{"name":"wp","href":"https:\/\/api.w.org\/{rel}","templated":true}]}}