{"id":10279,"date":"2024-03-17T12:26:26","date_gmt":"2024-03-17T10:26:26","guid":{"rendered":"https:\/\/adragos-pharma.com\/?page_id=10279"},"modified":"2025-07-03T17:05:00","modified_gmt":"2025-07-03T15:05:00","slug":"impression","status":"publish","type":"page","link":"https:\/\/adragos-pharma.com\/fr\/impression\/","title":{"rendered":"Impression"},"content":{"rendered":"\n<section class=\"wp-block-adragos-blocks-header relative has-primary-background-color bg-pattern bg-cover max-w-full bg-bottom px-3 pt-10 pb-44 md:pt-16 md:pb-44\"><div class=\"relative z-30 max-w-screen-xl px-6 m-auto\"><nav class=\"flex mb-4\" aria-label=\"Breadcrumb\"><ol class=\"inline-flex items-center space-x-1 md:space-x-2 rtl:space-x-reverse\"><li class=\"inline-flex items-center\"><a href=\"https:\/\/adragos-pharma.com\/fr\/\" class=\"inline-flex items-center text-sm font-medium text-white hover:text-primary\"><svg class=\"w-3 h-3 me-2.5\" aria-hidden=\"true\" xmlns=\"http:\/\/www.w3.org\/2000\/svg\" fill=\"currentColor\" viewBox=\"0 0 20 20\"><path d=\"m19.707 9.293-2-2-7-7a1 1 0 0 0-1.414 0l-7 7-2 2a1 1 0 0 0 1.414 1.414L2 10.414V18a2 2 0 0 0 2 2h3a1 1 0 0 0 1-1v-4a1 1 0 0 1 1-1h2a1 1 0 0 1 1 1v4a1 1 0 0 0 1 1h3a2 2 0 0 0 2-2v-7.586l.293.293a1 1 0 0 0 1.414-1.414Z\"><\/path><\/svg>Home<\/a><\/li><li class=\"hidden md:inline-block\" aria-current=\"page\"><div class=\"flex items-center\"><svg class=\"rtl:rotate-180 w-3 h-3 text-white mx-1\" aria-hidden=\"true\" xmlns=\"http:\/\/www.w3.org\/2000\/svg\" fill=\"none\" viewBox=\"0 0 6 10\"><path stroke=\"currentColor\" stroke-linecap=\"round\" stroke-linejoin=\"round\" stroke-width=\"2\" d=\"m1 9 4-4-4-4\"><\/path><\/svg><span class=\"ms-1 text-sm font-medium text-white md:ms-2\">Impression<\/span><\/div><\/li><\/ol><\/nav><h1 class=\"text-3xl md:text-4xl text-white\">Impression<\/h1><\/div><div class=\"bg-wave absolute left-0 bottom-0 h-52 bg-repeat-x bg-[center_bottom] w-full\"><\/div><\/section>\n\n\n\n<div class=\"wp-block-columns is-layout-flex wp-container-core-columns-is-layout-9d6595d7 wp-block-columns-is-layout-flex\">\n<div class=\"wp-block-column is-layout-flow wp-block-column-is-layout-flow\">\n<h2 class=\"wp-block-heading\">Adragos Pharma GmbH M\u00fcnchen<\/h2>\n\n\n\n<ul class=\"wp-block-list\">\n<li><a href=\"tel:0049089262022920\">P: +49 (0)89 262 022 920<\/a><\/li>\n\n\n\n<li><a href=\"fax:0049089262022921\">F: +49 (0)89 262 022 921<\/a><\/li>\n\n\n\n<li><a href=\"mailto:info@adragos-pharma.com\">E-Mail: info@adragos-pharma.com<\/a><\/li>\n<\/ul>\n\n\n\n<p><\/p>\n\n\n\n<p><strong>Repr\u00e9sentant autoris\u00e9:<\/strong> Dr. Andreas Raabe, Dr. Daniel Wigbers | USt-IdNr : DE345670346&nbsp;&nbsp;<\/p>\n\n\n\n<p><strong>Tribunal d&rsquo;enregistrement: <\/strong>Amtsgericht M\u00fcnchen<\/p>\n\n\n\n<p><strong>Num\u00e9ro de registre: <\/strong>HRB 274699<\/p>\n\n\n\n<p><strong>Num\u00e9ro de TVA:<\/strong> DE345670346<\/p>\n\n\n\n<p><strong>Num\u00e9ro d&rsquo;identification fiscale:<\/strong> 045 \/ 239 \/ 56736<\/p>\n<\/div>\n<\/div>\n","protected":false},"excerpt":{"rendered":"<p>Adragos Pharma GmbH M\u00fcnchen Repr\u00e9sentant autoris\u00e9: Dr. Andreas Raabe, Dr. Daniel Wigbers | USt-IdNr : DE345670346&nbsp;&nbsp; Tribunal d&rsquo;enregistrement: Amtsgericht M\u00fcnchen Num\u00e9ro de registre: HRB 274699 Num\u00e9ro de TVA: DE345670346 Num\u00e9ro d&rsquo;identification fiscale: 045 \/ 239 \/ 56736<\/p>\n","protected":false},"author":6,"featured_media":0,"parent":0,"menu_order":0,"comment_status":"closed","ping_status":"closed","template":"","meta":{"content-type":"","inline_featured_image":false,"footnotes":""},"class_list":["post-10279","page","type-page","status-publish","hentry"],"_links":{"self":[{"href":"https:\/\/adragos-pharma.com\/fr\/wp-json\/wp\/v2\/pages\/10279","targetHints":{"allow":["GET"]}}],"collection":[{"href":"https:\/\/adragos-pharma.com\/fr\/wp-json\/wp\/v2\/pages"}],"about":[{"href":"https:\/\/adragos-pharma.com\/fr\/wp-json\/wp\/v2\/types\/page"}],"author":[{"embeddable":true,"href":"https:\/\/adragos-pharma.com\/fr\/wp-json\/wp\/v2\/users\/6"}],"replies":[{"embeddable":true,"href":"https:\/\/adragos-pharma.com\/fr\/wp-json\/wp\/v2\/comments?post=10279"}],"version-history":[{"count":4,"href":"https:\/\/adragos-pharma.com\/fr\/wp-json\/wp\/v2\/pages\/10279\/revisions"}],"predecessor-version":[{"id":19678,"href":"https:\/\/adragos-pharma.com\/fr\/wp-json\/wp\/v2\/pages\/10279\/revisions\/19678"}],"wp:attachment":[{"href":"https:\/\/adragos-pharma.com\/fr\/wp-json\/wp\/v2\/media?parent=10279"}],"curies":[{"name":"wp","href":"https:\/\/api.w.org\/{rel}","templated":true}]}}