{"id":10285,"date":"2024-03-14T10:18:35","date_gmt":"2024-03-14T08:18:35","guid":{"rendered":"https:\/\/adragos-pharma.com\/?page_id=10285"},"modified":"2026-01-22T16:11:10","modified_gmt":"2026-01-22T14:11:10","slug":"conseil-administration","status":"publish","type":"page","link":"https:\/\/adragos-pharma.com\/fr\/conseil-administration\/","title":{"rendered":"Conseil d&rsquo;Administration"},"content":{"rendered":"\n<section class=\"wp-block-adragos-blocks-header relative has-primary-background-color bg-pattern flex flex-col bg-cover max-w-full bg-bottom items-center justify-center text-center text-black px-3 pt-20 pb-44 md:pt-36 md:pb-56 has-secondary-background-color has-background\"><div class=\"relative z-30 max-w-screen-xl px-6 m-auto\"><h1 class=\"text-white\">Conseil d&rsquo;Administration<\/h1><p class=\"mt-6 m-auto max-w-screen-sm text-white text-lg\">Notre conseil d&rsquo;administration est compos\u00e9 de membres tr\u00e8s exp\u00e9riment\u00e9s de l&rsquo;industrie pharmaceutique ayant une anciennet\u00e9 pertinente.<\/p><\/div><div class=\"bg-wave absolute left-0 bottom-0 h-52 bg-repeat-x bg-[center_bottom] w-full\"><\/div><\/section>\n\n\n\n<div class=\"wp-block-columns max-w-screen-xl w-full is-wide px-0 md:px-8 is-layout-flex wp-container-core-columns-is-layout-9d6595d7 wp-block-columns-is-layout-flex\">\n<div class=\"wp-block-column is-layout-flow wp-block-column-is-layout-flow\">\n<figure class=\"wp-block-image size-full\"><img decoding=\"async\" width=\"820\" height=\"820\" src=\"https:\/\/adragos-pharma.com\/wp-content\/uploads\/2024\/03\/Jeff-Morrod.jpg\" alt=\"\" class=\"wp-image-4047\" style=\"aspect-ratio:1;object-fit:cover\" srcset=\"https:\/\/adragos-pharma.com\/wp-content\/uploads\/2024\/03\/Jeff-Morrod.jpg 820w, https:\/\/adragos-pharma.com\/wp-content\/uploads\/2024\/03\/Jeff-Morrod-300x300.jpg 300w, https:\/\/adragos-pharma.com\/wp-content\/uploads\/2024\/03\/Jeff-Morrod-150x150.jpg 150w, https:\/\/adragos-pharma.com\/wp-content\/uploads\/2024\/03\/Jeff-Morrod-768x768.jpg 768w, https:\/\/adragos-pharma.com\/wp-content\/uploads\/2024\/03\/Jeff-Morrod-760x760.jpg 760w\" sizes=\"(max-width: 820px) 100vw, 820px\" \/><\/figure>\n\n\n\n<h2 class=\"wp-block-heading no-margin\"><a href=\"https:\/\/adragos-pharma.com\/fr\/notre-equipe\/jeff-morrod\/\">Jeff Morrod<\/a><\/h2>\n\n\n\n<p>Pr\u00e9sident du conseil d&rsquo;administration<\/p>\n<\/div>\n\n\n\n<div class=\"wp-block-column is-layout-flow wp-block-column-is-layout-flow\">\n<figure class=\"wp-block-image size-full\"><img decoding=\"async\" width=\"820\" height=\"820\" src=\"https:\/\/adragos-pharma.com\/wp-content\/uploads\/2024\/03\/Niels-Erik-Olsen.jpg\" alt=\"\" class=\"wp-image-4050\" style=\"aspect-ratio:1;object-fit:cover\" srcset=\"https:\/\/adragos-pharma.com\/wp-content\/uploads\/2024\/03\/Niels-Erik-Olsen.jpg 820w, https:\/\/adragos-pharma.com\/wp-content\/uploads\/2024\/03\/Niels-Erik-Olsen-300x300.jpg 300w, https:\/\/adragos-pharma.com\/wp-content\/uploads\/2024\/03\/Niels-Erik-Olsen-150x150.jpg 150w, https:\/\/adragos-pharma.com\/wp-content\/uploads\/2024\/03\/Niels-Erik-Olsen-768x768.jpg 768w, https:\/\/adragos-pharma.com\/wp-content\/uploads\/2024\/03\/Niels-Erik-Olsen-760x760.jpg 760w\" sizes=\"(max-width: 820px) 100vw, 820px\" \/><\/figure>\n\n\n\n<h2 class=\"wp-block-heading no-margin\"><a href=\"https:\/\/adragos-pharma.com\/fr\/notre-equipe\/niels-erik-olsen\/\">Niels Erik Olsen<\/a><\/h2>\n\n\n\n<p>Vice-pr\u00e9sident<\/p>\n<\/div>\n\n\n\n<div class=\"wp-block-column is-layout-flow wp-block-column-is-layout-flow\">\n<figure class=\"wp-block-image size-full\"><img decoding=\"async\" width=\"820\" height=\"820\" src=\"https:\/\/adragos-pharma.com\/wp-content\/uploads\/2024\/03\/Wayne-Swanton.jpg\" alt=\"\" class=\"wp-image-4063\" style=\"aspect-ratio:1;object-fit:cover\" srcset=\"https:\/\/adragos-pharma.com\/wp-content\/uploads\/2024\/03\/Wayne-Swanton.jpg 820w, https:\/\/adragos-pharma.com\/wp-content\/uploads\/2024\/03\/Wayne-Swanton-300x300.jpg 300w, https:\/\/adragos-pharma.com\/wp-content\/uploads\/2024\/03\/Wayne-Swanton-150x150.jpg 150w, https:\/\/adragos-pharma.com\/wp-content\/uploads\/2024\/03\/Wayne-Swanton-768x768.jpg 768w, https:\/\/adragos-pharma.com\/wp-content\/uploads\/2024\/03\/Wayne-Swanton-760x760.jpg 760w\" sizes=\"(max-width: 820px) 100vw, 820px\" \/><\/figure>\n\n\n\n<h2 class=\"wp-block-heading no-margin\"><a href=\"https:\/\/adragos-pharma.com\/fr\/notre-equipe\/wayne-swanton\/\">Wayne Swanton<\/a><\/h2>\n\n\n\n<p><\/p>\n<\/div>\n<\/div><style>\n            .wp-block-columns.is-wide {\n\t\t\t\tmax-width: 1280px!important;\n\t\t\t\tmargin-left: auto!important;\n\t\t\t\tmargin-right: auto!important;\n            }\n        <\/style>\n\n\n\n<div class=\"wp-block-columns max-w-screen-xl w-full is-wide px-0 md:px-8 is-layout-flex wp-container-core-columns-is-layout-9d6595d7 wp-block-columns-is-layout-flex\">\n<div class=\"wp-block-column is-layout-flow wp-block-column-is-layout-flow\">\n<figure class=\"wp-block-image size-full\"><img decoding=\"async\" width=\"820\" height=\"820\" src=\"https:\/\/adragos-pharma.com\/wp-content\/uploads\/2024\/03\/Stephanie-Bova.jpg\" alt=\"\" class=\"wp-image-4056\" style=\"aspect-ratio:1;object-fit:cover\" srcset=\"https:\/\/adragos-pharma.com\/wp-content\/uploads\/2024\/03\/Stephanie-Bova.jpg 820w, https:\/\/adragos-pharma.com\/wp-content\/uploads\/2024\/03\/Stephanie-Bova-300x300.jpg 300w, https:\/\/adragos-pharma.com\/wp-content\/uploads\/2024\/03\/Stephanie-Bova-150x150.jpg 150w, https:\/\/adragos-pharma.com\/wp-content\/uploads\/2024\/03\/Stephanie-Bova-768x768.jpg 768w, https:\/\/adragos-pharma.com\/wp-content\/uploads\/2024\/03\/Stephanie-Bova-760x760.jpg 760w\" sizes=\"(max-width: 820px) 100vw, 820px\" \/><\/figure>\n\n\n\n<h2 class=\"wp-block-heading no-margin\"><a href=\"https:\/\/adragos-pharma.com\/fr\/notre-equipe\/stephanie-bova\/\">Stephanie Bova<\/a><\/h2>\n\n\n\n<p><\/p>\n<\/div>\n\n\n\n<div class=\"wp-block-column is-layout-flow wp-block-column-is-layout-flow\">\n<figure class=\"wp-block-image size-full\"><img decoding=\"async\" width=\"820\" height=\"820\" src=\"https:\/\/adragos-pharma.com\/wp-content\/uploads\/2024\/03\/Otto-Prange-1.jpg\" alt=\"\" class=\"wp-image-4065\" style=\"aspect-ratio:1;object-fit:cover\" srcset=\"https:\/\/adragos-pharma.com\/wp-content\/uploads\/2024\/03\/Otto-Prange-1.jpg 820w, https:\/\/adragos-pharma.com\/wp-content\/uploads\/2024\/03\/Otto-Prange-1-300x300.jpg 300w, https:\/\/adragos-pharma.com\/wp-content\/uploads\/2024\/03\/Otto-Prange-1-150x150.jpg 150w, https:\/\/adragos-pharma.com\/wp-content\/uploads\/2024\/03\/Otto-Prange-1-768x768.jpg 768w, https:\/\/adragos-pharma.com\/wp-content\/uploads\/2024\/03\/Otto-Prange-1-760x760.jpg 760w\" sizes=\"(max-width: 820px) 100vw, 820px\" \/><\/figure>\n\n\n\n<h2 class=\"wp-block-heading no-margin\"><a href=\"https:\/\/adragos-pharma.com\/fr\/notre-equipe\/otto-prange\/\">Otto Prange<\/a><\/h2>\n\n\n\n<p><\/p>\n<\/div>\n\n\n\n<div class=\"wp-block-column is-layout-flow wp-block-column-is-layout-flow\">\n<figure class=\"wp-block-image size-full\"><img decoding=\"async\" width=\"1569\" height=\"1081\" src=\"https:\/\/adragos-pharma.com\/wp-content\/uploads\/2025\/06\/Adragos-Pharma-Square-Logo-2024-2.png\" alt=\"\" class=\"wp-image-18647\" style=\"aspect-ratio:1;object-fit:cover\" srcset=\"https:\/\/adragos-pharma.com\/wp-content\/uploads\/2025\/06\/Adragos-Pharma-Square-Logo-2024-2.png 1569w, https:\/\/adragos-pharma.com\/wp-content\/uploads\/2025\/06\/Adragos-Pharma-Square-Logo-2024-2-300x207.png 300w, https:\/\/adragos-pharma.com\/wp-content\/uploads\/2025\/06\/Adragos-Pharma-Square-Logo-2024-2-1024x706.png 1024w, https:\/\/adragos-pharma.com\/wp-content\/uploads\/2025\/06\/Adragos-Pharma-Square-Logo-2024-2-768x529.png 768w, https:\/\/adragos-pharma.com\/wp-content\/uploads\/2025\/06\/Adragos-Pharma-Square-Logo-2024-2-1536x1058.png 1536w\" sizes=\"(max-width: 1569px) 100vw, 1569px\" \/><\/figure>\n\n\n\n<h2 class=\"wp-block-heading no-margin\"><a href=\"https:\/\/adragos-pharma.com\/fr\/notre-equipe\/moritz-hafner\/\">Moritz Hafner<\/a><\/h2>\n\n\n\n<p><\/p>\n<\/div>\n<\/div><style>\n            .wp-block-columns.is-wide {\n\t\t\t\tmax-width: 1280px!important;\n\t\t\t\tmargin-left: auto!important;\n\t\t\t\tmargin-right: auto!important;\n            }\n        <\/style>\n\n\n\n<div style=\"height:60px\" aria-hidden=\"true\" class=\"wp-block-spacer\"><\/div>\n","protected":false},"excerpt":{"rendered":"<p>Jeff Morrod Pr\u00e9sident du conseil d&rsquo;administration Niels Erik Olsen Vice-pr\u00e9sident Wayne Swanton Stephanie Bova Otto Prange Moritz Hafner<\/p>\n","protected":false},"author":6,"featured_media":0,"parent":0,"menu_order":0,"comment_status":"closed","ping_status":"closed","template":"","meta":{"content-type":"","inline_featured_image":false,"footnotes":""},"class_list":["post-10285","page","type-page","status-publish","hentry"],"_links":{"self":[{"href":"https:\/\/adragos-pharma.com\/fr\/wp-json\/wp\/v2\/pages\/10285","targetHints":{"allow":["GET"]}}],"collection":[{"href":"https:\/\/adragos-pharma.com\/fr\/wp-json\/wp\/v2\/pages"}],"about":[{"href":"https:\/\/adragos-pharma.com\/fr\/wp-json\/wp\/v2\/types\/page"}],"author":[{"embeddable":true,"href":"https:\/\/adragos-pharma.com\/fr\/wp-json\/wp\/v2\/users\/6"}],"replies":[{"embeddable":true,"href":"https:\/\/adragos-pharma.com\/fr\/wp-json\/wp\/v2\/comments?post=10285"}],"version-history":[{"count":11,"href":"https:\/\/adragos-pharma.com\/fr\/wp-json\/wp\/v2\/pages\/10285\/revisions"}],"predecessor-version":[{"id":23574,"href":"https:\/\/adragos-pharma.com\/fr\/wp-json\/wp\/v2\/pages\/10285\/revisions\/23574"}],"wp:attachment":[{"href":"https:\/\/adragos-pharma.com\/fr\/wp-json\/wp\/v2\/media?parent=10285"}],"curies":[{"name":"wp","href":"https:\/\/api.w.org\/{rel}","templated":true}]}}