{"id":10289,"date":"2024-03-14T09:59:23","date_gmt":"2024-03-14T07:59:23","guid":{"rendered":"https:\/\/adragos-pharma.com\/?page_id=10289"},"modified":"2024-12-10T17:41:30","modified_gmt":"2024-12-10T15:41:30","slug":"equipe-de-direction","status":"publish","type":"page","link":"https:\/\/adragos-pharma.com\/fr\/equipe-de-direction\/","title":{"rendered":"\u00c9quipe de Direction"},"content":{"rendered":"\n<section class=\"wp-block-adragos-blocks-header relative has-primary-background-color bg-pattern flex flex-col bg-cover max-w-full bg-bottom items-center justify-center text-center text-black px-3 pt-20 pb-44 md:pt-36 md:pb-56\"><div class=\"relative z-30 max-w-screen-xl px-6 m-auto\"><h1 class=\"text-white\">\u00c9quipe de Direction<\/h1><p class=\"mt-6 m-auto max-w-screen-sm text-white text-lg\">Notre \u00e9quipe de direction a une longue et impressionnante exp\u00e9rience du secteur et des CDMO, ce qui t\u00e9moigne de son expertise et de son exp\u00e9rience.<\/p><\/div><div class=\"bg-wave absolute left-0 bottom-0 h-52 bg-repeat-x bg-[center_bottom] w-full\"><\/div><\/section>\n\n\n\n<div class=\"wp-block-columns max-w-screen-xl w-full is-wide px-0 md:px-8 is-layout-flex wp-container-core-columns-is-layout-9d6595d7 wp-block-columns-is-layout-flex\">\n<div class=\"wp-block-column is-layout-flow wp-block-column-is-layout-flow\">\n<figure class=\"wp-block-image size-full tw-rounded-xl tw-overflow-hidden\"><img decoding=\"async\" width=\"820\" height=\"820\" src=\"https:\/\/adragos-pharma.com\/wp-content\/uploads\/2024\/04\/Dr.-Andreas-Raabe.jpg\" alt=\"\" class=\"wp-image-4191\" srcset=\"https:\/\/adragos-pharma.com\/wp-content\/uploads\/2024\/04\/Dr.-Andreas-Raabe.jpg 820w, https:\/\/adragos-pharma.com\/wp-content\/uploads\/2024\/04\/Dr.-Andreas-Raabe-300x300.jpg 300w, https:\/\/adragos-pharma.com\/wp-content\/uploads\/2024\/04\/Dr.-Andreas-Raabe-150x150.jpg 150w, https:\/\/adragos-pharma.com\/wp-content\/uploads\/2024\/04\/Dr.-Andreas-Raabe-768x768.jpg 768w, https:\/\/adragos-pharma.com\/wp-content\/uploads\/2024\/04\/Dr.-Andreas-Raabe-760x760.jpg 760w\" sizes=\"(max-width: 820px) 100vw, 820px\" \/><\/figure>\n\n\n\n<h2 class=\"wp-block-heading no-margin\"><a href=\"https:\/\/adragos-pharma.com\/fr\/team\/andreas-raabe\/\" data-type=\"link\" data-id=\"https:\/\/adragos-pharma.com\/experts\/dr-andreas-raabe\/\">Dr. Andreas Raabe<\/a><\/h2>\n\n\n\n<p>CEO<\/p>\n<\/div>\n\n\n\n<div class=\"wp-block-column is-layout-flow wp-block-column-is-layout-flow\">\n<figure class=\"wp-block-image size-full tw-rounded-xl tw-overflow-hidden\"><img decoding=\"async\" width=\"820\" height=\"820\" src=\"https:\/\/adragos-pharma.com\/wp-content\/uploads\/2024\/04\/Henny-Zijlstra.jpg\" alt=\"\" class=\"wp-image-4217\" style=\"aspect-ratio:1;object-fit:cover\" srcset=\"https:\/\/adragos-pharma.com\/wp-content\/uploads\/2024\/04\/Henny-Zijlstra.jpg 820w, https:\/\/adragos-pharma.com\/wp-content\/uploads\/2024\/04\/Henny-Zijlstra-300x300.jpg 300w, https:\/\/adragos-pharma.com\/wp-content\/uploads\/2024\/04\/Henny-Zijlstra-150x150.jpg 150w, https:\/\/adragos-pharma.com\/wp-content\/uploads\/2024\/04\/Henny-Zijlstra-768x768.jpg 768w, https:\/\/adragos-pharma.com\/wp-content\/uploads\/2024\/04\/Henny-Zijlstra-760x760.jpg 760w\" sizes=\"(max-width: 820px) 100vw, 820px\" \/><\/figure>\n\n\n\n<h2 class=\"wp-block-heading no-margin\"><a href=\"https:\/\/adragos-pharma.com\/fr\/team\/henny-zijlstra\/\" data-type=\"link\" data-id=\"https:\/\/adragos-pharma.com\/team\/henny-zijlstra\/\">Henny Zijlstra<\/a><\/h2>\n\n\n\n<p>CCO<\/p>\n<\/div>\n\n\n\n<div class=\"wp-block-column is-layout-flow wp-block-column-is-layout-flow\">\n<figure class=\"wp-block-image size-full tw-rounded-xl tw-overflow-hidden\"><img decoding=\"async\" width=\"820\" height=\"820\" src=\"https:\/\/adragos-pharma.com\/wp-content\/uploads\/2024\/04\/Daniel-Wigbers.jpg\" alt=\"\" class=\"wp-image-4068\" style=\"aspect-ratio:1;object-fit:cover\" srcset=\"https:\/\/adragos-pharma.com\/wp-content\/uploads\/2024\/04\/Daniel-Wigbers.jpg 820w, https:\/\/adragos-pharma.com\/wp-content\/uploads\/2024\/04\/Daniel-Wigbers-300x300.jpg 300w, https:\/\/adragos-pharma.com\/wp-content\/uploads\/2024\/04\/Daniel-Wigbers-150x150.jpg 150w, https:\/\/adragos-pharma.com\/wp-content\/uploads\/2024\/04\/Daniel-Wigbers-768x768.jpg 768w, https:\/\/adragos-pharma.com\/wp-content\/uploads\/2024\/04\/Daniel-Wigbers-760x760.jpg 760w\" sizes=\"(max-width: 820px) 100vw, 820px\" \/><\/figure>\n\n\n\n<h2 class=\"wp-block-heading no-margin\"><a href=\"https:\/\/adragos-pharma.com\/fr\/team\/daniel-wigbers\/\" data-type=\"link\" data-id=\"https:\/\/adragos-pharma.com\/team\/henny-zijlstra\/\">Dr. Daniel Wigbers<\/a><\/h2>\n\n\n\n<p>CFDO<\/p>\n<\/div>\n<\/div><style>\n            .wp-block-columns.is-wide {\n\t\t\t\tmax-width: 1280px!important;\n\t\t\t\tmargin-left: auto!important;\n\t\t\t\tmargin-right: auto!important;\n            }\n        <\/style>\n\n\n\n<div class=\"wp-block-columns max-w-screen-xl w-full is-wide px-0 md:px-8 is-layout-flex wp-container-core-columns-is-layout-9d6595d7 wp-block-columns-is-layout-flex\">\n<div class=\"wp-block-column is-layout-flow wp-block-column-is-layout-flow\">\n<figure class=\"wp-block-image size-full tw-rounded-xl tw-overflow-hidden\"><img decoding=\"async\" width=\"820\" height=\"820\" src=\"https:\/\/adragos-pharma.com\/wp-content\/uploads\/2024\/04\/Marco-Gorgas.jpg\" alt=\"\" class=\"wp-image-4124\" style=\"aspect-ratio:1;object-fit:cover\" srcset=\"https:\/\/adragos-pharma.com\/wp-content\/uploads\/2024\/04\/Marco-Gorgas.jpg 820w, https:\/\/adragos-pharma.com\/wp-content\/uploads\/2024\/04\/Marco-Gorgas-300x300.jpg 300w, https:\/\/adragos-pharma.com\/wp-content\/uploads\/2024\/04\/Marco-Gorgas-150x150.jpg 150w, https:\/\/adragos-pharma.com\/wp-content\/uploads\/2024\/04\/Marco-Gorgas-768x768.jpg 768w, https:\/\/adragos-pharma.com\/wp-content\/uploads\/2024\/04\/Marco-Gorgas-760x760.jpg 760w\" sizes=\"(max-width: 820px) 100vw, 820px\" \/><\/figure>\n\n\n\n<h2 class=\"wp-block-heading no-margin\"><a href=\"https:\/\/adragos-pharma.com\/fr\/team\/marco-gorgas\/\">Marco Gorgas<\/a><\/h2>\n\n\n\n<p>CTO<\/p>\n<\/div>\n\n\n\n<div class=\"wp-block-column is-layout-flow wp-block-column-is-layout-flow\">\n<figure class=\"wp-block-image size-full tw-rounded-xl tw-overflow-hidden\"><img decoding=\"async\" width=\"557\" height=\"552\" src=\"https:\/\/adragos-pharma.com\/wp-content\/uploads\/2024\/11\/Captura-de-pantalla-2024-11-19-095417.png\" alt=\"\" class=\"wp-image-14013\" style=\"aspect-ratio:1;object-fit:cover\" srcset=\"https:\/\/adragos-pharma.com\/wp-content\/uploads\/2024\/11\/Captura-de-pantalla-2024-11-19-095417.png 557w, https:\/\/adragos-pharma.com\/wp-content\/uploads\/2024\/11\/Captura-de-pantalla-2024-11-19-095417-300x297.png 300w, https:\/\/adragos-pharma.com\/wp-content\/uploads\/2024\/11\/Captura-de-pantalla-2024-11-19-095417-150x150.png 150w\" sizes=\"(max-width: 557px) 100vw, 557px\" \/><\/figure>\n\n\n\n<h2 class=\"wp-block-heading no-margin\"><a href=\"https:\/\/adragos-pharma.com\/fr\/notre-equipe\/norbert-kubler\/\">Dr. Norbert K\u00fcbler<\/a><\/h2>\n\n\n\n<p>CSO<\/p>\n<\/div>\n\n\n\n<div class=\"wp-block-column is-layout-flow wp-block-column-is-layout-flow\">\n<figure class=\"wp-block-image size-full tw-rounded-xl tw-overflow-hidden\"><a href=\"https:\/\/adragos-pharma.com\/fr\/team\/shiro\/\"><img decoding=\"async\" width=\"1706\" height=\"2560\" src=\"https:\/\/adragos-pharma.com\/wp-content\/uploads\/2024\/03\/Adragos-Pharma-Munich-Portraits-2024-20-scaled.jpg\" alt=\"\" class=\"wp-image-3701\" style=\"aspect-ratio:1;object-fit:cover\" srcset=\"https:\/\/adragos-pharma.com\/wp-content\/uploads\/2024\/03\/Adragos-Pharma-Munich-Portraits-2024-20-scaled.jpg 1706w, https:\/\/adragos-pharma.com\/wp-content\/uploads\/2024\/03\/Adragos-Pharma-Munich-Portraits-2024-20-200x300.jpg 200w, https:\/\/adragos-pharma.com\/wp-content\/uploads\/2024\/03\/Adragos-Pharma-Munich-Portraits-2024-20-683x1024.jpg 683w, https:\/\/adragos-pharma.com\/wp-content\/uploads\/2024\/03\/Adragos-Pharma-Munich-Portraits-2024-20-768x1152.jpg 768w, https:\/\/adragos-pharma.com\/wp-content\/uploads\/2024\/03\/Adragos-Pharma-Munich-Portraits-2024-20-1024x1536.jpg 1024w, https:\/\/adragos-pharma.com\/wp-content\/uploads\/2024\/03\/Adragos-Pharma-Munich-Portraits-2024-20-1365x2048.jpg 1365w\" sizes=\"(max-width: 1706px) 100vw, 1706px\" \/><\/a><\/figure>\n\n\n\n<h2 class=\"wp-block-heading no-margin\"><a href=\"https:\/\/adragos-pharma.com\/fr\/team\/shiro\/\">Shiro<\/a><\/h2>\n\n\n\n<p>Chief Happiness Officer<\/p>\n<\/div>\n<\/div><style>\n            .wp-block-columns.is-wide {\n\t\t\t\tmax-width: 1280px!important;\n\t\t\t\tmargin-left: auto!important;\n\t\t\t\tmargin-right: auto!important;\n            }\n        <\/style>\n\n\n\n<div style=\"height:60px\" aria-hidden=\"true\" class=\"wp-block-spacer\"><\/div>\n","protected":false},"excerpt":{"rendered":"<p>Dr. Andreas Raabe CEO Henny Zijlstra CCO Dr. Daniel Wigbers CFDO Marco Gorgas CTO Dr. Norbert K\u00fcbler CSO Shiro Chief Happiness Officer<\/p>\n","protected":false},"author":6,"featured_media":0,"parent":0,"menu_order":0,"comment_status":"closed","ping_status":"closed","template":"","meta":{"content-type":"","inline_featured_image":false,"footnotes":""},"class_list":["post-10289","page","type-page","status-publish","hentry"],"_links":{"self":[{"href":"https:\/\/adragos-pharma.com\/fr\/wp-json\/wp\/v2\/pages\/10289","targetHints":{"allow":["GET"]}}],"collection":[{"href":"https:\/\/adragos-pharma.com\/fr\/wp-json\/wp\/v2\/pages"}],"about":[{"href":"https:\/\/adragos-pharma.com\/fr\/wp-json\/wp\/v2\/types\/page"}],"author":[{"embeddable":true,"href":"https:\/\/adragos-pharma.com\/fr\/wp-json\/wp\/v2\/users\/6"}],"replies":[{"embeddable":true,"href":"https:\/\/adragos-pharma.com\/fr\/wp-json\/wp\/v2\/comments?post=10289"}],"version-history":[{"count":10,"href":"https:\/\/adragos-pharma.com\/fr\/wp-json\/wp\/v2\/pages\/10289\/revisions"}],"predecessor-version":[{"id":15099,"href":"https:\/\/adragos-pharma.com\/fr\/wp-json\/wp\/v2\/pages\/10289\/revisions\/15099"}],"wp:attachment":[{"href":"https:\/\/adragos-pharma.com\/fr\/wp-json\/wp\/v2\/media?parent=10289"}],"curies":[{"name":"wp","href":"https:\/\/api.w.org\/{rel}","templated":true}]}}