{"id":10332,"date":"2024-03-11T07:34:52","date_gmt":"2024-03-11T05:34:52","guid":{"rendered":"https:\/\/adragos-pharma.com\/?page_id=10332"},"modified":"2025-10-08T14:20:04","modified_gmt":"2025-10-08T12:20:04","slug":"nous-contacter","status":"publish","type":"page","link":"https:\/\/adragos-pharma.com\/fr\/nous-contacter\/","title":{"rendered":"Nous Contacter"},"content":{"rendered":"\n<section class=\"wp-block-adragos-blocks-header relative has-primary-background-color bg-pattern flex flex-col bg-cover max-w-full bg-bottom items-center justify-center text-center text-black px-3 pt-20 pb-44 md:pt-36 md:pb-56 has-dark-blue-background-color has-background\"><div class=\"relative z-30 max-w-screen-xl px-6 m-auto\"><h1 class=\"text-white\">Nous Contacter<\/h1><p class=\"mt-6 m-auto max-w-screen-sm text-white text-lg\">Nous sommes une organisation mondiale de d\u00e9veloppement et de fabrication sous contrat (CDMO). Notre expertise consiste \u00e0 r\u00e9pondre aux besoins de l&rsquo;industrie pharmaceutique en Europe, au Japon et en Am\u00e9rique du Nord.<\/p><\/div><div class=\"bg-wave absolute left-0 bottom-0 h-52 bg-repeat-x bg-[center_bottom] w-full\"><\/div><\/section>\n\n\n\n<div class=\"wp-block-columns is-layout-flex wp-container-core-columns-is-layout-9d6595d7 wp-block-columns-is-layout-flex\">\n<div class=\"wp-block-column is-layout-flow wp-block-column-is-layout-flow\">\n<h2 class=\"wp-block-heading has-text-align-center\">Contactez-Nous<\/h2>\n\n\n\n<p class=\"has-text-align-center\">Si vous souhaitez plus d&rsquo;informations sur notre entreprise ou nos services, contactez notre \u00e9quipe.&nbsp;<\/p>\n\n\n\n<script charset=\"utf-8\" type=\"text\/javascript\" src=\"\/\/js-eu1.hsforms.net\/forms\/embed\/v2.js\"><\/script>\n<script>\n  hbspt.forms.create({\n    portalId: \"26760738\",\n    formId: \"d9eca74b-6363-4065-9c3a-9bc03f06ac7f\"\n  });\n<\/script>\n<\/div>\n<\/div>\n\n\n\n<div class=\"wp-block-columns is-layout-flex wp-container-core-columns-is-layout-9d6595d7 wp-block-columns-is-layout-flex\">\n<div class=\"wp-block-column is-layout-flow wp-block-column-is-layout-flow\"><\/div>\n<\/div>\n\n\n\n<div class=\"wp-block-group has-white-color has-dark-blue-background-color has-text-color has-background has-link-color has-waves wp-elements-4c1171970dd74eaf3560c42baa6c80f8\" style=\"padding-top:var(--wp--preset--spacing--70);padding-bottom:var(--wp--preset--spacing--80)\"><div class=\"wp-block-group__inner-container is-layout-constrained wp-block-group-is-layout-constrained\">\n<div class=\"wp-block-columns max-w-screen-xl w-full is-wide px-0 md:px-8 is-layout-flex wp-container-core-columns-is-layout-9d6595d7 wp-block-columns-is-layout-flex\">\n<div class=\"wp-block-column is-layout-flow wp-block-column-is-layout-flow\">\n<h2 class=\"wp-block-heading has-white-color has-text-color has-link-color wp-elements-0393e639ec3501cbf323c5474c836e21\">Nos sites&nbsp;<br><\/h2>\n<\/div>\n\n\n\n<div class=\"wp-block-column is-layout-flow wp-block-column-is-layout-flow\">\n<h3 class=\"wp-block-heading has-white-color has-text-color has-link-color wp-elements-46bad765f19adefc6f9e6c2019deb7af\">Ath\u00e8nes, Gr\u00e8ce&nbsp;<\/h3>\n\n\n\n<ul class=\"wp-block-list adragos-list\">\n<li>+30 21 0323 2789<\/li>\n\n\n\n<li>59, Ioannou Metaxa str., 19441 Koropi, Greece<\/li>\n<\/ul>\n<\/div>\n\n\n\n<div class=\"wp-block-column is-layout-flow wp-block-column-is-layout-flow\">\n<h3 class=\"wp-block-heading has-white-color has-text-color has-link-color wp-elements-8ba9d3b29cd4020c6f83f802b3e9335a\">Leipzig, Allemagne&nbsp;<\/h3>\n\n\n\n<ul class=\"wp-block-list adragos-list\">\n<li>+49 341 25820<\/li>\n\n\n\n<li>Elisabeth-Schumacher-Stra\u00dfe 54-56, 04328 Leipzig, Germany<\/li>\n<\/ul>\n<\/div>\n<\/div><style>\n            .wp-block-columns.is-wide {\n\t\t\t\tmax-width: 1280px!important;\n\t\t\t\tmargin-left: auto!important;\n\t\t\t\tmargin-right: auto!important;\n            }\n        <\/style>\n\n\n\n<div class=\"wp-block-columns max-w-screen-xl w-full is-wide px-0 md:px-8 is-layout-flex wp-container-core-columns-is-layout-9d6595d7 wp-block-columns-is-layout-flex\">\n<div class=\"wp-block-column is-layout-flow wp-block-column-is-layout-flow\"><\/div>\n\n\n\n<div class=\"wp-block-column is-layout-flow wp-block-column-is-layout-flow\">\n<h3 class=\"wp-block-heading has-white-color has-text-color has-link-color wp-elements-752af6635db69b13f2e086c28852b150\">Halden, Norv\u00e8ge&nbsp;<\/h3>\n\n\n\n<ul class=\"wp-block-list adragos-list\">\n<li>+47 6921 1100<\/li>\n\n\n\n<li>Svinesundsveien 80, NO-1788 Halden, Norway<\/li>\n<\/ul>\n\n\n\n<h3 class=\"wp-block-heading has-white-color has-text-color has-link-color wp-elements-2a52083c02dc27ee9a6e213926793757\">Kawagoe, Japon&nbsp;<\/h3>\n\n\n\n<ul class=\"wp-block-list adragos-list\">\n<li>+81 49 243 1273<\/li>\n\n\n\n<li>1-3-2 Minamidai, Kawagoe, Saitama 350-1165, Japan<\/li>\n<\/ul>\n<\/div>\n\n\n\n<div class=\"wp-block-column is-layout-flow wp-block-column-is-layout-flow\">\n<h3 class=\"wp-block-heading has-white-color has-text-color has-link-color wp-elements-1a0f3af482eeef49917fe0bfe4d14d39\">Livron-sur-Dr\u00f4me, France<\/h3>\n\n\n\n<ul class=\"wp-block-list adragos-list\">\n<li>+33 4 75 61 02 00<\/li>\n\n\n\n<li>1 Rue Comt\u00e9 de Sinard, 26250 Livron-sur-Dr\u00f4me, France<\/li>\n<\/ul>\n\n\n\n<h3 class=\"wp-block-heading has-white-color has-text-color has-link-color wp-elements-14458f6e208550dd28d8d88424c26d90\">Courroux, Jura, Suisse<\/h3>\n\n\n\n<ul class=\"wp-block-list adragos-list\">\n<li>+41 32 420 76 40&nbsp;<\/li>\n\n\n\n<li>Rue de la Source 3, 2822 Courroux, Switzerland&nbsp;<\/li>\n<\/ul>\n<\/div>\n<\/div><style>\n            .wp-block-columns.is-wide {\n\t\t\t\tmax-width: 1280px!important;\n\t\t\t\tmargin-left: auto!important;\n\t\t\t\tmargin-right: auto!important;\n            }\n        <\/style>\n\n\n\n<div class=\"wp-block-columns max-w-screen-xl w-full is-wide px-0 md:px-8 is-layout-flex wp-container-core-columns-is-layout-9d6595d7 wp-block-columns-is-layout-flex\">\n<div class=\"wp-block-column is-layout-flow wp-block-column-is-layout-flow\">\n<h2 class=\"wp-block-heading has-white-color has-text-color has-link-color wp-elements-7da4bae7682fda43624eab349f8dc1be\">Nos bureaux&nbsp;<\/h2>\n\n\n\n<ul class=\"wp-block-list adragos-list\">\n<li><\/li>\n<\/ul>\n<\/div>\n\n\n\n<div class=\"wp-block-column is-layout-flow wp-block-column-is-layout-flow\">\n<h3 class=\"wp-block-heading has-white-color has-text-color has-link-color wp-elements-cd5baa90733c1f80a5f5b6b4bed2ea2f\">Munich, Allemagne<\/h3>\n\n\n\n<ul class=\"wp-block-list adragos-list\">\n<li>Si\u00e8ge social&nbsp;<\/li>\n\n\n\n<li>Sonnenstra\u00dfe 17,\u200b 80331 Munich, Allemagne<\/li>\n<\/ul>\n<\/div>\n\n\n\n<div class=\"wp-block-column is-layout-flow wp-block-column-is-layout-flow\">\n<h3 class=\"wp-block-heading has-white-color has-text-color has-link-color wp-elements-a8b190e9868cae9ad51ffb6a5a85f6e5\">Tokyo, Japon<\/h3>\n\n\n\n<ul class=\"wp-block-list adragos-list\">\n<li>Si\u00e8ge r\u00e9gional&nbsp;<\/li>\n\n\n\n<li>+81 3 6807 5618<\/li>\n<\/ul>\n<\/div>\n<\/div><style>\n            .wp-block-columns.is-wide {\n\t\t\t\tmax-width: 1280px!important;\n\t\t\t\tmargin-left: auto!important;\n\t\t\t\tmargin-right: auto!important;\n            }\n        <\/style>\n<\/div><\/div>\n","protected":false},"excerpt":{"rendered":"<p>Contactez-Nous Si vous souhaitez plus d&rsquo;informations sur notre entreprise ou nos services, contactez notre \u00e9quipe.&nbsp; Nos sites&nbsp; Ath\u00e8nes, Gr\u00e8ce&nbsp; Leipzig, Allemagne&nbsp; Halden, Norv\u00e8ge&nbsp; Kawagoe, Japon&nbsp; Livron-sur-Dr\u00f4me, France Courroux, Jura, Suisse Nos bureaux&nbsp; Munich, Allemagne Tokyo, Japon<\/p>\n","protected":false},"author":6,"featured_media":0,"parent":0,"menu_order":0,"comment_status":"closed","ping_status":"closed","template":"","meta":{"content-type":"","inline_featured_image":false,"footnotes":""},"class_list":["post-10332","page","type-page","status-publish","hentry"],"_links":{"self":[{"href":"https:\/\/adragos-pharma.com\/fr\/wp-json\/wp\/v2\/pages\/10332","targetHints":{"allow":["GET"]}}],"collection":[{"href":"https:\/\/adragos-pharma.com\/fr\/wp-json\/wp\/v2\/pages"}],"about":[{"href":"https:\/\/adragos-pharma.com\/fr\/wp-json\/wp\/v2\/types\/page"}],"author":[{"embeddable":true,"href":"https:\/\/adragos-pharma.com\/fr\/wp-json\/wp\/v2\/users\/6"}],"replies":[{"embeddable":true,"href":"https:\/\/adragos-pharma.com\/fr\/wp-json\/wp\/v2\/comments?post=10332"}],"version-history":[{"count":9,"href":"https:\/\/adragos-pharma.com\/fr\/wp-json\/wp\/v2\/pages\/10332\/revisions"}],"predecessor-version":[{"id":22737,"href":"https:\/\/adragos-pharma.com\/fr\/wp-json\/wp\/v2\/pages\/10332\/revisions\/22737"}],"wp:attachment":[{"href":"https:\/\/adragos-pharma.com\/fr\/wp-json\/wp\/v2\/media?parent=10332"}],"curies":[{"name":"wp","href":"https:\/\/api.w.org\/{rel}","templated":true}]}}