{"id":10363,"date":"2024-03-11T21:35:49","date_gmt":"2024-03-11T19:35:49","guid":{"rendered":"https:\/\/adragos-pharma.com\/?page_id=10363"},"modified":"2025-07-23T17:07:34","modified_gmt":"2025-07-23T15:07:34","slug":"medicaments-controles","status":"publish","type":"page","link":"https:\/\/adragos-pharma.com\/fr\/nos-services\/medicaments-controles\/","title":{"rendered":"M\u00e9dicaments Contr\u00f4l\u00e9s"},"content":{"rendered":"\n<section class=\"wp-block-adragos-blocks-header relative has-primary-background-color bg-pattern bg-cover max-w-full bg-bottom px-3 pt-10 pb-44 md:pt-16 md:pb-44 has-dark-blue-background-color has-background\"><div class=\"relative z-30 max-w-screen-xl px-6 m-auto\"><nav class=\"flex mb-4\" aria-label=\"Breadcrumb\"><ol class=\"inline-flex items-center space-x-1 md:space-x-2 rtl:space-x-reverse\"><li class=\"inline-flex items-center\"><a href=\"https:\/\/adragos-pharma.com\/fr\/\" class=\"inline-flex items-center text-sm font-medium text-white hover:text-primary\"><svg class=\"w-3 h-3 me-2.5\" aria-hidden=\"true\" xmlns=\"http:\/\/www.w3.org\/2000\/svg\" fill=\"currentColor\" viewBox=\"0 0 20 20\"><path d=\"m19.707 9.293-2-2-7-7a1 1 0 0 0-1.414 0l-7 7-2 2a1 1 0 0 0 1.414 1.414L2 10.414V18a2 2 0 0 0 2 2h3a1 1 0 0 0 1-1v-4a1 1 0 0 1 1-1h2a1 1 0 0 1 1 1v4a1 1 0 0 0 1 1h3a2 2 0 0 0 2-2v-7.586l.293.293a1 1 0 0 0 1.414-1.414Z\"><\/path><\/svg>Home<\/a><\/li><li><div class=\"flex items-center\"><svg class=\"rtl:rotate-180 w-3 h-3 text-white mx-1\" aria-hidden=\"true\" xmlns=\"http:\/\/www.w3.org\/2000\/svg\" fill=\"none\" viewBox=\"0 0 6 10\"><path stroke=\"currentColor\" stroke-linecap=\"round\" stroke-linejoin=\"round\" stroke-width=\"2\" d=\"m1 9 4-4-4-4\"><\/path><\/svg><a href=\"https:\/\/adragos-pharma.com\/fr\/nos-services\/\" class=\"ms-1 text-sm font-medium text-white hover:text-primary md:ms-2\">Nos Services<\/a><\/div><\/li><li class=\"hidden md:inline-block\" aria-current=\"page\"><div class=\"flex items-center\"><svg class=\"rtl:rotate-180 w-3 h-3 text-white mx-1\" aria-hidden=\"true\" xmlns=\"http:\/\/www.w3.org\/2000\/svg\" fill=\"none\" viewBox=\"0 0 6 10\"><path stroke=\"currentColor\" stroke-linecap=\"round\" stroke-linejoin=\"round\" stroke-width=\"2\" d=\"m1 9 4-4-4-4\"><\/path><\/svg><span class=\"ms-1 text-sm font-medium text-white md:ms-2\">M\u00e9dicaments Contr\u00f4l\u00e9s<\/span><\/div><\/li><\/ol><\/nav><h1 class=\"text-3xl md:text-4xl text-white\">M\u00e9dicaments Contr\u00f4l\u00e9s<\/h1><\/div><div class=\"bg-wave absolute left-0 bottom-0 h-52 bg-repeat-x bg-[center_bottom] w-full\"><\/div><\/section>\n\n\n\n<div class=\"wp-block-columns max-w-screen-xl w-full is-wide px-0 md:px-8 is-layout-flex wp-container-core-columns-is-layout-9d6595d7 wp-block-columns-is-layout-flex\">\n<div class=\"wp-block-column is-layout-flow wp-block-column-is-layout-flow\">\n<p>La manipulation de <strong>m\u00e9dicaments contr\u00f4l\u00e9s<\/strong> exige de la pr\u00e9cision, de la s\u00e9curit\u00e9 et une connaissance approfondie de la r\u00e9glementation. Nos installations d&rsquo;Ath\u00e8nes, de Kawagoe et de Livron offrent des services sp\u00e9cialis\u00e9s pour g\u00e9rer ces exigences essentielles mais rigoureuses. Nous assurons la s\u00fbret\u00e9, la s\u00e9curit\u00e9 et la conformit\u00e9 r\u00e9glementaire des produits pharmaceutiques contenant des <strong>substances contr\u00f4l\u00e9es<\/strong>, y compris l&rsquo;<strong>OxyContin<\/strong>, gr\u00e2ce \u00e0 une planification m\u00e9ticuleuse et au respect des normes r\u00e9glementaires.<\/p>\n\n\n<div class=\"wp-block-image\">\n<figure class=\"aligncenter size-large\"><img decoding=\"async\" width=\"1024\" height=\"683\" src=\"https:\/\/adragos-pharma.com\/wp-content\/uploads\/2024\/03\/3Q4A8461-1024x683.jpg\" alt=\"Controlled Drug Hangling\" class=\"wp-image-2201\" srcset=\"https:\/\/adragos-pharma.com\/wp-content\/uploads\/2024\/03\/3Q4A8461-1024x683.jpg 1024w, https:\/\/adragos-pharma.com\/wp-content\/uploads\/2024\/03\/3Q4A8461-300x200.jpg 300w, https:\/\/adragos-pharma.com\/wp-content\/uploads\/2024\/03\/3Q4A8461-768x512.jpg 768w, https:\/\/adragos-pharma.com\/wp-content\/uploads\/2024\/03\/3Q4A8461-1536x1024.jpg 1536w, https:\/\/adragos-pharma.com\/wp-content\/uploads\/2024\/03\/3Q4A8461-2048x1365.jpg 2048w\" sizes=\"(max-width: 1024px) 100vw, 1024px\" \/><\/figure>\n<\/div>\n\n\n<p>Nos services comprennent<\/p>\n\n\n\n<ul class=\"wp-block-list\">\n<li><strong>Pratiques de stockage s\u00e9curis\u00e9: <\/strong>Nous mettons en \u0153uvre des mesures robustes pour garantir le stockage s\u00e9curis\u00e9 des m\u00e9dicaments contr\u00f4l\u00e9s.<\/li>\n\n\n\n<li><strong>Documentation d\u00e9taill\u00e9e: <\/strong>Des syst\u00e8mes complets de suivi et de documentation pour contr\u00f4ler les substances r\u00e9glement\u00e9es.<\/li>\n\n\n\n<li><strong>Suivi et archivage rigoureux: <\/strong>Syst\u00e8mes avanc\u00e9s de suivi et d&rsquo;enregistrement m\u00e9ticuleux des m\u00e9dicaments contr\u00f4l\u00e9s.<\/li>\n\n\n\n<li><strong>Contr\u00f4les r\u00e9guliers de la gestion des stocks:<\/strong> Contr\u00f4les de routine pour maintenir un inventaire pr\u00e9cis des m\u00e9dicaments contr\u00f4l\u00e9s et garantir la conformit\u00e9.<\/li>\n\n\n\n<li><strong>Proc\u00e9dures de contr\u00f4le de la qualit\u00e9:<\/strong> Contr\u00f4le rigoureux de la qualit\u00e9 afin de pr\u00e9server l&rsquo;int\u00e9grit\u00e9 des m\u00e9dicaments contr\u00f4l\u00e9s.<\/li>\n\n\n\n<li><strong>Supervision compl\u00e8te: <\/strong>De l&rsquo;approvisionnement \u00e0 la distribution, notre approche implique un respect strict des exigences r\u00e9glementaires, garantissant une manipulation s\u00e9curis\u00e9e de l&rsquo;OxyContin et d&rsquo;autres substances contr\u00f4l\u00e9es, avec une surveillance continue pour att\u00e9nuer les risques et maintenir les normes.<\/li>\n<\/ul>\n\n\n\n<p>Notre engagement dans la gestion des m\u00e9dicaments contr\u00f4l\u00e9s garantit que toutes les proc\u00e9dures s&rsquo;alignent sur les normes r\u00e9glementaires, offrant \u00e0 la fois s\u00e9curit\u00e9 et conformit\u00e9 tout au long du processus.<\/p>\n<\/div>\n<\/div><style>\n            .wp-block-columns.is-wide {\n\t\t\t\tmax-width: 1280px!important;\n\t\t\t\tmargin-left: auto!important;\n\t\t\t\tmargin-right: auto!important;\n            }\n        <\/style>\n\n\n\n<h2 class=\"wp-block-heading has-text-align-center has-secondary-color has-text-color has-link-color wp-elements-d996d6fffc050c319717d3199f97d4bd\">Notre r\u00e9seau pour la manipulation contr\u00f4l\u00e9e des drogues&nbsp;<\/h2>\n\n\n\n<div class=\"wp-block-columns max-w-screen-xl w-full is-wide px-0 md:px-8 is-layout-flex wp-container-core-columns-is-layout-9d6595d7 wp-block-columns-is-layout-flex\">\n<div class=\"wp-block-column is-layout-flow wp-block-column-is-layout-flow\">\n<div class=\"wp-block-group box-with-border purple\"><div class=\"wp-block-group__inner-container is-layout-constrained wp-block-group-is-layout-constrained\">\n<div class=\"wp-block-media-text is-stacked-on-mobile\"><figure class=\"wp-block-media-text__media\"><a class=\"https:\/\/adragos-pharma.com\/leipzig-germany\/\" href=\"https:\/\/adragos-pharma.com\/fr\/kawagoe-japon\/\" target=\"_blank\" rel=\"https:\/\/adragos-pharma.com\/leipzig-germany\/\"><img decoding=\"async\" width=\"128\" height=\"85\" src=\"https:\/\/adragos-pharma.com\/wp-content\/uploads\/2024\/03\/japan-flag.png\" alt=\"Japan Flag\" class=\"wp-image-273 size-full\"\/><\/a><\/figure><div class=\"wp-block-media-text__content\">\n<h3 class=\"wp-block-heading\">Kawagoe, Japon<\/h3>\n\n\n\n<p>Notre site de production \u00e0 la pointe de la technologie est sp\u00e9cialis\u00e9 dans les ampoules, les comprim\u00e9s et les services d&rsquo;inspection visuelle. Nous offrons un excellent service client en anglais et en japonais. Il dispose de l\u2019un des plus grands entrep\u00f4ts frigorifiques du Japon.<\/p>\n\n\n\n<span class=\"text-primary font-bold text-4xl\">\u27f6<\/span>\n<\/div><\/div>\n<\/div><\/div>\n<\/div>\n\n\n\n<div class=\"wp-block-column is-layout-flow wp-block-column-is-layout-flow\">\n<div class=\"wp-block-group box-with-border\"><div class=\"wp-block-group__inner-container is-layout-constrained wp-block-group-is-layout-constrained\">\n<div class=\"wp-block-media-text is-stacked-on-mobile\"><figure class=\"wp-block-media-text__media\"><a class=\"https:\/\/adragos-pharma.com\/halden-norway\/\" href=\"https:\/\/adragos-pharma.com\/fr\/livron-france\/\" target=\"_blank\" rel=\" noreferrer noopener\"><img decoding=\"async\" width=\"43\" height=\"32\" src=\"https:\/\/adragos-pharma.com\/wp-content\/uploads\/2024\/03\/France.svg\" alt=\"\" class=\"wp-image-269 size-full\"\/><\/a><\/figure><div class=\"wp-block-media-text__content\">\n<h3 class=\"wp-block-heading\">Livron, France&nbsp;<\/h3>\n\n\n\n<p>Avec plus de 100 ans d\u2019exp\u00e9rience, Adragos Livron est sp\u00e9cialis\u00e9 dans la fabrication de liquides st\u00e9riles et de suppositoires. Nous traitons plus de 100 mol\u00e9cules et fournissons des \u00e9tudes de stabilit\u00e9, la gestion des stup\u00e9fiants et des services d\u2019analyses.<\/p>\n\n\n\n<span class=\"text-primary font-bold text-4xl\">\u27f6<\/span>\n<\/div><\/div>\n<\/div><\/div>\n<\/div>\n\n\n\n<div class=\"wp-block-column is-layout-flow wp-block-column-is-layout-flow\">\n<div class=\"wp-block-group box-with-border\"><div class=\"wp-block-group__inner-container is-layout-constrained wp-block-group-is-layout-constrained\">\n<div class=\"wp-block-media-text is-stacked-on-mobile\"><figure class=\"wp-block-media-text__media\"><a class=\"https:\/\/adragos-pharma.com\/halden-norway\/\" href=\"https:\/\/adragos-pharma.com\/fr\/athenes-grece\/\" target=\"_blank\" rel=\" noreferrer noopener\"><img decoding=\"async\" width=\"43\" height=\"32\" src=\"https:\/\/adragos-pharma.com\/wp-content\/uploads\/2024\/03\/greeceflag.svg\" alt=\"\" class=\"wp-image-271 size-full\"\/><\/a><\/figure><div class=\"wp-block-media-text__content\">\n<h3 class=\"wp-block-heading\">Ath\u00e8nes, Gr\u00e8ce<\/h3>\n\n\n\n<p>Avec plus de 3 000 m\u00b2 d\u2019installations de R&amp;D, Adragos Ath\u00e8nes est sp\u00e9cialis\u00e9 dans le d\u00e9veloppement de m\u00e9dicaments \u00e0 valeur ajout\u00e9e et a r\u00e9cemment \u00e9t\u00e9 \u00e9quip\u00e9 de capacit\u00e9s HPAPI.<\/p>\n\n\n\n<span class=\"text-primary font-bold text-4xl\">\u27f6<\/span>\n<\/div><\/div>\n<\/div><\/div>\n<\/div>\n<\/div><style>\n            .wp-block-columns.is-wide {\n\t\t\t\tmax-width: 1280px!important;\n\t\t\t\tmargin-left: auto!important;\n\t\t\t\tmargin-right: auto!important;\n            }\n        <\/style>\n\n\n        <section class=\"tw-mx-auto tw-max-w-screen-xl tw-px-8 tw-py-20\">\n            <header class=\"tw-flex tw-flex-col md:tw-flex-row lg:tw-items-center tw-justify-between tw-pb-20\">\n                <h2 class=\"tw-flex tw-gap-3 text-secondary tw-items-center lg:tw-w-1\/3 lg:tw-pr-12 tw-mb-6\">\n                    <svg width=\"27\" height=\"3\" viewBox=\"0 0 27 3\" fill=\"none\" xmlns=\"http:\/\/www.w3.org\/2000\/svg\">\n                        <rect width=\"27\" height=\"3\" fill=\"#8696FE\" \/>\n                    <\/svg>\n                    <a href=\"\">Adragos Hub<\/a>\n                <\/h2>\n                <p class=\"font-RobotoSlab tw-text-lg xl:tw-text-xl tw-font-light lg:tw-w-2\/3 lg:tw-pl-32\">\n                    D\u00e9couvrez-en plus sur les M\u00e9dicaments Contr\u00f4l\u00e9s dans nos articles de blog r\u00e9cents.                <\/p>\n            <\/header>\n\t\t\t<div class=\"tw-grid tw-grid-cols-1 lg:tw-grid-cols-2 tw-gap-6\">\n\t\t\t\t\t\t\t\t\t<div class=\"tw-relative tw-rounded-xl tw-overflow-hidden tw-min-h-60 tw-mb-6\">\n\t\t\t\t\t\t<img decoding=\"async\" src=\"https:\/\/adragos-pharma.com\/wp-content\/uploads\/2024\/09\/3Q4A7591-1024x480.jpg\" alt=\"M\u00e9dicaments g\u00e9n\u00e9riques vs de marque : diff\u00e9rences expliqu\u00e9es\" class=\"tw-object-cover tw-absolute\" \/>\n\t\t\t\t\t\t<div class=\"tw-absolute tw-bottom-0 tw-max-w-96 tw-bg-lightslate tw-backdrop-blur-[12px] tw-p-6 tw-rounded-tr-xl tw-w-full\">\n\t\t\t\t\t\t\t<p class=\"text-primary tw-text-xs tw-font-medium tw-tracking-widest tw-uppercase tw-pb-1\">Blog<\/p>\n\t\t\t\t\t\t\t<h3 class=\"tw-text-white tw-text-lg hover:tw-underline\">\n\t\t\t\t\t\t\t\t<a href=\"https:\/\/adragos-pharma.com\/fr\/medicaments-generiques-vs-de-marque-differences-expliquees\/\">M\u00e9dicaments g\u00e9n\u00e9riques vs de marque : diff\u00e9rences expliqu\u00e9es<\/a>\n\t\t\t\t\t\t\t<\/h3>\n\t\t\t\t\t\t<\/div>\n\t\t\t\t\t<\/div>\n\t\t\t\t\t\t\t\t\t<div class=\"tw-relative tw-rounded-xl tw-overflow-hidden tw-min-h-60 tw-mb-6\">\n\t\t\t\t\t\t<img decoding=\"async\" src=\"https:\/\/adragos-pharma.com\/wp-content\/uploads\/2024\/08\/3Q4A7207-1024x480.jpg\" alt=\"Produit vs substance m\u00e9dicamenteuse : diff\u00e9rences essentielles\" class=\"tw-object-cover tw-absolute\" \/>\n\t\t\t\t\t\t<div class=\"tw-absolute tw-bottom-0 tw-max-w-96 tw-bg-lightslate tw-backdrop-blur-[12px] tw-p-6 tw-rounded-tr-xl tw-w-full\">\n\t\t\t\t\t\t\t<p class=\"text-primary tw-text-xs tw-font-medium tw-tracking-widest tw-uppercase tw-pb-1\">Blog<\/p>\n\t\t\t\t\t\t\t<h3 class=\"tw-text-white tw-text-lg hover:tw-underline\">\n\t\t\t\t\t\t\t\t<a href=\"https:\/\/adragos-pharma.com\/fr\/produit-vs-substance-medicamenteuse-differences-essentielles\/\">Produit vs substance m\u00e9dicamenteuse : diff\u00e9rences essentielles<\/a>\n\t\t\t\t\t\t\t<\/h3>\n\t\t\t\t\t\t<\/div>\n\t\t\t\t\t<\/div>\n\t\t\t\t\t\t\t\t\t<div class=\"tw-relative tw-rounded-xl tw-overflow-hidden tw-min-h-60 tw-mb-6\">\n\t\t\t\t\t\t<img decoding=\"async\" src=\"https:\/\/adragos-pharma.com\/wp-content\/uploads\/2024\/08\/3Q4A7380-1024x480.jpg\" alt=\"Guide ultime des r\u00e9glementations pharma : conformit\u00e9 &#038; normes\" class=\"tw-object-cover tw-absolute\" \/>\n\t\t\t\t\t\t<div class=\"tw-absolute tw-bottom-0 tw-max-w-96 tw-bg-lightslate tw-backdrop-blur-[12px] tw-p-6 tw-rounded-tr-xl tw-w-full\">\n\t\t\t\t\t\t\t<p class=\"text-primary tw-text-xs tw-font-medium tw-tracking-widest tw-uppercase tw-pb-1\">Blog<\/p>\n\t\t\t\t\t\t\t<h3 class=\"tw-text-white tw-text-lg hover:tw-underline\">\n\t\t\t\t\t\t\t\t<a href=\"https:\/\/adragos-pharma.com\/fr\/guide-ultime-des-reglementations-pharma-conformite-normes\/\">Guide ultime des r\u00e9glementations pharma : conformit\u00e9 &#038; normes<\/a>\n\t\t\t\t\t\t\t<\/h3>\n\t\t\t\t\t\t<\/div>\n\t\t\t\t\t<\/div>\n\t\t\t\t\t\t\t\t\t<div class=\"tw-relative tw-rounded-xl tw-overflow-hidden tw-min-h-60 tw-mb-6\">\n\t\t\t\t\t\t<img decoding=\"async\" src=\"https:\/\/adragos-pharma.com\/wp-content\/uploads\/2024\/08\/Adragos-Pharma-goes-to-CPHI-Milano-5-1024x480.jpg\" alt=\"Adragos \u00e0 CPHI Milan 2024\" class=\"tw-object-cover tw-absolute\" \/>\n\t\t\t\t\t\t<div class=\"tw-absolute tw-bottom-0 tw-max-w-96 tw-bg-lightslate tw-backdrop-blur-[12px] tw-p-6 tw-rounded-tr-xl tw-w-full\">\n\t\t\t\t\t\t\t<p class=\"text-primary tw-text-xs tw-font-medium tw-tracking-widest tw-uppercase tw-pb-1\">\u00c9v\u00e9nements<\/p>\n\t\t\t\t\t\t\t<h3 class=\"tw-text-white tw-text-lg hover:tw-underline\">\n\t\t\t\t\t\t\t\t<a href=\"https:\/\/adragos-pharma.com\/fr\/adragos-a-cphi-milan-2024\/\">Adragos \u00e0 CPHI Milan 2024<\/a>\n\t\t\t\t\t\t\t<\/h3>\n\t\t\t\t\t\t<\/div>\n\t\t\t\t\t<\/div>\n\t\t\t\t\t\t\t<\/div>\n\n        <\/section>\n        \n\n\n\n<section class=\"wp-block-adragos-blocks-footer-cta max-w-screen-lg bg-light mx-8 md:mx-auto px-8 py-12 text-center mt-3 mb-12 md:mb-16 rounded-xl\"><h2 class=\"\">Contactez-Nous\u00a0<\/h2><p class=\"subtitle font-light m-auto max-w-screen-sm py-6\">Pour plus de d\u00e9tails sur notre entreprise et nos services, n&rsquo;h\u00e9sitez pas \u00e0 contacter notre \u00e9quipe.\u00a0<\/p><div class=\"flex flex-col md:flex-row justify-center gap-4\"><a href=\"https:\/\/adragos-pharma.com\/fr\/nous-contacter\/?utm_campaign=MK_website_contactUs&#038;utm_source=Google&#038;utm_medium=banner&#038;utm_term=french&#038;utm_content=contact_us\" class=\"cta-link inline-block adragos-button text-white has-primary-background-color text-center\">Envoyer un message\u00a0<\/a><a href=\"https:\/\/meetings-eu1.hubspot.com\/lydia-marinou?ref=controlled-drugs-fr-button\" class=\"cta-link2 inline-block adragos-button text-white has-secondary-background-color text-center\" target=\"_blank\" rel=\"noopener\">Planifier une r\u00e9union<\/a><\/div><\/section>\n","protected":false},"excerpt":{"rendered":"<p>La manipulation de m\u00e9dicaments contr\u00f4l\u00e9s exige de la pr\u00e9cision, de la s\u00e9curit\u00e9 et une connaissance approfondie de la r\u00e9glementation. Nos installations d&rsquo;Ath\u00e8nes, de Kawagoe et de Livron offrent des services sp\u00e9cialis\u00e9s pour g\u00e9rer ces exigences essentielles mais rigoureuses. Nous assurons [&hellip;]<\/p>\n","protected":false},"author":6,"featured_media":0,"parent":10441,"menu_order":0,"comment_status":"closed","ping_status":"closed","template":"","meta":{"content-type":"","inline_featured_image":false,"footnotes":""},"class_list":["post-10363","page","type-page","status-publish","hentry"],"_links":{"self":[{"href":"https:\/\/adragos-pharma.com\/fr\/wp-json\/wp\/v2\/pages\/10363","targetHints":{"allow":["GET"]}}],"collection":[{"href":"https:\/\/adragos-pharma.com\/fr\/wp-json\/wp\/v2\/pages"}],"about":[{"href":"https:\/\/adragos-pharma.com\/fr\/wp-json\/wp\/v2\/types\/page"}],"author":[{"embeddable":true,"href":"https:\/\/adragos-pharma.com\/fr\/wp-json\/wp\/v2\/users\/6"}],"replies":[{"embeddable":true,"href":"https:\/\/adragos-pharma.com\/fr\/wp-json\/wp\/v2\/comments?post=10363"}],"version-history":[{"count":26,"href":"https:\/\/adragos-pharma.com\/fr\/wp-json\/wp\/v2\/pages\/10363\/revisions"}],"predecessor-version":[{"id":21219,"href":"https:\/\/adragos-pharma.com\/fr\/wp-json\/wp\/v2\/pages\/10363\/revisions\/21219"}],"up":[{"embeddable":true,"href":"https:\/\/adragos-pharma.com\/fr\/wp-json\/wp\/v2\/pages\/10441"}],"wp:attachment":[{"href":"https:\/\/adragos-pharma.com\/fr\/wp-json\/wp\/v2\/media?parent=10363"}],"curies":[{"name":"wp","href":"https:\/\/api.w.org\/{rel}","templated":true}]}}