{"id":10366,"date":"2024-03-11T10:07:23","date_gmt":"2024-03-11T08:07:23","guid":{"rendered":"https:\/\/adragos-pharma.com\/?page_id=10366"},"modified":"2026-03-04T10:55:06","modified_gmt":"2026-03-04T08:55:06","slug":"expertise-en-hpapi","status":"publish","type":"page","link":"https:\/\/adragos-pharma.com\/fr\/developpement-de-medicaments\/expertise-en-hpapi\/","title":{"rendered":"Expertise en HPAPI"},"content":{"rendered":"\n<section class=\"wp-block-adragos-blocks-header relative has-primary-background-color bg-pattern bg-cover max-w-full bg-bottom px-3 pt-10 pb-44 md:pt-16 md:pb-44 has-background\"><div class=\"relative z-30 max-w-screen-xl px-6 m-auto\"><nav class=\"flex mb-4\" aria-label=\"Breadcrumb\"><ol class=\"inline-flex items-center space-x-1 md:space-x-2 rtl:space-x-reverse\"><li class=\"inline-flex items-center\"><a href=\"https:\/\/adragos-pharma.com\/fr\/\" class=\"inline-flex items-center text-sm font-medium text-white hover:text-primary\"><svg class=\"w-3 h-3 me-2.5\" aria-hidden=\"true\" xmlns=\"http:\/\/www.w3.org\/2000\/svg\" fill=\"currentColor\" viewBox=\"0 0 20 20\"><path d=\"m19.707 9.293-2-2-7-7a1 1 0 0 0-1.414 0l-7 7-2 2a1 1 0 0 0 1.414 1.414L2 10.414V18a2 2 0 0 0 2 2h3a1 1 0 0 0 1-1v-4a1 1 0 0 1 1-1h2a1 1 0 0 1 1 1v4a1 1 0 0 0 1 1h3a2 2 0 0 0 2-2v-7.586l.293.293a1 1 0 0 0 1.414-1.414Z\"><\/path><\/svg>Home<\/a><\/li><li><div class=\"flex items-center\"><svg class=\"rtl:rotate-180 w-3 h-3 text-white mx-1\" aria-hidden=\"true\" xmlns=\"http:\/\/www.w3.org\/2000\/svg\" fill=\"none\" viewBox=\"0 0 6 10\"><path stroke=\"currentColor\" stroke-linecap=\"round\" stroke-linejoin=\"round\" stroke-width=\"2\" d=\"m1 9 4-4-4-4\"><\/path><\/svg><a href=\"https:\/\/adragos-pharma.com\/fr\/developpement-de-medicaments\/\" class=\"ms-1 text-sm font-medium text-white hover:text-primary md:ms-2\">D\u00e9veloppement de M\u00e9dicaments\u00a0<\/a><\/div><\/li><li class=\"hidden md:inline-block\" aria-current=\"page\"><div class=\"flex items-center\"><svg class=\"rtl:rotate-180 w-3 h-3 text-white mx-1\" aria-hidden=\"true\" xmlns=\"http:\/\/www.w3.org\/2000\/svg\" fill=\"none\" viewBox=\"0 0 6 10\"><path stroke=\"currentColor\" stroke-linecap=\"round\" stroke-linejoin=\"round\" stroke-width=\"2\" d=\"m1 9 4-4-4-4\"><\/path><\/svg><span class=\"ms-1 text-sm font-medium text-white md:ms-2\">Expertise en HPAPI<\/span><\/div><\/li><\/ol><\/nav><h1 class=\"text-3xl md:text-4xl text-white\">Expertise en HPAPI<\/h1><\/div><div class=\"bg-wave absolute left-0 bottom-0 h-52 bg-repeat-x bg-[center_bottom] w-full\"><\/div><\/section>\n\n\n\n<div class=\"wp-block-columns max-w-screen-xl w-full is-wide px-0 md:px-8 is-layout-flex wp-container-core-columns-is-layout-9d6595d7 wp-block-columns-is-layout-flex\">\n<div class=\"wp-block-column is-layout-flow wp-block-column-is-layout-flow\">\n<p><strong>Notre laboratoire HPAPI \u00e0 Ath\u00e8nes est \u00e9quip\u00e9 pour g\u00e9rer en toute s\u00e9curit\u00e9 les Principes Actifs Pharmaceutiques Hautement Puissants (HPAPI) avec une Limite d&rsquo;Exposition Professionnelle (LEP) d&rsquo;au moins 0,5 \u03bcg\/m\u00b3 et une Bande d&rsquo;Exposition Professionnelle 5 (OEB5).&nbsp;<\/strong><\/p>\n\n\n\n<section class=\"wp-block-adragos-blocks-box max-w-screen-xl mx-auto px-8 py-8 py-16 md:py-20 px-0 tw-px-0\"><div class=\"grid grid-cols-1 lg:grid-cols-2 gap-x-8 gap-y-8\"><div class=\"false relative box bg-light rounded-xl p-8\"><div class=\"flex gap-5 items-center\"><img decoding=\"async\" class=\"box-image mb-0\" src=\"https:\/\/adragos-pharma.com\/wp-content\/uploads\/2024\/03\/HPAPI.png\" alt=\"\"\/><h3 class=\"box-title\">Principes Actifs Hautement Puissants (HPAPI)<\/h3><\/div><p class=\"my-6 box-subtitle\">Laboratoire HPAPI avec laboratoire analytique approuv\u00e9 EU-GMP&nbsp;<\/p><\/div><div class=\"false relative box bg-light rounded-xl p-8\"><div class=\"flex gap-5 items-center\"><img decoding=\"async\" class=\"box-image mb-0\" src=\"https:\/\/adragos-pharma.com\/wp-content\/uploads\/2024\/03\/Experienced-Developer.png\" alt=\"\"\/><h3 class=\"box-title\">D\u00e9veloppeur Exp\u00e9riment\u00e9<\/h3><\/div><p class=\"my-6 box-subtitle\">D\u00e9veloppeur exp\u00e9riment\u00e9 de m\u00e9dicaments \u00e0 valeur ajout\u00e9e avec une exp\u00e9rience \u00e9prouv\u00e9e dans les d\u00e9veloppements HPAPI.<\/p><\/div><\/div><\/section>\n\n\n\n<div style=\"height:36px\" aria-hidden=\"true\" class=\"wp-block-spacer\"><\/div>\n\n\n\n<h3 class=\"wp-block-heading\"><strong>D\u00e9veloppement de Principes Actifs Hautement Puissants (HPAPI)<\/strong>&nbsp;<\/h3>\n\n\n\n<p>En 2023, un laboratoire HPAPI a \u00e9t\u00e9 construit dans nos installations \u00e0 Ath\u00e8nes pour assurer la s\u00e9curit\u00e9 des op\u00e9rateurs et de l&rsquo;environnement, et pour \u00e9tendre nos capacit\u00e9s techniques internes pour le d\u00e9veloppement de nouveaux produits contenant des substances hautement puissantes.&nbsp;<\/p>\n\n\n\n<p>La demande en constante augmentation de nouveaux produits contenant des substances actives class\u00e9es comme hautement puissantes, telles que les m\u00e9dicaments pour traiter le cancer, a conduit \u00e0 la d\u00e9cision strat\u00e9gique d&rsquo;allouer des ressources au d\u00e9veloppement d&rsquo;une suite d\u00e9di\u00e9e dans ce domaine en pleine croissance des d\u00e9veloppements HPAPI.&nbsp;<\/p>\n\n\n<div class=\"wp-block-image\">\n<figure class=\"aligncenter size-large\"><img decoding=\"async\" width=\"1024\" height=\"683\" src=\"https:\/\/adragos-pharma.com\/wp-content\/uploads\/2024\/03\/3Q4A8464-1024x683.jpg\" alt=\"\" class=\"wp-image-2165\" srcset=\"https:\/\/adragos-pharma.com\/wp-content\/uploads\/2024\/03\/3Q4A8464-1024x683.jpg 1024w, https:\/\/adragos-pharma.com\/wp-content\/uploads\/2024\/03\/3Q4A8464-300x200.jpg 300w, https:\/\/adragos-pharma.com\/wp-content\/uploads\/2024\/03\/3Q4A8464-768x512.jpg 768w, https:\/\/adragos-pharma.com\/wp-content\/uploads\/2024\/03\/3Q4A8464-1536x1024.jpg 1536w, https:\/\/adragos-pharma.com\/wp-content\/uploads\/2024\/03\/3Q4A8464-2048x1365.jpg 2048w\" sizes=\"(max-width: 1024px) 100vw, 1024px\" \/><\/figure>\n<\/div>\n\n\n<h3 class=\"wp-block-heading\">Approuv\u00e9 et Certifi\u00e9<\/h3>\n\n\n\n<p>La suite d\u00e9di\u00e9e aux produits tr\u00e8s puissants de notre usine d&rsquo;Ath\u00e8nes est certifi\u00e9e conforme aux BPF de l&rsquo;UE par les autorit\u00e9s r\u00e9glementaires grecques depuis 2023. Il englobe une technologie de laboratoire de pointe et des professionnels hautement qualifi\u00e9s pour r\u00e9pondre aux besoins de votre entreprise.<\/p>\n\n\n\n<p>Le laboratoire Highly Potent API (HPAPI) comprend une zone de fabrication \u00e0 l&rsquo;\u00e9chelle du laboratoire pour la production de R&amp;D de produits pharmaceutiques solides et liquides contenant de l&rsquo;HPAPI, ainsi qu&rsquo;un laboratoire d&rsquo;analyse. Adh\u00e9rant aux exigences des BPF, le laboratoire est \u00e9quip\u00e9 pour entreprendre l&rsquo;analyse des produits pharmaceutiques liquides et solides et des substances actives.<\/p>\n<\/div>\n<\/div><style>\n            .wp-block-columns.is-wide {\n\t\t\t\tmax-width: 1280px!important;\n\t\t\t\tmargin-left: auto!important;\n\t\t\t\tmargin-right: auto!important;\n            }\n        <\/style>\n\n\n\n<div class=\"wp-block-columns max-w-screen-xl w-full is-wide px-0 md:px-8 is-layout-flex wp-container-core-columns-is-layout-9d6595d7 wp-block-columns-is-layout-flex\">\n<div class=\"wp-block-column is-layout-flow wp-block-column-is-layout-flow\" style=\"flex-basis:100%\"><div class=\"wp-block-image\">\n<figure class=\"aligncenter size-large\"><img decoding=\"async\" width=\"1024\" height=\"683\" src=\"https:\/\/adragos-pharma.com\/wp-content\/uploads\/2024\/03\/3Q4A8483-1024x683.jpg\" alt=\"\" class=\"wp-image-2164\" srcset=\"https:\/\/adragos-pharma.com\/wp-content\/uploads\/2024\/03\/3Q4A8483-1024x683.jpg 1024w, https:\/\/adragos-pharma.com\/wp-content\/uploads\/2024\/03\/3Q4A8483-300x200.jpg 300w, https:\/\/adragos-pharma.com\/wp-content\/uploads\/2024\/03\/3Q4A8483-768x512.jpg 768w, https:\/\/adragos-pharma.com\/wp-content\/uploads\/2024\/03\/3Q4A8483-1536x1024.jpg 1536w, https:\/\/adragos-pharma.com\/wp-content\/uploads\/2024\/03\/3Q4A8483-2048x1365.jpg 2048w\" sizes=\"(max-width: 1024px) 100vw, 1024px\" \/><\/figure>\n<\/div>\n\n\n<h3 class=\"wp-block-heading\"><strong>OEL and OEB5<\/strong><\/h3>\n\n\n\n<p>Les OEB sont des cat\u00e9gories qui classent les produits chimiques en fonction de leurs risques potentiels pour la sant\u00e9 et des limites d&rsquo;exposition correspondantes. Il existe cinq cat\u00e9gories au total &#8211; OEB1, OEB2, OEB3, OEB4, OEB5 &#8211; OEB1 repr\u00e9sentant les substances les moins toxiques et OEB5 les plus toxiques.<\/p>\n\n\n\n<p><strong>L&rsquo;installation d&rsquo;Adragos \u00e0 Ath\u00e8nes est capable de manipuler des compos\u00e9s tr\u00e8s puissants jusqu&rsquo;\u00e0 la cat\u00e9gorie OEB 5, avec une limite d&rsquo;exposition professionnelle (LEP) qui n&rsquo;est pas inf\u00e9rieure \u00e0 0,5 \u03bcg\/m\u00b3 (ce qui \u00e9quivaut \u00e0 0,0005 mg\/m\u00b3).<\/strong><\/p>\n<\/div>\n<\/div><style>\n            .wp-block-columns.is-wide {\n\t\t\t\tmax-width: 1280px!important;\n\t\t\t\tmargin-left: auto!important;\n\t\t\t\tmargin-right: auto!important;\n            }\n        <\/style>\n\n\n\n<div class=\"wp-block-columns tw-rounded-xl max-w-screen-xl w-full is-wide px-0 md:px-8 is-layout-flex wp-container-core-columns-is-layout-abbe5815 wp-block-columns-is-layout-flex\" style=\"padding-top:0;padding-right:0;padding-bottom:0;padding-left:0\">\n<div class=\"wp-block-column is-layout-flow wp-block-column-is-layout-flow\">\n<div class=\"wp-block-cover is-light\"><img decoding=\"async\" width=\"2560\" height=\"1263\" class=\"wp-block-cover__image-background wp-image-16965\" alt=\"\" src=\"https:\/\/adragos-pharma.com\/wp-content\/uploads\/2025\/04\/ps2-scaled.jpg\" data-object-fit=\"cover\" srcset=\"https:\/\/adragos-pharma.com\/wp-content\/uploads\/2025\/04\/ps2-scaled.jpg 2560w, https:\/\/adragos-pharma.com\/wp-content\/uploads\/2025\/04\/ps2-300x148.jpg 300w, https:\/\/adragos-pharma.com\/wp-content\/uploads\/2025\/04\/ps2-1024x505.jpg 1024w, https:\/\/adragos-pharma.com\/wp-content\/uploads\/2025\/04\/ps2-768x379.jpg 768w, https:\/\/adragos-pharma.com\/wp-content\/uploads\/2025\/04\/ps2-1536x758.jpg 1536w, https:\/\/adragos-pharma.com\/wp-content\/uploads\/2025\/04\/ps2-2048x1010.jpg 2048w\" sizes=\"(max-width: 2560px) 100vw, 2560px\" \/><span aria-hidden=\"true\" class=\"wp-block-cover__background has-background-dim\" style=\"background-color:#9c9b90\"><\/span><div class=\"wp-block-cover__inner-container is-layout-constrained wp-block-cover-is-layout-constrained\">\n<div class=\"wp-block-columns is-layout-flex wp-container-core-columns-is-layout-9d6595d7 wp-block-columns-is-layout-flex\">\n<div class=\"wp-block-column is-layout-flow wp-block-column-is-layout-flow\"><\/div>\n\n\n\n<div class=\"wp-block-column has-background is-layout-flow wp-block-column-is-layout-flow\" style=\"background-color:#ced4f994;padding-top:30px;padding-right:30px;padding-bottom:30px;padding-left:30px\">\n<h2 class=\"wp-block-heading\">Nous offrons des services de d\u00e9veloppement de formulations \u00e0 Ath\u00e8nes, Gr\u00e8ce<\/h2>\n\n\n\n<p>Avec plus de 3 000 m\u00b2 d&rsquo;installations de R&amp;D, Adragos Ath\u00e8nes est sp\u00e9cialis\u00e9e dans le d\u00e9veloppement de m\u00e9dicaments \u00e0 valeur ajout\u00e9e et a \u00e9t\u00e9 r\u00e9cemment dot\u00e9e de capacit\u00e9s HPAPI.<\/p>\n\n\n\n<div class=\"wp-block-buttons is-layout-flex wp-block-buttons-is-layout-flex\">\n<div class=\"wp-block-button\"><a class=\"wp-block-button__link has-dark-blue-background-color has-background wp-element-button\" href=\"https:\/\/adragos-pharma.com\/fr\/athenes-grece\/\">Voir le Site<\/a><\/div>\n<\/div>\n<\/div>\n<\/div>\n<\/div><\/div>\n<\/div>\n<\/div><style>\n            .wp-block-columns.is-wide {\n\t\t\t\tmax-width: 1280px!important;\n\t\t\t\tmargin-left: auto!important;\n\t\t\t\tmargin-right: auto!important;\n            }\n        <\/style>\n\n\n\n<div style=\"height:64px\" aria-hidden=\"true\" class=\"wp-block-spacer\"><\/div>\n\n\n\n<div class=\"wp-block-group\"><div class=\"wp-block-group__inner-container is-layout-constrained wp-block-group-is-layout-constrained\">\n<div class=\"wp-block-columns max-w-screen-xl w-full is-wide px-0 md:px-8 is-layout-flex wp-container-core-columns-is-layout-9d6595d7 wp-block-columns-is-layout-flex\">\n<div class=\"wp-block-column is-layout-flow wp-block-column-is-layout-flow\">\t<div class=\"tw-flex-row  tw-flex tw-justify-center\">\n\t\t<div class=\"tw-basis-80 tw-hidden md:tw-flex tw-flex-col tw-shrink-0 tw-pr-12\">\n\t\t\t<h2>D\u00e9couvrez nos experts<\/h2>\n\t\t\t<p class=\"md:tw-max-w-72 xl:tw-text-lg md:tw-text-base tw-font-normal\">\n\t\t\t\tHautement qualifi\u00e9s et exp\u00e9riment\u00e9s dans leur domaine.\t\t\t<\/p>\n\t\t\t\t\t\t\t<div class=\"tw-relative\">\n\t\t\t\t\t<div class=\"tw-flex tw-gap-7 tw-absolute tw-top-10\">\n\t\t\t\t\t\t<div class=\"button-prev tw-bg-primary tw-rounded-full tw-w-12 tw-h-12 tw-flex tw-justify-center tw-items-center\">\n\t\t\t\t\t\t\t<svg width=\"23\" height=\"22\" viewBox=\"0 0 23 22\" fill=\"none\" xmlns=\"http:\/\/www.w3.org\/2000\/svg\">\n\t\t\t\t\t\t\t\t<path d=\"M10.8711 21L1.00008 11L10.8711 1\" stroke=\"white\" stroke-width=\"1.5\" stroke-linecap=\"round\" stroke-linejoin=\"round\" \/>\n\t\t\t\t\t\t\t\t<path d=\"M1.00011 11L22 11\" stroke=\"white\" stroke-width=\"1.5\" stroke-linecap=\"round\" stroke-linejoin=\"round\" \/>\n\t\t\t\t\t\t\t<\/svg>\n\t\t\t\t\t\t<\/div>\n\t\t\t\t\t\t<div class=\"button-next tw-bg-primary tw-rounded-full tw-w-12 tw-h-12 tw-flex tw-justify-center tw-items-center tw-rotate-180\">\n\t\t\t\t\t\t\t<svg width=\"23\" height=\"22\" viewBox=\"0 0 23 22\" fill=\"none\" xmlns=\"http:\/\/www.w3.org\/2000\/svg\">\n\t\t\t\t\t\t\t\t<path d=\"M10.8711 21L1.00008 11L10.8711 1\" stroke=\"white\" stroke-width=\"1.5\" stroke-linecap=\"round\" stroke-linejoin=\"round\" \/>\n\t\t\t\t\t\t\t\t<path d=\"M1.00011 11L22 11\" stroke=\"white\" stroke-width=\"1.5\" stroke-linecap=\"round\" stroke-linejoin=\"round\" \/>\n\t\t\t\t\t\t\t<\/svg>\n\t\t\t\t\t\t<\/div>\n\t\t\t\t\t<\/div>\n\t\t\t\t<\/div>\n\t\t\t\t\t<\/div>\n\t\t<div class=\"swiper team-swiper\">\n\t\t\t<div class=\"swiper-wrapper\">\n\t\t\t\t\t\t\t\t\t<a data-id=\"2908\" href=\"https:\/\/adragos-pharma.com\/fr\/team\/amalia-stroumpou\/\" class=\"tw-relative tw-overflow-hidden swiper-slide\">\n\t\t\t\t\t\t<img decoding=\"async\" src=\"https:\/\/adragos-pharma.com\/wp-content\/uploads\/2024\/03\/Amalia-Stroumpou-2-560x680.jpg\" alt=\"Amalia Stroumpou\" class=\"!tw-mb-0 tw-rounded-xl tw-object-cover tw-w-full tw-h-full\" \/>\n\t\t\t\t\t\t<div class=\"custom tw-absolute tw-bottom-0\">\n\t\t\t\t\t\t\t<div class=\"tw-relative tw-z-10 tw-w-full tw-pl-6 tw-pr-9\">\n\t\t\t\t\t\t\t\t<h3 class=\"!tw-text-white tw-text-xl tw-font-bold hover:!tw-text-secondary !tw-mb-0\">Amalia Stroumpou<\/h3>\n\t\t\t\t\t\t\t\t<p class=\"!tw-text-white tw-text-base tw-font-normal tw-pt-3 tw-pb-7 !tw-mb-0\">Head of GMP Analytical\/QP, Athens<\/p>\n\t\t\t\t\t\t\t<\/div>\n\t\t\t\t\t\t\t<div class=\"glass-effect\"><\/div>\n\t\t\t\t\t\t<\/div>\n\t\t\t\t\t<\/a>\n\t\t\t\t\t\t\t\t\t<a data-id=\"3089\" href=\"https:\/\/adragos-pharma.com\/fr\/team\/eleni-kotsi\/\" class=\"tw-relative tw-overflow-hidden swiper-slide\">\n\t\t\t\t\t\t<img decoding=\"async\" src=\"https:\/\/adragos-pharma.com\/wp-content\/uploads\/2024\/04\/Eleni-Kotsi-2-560x680.jpg\" alt=\"Eleni Kotsi\" class=\"!tw-mb-0 tw-rounded-xl tw-object-cover tw-w-full tw-h-full\" \/>\n\t\t\t\t\t\t<div class=\"custom tw-absolute tw-bottom-0\">\n\t\t\t\t\t\t\t<div class=\"tw-relative tw-z-10 tw-w-full tw-pl-6 tw-pr-9\">\n\t\t\t\t\t\t\t\t<h3 class=\"!tw-text-white tw-text-xl tw-font-bold hover:!tw-text-secondary !tw-mb-0\">Eleni Kotsi<\/h3>\n\t\t\t\t\t\t\t\t<p class=\"!tw-text-white tw-text-base tw-font-normal tw-pt-3 tw-pb-7 !tw-mb-0\">Head of QA, Athens<\/p>\n\t\t\t\t\t\t\t<\/div>\n\t\t\t\t\t\t\t<div class=\"glass-effect\"><\/div>\n\t\t\t\t\t\t<\/div>\n\t\t\t\t\t<\/a>\n\t\t\t\t\t\t\t\t\t<a data-id=\"528\" href=\"https:\/\/adragos-pharma.com\/fr\/team\/konstantinos-apostolou\/\" class=\"tw-relative tw-overflow-hidden swiper-slide\">\n\t\t\t\t\t\t<img decoding=\"async\" src=\"https:\/\/adragos-pharma.com\/wp-content\/uploads\/2024\/03\/Konstantinos-Apostolou-560x680.jpg\" alt=\"Konstantinos Apostolou\" class=\"!tw-mb-0 tw-rounded-xl tw-object-cover tw-w-full tw-h-full\" \/>\n\t\t\t\t\t\t<div class=\"custom tw-absolute tw-bottom-0\">\n\t\t\t\t\t\t\t<div class=\"tw-relative tw-z-10 tw-w-full tw-pl-6 tw-pr-9\">\n\t\t\t\t\t\t\t\t<h3 class=\"!tw-text-white tw-text-xl tw-font-bold hover:!tw-text-secondary !tw-mb-0\">Konstantinos Apostolou<\/h3>\n\t\t\t\t\t\t\t\t<p class=\"!tw-text-white tw-text-base tw-font-normal tw-pt-3 tw-pb-7 !tw-mb-0\">R&amp;D Senior Manager, Athens<\/p>\n\t\t\t\t\t\t\t<\/div>\n\t\t\t\t\t\t\t<div class=\"glass-effect\"><\/div>\n\t\t\t\t\t\t<\/div>\n\t\t\t\t\t<\/a>\n\t\t\t\t\t\t\t\t\t<a data-id=\"2913\" href=\"https:\/\/adragos-pharma.com\/fr\/team\/akis-loukas\/\" class=\"tw-relative tw-overflow-hidden swiper-slide\">\n\t\t\t\t\t\t<img decoding=\"async\" src=\"https:\/\/adragos-pharma.com\/wp-content\/uploads\/2024\/03\/Akis-Loukas-560x680.jpg\" alt=\"Akis Loukas\" class=\"!tw-mb-0 tw-rounded-xl tw-object-cover tw-w-full tw-h-full\" \/>\n\t\t\t\t\t\t<div class=\"custom tw-absolute tw-bottom-0\">\n\t\t\t\t\t\t\t<div class=\"tw-relative tw-z-10 tw-w-full tw-pl-6 tw-pr-9\">\n\t\t\t\t\t\t\t\t<h3 class=\"!tw-text-white tw-text-xl tw-font-bold hover:!tw-text-secondary !tw-mb-0\">Akis Loukas<\/h3>\n\t\t\t\t\t\t\t\t<p class=\"!tw-text-white tw-text-base tw-font-normal tw-pt-3 tw-pb-7 !tw-mb-0\">Formulation Senior Manager, Athens<\/p>\n\t\t\t\t\t\t\t<\/div>\n\t\t\t\t\t\t\t<div class=\"glass-effect\"><\/div>\n\t\t\t\t\t\t<\/div>\n\t\t\t\t\t<\/a>\n\t\t\t\t\t\t\t<\/div>\n\t\t<\/div>\n\t<\/div>\n\t\n\n\n\n<div style=\"height:42px\" aria-hidden=\"true\" class=\"wp-block-spacer\"><\/div>\n\n\n        <section class=\"tw-mx-auto tw-max-w-screen-xl tw-px-8 tw-py-20\">\n            <header class=\"tw-flex tw-flex-col md:tw-flex-row lg:tw-items-center tw-justify-between tw-pb-20\">\n                <h2 class=\"tw-flex tw-gap-3 text-secondary tw-items-center lg:tw-w-1\/3 lg:tw-pr-12 tw-mb-6\">\n                    <svg width=\"27\" height=\"3\" viewBox=\"0 0 27 3\" fill=\"none\" xmlns=\"http:\/\/www.w3.org\/2000\/svg\">\n                        <rect width=\"27\" height=\"3\" fill=\"#8696FE\" \/>\n                    <\/svg>\n                    <a href=\"\">Adragos Hub<\/a>\n                <\/h2>\n                <p class=\"font-RobotoSlab tw-text-lg xl:tw-text-xl tw-font-light lg:tw-w-2\/3 lg:tw-pl-32\">\n                    D\u00e9couvrez-en plus sur les HPAPI dans nos articles de blog r\u00e9cents.                <\/p>\n            <\/header>\n\t\t\t<div class=\"tw-grid tw-grid-cols-1 lg:tw-grid-cols-2 tw-gap-6\">\n\t\t\t\t\t\t\t\t\t<div class=\"tw-relative tw-rounded-xl tw-overflow-hidden tw-min-h-60 tw-mb-6\">\n\t\t\t\t\t\t<img decoding=\"async\" src=\"https:\/\/adragos-pharma.com\/wp-content\/uploads\/2024\/09\/3Q4A7591-1024x480.jpg\" alt=\"M\u00e9dicaments g\u00e9n\u00e9riques vs de marque : diff\u00e9rences expliqu\u00e9es\" class=\"tw-object-cover tw-absolute\" \/>\n\t\t\t\t\t\t<div class=\"tw-absolute tw-bottom-0 tw-max-w-96 tw-bg-lightslate tw-backdrop-blur-[12px] tw-p-6 tw-rounded-tr-xl tw-w-full\">\n\t\t\t\t\t\t\t<p class=\"text-primary tw-text-xs tw-font-medium tw-tracking-widest tw-uppercase tw-pb-1\">Blog<\/p>\n\t\t\t\t\t\t\t<h3 class=\"tw-text-white tw-text-lg hover:tw-underline\">\n\t\t\t\t\t\t\t\t<a href=\"https:\/\/adragos-pharma.com\/fr\/medicaments-generiques-vs-de-marque-differences-expliquees\/\">M\u00e9dicaments g\u00e9n\u00e9riques vs de marque : diff\u00e9rences expliqu\u00e9es<\/a>\n\t\t\t\t\t\t\t<\/h3>\n\t\t\t\t\t\t<\/div>\n\t\t\t\t\t<\/div>\n\t\t\t\t\t\t\t\t\t<div class=\"tw-relative tw-rounded-xl tw-overflow-hidden tw-min-h-60 tw-mb-6\">\n\t\t\t\t\t\t<img decoding=\"async\" src=\"https:\/\/adragos-pharma.com\/wp-content\/uploads\/2024\/08\/3Q4A7207-1024x480.jpg\" alt=\"Produit vs substance m\u00e9dicamenteuse : diff\u00e9rences essentielles\" class=\"tw-object-cover tw-absolute\" \/>\n\t\t\t\t\t\t<div class=\"tw-absolute tw-bottom-0 tw-max-w-96 tw-bg-lightslate tw-backdrop-blur-[12px] tw-p-6 tw-rounded-tr-xl tw-w-full\">\n\t\t\t\t\t\t\t<p class=\"text-primary tw-text-xs tw-font-medium tw-tracking-widest tw-uppercase tw-pb-1\">Blog<\/p>\n\t\t\t\t\t\t\t<h3 class=\"tw-text-white tw-text-lg hover:tw-underline\">\n\t\t\t\t\t\t\t\t<a href=\"https:\/\/adragos-pharma.com\/fr\/produit-vs-substance-medicamenteuse-differences-essentielles\/\">Produit vs substance m\u00e9dicamenteuse : diff\u00e9rences essentielles<\/a>\n\t\t\t\t\t\t\t<\/h3>\n\t\t\t\t\t\t<\/div>\n\t\t\t\t\t<\/div>\n\t\t\t\t\t\t\t\t\t<div class=\"tw-relative tw-rounded-xl tw-overflow-hidden tw-min-h-60 tw-mb-6\">\n\t\t\t\t\t\t<img decoding=\"async\" src=\"https:\/\/adragos-pharma.com\/wp-content\/uploads\/2024\/08\/3Q4A7296-1024x480.jpg\" alt=\"Services de d\u00e9veloppement de m\u00e9dicaments : de la d\u00e9couverte au succ\u00e8s\" class=\"tw-object-cover tw-absolute\" \/>\n\t\t\t\t\t\t<div class=\"tw-absolute tw-bottom-0 tw-max-w-96 tw-bg-lightslate tw-backdrop-blur-[12px] tw-p-6 tw-rounded-tr-xl tw-w-full\">\n\t\t\t\t\t\t\t<p class=\"text-primary tw-text-xs tw-font-medium tw-tracking-widest tw-uppercase tw-pb-1\">Blog<\/p>\n\t\t\t\t\t\t\t<h3 class=\"tw-text-white tw-text-lg hover:tw-underline\">\n\t\t\t\t\t\t\t\t<a href=\"https:\/\/adragos-pharma.com\/fr\/services-de-developpement-de-medicaments-de-la-decouverte-au-succes\/\">Services de d\u00e9veloppement de m\u00e9dicaments : de la d\u00e9couverte au succ\u00e8s<\/a>\n\t\t\t\t\t\t\t<\/h3>\n\t\t\t\t\t\t<\/div>\n\t\t\t\t\t<\/div>\n\t\t\t\t\t\t\t\t\t<div class=\"tw-relative tw-rounded-xl tw-overflow-hidden tw-min-h-60 tw-mb-6\">\n\t\t\t\t\t\t<img decoding=\"async\" src=\"https:\/\/adragos-pharma.com\/wp-content\/uploads\/2024\/08\/Adragos-Pharma-goes-to-CPHI-Milano-5-1024x480.jpg\" alt=\"Adragos \u00e0 CPHI Milan 2024\" class=\"tw-object-cover tw-absolute\" \/>\n\t\t\t\t\t\t<div class=\"tw-absolute tw-bottom-0 tw-max-w-96 tw-bg-lightslate tw-backdrop-blur-[12px] tw-p-6 tw-rounded-tr-xl tw-w-full\">\n\t\t\t\t\t\t\t<p class=\"text-primary tw-text-xs tw-font-medium tw-tracking-widest tw-uppercase tw-pb-1\">\u00c9v\u00e9nements<\/p>\n\t\t\t\t\t\t\t<h3 class=\"tw-text-white tw-text-lg hover:tw-underline\">\n\t\t\t\t\t\t\t\t<a href=\"https:\/\/adragos-pharma.com\/fr\/adragos-a-cphi-milan-2024\/\">Adragos \u00e0 CPHI Milan 2024<\/a>\n\t\t\t\t\t\t\t<\/h3>\n\t\t\t\t\t\t<\/div>\n\t\t\t\t\t<\/div>\n\t\t\t\t\t\t\t<\/div>\n\n        <\/section>\n        \n<\/div>\n<\/div><style>\n            .wp-block-columns.is-wide {\n\t\t\t\tmax-width: 1280px!important;\n\t\t\t\tmargin-left: auto!important;\n\t\t\t\tmargin-right: auto!important;\n            }\n        <\/style>\n\n\n\n<div class=\"wp-block-columns max-w-screen-xl w-full is-wide px-0 md:px-8 is-layout-flex wp-container-core-columns-is-layout-9d6595d7 wp-block-columns-is-layout-flex\">\n<div class=\"wp-block-column is-layout-flow wp-block-column-is-layout-flow\">\n<section class=\"wp-block-adragos-blocks-footer-cta max-w-screen-lg bg-light mx-8 md:mx-auto px-8 py-12 text-center mt-3 mb-12 md:mb-16 rounded-xl\"><h2 class=\"\">Contactez-Nous\u00a0<\/h2><p class=\"subtitle font-light m-auto max-w-screen-sm py-6\">Pour plus de d\u00e9tails sur notre entreprise et nos services, n&rsquo;h\u00e9sitez pas \u00e0 contacter notre \u00e9quipe.\u00a0<\/p><div class=\"flex flex-col md:flex-row justify-center gap-4\"><a href=\"https:\/\/adragos-pharma.com\/fr\/nous-contacter\/?utm_campaign=MK_website_contactUs&#038;utm_source=Google&#038;utm_medium=banner&#038;utm_term=french&#038;utm_content=contact_us\" class=\"cta-link inline-block adragos-button text-white has-primary-background-color text-center\">Envoyer un message\u00a0<\/a><a href=\"https:\/\/meetings-eu1.hubspot.com\/lydia-marinou?ref=hpapi-fr-button\" class=\"cta-link2 inline-block adragos-button text-white has-secondary-background-color text-center\" target=\"_blank\" rel=\"noopener\">Planifier une r\u00e9union<\/a><\/div><\/section>\n<\/div>\n<\/div><style>\n            .wp-block-columns.is-wide {\n\t\t\t\tmax-width: 1280px!important;\n\t\t\t\tmargin-left: auto!important;\n\t\t\t\tmargin-right: auto!important;\n            }\n        <\/style>\n<\/div><\/div>\n\n\n\n<p><\/p>\n","protected":false},"excerpt":{"rendered":"<p>Notre laboratoire HPAPI \u00e0 Ath\u00e8nes est \u00e9quip\u00e9 pour g\u00e9rer en toute s\u00e9curit\u00e9 les Principes Actifs Pharmaceutiques Hautement Puissants (HPAPI) avec une Limite d&rsquo;Exposition Professionnelle (LEP) d&rsquo;au moins 0,5 \u03bcg\/m\u00b3 et une Bande d&rsquo;Exposition Professionnelle 5 (OEB5).&nbsp; D\u00e9veloppement de Principes Actifs [&hellip;]<\/p>\n","protected":false},"author":6,"featured_media":0,"parent":7019,"menu_order":0,"comment_status":"closed","ping_status":"closed","template":"","meta":{"content-type":"","inline_featured_image":false,"footnotes":""},"class_list":["post-10366","page","type-page","status-publish","hentry"],"_links":{"self":[{"href":"https:\/\/adragos-pharma.com\/fr\/wp-json\/wp\/v2\/pages\/10366","targetHints":{"allow":["GET"]}}],"collection":[{"href":"https:\/\/adragos-pharma.com\/fr\/wp-json\/wp\/v2\/pages"}],"about":[{"href":"https:\/\/adragos-pharma.com\/fr\/wp-json\/wp\/v2\/types\/page"}],"author":[{"embeddable":true,"href":"https:\/\/adragos-pharma.com\/fr\/wp-json\/wp\/v2\/users\/6"}],"replies":[{"embeddable":true,"href":"https:\/\/adragos-pharma.com\/fr\/wp-json\/wp\/v2\/comments?post=10366"}],"version-history":[{"count":25,"href":"https:\/\/adragos-pharma.com\/fr\/wp-json\/wp\/v2\/pages\/10366\/revisions"}],"predecessor-version":[{"id":23900,"href":"https:\/\/adragos-pharma.com\/fr\/wp-json\/wp\/v2\/pages\/10366\/revisions\/23900"}],"up":[{"embeddable":true,"href":"https:\/\/adragos-pharma.com\/fr\/wp-json\/wp\/v2\/pages\/7019"}],"wp:attachment":[{"href":"https:\/\/adragos-pharma.com\/fr\/wp-json\/wp\/v2\/media?parent=10366"}],"curies":[{"name":"wp","href":"https:\/\/api.w.org\/{rel}","templated":true}]}}