{"id":10379,"date":"2024-03-11T21:36:56","date_gmt":"2024-03-11T19:36:56","guid":{"rendered":"https:\/\/adragos-pharma.com\/?page_id=10379"},"modified":"2026-03-26T16:56:27","modified_gmt":"2026-03-26T14:56:27","slug":"chaine-dapprovisionnement-et-planification","status":"publish","type":"page","link":"https:\/\/adragos-pharma.com\/fr\/nos-services\/chaine-dapprovisionnement-et-planification\/","title":{"rendered":"Payroll &#038; HR"},"content":{"rendered":"\n<section class=\"wp-block-adragos-blocks-header relative has-primary-background-color bg-pattern bg-cover max-w-full bg-bottom px-3 pt-10 pb-44 md:pt-16 md:pb-44 has-dark-blue-background-color has-background\"><div class=\"relative z-30 max-w-screen-xl px-6 m-auto\"><nav class=\"flex mb-4\" aria-label=\"Breadcrumb\"><ol class=\"inline-flex items-center space-x-1 md:space-x-2 rtl:space-x-reverse\"><li class=\"inline-flex items-center\"><a href=\"https:\/\/adragos-pharma.com\/fr\/\" class=\"inline-flex items-center text-sm font-medium text-white hover:text-primary\"><svg class=\"w-3 h-3 me-2.5\" aria-hidden=\"true\" xmlns=\"http:\/\/www.w3.org\/2000\/svg\" fill=\"currentColor\" viewBox=\"0 0 20 20\"><path d=\"m19.707 9.293-2-2-7-7a1 1 0 0 0-1.414 0l-7 7-2 2a1 1 0 0 0 1.414 1.414L2 10.414V18a2 2 0 0 0 2 2h3a1 1 0 0 0 1-1v-4a1 1 0 0 1 1-1h2a1 1 0 0 1 1 1v4a1 1 0 0 0 1 1h3a2 2 0 0 0 2-2v-7.586l.293.293a1 1 0 0 0 1.414-1.414Z\"><\/path><\/svg>Home<\/a><\/li><li><div class=\"flex items-center\"><svg class=\"rtl:rotate-180 w-3 h-3 text-white mx-1\" aria-hidden=\"true\" xmlns=\"http:\/\/www.w3.org\/2000\/svg\" fill=\"none\" viewBox=\"0 0 6 10\"><path stroke=\"currentColor\" stroke-linecap=\"round\" stroke-linejoin=\"round\" stroke-width=\"2\" d=\"m1 9 4-4-4-4\"><\/path><\/svg><a href=\"https:\/\/adragos-pharma.com\/fr\/nos-services\/\" class=\"ms-1 text-sm font-medium text-white hover:text-primary md:ms-2\">Nos Services<\/a><\/div><\/li><li class=\"hidden md:inline-block\" aria-current=\"page\"><div class=\"flex items-center\"><svg class=\"rtl:rotate-180 w-3 h-3 text-white mx-1\" aria-hidden=\"true\" xmlns=\"http:\/\/www.w3.org\/2000\/svg\" fill=\"none\" viewBox=\"0 0 6 10\"><path stroke=\"currentColor\" stroke-linecap=\"round\" stroke-linejoin=\"round\" stroke-width=\"2\" d=\"m1 9 4-4-4-4\"><\/path><\/svg><span class=\"ms-1 text-sm font-medium text-white md:ms-2\">Cha\u00eene d&rsquo;Approvisionnement et Planification<\/span><\/div><\/li><\/ol><\/nav><h1 class=\"text-3xl md:text-4xl text-white\">Cha\u00eene d&rsquo;Approvisionnement et Planification<\/h1><\/div><div class=\"bg-wave absolute left-0 bottom-0 h-52 bg-repeat-x bg-[center_bottom] w-full\"><\/div><\/section>\n\n\n\n<div class=\"wp-block-columns max-w-screen-xl w-full is-wide px-0 md:px-8 is-layout-flex wp-container-core-columns-is-layout-9d6595d7 wp-block-columns-is-layout-flex\">\n<div class=\"wp-block-column is-layout-flow wp-block-column-is-layout-flow\">\n<p>Nos services de planification de la cha\u00eene d&rsquo;approvisionnement couvrent l&rsquo;ensemble de la cha\u00eene de valeur, y compris la planification, l&rsquo;approvisionnement, la gestion de projet et les services d&rsquo;approvisionnement, int\u00e9gr\u00e9s de mani\u00e8re transparente \u00e0 chaque phase afin de garantir l&rsquo;obtention des r\u00e9sultats escompt\u00e9s dans les d\u00e9lais impartis.<\/p>\n\n\n\n<p>En particulier pour la gestion de projets li\u00e9s au d\u00e9veloppement de nouveaux produits ou \u00e0 l&rsquo;introduction de nouveaux produits sur le march\u00e9 (lancement), notre \u00e9quipe coordonne les sous-phases pertinentes, de l&rsquo;initiation \u00e0 la cl\u00f4ture, en collaboration avec les parties prenantes internes et externes. Des rapports et une documentation d\u00e9taill\u00e9s, y compris des plans de projet et des fiches de suivi de lancement, font partie int\u00e9grante du processus de planification de la cha\u00eene d&rsquo;approvisionnement.<\/p>\n<\/div>\n<\/div><style>\n            .wp-block-columns.is-wide {\n\t\t\t\tmax-width: 1280px!important;\n\t\t\t\tmargin-left: auto!important;\n\t\t\t\tmargin-right: auto!important;\n            }\n        <\/style>\n\n\n\n<section class=\"wp-block-adragos-blocks-box max-w-screen-xl mx-auto px-8 py-8\"><div class=\"grid grid-cols-1 lg:grid-cols-2 gap-x-8 gap-y-8\"><div class=\"false relative box bg-light rounded-xl p-8\"><div class=\"flex gap-5 items-center\"><img decoding=\"async\" class=\"box-image mb-0\" src=\"https:\/\/adragos-pharma.com\/wp-content\/uploads\/2024\/03\/Supply-Chain-1.png\" alt=\"\"\/><h3 class=\"box-title\">Services de Cha\u00eene d&rsquo;Approvisionnement\u00a0<\/h3><\/div><p class=\"my-6 box-subtitle\">\u2022<strong> \u00c9valuation et qualification des fournisseurs : <\/strong>Pour les ingr\u00e9dients pharmaceutiques actifs (API), les excipients, les composants d&#8217;emballage et les sous-traitants.<br><strong>\u2022Organisations de fabrication sous contrat (CMO)<\/strong> : Identification et qualification pour les nouveaux projets ou les activit\u00e9s de transfert de technologie pour les produits enregistr\u00e9s.<br>\u2022<strong>Coordination des lots d&rsquo;enregistrement<\/strong> : Assurer des transitions harmonieuses et la conformit\u00e9.<br>\u2022<strong>Planification de la production commerciale <\/strong>: Pour les nouvelles UGS et la planification continue des produits commercialis\u00e9s.<br>\u2022<strong>Approvisionnement en produits finis <\/strong>: Gestion de la livraison du produit final.<br><strong>\u2022Approvisionnement en mati\u00e8res premi\u00e8res<\/strong> : Approvisionnement efficace des mat\u00e9riaux n\u00e9cessaires.<br>\u2022<strong>Gestion et optimisation des stocks <\/strong>: Garantir des niveaux de stock optimaux et r\u00e9duire les d\u00e9chets.<br>\u2022<strong>S\u00e9lection de fournisseurs durables <\/strong>: Contr\u00f4le de l&#8217;empreinte carbone et promotion de la durabilit\u00e9.<br>\u2022<strong>Service \u00e0 la client\u00e8le<\/strong> : Tout au long du cycle de vie du produit, y compris la gestion des illustrations et les rapports de stabilit\u00e9.<\/p><\/div><div class=\"false relative box bg-light rounded-xl p-8\"><div class=\"flex gap-5 items-center\"><img decoding=\"async\" class=\"box-image mb-0\" src=\"https:\/\/adragos-pharma.com\/wp-content\/uploads\/2024\/03\/Expertise-1.png\" alt=\"\"\/><h3 class=\"box-title\">Points forts<\/h3><\/div><p class=\"my-6 box-subtitle\">\u2022 Plus de 100 unit\u00e9s de gestion des stocks (UGS) en stock.<br>\u2022300 enregistrements et productions de lots commerciaux par an, post-approbation des productions commerciales et liaison avec les d\u00e9tenteurs d&rsquo;autorisation de mise sur le march\u00e9 (MAH).<br>\u2022Approvisionnement en ingr\u00e9dients pharmaceutiques actifs (API), en excipients et en composants d&#8217;emballage selon les besoins.<br>\u2022<strong>Pr\u00e9visions <\/strong>: Pr\u00e9visions pr\u00e9cises de la demande et de l&rsquo;offre.<br>\u2022<strong>Gestion des stocks<\/strong> : Garantir des livraisons ponctuelles d&rsquo;ingr\u00e9dients pharmaceutiques actifs, d&rsquo;excipients et de produits finis.<br>\u2022<strong>Passation et suivi des commandes :<\/strong> Traitement et suivi efficaces des commandes.<br><strong>\u2022Organisation de l&rsquo;exp\u00e9dition des produits finis<\/strong> : Coordination des exp\u00e9ditions de produits finis.<\/p><\/div><\/div><\/section>\n\n\n\n<div style=\"height:30px\" aria-hidden=\"true\" class=\"wp-block-spacer\"><\/div>\n\n\n\n<div class=\"wp-block-columns is-layout-flex wp-container-core-columns-is-layout-9d6595d7 wp-block-columns-is-layout-flex\">\n<div class=\"wp-block-column is-layout-flow wp-block-column-is-layout-flow\" style=\"flex-basis:100%\">\n<div class=\"wp-block-adragos-blocks-gallery w-full max-w-full relative\"><div class=\"relative\"><div class=\"lmax-w-screen-xl mx-auto px-8\"><div class=\"relative\"><div class=\"max-w-full\"><div class=\"asd\"><div class=\"swiper gallery-slides\"><div class=\"swiper-wrapper\"><div class=\"swiper-slide rounded-xl\"><img decoding=\"async\" src=\"https:\/\/adragos-pharma.com\/wp-content\/uploads\/2024\/04\/Adragos-Pharma-Leipzig-2024-27-scaled.jpg\" alt=\"Gallery image\" class=\"\"\/><\/div><div class=\"swiper-slide rounded-xl\"><img decoding=\"async\" src=\"https:\/\/adragos-pharma.com\/wp-content\/uploads\/2024\/04\/Adragos-Pharma-Leipzig-2024-26-scaled.jpg\" alt=\"Gallery image\" class=\"\"\/><\/div><div class=\"swiper-slide rounded-xl\"><img decoding=\"async\" src=\"https:\/\/adragos-pharma.com\/wp-content\/uploads\/2024\/04\/Adragos-Pharma-57-scaled.jpg\" alt=\"Gallery image\" class=\"\"\/><\/div><div class=\"swiper-slide rounded-xl\"><img decoding=\"async\" src=\"https:\/\/adragos-pharma.com\/wp-content\/uploads\/2024\/04\/Adragos-Pharma-63-scaled.jpg\" alt=\"Gallery image\" class=\"\"\/><\/div><div class=\"swiper-slide rounded-xl\"><img decoding=\"async\" src=\"https:\/\/adragos-pharma.com\/wp-content\/uploads\/2024\/03\/ADRAGOS_Livron-79-1.jpg\" alt=\"Gallery image\" class=\"\"\/><\/div><div class=\"swiper-slide rounded-xl\"><img decoding=\"async\" src=\"https:\/\/adragos-pharma.com\/wp-content\/uploads\/2024\/03\/ADRAGOS_Livron-42.jpg\" alt=\"Gallery image\" class=\"\"\/><\/div><\/div><\/div><\/div><\/div><div class=\"relative\"><div class=\"flex gap-7 justify-center\"><div class=\"btn-prev flex justify-center items-center rotate-180\"><svg xmlns=\"http:\/\/www.w3.org\/2000\/svg\" width=\"36\" height=\"28\" viewBox=\"0 0 36 28\" fill=\"none\"><path d=\"M2 14H34M34 14L22 2M34 14L22 26\" stroke=\"black\" stroke-width=\"3\" stroke-linecap=\"round\" stroke-linejoin=\"round\"><\/path><\/svg><\/div><div class=\"btn-next flex justify-center items-center\"><svg xmlns=\"http:\/\/www.w3.org\/2000\/svg\" width=\"36\" height=\"28\" viewBox=\"0 0 36 28\" fill=\"none\"><path d=\"M2 14H34M34 14L22 2M34 14L22 26\" stroke=\"black\" stroke-width=\"3\" stroke-linecap=\"round\" stroke-linejoin=\"round\"><\/path><\/svg><\/div><\/div><\/div><\/div><\/div><\/div><\/div>\n<\/div>\n<\/div>\n\n\n        <section class=\"tw-mx-auto tw-max-w-screen-xl tw-px-8 tw-py-20\">\n            <header class=\"tw-flex tw-flex-col md:tw-flex-row lg:tw-items-center tw-justify-between tw-pb-20\">\n                <h2 class=\"tw-flex tw-gap-3 text-secondary tw-items-center lg:tw-w-1\/3 lg:tw-pr-12 tw-mb-6\">\n                    <svg width=\"27\" height=\"3\" viewBox=\"0 0 27 3\" fill=\"none\" xmlns=\"http:\/\/www.w3.org\/2000\/svg\">\n                        <rect width=\"27\" height=\"3\" fill=\"#8696FE\" \/>\n                    <\/svg>\n                    <a href=\"\">Adragos Hub<\/a>\n                <\/h2>\n                <p class=\"font-RobotoSlab tw-text-lg xl:tw-text-xl tw-font-light lg:tw-w-2\/3 lg:tw-pl-32\">\n                    En savoir plus sur la planification de la Cha\u00eene d&#039;Approvisionnement et Planification dans nos articles de blog r\u00e9cents.                <\/p>\n            <\/header>\n\t\t\t<div class=\"tw-grid tw-grid-cols-1 lg:tw-grid-cols-2 tw-gap-6\">\n\t\t\t\t\t\t\t\t\t<div class=\"tw-relative tw-rounded-xl tw-overflow-hidden tw-min-h-60 tw-mb-6\">\n\t\t\t\t\t\t<img decoding=\"async\" src=\"\" alt=\"Optimisation de la cha\u00eene d\u2019approvisionnement des essais cliniques\" class=\"tw-object-cover tw-absolute\" \/>\n\t\t\t\t\t\t<div class=\"tw-absolute tw-bottom-0 tw-max-w-96 tw-bg-lightslate tw-backdrop-blur-[12px] tw-p-6 tw-rounded-tr-xl tw-w-full\">\n\t\t\t\t\t\t\t<p class=\"text-primary tw-text-xs tw-font-medium tw-tracking-widest tw-uppercase tw-pb-1\">Blog<\/p>\n\t\t\t\t\t\t\t<h3 class=\"tw-text-white tw-text-lg hover:tw-underline\">\n\t\t\t\t\t\t\t\t<a href=\"https:\/\/adragos-pharma.com\/fr\/optimisation-de-la-chaine-dapprovisionnement-des-essais-cliniques\/\">Optimisation de la cha\u00eene d\u2019approvisionnement des essais cliniques<\/a>\n\t\t\t\t\t\t\t<\/h3>\n\t\t\t\t\t\t<\/div>\n\t\t\t\t\t<\/div>\n\t\t\t\t\t\t\t\t\t<div class=\"tw-relative tw-rounded-xl tw-overflow-hidden tw-min-h-60 tw-mb-6\">\n\t\t\t\t\t\t<img decoding=\"async\" src=\"https:\/\/adragos-pharma.com\/wp-content\/uploads\/2024\/08\/Adragos-Pharma-goes-to-CPHI-Milano-5-1024x480.jpg\" alt=\"Adragos \u00e0 CPHI Milan 2024\" class=\"tw-object-cover tw-absolute\" \/>\n\t\t\t\t\t\t<div class=\"tw-absolute tw-bottom-0 tw-max-w-96 tw-bg-lightslate tw-backdrop-blur-[12px] tw-p-6 tw-rounded-tr-xl tw-w-full\">\n\t\t\t\t\t\t\t<p class=\"text-primary tw-text-xs tw-font-medium tw-tracking-widest tw-uppercase tw-pb-1\">\u00c9v\u00e9nements<\/p>\n\t\t\t\t\t\t\t<h3 class=\"tw-text-white tw-text-lg hover:tw-underline\">\n\t\t\t\t\t\t\t\t<a href=\"https:\/\/adragos-pharma.com\/fr\/adragos-a-cphi-milan-2024\/\">Adragos \u00e0 CPHI Milan 2024<\/a>\n\t\t\t\t\t\t\t<\/h3>\n\t\t\t\t\t\t<\/div>\n\t\t\t\t\t<\/div>\n\t\t\t\t\t\t\t\t\t<div class=\"tw-relative tw-rounded-xl tw-overflow-hidden tw-min-h-60 tw-mb-6\">\n\t\t\t\t\t\t<img decoding=\"async\" src=\"https:\/\/adragos-pharma.com\/wp-content\/uploads\/2024\/08\/3Q4A7514-1024x480.jpg\" alt=\"M\u00e9dicaments \u00e0 petites mol\u00e9cules : guide &#038; choix du bon partenaire\" class=\"tw-object-cover tw-absolute\" \/>\n\t\t\t\t\t\t<div class=\"tw-absolute tw-bottom-0 tw-max-w-96 tw-bg-lightslate tw-backdrop-blur-[12px] tw-p-6 tw-rounded-tr-xl tw-w-full\">\n\t\t\t\t\t\t\t<p class=\"text-primary tw-text-xs tw-font-medium tw-tracking-widest tw-uppercase tw-pb-1\">Blog<\/p>\n\t\t\t\t\t\t\t<h3 class=\"tw-text-white tw-text-lg hover:tw-underline\">\n\t\t\t\t\t\t\t\t<a href=\"https:\/\/adragos-pharma.com\/fr\/medicaments-a-petites-molecules-guide-choix-du-bon-partenaire\/\">M\u00e9dicaments \u00e0 petites mol\u00e9cules : guide &#038; choix du bon partenaire<\/a>\n\t\t\t\t\t\t\t<\/h3>\n\t\t\t\t\t\t<\/div>\n\t\t\t\t\t<\/div>\n\t\t\t\t\t\t\t\t\t<div class=\"tw-relative tw-rounded-xl tw-overflow-hidden tw-min-h-60 tw-mb-6\">\n\t\t\t\t\t\t<img decoding=\"async\" src=\"https:\/\/adragos-pharma.com\/wp-content\/uploads\/2024\/08\/3Q4A7233-1-1024x480.jpg\" alt=\"Am\u00e9liorer la flexibilit\u00e9 des mod\u00e8les pharmaceutiques\" class=\"tw-object-cover tw-absolute\" \/>\n\t\t\t\t\t\t<div class=\"tw-absolute tw-bottom-0 tw-max-w-96 tw-bg-lightslate tw-backdrop-blur-[12px] tw-p-6 tw-rounded-tr-xl tw-w-full\">\n\t\t\t\t\t\t\t<p class=\"text-primary tw-text-xs tw-font-medium tw-tracking-widest tw-uppercase tw-pb-1\">Blog<\/p>\n\t\t\t\t\t\t\t<h3 class=\"tw-text-white tw-text-lg hover:tw-underline\">\n\t\t\t\t\t\t\t\t<a href=\"https:\/\/adragos-pharma.com\/fr\/ameliorer-la-flexibilite-des-modeles-pharmaceutiques\/\">Am\u00e9liorer la flexibilit\u00e9 des mod\u00e8les pharmaceutiques<\/a>\n\t\t\t\t\t\t\t<\/h3>\n\t\t\t\t\t\t<\/div>\n\t\t\t\t\t<\/div>\n\t\t\t\t\t\t\t<\/div>\n\n        <\/section>\n        \n\n\n\n<section class=\"wp-block-adragos-blocks-footer-cta max-w-screen-lg bg-light mx-8 md:mx-auto px-8 py-12 text-center mt-3 mb-12 md:mb-16 rounded-xl\"><h2 class=\"\">Contactez-Nous\u00a0<\/h2><p class=\"subtitle font-light m-auto max-w-screen-sm py-6\">Pour plus de d\u00e9tails sur notre entreprise et nos services, n&rsquo;h\u00e9sitez pas \u00e0 contacter notre \u00e9quipe.\u00a0<\/p><div class=\"flex flex-col md:flex-row justify-center gap-4\"><a href=\"https:\/\/adragos-pharma.com\/fr\/nous-contacter\/?utm_campaign=MK_website_contactUs&#038;utm_source=Google&#038;utm_medium=banner&#038;utm_term=french&#038;utm_content=contact_us\" class=\"cta-link inline-block adragos-button text-white has-primary-background-color text-center\">Envoyer un message\u00a0<\/a><a href=\"https:\/\/meetings-eu1.hubspot.com\/lydia-marinou?ref=supply-chain-planning-fr-button\" class=\"cta-link2 inline-block adragos-button text-white has-secondary-background-color text-center\" target=\"_blank\" rel=\"noopener\">Planifier une r\u00e9union<\/a><\/div><\/section>\n","protected":false},"excerpt":{"rendered":"<p>Nos services de planification de la cha\u00eene d&rsquo;approvisionnement couvrent l&rsquo;ensemble de la cha\u00eene de valeur, y compris la planification, l&rsquo;approvisionnement, la gestion de projet et les services d&rsquo;approvisionnement, int\u00e9gr\u00e9s de mani\u00e8re transparente \u00e0 chaque phase afin de garantir l&rsquo;obtention des [&hellip;]<\/p>\n","protected":false},"author":6,"featured_media":0,"parent":10441,"menu_order":0,"comment_status":"closed","ping_status":"closed","template":"","meta":{"content-type":"","inline_featured_image":false,"footnotes":""},"class_list":["post-10379","page","type-page","status-publish","hentry"],"_links":{"self":[{"href":"https:\/\/adragos-pharma.com\/fr\/wp-json\/wp\/v2\/pages\/10379","targetHints":{"allow":["GET"]}}],"collection":[{"href":"https:\/\/adragos-pharma.com\/fr\/wp-json\/wp\/v2\/pages"}],"about":[{"href":"https:\/\/adragos-pharma.com\/fr\/wp-json\/wp\/v2\/types\/page"}],"author":[{"embeddable":true,"href":"https:\/\/adragos-pharma.com\/fr\/wp-json\/wp\/v2\/users\/6"}],"replies":[{"embeddable":true,"href":"https:\/\/adragos-pharma.com\/fr\/wp-json\/wp\/v2\/comments?post=10379"}],"version-history":[{"count":19,"href":"https:\/\/adragos-pharma.com\/fr\/wp-json\/wp\/v2\/pages\/10379\/revisions"}],"predecessor-version":[{"id":24305,"href":"https:\/\/adragos-pharma.com\/fr\/wp-json\/wp\/v2\/pages\/10379\/revisions\/24305"}],"up":[{"embeddable":true,"href":"https:\/\/adragos-pharma.com\/fr\/wp-json\/wp\/v2\/pages\/10441"}],"wp:attachment":[{"href":"https:\/\/adragos-pharma.com\/fr\/wp-json\/wp\/v2\/media?parent=10379"}],"curies":[{"name":"wp","href":"https:\/\/api.w.org\/{rel}","templated":true}]}}