{"id":10382,"date":"2024-03-11T21:36:40","date_gmt":"2024-03-11T19:36:40","guid":{"rendered":"https:\/\/adragos-pharma.com\/?page_id=10382"},"modified":"2025-07-23T17:30:10","modified_gmt":"2025-07-23T15:30:10","slug":"tests-de-stabilite-des-medicaments","status":"publish","type":"page","link":"https:\/\/adragos-pharma.com\/fr\/nos-services\/tests-de-stabilite-des-medicaments\/","title":{"rendered":"Tests de Stabilit\u00e9 des M\u00e9dicaments"},"content":{"rendered":"\n<section class=\"wp-block-adragos-blocks-header relative has-primary-background-color bg-pattern bg-cover max-w-full bg-bottom px-3 pt-10 pb-44 md:pt-16 md:pb-44 has-dark-blue-background-color has-background\"><div class=\"relative z-30 max-w-screen-xl px-6 m-auto\"><nav class=\"flex mb-4\" aria-label=\"Breadcrumb\"><ol class=\"inline-flex items-center space-x-1 md:space-x-2 rtl:space-x-reverse\"><li class=\"inline-flex items-center\"><a href=\"https:\/\/adragos-pharma.com\/fr\/\" class=\"inline-flex items-center text-sm font-medium text-white hover:text-primary\"><svg class=\"w-3 h-3 me-2.5\" aria-hidden=\"true\" xmlns=\"http:\/\/www.w3.org\/2000\/svg\" fill=\"currentColor\" viewBox=\"0 0 20 20\"><path d=\"m19.707 9.293-2-2-7-7a1 1 0 0 0-1.414 0l-7 7-2 2a1 1 0 0 0 1.414 1.414L2 10.414V18a2 2 0 0 0 2 2h3a1 1 0 0 0 1-1v-4a1 1 0 0 1 1-1h2a1 1 0 0 1 1 1v4a1 1 0 0 0 1 1h3a2 2 0 0 0 2-2v-7.586l.293.293a1 1 0 0 0 1.414-1.414Z\"><\/path><\/svg>Home<\/a><\/li><li><div class=\"flex items-center\"><svg class=\"rtl:rotate-180 w-3 h-3 text-white mx-1\" aria-hidden=\"true\" xmlns=\"http:\/\/www.w3.org\/2000\/svg\" fill=\"none\" viewBox=\"0 0 6 10\"><path stroke=\"currentColor\" stroke-linecap=\"round\" stroke-linejoin=\"round\" stroke-width=\"2\" d=\"m1 9 4-4-4-4\"><\/path><\/svg><a href=\"https:\/\/adragos-pharma.com\/fr\/nos-services\/\" class=\"ms-1 text-sm font-medium text-white hover:text-primary md:ms-2\">Nos Services<\/a><\/div><\/li><li class=\"hidden md:inline-block\" aria-current=\"page\"><div class=\"flex items-center\"><svg class=\"rtl:rotate-180 w-3 h-3 text-white mx-1\" aria-hidden=\"true\" xmlns=\"http:\/\/www.w3.org\/2000\/svg\" fill=\"none\" viewBox=\"0 0 6 10\"><path stroke=\"currentColor\" stroke-linecap=\"round\" stroke-linejoin=\"round\" stroke-width=\"2\" d=\"m1 9 4-4-4-4\"><\/path><\/svg><span class=\"ms-1 text-sm font-medium text-white md:ms-2\">Tests de Stabilit\u00e9 des M\u00e9dicaments<\/span><\/div><\/li><\/ol><\/nav><h1 class=\"text-3xl md:text-4xl text-white\">Tests de Stabilit\u00e9 des M\u00e9dicaments<\/h1><\/div><div class=\"bg-wave absolute left-0 bottom-0 h-52 bg-repeat-x bg-[center_bottom] w-full\"><\/div><\/section>\n\n\n\n<div class=\"wp-block-columns max-w-screen-xl w-full is-wide px-0 md:px-8 is-layout-flex wp-container-core-columns-is-layout-9d6595d7 wp-block-columns-is-layout-flex\">\n<div class=\"wp-block-column is-layout-flow wp-block-column-is-layout-flow\">\n<p>Notre service d&rsquo;essais de stabilit\u00e9 des m\u00e9dicaments comprend des essais de lib\u00e9ration et des essais de stabilit\u00e9 ICH. Ces \u00e9tapes cruciales sont essentielles pour garantir la qualit\u00e9 et la s\u00e9curit\u00e9 de votre produit final.<\/p>\n\n\n\n<p>Cependant, les tests de stabilit\u00e9 des m\u00e9dicaments pr\u00e9sentent souvent des d\u00e9fis consid\u00e9rables en raison de leurs exigences exhaustives. Une expertise et des ressources consid\u00e9rables sont n\u00e9cessaires, car les conditions non standard et sp\u00e9cialis\u00e9es des tests de stabilit\u00e9 ICH peuvent rendre le processus encore plus complexe.<\/p>\n\n\n\n<p>Collaborer avec nous, c&rsquo;est tirer parti de nos capacit\u00e9s \u00e9tendues, de notre \u00e9quipement de pointe et, surtout, de nos d\u00e9cennies d&rsquo;exp\u00e9rience inestimable. Nos sp\u00e9cialistes s&rsquo;engagent \u00e0 travailler avec vous pour d\u00e9velopper la strat\u00e9gie la plus efficace en mati\u00e8re d&rsquo;essais de stabilit\u00e9 des m\u00e9dicaments afin de faire progresser votre produit.<\/p>\n\n\n<div class=\"wp-block-image\">\n<figure class=\"aligncenter size-large\"><img decoding=\"async\" width=\"1024\" height=\"683\" src=\"https:\/\/adragos-pharma.com\/wp-content\/uploads\/2024\/03\/3Q4A7895-1-1024x683.jpg\" alt=\"\" class=\"wp-image-2234\" srcset=\"https:\/\/adragos-pharma.com\/wp-content\/uploads\/2024\/03\/3Q4A7895-1-1024x683.jpg 1024w, https:\/\/adragos-pharma.com\/wp-content\/uploads\/2024\/03\/3Q4A7895-1-300x200.jpg 300w, https:\/\/adragos-pharma.com\/wp-content\/uploads\/2024\/03\/3Q4A7895-1-768x512.jpg 768w, https:\/\/adragos-pharma.com\/wp-content\/uploads\/2024\/03\/3Q4A7895-1-1536x1024.jpg 1536w, https:\/\/adragos-pharma.com\/wp-content\/uploads\/2024\/03\/3Q4A7895-1-2048x1365.jpg 2048w\" sizes=\"(max-width: 1024px) 100vw, 1024px\" \/><\/figure>\n<\/div>\n\n\n<p>Nous proposons des tests complets de lib\u00e9ration et de r\u00e9currence, y compris l&rsquo;\u00e9tablissement de m\u00e9thodes, les tests sur les mati\u00e8res premi\u00e8res, les tests chimiques en cours de fabrication, les tests de lib\u00e9ration des API et des produits pharmaceutiques, les tests de stabilit\u00e9 ICH et les tests sur les comparateurs.<\/p>\n\n\n\n<p>En tant que fournisseur renomm\u00e9 de tests analytiques exhaustifs, notre \u00e9quipe s&rsquo;attache \u00e0 garantir un processus d&rsquo;int\u00e9gration des m\u00e9thodes sans heurts, conduisant au d\u00e9veloppement de m\u00e9thodologies fiables sur nos sites et \u00e0 un soutien solide pour votre programme.<\/p>\n\n\n\n<p>Notre objectif est de vous guider tout au long du processus des tests de stabilit\u00e9 des m\u00e9dicaments et des tests de stabilit\u00e9 ICH, en le rendant plus efficace et moins compliqu\u00e9.<\/p>\n\n\n\n<div style=\"height:35px\" aria-hidden=\"true\" class=\"wp-block-spacer\"><\/div>\n\n\n\n<section class=\"wp-block-adragos-blocks-our-network max-w-full pb-24 pt-8 overflow-hidden\"><div class=\"max-w-screen-xl mx-auto\"><header class=\"flex flex-col md:flex-row lg:items-center justify-between pb-12\"><div class=\"flex gap-3 text-secondary items-center lg:w-1\/3 lg:pr-12 mb-6\"><svg width=\"27\" height=\"3\" viewBox=\"0 0 27 3\" fill=\"none\" xmlns=\"http:\/\/www.w3.org\/2000\/svg\"><rect width=\"27\" height=\"3\" fill=\"#8696FE\"><\/rect><\/svg><h2 class=\"text-secondary\">Notre r\u00e9seau de services d\u2019essais de stabilit\u00e9 des m\u00e9dicaments<\/h2><\/div><div><p class=\"font-RobotoSlab text-lg xl:text-xl font-light lg:w-2\/3 lg:pl-32\">Nos sites de Leipzig, Ath\u00e8nes, Livron et Jura proposent des services d\u2019essais de stabilit\u00e9. Vous trouverez tous les d\u00e9tails ci-dessous.<\/p><\/div><\/header><div class=\"relative z-10\"><div class=\"flex gap-7 absolute left-0\"><div class=\"button-sites-prev flex justify-center items-center rotate-180\"><svg xmlns=\"http:\/\/www.w3.org\/2000\/svg\" width=\"36\" height=\"28\" viewBox=\"0 0 36 28\" fill=\"none\"><path d=\"M2 14H34M34 14L22 2M34 14L22 26\" stroke=\"black\" stroke-width=\"3\" stroke-linecap=\"round\" stroke-linejoin=\"round\"><\/path><\/svg><\/div><div class=\"button-sites-next flex justify-center items-center\"><svg xmlns=\"http:\/\/www.w3.org\/2000\/svg\" width=\"36\" height=\"28\" viewBox=\"0 0 36 28\" fill=\"none\"><path d=\"M2 14H34M34 14L22 2M34 14L22 26\" stroke=\"black\" stroke-width=\"3\" stroke-linecap=\"round\" stroke-linejoin=\"round\"><\/path><\/svg><\/div><\/div><\/div><div class=\"swiper sitesSlide\"><div class=\"swiper-wrapper pt-20\"><div class=\"swiper-slide\"><a href=\"https:\/\/adragos-pharma.com\/fr\/leipzig-allemagne\/\" class=\"box-link relative block group border min-h-[430px] md:w-[348px] p-8 bg-white border-primary hover:bg-primary transition-all rounded-xl\"><img decoding=\"async\" class=\"box-image\" src=\"https:\/\/adragos-pharma.com\/wp-content\/uploads\/2024\/03\/Germany.svg\" alt=\"flag\"\/><h3 class=\"my-6 group-hover:!text-white\">Leipzig, Allemagne<\/h3><p class=\"mb-6 group-hover:!text-white\">Essais de stabilit\u00e9\u00a0:<br>\u2022 Essais de stabilit\u00e9 pour les zones climatiques II, IVa et IVb<br>\u2022 Surveillance par alarme de la temp\u00e9rature et de l\u2019humidit\u00e9<br>\u2022 Planification et contr\u00f4le des donn\u00e9es assist\u00e9s par ordinateur<br>\u2022 Tests de stabilit\u00e9 pendant le d\u00e9veloppement clinique et la phase de commercialisation<\/p><span class=\"text-primary font-bold group-hover:!text-white text-4xl\">\u27f6<\/span><\/a><\/div><div class=\"swiper-slide\"><a href=\"https:\/\/adragos-pharma.com\/fr\/athenes-grece\/\" class=\"box-link relative block group border min-h-[430px] md:w-[348px] p-8 bg-white border-secondary hover:bg-secondary transition-all rounded-xl\"><img decoding=\"async\" class=\"box-image\" src=\"https:\/\/adragos-pharma.com\/wp-content\/uploads\/2024\/03\/greeceflag.svg\" alt=\"flag\"\/><h3 class=\"my-6 group-hover:!text-white\">Ath\u00e8nes, Gr\u00e8ce<\/h3><p class=\"mb-6 group-hover:!text-white\">Essais de stabilit\u00e9\u00a0:<br>\u2022 Essais de stabilit\u00e9 pour les zones climatiques II, IVa et IVb et pour les mat\u00e9riaux semi-perm\u00e9ables<br>\u2022 Surveillance par alarme de la temp\u00e9rature et de l\u2019humidit\u00e9<br>\u2022 Tests de stabilit\u00e9 pendant le d\u00e9veloppement clinique et la phase de commercialisation<\/p><span class=\"text-primary font-bold group-hover:!text-white text-4xl\">\u27f6<\/span><\/a><\/div><div class=\"swiper-slide\"><a href=\"https:\/\/adragos-pharma.com\/fr\/livron-france\/\" class=\"box-link relative block group border min-h-[430px] md:w-[348px] p-8 bg-white border-primary hover:bg-primary transition-all rounded-xl\"><img decoding=\"async\" class=\"box-image\" src=\"https:\/\/adragos-pharma.com\/wp-content\/uploads\/2024\/03\/France.svg\" alt=\"flag\"\/><h3 class=\"my-6 group-hover:!text-white\">Livron, France<\/h3><p class=\"mb-6 group-hover:!text-white\">Essais de stabilit\u00e9\u00a0:<br>\u2022 Essais de stabilit\u00e9 pour les zones climatiques II, IVa et IVb<br>\u2022 Surveillance par alarme de la temp\u00e9rature et de l\u2019humidit\u00e9<br>\u2022 Planification et contr\u00f4le des donn\u00e9es assist\u00e9s par ordinateur<\/p><span class=\"text-primary font-bold group-hover:!text-white text-4xl\">\u27f6<\/span><\/a><\/div><div class=\"swiper-slide\"><a href=\"https:\/\/adragos-pharma.com\/fr\/jura-suisse\/\" class=\"box-link relative block group border min-h-[430px] md:w-[348px] p-8 bg-white border-secondary hover:bg-secondary transition-all rounded-xl\"><img decoding=\"async\" class=\"box-image\" src=\"https:\/\/adragos-pharma.com\/wp-content\/uploads\/2024\/11\/istockphoto-691333880-612x612-1.jpg\" alt=\"flag\"\/><h3 class=\"my-6 group-hover:!text-white\">Jura, Suisse<\/h3><p class=\"mb-6 group-hover:!text-white\"><strong>Essais de stabilit\u00e9\u00a0:<br><\/strong>\u2022 Stockage \u00e0 long terme sous conditions ICH<br>\u2022 Analyses \u00e0 des points interm\u00e9diaires et finaux de stabilit\u00e9<br><strong>Contr\u00f4les de validit\u00e9 des m\u00e9thodes\u00a0:<br><\/strong>\u2022 Validation HPLC<br>\u2022 Contr\u00f4le de validit\u00e9 en st\u00e9rilit\u00e9<br>\u2022 Contr\u00f4le de validit\u00e9 pour les endotoxines<br>\u2022 Contr\u00f4le de validit\u00e9 pour la charge microbienne<\/p><span class=\"text-primary font-bold group-hover:!text-white text-4xl\">\u27f6<\/span><\/a><\/div><\/div><\/div><\/div><\/section>\n\n\n\n<div style=\"height:36px\" aria-hidden=\"true\" class=\"wp-block-spacer\"><\/div>\n\n\n        <section class=\"tw-mx-auto tw-max-w-screen-xl tw-px-8 tw-py-20\">\n            <header class=\"tw-flex tw-flex-col md:tw-flex-row lg:tw-items-center tw-justify-between tw-pb-20\">\n                <h2 class=\"tw-flex tw-gap-3 text-secondary tw-items-center lg:tw-w-1\/3 lg:tw-pr-12 tw-mb-6\">\n                    <svg width=\"27\" height=\"3\" viewBox=\"0 0 27 3\" fill=\"none\" xmlns=\"http:\/\/www.w3.org\/2000\/svg\">\n                        <rect width=\"27\" height=\"3\" fill=\"#8696FE\" \/>\n                    <\/svg>\n                    <a href=\"\">Adragos Hub<\/a>\n                <\/h2>\n                <p class=\"font-RobotoSlab tw-text-lg xl:tw-text-xl tw-font-light lg:tw-w-2\/3 lg:tw-pl-32\">\n                    En savoir plus sur les tests de stabilit\u00e9 des m\u00e9dicaments dans nos articles de blog r\u00e9cents.                <\/p>\n            <\/header>\n\t\t\t<div class=\"tw-grid tw-grid-cols-1 lg:tw-grid-cols-2 tw-gap-6\">\n\t\t\t\t\t\t\t\t\t<div class=\"tw-relative tw-rounded-xl tw-overflow-hidden tw-min-h-60 tw-mb-6\">\n\t\t\t\t\t\t<img decoding=\"async\" src=\"https:\/\/adragos-pharma.com\/wp-content\/uploads\/2024\/09\/3Q4A7591-1024x480.jpg\" alt=\"M\u00e9dicaments g\u00e9n\u00e9riques vs de marque : diff\u00e9rences expliqu\u00e9es\" class=\"tw-object-cover tw-absolute\" \/>\n\t\t\t\t\t\t<div class=\"tw-absolute tw-bottom-0 tw-max-w-96 tw-bg-lightslate tw-backdrop-blur-[12px] tw-p-6 tw-rounded-tr-xl tw-w-full\">\n\t\t\t\t\t\t\t<p class=\"text-primary tw-text-xs tw-font-medium tw-tracking-widest tw-uppercase tw-pb-1\">Blog<\/p>\n\t\t\t\t\t\t\t<h3 class=\"tw-text-white tw-text-lg hover:tw-underline\">\n\t\t\t\t\t\t\t\t<a href=\"https:\/\/adragos-pharma.com\/fr\/medicaments-generiques-vs-de-marque-differences-expliquees\/\">M\u00e9dicaments g\u00e9n\u00e9riques vs de marque : diff\u00e9rences expliqu\u00e9es<\/a>\n\t\t\t\t\t\t\t<\/h3>\n\t\t\t\t\t\t<\/div>\n\t\t\t\t\t<\/div>\n\t\t\t\t\t\t\t\t\t<div class=\"tw-relative tw-rounded-xl tw-overflow-hidden tw-min-h-60 tw-mb-6\">\n\t\t\t\t\t\t<img decoding=\"async\" src=\"https:\/\/adragos-pharma.com\/wp-content\/uploads\/2024\/08\/3Q4A7207-1024x480.jpg\" alt=\"Produit vs substance m\u00e9dicamenteuse : diff\u00e9rences essentielles\" class=\"tw-object-cover tw-absolute\" \/>\n\t\t\t\t\t\t<div class=\"tw-absolute tw-bottom-0 tw-max-w-96 tw-bg-lightslate tw-backdrop-blur-[12px] tw-p-6 tw-rounded-tr-xl tw-w-full\">\n\t\t\t\t\t\t\t<p class=\"text-primary tw-text-xs tw-font-medium tw-tracking-widest tw-uppercase tw-pb-1\">Blog<\/p>\n\t\t\t\t\t\t\t<h3 class=\"tw-text-white tw-text-lg hover:tw-underline\">\n\t\t\t\t\t\t\t\t<a href=\"https:\/\/adragos-pharma.com\/fr\/produit-vs-substance-medicamenteuse-differences-essentielles\/\">Produit vs substance m\u00e9dicamenteuse : diff\u00e9rences essentielles<\/a>\n\t\t\t\t\t\t\t<\/h3>\n\t\t\t\t\t\t<\/div>\n\t\t\t\t\t<\/div>\n\t\t\t\t\t\t\t\t\t<div class=\"tw-relative tw-rounded-xl tw-overflow-hidden tw-min-h-60 tw-mb-6\">\n\t\t\t\t\t\t<img decoding=\"async\" src=\"https:\/\/adragos-pharma.com\/wp-content\/uploads\/2024\/08\/3Q4A7380-1024x480.jpg\" alt=\"Guide ultime des r\u00e9glementations pharma : conformit\u00e9 &#038; normes\" class=\"tw-object-cover tw-absolute\" \/>\n\t\t\t\t\t\t<div class=\"tw-absolute tw-bottom-0 tw-max-w-96 tw-bg-lightslate tw-backdrop-blur-[12px] tw-p-6 tw-rounded-tr-xl tw-w-full\">\n\t\t\t\t\t\t\t<p class=\"text-primary tw-text-xs tw-font-medium tw-tracking-widest tw-uppercase tw-pb-1\">Blog<\/p>\n\t\t\t\t\t\t\t<h3 class=\"tw-text-white tw-text-lg hover:tw-underline\">\n\t\t\t\t\t\t\t\t<a href=\"https:\/\/adragos-pharma.com\/fr\/guide-ultime-des-reglementations-pharma-conformite-normes\/\">Guide ultime des r\u00e9glementations pharma : conformit\u00e9 &#038; normes<\/a>\n\t\t\t\t\t\t\t<\/h3>\n\t\t\t\t\t\t<\/div>\n\t\t\t\t\t<\/div>\n\t\t\t\t\t\t\t\t\t<div class=\"tw-relative tw-rounded-xl tw-overflow-hidden tw-min-h-60 tw-mb-6\">\n\t\t\t\t\t\t<img decoding=\"async\" src=\"https:\/\/adragos-pharma.com\/wp-content\/uploads\/2024\/08\/3Q4A7296-1024x480.jpg\" alt=\"Services de d\u00e9veloppement de m\u00e9dicaments : de la d\u00e9couverte au succ\u00e8s\" class=\"tw-object-cover tw-absolute\" \/>\n\t\t\t\t\t\t<div class=\"tw-absolute tw-bottom-0 tw-max-w-96 tw-bg-lightslate tw-backdrop-blur-[12px] tw-p-6 tw-rounded-tr-xl tw-w-full\">\n\t\t\t\t\t\t\t<p class=\"text-primary tw-text-xs tw-font-medium tw-tracking-widest tw-uppercase tw-pb-1\">Blog<\/p>\n\t\t\t\t\t\t\t<h3 class=\"tw-text-white tw-text-lg hover:tw-underline\">\n\t\t\t\t\t\t\t\t<a href=\"https:\/\/adragos-pharma.com\/fr\/services-de-developpement-de-medicaments-de-la-decouverte-au-succes\/\">Services de d\u00e9veloppement de m\u00e9dicaments : de la d\u00e9couverte au succ\u00e8s<\/a>\n\t\t\t\t\t\t\t<\/h3>\n\t\t\t\t\t\t<\/div>\n\t\t\t\t\t<\/div>\n\t\t\t\t\t\t\t<\/div>\n\n        <\/section>\n        \n\n\n\n<section class=\"wp-block-adragos-blocks-footer-cta max-w-screen-lg bg-light mx-8 md:mx-auto px-8 py-12 text-center mt-3 mb-12 md:mb-16 rounded-xl\"><h2 class=\"\">Contactez-Nous\u00a0<\/h2><p class=\"subtitle font-light m-auto max-w-screen-sm py-6\">Pour plus de d\u00e9tails sur notre entreprise et nos services, n&rsquo;h\u00e9sitez pas \u00e0 contacter notre \u00e9quipe.\u00a0<\/p><div class=\"flex flex-col md:flex-row justify-center gap-4\"><a href=\"https:\/\/adragos-pharma.com\/fr\/nous-contacter\/?utm_campaign=MK_website_contactUs&#038;utm_source=Google&#038;utm_medium=banner&#038;utm_term=french&#038;utm_content=contact_us\" class=\"cta-link inline-block adragos-button text-white has-primary-background-color text-center\">Envoyer un message\u00a0<\/a><a href=\"https:\/\/meetings-eu1.hubspot.com\/lydia-marinou?ref=drug-stability-testing-fr-button\" class=\"cta-link2 inline-block adragos-button text-white has-secondary-background-color text-center\" target=\"_blank\" rel=\"noopener\">Planifier une r\u00e9union<\/a><\/div><\/section>\n<\/div>\n<\/div><style>\n            .wp-block-columns.is-wide {\n\t\t\t\tmax-width: 1280px!important;\n\t\t\t\tmargin-left: auto!important;\n\t\t\t\tmargin-right: auto!important;\n            }\n        <\/style>\n","protected":false},"excerpt":{"rendered":"<p>Notre service d&rsquo;essais de stabilit\u00e9 des m\u00e9dicaments comprend des essais de lib\u00e9ration et des essais de stabilit\u00e9 ICH. Ces \u00e9tapes cruciales sont essentielles pour garantir la qualit\u00e9 et la s\u00e9curit\u00e9 de votre produit final. Cependant, les tests de stabilit\u00e9 des [&hellip;]<\/p>\n","protected":false},"author":6,"featured_media":0,"parent":10441,"menu_order":0,"comment_status":"closed","ping_status":"closed","template":"","meta":{"content-type":"","inline_featured_image":false,"footnotes":""},"class_list":["post-10382","page","type-page","status-publish","hentry"],"_links":{"self":[{"href":"https:\/\/adragos-pharma.com\/fr\/wp-json\/wp\/v2\/pages\/10382","targetHints":{"allow":["GET"]}}],"collection":[{"href":"https:\/\/adragos-pharma.com\/fr\/wp-json\/wp\/v2\/pages"}],"about":[{"href":"https:\/\/adragos-pharma.com\/fr\/wp-json\/wp\/v2\/types\/page"}],"author":[{"embeddable":true,"href":"https:\/\/adragos-pharma.com\/fr\/wp-json\/wp\/v2\/users\/6"}],"replies":[{"embeddable":true,"href":"https:\/\/adragos-pharma.com\/fr\/wp-json\/wp\/v2\/comments?post=10382"}],"version-history":[{"count":18,"href":"https:\/\/adragos-pharma.com\/fr\/wp-json\/wp\/v2\/pages\/10382\/revisions"}],"predecessor-version":[{"id":21244,"href":"https:\/\/adragos-pharma.com\/fr\/wp-json\/wp\/v2\/pages\/10382\/revisions\/21244"}],"up":[{"embeddable":true,"href":"https:\/\/adragos-pharma.com\/fr\/wp-json\/wp\/v2\/pages\/10441"}],"wp:attachment":[{"href":"https:\/\/adragos-pharma.com\/fr\/wp-json\/wp\/v2\/media?parent=10382"}],"curies":[{"name":"wp","href":"https:\/\/api.w.org\/{rel}","templated":true}]}}