{"id":10385,"date":"2024-03-10T20:01:23","date_gmt":"2024-03-10T18:01:23","guid":{"rendered":"https:\/\/adragos-pharma.com\/?page_id=10385"},"modified":"2025-09-02T16:57:59","modified_gmt":"2025-09-02T14:57:59","slug":"octroi-de-licence","status":"publish","type":"page","link":"https:\/\/adragos-pharma.com\/fr\/nos-services\/octroi-de-licence\/","title":{"rendered":"Octroi de Licence"},"content":{"rendered":"\n<section class=\"wp-block-adragos-blocks-header relative has-primary-background-color bg-pattern bg-cover max-w-full bg-bottom px-3 pt-10 pb-44 md:pt-16 md:pb-44\"><div class=\"relative z-30 max-w-screen-xl px-6 m-auto\"><nav class=\"flex mb-4\" aria-label=\"Breadcrumb\"><ol class=\"inline-flex items-center space-x-1 md:space-x-2 rtl:space-x-reverse\"><li class=\"inline-flex items-center\"><a href=\"https:\/\/adragos-pharma.com\/fr\/\" class=\"inline-flex items-center text-sm font-medium text-white hover:text-primary\"><svg class=\"w-3 h-3 me-2.5\" aria-hidden=\"true\" xmlns=\"http:\/\/www.w3.org\/2000\/svg\" fill=\"currentColor\" viewBox=\"0 0 20 20\"><path d=\"m19.707 9.293-2-2-7-7a1 1 0 0 0-1.414 0l-7 7-2 2a1 1 0 0 0 1.414 1.414L2 10.414V18a2 2 0 0 0 2 2h3a1 1 0 0 0 1-1v-4a1 1 0 0 1 1-1h2a1 1 0 0 1 1 1v4a1 1 0 0 0 1 1h3a2 2 0 0 0 2-2v-7.586l.293.293a1 1 0 0 0 1.414-1.414Z\"><\/path><\/svg>Home<\/a><\/li><li><div class=\"flex items-center\"><svg class=\"rtl:rotate-180 w-3 h-3 text-white mx-1\" aria-hidden=\"true\" xmlns=\"http:\/\/www.w3.org\/2000\/svg\" fill=\"none\" viewBox=\"0 0 6 10\"><path stroke=\"currentColor\" stroke-linecap=\"round\" stroke-linejoin=\"round\" stroke-width=\"2\" d=\"m1 9 4-4-4-4\"><\/path><\/svg><a href=\"https:\/\/adragos-pharma.com\/fr\/nos-services\/\" class=\"ms-1 text-sm font-medium text-white hover:text-primary md:ms-2\">Nos Services<\/a><\/div><\/li><li class=\"hidden md:inline-block\" aria-current=\"page\"><div class=\"flex items-center\"><svg class=\"rtl:rotate-180 w-3 h-3 text-white mx-1\" aria-hidden=\"true\" xmlns=\"http:\/\/www.w3.org\/2000\/svg\" fill=\"none\" viewBox=\"0 0 6 10\"><path stroke=\"currentColor\" stroke-linecap=\"round\" stroke-linejoin=\"round\" stroke-width=\"2\" d=\"m1 9 4-4-4-4\"><\/path><\/svg><span class=\"ms-1 text-sm font-medium text-white md:ms-2\">Octroi de Licence<\/span><\/div><\/li><\/ol><\/nav><h1 class=\"text-3xl md:text-4xl text-white\">Octroi de Licence<\/h1><\/div><div class=\"bg-wave absolute left-0 bottom-0 h-52 bg-repeat-x bg-[center_bottom] w-full\"><\/div><\/section>\n\n\n\n<div class=\"wp-block-columns max-w-screen-xl w-full is-wide px-0 md:px-8 is-layout-flex wp-container-core-columns-is-layout-9d6595d7 wp-block-columns-is-layout-flex\">\n<div class=\"wp-block-column is-layout-flow wp-block-column-is-layout-flow\">\n<p>Notre mod\u00e8le de licence externe permet \u00e0 nos partenaires d&rsquo;acc\u00e9der \u00e0 nos produits g\u00e9n\u00e9riques et \u00e0 nos m\u00e9dicaments \u00e0 valeur ajout\u00e9e, ce qui les aide \u00e0 \u00e9largir leur gamme de produits, \u00e0 p\u00e9n\u00e9trer de nouveaux march\u00e9s et \u00e0 acc\u00e9l\u00e9rer la mise en \u0153uvre de solutions de sant\u00e9. En vous associant \u00e0 nous, vous participez \u00e0 une mission commune visant \u00e0 avoir un impact significatif sur la sant\u00e9 mondiale.<\/p>\n\n\n\n<div class=\"wp-block-columns max-w-screen-xl w-full is-wide px-0 md:px-8 is-layout-flex wp-container-core-columns-is-layout-9d6595d7 wp-block-columns-is-layout-flex\">\n<div class=\"wp-block-column is-layout-flow wp-block-column-is-layout-flow\">\n<figure class=\"wp-block-image size-large\"><img decoding=\"async\" width=\"1024\" height=\"683\" src=\"https:\/\/adragos-pharma.com\/wp-content\/uploads\/2024\/05\/Lamda_Laboratories_low-123-1024x683.jpg\" alt=\"\" class=\"wp-image-4403\" srcset=\"https:\/\/adragos-pharma.com\/wp-content\/uploads\/2024\/05\/Lamda_Laboratories_low-123-1024x683.jpg 1024w, https:\/\/adragos-pharma.com\/wp-content\/uploads\/2024\/05\/Lamda_Laboratories_low-123-300x200.jpg 300w, https:\/\/adragos-pharma.com\/wp-content\/uploads\/2024\/05\/Lamda_Laboratories_low-123-768x512.jpg 768w, https:\/\/adragos-pharma.com\/wp-content\/uploads\/2024\/05\/Lamda_Laboratories_low-123-1536x1024.jpg 1536w, https:\/\/adragos-pharma.com\/wp-content\/uploads\/2024\/05\/Lamda_Laboratories_low-123.jpg 2048w\" sizes=\"(max-width: 1024px) 100vw, 1024px\" \/><\/figure>\n<\/div>\n\n\n\n<div class=\"wp-block-column is-vertically-aligned-center is-layout-flow wp-block-column-is-layout-flow\">\n<h3 class=\"wp-block-heading\">R\u00e9seau enti\u00e8rement int\u00e9gr\u00e9<\/h3>\n\n\n\n<p>Notre r\u00e9seau int\u00e9gr\u00e9 garantit le bon d\u00e9roulement des op\u00e9rations et une communication sans faille tout au long de la proc\u00e9dure d&rsquo;octroi de licences.&nbsp;<\/p>\n<\/div>\n<\/div><style>\n            .wp-block-columns.is-wide {\n\t\t\t\tmax-width: 1280px!important;\n\t\t\t\tmargin-left: auto!important;\n\t\t\t\tmargin-right: auto!important;\n            }\n        <\/style>\n\n\n\n<div class=\"wp-block-columns max-w-screen-xl w-full is-wide px-0 md:px-8 is-layout-flex wp-container-core-columns-is-layout-9d6595d7 wp-block-columns-is-layout-flex\">\n<div class=\"wp-block-column is-vertically-aligned-center is-layout-flow wp-block-column-is-layout-flow\">\n<h3 class=\"wp-block-heading\">Des solutions rapides et pr\u00eates \u00e0 l&#8217;emploi&nbsp;<\/h3>\n\n\n\n<p>Chez Adragos Pharma, nous proposons des solutions rapides. En choisissant notre service de licence, vous investissez dans des produits pr\u00eats \u00e0 \u00eatre commercialis\u00e9s, ce qui acc\u00e9l\u00e8re votre mise sur le march\u00e9.<\/p>\n<\/div>\n\n\n\n<div class=\"wp-block-column is-layout-flow wp-block-column-is-layout-flow\">\n<figure class=\"wp-block-image size-large\"><img decoding=\"async\" width=\"1024\" height=\"683\" src=\"https:\/\/adragos-pharma.com\/wp-content\/uploads\/2024\/05\/CW5B3346-1024x683.jpg\" alt=\"\" class=\"wp-image-4404\" srcset=\"https:\/\/adragos-pharma.com\/wp-content\/uploads\/2024\/05\/CW5B3346-1024x683.jpg 1024w, https:\/\/adragos-pharma.com\/wp-content\/uploads\/2024\/05\/CW5B3346-300x200.jpg 300w, https:\/\/adragos-pharma.com\/wp-content\/uploads\/2024\/05\/CW5B3346-768x512.jpg 768w, https:\/\/adragos-pharma.com\/wp-content\/uploads\/2024\/05\/CW5B3346-1536x1024.jpg 1536w, https:\/\/adragos-pharma.com\/wp-content\/uploads\/2024\/05\/CW5B3346-2048x1365.jpg 2048w\" sizes=\"(max-width: 1024px) 100vw, 1024px\" \/><\/figure>\n<\/div>\n<\/div><style>\n            .wp-block-columns.is-wide {\n\t\t\t\tmax-width: 1280px!important;\n\t\t\t\tmargin-left: auto!important;\n\t\t\t\tmargin-right: auto!important;\n            }\n        <\/style>\n\n\n\n<div class=\"wp-block-columns max-w-screen-xl w-full is-wide px-0 md:px-8 is-layout-flex wp-container-core-columns-is-layout-9d6595d7 wp-block-columns-is-layout-flex\">\n<div class=\"wp-block-column is-layout-flow wp-block-column-is-layout-flow\">\n<figure class=\"wp-block-image size-large\"><img decoding=\"async\" width=\"1024\" height=\"683\" src=\"https:\/\/adragos-pharma.com\/wp-content\/uploads\/2024\/05\/3Q4A8483-1024x683.jpg\" alt=\"\" class=\"wp-image-4405\" srcset=\"https:\/\/adragos-pharma.com\/wp-content\/uploads\/2024\/05\/3Q4A8483-1024x683.jpg 1024w, https:\/\/adragos-pharma.com\/wp-content\/uploads\/2024\/05\/3Q4A8483-300x200.jpg 300w, https:\/\/adragos-pharma.com\/wp-content\/uploads\/2024\/05\/3Q4A8483-768x512.jpg 768w, https:\/\/adragos-pharma.com\/wp-content\/uploads\/2024\/05\/3Q4A8483-1536x1024.jpg 1536w, https:\/\/adragos-pharma.com\/wp-content\/uploads\/2024\/05\/3Q4A8483-2048x1365.jpg 2048w\" sizes=\"(max-width: 1024px) 100vw, 1024px\" \/><\/figure>\n<\/div>\n\n\n\n<div class=\"wp-block-column is-vertically-aligned-center is-layout-flow wp-block-column-is-layout-flow\">\n<h3 class=\"wp-block-heading\">Expertise et ressources<\/h3>\n\n\n\n<p class=\"has-text-align-left\">Pour les entreprises qui ne disposent pas de ressources internes pour le d\u00e9veloppement et la production de produits, nous intervenons en tant que partenaire strat\u00e9gique. Tirez parti de notre expertise pour commercialiser efficacement vos produits pharmaceutiques. Tirez parti de notre expertise pour commercialiser efficacement vos produits pharmaceutiques gr\u00e2ce \u00e0 nos opportunit\u00e9s de licences.<\/p>\n<\/div>\n<\/div><style>\n            .wp-block-columns.is-wide {\n\t\t\t\tmax-width: 1280px!important;\n\t\t\t\tmargin-left: auto!important;\n\t\t\t\tmargin-right: auto!important;\n            }\n        <\/style>\n\n\n\n<h2 class=\"wp-block-heading\">Pourquoi nous choisir?<\/h2>\n\n\n\n<section class=\"wp-block-adragos-blocks-box max-w-screen-xl mx-auto px-8 py-8\"><div class=\"grid grid-cols-1 lg:grid-cols-2 gap-x-8 gap-y-8\"><div class=\"false relative box bg-light rounded-xl p-8\"><div class=\"flex gap-5 items-center\"><img decoding=\"async\" class=\"box-image mb-0\" src=\"https:\/\/adragos-pharma.com\/wp-content\/uploads\/2024\/05\/Certification-2.png\" alt=\"\"\/><h3 class=\"box-title\">Acc\u00e9der \u00e0 des dossiers de haute qualit\u00e9<\/h3><\/div><p class=\"my-6 box-subtitle\">Nous sommes experts en mati\u00e8re de r\u00e9glementations et de lignes directrices essentielles, et poss\u00e9dons une vaste exp\u00e9rience en mati\u00e8re d&rsquo;octroi de licences. \u00c9vitez les retards et les complications avec les autorit\u00e9s, nous avons d\u00e9j\u00e0 dans notre portefeuille les dossiers de produits dont vous avez besoin.<\/p><\/div><div class=\"false relative box bg-light rounded-xl p-8\"><div class=\"flex gap-5 items-center\"><img decoding=\"async\" class=\"box-image mb-0\" src=\"https:\/\/adragos-pharma.com\/wp-content\/uploads\/2024\/05\/Team.png\" alt=\"\"\/><h3 class=\"box-title\">B\u00e9n\u00e9ficier de notre \u00e9quipe d&rsquo;experts<\/h3><\/div><p class=\"my-6 box-subtitle\">Nos \u00e9quipes sp\u00e9cialis\u00e9es veillent \u00e0 ce que vous lanciez vos produits d\u00e8s l&rsquo;expiration du brevet. Notre technologie de pointe et nos professionnels qualifi\u00e9s sont pr\u00eats \u00e0 r\u00e9pondre \u00e0 des demandes croissantes.<\/p><\/div><div class=\"false relative box bg-light rounded-xl p-8\"><div class=\"flex gap-5 items-center\"><img decoding=\"async\" class=\"box-image mb-0\" src=\"https:\/\/adragos-pharma.com\/wp-content\/uploads\/2024\/05\/Supply-Chain.png\" alt=\"\"\/><h3 class=\"box-title\">Une cha\u00eene d&rsquo;approvisionnement fiable<\/h3><\/div><p class=\"my-6 box-subtitle\">Nous savons qu&rsquo;il est essentiel de respecter les d\u00e9lais. Malgr\u00e9 les perturbations mondiales potentielles, nous donnons la priorit\u00e9 \u00e0 la livraison dans les d\u00e9lais et maintenons la transparence, garantissant ainsi un approvisionnement coh\u00e9rent, complet et ponctuel.<\/p><\/div><div class=\"false relative box bg-light rounded-xl p-8\"><div class=\"flex gap-5 items-center\"><img decoding=\"async\" class=\"box-image mb-0\" src=\"https:\/\/adragos-pharma.com\/wp-content\/uploads\/2024\/05\/Licensing-Out-1.png\" alt=\"\"\/><h3 class=\"box-title\">Large gamme de produits<\/h3><\/div><p class=\"my-6 box-subtitle\">Un partenariat avec nous simplifie vos op\u00e9rations. Gr\u00e2ce \u00e0 notre portefeuille diversifi\u00e9 de licences, vous pouvez rationaliser vos processus en optant pour un fournisseur unique, ce qui am\u00e9liore l&rsquo;efficacit\u00e9 et r\u00e9duit la complexit\u00e9.<\/p><\/div><\/div><\/section>\n\n\n\n<div style=\"height:52px\" aria-hidden=\"true\" class=\"wp-block-spacer\"><\/div>\n<\/div>\n<\/div><style>\n            .wp-block-columns.is-wide {\n\t\t\t\tmax-width: 1280px!important;\n\t\t\t\tmargin-left: auto!important;\n\t\t\t\tmargin-right: auto!important;\n            }\n        <\/style>\n\n\n\n<div class=\"wp-block-group has-primary-background-color has-background is-nowrap is-layout-flex wp-container-core-group-is-layout-ad2f72ca wp-block-group-is-layout-flex\">\n<div class=\"wp-block-columns max-w-screen-xl w-full is-wide px-0 md:px-8 is-layout-flex wp-container-core-columns-is-layout-9d6595d7 wp-block-columns-is-layout-flex\">\n<div class=\"wp-block-column is-layout-flow wp-block-column-is-layout-flow\">\n<p><\/p>\n\n\n\n<h2 class=\"wp-block-heading has-text-align-center has-white-color has-text-color has-link-color wp-elements-ccf5abd8c01cc4d2403e0b3bcad413f9\"><strong><strong>T\u00e9l\u00e9chargez notre brochure d\u00e8s maintenant !<\/strong><\/strong><\/h2>\n\n\n\n<p class=\"has-text-align-center has-white-color has-text-color has-link-color wp-elements-458cb291a4fcbe661c7f0e4f7e167baa\">Nous avons pr\u00e9par\u00e9 une brochure pour vous aider \u00e0 d\u00e9couvrir notre gamme de produits pouvant \u00eatre sous-licenci\u00e9s pour nos clients.<\/p>\n\n\n\n<div class=\"wp-block-buttons is-content-justification-center is-layout-flex wp-container-core-buttons-is-layout-16018d1d wp-block-buttons-is-layout-flex\">\n<div class=\"wp-block-button\"><a class=\"wp-block-button__link has-black-background-color has-background has-text-align-center wp-element-button\" href=\"https:\/\/share-eu1.hsforms.com\/1bnx6GupaT0qleE0YQ4g_-Qfxkpu?utm_campaign=Out-licensing%20Portfolio&amp;utm_source=website_outlicensing&amp;utm_medium=portfolio\" target=\"_blank\" rel=\"noopener\"><strong>T\u00e9l\u00e9charger Maintenant<\/strong><\/a><\/div>\n<\/div>\n\n\n\n<p><\/p>\n<\/div>\n<\/div><style>\n            .wp-block-columns.is-wide {\n\t\t\t\tmax-width: 1280px!important;\n\t\t\t\tmargin-left: auto!important;\n\t\t\t\tmargin-right: auto!important;\n            }\n        <\/style>\n<\/div>\n\n\n\n<div style=\"height:67px\" aria-hidden=\"true\" class=\"wp-block-spacer\"><\/div>\n\n\n<p>No posts found.<\/p>\n\n\n\n<section class=\"wp-block-adragos-blocks-footer-cta max-w-screen-lg bg-light mx-8 md:mx-auto px-8 py-12 text-center mt-3 mb-12 md:mb-16 rounded-xl\"><h2 class=\"\">Contactez-Nous\u00a0<\/h2><p class=\"subtitle font-light m-auto max-w-screen-sm py-6\">Pour plus de d\u00e9tails sur notre entreprise et nos services, n&rsquo;h\u00e9sitez pas \u00e0 contacter notre \u00e9quipe.\u00a0<\/p><div class=\"flex flex-col md:flex-row justify-center gap-4\"><a href=\"https:\/\/adragos-pharma.com\/fr\/nous-contacter\/?utm_campaign=MK_website_contactUs&#038;utm_source=Google&#038;utm_medium=banner&#038;utm_term=french&#038;utm_content=contact_us\" class=\"cta-link inline-block adragos-button text-white has-primary-background-color text-center\">Envoyer un message\u00a0<\/a><a href=\"https:\/\/meetings-eu1.hubspot.com\/lydia-marinou?ref=out-licensing-fr-button\" class=\"cta-link2 inline-block adragos-button text-white has-secondary-background-color text-center\" target=\"_blank\" rel=\"noopener\">Planifier une r\u00e9union<\/a><\/div><\/section>\n","protected":false},"excerpt":{"rendered":"<p>Notre mod\u00e8le de licence externe permet \u00e0 nos partenaires d&rsquo;acc\u00e9der \u00e0 nos produits g\u00e9n\u00e9riques et \u00e0 nos m\u00e9dicaments \u00e0 valeur ajout\u00e9e, ce qui les aide \u00e0 \u00e9largir leur gamme de produits, \u00e0 p\u00e9n\u00e9trer de nouveaux march\u00e9s et \u00e0 acc\u00e9l\u00e9rer la [&hellip;]<\/p>\n","protected":false},"author":6,"featured_media":0,"parent":10441,"menu_order":0,"comment_status":"closed","ping_status":"closed","template":"","meta":{"content-type":"","inline_featured_image":false,"footnotes":""},"class_list":["post-10385","page","type-page","status-publish","hentry"],"_links":{"self":[{"href":"https:\/\/adragos-pharma.com\/fr\/wp-json\/wp\/v2\/pages\/10385","targetHints":{"allow":["GET"]}}],"collection":[{"href":"https:\/\/adragos-pharma.com\/fr\/wp-json\/wp\/v2\/pages"}],"about":[{"href":"https:\/\/adragos-pharma.com\/fr\/wp-json\/wp\/v2\/types\/page"}],"author":[{"embeddable":true,"href":"https:\/\/adragos-pharma.com\/fr\/wp-json\/wp\/v2\/users\/6"}],"replies":[{"embeddable":true,"href":"https:\/\/adragos-pharma.com\/fr\/wp-json\/wp\/v2\/comments?post=10385"}],"version-history":[{"count":21,"href":"https:\/\/adragos-pharma.com\/fr\/wp-json\/wp\/v2\/pages\/10385\/revisions"}],"predecessor-version":[{"id":22277,"href":"https:\/\/adragos-pharma.com\/fr\/wp-json\/wp\/v2\/pages\/10385\/revisions\/22277"}],"up":[{"embeddable":true,"href":"https:\/\/adragos-pharma.com\/fr\/wp-json\/wp\/v2\/pages\/10441"}],"wp:attachment":[{"href":"https:\/\/adragos-pharma.com\/fr\/wp-json\/wp\/v2\/media?parent=10385"}],"curies":[{"name":"wp","href":"https:\/\/api.w.org\/{rel}","templated":true}]}}