{"id":10389,"date":"2024-03-11T12:20:51","date_gmt":"2024-03-11T10:20:51","guid":{"rendered":"https:\/\/adragos-pharma.com\/?page_id=10389"},"modified":"2025-07-16T15:36:08","modified_gmt":"2025-07-16T13:36:08","slug":"formes-orales-solides","status":"publish","type":"page","link":"https:\/\/adragos-pharma.com\/fr\/production-commerciale\/formes-orales-solides\/","title":{"rendered":"Formes Orales Solides\u00a0"},"content":{"rendered":"\n<section class=\"wp-block-adragos-blocks-header relative has-primary-background-color bg-pattern bg-cover max-w-full bg-bottom px-3 pt-10 pb-44 md:pt-16 md:pb-44 has-secondary-background-color has-background\"><div class=\"relative z-30 max-w-screen-xl px-6 m-auto\"><nav class=\"flex mb-4\" aria-label=\"Breadcrumb\"><ol class=\"inline-flex items-center space-x-1 md:space-x-2 rtl:space-x-reverse\"><li class=\"inline-flex items-center\"><a href=\"https:\/\/adragos-pharma.com\/fr\/\" class=\"inline-flex items-center text-sm font-medium text-white hover:text-primary\"><svg class=\"w-3 h-3 me-2.5\" aria-hidden=\"true\" xmlns=\"http:\/\/www.w3.org\/2000\/svg\" fill=\"currentColor\" viewBox=\"0 0 20 20\"><path d=\"m19.707 9.293-2-2-7-7a1 1 0 0 0-1.414 0l-7 7-2 2a1 1 0 0 0 1.414 1.414L2 10.414V18a2 2 0 0 0 2 2h3a1 1 0 0 0 1-1v-4a1 1 0 0 1 1-1h2a1 1 0 0 1 1 1v4a1 1 0 0 0 1 1h3a2 2 0 0 0 2-2v-7.586l.293.293a1 1 0 0 0 1.414-1.414Z\"><\/path><\/svg>Home<\/a><\/li><li><div class=\"flex items-center\"><svg class=\"rtl:rotate-180 w-3 h-3 text-white mx-1\" aria-hidden=\"true\" xmlns=\"http:\/\/www.w3.org\/2000\/svg\" fill=\"none\" viewBox=\"0 0 6 10\"><path stroke=\"currentColor\" stroke-linecap=\"round\" stroke-linejoin=\"round\" stroke-width=\"2\" d=\"m1 9 4-4-4-4\"><\/path><\/svg><a href=\"https:\/\/adragos-pharma.com\/fr\/production-commerciale\/\" class=\"ms-1 text-sm font-medium text-white hover:text-primary md:ms-2\">Production Commerciale<\/a><\/div><\/li><li class=\"hidden md:inline-block\" aria-current=\"page\"><div class=\"flex items-center\"><svg class=\"rtl:rotate-180 w-3 h-3 text-white mx-1\" aria-hidden=\"true\" xmlns=\"http:\/\/www.w3.org\/2000\/svg\" fill=\"none\" viewBox=\"0 0 6 10\"><path stroke=\"currentColor\" stroke-linecap=\"round\" stroke-linejoin=\"round\" stroke-width=\"2\" d=\"m1 9 4-4-4-4\"><\/path><\/svg><span class=\"ms-1 text-sm font-medium text-white md:ms-2\">Formes Orales Solides\u00a0<\/span><\/div><\/li><\/ol><\/nav><h1 class=\"text-3xl md:text-4xl text-white\">Formes Orales Solides\u00a0<\/h1><\/div><div class=\"bg-wave absolute left-0 bottom-0 h-52 bg-repeat-x bg-[center_bottom] w-full\"><\/div><\/section>\n\n\n\n<div class=\"wp-block-columns max-w-screen-xl w-full is-wide px-0 md:px-8 is-layout-flex wp-container-core-columns-is-layout-9d6595d7 wp-block-columns-is-layout-flex\">\n<div class=\"wp-block-column is-layout-flow wp-block-column-is-layout-flow\">\n<p>Nous sommes experts dans la fabrication de comprim\u00e9s solides oraux de haute qualit\u00e9, allient une technologie de pointe et des d\u00e9cennies d&rsquo;exp\u00e9rience.&nbsp;Notre installation de pointe est \u00e9quip\u00e9e pour la granulation, la compression et l\u2019enrobage pelliculaire ultra pr\u00e9cis via des processus semi-continus qui am\u00e9liorent l&rsquo;efficacit\u00e9 et la constance du produit. Avec une \u00e9quipe de plus de 330 professionnels hautement qualifi\u00e9s et l&rsquo;un des plus grands entrep\u00f4ts frigorifiques du Japon, notre usine de Kawagoe garantit une production fluide, un contr\u00f4le qualit\u00e9 strict et le respect des r\u00e9glementations pharmaceutiques mondiales.&nbsp;<\/p>\n<\/div>\n<\/div><style>\n            .wp-block-columns.is-wide {\n\t\t\t\tmax-width: 1280px!important;\n\t\t\t\tmargin-left: auto!important;\n\t\t\t\tmargin-right: auto!important;\n            }\n        <\/style>\n\n\n\n<div class=\"wp-block-columns max-w-screen-xl w-full is-wide px-0 md:px-8 is-layout-flex wp-container-core-columns-is-layout-9d6595d7 wp-block-columns-is-layout-flex\">\n<div class=\"wp-block-column is-layout-flow wp-block-column-is-layout-flow\" style=\"flex-basis:33.33%\"><div class=\"wp-block-image\">\n<figure class=\"aligncenter size-full is-resized\"><img decoding=\"async\" width=\"385\" height=\"385\" src=\"https:\/\/adragos-pharma.com\/wp-content\/uploads\/2025\/04\/Uncoated-Tablets.png\" alt=\"\" class=\"wp-image-17296\" style=\"width:114px\" srcset=\"https:\/\/adragos-pharma.com\/wp-content\/uploads\/2025\/04\/Uncoated-Tablets.png 385w, https:\/\/adragos-pharma.com\/wp-content\/uploads\/2025\/04\/Uncoated-Tablets-300x300.png 300w, https:\/\/adragos-pharma.com\/wp-content\/uploads\/2025\/04\/Uncoated-Tablets-150x150.png 150w\" sizes=\"(max-width: 385px) 100vw, 385px\" \/><\/figure>\n<\/div>\n\n\n<h2 class=\"wp-block-heading has-text-align-center\">Comprim\u00e9s nus <strong>(non Enrob\u00e9s)<\/strong>&nbsp;<\/h2>\n<\/div>\n\n\n\n<div class=\"wp-block-column is-layout-flow wp-block-column-is-layout-flow\" style=\"flex-basis:66.66%\">\n<p>Le comprim\u00e9 non enrob\u00e9 est la forme orale la plus simple, constitu\u00e9s d&rsquo;ingr\u00e9dients actifs et d\u2019excipients comprim\u00e9s sans enrobage externe. Ils sont con\u00e7us pour une lib\u00e9ration imm\u00e9diate, permettant une d\u00e9sint\u00e9gration et une absorption rapides dans le syst\u00e8me digestif. En raison de leur formulation simple et de leur processus de production, les comprim\u00e9s non enrob\u00e9s sont largement utilis\u00e9s dans divers domaines th\u00e9rapeutiques.&nbsp;<\/p>\n\n\n\n<ul class=\"wp-block-list\">\n<li>Rentables et faciles \u00e0 fabriquer, ce qui en fait un choix id\u00e9al pour la production \u00e0 grand volume.&nbsp;<\/li>\n\n\n\n<li>D\u00e9sint\u00e9gration et absorption rapides dans l&rsquo;estomac, assurant des effets th\u00e9rapeutiques rapides.&nbsp;<\/li>\n\n\n\n<li>Compatible avec une large gamme de principes actifs &nbsp;: antalgiques, antibiotiques, vitamines, etc.&nbsp;<\/li>\n\n\n\n<li>Design flexible, permettant diff\u00e9rentes tailles, formes et rainures pour l&rsquo;ajustement de la dose.&nbsp;<\/li>\n<\/ul>\n\n\n\n<hr class=\"wp-block-separator has-text-color has-secondary-color has-alpha-channel-opacity has-secondary-background-color has-background\"\/>\n<\/div>\n<\/div><style>\n            .wp-block-columns.is-wide {\n\t\t\t\tmax-width: 1280px!important;\n\t\t\t\tmargin-left: auto!important;\n\t\t\t\tmargin-right: auto!important;\n            }\n        <\/style>\n\n\n\n<div class=\"wp-block-columns max-w-screen-xl w-full is-wide px-0 md:px-8 is-layout-flex wp-container-core-columns-is-layout-9d6595d7 wp-block-columns-is-layout-flex\">\n<div class=\"wp-block-column is-layout-flow wp-block-column-is-layout-flow\" style=\"flex-basis:33.33%\"><div class=\"wp-block-image\">\n<figure class=\"aligncenter size-full is-resized\"><img decoding=\"async\" width=\"385\" height=\"385\" src=\"https:\/\/adragos-pharma.com\/wp-content\/uploads\/2025\/04\/Film-coated-Tablets@4x.png\" alt=\"\" class=\"wp-image-17284\" style=\"width:114px\" srcset=\"https:\/\/adragos-pharma.com\/wp-content\/uploads\/2025\/04\/Film-coated-Tablets@4x.png 385w, https:\/\/adragos-pharma.com\/wp-content\/uploads\/2025\/04\/Film-coated-Tablets@4x-300x300.png 300w, https:\/\/adragos-pharma.com\/wp-content\/uploads\/2025\/04\/Film-coated-Tablets@4x-150x150.png 150w\" sizes=\"(max-width: 385px) 100vw, 385px\" \/><\/figure>\n<\/div>\n\n\n<h2 class=\"wp-block-heading has-text-align-center\"><strong><strong>Comprim\u00e9s Pellicul\u00e9s<\/strong>&nbsp;<\/strong><\/h2>\n<\/div>\n\n\n\n<div class=\"wp-block-column is-layout-flow wp-block-column-is-layout-flow\" style=\"flex-basis:66.66%\">\n<p>Les comprim\u00e9s pellicul\u00e9s sont des formes solides recouvertes d&rsquo;une fine couche de polym\u00e8re, visant \u00e0 am\u00e9liorer la stabilit\u00e9, masquer le go\u00fbt et faciliter la d\u00e9glutition. Le pelliculage peut \u00eatre \u00e0 base d\u2019eau ou de solvant, selon le besoin de protection et de lib\u00e9ration du principe actif <\/p>\n\n\n\n<ul class=\"wp-block-list\">\n<li>Pelliculage aqueux flexible selon les exigences de stabilit\u00e9.&nbsp;<\/li>\n\n\n\n<li>Protection contre l\u2019humidit\u00e9 et l\u2019oxydation des principes actifs pour une meilleure efficacit\u00e9 et conservation &nbsp;<\/li>\n\n\n\n<li>Texture plus lisse<s>,<\/s> r\u00e9duisant l&rsquo;inconfort de la d\u00e9glutition.&nbsp;<\/li>\n\n\n\n<li>Am\u00e9liore l&rsquo;apparence avec une couleur et un brillant uniforme, pour favoriser l\u2019attrait et la diff\u00e9renciation du produit.<\/li>\n<\/ul>\n\n\n\n<hr class=\"wp-block-separator has-text-color has-secondary-color has-alpha-channel-opacity has-secondary-background-color has-background\"\/>\n<\/div>\n<\/div><style>\n            .wp-block-columns.is-wide {\n\t\t\t\tmax-width: 1280px!important;\n\t\t\t\tmargin-left: auto!important;\n\t\t\t\tmargin-right: auto!important;\n            }\n        <\/style>\n\n\n\n<div class=\"wp-block-columns max-w-screen-xl w-full is-wide px-0 md:px-8 is-layout-flex wp-container-core-columns-is-layout-9d6595d7 wp-block-columns-is-layout-flex\">\n<div class=\"wp-block-column is-layout-flow wp-block-column-is-layout-flow\" style=\"flex-basis:33.33%\"><div class=\"wp-block-image\">\n<figure class=\"aligncenter size-full is-resized\"><img decoding=\"async\" width=\"385\" height=\"385\" src=\"https:\/\/adragos-pharma.com\/wp-content\/uploads\/2025\/04\/Orally-Dissolving-Tablets-ODT@4x.png\" alt=\"\" class=\"wp-image-17278\" style=\"width:114px\" srcset=\"https:\/\/adragos-pharma.com\/wp-content\/uploads\/2025\/04\/Orally-Dissolving-Tablets-ODT@4x.png 385w, https:\/\/adragos-pharma.com\/wp-content\/uploads\/2025\/04\/Orally-Dissolving-Tablets-ODT@4x-300x300.png 300w, https:\/\/adragos-pharma.com\/wp-content\/uploads\/2025\/04\/Orally-Dissolving-Tablets-ODT@4x-150x150.png 150w\" sizes=\"(max-width: 385px) 100vw, 385px\" \/><\/figure>\n<\/div>\n\n\n<h2 class=\"wp-block-heading has-text-align-center\"><strong><strong>Comprim\u00e9s Orodispersibles<\/strong><\/strong><\/h2>\n<\/div>\n\n\n\n<div class=\"wp-block-column is-layout-flow wp-block-column-is-layout-flow\" style=\"flex-basis:66.66%\">\n<p>Les comprim\u00e9s orodispersibles sont con\u00e7us pour se d\u00e9sint\u00e9grer rapidement sur la langue sans avoir besoin d&rsquo;eau, offrant une alternative aux comprim\u00e9s traditionnels. En effet, ils sont particuli\u00e8rement b\u00e9n\u00e9fiques pour les patients ayant des difficult\u00e9s de d\u00e9glutition, tels que les populations p\u00e9diatriques, g\u00e9riatriques ou dysphagiques.&nbsp;<\/p>\n\n\n\n<ul class=\"wp-block-list\">\n<li>Id\u00e9al pour les patients ayant des difficult\u00e9s \u00e0 avaler, r\u00e9duisant le risque d&rsquo;\u00e9touffement et am\u00e9liorant l&rsquo;acceptation et l\u2019ingestion du traitement. &nbsp;<\/li>\n\n\n\n<li>Absorption rapide et directe du m\u00e9dicament via la muqueuse buccale&nbsp;<\/li>\n\n\n\n<li>Am\u00e9liore l\u2019acception du traitement par les patients, en particulier chez les enfants et les personnes \u00e2g\u00e9es qui ont du mal avec les comprim\u00e9s conventionnels.&nbsp;<\/li>\n\n\n\n<li>Portables et pratiques, ce qui en fait un choix privil\u00e9gi\u00e9 pour une prise en toute circonstance. &nbsp;<\/li>\n<\/ul>\n\n\n\n<hr class=\"wp-block-separator has-text-color has-secondary-color has-alpha-channel-opacity has-secondary-background-color has-background\"\/>\n<\/div>\n<\/div><style>\n            .wp-block-columns.is-wide {\n\t\t\t\tmax-width: 1280px!important;\n\t\t\t\tmargin-left: auto!important;\n\t\t\t\tmargin-right: auto!important;\n            }\n        <\/style>\n\n\n\n<div class=\"wp-block-columns max-w-screen-xl w-full is-wide px-0 md:px-8 is-layout-flex wp-container-core-columns-is-layout-9d6595d7 wp-block-columns-is-layout-flex\">\n<div class=\"wp-block-column is-layout-flow wp-block-column-is-layout-flow\" style=\"flex-basis:33.33%\"><div class=\"wp-block-image\">\n<figure class=\"aligncenter size-full is-resized\"><img decoding=\"async\" width=\"385\" height=\"385\" src=\"https:\/\/adragos-pharma.com\/wp-content\/uploads\/2025\/04\/Multi-Layer-Tablets@4x.png\" alt=\"\" class=\"wp-image-17290\" style=\"width:114px\" srcset=\"https:\/\/adragos-pharma.com\/wp-content\/uploads\/2025\/04\/Multi-Layer-Tablets@4x.png 385w, https:\/\/adragos-pharma.com\/wp-content\/uploads\/2025\/04\/Multi-Layer-Tablets@4x-300x300.png 300w, https:\/\/adragos-pharma.com\/wp-content\/uploads\/2025\/04\/Multi-Layer-Tablets@4x-150x150.png 150w\" sizes=\"(max-width: 385px) 100vw, 385px\" \/><\/figure>\n<\/div>\n\n\n<h2 class=\"wp-block-heading has-text-align-center\">Comprim\u00e9s Bi-couches<strong>&nbsp;<\/strong><\/h2>\n<\/div>\n\n\n\n<div class=\"wp-block-column is-layout-flow wp-block-column-is-layout-flow\" style=\"flex-basis:66.66%\">\n<p>Les comprim\u00e9s bi-couches font partis des comprim\u00e9s multi-couches, en l\u2019occurrence ici compos\u00e9s de deux couches, permettant des syst\u00e8mes de lib\u00e9ration complexes. Ils sont utilis\u00e9s pour les traitements combin\u00e9s ou pour obtenir une lib\u00e9ration contr\u00f4l\u00e9e et s\u00e9quentielle des principes actifs.&nbsp;<\/p>\n\n\n\n<ul class=\"wp-block-list\">\n<li>Permet une lib\u00e9ration s\u00e9quentielle ou \u00e0 double actionpermettant la lib\u00e9ration de diff\u00e9rents principes actifs \u00e0 des moments pr\u00e9cis.&nbsp;<\/li>\n\n\n\n<li>S\u00e9paration des ingr\u00e9dients incompatibles pour emp\u00eacher des interactions m\u00e9dicamenteuses pr\u00e9matur\u00e9es et am\u00e9liorer la stabilit\u00e9.&nbsp;<\/li>\n\n\n\n<li>Lib\u00e9ration prolong\u00e9e ou cibl\u00e9e pour une efficacit\u00e9 optimale et une r\u00e9duction de la fr\u00e9quence de priseId\u00e9al pour les traitements combin\u00e9s, r\u00e9duisant le nombre de prise en incorporant plusieurs m\u00e9dicaments dans un seul comprim\u00e9.&nbsp;<\/li>\n<\/ul>\n<\/div>\n<\/div><style>\n            .wp-block-columns.is-wide {\n\t\t\t\tmax-width: 1280px!important;\n\t\t\t\tmargin-left: auto!important;\n\t\t\t\tmargin-right: auto!important;\n            }\n        <\/style>\n\n\n\n<div style=\"height:47px\" aria-hidden=\"true\" class=\"wp-block-spacer\"><\/div>\n\n\n\n<div class=\"wp-block-columns max-w-screen-xl w-full is-wide px-0 md:px-8 is-layout-flex wp-container-core-columns-is-layout-9d6595d7 wp-block-columns-is-layout-flex\">\n<div class=\"wp-block-column is-layout-flow wp-block-column-is-layout-flow\">\n<div class=\"wp-block-cover is-light\"><img decoding=\"async\" width=\"1911\" height=\"901\" class=\"wp-block-cover__image-background wp-image-11458\" alt=\"image of our facility in Kawagoe\" src=\"https:\/\/adragos-pharma.com\/wp-content\/uploads\/2024\/08\/Kawagoe-New-Logo.jpg\" data-object-fit=\"cover\" srcset=\"https:\/\/adragos-pharma.com\/wp-content\/uploads\/2024\/08\/Kawagoe-New-Logo.jpg 1911w, https:\/\/adragos-pharma.com\/wp-content\/uploads\/2024\/08\/Kawagoe-New-Logo-300x141.jpg 300w, https:\/\/adragos-pharma.com\/wp-content\/uploads\/2024\/08\/Kawagoe-New-Logo-1024x483.jpg 1024w, https:\/\/adragos-pharma.com\/wp-content\/uploads\/2024\/08\/Kawagoe-New-Logo-768x362.jpg 768w, https:\/\/adragos-pharma.com\/wp-content\/uploads\/2024\/08\/Kawagoe-New-Logo-1536x724.jpg 1536w\" sizes=\"(max-width: 1911px) 100vw, 1911px\" \/><span aria-hidden=\"true\" class=\"wp-block-cover__background has-background-dim\" style=\"background-color:#a8a597\"><\/span><div class=\"wp-block-cover__inner-container is-layout-constrained wp-block-cover-is-layout-constrained\">\n<div class=\"wp-block-columns is-layout-flex wp-container-core-columns-is-layout-9d6595d7 wp-block-columns-is-layout-flex\">\n<div class=\"wp-block-column has-background is-layout-flow wp-block-column-is-layout-flow\" style=\"background-color:#ced4f994;padding-top:30px;padding-right:30px;padding-bottom:30px;padding-left:30px\">\n<h2 class=\"wp-block-heading\"><strong>Notre R\u00e9seau de production de &nbsp;Formes Orales Solides<\/strong><\/h2>\n\n\n\n<p>Notre site de Kawagoe, au Japon, est sp\u00e9cialis\u00e9 dans les comprim\u00e9s nus non enrob\u00e9s, les comprim\u00e9s pellicul\u00e9s, les comprim\u00e9s orodispersibles (ODT) et les comprim\u00e9s bicouches.<\/p>\n\n\n\n<ul class=\"wp-block-list\">\n<li><strong>Technologie :<\/strong> Granulation et compression de comprim\u00e9s pillulage, comprim\u00e9s Orodispersibles et comprim\u00e9s Bicouches&nbsp;<\/li>\n\n\n\n<li><strong>Capacit\u00e9 de fabrication :<\/strong> 2 milliards par an&nbsp;<\/li>\n\n\n\n<li><strong>Capacit\u00e9s de Conditionnement :<\/strong> 2 milliards par an&nbsp;<\/li>\n<\/ul>\n\n\n\n<div class=\"wp-block-buttons is-layout-flex wp-block-buttons-is-layout-flex\">\n<div class=\"wp-block-button\"><a class=\"wp-block-button__link has-dark-blue-background-color has-background wp-element-button\" href=\"https:\/\/adragos-pharma.com\/fr\/kawagoe-japon\/\">Localiser<\/a><\/div>\n<\/div>\n<\/div>\n\n\n\n<div class=\"wp-block-column is-layout-flow wp-block-column-is-layout-flow\" style=\"padding-top:30px;padding-right:30px;padding-bottom:30px;padding-left:30px\">\n<p><\/p>\n<\/div>\n<\/div>\n<\/div><\/div>\n<\/div>\n<\/div><style>\n            .wp-block-columns.is-wide {\n\t\t\t\tmax-width: 1280px!important;\n\t\t\t\tmargin-left: auto!important;\n\t\t\t\tmargin-right: auto!important;\n            }\n        <\/style>\n\n\n\n<div style=\"height:45px\" aria-hidden=\"true\" class=\"wp-block-spacer\"><\/div>\n\n\n        <section class=\"tw-mx-auto tw-max-w-screen-xl tw-px-8 tw-py-20\">\n            <header class=\"tw-flex tw-flex-col md:tw-flex-row lg:tw-items-center tw-justify-between tw-pb-20\">\n                <h2 class=\"tw-flex tw-gap-3 text-secondary tw-items-center lg:tw-w-1\/3 lg:tw-pr-12 tw-mb-6\">\n                    <svg width=\"27\" height=\"3\" viewBox=\"0 0 27 3\" fill=\"none\" xmlns=\"http:\/\/www.w3.org\/2000\/svg\">\n                        <rect width=\"27\" height=\"3\" fill=\"#8696FE\" \/>\n                    <\/svg>\n                    <a href=\"\">Adragos Hub<\/a>\n                <\/h2>\n                <p class=\"font-RobotoSlab tw-text-lg xl:tw-text-xl tw-font-light lg:tw-w-2\/3 lg:tw-pl-32\">\n                    D\u00e9couvrez-en plus sur les formes orales solides.                <\/p>\n            <\/header>\n\t\t\t<div class=\"tw-grid tw-grid-cols-1 lg:tw-grid-cols-2 tw-gap-6\">\n\t\t\t\t\t\t\t\t\t<div class=\"tw-relative tw-rounded-xl tw-overflow-hidden tw-min-h-60 tw-mb-6\">\n\t\t\t\t\t\t<img decoding=\"async\" src=\"https:\/\/adragos-pharma.com\/wp-content\/uploads\/2025\/04\/Adragos-Pharma-Leipzig-2024-13-1024x480.jpg\" alt=\"Fabrication commerciale : tout ce que vous devez savoir\" class=\"tw-object-cover tw-absolute\" \/>\n\t\t\t\t\t\t<div class=\"tw-absolute tw-bottom-0 tw-max-w-96 tw-bg-lightslate tw-backdrop-blur-[12px] tw-p-6 tw-rounded-tr-xl tw-w-full\">\n\t\t\t\t\t\t\t<p class=\"text-primary tw-text-xs tw-font-medium tw-tracking-widest tw-uppercase tw-pb-1\">Blog<\/p>\n\t\t\t\t\t\t\t<h3 class=\"tw-text-white tw-text-lg hover:tw-underline\">\n\t\t\t\t\t\t\t\t<a href=\"https:\/\/adragos-pharma.com\/fr\/fabrication-commerciale-tout-ce-que-vous-devez-savoir\/\">Fabrication commerciale : tout ce que vous devez savoir<\/a>\n\t\t\t\t\t\t\t<\/h3>\n\t\t\t\t\t\t<\/div>\n\t\t\t\t\t<\/div>\n\t\t\t\t\t\t\t\t\t<div class=\"tw-relative tw-rounded-xl tw-overflow-hidden tw-min-h-60 tw-mb-6\">\n\t\t\t\t\t\t<img decoding=\"async\" src=\"https:\/\/adragos-pharma.com\/wp-content\/uploads\/2024\/08\/Adragos-Pharma-8-1024x480.jpg\" alt=\"Comprim\u00e9s \u00e0 lib\u00e9ration modifi\u00e9e : contr\u00f4le am\u00e9lior\u00e9 des m\u00e9dicaments\" class=\"tw-object-cover tw-absolute\" \/>\n\t\t\t\t\t\t<div class=\"tw-absolute tw-bottom-0 tw-max-w-96 tw-bg-lightslate tw-backdrop-blur-[12px] tw-p-6 tw-rounded-tr-xl tw-w-full\">\n\t\t\t\t\t\t\t<p class=\"text-primary tw-text-xs tw-font-medium tw-tracking-widest tw-uppercase tw-pb-1\">Blog<\/p>\n\t\t\t\t\t\t\t<h3 class=\"tw-text-white tw-text-lg hover:tw-underline\">\n\t\t\t\t\t\t\t\t<a href=\"https:\/\/adragos-pharma.com\/fr\/comprimes-a-liberation-modifiee-controle-ameliore-des-medicaments\/\">Comprim\u00e9s \u00e0 lib\u00e9ration modifi\u00e9e : contr\u00f4le am\u00e9lior\u00e9 des m\u00e9dicaments<\/a>\n\t\t\t\t\t\t\t<\/h3>\n\t\t\t\t\t\t<\/div>\n\t\t\t\t\t<\/div>\n\t\t\t\t\t\t\t\t\t<div class=\"tw-relative tw-rounded-xl tw-overflow-hidden tw-min-h-60 tw-mb-6\">\n\t\t\t\t\t\t<img decoding=\"async\" src=\"https:\/\/adragos-pharma.com\/wp-content\/uploads\/2024\/08\/Adragos-Pharma-8-1024x480.jpg\" alt=\"Fabrication de formes orales solides : aper\u00e7u, processus et d\u00e9fis\" class=\"tw-object-cover tw-absolute\" \/>\n\t\t\t\t\t\t<div class=\"tw-absolute tw-bottom-0 tw-max-w-96 tw-bg-lightslate tw-backdrop-blur-[12px] tw-p-6 tw-rounded-tr-xl tw-w-full\">\n\t\t\t\t\t\t\t<p class=\"text-primary tw-text-xs tw-font-medium tw-tracking-widest tw-uppercase tw-pb-1\">Blog<\/p>\n\t\t\t\t\t\t\t<h3 class=\"tw-text-white tw-text-lg hover:tw-underline\">\n\t\t\t\t\t\t\t\t<a href=\"https:\/\/adragos-pharma.com\/fr\/fabrication-de-formes-orales-solides-apercu-processus-et-defis\/\">Fabrication de formes orales solides : aper\u00e7u, processus et d\u00e9fis<\/a>\n\t\t\t\t\t\t\t<\/h3>\n\t\t\t\t\t\t<\/div>\n\t\t\t\t\t<\/div>\n\t\t\t\t\t\t\t\t\t<div class=\"tw-relative tw-rounded-xl tw-overflow-hidden tw-min-h-60 tw-mb-6\">\n\t\t\t\t\t\t<img decoding=\"async\" src=\"https:\/\/adragos-pharma.com\/wp-content\/uploads\/2024\/08\/Adragos-Pharma-goes-to-CPHI-Milano-5-1024x480.jpg\" alt=\"Adragos \u00e0 CPHI Milan 2024\" class=\"tw-object-cover tw-absolute\" \/>\n\t\t\t\t\t\t<div class=\"tw-absolute tw-bottom-0 tw-max-w-96 tw-bg-lightslate tw-backdrop-blur-[12px] tw-p-6 tw-rounded-tr-xl tw-w-full\">\n\t\t\t\t\t\t\t<p class=\"text-primary tw-text-xs tw-font-medium tw-tracking-widest tw-uppercase tw-pb-1\">\u00c9v\u00e9nements<\/p>\n\t\t\t\t\t\t\t<h3 class=\"tw-text-white tw-text-lg hover:tw-underline\">\n\t\t\t\t\t\t\t\t<a href=\"https:\/\/adragos-pharma.com\/fr\/adragos-a-cphi-milan-2024\/\">Adragos \u00e0 CPHI Milan 2024<\/a>\n\t\t\t\t\t\t\t<\/h3>\n\t\t\t\t\t\t<\/div>\n\t\t\t\t\t<\/div>\n\t\t\t\t\t\t\t<\/div>\n\n        <\/section>\n        \n\n\n\n<div style=\"height:45px\" aria-hidden=\"true\" class=\"wp-block-spacer\"><\/div>\n\n\n\n<section class=\"wp-block-adragos-blocks-footer-cta max-w-screen-lg bg-light mx-8 md:mx-auto px-8 py-12 text-center mt-3 mb-12 md:mb-16 rounded-xl\"><h2 class=\"\">Contactez-Nous<\/h2><p class=\"subtitle font-light m-auto max-w-screen-sm py-6\">Pour plus de d\u00e9tails sur notre entreprise et nos services, n\u2019h\u00e9sitez pas \u00e0 contacter notre \u00e9quipe.<\/p><div class=\"flex flex-col md:flex-row justify-center gap-4\"><a href=\"https:\/\/adragos-pharma.com\/fr\/nous-contacter\/?utm_campaign=MK_website_contactUs&#038;utm_source=website_tablets\" class=\"cta-link inline-block adragos-button text-white has-primary-background-color text-center\">Envoyer un message<\/a><a href=\"https:\/\/meetings-eu1.hubspot.com\/lydia-marinou?ref=oral-solids-fr-button\" class=\"cta-link2 inline-block adragos-button text-white has-secondary-background-color text-center\" target=\"_blank\" rel=\"noopener\">Planifier une r\u00e9union<\/a><\/div><\/section>\n","protected":false},"excerpt":{"rendered":"<p>Nous sommes experts dans la fabrication de comprim\u00e9s solides oraux de haute qualit\u00e9, allient une technologie de pointe et des d\u00e9cennies d&rsquo;exp\u00e9rience.&nbsp;Notre installation de pointe est \u00e9quip\u00e9e pour la granulation, la compression et l\u2019enrobage pelliculaire ultra pr\u00e9cis via des processus [&hellip;]<\/p>\n","protected":false},"author":1,"featured_media":0,"parent":7021,"menu_order":0,"comment_status":"closed","ping_status":"closed","template":"","meta":{"content-type":"","inline_featured_image":false,"footnotes":""},"class_list":["post-10389","page","type-page","status-publish","hentry"],"_links":{"self":[{"href":"https:\/\/adragos-pharma.com\/fr\/wp-json\/wp\/v2\/pages\/10389","targetHints":{"allow":["GET"]}}],"collection":[{"href":"https:\/\/adragos-pharma.com\/fr\/wp-json\/wp\/v2\/pages"}],"about":[{"href":"https:\/\/adragos-pharma.com\/fr\/wp-json\/wp\/v2\/types\/page"}],"author":[{"embeddable":true,"href":"https:\/\/adragos-pharma.com\/fr\/wp-json\/wp\/v2\/users\/1"}],"replies":[{"embeddable":true,"href":"https:\/\/adragos-pharma.com\/fr\/wp-json\/wp\/v2\/comments?post=10389"}],"version-history":[{"count":21,"href":"https:\/\/adragos-pharma.com\/fr\/wp-json\/wp\/v2\/pages\/10389\/revisions"}],"predecessor-version":[{"id":20745,"href":"https:\/\/adragos-pharma.com\/fr\/wp-json\/wp\/v2\/pages\/10389\/revisions\/20745"}],"up":[{"embeddable":true,"href":"https:\/\/adragos-pharma.com\/fr\/wp-json\/wp\/v2\/pages\/7021"}],"wp:attachment":[{"href":"https:\/\/adragos-pharma.com\/fr\/wp-json\/wp\/v2\/media?parent=10389"}],"curies":[{"name":"wp","href":"https:\/\/api.w.org\/{rel}","templated":true}]}}