{"id":10393,"date":"2024-03-11T12:18:29","date_gmt":"2024-03-11T10:18:29","guid":{"rendered":"https:\/\/adragos-pharma.com\/?page_id=10393"},"modified":"2025-10-28T12:26:48","modified_gmt":"2025-10-28T10:26:48","slug":"formes-semi-solids","status":"publish","type":"page","link":"https:\/\/adragos-pharma.com\/fr\/production-commerciale\/formes-semi-solids\/","title":{"rendered":"Formes Semi-Solides"},"content":{"rendered":"\n<section class=\"wp-block-adragos-blocks-header relative has-primary-background-color bg-pattern bg-cover max-w-full bg-bottom px-3 pt-10 pb-44 md:pt-16 md:pb-44 has-secondary-background-color has-background\"><div class=\"relative z-30 max-w-screen-xl px-6 m-auto\"><nav class=\"flex mb-4\" aria-label=\"Breadcrumb\"><ol class=\"inline-flex items-center space-x-1 md:space-x-2 rtl:space-x-reverse\"><li class=\"inline-flex items-center\"><a href=\"https:\/\/adragos-pharma.com\/fr\/\" class=\"inline-flex items-center text-sm font-medium text-white hover:text-primary\"><svg class=\"w-3 h-3 me-2.5\" aria-hidden=\"true\" xmlns=\"http:\/\/www.w3.org\/2000\/svg\" fill=\"currentColor\" viewBox=\"0 0 20 20\"><path d=\"m19.707 9.293-2-2-7-7a1 1 0 0 0-1.414 0l-7 7-2 2a1 1 0 0 0 1.414 1.414L2 10.414V18a2 2 0 0 0 2 2h3a1 1 0 0 0 1-1v-4a1 1 0 0 1 1-1h2a1 1 0 0 1 1 1v4a1 1 0 0 0 1 1h3a2 2 0 0 0 2-2v-7.586l.293.293a1 1 0 0 0 1.414-1.414Z\"><\/path><\/svg>Home<\/a><\/li><li><div class=\"flex items-center\"><svg class=\"rtl:rotate-180 w-3 h-3 text-white mx-1\" aria-hidden=\"true\" xmlns=\"http:\/\/www.w3.org\/2000\/svg\" fill=\"none\" viewBox=\"0 0 6 10\"><path stroke=\"currentColor\" stroke-linecap=\"round\" stroke-linejoin=\"round\" stroke-width=\"2\" d=\"m1 9 4-4-4-4\"><\/path><\/svg><a href=\"https:\/\/adragos-pharma.com\/fr\/production-commerciale\/\" class=\"ms-1 text-sm font-medium text-white hover:text-primary md:ms-2\">Production Commerciale<\/a><\/div><\/li><li class=\"hidden md:inline-block\" aria-current=\"page\"><div class=\"flex items-center\"><svg class=\"rtl:rotate-180 w-3 h-3 text-white mx-1\" aria-hidden=\"true\" xmlns=\"http:\/\/www.w3.org\/2000\/svg\" fill=\"none\" viewBox=\"0 0 6 10\"><path stroke=\"currentColor\" stroke-linecap=\"round\" stroke-linejoin=\"round\" stroke-width=\"2\" d=\"m1 9 4-4-4-4\"><\/path><\/svg><span class=\"ms-1 text-sm font-medium text-white md:ms-2\">Formes Semi-Solides<\/span><\/div><\/li><\/ol><\/nav><h1 class=\"text-3xl md:text-4xl text-white\">Formes Semi-Solides<\/h1><\/div><div class=\"bg-wave absolute left-0 bottom-0 h-52 bg-repeat-x bg-[center_bottom] w-full\"><\/div><\/section>\n\n\n\n<div class=\"wp-block-columns max-w-screen-xl w-full is-wide px-0 md:px-8 is-layout-flex wp-container-core-columns-is-layout-9d6595d7 wp-block-columns-is-layout-flex\">\n<div class=\"wp-block-column is-layout-flow wp-block-column-is-layout-flow\">\n<p>Nous sommes sp\u00e9cialis\u00e9s dans la fabrication de produits semi-solides de haute qualit\u00e9 sur nos sites de Leipzig (Allemagne) et Halden (Norv\u00e8ge). Notre expertise couvre l&rsquo;ensemble du cycle de vie de la fabrication des produits semi-solides, de la formulation au conditionnement support\u00e9s tout le long par &nbsp;des tests rigoureux et dans le respect des attentes r\u00e9glementaires mondiales<\/p>\n<\/div>\n<\/div><style>\n            .wp-block-columns.is-wide {\n\t\t\t\tmax-width: 1280px!important;\n\t\t\t\tmargin-left: auto!important;\n\t\t\t\tmargin-right: auto!important;\n            }\n        <\/style>\n\n\n\n<div class=\"wp-block-columns max-w-screen-xl w-full is-wide px-0 md:px-8 is-layout-flex wp-container-core-columns-is-layout-9d6595d7 wp-block-columns-is-layout-flex\" id=\"fr-cremes\">\n<div class=\"wp-block-column is-layout-flow wp-block-column-is-layout-flow\" style=\"flex-basis:33.33%\"><div class=\"wp-block-image\">\n<figure class=\"aligncenter size-full is-resized\"><img decoding=\"async\" width=\"385\" height=\"385\" src=\"https:\/\/adragos-pharma.com\/wp-content\/uploads\/2025\/04\/cream.png\" alt=\"\" class=\"wp-image-16645\" style=\"width:114px;height:auto\" srcset=\"https:\/\/adragos-pharma.com\/wp-content\/uploads\/2025\/04\/cream.png 385w, https:\/\/adragos-pharma.com\/wp-content\/uploads\/2025\/04\/cream-300x300.png 300w, https:\/\/adragos-pharma.com\/wp-content\/uploads\/2025\/04\/cream-150x150.png 150w\" sizes=\"(max-width: 385px) 100vw, 385px\" \/><\/figure>\n<\/div>\n\n\n<h2 class=\"wp-block-heading has-text-align-center\"><strong>Cr\u00e8mes<\/strong><\/h2>\n<\/div>\n\n\n\n<div class=\"wp-block-column is-layout-flow wp-block-column-is-layout-flow\" style=\"flex-basis:66.66%\">\n<p>Les cr\u00e8mes sont des formulations semi-solides d&rsquo;huile et d&rsquo;eau con\u00e7ues pour une application facile et une absorption rapide. Utilis\u00e9es pour une administration topique et transdermique, nos cr\u00e8mes sont d\u00e9velopp\u00e9es pour garantir une excellente \u00e9talabilit\u00e9, une efficacit\u00e9 optimale et une bonne tol\u00e9rance cutan\u00e9e.&nbsp;<\/p>\n\n\n\n<ul class=\"wp-block-list\">\n<li>Conditionn\u00e9es en tubes d&rsquo;aluminium ou en plastique&nbsp;<\/li>\n\n\n\n<li>Excellente \u00e9talabilit\u00e9 et absorption cutan\u00e9e&nbsp;<\/li>\n\n\n\n<li>Adapt\u00e9es \u00e0 un usage pharmaceutique et cosm\u00e9tique&nbsp;<\/li>\n\n\n\n<li>\u00c9mulsions stabilis\u00e9es pour une dur\u00e9e de conservation prolong\u00e9e&nbsp;<\/li>\n\n\n\n<li>Optimis\u00e9es pour la tol\u00e9rance cutan\u00e9e et la lib\u00e9ration du principe actif &nbsp;<\/li>\n<\/ul>\n<\/div>\n<\/div><style>\n            .wp-block-columns.is-wide {\n\t\t\t\tmax-width: 1280px!important;\n\t\t\t\tmargin-left: auto!important;\n\t\t\t\tmargin-right: auto!important;\n            }\n        <\/style>\n\n\n\n<hr class=\"wp-block-separator has-text-color has-secondary-color has-alpha-channel-opacity has-secondary-background-color has-background\"\/>\n\n\n\n<div class=\"wp-block-columns max-w-screen-xl w-full is-wide px-0 md:px-8 is-layout-flex wp-container-core-columns-is-layout-9d6595d7 wp-block-columns-is-layout-flex\" id=\"fr-pommades\">\n<div class=\"wp-block-column is-layout-flow wp-block-column-is-layout-flow\" style=\"flex-basis:33.33%\"><div class=\"wp-block-image\">\n<figure class=\"aligncenter size-full is-resized\"><img decoding=\"async\" width=\"97\" height=\"97\" src=\"https:\/\/adragos-pharma.com\/wp-content\/uploads\/2025\/04\/Oinments.png\" alt=\"\" class=\"wp-image-16659\" style=\"width:114px;height:auto\"\/><\/figure>\n<\/div>\n\n\n<h2 class=\"wp-block-heading has-text-align-center\"><strong>Pommades<\/strong><\/h2>\n<\/div>\n\n\n\n<div class=\"wp-block-column is-layout-flow wp-block-column-is-layout-flow\" style=\"flex-basis:66.66%\">\n<p>Les pommades sont des pr\u00e9parations tr\u00e8s occlusives \u00e0 base d&rsquo;huile, utilis\u00e9es \u00e0 des fins protectrices, apaisantes ou m\u00e9dicinales. Nous formulons et produisons des pommades en mettant l&rsquo;accent sur la stabilit\u00e9, l&rsquo;homog\u00e9n\u00e9it\u00e9 et la lib\u00e9ration pr\u00e9cise du principe actif.&nbsp;<\/p>\n\n\n\n<ul class=\"wp-block-list\">\n<li>Con\u00e7ues pour un contact prolong\u00e9 avec la peau et une hydratation&nbsp;<\/li>\n\n\n\n<li>Matrice stable et homog\u00e8ne de principes actifs en suspension ou dissous&nbsp;<\/li>\n\n\n\n<li>Id\u00e9ales pour les peaux sensibles, la cicatrisation des plaies ou les affections chroniques&nbsp;<\/li>\n\n\n\n<li>Absence d\u2019eau lorsque n\u00e9cessaireAdapt\u00e9es aux formulations sur ordonnance (Rx) et en vente libre (OTC)&nbsp;<\/li>\n<\/ul>\n<\/div>\n<\/div><style>\n            .wp-block-columns.is-wide {\n\t\t\t\tmax-width: 1280px!important;\n\t\t\t\tmargin-left: auto!important;\n\t\t\t\tmargin-right: auto!important;\n            }\n        <\/style>\n\n\n\n<hr class=\"wp-block-separator has-text-color has-secondary-color has-alpha-channel-opacity has-secondary-background-color has-background\"\/>\n\n\n\n<div class=\"wp-block-columns max-w-screen-xl w-full is-wide px-0 md:px-8 is-layout-flex wp-container-core-columns-is-layout-9d6595d7 wp-block-columns-is-layout-flex\" id=\"fr-gels\">\n<div class=\"wp-block-column is-layout-flow wp-block-column-is-layout-flow\" style=\"flex-basis:33.33%\"><div class=\"wp-block-image\">\n<figure class=\"aligncenter size-full is-resized\"><img decoding=\"async\" width=\"97\" height=\"97\" src=\"https:\/\/adragos-pharma.com\/wp-content\/uploads\/2024\/04\/Gels-1.png\" alt=\"Semi-solids: Gels\" class=\"wp-image-3513\" style=\"width:117px;height:auto\"\/><\/figure>\n<\/div>\n\n\n<h2 class=\"wp-block-heading has-text-align-center\">Gels<\/h2>\n<\/div>\n\n\n\n<div class=\"wp-block-column is-layout-flow wp-block-column-is-layout-flow\" style=\"flex-basis:66.66%\">\n<p>Les gels sont des formulations \u00e0 base d&rsquo;eau ou d&rsquo;alcool offrant un effet rafra\u00eechissant et une absorption rapide. Leur texture non grasse les rend particuli\u00e8rement adapt\u00e9s pour les applications cosm\u00e9tiques, dermatologiques et pharmaceutiques. Nous produisons des gels aqueux et visqueux.&nbsp;<\/p>\n\n\n\n<ul class=\"wp-block-list\">\n<li>Syst\u00e8mes aqueux et hydroalcooliques&nbsp;<\/li>\n\n\n\n<li>Effet rafra\u00eechissant et p\u00e9n\u00e9tration dermique rapide&nbsp;<\/li>\n\n\n\n<li>Id\u00e9aux pour un usage dermatologique, musculo-squelettique ou cosm\u00e9tique&nbsp;<\/li>\n\n\n\n<li>Viscosit\u00e9 et rh\u00e9ologie personnalisables&nbsp;<\/li>\n\n\n\n<li>Conserv\u00e9s selon les normes de contr\u00f4le microbien&nbsp;<\/li>\n<\/ul>\n<\/div>\n<\/div><style>\n            .wp-block-columns.is-wide {\n\t\t\t\tmax-width: 1280px!important;\n\t\t\t\tmargin-left: auto!important;\n\t\t\t\tmargin-right: auto!important;\n            }\n        <\/style>\n\n\n\n<hr class=\"wp-block-separator has-text-color has-secondary-color has-alpha-channel-opacity has-secondary-background-color has-background\"\/>\n\n\n\n<div class=\"wp-block-columns max-w-screen-xl w-full is-wide px-0 md:px-8 is-layout-flex wp-container-core-columns-is-layout-9d6595d7 wp-block-columns-is-layout-flex\" id=\"fr-cicatrisantes\">\n<div class=\"wp-block-column is-layout-flow wp-block-column-is-layout-flow\" style=\"flex-basis:33.33%\"><div class=\"wp-block-image\">\n<figure class=\"aligncenter size-full is-resized\"><img decoding=\"async\" width=\"97\" height=\"97\" src=\"https:\/\/adragos-pharma.com\/wp-content\/uploads\/2025\/04\/Paste-1.png\" alt=\"\" class=\"wp-image-16652\" style=\"width:117px;height:auto\"\/><\/figure>\n<\/div>\n\n\n<h2 class=\"wp-block-heading has-text-align-center\"><strong>P\u00e2tes Cicatrisantes<\/strong><\/h2>\n<\/div>\n\n\n\n<div class=\"wp-block-column is-layout-flow wp-block-column-is-layout-flow\" style=\"flex-basis:66.66%\">\n<p>Les p\u00e2tes cicatrisantes sont des syst\u00e8mes semi-solides \u00e9pais contenant une forte concentration de mati\u00e8res solides. Elles assurent un contact cutan\u00e9 prolong\u00e9 et sont id\u00e9ales pour des fonctions protectrices ou r\u00e9paratrices\/cicatrisantes, notamment en soin des plaies ou en dermatologie.&nbsp;<\/p>\n\n\n\n<ul class=\"wp-block-list\">\n<li>Adh\u00e9rence durable \u00e0 la peau et aux zones affect\u00e9es&nbsp;<\/li>\n\n\n\n<li>Mobilit\u00e9 r\u00e9duite pour une action locale renforc\u00e9e&nbsp;<\/li>\n\n\n\n<li>Excellentes pour le soin des plaies et les affections inflammatoires&nbsp;<\/li>\n\n\n\n<li>Dispersion stable de composants insolubles&nbsp;<\/li>\n\n\n\n<li>Fabriqu\u00e9es selon des normes de contr\u00f4le qualit\u00e9 rigoureuses&nbsp;<\/li>\n<\/ul>\n<\/div>\n<\/div><style>\n            .wp-block-columns.is-wide {\n\t\t\t\tmax-width: 1280px!important;\n\t\t\t\tmargin-left: auto!important;\n\t\t\t\tmargin-right: auto!important;\n            }\n        <\/style>\n\n\n\n<div class=\"wp-block-columns max-w-screen-xl w-full is-wide px-0 md:px-8 is-layout-flex wp-container-core-columns-is-layout-9d6595d7 wp-block-columns-is-layout-flex\">\n<div class=\"wp-block-column is-layout-flow wp-block-column-is-layout-flow\">\n<h2 class=\"wp-block-heading has-text-align-center has-secondary-color has-text-color has-link-color wp-elements-3b9802cd598676692366560e7f934336\"><strong>Notre R\u00e9seau pour les Formes Semi-Solides<\/strong>&nbsp;<\/h2>\n\n\n\n<p class=\"has-text-align-center\">Nos sites de Leipzig et de Halden sont sp\u00e9cialis\u00e9s dans la production de formes semi-solides. Vous trouverez ci-dessous tous les d\u00e9tails.&nbsp;<\/p>\n<\/div>\n<\/div><style>\n            .wp-block-columns.is-wide {\n\t\t\t\tmax-width: 1280px!important;\n\t\t\t\tmargin-left: auto!important;\n\t\t\t\tmargin-right: auto!important;\n            }\n        <\/style>\n\n\n\n<div class=\"wp-block-columns max-w-screen-xl w-full is-wide px-0 md:px-8 is-layout-flex wp-container-core-columns-is-layout-9d6595d7 wp-block-columns-is-layout-flex\">\n<div class=\"wp-block-column is-layout-flow wp-block-column-is-layout-flow\">\n<div class=\"wp-block-group box-with-border purple\"><div class=\"wp-block-group__inner-container is-layout-constrained wp-block-group-is-layout-constrained\">\n<div class=\"wp-block-media-text is-stacked-on-mobile\"><figure class=\"wp-block-media-text__media\"><a class=\"https:\/\/adragos-pharma.com\/leipzig-germany\/\" href=\"https:\/\/adragos-pharma.com\/fr\/leipzig-allemagne\/\" target=\"_blank\" rel=\"https:\/\/adragos-pharma.com\/leipzig-germany\/\"><img decoding=\"async\" width=\"43\" height=\"32\" src=\"https:\/\/adragos-pharma.com\/wp-content\/uploads\/2024\/03\/Germany.svg\" alt=\"\" class=\"wp-image-270 size-full\"\/><\/a><\/figure><div class=\"wp-block-media-text__content\">\n<h3 class=\"wp-block-heading\">Leipzig, Allemagne<\/h3>\n\n\n\n<p>Notre site est sp\u00e9cialis\u00e9 dans les pommades, cr\u00e8mes, gels, p\u00e2tes cicatrisantes.&nbsp;<br>Taille des lots de 15 l \u00e0 1 250 l<br>Lignes de production : Lignes pour semi-solides Marchesini et Norden&nbsp;<br>Conditionnement primaire :<br>Tubes lamin\u00e9s et en plastique : 20 g \u2013 200 g&nbsp;<br>Tubes en aluminium : 2 g \u2013 150 g&nbsp;<\/p>\n\n\n\n<span class=\"text-primary font-bold text-4xl\">\u27f6<\/span>\n<\/div><\/div>\n<\/div><\/div>\n<\/div>\n\n\n\n<div class=\"wp-block-column is-layout-flow wp-block-column-is-layout-flow\">\n<div class=\"wp-block-group box-with-border\"><div class=\"wp-block-group__inner-container is-layout-constrained wp-block-group-is-layout-constrained\">\n<div class=\"wp-block-media-text is-stacked-on-mobile\"><figure class=\"wp-block-media-text__media\"><a class=\"https:\/\/adragos-pharma.com\/halden-norway\/\" href=\"https:\/\/adragos-pharma.com\/fr\/halden-norvege\/\" target=\"_blank\" rel=\" noreferrer noopener\"><img decoding=\"async\" width=\"43\" height=\"32\" src=\"https:\/\/adragos-pharma.com\/wp-content\/uploads\/2024\/03\/Norway.svg\" alt=\"\" class=\"wp-image-272 size-full\"\/><\/a><\/figure><div class=\"wp-block-media-text__content\">\n<h3 class=\"wp-block-heading\">Halden, Norv\u00e8ge<\/h3>\n\n\n\n<p>Le site est sp\u00e9cialis\u00e9 dans la production de gel intestinal.&nbsp;<br>Capacit\u00e9 : Cassette de 100 ml&nbsp;<br>Technologie : Solution visqueuse (gel) remplie dans une cassette en plastique comprenant une poche primaire en mat\u00e9riau EVA.&nbsp;<\/p>\n\n\n\n<div style=\"height:109px\" aria-hidden=\"true\" class=\"wp-block-spacer\"><\/div>\n\n\n\n<span class=\"text-primary font-bold text-4xl\">\u27f6<\/span>\n<\/div><\/div>\n<\/div><\/div>\n<\/div>\n<\/div><style>\n            .wp-block-columns.is-wide {\n\t\t\t\tmax-width: 1280px!important;\n\t\t\t\tmargin-left: auto!important;\n\t\t\t\tmargin-right: auto!important;\n            }\n        <\/style>\n\n\n        <section class=\"tw-mx-auto tw-max-w-screen-xl tw-px-8 tw-py-20\">\n            <header class=\"tw-flex tw-flex-col md:tw-flex-row lg:tw-items-center tw-justify-between tw-pb-20\">\n                <h2 class=\"tw-flex tw-gap-3 text-secondary tw-items-center lg:tw-w-1\/3 lg:tw-pr-12 tw-mb-6\">\n                    <svg width=\"27\" height=\"3\" viewBox=\"0 0 27 3\" fill=\"none\" xmlns=\"http:\/\/www.w3.org\/2000\/svg\">\n                        <rect width=\"27\" height=\"3\" fill=\"#8696FE\" \/>\n                    <\/svg>\n                    <a href=\"\">Adragos Hub<\/a>\n                <\/h2>\n                <p class=\"font-RobotoSlab tw-text-lg xl:tw-text-xl tw-font-light lg:tw-w-2\/3 lg:tw-pl-32\">\n                    D\u00e9couvrez-en plus sur les semi-solides.                <\/p>\n            <\/header>\n\t\t\t<div class=\"tw-grid tw-grid-cols-1 lg:tw-grid-cols-2 tw-gap-6\">\n\t\t\t\t\t\t\t\t\t<div class=\"tw-relative tw-rounded-xl tw-overflow-hidden tw-min-h-60 tw-mb-6\">\n\t\t\t\t\t\t<img decoding=\"async\" src=\"https:\/\/adragos-pharma.com\/wp-content\/uploads\/2025\/04\/Adragos-Pharma-Leipzig-2024-13-1024x480.jpg\" alt=\"Fabrication commerciale : tout ce que vous devez savoir\" class=\"tw-object-cover tw-absolute\" \/>\n\t\t\t\t\t\t<div class=\"tw-absolute tw-bottom-0 tw-max-w-96 tw-bg-lightslate tw-backdrop-blur-[12px] tw-p-6 tw-rounded-tr-xl tw-w-full\">\n\t\t\t\t\t\t\t<p class=\"text-primary tw-text-xs tw-font-medium tw-tracking-widest tw-uppercase tw-pb-1\">Blog<\/p>\n\t\t\t\t\t\t\t<h3 class=\"tw-text-white tw-text-lg hover:tw-underline\">\n\t\t\t\t\t\t\t\t<a href=\"https:\/\/adragos-pharma.com\/fr\/fabrication-commerciale-tout-ce-que-vous-devez-savoir\/\">Fabrication commerciale : tout ce que vous devez savoir<\/a>\n\t\t\t\t\t\t\t<\/h3>\n\t\t\t\t\t\t<\/div>\n\t\t\t\t\t<\/div>\n\t\t\t\t\t\t\t\t\t<div class=\"tw-relative tw-rounded-xl tw-overflow-hidden tw-min-h-60 tw-mb-6\">\n\t\t\t\t\t\t<img decoding=\"async\" src=\"https:\/\/adragos-pharma.com\/wp-content\/uploads\/2024\/08\/Adragos-Pharma-goes-to-CPHI-Milano-5-1024x480.jpg\" alt=\"Adragos \u00e0 CPHI Milan 2024\" class=\"tw-object-cover tw-absolute\" \/>\n\t\t\t\t\t\t<div class=\"tw-absolute tw-bottom-0 tw-max-w-96 tw-bg-lightslate tw-backdrop-blur-[12px] tw-p-6 tw-rounded-tr-xl tw-w-full\">\n\t\t\t\t\t\t\t<p class=\"text-primary tw-text-xs tw-font-medium tw-tracking-widest tw-uppercase tw-pb-1\">\u00c9v\u00e9nements<\/p>\n\t\t\t\t\t\t\t<h3 class=\"tw-text-white tw-text-lg hover:tw-underline\">\n\t\t\t\t\t\t\t\t<a href=\"https:\/\/adragos-pharma.com\/fr\/adragos-a-cphi-milan-2024\/\">Adragos \u00e0 CPHI Milan 2024<\/a>\n\t\t\t\t\t\t\t<\/h3>\n\t\t\t\t\t\t<\/div>\n\t\t\t\t\t<\/div>\n\t\t\t\t\t\t\t\t\t<div class=\"tw-relative tw-rounded-xl tw-overflow-hidden tw-min-h-60 tw-mb-6\">\n\t\t\t\t\t\t<img decoding=\"async\" src=\"https:\/\/adragos-pharma.com\/wp-content\/uploads\/2024\/08\/3Q4A7514-1024x480.jpg\" alt=\"M\u00e9dicaments \u00e0 petites mol\u00e9cules : guide &#038; choix du bon partenaire\" class=\"tw-object-cover tw-absolute\" \/>\n\t\t\t\t\t\t<div class=\"tw-absolute tw-bottom-0 tw-max-w-96 tw-bg-lightslate tw-backdrop-blur-[12px] tw-p-6 tw-rounded-tr-xl tw-w-full\">\n\t\t\t\t\t\t\t<p class=\"text-primary tw-text-xs tw-font-medium tw-tracking-widest tw-uppercase tw-pb-1\">Blog<\/p>\n\t\t\t\t\t\t\t<h3 class=\"tw-text-white tw-text-lg hover:tw-underline\">\n\t\t\t\t\t\t\t\t<a href=\"https:\/\/adragos-pharma.com\/fr\/medicaments-a-petites-molecules-guide-choix-du-bon-partenaire\/\">M\u00e9dicaments \u00e0 petites mol\u00e9cules : guide &#038; choix du bon partenaire<\/a>\n\t\t\t\t\t\t\t<\/h3>\n\t\t\t\t\t\t<\/div>\n\t\t\t\t\t<\/div>\n\t\t\t\t\t\t\t\t\t<div class=\"tw-relative tw-rounded-xl tw-overflow-hidden tw-min-h-60 tw-mb-6\">\n\t\t\t\t\t\t<img decoding=\"async\" src=\"https:\/\/adragos-pharma.com\/wp-content\/uploads\/2024\/05\/Adragos-Pharma-39-1024x480.jpg\" alt=\"Services de CDMO : meilleures solutions pour votre parcours pharma\" class=\"tw-object-cover tw-absolute\" \/>\n\t\t\t\t\t\t<div class=\"tw-absolute tw-bottom-0 tw-max-w-96 tw-bg-lightslate tw-backdrop-blur-[12px] tw-p-6 tw-rounded-tr-xl tw-w-full\">\n\t\t\t\t\t\t\t<p class=\"text-primary tw-text-xs tw-font-medium tw-tracking-widest tw-uppercase tw-pb-1\">Blog<\/p>\n\t\t\t\t\t\t\t<h3 class=\"tw-text-white tw-text-lg hover:tw-underline\">\n\t\t\t\t\t\t\t\t<a href=\"https:\/\/adragos-pharma.com\/fr\/services-de-cdmo-meilleures-solutions-pour-votre-parcours-pharma\/\">Services de CDMO : meilleures solutions pour votre parcours pharma<\/a>\n\t\t\t\t\t\t\t<\/h3>\n\t\t\t\t\t\t<\/div>\n\t\t\t\t\t<\/div>\n\t\t\t\t\t\t\t<\/div>\n\n        <\/section>\n        \n\n\n\n<div class=\"wp-block-columns is-layout-flex wp-container-core-columns-is-layout-9d6595d7 wp-block-columns-is-layout-flex\">\n<div class=\"wp-block-column is-layout-flow wp-block-column-is-layout-flow\">\n<section class=\"wp-block-adragos-blocks-footer-cta max-w-screen-lg bg-light mx-8 md:mx-auto px-8 py-12 text-center mt-3 mb-12 md:mb-16 rounded-xl\"><h2 class=\"\">Contactez-Nous<\/h2><p class=\"subtitle font-light m-auto max-w-screen-sm py-6\">Pour plus de d\u00e9tails sur notre entreprise et nos services, n\u2019h\u00e9sitez pas \u00e0 contacter notre \u00e9quipe.\u00a0<\/p><div class=\"flex flex-col md:flex-row justify-center gap-4\"><a href=\"https:\/\/adragos-pharma.com\/fr\/nous-contacter\/?utm_campaign=MK_website_contactUs&#038;utm_source=website_semisolids\" class=\"cta-link inline-block adragos-button text-white has-primary-background-color text-center\">Envoyer un message<\/a><a href=\"https:\/\/meetings-eu1.hubspot.com\/lydia-marinou?ref=semi-solids-fr-button\" class=\"cta-link2 inline-block adragos-button text-white has-secondary-background-color text-center\" target=\"_blank\" rel=\"noopener\">Planifier une r\u00e9union<\/a><\/div><\/section>\n<\/div>\n<\/div>\n\n\n\n<p><\/p>\n","protected":false},"excerpt":{"rendered":"<p>Nous sommes sp\u00e9cialis\u00e9s dans la fabrication de produits semi-solides de haute qualit\u00e9 sur nos sites de Leipzig (Allemagne) et Halden (Norv\u00e8ge). Notre expertise couvre l&rsquo;ensemble du cycle de vie de la fabrication des produits semi-solides, de la formulation au conditionnement [&hellip;]<\/p>\n","protected":false},"author":1,"featured_media":0,"parent":7021,"menu_order":0,"comment_status":"closed","ping_status":"closed","template":"","meta":{"content-type":"","inline_featured_image":false,"footnotes":""},"class_list":["post-10393","page","type-page","status-publish","hentry"],"_links":{"self":[{"href":"https:\/\/adragos-pharma.com\/fr\/wp-json\/wp\/v2\/pages\/10393","targetHints":{"allow":["GET"]}}],"collection":[{"href":"https:\/\/adragos-pharma.com\/fr\/wp-json\/wp\/v2\/pages"}],"about":[{"href":"https:\/\/adragos-pharma.com\/fr\/wp-json\/wp\/v2\/types\/page"}],"author":[{"embeddable":true,"href":"https:\/\/adragos-pharma.com\/fr\/wp-json\/wp\/v2\/users\/1"}],"replies":[{"embeddable":true,"href":"https:\/\/adragos-pharma.com\/fr\/wp-json\/wp\/v2\/comments?post=10393"}],"version-history":[{"count":32,"href":"https:\/\/adragos-pharma.com\/fr\/wp-json\/wp\/v2\/pages\/10393\/revisions"}],"predecessor-version":[{"id":23110,"href":"https:\/\/adragos-pharma.com\/fr\/wp-json\/wp\/v2\/pages\/10393\/revisions\/23110"}],"up":[{"embeddable":true,"href":"https:\/\/adragos-pharma.com\/fr\/wp-json\/wp\/v2\/pages\/7021"}],"wp:attachment":[{"href":"https:\/\/adragos-pharma.com\/fr\/wp-json\/wp\/v2\/media?parent=10393"}],"curies":[{"name":"wp","href":"https:\/\/api.w.org\/{rel}","templated":true}]}}