{"id":10397,"date":"2024-03-11T12:18:00","date_gmt":"2024-03-11T10:18:00","guid":{"rendered":"https:\/\/adragos-pharma.com\/?page_id=10397"},"modified":"2025-10-28T11:49:38","modified_gmt":"2025-10-28T09:49:38","slug":"liquides-non-steriles","status":"publish","type":"page","link":"https:\/\/adragos-pharma.com\/fr\/production-commerciale\/liquides-non-steriles\/","title":{"rendered":"Liquides Non St\u00e9riles"},"content":{"rendered":"\n<section class=\"wp-block-adragos-blocks-header relative has-primary-background-color bg-pattern bg-cover max-w-full bg-bottom px-3 pt-10 pb-44 md:pt-16 md:pb-44 has-secondary-background-color has-background\"><div class=\"relative z-30 max-w-screen-xl px-6 m-auto\"><nav class=\"flex mb-4\" aria-label=\"Breadcrumb\"><ol class=\"inline-flex items-center space-x-1 md:space-x-2 rtl:space-x-reverse\"><li class=\"inline-flex items-center\"><a href=\"https:\/\/adragos-pharma.com\/fr\/\" class=\"inline-flex items-center text-sm font-medium text-white hover:text-primary\"><svg class=\"w-3 h-3 me-2.5\" aria-hidden=\"true\" xmlns=\"http:\/\/www.w3.org\/2000\/svg\" fill=\"currentColor\" viewBox=\"0 0 20 20\"><path d=\"m19.707 9.293-2-2-7-7a1 1 0 0 0-1.414 0l-7 7-2 2a1 1 0 0 0 1.414 1.414L2 10.414V18a2 2 0 0 0 2 2h3a1 1 0 0 0 1-1v-4a1 1 0 0 1 1-1h2a1 1 0 0 1 1 1v4a1 1 0 0 0 1 1h3a2 2 0 0 0 2-2v-7.586l.293.293a1 1 0 0 0 1.414-1.414Z\"><\/path><\/svg>Home<\/a><\/li><li><div class=\"flex items-center\"><svg class=\"rtl:rotate-180 w-3 h-3 text-white mx-1\" aria-hidden=\"true\" xmlns=\"http:\/\/www.w3.org\/2000\/svg\" fill=\"none\" viewBox=\"0 0 6 10\"><path stroke=\"currentColor\" stroke-linecap=\"round\" stroke-linejoin=\"round\" stroke-width=\"2\" d=\"m1 9 4-4-4-4\"><\/path><\/svg><a href=\"https:\/\/adragos-pharma.com\/fr\/production-commerciale\/\" class=\"ms-1 text-sm font-medium text-white hover:text-primary md:ms-2\">Production Commerciale<\/a><\/div><\/li><li class=\"hidden md:inline-block\" aria-current=\"page\"><div class=\"flex items-center\"><svg class=\"rtl:rotate-180 w-3 h-3 text-white mx-1\" aria-hidden=\"true\" xmlns=\"http:\/\/www.w3.org\/2000\/svg\" fill=\"none\" viewBox=\"0 0 6 10\"><path stroke=\"currentColor\" stroke-linecap=\"round\" stroke-linejoin=\"round\" stroke-width=\"2\" d=\"m1 9 4-4-4-4\"><\/path><\/svg><span class=\"ms-1 text-sm font-medium text-white md:ms-2\">Liquides Non St\u00e9riles<\/span><\/div><\/li><\/ol><\/nav><h1 class=\"text-3xl md:text-4xl text-white\">Liquides Non St\u00e9riles<\/h1><\/div><div class=\"bg-wave absolute left-0 bottom-0 h-52 bg-repeat-x bg-[center_bottom] w-full\"><\/div><\/section>\n\n\n\n<div class=\"wp-block-columns max-w-screen-xl w-full is-wide px-0 md:px-8 is-layout-flex wp-container-core-columns-is-layout-9d6595d7 wp-block-columns-is-layout-flex\">\n<div class=\"wp-block-column is-layout-flow wp-block-column-is-layout-flow\">\n<p>Nous sommes sp\u00e9cialis\u00e9s dans la fabrication d&rsquo;une large gamme de produits liquides non st\u00e9riles con\u00e7us pour r\u00e9pondre \u00e0 vos besoins th\u00e9rapeutiques, r\u00e9glementaires et commerciaux. Chaque cat\u00e9gorie repr\u00e9sente des exigences sp\u00e9cifiques \u2013 nos capacit\u00e9s garantissent la qualit\u00e9, la s\u00e9curit\u00e9 et l&rsquo;efficacit\u00e9 dans chacun de ces cas.<\/p>\n<\/div>\n<\/div><style>\n            .wp-block-columns.is-wide {\n\t\t\t\tmax-width: 1280px!important;\n\t\t\t\tmargin-left: auto!important;\n\t\t\t\tmargin-right: auto!important;\n            }\n        <\/style>\n\n\n\n<div class=\"wp-block-columns max-w-screen-xl w-full is-wide px-0 md:px-8 is-layout-flex wp-container-core-columns-is-layout-9d6595d7 wp-block-columns-is-layout-flex\" id=\"fr-solutionsb\">\n<div class=\"wp-block-column is-layout-flow wp-block-column-is-layout-flow\" style=\"flex-basis:33.33%\"><div class=\"wp-block-image\">\n<figure class=\"aligncenter size-full\"><img decoding=\"async\" width=\"97\" height=\"97\" src=\"https:\/\/adragos-pharma.com\/wp-content\/uploads\/2024\/03\/Oral-Solutions.png\" alt=\"Non-sterile liquids: Oral solutions\" class=\"wp-image-3014\"\/><\/figure>\n<\/div>\n\n\n<h2 class=\"wp-block-heading has-text-align-center\"><strong>Solutions Buvables<\/strong><\/h2>\n<\/div>\n\n\n\n<div class=\"wp-block-column is-layout-flow wp-block-column-is-layout-flow\" style=\"flex-basis:66.66%\">\n<p>Les solutions buvables sont des formulations liquides claires et homog\u00e8nes con\u00e7ues pour une administration orale directe. Que ce soit pour un usage p\u00e9diatrique, g\u00e9riatrique ou pour la population g\u00e9n\u00e9rale, nous fabriquons des solutions buvables avec un dosage pr\u00e9cis et un excellent masquage du go\u00fbt. Nous g\u00e9rons diverses viscosit\u00e9s et profils de principes actifs, avec des options de remplissage en flacons en verre ou en plastique. Nous offrons :<\/p>\n\n\n\n<ul class=\"wp-block-list\">\n<li>Des proc\u00e9d\u00e9s de filtration haute clart\u00e9&nbsp;<\/li>\n\n\n\n<li>Une int\u00e9gration d&rsquo;\u00e9dulcorants et d&rsquo;ar\u00f4mes&nbsp;<\/li>\n\n\n\n<li>Une homog\u00e9n\u00e9it\u00e9 et stabilit\u00e9 constantes&nbsp;<\/li>\n\n\n\n<li>Des solutions adapt\u00e9es aux produits sur ordonnance (Rx) et en vente libre (OTC)&nbsp;<\/li>\n<\/ul>\n\n\n\n<hr class=\"wp-block-separator has-text-color has-secondary-color has-alpha-channel-opacity has-secondary-background-color has-background\"\/>\n<\/div>\n<\/div><style>\n            .wp-block-columns.is-wide {\n\t\t\t\tmax-width: 1280px!important;\n\t\t\t\tmargin-left: auto!important;\n\t\t\t\tmargin-right: auto!important;\n            }\n        <\/style>\n\n\n\n<div class=\"wp-block-columns max-w-screen-xl w-full is-wide px-0 md:px-8 is-layout-flex wp-container-core-columns-is-layout-9d6595d7 wp-block-columns-is-layout-flex\" id=\"fr-gouttes-b\">\n<div class=\"wp-block-column is-layout-flow wp-block-column-is-layout-flow\" style=\"flex-basis:33.33%\"><div class=\"wp-block-image\">\n<figure class=\"aligncenter size-full\"><img decoding=\"async\" width=\"97\" height=\"97\" src=\"https:\/\/adragos-pharma.com\/wp-content\/uploads\/2024\/03\/Drops.png\" alt=\"Non-sterile liquids: Drops\" class=\"wp-image-3016\"\/><\/figure>\n<\/div>\n\n\n<h2 class=\"wp-block-heading has-text-align-center\"><strong>Gouttes Buvables<\/strong><\/h2>\n<\/div>\n\n\n\n<div class=\"wp-block-column is-layout-flow wp-block-column-is-layout-flow\" style=\"flex-basis:66.66%\">\n<p>Les gouttes buvables sont des formulations liquides de faible volume et de haute pr\u00e9cision pour un dosage goutte \u00e0 goutte. Les gouttes buvables n\u00e9cessitent une formulation et un conditionnement soign\u00e9s pour garantir la pr\u00e9cision du dosage et le contr\u00f4le microbien. Nous proposonsdes services de d\u00e9veloppement de formulations adapt\u00e9es aux enfants et ou adapt\u00e9es aux actifs pharmaceutiques (AP) sensibles, &nbsp;avec des capacit\u00e9s couvrant \u00e0 la fois les march\u00e9s des m\u00e9dicaments sur ordonnance (Rx) et de la sant\u00e9 grand public (OTC)&nbsp;<\/p>\n\n\n\n<ul class=\"wp-block-list\">\n<li>Flacons compte-gouttes avec fermetures gradu\u00e9es&nbsp;<\/li>\n\n\n\n<li>Adapt\u00e9es aux populations p\u00e9diatriques et g\u00e9riatriques&nbsp;<\/li>\n\n\n\n<li>Gestion des liquides \u00e0 faible viscosit\u00e9Remplissage pr\u00e9cis etfermeture \u00e9tanche&nbsp;<\/li>\n\n\n\n<li>S\u00e9rialisation et conditionnement final en \u00e9tuis pliants&nbsp;<\/li>\n<\/ul>\n\n\n\n<hr class=\"wp-block-separator has-text-color has-secondary-color has-alpha-channel-opacity has-secondary-background-color has-background\"\/>\n<\/div>\n<\/div><style>\n            .wp-block-columns.is-wide {\n\t\t\t\tmax-width: 1280px!important;\n\t\t\t\tmargin-left: auto!important;\n\t\t\t\tmargin-right: auto!important;\n            }\n        <\/style>\n\n\n\n<div class=\"wp-block-columns max-w-screen-xl w-full is-wide px-0 md:px-8 is-layout-flex wp-container-core-columns-is-layout-9d6595d7 wp-block-columns-is-layout-flex\" id=\"fr-suspensions\">\n<div class=\"wp-block-column is-layout-flow wp-block-column-is-layout-flow\" style=\"flex-basis:33.33%\"><div class=\"wp-block-image\">\n<figure class=\"aligncenter size-full\"><img decoding=\"async\" width=\"97\" height=\"97\" src=\"https:\/\/adragos-pharma.com\/wp-content\/uploads\/2024\/03\/Suspensions.png\" alt=\"\" class=\"wp-image-3011\"\/><\/figure>\n<\/div>\n\n\n<h2 class=\"wp-block-heading has-text-align-center\">Suspensions<\/h2>\n<\/div>\n\n\n\n<div class=\"wp-block-column is-layout-flow wp-block-column-is-layout-flow\" style=\"flex-basis:66.66%\">\n<p>Les suspensions sont des syst\u00e8mes h\u00e9t\u00e9rog\u00e8nes o\u00f9 les actifs pharmaceutiques (AP) sont en suspension dans un vecteur liquide. Elles sont souvent privil\u00e9gi\u00e9es pour les m\u00e9dicaments peu solubles ou notamment pour les formulations p\u00e9diatriques afin de masquer &nbsp;le go\u00fbtNotre expertise en fabrication garantit une distribution optimale de la taille des particules, une stabilit\u00e9 physique robuste et une redispersibilit\u00e9 ais\u00e9e pendant toute la dur\u00e9e de conservation.&nbsp;<\/p>\n\n\n\n<ul class=\"wp-block-list\">\n<li>Syst\u00e8mes d&rsquo;homog\u00e9n\u00e9isation et de m\u00e9lange contr\u00f4l\u00e9&nbsp;<\/li>\n\n\n\n<li>Technologies robustes de mise en suspension des particules&nbsp;<\/li>\n\n\n\n<li>Personnalisation de l&rsquo;ar\u00f4me et de la rh\u00e9ologie&nbsp;<\/li>\n\n\n\n<li>Conditionn\u00e9es en flacons en verre ou en plastique avec \u00e9tiquettes \u00ab Agiter avant emploi \u00bb&nbsp;&nbsp;<\/li>\n<\/ul>\n\n\n\n<hr class=\"wp-block-separator has-text-color has-secondary-color has-alpha-channel-opacity has-secondary-background-color has-background\"\/>\n<\/div>\n<\/div><style>\n            .wp-block-columns.is-wide {\n\t\t\t\tmax-width: 1280px!important;\n\t\t\t\tmargin-left: auto!important;\n\t\t\t\tmargin-right: auto!important;\n            }\n        <\/style>\n\n\n\n<div class=\"wp-block-columns max-w-screen-xl w-full is-wide px-0 md:px-8 is-layout-flex wp-container-core-columns-is-layout-9d6595d7 wp-block-columns-is-layout-flex\" id=\"fr-emulsions\">\n<div class=\"wp-block-column is-layout-flow wp-block-column-is-layout-flow\" style=\"flex-basis:33.33%\"><div class=\"wp-block-image\">\n<figure class=\"aligncenter size-full is-resized\"><img decoding=\"async\" width=\"385\" height=\"385\" src=\"https:\/\/adragos-pharma.com\/wp-content\/uploads\/2025\/04\/Emulsions@4x.png\" alt=\"\" class=\"wp-image-16873\" style=\"object-fit:cover;width:94px;height:auto\" srcset=\"https:\/\/adragos-pharma.com\/wp-content\/uploads\/2025\/04\/Emulsions@4x.png 385w, https:\/\/adragos-pharma.com\/wp-content\/uploads\/2025\/04\/Emulsions@4x-300x300.png 300w, https:\/\/adragos-pharma.com\/wp-content\/uploads\/2025\/04\/Emulsions@4x-150x150.png 150w\" sizes=\"(max-width: 385px) 100vw, 385px\" \/><\/figure>\n<\/div>\n\n\n<h2 class=\"wp-block-heading has-text-align-center\"><strong>\u00c9mulsions<\/strong><\/h2>\n<\/div>\n\n\n\n<div class=\"wp-block-column is-layout-flow wp-block-column-is-layout-flow\" style=\"flex-basis:66.66%\">\n<p>Les \u00e9mulsions sont des syst\u00e8mes liquides biphasiques o\u00f9 les phases huileuse et aqueuse sont stabilis\u00e9es par des \u00e9mulsifiants appropri\u00e9s. Les \u00e9mulsions sont id\u00e9ales pour administrer des principes actifs lipophiles ou hydrophiles dans un format facile \u00e0 utiliser par le patient. Nous fabriquons des \u00e9mulsions huile-dans-eau (H\/E) et eau-dans-huile (E\/H) en mettant l&rsquo;accent sur la stabilit\u00e9 physique, l\u2019uniformit\u00e9 &nbsp;de la tailledes gouttelettes et la dur\u00e9e de conservation. Nos proc\u00e9d\u00e9s garantissent une \u00e9mulsification optimale, un contr\u00f4le microbiologique efficace et un rendu visuel et sensoriel soign\u00e9.&nbsp;<\/p>\n\n\n\n<ul class=\"wp-block-list\">\n<li>Syst\u00e8mes de m\u00e9lange \u00e0 haut cisaillement et d&rsquo;homog\u00e9n\u00e9isation&nbsp;<\/li>\n\n\n\n<li>Prise en charge des types d&rsquo;\u00e9mulsion H\/E et E\/H&nbsp;<\/li>\n\n\n\n<li>Optimisation des syst\u00e8mes d&rsquo;\u00e9mulsifiants et de conservateurs&nbsp;<\/li>\n\n\n\n<li>Adapt\u00e9 \u00e0 une utilisation orale ou topique&nbsp;<\/li>\n\n\n\n<li>Conditionnement dans divers formats de flacons (plastique\/verre) avec dispositifs de dosage en option<\/li>\n<\/ul>\n\n\n\n<hr class=\"wp-block-separator has-text-color has-secondary-color has-alpha-channel-opacity has-secondary-background-color has-background\"\/>\n<\/div>\n<\/div><style>\n            .wp-block-columns.is-wide {\n\t\t\t\tmax-width: 1280px!important;\n\t\t\t\tmargin-left: auto!important;\n\t\t\t\tmargin-right: auto!important;\n            }\n        <\/style>\n\n\n\n<div class=\"wp-block-columns max-w-screen-xl w-full is-wide px-0 md:px-8 is-layout-flex wp-container-core-columns-is-layout-9d6595d7 wp-block-columns-is-layout-flex\" id=\"fr-desinfection\">\n<div class=\"wp-block-column is-layout-flow wp-block-column-is-layout-flow\" style=\"flex-basis:33.33%\"><div class=\"wp-block-image\">\n<figure class=\"aligncenter size-full is-resized\"><img decoding=\"async\" width=\"97\" height=\"97\" src=\"https:\/\/adragos-pharma.com\/wp-content\/uploads\/2024\/03\/Disinfection.png\" alt=\"\" class=\"wp-image-3018\" style=\"object-fit:cover;width:94px;height:auto\"\/><\/figure>\n<\/div>\n\n\n<h2 class=\"wp-block-heading has-text-align-center\"><strong>D\u00e9sinfection<\/strong><\/h2>\n<\/div>\n\n\n\n<div class=\"wp-block-column is-layout-flow wp-block-column-is-layout-flow\" style=\"flex-basis:66.66%\">\n<p>Les d\u00e9sinfectants sont des produits antiseptiques et antimicrobiens non st\u00e9riles destin\u00e9s \u00e0 un usage topique ou environnemental. Nous produisons des d\u00e9sinfectants de haute qualit\u00e9, y compris des formulations \u00e0 base d\u2019alcool ou inflammables. Nos op\u00e9rations se d\u00e9roulent dans des conditions certifi\u00e9es ATEX, garantissant une manipulation s\u00e9curis\u00e9e, une production constante et une conformit\u00e9 r\u00e9glementaire pour les produits class\u00e9s comme m\u00e9dicaments ou biocides.&nbsp;<\/p>\n\n\n\n<ul class=\"wp-block-list\">\n<li>Extrusion de flacons (PE) r\u00e9alis\u00e9e en interne&nbsp;<\/li>\n\n\n\n<li>Formats de flacons de 25 ml \u00e0 1 000 ml&nbsp;<\/li>\n\n\n\n<li>\u00c9quipement conforme ATEX pour contenu inflammable&nbsp;<\/li>\n\n\n\n<li>Conforme aux BPF pour usage humain et sanitaire&nbsp;<\/li>\n\n\n\n<li>Assemblage final, \u00e9tiquetage et conditionnement en \u00e9tuis pliants<\/li>\n<\/ul>\n<\/div>\n<\/div><style>\n            .wp-block-columns.is-wide {\n\t\t\t\tmax-width: 1280px!important;\n\t\t\t\tmargin-left: auto!important;\n\t\t\t\tmargin-right: auto!important;\n            }\n        <\/style>\n\n\n\n<div class=\"wp-block-columns max-w-screen-xl w-full is-wide px-0 md:px-8 is-layout-flex wp-container-core-columns-is-layout-9d6595d7 wp-block-columns-is-layout-flex\">\n<div class=\"wp-block-column is-layout-flow wp-block-column-is-layout-flow\">\n<h2 class=\"wp-block-heading has-text-align-center has-secondary-color has-text-color has-link-color wp-elements-6356e37b175ec307968636788f58d498\"><strong>Notre R\u00e9seau pour les Liquides Non St\u00e9riles<\/strong>&nbsp;<\/h2>\n\n\n\n<p class=\"has-text-align-center\">Nos sites de Leipzig et de Halden sont sp\u00e9cialis\u00e9s dans la production de produits liquides non st\u00e9riles. Vous trouverez ci-dessous tous les d\u00e9tails.&nbsp;<\/p>\n<\/div>\n<\/div><style>\n            .wp-block-columns.is-wide {\n\t\t\t\tmax-width: 1280px!important;\n\t\t\t\tmargin-left: auto!important;\n\t\t\t\tmargin-right: auto!important;\n            }\n        <\/style>\n\n\n\n<div class=\"wp-block-columns max-w-screen-xl w-full is-wide px-0 md:px-8 is-layout-flex wp-container-core-columns-is-layout-9d6595d7 wp-block-columns-is-layout-flex\">\n<div class=\"wp-block-column is-layout-flow wp-block-column-is-layout-flow\">\n<div class=\"wp-block-group box-with-border purple\"><div class=\"wp-block-group__inner-container is-layout-constrained wp-block-group-is-layout-constrained\">\n<div class=\"wp-block-media-text is-stacked-on-mobile\"><figure class=\"wp-block-media-text__media\"><a class=\"https:\/\/adragos-pharma.com\/leipzig-germany\/\" href=\"https:\/\/adragos-pharma.com\/fr\/leipzig-allemagne\/\" target=\"_blank\" rel=\"https:\/\/adragos-pharma.com\/leipzig-germany\/\"><img decoding=\"async\" width=\"43\" height=\"32\" src=\"https:\/\/adragos-pharma.com\/wp-content\/uploads\/2024\/03\/Germany.svg\" alt=\"\" class=\"wp-image-270 size-full\"\/><\/a><\/figure><div class=\"wp-block-media-text__content\">\n<h3 class=\"wp-block-heading\">Leipzig, Allemagne<\/h3>\n\n\n\n<p>Notre site est votre partenaire de choix pour les solutions buvables, les gouttes, les suspensions et les \u00e9mulsions \u2013 de l&rsquo;\u00e9chelle pilote \u00e0 l\u2019\u00e9chelle commercialle.&nbsp;<br>Taille des lots jusqu&rsquo;\u00e0 4 000 l&nbsp;<\/p>\n\n\n\n<ul class=\"wp-block-list\">\n<li>Flacons en plastique et en verre de 20 ml \u00e0 700 ml&nbsp;<\/li>\n<\/ul>\n\n\n\n<ul class=\"wp-block-list\">\n<li>Assemblage final complet, \u00e9tiquetage et conditionnement en \u00e9tuis pliants&nbsp;<\/li>\n<\/ul>\n\n\n\n<p>Conforme aux BPF europ\u00e9ennes&nbsp;<\/p>\n\n\n\n<span class=\"text-primary font-bold text-4xl\">\u27f6<\/span>\n<\/div><\/div>\n<\/div><\/div>\n<\/div>\n\n\n\n<div class=\"wp-block-column is-layout-flow wp-block-column-is-layout-flow\">\n<div class=\"wp-block-group box-with-border\"><div class=\"wp-block-group__inner-container is-layout-constrained wp-block-group-is-layout-constrained\">\n<div class=\"wp-block-media-text is-stacked-on-mobile\"><figure class=\"wp-block-media-text__media\"><a class=\"https:\/\/adragos-pharma.com\/halden-norway\/\" href=\"https:\/\/adragos-pharma.com\/fr\/halden-norvege\/\" target=\"_blank\" rel=\" noreferrer noopener\"><img decoding=\"async\" width=\"43\" height=\"32\" src=\"https:\/\/adragos-pharma.com\/wp-content\/uploads\/2024\/03\/Norway.svg\" alt=\"\" class=\"wp-image-272 size-full\"\/><\/a><\/figure><div class=\"wp-block-media-text__content\">\n<h3 class=\"wp-block-heading\">Halden, Norv\u00e8ge<\/h3>\n\n\n\n<p>Sp\u00e9cialis\u00e9 dans les produits de d\u00e9sinfection non st\u00e9riles, le site est con\u00e7u pour une production s\u00fbre et conforme de formulations \u00e0 forte demande.<br>Taille des lots jusqu&rsquo;\u00e0 5 300 l&nbsp;<\/p>\n\n\n\n<ul class=\"wp-block-list\">\n<li>Formats de flacons de 25 ml \u00e0 1 000 ml&nbsp;<\/li>\n<\/ul>\n\n\n\n<ul class=\"wp-block-list\">\n<li>Assemblage final et conditionnement en \u00e9tuis pliants&nbsp;<\/li>\n<\/ul>\n\n\n\n<p>Conforme aux BPF europ\u00e9ennes pour les m\u00e9dicaments et les biocides.<\/p>\n\n\n\n<span class=\"text-primary font-bold text-4xl\">\u27f6<\/span>\n<\/div><\/div>\n<\/div><\/div>\n<\/div>\n<\/div><style>\n            .wp-block-columns.is-wide {\n\t\t\t\tmax-width: 1280px!important;\n\t\t\t\tmargin-left: auto!important;\n\t\t\t\tmargin-right: auto!important;\n            }\n        <\/style>\n\n\n        <section class=\"tw-mx-auto tw-max-w-screen-xl tw-px-8 tw-py-20\">\n            <header class=\"tw-flex tw-flex-col md:tw-flex-row lg:tw-items-center tw-justify-between tw-pb-20\">\n                <h2 class=\"tw-flex tw-gap-3 text-secondary tw-items-center lg:tw-w-1\/3 lg:tw-pr-12 tw-mb-6\">\n                    <svg width=\"27\" height=\"3\" viewBox=\"0 0 27 3\" fill=\"none\" xmlns=\"http:\/\/www.w3.org\/2000\/svg\">\n                        <rect width=\"27\" height=\"3\" fill=\"#8696FE\" \/>\n                    <\/svg>\n                    <a href=\"\">Adragos Hub<\/a>\n                <\/h2>\n                <p class=\"font-RobotoSlab tw-text-lg xl:tw-text-xl tw-font-light lg:tw-w-2\/3 lg:tw-pl-32\">\n                    D\u00e9couvrez-en plus sur les liquides non st\u00e9riles.                <\/p>\n            <\/header>\n\t\t\t<div class=\"tw-grid tw-grid-cols-1 lg:tw-grid-cols-2 tw-gap-6\">\n\t\t\t\t\t\t\t\t\t<div class=\"tw-relative tw-rounded-xl tw-overflow-hidden tw-min-h-60 tw-mb-6\">\n\t\t\t\t\t\t<img decoding=\"async\" src=\"https:\/\/adragos-pharma.com\/wp-content\/uploads\/2025\/04\/Adragos-Pharma-Leipzig-2024-13-1024x480.jpg\" alt=\"Fabrication commerciale : tout ce que vous devez savoir\" class=\"tw-object-cover tw-absolute\" \/>\n\t\t\t\t\t\t<div class=\"tw-absolute tw-bottom-0 tw-max-w-96 tw-bg-lightslate tw-backdrop-blur-[12px] tw-p-6 tw-rounded-tr-xl tw-w-full\">\n\t\t\t\t\t\t\t<p class=\"text-primary tw-text-xs tw-font-medium tw-tracking-widest tw-uppercase tw-pb-1\">Blog<\/p>\n\t\t\t\t\t\t\t<h3 class=\"tw-text-white tw-text-lg hover:tw-underline\">\n\t\t\t\t\t\t\t\t<a href=\"https:\/\/adragos-pharma.com\/fr\/fabrication-commerciale-tout-ce-que-vous-devez-savoir\/\">Fabrication commerciale : tout ce que vous devez savoir<\/a>\n\t\t\t\t\t\t\t<\/h3>\n\t\t\t\t\t\t<\/div>\n\t\t\t\t\t<\/div>\n\t\t\t\t\t\t\t\t\t<div class=\"tw-relative tw-rounded-xl tw-overflow-hidden tw-min-h-60 tw-mb-6\">\n\t\t\t\t\t\t<img decoding=\"async\" src=\"https:\/\/adragos-pharma.com\/wp-content\/uploads\/2024\/08\/Adragos-Pharma-goes-to-CPHI-Milano-5-1024x480.jpg\" alt=\"Adragos \u00e0 CPHI Milan 2024\" class=\"tw-object-cover tw-absolute\" \/>\n\t\t\t\t\t\t<div class=\"tw-absolute tw-bottom-0 tw-max-w-96 tw-bg-lightslate tw-backdrop-blur-[12px] tw-p-6 tw-rounded-tr-xl tw-w-full\">\n\t\t\t\t\t\t\t<p class=\"text-primary tw-text-xs tw-font-medium tw-tracking-widest tw-uppercase tw-pb-1\">\u00c9v\u00e9nements<\/p>\n\t\t\t\t\t\t\t<h3 class=\"tw-text-white tw-text-lg hover:tw-underline\">\n\t\t\t\t\t\t\t\t<a href=\"https:\/\/adragos-pharma.com\/fr\/adragos-a-cphi-milan-2024\/\">Adragos \u00e0 CPHI Milan 2024<\/a>\n\t\t\t\t\t\t\t<\/h3>\n\t\t\t\t\t\t<\/div>\n\t\t\t\t\t<\/div>\n\t\t\t\t\t\t\t\t\t<div class=\"tw-relative tw-rounded-xl tw-overflow-hidden tw-min-h-60 tw-mb-6\">\n\t\t\t\t\t\t<img decoding=\"async\" src=\"https:\/\/adragos-pharma.com\/wp-content\/uploads\/2024\/08\/3Q4A7514-1024x480.jpg\" alt=\"M\u00e9dicaments \u00e0 petites mol\u00e9cules : guide &#038; choix du bon partenaire\" class=\"tw-object-cover tw-absolute\" \/>\n\t\t\t\t\t\t<div class=\"tw-absolute tw-bottom-0 tw-max-w-96 tw-bg-lightslate tw-backdrop-blur-[12px] tw-p-6 tw-rounded-tr-xl tw-w-full\">\n\t\t\t\t\t\t\t<p class=\"text-primary tw-text-xs tw-font-medium tw-tracking-widest tw-uppercase tw-pb-1\">Blog<\/p>\n\t\t\t\t\t\t\t<h3 class=\"tw-text-white tw-text-lg hover:tw-underline\">\n\t\t\t\t\t\t\t\t<a href=\"https:\/\/adragos-pharma.com\/fr\/medicaments-a-petites-molecules-guide-choix-du-bon-partenaire\/\">M\u00e9dicaments \u00e0 petites mol\u00e9cules : guide &#038; choix du bon partenaire<\/a>\n\t\t\t\t\t\t\t<\/h3>\n\t\t\t\t\t\t<\/div>\n\t\t\t\t\t<\/div>\n\t\t\t\t\t\t\t\t\t<div class=\"tw-relative tw-rounded-xl tw-overflow-hidden tw-min-h-60 tw-mb-6\">\n\t\t\t\t\t\t<img decoding=\"async\" src=\"https:\/\/adragos-pharma.com\/wp-content\/uploads\/2024\/08\/Captura-de-pantalla-2024-08-12-171824-1024x480.png\" alt=\"Forme posologique centr\u00e9e patient : r\u00e9volution \u00e0 Ath\u00e8nes\" class=\"tw-object-cover tw-absolute\" \/>\n\t\t\t\t\t\t<div class=\"tw-absolute tw-bottom-0 tw-max-w-96 tw-bg-lightslate tw-backdrop-blur-[12px] tw-p-6 tw-rounded-tr-xl tw-w-full\">\n\t\t\t\t\t\t\t<p class=\"text-primary tw-text-xs tw-font-medium tw-tracking-widest tw-uppercase tw-pb-1\">Blog<\/p>\n\t\t\t\t\t\t\t<h3 class=\"tw-text-white tw-text-lg hover:tw-underline\">\n\t\t\t\t\t\t\t\t<a href=\"https:\/\/adragos-pharma.com\/fr\/forme-posologique-centree-patient-revolution-a-athenes\/\">Forme posologique centr\u00e9e patient : r\u00e9volution \u00e0 Ath\u00e8nes<\/a>\n\t\t\t\t\t\t\t<\/h3>\n\t\t\t\t\t\t<\/div>\n\t\t\t\t\t<\/div>\n\t\t\t\t\t\t\t<\/div>\n\n        <\/section>\n        \n\n\n\n<div class=\"wp-block-columns is-layout-flex wp-container-core-columns-is-layout-9d6595d7 wp-block-columns-is-layout-flex\">\n<div class=\"wp-block-column is-layout-flow wp-block-column-is-layout-flow\">\n<section class=\"wp-block-adragos-blocks-footer-cta max-w-screen-lg bg-light mx-8 md:mx-auto px-8 py-12 text-center mt-3 mb-12 md:mb-16 rounded-xl has-black-color has-text-color has-link-color wp-elements-7c33160c8d9c9dabfa01c9e7b18e1b35\"><h2 class=\"\">Contactez-Nous<\/h2><p class=\"subtitle font-light m-auto max-w-screen-sm py-6\">Pour plus de d\u00e9tails sur notre entreprise et nos services, n\u2019h\u00e9sitez pas \u00e0 contacter notre \u00e9quipe.\u00a0<\/p><div class=\"flex flex-col md:flex-row justify-center gap-4\"><a href=\"https:\/\/adragos-pharma.com\/fr\/nous-contacter\/?utm_campaign=MK_website_contactUs&#038;utm_source=website_nonsterileliquids\" class=\"cta-link inline-block adragos-button text-white has-primary-background-color text-center\">Envoyer un message<\/a><a href=\"https:\/\/meetings-eu1.hubspot.com\/lydia-marinou?ref=non-sterile-liquids-fr-button\" class=\"cta-link2 inline-block adragos-button text-white has-secondary-background-color text-center\" target=\"_blank\" rel=\"noopener\">Planifier une r\u00e9union<\/a><\/div><\/section>\n<\/div>\n<\/div>\n","protected":false},"excerpt":{"rendered":"<p>Nous sommes sp\u00e9cialis\u00e9s dans la fabrication d&rsquo;une large gamme de produits liquides non st\u00e9riles con\u00e7us pour r\u00e9pondre \u00e0 vos besoins th\u00e9rapeutiques, r\u00e9glementaires et commerciaux. Chaque cat\u00e9gorie repr\u00e9sente des exigences sp\u00e9cifiques \u2013 nos capacit\u00e9s garantissent la qualit\u00e9, la s\u00e9curit\u00e9 et l&rsquo;efficacit\u00e9 [&hellip;]<\/p>\n","protected":false},"author":1,"featured_media":0,"parent":7021,"menu_order":0,"comment_status":"closed","ping_status":"closed","template":"","meta":{"content-type":"","inline_featured_image":false,"footnotes":""},"class_list":["post-10397","page","type-page","status-publish","hentry"],"_links":{"self":[{"href":"https:\/\/adragos-pharma.com\/fr\/wp-json\/wp\/v2\/pages\/10397","targetHints":{"allow":["GET"]}}],"collection":[{"href":"https:\/\/adragos-pharma.com\/fr\/wp-json\/wp\/v2\/pages"}],"about":[{"href":"https:\/\/adragos-pharma.com\/fr\/wp-json\/wp\/v2\/types\/page"}],"author":[{"embeddable":true,"href":"https:\/\/adragos-pharma.com\/fr\/wp-json\/wp\/v2\/users\/1"}],"replies":[{"embeddable":true,"href":"https:\/\/adragos-pharma.com\/fr\/wp-json\/wp\/v2\/comments?post=10397"}],"version-history":[{"count":23,"href":"https:\/\/adragos-pharma.com\/fr\/wp-json\/wp\/v2\/pages\/10397\/revisions"}],"predecessor-version":[{"id":23079,"href":"https:\/\/adragos-pharma.com\/fr\/wp-json\/wp\/v2\/pages\/10397\/revisions\/23079"}],"up":[{"embeddable":true,"href":"https:\/\/adragos-pharma.com\/fr\/wp-json\/wp\/v2\/pages\/7021"}],"wp:attachment":[{"href":"https:\/\/adragos-pharma.com\/fr\/wp-json\/wp\/v2\/media?parent=10397"}],"curies":[{"name":"wp","href":"https:\/\/api.w.org\/{rel}","templated":true}]}}