{"id":10409,"date":"2024-03-11T12:17:17","date_gmt":"2024-03-11T10:17:17","guid":{"rendered":"https:\/\/adragos-pharma.com\/?page_id=10409"},"modified":"2026-04-01T00:04:59","modified_gmt":"2026-03-31T22:04:59","slug":"liquides-steriles","status":"publish","type":"page","link":"https:\/\/adragos-pharma.com\/fr\/production-commerciale\/liquides-steriles\/","title":{"rendered":"Liquides st\u00e9riles"},"content":{"rendered":"\n<section class=\"wp-block-adragos-blocks-header relative has-primary-background-color bg-pattern bg-cover max-w-full bg-bottom px-3 pt-10 pb-44 md:pt-16 md:pb-44 has-secondary-background-color has-background\"><div class=\"relative z-30 max-w-screen-xl px-6 m-auto\"><nav class=\"flex mb-4\" aria-label=\"Breadcrumb\"><ol class=\"inline-flex items-center space-x-1 md:space-x-2 rtl:space-x-reverse\"><li class=\"inline-flex items-center\"><a href=\"https:\/\/adragos-pharma.com\/fr\/\" class=\"inline-flex items-center text-sm font-medium text-white hover:text-primary\"><svg class=\"w-3 h-3 me-2.5\" aria-hidden=\"true\" xmlns=\"http:\/\/www.w3.org\/2000\/svg\" fill=\"currentColor\" viewBox=\"0 0 20 20\"><path d=\"m19.707 9.293-2-2-7-7a1 1 0 0 0-1.414 0l-7 7-2 2a1 1 0 0 0 1.414 1.414L2 10.414V18a2 2 0 0 0 2 2h3a1 1 0 0 0 1-1v-4a1 1 0 0 1 1-1h2a1 1 0 0 1 1 1v4a1 1 0 0 0 1 1h3a2 2 0 0 0 2-2v-7.586l.293.293a1 1 0 0 0 1.414-1.414Z\"><\/path><\/svg>Home<\/a><\/li><li><div class=\"flex items-center\"><svg class=\"rtl:rotate-180 w-3 h-3 text-white mx-1\" aria-hidden=\"true\" xmlns=\"http:\/\/www.w3.org\/2000\/svg\" fill=\"none\" viewBox=\"0 0 6 10\"><path stroke=\"currentColor\" stroke-linecap=\"round\" stroke-linejoin=\"round\" stroke-width=\"2\" d=\"m1 9 4-4-4-4\"><\/path><\/svg><a href=\"https:\/\/adragos-pharma.com\/fr\/production-commerciale\/\" class=\"ms-1 text-sm font-medium text-white hover:text-primary md:ms-2\">Commercial Manufacturing<\/a><\/div><\/li><li class=\"hidden md:inline-block\" aria-current=\"page\"><div class=\"flex items-center\"><svg class=\"rtl:rotate-180 w-3 h-3 text-white mx-1\" aria-hidden=\"true\" xmlns=\"http:\/\/www.w3.org\/2000\/svg\" fill=\"none\" viewBox=\"0 0 6 10\"><path stroke=\"currentColor\" stroke-linecap=\"round\" stroke-linejoin=\"round\" stroke-width=\"2\" d=\"m1 9 4-4-4-4\"><\/path><\/svg><span class=\"ms-1 text-sm font-medium text-white md:ms-2\">Sterile Liquids<\/span><\/div><\/li><\/ol><\/nav><h1 class=\"text-3xl md:text-4xl text-white\">Sterile Liquids<\/h1><\/div><div class=\"bg-wave absolute left-0 bottom-0 h-52 bg-repeat-x bg-[center_bottom] w-full\"><\/div><\/section>\n\n\n\n<div class=\"wp-block-columns max-w-screen-xl w-full is-wide px-0 md:px-8 is-layout-flex wp-container-core-columns-is-layout-9d6595d7 wp-block-columns-is-layout-flex\">\n<div class=\"wp-block-column is-layout-flow wp-block-column-is-layout-flow\">\n<p>Nous sommes sp\u00e9cialis\u00e9s dans la production de <strong>liquides st\u00e9riles et de produits aseptiques de haute qualit\u00e9<\/strong>, en particulier les <strong>seringues pr\u00e9remplies (PFS)<\/strong>, les <strong>ampoules<\/strong>, les <strong>flacons<\/strong> et les <strong>poches IV<\/strong>. Notre expertise garantit la conformit\u00e9 aux normes industrielles les plus strictes, offrant des solutions st\u00e9riles fiables et s\u00fbres. <\/p>\n\n\n\n<p>Le processus de fabrication est soigneusement con\u00e7u pour maintenir la st\u00e9rilit\u00e9, avec des m\u00e9thodes adapt\u00e9es aux exigences du produit, y compris le stockage en cha\u00eene du froid et les formulations st\u00e9riles hautement visqueuses. <\/p>\n\n\n\n<p>Avec cinq sites d\u00e9di\u00e9s aux liquides st\u00e9riles en Europe et en Asie, Adragos Pharma offre une <strong>port\u00e9e mondiale, une technologie de pointe et une qualit\u00e9 conforme aux BPF<\/strong> pour soutenir les programmes cliniques et commerciaux de nos partenaires pharmaceutiques et biotechnologiques. <\/p>\n<\/div>\n<\/div><style>\n            .wp-block-columns.is-wide {\n\t\t\t\tmax-width: 1280px!important;\n\t\t\t\tmargin-left: auto!important;\n\t\t\t\tmargin-right: auto!important;\n            }\n        <\/style>\n\n\n\n<div class=\"wp-block-columns max-w-screen-xl w-full is-wide px-0 md:px-8 is-layout-flex wp-container-core-columns-is-layout-9d6595d7 wp-block-columns-is-layout-flex\" id=\"pfss\">\n<div class=\"wp-block-column is-layout-flow wp-block-column-is-layout-flow\" style=\"flex-basis:33.33%\"><div class=\"wp-block-image\">\n<figure class=\"aligncenter size-full is-resized\"><img decoding=\"async\" width=\"289\" height=\"289\" src=\"https:\/\/adragos-pharma.com\/wp-content\/uploads\/2026\/03\/Syringe.png\" alt=\"\" class=\"wp-image-24526\" style=\"width:105px\" srcset=\"https:\/\/adragos-pharma.com\/wp-content\/uploads\/2026\/03\/Syringe.png 289w, https:\/\/adragos-pharma.com\/wp-content\/uploads\/2026\/03\/Syringe-150x150.png 150w\" sizes=\"(max-width: 289px) 100vw, 289px\" \/><\/figure>\n<\/div>\n\n\n<h2 class=\"wp-block-heading has-text-align-center\">Seringues pr\u00e9remplies (PFS)<\/h2>\n<\/div>\n\n\n\n<div class=\"wp-block-column is-layout-flow wp-block-column-is-layout-flow\" style=\"flex-basis:66.66%\">\n<p>De haute pr\u00e9cision et pr\u00eates \u00e0 l\u2019emploi, nos <strong>seringues pr\u00e9remplies<\/strong> sont con\u00e7ues pour les produits biopharmaceutiques, les vaccins et les injectables complexes, garantissant st\u00e9rilit\u00e9, pr\u00e9cision et facilit\u00e9 d\u2019administration. Disponibles en formats <strong>0,5 ml<\/strong> et <strong>1 ml<\/strong>, nos solutions PFS permettent une administration de m\u00e9dicaments efficace et conforme. <\/p>\n\n\n\n<ul class=\"wp-block-list\">\n<li>Deux lignes de remplissage \u00e0 grande vitesse avec technologie RABS<\/li>\n\n\n\n<li>Jusqu\u2019\u00e0 540 seringues par minute, 150 millions d\u2019unit\u00e9s par an<\/li>\n\n\n\n<li>Trois types de PFS : Standard, Preventis\u2122, Eris\u2122<\/li>\n\n\n\n<li>Syst\u00e8mes int\u00e9gr\u00e9s de pr\u00e9paration, de remplissage et de st\u00e9rilisation<\/li>\n\n\n\n<li>Environnements aseptiques contr\u00f4l\u00e9s pour les formulations complexes<\/li>\n\n\n\n<li>Qualit\u00e9 fiable, faibles niveaux de particules et disponibilit\u00e9 pour l\u2019approvisionnement mondial<\/li>\n<\/ul>\n<\/div>\n<\/div><style>\n            .wp-block-columns.is-wide {\n\t\t\t\tmax-width: 1280px!important;\n\t\t\t\tmargin-left: auto!important;\n\t\t\t\tmargin-right: auto!important;\n            }\n        <\/style>\n\n\n\n<hr class=\"wp-block-separator has-text-color has-primary-color has-alpha-channel-opacity has-primary-background-color has-background\"\/>\n\n\n\n<div class=\"wp-block-columns max-w-screen-xl w-full is-wide px-0 md:px-8 is-layout-flex wp-container-core-columns-is-layout-9d6595d7 wp-block-columns-is-layout-flex\" id=\"ampoules\">\n<div class=\"wp-block-column is-layout-flow wp-block-column-is-layout-flow\" style=\"flex-basis:33.33%\"><div class=\"wp-block-image\">\n<figure class=\"aligncenter size-full is-resized\"><img decoding=\"async\" width=\"97\" height=\"97\" src=\"https:\/\/adragos-pharma.com\/wp-content\/uploads\/2024\/04\/Ampoules.png\" alt=\"\" class=\"wp-image-3047\" style=\"width:105px;height:auto\"\/><\/figure>\n<\/div>\n\n\n<h2 class=\"wp-block-heading has-text-align-center\">Ampoules<\/h2>\n<\/div>\n\n\n\n<div class=\"wp-block-column is-layout-flow wp-block-column-is-layout-flow\" style=\"flex-basis:66.66%\">\n<p>Compactes et st\u00e9riles, nos <strong>ampoules<\/strong> sont con\u00e7ues pour la pr\u00e9cision et la fiabilit\u00e9 dans diverses applications m\u00e9dicales et pharmaceutiques. Disponibles en verre et en plastique, nos ampoules vont de <strong>1 \u00e0 30 ml<\/strong>, et sont fabriqu\u00e9es avec un engagement envers la qualit\u00e9 et la s\u00e9curit\u00e9.  <\/p>\n\n\n\n<ul class=\"wp-block-list\">\n<li>Protocoles de st\u00e9rilit\u00e9 stricts <\/li>\n\n\n\n<li>Techniques avanc\u00e9es de remplissage et de st\u00e9rilisation <\/li>\n\n\n\n<li>Processus d\u2019inspection complets : automatis\u00e9s, semi-manuels et manuels <\/li>\n\n\n\n<li>Id\u00e9al pour l\u2019administration d\u2019une dose unique <\/li>\n<\/ul>\n<\/div>\n<\/div><style>\n            .wp-block-columns.is-wide {\n\t\t\t\tmax-width: 1280px!important;\n\t\t\t\tmargin-left: auto!important;\n\t\t\t\tmargin-right: auto!important;\n            }\n        <\/style>\n\n\n\n<hr class=\"wp-block-separator has-text-color has-primary-color has-alpha-channel-opacity has-primary-background-color has-background\"\/>\n\n\n\n<div class=\"wp-block-columns max-w-screen-xl w-full is-wide px-0 md:px-8 is-layout-flex wp-container-core-columns-is-layout-9d6595d7 wp-block-columns-is-layout-flex\" id=\"vials\">\n<div class=\"wp-block-column is-layout-flow wp-block-column-is-layout-flow\" style=\"flex-basis:33.33%\"><div class=\"wp-block-image\">\n<figure class=\"aligncenter size-full\"><img decoding=\"async\" width=\"97\" height=\"97\" src=\"https:\/\/adragos-pharma.com\/wp-content\/uploads\/2024\/04\/VIALS.png\" alt=\"\" class=\"wp-image-3478\"\/><\/figure>\n<\/div>\n\n\n<h2 class=\"wp-block-heading has-text-align-center\">Flacons<\/h2>\n<\/div>\n\n\n\n<div class=\"wp-block-column is-layout-flow wp-block-column-is-layout-flow\" style=\"flex-basis:66.66%\">\n<p>Nos <strong>flacons<\/strong> sont adapt\u00e9s aux formulations liquides st\u00e9riles, offrant une qualit\u00e9 exceptionnelle et une garantie d\u2019absence de contamination. Disponibles dans des tailles allant de <strong>2 \u00e0 30 ml<\/strong>, nous utilisons la technologie de pointe Blow-Fill-Seal (BFS) ainsi que des m\u00e9thodes traditionnelles de production de flacons en verre pour r\u00e9pondre \u00e0 divers besoins.  <\/p>\n\n\n\n<ul class=\"wp-block-list\">\n<li>Blow-Fill-Seal (BFS) et production conventionnelle en verre <\/li>\n\n\n\n<li>Adapt\u00e9 \u00e0 une gamme d\u2019applications pharmaceutiques <\/li>\n\n\n\n<li>Scellage s\u00e9curis\u00e9 pour pr\u00e9venir la contamination <\/li>\n\n\n\n<li>Disponible pour la production en vrac et en petits lots <\/li>\n<\/ul>\n<\/div>\n<\/div><style>\n            .wp-block-columns.is-wide {\n\t\t\t\tmax-width: 1280px!important;\n\t\t\t\tmargin-left: auto!important;\n\t\t\t\tmargin-right: auto!important;\n            }\n        <\/style>\n\n\n\n<hr class=\"wp-block-separator has-text-color has-primary-color has-alpha-channel-opacity has-primary-background-color has-background\"\/>\n\n\n\n<div class=\"wp-block-columns max-w-screen-xl w-full is-wide px-0 md:px-8 is-layout-flex wp-container-core-columns-is-layout-9d6595d7 wp-block-columns-is-layout-flex\" id=\"ivbags\">\n<div class=\"wp-block-column is-layout-flow wp-block-column-is-layout-flow\" style=\"flex-basis:33.33%\"><div class=\"wp-block-image\">\n<figure class=\"aligncenter size-full\"><img decoding=\"async\" width=\"97\" height=\"97\" src=\"https:\/\/adragos-pharma.com\/wp-content\/uploads\/2024\/04\/IV-Bags.png\" alt=\"\" class=\"wp-image-3487\"\/><\/figure>\n<\/div>\n\n\n<h2 class=\"wp-block-heading has-text-align-center\">Poches IV<\/h2>\n<\/div>\n\n\n\n<div class=\"wp-block-column is-layout-flow wp-block-column-is-layout-flow\" style=\"flex-basis:66.66%\">\n<p>Fournissant des solutions essentielles pour la th\u00e9rapie intraveineuse, nos <strong>poches IV<\/strong> sont disponibles dans des tailles allant de <strong>100 \u00e0 1\u202f000 ml<\/strong>. Fabriqu\u00e9es dans une installation de pointe, ces poches r\u00e9pondent aux normes de puret\u00e9 et de s\u00e9curit\u00e9 les plus \u00e9lev\u00e9es pour les besoins m\u00e9dicaux critiques.  <\/p>\n\n\n\n<ul class=\"wp-block-list\">\n<li>Production automatis\u00e9e dans des conditions st\u00e9riles <\/li>\n\n\n\n<li>Maintenues dans des environnements de salle blanche contr\u00f4l\u00e9s <\/li>\n\n\n\n<li>Puret\u00e9 et s\u00e9curit\u00e9 garanties des solutions IV <\/li>\n\n\n\n<li>Fiables pour un usage hospitalier et clinique <\/li>\n<\/ul>\n<\/div>\n<\/div><style>\n            .wp-block-columns.is-wide {\n\t\t\t\tmax-width: 1280px!important;\n\t\t\t\tmargin-left: auto!important;\n\t\t\t\tmargin-right: auto!important;\n            }\n        <\/style>\n\n\n\n<section class=\"wp-block-adragos-blocks-our-network max-w-full pb-24 pt-8 overflow-hidden\"><div class=\"max-w-screen-xl mx-auto\"><header class=\"flex flex-col md:flex-row lg:items-center justify-between pb-12\"><div class=\"flex gap-3 text-secondary items-center lg:w-1\/3 lg:pr-12 mb-6\"><svg width=\"27\" height=\"3\" viewbox=\"0 0 27 3\" fill=\"none\" xmlns=\"http:\/\/www.w3.org\/2000\/svg\"><rect width=\"27\" height=\"3\" fill=\"#8696FE\"\/><\/svg><h2 class=\"text-secondary\">Notre r\u00e9seau pour les liquides st\u00e9riles<\/h2><\/div><div><p class=\"font-RobotoSlab text-lg xl:text-xl font-light lg:w-2\/3 lg:pl-32\">Nos sites de Halden, Kawagoe, Livron, Jura et Maisons-Alfort sont sp\u00e9cialis\u00e9s dans la production de liquides st\u00e9riles. Vous trouverez ci-dessous tous les d\u00e9tails. <\/p><\/div><\/header><div class=\"relative z-10\"><div class=\"flex gap-7 absolute left-0\"><div class=\"button-sites-prev flex justify-center items-center rotate-180\"><svg xmlns=\"http:\/\/www.w3.org\/2000\/svg\" width=\"36\" height=\"28\" viewbox=\"0 0 36 28\" fill=\"none\"><path d=\"M2 14H34M34 14L22 2M34 14L22 26\" stroke=\"black\" stroke-width=\"3\" stroke-linecap=\"round\" stroke-linejoin=\"round\"><\/path><\/svg><\/div><div class=\"button-sites-next flex justify-center items-center\"><svg xmlns=\"http:\/\/www.w3.org\/2000\/svg\" width=\"36\" height=\"28\" viewbox=\"0 0 36 28\" fill=\"none\"><path d=\"M2 14H34M34 14L22 2M34 14L22 26\" stroke=\"black\" stroke-width=\"3\" stroke-linecap=\"round\" stroke-linejoin=\"round\"><\/path><\/svg><\/div><\/div><\/div><div class=\"swiper sitesSlide\"><div class=\"swiper-wrapper pt-20\"><div class=\"swiper-slide\"><a href=\"https:\/\/adragos-pharma.com\/fr\/halden-norvege\/\" class=\"box-link relative block group border min-h-[430px] md:w-[348px] p-8 bg-white border-primary hover:bg-primary transition-all rounded-xl\"><img decoding=\"async\" class=\"box-image\" src=\"https:\/\/adragos-pharma.com\/wp-content\/uploads\/2024\/03\/Norway.svg\" alt=\"drapeau\"><h3 class=\"my-6 group-hover:!text-white\">Halden, Norv\u00e8ge <\/h3><p class=\"mb-6 group-hover:!text-white\">Ampoules Blow-Fill Seal (BFS) de 10 \u00e0 30 ml<br>Poches IV de 50 ml \u00e0 1\u202f000 ml<br>St\u00e9rilisation terminale<\/p><span class=\"text-primary font-bold group-hover:!text-white text-4xl\">\u27f6<\/span><\/a><\/div><div class=\"swiper-slide\"><a href=\"https:\/\/adragos-pharma.com\/fr\/kawagoe-japon\/\" class=\"box-link relative block group border min-h-[430px] md:w-[348px] p-8 bg-white border-secondary hover:bg-secondary transition-all rounded-xl\"><img decoding=\"async\" class=\"box-image\" src=\"https:\/\/adragos-pharma.com\/wp-content\/uploads\/2024\/03\/japan-flag.jpeg\" alt=\"drapeau\"><h3 class=\"my-6 group-hover:!text-white\">Kawagoe, Japon <\/h3><p class=\"mb-6 group-hover:!text-white\">Ampoules de 1 ml \u00e0 30 ml<br>Taille de lot jusqu\u2019\u00e0 900 l<br>St\u00e9rilisation terminale<\/p><span class=\"text-primary font-bold group-hover:!text-white text-4xl\">\u27f6<\/span><\/a><\/div><div class=\"swiper-slide\"><a href=\"https:\/\/adragos-pharma.com\/fr\/livron-france\/\" class=\"box-link relative block group border min-h-[430px] md:w-[348px] p-8 bg-white border-primary hover:bg-primary transition-all rounded-xl\"><img decoding=\"async\" class=\"box-image\" src=\"https:\/\/adragos-pharma.com\/wp-content\/uploads\/2024\/03\/France.svg\" alt=\"drapeau\"><h3 class=\"my-6 group-hover:!text-white\">Livron, France<\/h3><p class=\"mb-6 group-hover:!text-white\">Tailles de lots de 30 \u00e0 1\u202f500 l<br>Remplissage aseptique ou processus de st\u00e9rilisation terminale par la chaleur<\/p><span class=\"text-primary font-bold group-hover:!text-white text-4xl\">\u27f6<\/span><\/a><\/div><div class=\"swiper-slide\"><a href=\"https:\/\/adragos-pharma.com\/fr\/jura-suisse\/\" class=\"box-link relative block group border min-h-[430px] md:w-[348px] p-8 bg-white border-secondary hover:bg-secondary transition-all rounded-xl\"><img decoding=\"async\" class=\"box-image\" src=\"https:\/\/adragos-pharma.com\/wp-content\/uploads\/2024\/11\/istockphoto-691333880-612x612-1.jpg\" alt=\"drapeau\"><h3 class=\"my-6 group-hover:!text-white\">Jura, Suisse<\/h3><p class=\"mb-6 group-hover:!text-white\">Fabrication clinique et commerciale \u00e0 petite \u00e9chelle<br>Liquides st\u00e9riles, suspensions, \u00e9mulsions, liquides visqueux et lyophilis\u00e9s<br>Taille des flacons en verre : 2R, 6R, 10R, 20R, 30R<\/p><span class=\"text-primary font-bold group-hover:!text-white text-4xl\">\u27f6<\/span><\/a><\/div><div class=\"swiper-slide\"><a href=\"https:\/\/adragos-pharma.com\/fr\/maisons-alfort-france\/\" class=\"box-link relative block group border min-h-[430px] md:w-[348px] p-8 bg-white border-primary hover:bg-primary transition-all rounded-xl\"><img decoding=\"async\" class=\"box-image\" src=\"https:\/\/adragos-pharma.com\/wp-content\/uploads\/2024\/03\/France.svg\" alt=\"drapeau\"><h3 class=\"my-6 group-hover:!text-white\">Maisons-Alfort, France<\/h3><p class=\"mb-6 group-hover:!text-white\">Fabrication de PFS et de flacons soutenue par les technologies CIP\/SIP et RABS actif.<br><br>PFS : 0,5 ml et 1 ml<br>Flacons : 6R, 10R, 7 ml, 10 ml, 15 ml, 22 ml<\/p><span class=\"text-primary font-bold group-hover:!text-white text-4xl\">\u27f6<\/span><\/a><\/div><\/div><\/div><\/div><\/section>\n\n\n        <section class=\"tw-mx-auto tw-max-w-screen-xl tw-px-8 tw-py-20\">\n            <header class=\"tw-flex tw-flex-col md:tw-flex-row lg:tw-items-center tw-justify-between tw-pb-20\">\n                <h2 class=\"tw-flex tw-gap-3 text-secondary tw-items-center lg:tw-w-1\/3 lg:tw-pr-12 tw-mb-6\">\n                    <svg width=\"27\" height=\"3\" viewBox=\"0 0 27 3\" fill=\"none\" xmlns=\"http:\/\/www.w3.org\/2000\/svg\">\n                        <rect width=\"27\" height=\"3\" fill=\"#8696FE\" \/>\n                    <\/svg>\n                    <a href=\"\">Adragos Hub<\/a>\n                <\/h2>\n                <p class=\"font-RobotoSlab tw-text-lg xl:tw-text-xl tw-font-light lg:tw-w-2\/3 lg:tw-pl-32\">\n                    Find out more about sterile liquids.                <\/p>\n            <\/header>\n\t\t\t<div class=\"tw-grid tw-grid-cols-1 lg:tw-grid-cols-2 tw-gap-6\">\n\t\t\t\t\t\t\t\t\t<div class=\"tw-relative tw-rounded-xl tw-overflow-hidden tw-min-h-60 tw-mb-6\">\n\t\t\t\t\t\t<img decoding=\"async\" src=\"https:\/\/adragos-pharma.com\/wp-content\/uploads\/2025\/05\/ADRAGOS_Livron-19-1-1024x480.jpg\" alt=\"Comment les projets de liquides st\u00e9riles s&rsquo;int\u00e8grent dans nos sites\" class=\"tw-object-cover tw-absolute\" \/>\n\t\t\t\t\t\t<div class=\"tw-absolute tw-bottom-0 tw-max-w-96 tw-bg-lightslate tw-backdrop-blur-[12px] tw-p-6 tw-rounded-tr-xl tw-w-full\">\n\t\t\t\t\t\t\t<p class=\"text-primary tw-text-xs tw-font-medium tw-tracking-widest tw-uppercase tw-pb-1\">Blog<\/p>\n\t\t\t\t\t\t\t<h3 class=\"tw-text-white tw-text-lg hover:tw-underline\">\n\t\t\t\t\t\t\t\t<a href=\"https:\/\/adragos-pharma.com\/fr\/comment-les-projets-de-liquides-steriles-sintegrent-dans-nos-sites\/\">Comment les projets de liquides st\u00e9riles s&rsquo;int\u00e8grent dans nos sites<\/a>\n\t\t\t\t\t\t\t<\/h3>\n\t\t\t\t\t\t<\/div>\n\t\t\t\t\t<\/div>\n\t\t\t\t\t\t\t\t\t<div class=\"tw-relative tw-rounded-xl tw-overflow-hidden tw-min-h-60 tw-mb-6\">\n\t\t\t\t\t\t<img decoding=\"async\" src=\"https:\/\/adragos-pharma.com\/wp-content\/uploads\/2025\/04\/Swiss-Biotech-Day-Horizontal-1024x480.png\" alt=\"Adragos Pharma aux Journ\u00e9es suisses de la biotechnologie \u00e0 B\u00e2le\" class=\"tw-object-cover tw-absolute\" \/>\n\t\t\t\t\t\t<div class=\"tw-absolute tw-bottom-0 tw-max-w-96 tw-bg-lightslate tw-backdrop-blur-[12px] tw-p-6 tw-rounded-tr-xl tw-w-full\">\n\t\t\t\t\t\t\t<p class=\"text-primary tw-text-xs tw-font-medium tw-tracking-widest tw-uppercase tw-pb-1\">\u00c9v\u00e9nements<\/p>\n\t\t\t\t\t\t\t<h3 class=\"tw-text-white tw-text-lg hover:tw-underline\">\n\t\t\t\t\t\t\t\t<a href=\"https:\/\/adragos-pharma.com\/fr\/adragos-pharma-aux-journees-suisses-de-la-biotechnologie-a-bale\/\">Adragos Pharma aux Journ\u00e9es suisses de la biotechnologie \u00e0 B\u00e2le<\/a>\n\t\t\t\t\t\t\t<\/h3>\n\t\t\t\t\t\t<\/div>\n\t\t\t\t\t<\/div>\n\t\t\t\t\t\t\t\t\t<div class=\"tw-relative tw-rounded-xl tw-overflow-hidden tw-min-h-60 tw-mb-6\">\n\t\t\t\t\t\t<img decoding=\"async\" src=\"\" alt=\"Pr\u00e9paration aseptique : qualit\u00e9 et efficacit\u00e9 en pharmacie\" class=\"tw-object-cover tw-absolute\" \/>\n\t\t\t\t\t\t<div class=\"tw-absolute tw-bottom-0 tw-max-w-96 tw-bg-lightslate tw-backdrop-blur-[12px] tw-p-6 tw-rounded-tr-xl tw-w-full\">\n\t\t\t\t\t\t\t<p class=\"text-primary tw-text-xs tw-font-medium tw-tracking-widest tw-uppercase tw-pb-1\">Blog<\/p>\n\t\t\t\t\t\t\t<h3 class=\"tw-text-white tw-text-lg hover:tw-underline\">\n\t\t\t\t\t\t\t\t<a href=\"https:\/\/adragos-pharma.com\/fr\/preparation-aseptique-qualite-et-efficacite-en-pharmacie\/\">Pr\u00e9paration aseptique : qualit\u00e9 et efficacit\u00e9 en pharmacie<\/a>\n\t\t\t\t\t\t\t<\/h3>\n\t\t\t\t\t\t<\/div>\n\t\t\t\t\t<\/div>\n\t\t\t\t\t\t\t\t\t<div class=\"tw-relative tw-rounded-xl tw-overflow-hidden tw-min-h-60 tw-mb-6\">\n\t\t\t\t\t\t<img decoding=\"async\" src=\"https:\/\/adragos-pharma.com\/wp-content\/uploads\/2024\/04\/kabi-7-liten_8861-1024x480.jpg\" alt=\"Fabrication de liquides st\u00e9riles : pourquoi choisir Halden Pharma\" class=\"tw-object-cover tw-absolute\" \/>\n\t\t\t\t\t\t<div class=\"tw-absolute tw-bottom-0 tw-max-w-96 tw-bg-lightslate tw-backdrop-blur-[12px] tw-p-6 tw-rounded-tr-xl tw-w-full\">\n\t\t\t\t\t\t\t<p class=\"text-primary tw-text-xs tw-font-medium tw-tracking-widest tw-uppercase tw-pb-1\">Blog<\/p>\n\t\t\t\t\t\t\t<h3 class=\"tw-text-white tw-text-lg hover:tw-underline\">\n\t\t\t\t\t\t\t\t<a href=\"https:\/\/adragos-pharma.com\/fr\/fabrication-de-liquides-steriles-pourquoi-choisir-halden-pharma\/\">Fabrication de liquides st\u00e9riles : pourquoi choisir Halden Pharma<\/a>\n\t\t\t\t\t\t\t<\/h3>\n\t\t\t\t\t\t<\/div>\n\t\t\t\t\t<\/div>\n\t\t\t\t\t\t\t<\/div>\n\n        <\/section>\n        \n\n\n\n<div class=\"wp-block-columns is-layout-flex wp-container-core-columns-is-layout-9d6595d7 wp-block-columns-is-layout-flex\">\n<div class=\"wp-block-column is-layout-flow wp-block-column-is-layout-flow\" style=\"flex-basis:100%\">\n<section class=\"wp-block-adragos-blocks-footer-cta max-w-screen-lg bg-light mx-8 md:mx-auto px-8 py-12 text-center mt-3 mb-12 md:mb-16 rounded-xl\"><h2 class=\"\">Contactez-nous<\/h2><p class=\"subtitle font-light m-auto max-w-screen-sm py-6\">Pour plus d\u2019informations sur notre entreprise et nos services, n\u2019h\u00e9sitez pas \u00e0 contacter notre \u00e9quipe.<\/p><div class=\"flex flex-col md:flex-row justify-center gap-4\"><a href=\"https:\/\/adragos-pharma.com\/fr\/nous-contacter\/?utm_campaign=MK_website_contactUs&#038;utm_source=website_sterileliquids\" class=\"cta-link inline-block adragos-button text-white has-primary-background-color text-center\">Envoyer un message<\/a><a href=\"https:\/\/meetings-eu1.hubspot.com\/lydia-marinou?ref=sterile-liquids-button\" class=\"cta-link2 inline-block adragos-button text-white has-secondary-background-color text-center\" target=\"_blank\" rel=\"noopener\">Planifier une r\u00e9union<\/a><\/div><\/section>\n<\/div>\n<\/div>\n","protected":false},"excerpt":{"rendered":"<p>Nous sommes sp\u00e9cialis\u00e9s dans la production de liquides st\u00e9riles et de produits aseptiques de haute qualit\u00e9, en particulier les seringues pr\u00e9remplies (PFS), les ampoules, les flacons et les poches IV. Notre expertise garantit la conformit\u00e9 aux normes industrielles les plus [&hellip;]<\/p>\n","protected":false},"author":1,"featured_media":0,"parent":7021,"menu_order":0,"comment_status":"closed","ping_status":"closed","template":"","meta":{"content-type":"","inline_featured_image":false,"footnotes":""},"class_list":["post-10409","page","type-page","status-publish","hentry"],"_links":{"self":[{"href":"https:\/\/adragos-pharma.com\/fr\/wp-json\/wp\/v2\/pages\/10409","targetHints":{"allow":["GET"]}}],"collection":[{"href":"https:\/\/adragos-pharma.com\/fr\/wp-json\/wp\/v2\/pages"}],"about":[{"href":"https:\/\/adragos-pharma.com\/fr\/wp-json\/wp\/v2\/types\/page"}],"author":[{"embeddable":true,"href":"https:\/\/adragos-pharma.com\/fr\/wp-json\/wp\/v2\/users\/1"}],"replies":[{"embeddable":true,"href":"https:\/\/adragos-pharma.com\/fr\/wp-json\/wp\/v2\/comments?post=10409"}],"version-history":[{"count":38,"href":"https:\/\/adragos-pharma.com\/fr\/wp-json\/wp\/v2\/pages\/10409\/revisions"}],"predecessor-version":[{"id":24624,"href":"https:\/\/adragos-pharma.com\/fr\/wp-json\/wp\/v2\/pages\/10409\/revisions\/24624"}],"up":[{"embeddable":true,"href":"https:\/\/adragos-pharma.com\/fr\/wp-json\/wp\/v2\/pages\/7021"}],"wp:attachment":[{"href":"https:\/\/adragos-pharma.com\/fr\/wp-json\/wp\/v2\/media?parent=10409"}],"curies":[{"name":"wp","href":"https:\/\/api.w.org\/{rel}","templated":true}]}}