{"id":10418,"date":"2024-03-11T07:41:41","date_gmt":"2024-03-11T05:41:41","guid":{"rendered":"https:\/\/adragos-pharma.com\/?page_id=10418"},"modified":"2025-09-02T15:06:45","modified_gmt":"2025-09-02T13:06:45","slug":"developpement-de-formulations","status":"publish","type":"page","link":"https:\/\/adragos-pharma.com\/fr\/developpement-de-medicaments\/developpement-de-formulations\/","title":{"rendered":"D\u00e9veloppement de Formulations\u00a0"},"content":{"rendered":"\n<section class=\"wp-block-adragos-blocks-header relative has-primary-background-color bg-pattern bg-cover max-w-full bg-bottom px-3 pt-10 pb-44 md:pt-16 md:pb-44 has-background\"><div class=\"relative z-30 max-w-screen-xl px-6 m-auto\"><nav class=\"flex mb-4\" aria-label=\"Breadcrumb\"><ol class=\"inline-flex items-center space-x-1 md:space-x-2 rtl:space-x-reverse\"><li class=\"inline-flex items-center\"><a href=\"https:\/\/adragos-pharma.com\/fr\/\" class=\"inline-flex items-center text-sm font-medium text-white hover:text-primary\"><svg class=\"w-3 h-3 me-2.5\" aria-hidden=\"true\" xmlns=\"http:\/\/www.w3.org\/2000\/svg\" fill=\"currentColor\" viewBox=\"0 0 20 20\"><path d=\"m19.707 9.293-2-2-7-7a1 1 0 0 0-1.414 0l-7 7-2 2a1 1 0 0 0 1.414 1.414L2 10.414V18a2 2 0 0 0 2 2h3a1 1 0 0 0 1-1v-4a1 1 0 0 1 1-1h2a1 1 0 0 1 1 1v4a1 1 0 0 0 1 1h3a2 2 0 0 0 2-2v-7.586l.293.293a1 1 0 0 0 1.414-1.414Z\"><\/path><\/svg>Home<\/a><\/li><li><div class=\"flex items-center\"><svg class=\"rtl:rotate-180 w-3 h-3 text-white mx-1\" aria-hidden=\"true\" xmlns=\"http:\/\/www.w3.org\/2000\/svg\" fill=\"none\" viewBox=\"0 0 6 10\"><path stroke=\"currentColor\" stroke-linecap=\"round\" stroke-linejoin=\"round\" stroke-width=\"2\" d=\"m1 9 4-4-4-4\"><\/path><\/svg><a href=\"https:\/\/adragos-pharma.com\/fr\/developpement-de-medicaments\/\" class=\"ms-1 text-sm font-medium text-white hover:text-primary md:ms-2\">D\u00e9veloppement de M\u00e9dicaments\u00a0<\/a><\/div><\/li><li class=\"hidden md:inline-block\" aria-current=\"page\"><div class=\"flex items-center\"><svg class=\"rtl:rotate-180 w-3 h-3 text-white mx-1\" aria-hidden=\"true\" xmlns=\"http:\/\/www.w3.org\/2000\/svg\" fill=\"none\" viewBox=\"0 0 6 10\"><path stroke=\"currentColor\" stroke-linecap=\"round\" stroke-linejoin=\"round\" stroke-width=\"2\" d=\"m1 9 4-4-4-4\"><\/path><\/svg><span class=\"ms-1 text-sm font-medium text-white md:ms-2\">D\u00e9veloppement de Formulations\u00a0<\/span><\/div><\/li><\/ol><\/nav><h1 class=\"text-3xl md:text-4xl text-white\">D\u00e9veloppement de Formulations\u00a0<\/h1><\/div><div class=\"bg-wave absolute left-0 bottom-0 h-52 bg-repeat-x bg-[center_bottom] w-full\"><\/div><\/section>\n\n\n\n<div class=\"wp-block-columns max-w-screen-xl w-full is-wide px-0 md:px-8 is-layout-flex wp-container-core-columns-is-layout-9d6595d7 wp-block-columns-is-layout-flex\">\n<div class=\"wp-block-column is-layout-flow wp-block-column-is-layout-flow\">\n<p class=\"has-text-align-center\">Nous excellons dans l&rsquo;offre de services de d\u00e9veloppement de formulations pharmaceutiques en mettant en \u0153uvre des strat\u00e9gies personnalis\u00e9es pour r\u00e9pondre aux besoins de nos clients en mati\u00e8re de produits. Notre expertise garantit les meilleurs r\u00e9sultats \u00e0 chaque \u00e9tape du processus de d\u00e9veloppement de la formulation et le respect strict des directives ICH.&nbsp;<\/p>\n\n\n\n<div class=\"wp-block-columns is-layout-flex wp-container-core-columns-is-layout-9d6595d7 wp-block-columns-is-layout-flex\">\n<div class=\"wp-block-column is-layout-flow wp-block-column-is-layout-flow\">\n<figure class=\"wp-block-image size-large is-resized\"><img decoding=\"async\" width=\"1024\" height=\"683\" src=\"https:\/\/adragos-pharma.com\/wp-content\/uploads\/2024\/03\/3Q4A7436-1-1024x683.jpg\" alt=\"\" class=\"wp-image-2222\" style=\"width:1216px;height:auto\" srcset=\"https:\/\/adragos-pharma.com\/wp-content\/uploads\/2024\/03\/3Q4A7436-1-1024x683.jpg 1024w, https:\/\/adragos-pharma.com\/wp-content\/uploads\/2024\/03\/3Q4A7436-1-300x200.jpg 300w, https:\/\/adragos-pharma.com\/wp-content\/uploads\/2024\/03\/3Q4A7436-1-768x512.jpg 768w, https:\/\/adragos-pharma.com\/wp-content\/uploads\/2024\/03\/3Q4A7436-1-1536x1024.jpg 1536w, https:\/\/adragos-pharma.com\/wp-content\/uploads\/2024\/03\/3Q4A7436-1-2048x1365.jpg 2048w\" sizes=\"(max-width: 1024px) 100vw, 1024px\" \/><\/figure>\n<\/div>\n<\/div>\n\n\n\n<h2 class=\"wp-block-heading\"><strong>Notre processus complet de d\u00e9veloppement de formulations<\/strong>&nbsp;<\/h2>\n\n\n\n<h3 class=\"wp-block-heading\">1. Phase de pr\u00e9formulation:<\/h3>\n\n\n\n<p>Pour d\u00e9marrer le processus de d\u00e9veloppement de la formulation, nous effectuons une analyse approfondie des donn\u00e9es bibliographiques, examinons les brevets existants et \u00e9tudions les propri\u00e9t\u00e9s physico-chimiques les plus pertinentes des substances m\u00e9dicamenteuses candidates.&nbsp;<\/p>\n\n\n\n<h3 class=\"wp-block-heading\">2. Phase de d\u00e9veloppement de la formulation:<\/h3>\n\n\n\n<p>Dans la phase suivante, notre \u00e9quipe entreprend des \u00e9tudes m\u00e9ticuleuses de criblage et d&rsquo;optimisation, sp\u00e9cialement con\u00e7ues pour correspondre aux attributs distinctifs du projet. Cette approche nous fournit les informations d\u00e9taill\u00e9es n\u00e9cessaires pour d\u00e9finir la composition optimale. Notre expertise pharmaceutique sp\u00e9cialis\u00e9e garantit que nos m\u00e9thodologies sont conformes aux derni\u00e8res directives ICH, int\u00e9grant les principes et les outils de la Qualit\u00e9 par la Conception (QbD). Tout au long de la phase de d\u00e9veloppement, nous utilisons la conception statistique d&rsquo;exp\u00e9riences et les techniques d&rsquo;\u00e9valuation des risques. De plus, le d\u00e9veloppement de m\u00e9thodes analytiques constitue un \u00e9l\u00e9ment crucial de cette phase, garantissant des r\u00e9sultats complets et pr\u00e9cis.&nbsp;<\/p>\n\n\n\n<h3 class=\"wp-block-heading\">3. Phase de d\u00e9veloppement de processus:<\/h3>\n\n\n\n<p>Des \u00e9quipements de pointe sont utilis\u00e9s pour simuler des processus \u00e0 l&rsquo;\u00e9chelle industrielle, mettant \u00e0 l&rsquo;\u00e9preuve les param\u00e8tres critiques du processus afin d&rsquo;\u00e9tablir des processus robustes et transf\u00e9rables. Cette flexibilit\u00e9 facilite la transition harmonieuse de la R&amp;D \u00e0 l&rsquo;\u00e9chelle de la production. Nos capacit\u00e9s pharmaceutiques sp\u00e9cialis\u00e9es jouent un r\u00f4le essentiel dans l&rsquo;am\u00e9lioration de ces processus afin de r\u00e9pondre aux normes de l&rsquo;industrie.&nbsp;<\/p>\n\n\n\n<h3 class=\"wp-block-heading\">4. Phase de mise \u00e0 l&rsquo;\u00e9chelle:<\/h3>\n\n\n\n<p>Notre \u00e9quipe g\u00e8re avec comp\u00e9tence les t\u00e2ches d&rsquo;augmentation d&rsquo;\u00e9chelle afin de r\u00e9duire les risques associ\u00e9s au transfert de technologie pendant le processus de d\u00e9veloppement de la formulation.&nbsp;<\/p>\n\n\n\n<h2 class=\"wp-block-heading\">Services de d\u00e9veloppement de formulations&nbsp;<\/h2>\n\n\n\n<p>Nos services de d\u00e9veloppement de formulations couvrent tous les aspects essentiels \u00e0 la r\u00e9ussite du d\u00e9veloppement de formulations pharmaceutiques :&nbsp;<\/p>\n\n\n\n<ul class=\"wp-block-list\">\n<li>Recherche de propri\u00e9t\u00e9 intellectuelle (PI)&nbsp;<\/li>\n\n\n\n<li>Caract\u00e9risation de l&rsquo;API (principe actif pharmaceutique)&nbsp;<\/li>\n\n\n\n<li>Pr\u00e9formulation&nbsp;<\/li>\n\n\n\n<li>D\u00e9veloppement de la formulation&nbsp;<\/li>\n\n\n\n<li>D\u00e9veloppement de m\u00e9thodes analytiques&nbsp;<\/li>\n\n\n\n<li>D\u00e9veloppement de processus&nbsp;<\/li>\n\n\n\n<li>Transfert de technologie&nbsp;.<\/li>\n<\/ul>\n<\/div>\n<\/div><style>\n            .wp-block-columns.is-wide {\n\t\t\t\tmax-width: 1280px!important;\n\t\t\t\tmargin-left: auto!important;\n\t\t\t\tmargin-right: auto!important;\n            }\n        <\/style>\n\n\n\n<div class=\"wp-block-columns max-w-screen-xl w-full is-wide px-0 md:px-8 is-layout-flex wp-container-core-columns-is-layout-9d6595d7 wp-block-columns-is-layout-flex\">\n<div class=\"wp-block-column is-layout-flow wp-block-column-is-layout-flow\">\n<div class=\"wp-block-cover is-light\"><img decoding=\"async\" width=\"2560\" height=\"1263\" class=\"wp-block-cover__image-background wp-image-16965\" alt=\"\" src=\"https:\/\/adragos-pharma.com\/wp-content\/uploads\/2025\/04\/ps2-scaled.jpg\" data-object-fit=\"cover\" srcset=\"https:\/\/adragos-pharma.com\/wp-content\/uploads\/2025\/04\/ps2-scaled.jpg 2560w, https:\/\/adragos-pharma.com\/wp-content\/uploads\/2025\/04\/ps2-300x148.jpg 300w, https:\/\/adragos-pharma.com\/wp-content\/uploads\/2025\/04\/ps2-1024x505.jpg 1024w, https:\/\/adragos-pharma.com\/wp-content\/uploads\/2025\/04\/ps2-768x379.jpg 768w, https:\/\/adragos-pharma.com\/wp-content\/uploads\/2025\/04\/ps2-1536x758.jpg 1536w, https:\/\/adragos-pharma.com\/wp-content\/uploads\/2025\/04\/ps2-2048x1010.jpg 2048w\" sizes=\"(max-width: 2560px) 100vw, 2560px\" \/><span aria-hidden=\"true\" class=\"wp-block-cover__background has-background-dim\" style=\"background-color:#9c9b90\"><\/span><div class=\"wp-block-cover__inner-container is-layout-constrained wp-block-cover-is-layout-constrained\">\n<div class=\"wp-block-columns is-layout-flex wp-container-core-columns-is-layout-9d6595d7 wp-block-columns-is-layout-flex\">\n<div class=\"wp-block-column is-layout-flow wp-block-column-is-layout-flow\"><\/div>\n\n\n\n<div class=\"wp-block-column has-background is-layout-flow wp-block-column-is-layout-flow\" style=\"background-color:#ced4f994;padding-top:30px;padding-right:30px;padding-bottom:30px;padding-left:30px\">\n<h2 class=\"wp-block-heading\">Nous offrons des services de d\u00e9veloppement de formulations \u00e0 Ath\u00e8nes, Gr\u00e8ce<\/h2>\n\n\n\n<p>Avec plus de 3 000 m\u00b2 d&rsquo;installations de R&amp;D, Adragos Ath\u00e8nes est sp\u00e9cialis\u00e9e dans le d\u00e9veloppement de m\u00e9dicaments \u00e0 valeur ajout\u00e9e et a \u00e9t\u00e9 r\u00e9cemment dot\u00e9e de capacit\u00e9s HPAPI.<\/p>\n\n\n\n<div class=\"wp-block-buttons is-layout-flex wp-block-buttons-is-layout-flex\">\n<div class=\"wp-block-button\"><a class=\"wp-block-button__link has-dark-blue-background-color has-background wp-element-button\" href=\"https:\/\/adragos-pharma.com\/fr\/athenes-grece\/\">Voir le Site<\/a><\/div>\n<\/div>\n<\/div>\n<\/div>\n<\/div><\/div>\n<\/div>\n<\/div><style>\n            .wp-block-columns.is-wide {\n\t\t\t\tmax-width: 1280px!important;\n\t\t\t\tmargin-left: auto!important;\n\t\t\t\tmargin-right: auto!important;\n            }\n        <\/style>\n\n\n\n<div style=\"height:63px\" aria-hidden=\"true\" class=\"wp-block-spacer\"><\/div>\n\n\n\n<div class=\"wp-block-group\"><div class=\"wp-block-group__inner-container is-layout-constrained wp-block-group-is-layout-constrained\">\n<div class=\"wp-block-columns max-w-screen-xl w-full is-wide px-0 md:px-8 is-layout-flex wp-container-core-columns-is-layout-9d6595d7 wp-block-columns-is-layout-flex\">\n<div class=\"wp-block-column is-layout-flow wp-block-column-is-layout-flow\">\t<div class=\"tw-flex-row  tw-flex tw-justify-center\">\n\t\t<div class=\"tw-basis-80 tw-hidden md:tw-flex tw-flex-col tw-shrink-0 tw-pr-12\">\n\t\t\t<h2>D\u00e9couvrez nos experts<\/h2>\n\t\t\t<p class=\"md:tw-max-w-72 xl:tw-text-lg md:tw-text-base tw-font-normal\">\n\t\t\t\tDes scientifiques hautement qualifi\u00e9s et bien form\u00e9s se sont concentr\u00e9s sur le d\u00e9veloppement.\t\t\t<\/p>\n\t\t\t\t\t<\/div>\n\t\t<div class=\"swiper team-swiper\">\n\t\t\t<div class=\"swiper-wrapper\">\n\t\t\t\t\t\t\t\t\t<a data-id=\"2907\" href=\"https:\/\/adragos-pharma.com\/fr\/team\/argyro-stappa\/\" class=\"tw-relative tw-overflow-hidden swiper-slide\">\n\t\t\t\t\t\t<img decoding=\"async\" src=\"https:\/\/adragos-pharma.com\/wp-content\/uploads\/2024\/03\/Argyro-Stappa-2-560x680.jpg\" alt=\"Argyro Stappa\" class=\"!tw-mb-0 tw-rounded-xl tw-object-cover tw-w-full tw-h-full\" \/>\n\t\t\t\t\t\t<div class=\"custom tw-absolute tw-bottom-0\">\n\t\t\t\t\t\t\t<div class=\"tw-relative tw-z-10 tw-w-full tw-pl-6 tw-pr-9\">\n\t\t\t\t\t\t\t\t<h3 class=\"!tw-text-white tw-text-xl tw-font-bold hover:!tw-text-secondary !tw-mb-0\">Argyro Stappa<\/h3>\n\t\t\t\t\t\t\t\t<p class=\"!tw-text-white tw-text-base tw-font-normal tw-pt-3 tw-pb-7 !tw-mb-0\">Head of R&amp;D, Athens<\/p>\n\t\t\t\t\t\t\t<\/div>\n\t\t\t\t\t\t\t<div class=\"glass-effect\"><\/div>\n\t\t\t\t\t\t<\/div>\n\t\t\t\t\t<\/a>\n\t\t\t\t\t\t\t\t\t<a data-id=\"528\" href=\"https:\/\/adragos-pharma.com\/fr\/team\/konstantinos-apostolou\/\" class=\"tw-relative tw-overflow-hidden swiper-slide\">\n\t\t\t\t\t\t<img decoding=\"async\" src=\"https:\/\/adragos-pharma.com\/wp-content\/uploads\/2024\/03\/Konstantinos-Apostolou-560x680.jpg\" alt=\"Konstantinos Apostolou\" class=\"!tw-mb-0 tw-rounded-xl tw-object-cover tw-w-full tw-h-full\" \/>\n\t\t\t\t\t\t<div class=\"custom tw-absolute tw-bottom-0\">\n\t\t\t\t\t\t\t<div class=\"tw-relative tw-z-10 tw-w-full tw-pl-6 tw-pr-9\">\n\t\t\t\t\t\t\t\t<h3 class=\"!tw-text-white tw-text-xl tw-font-bold hover:!tw-text-secondary !tw-mb-0\">Konstantinos Apostolou<\/h3>\n\t\t\t\t\t\t\t\t<p class=\"!tw-text-white tw-text-base tw-font-normal tw-pt-3 tw-pb-7 !tw-mb-0\">R&amp;D Senior Manager, Athens<\/p>\n\t\t\t\t\t\t\t<\/div>\n\t\t\t\t\t\t\t<div class=\"glass-effect\"><\/div>\n\t\t\t\t\t\t<\/div>\n\t\t\t\t\t<\/a>\n\t\t\t\t\t\t\t\t\t<a data-id=\"2913\" href=\"https:\/\/adragos-pharma.com\/fr\/team\/akis-loukas\/\" class=\"tw-relative tw-overflow-hidden swiper-slide\">\n\t\t\t\t\t\t<img decoding=\"async\" src=\"https:\/\/adragos-pharma.com\/wp-content\/uploads\/2024\/03\/Akis-Loukas-560x680.jpg\" alt=\"Akis Loukas\" class=\"!tw-mb-0 tw-rounded-xl tw-object-cover tw-w-full tw-h-full\" \/>\n\t\t\t\t\t\t<div class=\"custom tw-absolute tw-bottom-0\">\n\t\t\t\t\t\t\t<div class=\"tw-relative tw-z-10 tw-w-full tw-pl-6 tw-pr-9\">\n\t\t\t\t\t\t\t\t<h3 class=\"!tw-text-white tw-text-xl tw-font-bold hover:!tw-text-secondary !tw-mb-0\">Akis Loukas<\/h3>\n\t\t\t\t\t\t\t\t<p class=\"!tw-text-white tw-text-base tw-font-normal tw-pt-3 tw-pb-7 !tw-mb-0\">Formulation Senior Manager, Athens<\/p>\n\t\t\t\t\t\t\t<\/div>\n\t\t\t\t\t\t\t<div class=\"glass-effect\"><\/div>\n\t\t\t\t\t\t<\/div>\n\t\t\t\t\t<\/a>\n\t\t\t\t\t\t\t<\/div>\n\t\t<\/div>\n\t<\/div>\n\t\n\n\n\n<div style=\"height:42px\" aria-hidden=\"true\" class=\"wp-block-spacer\"><\/div>\n\n\n        <section class=\"tw-mx-auto tw-max-w-screen-xl tw-px-8 tw-py-20\">\n            <header class=\"tw-flex tw-flex-col md:tw-flex-row lg:tw-items-center tw-justify-between tw-pb-20\">\n                <h2 class=\"tw-flex tw-gap-3 text-secondary tw-items-center lg:tw-w-1\/3 lg:tw-pr-12 tw-mb-6\">\n                    <svg width=\"27\" height=\"3\" viewBox=\"0 0 27 3\" fill=\"none\" xmlns=\"http:\/\/www.w3.org\/2000\/svg\">\n                        <rect width=\"27\" height=\"3\" fill=\"#8696FE\" \/>\n                    <\/svg>\n                    <a href=\"\">Adragos Hub<\/a>\n                <\/h2>\n                <p class=\"font-RobotoSlab tw-text-lg xl:tw-text-xl tw-font-light lg:tw-w-2\/3 lg:tw-pl-32\">\n                    D\u00e9couvrez-en plus sur le d\u00e9veloppement de formulations dans nos articles de blog r\u00e9cents.                <\/p>\n            <\/header>\n\t\t\t<div class=\"tw-grid tw-grid-cols-1 lg:tw-grid-cols-2 tw-gap-6\">\n\t\t\t\t\t\t\t\t\t<div class=\"tw-relative tw-rounded-xl tw-overflow-hidden tw-min-h-60 tw-mb-6\">\n\t\t\t\t\t\t<img decoding=\"async\" src=\"https:\/\/adragos-pharma.com\/wp-content\/uploads\/2024\/09\/3Q4A7591-1024x480.jpg\" alt=\"M\u00e9dicaments g\u00e9n\u00e9riques vs de marque : diff\u00e9rences expliqu\u00e9es\" class=\"tw-object-cover tw-absolute\" \/>\n\t\t\t\t\t\t<div class=\"tw-absolute tw-bottom-0 tw-max-w-96 tw-bg-lightslate tw-backdrop-blur-[12px] tw-p-6 tw-rounded-tr-xl tw-w-full\">\n\t\t\t\t\t\t\t<p class=\"text-primary tw-text-xs tw-font-medium tw-tracking-widest tw-uppercase tw-pb-1\">Blog<\/p>\n\t\t\t\t\t\t\t<h3 class=\"tw-text-white tw-text-lg hover:tw-underline\">\n\t\t\t\t\t\t\t\t<a href=\"https:\/\/adragos-pharma.com\/fr\/medicaments-generiques-vs-de-marque-differences-expliquees\/\">M\u00e9dicaments g\u00e9n\u00e9riques vs de marque : diff\u00e9rences expliqu\u00e9es<\/a>\n\t\t\t\t\t\t\t<\/h3>\n\t\t\t\t\t\t<\/div>\n\t\t\t\t\t<\/div>\n\t\t\t\t\t\t\t\t\t<div class=\"tw-relative tw-rounded-xl tw-overflow-hidden tw-min-h-60 tw-mb-6\">\n\t\t\t\t\t\t<img decoding=\"async\" src=\"https:\/\/adragos-pharma.com\/wp-content\/uploads\/2024\/08\/3Q4A7207-1024x480.jpg\" alt=\"Produit vs substance m\u00e9dicamenteuse : diff\u00e9rences essentielles\" class=\"tw-object-cover tw-absolute\" \/>\n\t\t\t\t\t\t<div class=\"tw-absolute tw-bottom-0 tw-max-w-96 tw-bg-lightslate tw-backdrop-blur-[12px] tw-p-6 tw-rounded-tr-xl tw-w-full\">\n\t\t\t\t\t\t\t<p class=\"text-primary tw-text-xs tw-font-medium tw-tracking-widest tw-uppercase tw-pb-1\">Blog<\/p>\n\t\t\t\t\t\t\t<h3 class=\"tw-text-white tw-text-lg hover:tw-underline\">\n\t\t\t\t\t\t\t\t<a href=\"https:\/\/adragos-pharma.com\/fr\/produit-vs-substance-medicamenteuse-differences-essentielles\/\">Produit vs substance m\u00e9dicamenteuse : diff\u00e9rences essentielles<\/a>\n\t\t\t\t\t\t\t<\/h3>\n\t\t\t\t\t\t<\/div>\n\t\t\t\t\t<\/div>\n\t\t\t\t\t\t\t\t\t<div class=\"tw-relative tw-rounded-xl tw-overflow-hidden tw-min-h-60 tw-mb-6\">\n\t\t\t\t\t\t<img decoding=\"async\" src=\"https:\/\/adragos-pharma.com\/wp-content\/uploads\/2024\/08\/Adragos-Pharma-goes-to-CPHI-Milano-5-1024x480.jpg\" alt=\"Adragos \u00e0 CPHI Milan 2024\" class=\"tw-object-cover tw-absolute\" \/>\n\t\t\t\t\t\t<div class=\"tw-absolute tw-bottom-0 tw-max-w-96 tw-bg-lightslate tw-backdrop-blur-[12px] tw-p-6 tw-rounded-tr-xl tw-w-full\">\n\t\t\t\t\t\t\t<p class=\"text-primary tw-text-xs tw-font-medium tw-tracking-widest tw-uppercase tw-pb-1\">\u00c9v\u00e9nements<\/p>\n\t\t\t\t\t\t\t<h3 class=\"tw-text-white tw-text-lg hover:tw-underline\">\n\t\t\t\t\t\t\t\t<a href=\"https:\/\/adragos-pharma.com\/fr\/adragos-a-cphi-milan-2024\/\">Adragos \u00e0 CPHI Milan 2024<\/a>\n\t\t\t\t\t\t\t<\/h3>\n\t\t\t\t\t\t<\/div>\n\t\t\t\t\t<\/div>\n\t\t\t\t\t\t\t\t\t<div class=\"tw-relative tw-rounded-xl tw-overflow-hidden tw-min-h-60 tw-mb-6\">\n\t\t\t\t\t\t<img decoding=\"async\" src=\"https:\/\/adragos-pharma.com\/wp-content\/uploads\/2024\/08\/3Q4A7514-1024x480.jpg\" alt=\"M\u00e9dicaments \u00e0 petites mol\u00e9cules : guide &#038; choix du bon partenaire\" class=\"tw-object-cover tw-absolute\" \/>\n\t\t\t\t\t\t<div class=\"tw-absolute tw-bottom-0 tw-max-w-96 tw-bg-lightslate tw-backdrop-blur-[12px] tw-p-6 tw-rounded-tr-xl tw-w-full\">\n\t\t\t\t\t\t\t<p class=\"text-primary tw-text-xs tw-font-medium tw-tracking-widest tw-uppercase tw-pb-1\">Blog<\/p>\n\t\t\t\t\t\t\t<h3 class=\"tw-text-white tw-text-lg hover:tw-underline\">\n\t\t\t\t\t\t\t\t<a href=\"https:\/\/adragos-pharma.com\/fr\/medicaments-a-petites-molecules-guide-choix-du-bon-partenaire\/\">M\u00e9dicaments \u00e0 petites mol\u00e9cules : guide &#038; choix du bon partenaire<\/a>\n\t\t\t\t\t\t\t<\/h3>\n\t\t\t\t\t\t<\/div>\n\t\t\t\t\t<\/div>\n\t\t\t\t\t\t\t<\/div>\n\n        <\/section>\n        \n<\/div>\n<\/div><style>\n            .wp-block-columns.is-wide {\n\t\t\t\tmax-width: 1280px!important;\n\t\t\t\tmargin-left: auto!important;\n\t\t\t\tmargin-right: auto!important;\n            }\n        <\/style>\n\n\n\n<div class=\"wp-block-columns max-w-screen-xl w-full is-wide px-0 md:px-8 is-layout-flex wp-container-core-columns-is-layout-9d6595d7 wp-block-columns-is-layout-flex\">\n<div class=\"wp-block-column is-layout-flow wp-block-column-is-layout-flow\">\n<section class=\"wp-block-adragos-blocks-footer-cta max-w-screen-lg bg-light mx-8 md:mx-auto px-8 py-12 text-center mt-3 mb-12 md:mb-16 rounded-xl\"><h2 class=\"\">Contactez-Nous\u00a0<\/h2><p class=\"subtitle font-light m-auto max-w-screen-sm py-6\">Pour plus de d\u00e9tails sur notre entreprise et nos services, n&rsquo;h\u00e9sitez pas \u00e0 contacter notre \u00e9quipe.\u00a0<\/p><div class=\"flex flex-col md:flex-row justify-center gap-4\"><a href=\"https:\/\/adragos-pharma.com\/fr\/nous-contacter\/?utm_campaign=MK_website_contactUs&#038;utm_source=Google&#038;utm_medium=banner&#038;utm_term=french&#038;utm_content=contact_us\" class=\"cta-link inline-block adragos-button text-white has-primary-background-color text-center\">Envoyer un message\u00a0<\/a><a href=\"https:\/\/meetings-eu1.hubspot.com\/lydia-marinou?ref=formulation-development-fr-button\" class=\"cta-link2 inline-block adragos-button text-white has-secondary-background-color text-center\" target=\"_blank\" rel=\"noopener\">Planifier une r\u00e9union<\/a><\/div><\/section>\n<\/div>\n<\/div><style>\n            .wp-block-columns.is-wide {\n\t\t\t\tmax-width: 1280px!important;\n\t\t\t\tmargin-left: auto!important;\n\t\t\t\tmargin-right: auto!important;\n            }\n        <\/style>\n<\/div><\/div>\n","protected":false},"excerpt":{"rendered":"<p>Nous excellons dans l&rsquo;offre de services de d\u00e9veloppement de formulations pharmaceutiques en mettant en \u0153uvre des strat\u00e9gies personnalis\u00e9es pour r\u00e9pondre aux besoins de nos clients en mati\u00e8re de produits. Notre expertise garantit les meilleurs r\u00e9sultats \u00e0 chaque \u00e9tape du processus [&hellip;]<\/p>\n","protected":false},"author":6,"featured_media":0,"parent":7019,"menu_order":0,"comment_status":"closed","ping_status":"closed","template":"","meta":{"content-type":"","inline_featured_image":false,"footnotes":""},"class_list":["post-10418","page","type-page","status-publish","hentry"],"_links":{"self":[{"href":"https:\/\/adragos-pharma.com\/fr\/wp-json\/wp\/v2\/pages\/10418","targetHints":{"allow":["GET"]}}],"collection":[{"href":"https:\/\/adragos-pharma.com\/fr\/wp-json\/wp\/v2\/pages"}],"about":[{"href":"https:\/\/adragos-pharma.com\/fr\/wp-json\/wp\/v2\/types\/page"}],"author":[{"embeddable":true,"href":"https:\/\/adragos-pharma.com\/fr\/wp-json\/wp\/v2\/users\/6"}],"replies":[{"embeddable":true,"href":"https:\/\/adragos-pharma.com\/fr\/wp-json\/wp\/v2\/comments?post=10418"}],"version-history":[{"count":26,"href":"https:\/\/adragos-pharma.com\/fr\/wp-json\/wp\/v2\/pages\/10418\/revisions"}],"predecessor-version":[{"id":22197,"href":"https:\/\/adragos-pharma.com\/fr\/wp-json\/wp\/v2\/pages\/10418\/revisions\/22197"}],"up":[{"embeddable":true,"href":"https:\/\/adragos-pharma.com\/fr\/wp-json\/wp\/v2\/pages\/7019"}],"wp:attachment":[{"href":"https:\/\/adragos-pharma.com\/fr\/wp-json\/wp\/v2\/media?parent=10418"}],"curies":[{"name":"wp","href":"https:\/\/api.w.org\/{rel}","templated":true}]}}