{"id":10441,"date":"2024-03-10T20:01:49","date_gmt":"2024-03-10T18:01:49","guid":{"rendered":"https:\/\/adragos-pharma.com\/?page_id=10441"},"modified":"2025-09-02T16:53:33","modified_gmt":"2025-09-02T14:53:33","slug":"nos-services","status":"publish","type":"page","link":"https:\/\/adragos-pharma.com\/fr\/nos-services\/","title":{"rendered":"Nos Services"},"content":{"rendered":"\n<section class=\"wp-block-adragos-blocks-header-with-image relative max-w-full px-3\"><div class=\"relative z-30 max-w-screen-xl m-auto px-6\"><div class=\"has-primary-bg-opacity inline-block pt-12 pb-40 md:pt-28 md:pb-52 px-8\"><nav class=\"flex mb-4\" aria-label=\"Breadcrumb\"><ol class=\"inline-flex items-center space-x-1 md:space-x-2 rtl:space-x-reverse\"><li class=\"inline-flex items-center\"><a href=\"https:\/\/adragos-pharma.com\/fr\/\" class=\"inline-flex items-center text-sm font-medium text-white hover:text-primary\"><svg class=\"w-3 h-3 me-2.5\" aria-hidden=\"true\" xmlns=\"http:\/\/www.w3.org\/2000\/svg\" fill=\"currentColor\" viewBox=\"0 0 20 20\"><path d=\"m19.707 9.293-2-2-7-7a1 1 0 0 0-1.414 0l-7 7-2 2a1 1 0 0 0 1.414 1.414L2 10.414V18a2 2 0 0 0 2 2h3a1 1 0 0 0 1-1v-4a1 1 0 0 1 1-1h2a1 1 0 0 1 1 1v4a1 1 0 0 0 1 1h3a2 2 0 0 0 2-2v-7.586l.293.293a1 1 0 0 0 1.414-1.414Z\"><\/path><\/svg>Home<\/a><\/li><li class=\"hidden md:inline-block\" aria-current=\"page\"><div class=\"flex items-center\"><svg class=\"rtl:rotate-180 w-3 h-3 text-white mx-1\" aria-hidden=\"true\" xmlns=\"http:\/\/www.w3.org\/2000\/svg\" fill=\"none\" viewBox=\"0 0 6 10\"><path stroke=\"currentColor\" stroke-linecap=\"round\" stroke-linejoin=\"round\" stroke-width=\"2\" d=\"m1 9 4-4-4-4\"><\/path><\/svg><span class=\"ms-1 text-sm font-medium text-white md:ms-2\">Nos Services<\/span><\/div><\/li><\/ol><\/nav><h1 class=\"text-3xl md:text-4xl text-white\">Nos Services<\/h1><\/div><\/div><div class=\"\"><img decoding=\"async\" class=\"top-0 left-0 bg-image object-cover absolute w-full h-full\" src=\"https:\/\/adragos-pharma.com\/wp-content\/uploads\/2024\/05\/3Q4A7895.jpg\" alt=\"\"\/><\/div><div class=\"bg-wave absolute bottom-0 left-0 h-52 bg-repeat-x bg-[center_bottom] w-full z-50\"><\/div><\/section>\n\n\n\n<div style=\"height:100px\" aria-hidden=\"true\" class=\"wp-block-spacer\"><\/div>\n\n\n\n<section class=\"wp-block-adragos-blocks-box max-w-screen-xl mx-auto px-8 py-8\"><div class=\"grid grid-cols-1 lg:grid-cols-3 gap-x-8 gap-y-16\"><div class=\"top-image text-center relative box bg-light rounded-xl p-8\"><div class=\"\"><img decoding=\"async\" class=\"box-image mb-0\" src=\"https:\/\/adragos-pharma.com\/wp-content\/uploads\/2024\/03\/Visual-Inscpection-1.png\" alt=\"\"\/><a href=\"https:\/\/adragos-pharma.com\/fr\/nos-services\/inspection-visuelle\/\" class=\"box-link text-secondary font-medium\"><h3 class=\"box-title\">Inspection visuelle<\/h3><\/a><\/div><p class=\"my-6 box-subtitle\">Dans le cadre de notre gamme de services CDMO, nous proposons une inspection visuelle afin d&rsquo;aider nos clients \u00e0 se conformer \u00e0 diverses r\u00e9glementations. Nous utilisons une technologie de pointe pour garantir que les produits de nos clients sont conformes aux normes rigoureuses du march\u00e9.<\/p><a href=\"https:\/\/adragos-pharma.com\/fr\/nos-services\/inspection-visuelle\/\" class=\"box-link text-secondary font-medium text-4xl\">\u27f6<\/a><\/div><div class=\"top-image text-center relative box bg-light rounded-xl p-8\"><div class=\"\"><img decoding=\"async\" class=\"box-image mb-0\" src=\"https:\/\/adragos-pharma.com\/wp-content\/uploads\/2024\/03\/Packaging-Solutions.png\" alt=\"\"\/><a href=\"https:\/\/adragos-pharma.com\/fr\/nos-services\/emballage-pharmaceutique\/\" class=\"box-link text-secondary font-medium\"><h3 class=\"box-title\">Emballage pharmaceutique<\/h3><\/a><\/div><p class=\"my-6 box-subtitle\">Des solutions d&#8217;emballage innovantes, s\u00fbres et conformes, adapt\u00e9es aux diverses gammes de produits de nos clients, constituent un autre de nos services CDMO sp\u00e9cialis\u00e9s.<br><br><br><\/p><a href=\"https:\/\/adragos-pharma.com\/fr\/nos-services\/emballage-pharmaceutique\/\" class=\"box-link text-secondary font-medium text-4xl\">\u27f6<\/a><\/div><div class=\"top-image text-center relative box bg-light rounded-xl p-8\"><div class=\"\"><img decoding=\"async\" class=\"box-image mb-0\" src=\"https:\/\/adragos-pharma.com\/wp-content\/uploads\/2024\/03\/Controlled-Drug-Handling.png\" alt=\"\"\/><a href=\"https:\/\/adragos-pharma.com\/fr\/nos-services\/medicaments-controles\/\" class=\"box-link text-secondary font-medium\"><h3 class=\"box-title\">M\u00e9dicaments contr\u00f4l\u00e9s<\/h3><\/a><\/div><p class=\"my-6 box-subtitle\">La manipulation de m\u00e9dicaments contr\u00f4l\u00e9s exige de la pr\u00e9cision, de la s\u00e9curit\u00e9 et des connaissances en mati\u00e8re de r\u00e9glementation. Dans le cadre de nos <strong>services CDMO<\/strong> complets, nos installations de Kawagoe, en Gr\u00e8ce, et de Livron offrent des solutions sp\u00e9cialis\u00e9es pour g\u00e9rer ces exigences essentielles mais rigoureuses.<\/p><a href=\"https:\/\/adragos-pharma.com\/fr\/nos-services\/medicaments-controles\/\" class=\"box-link text-secondary font-medium text-4xl\">\u27f6<\/a><\/div><div class=\"top-image text-center relative box bg-light rounded-xl p-8\"><div class=\"\"><img decoding=\"async\" class=\"box-image mb-0\" src=\"https:\/\/adragos-pharma.com\/wp-content\/uploads\/2024\/05\/Licensing-Out-1.png\" alt=\"\"\/><a href=\"https:\/\/adragos-pharma.com\/fr\/nos-services\/octroi-de-licence\/\" class=\"box-link text-secondary font-medium\"><h3 class=\"box-title\">Octroi de Licence<\/h3><\/a><\/div><p class=\"my-6 box-subtitle\">Notre mod\u00e8le de licence externe permet \u00e0 nos partenaires d\u2019acc\u00e9der \u00e0 nos produits g\u00e9n\u00e9riques et \u00e0 nos m\u00e9dicaments \u00e0 valeur ajout\u00e9e, ce qui les aide \u00e0 \u00e9largir leur gamme de produits, \u00e0 p\u00e9n\u00e9trer de nouveaux march\u00e9s et \u00e0 acc\u00e9l\u00e9rer la mise en \u0153uvre de solutions de sant\u00e9.&nbsp;<br><\/p><a href=\"https:\/\/adragos-pharma.com\/fr\/nos-services\/octroi-de-licence\/\" class=\"box-link text-secondary font-medium text-4xl\">\u27f6<\/a><\/div><div class=\"top-image text-center relative box bg-light rounded-xl p-8\"><div class=\"\"><img decoding=\"async\" class=\"box-image mb-0\" src=\"https:\/\/adragos-pharma.com\/wp-content\/uploads\/2024\/03\/Supply-Chain-1.png\" alt=\"\"\/><a href=\"https:\/\/adragos-pharma.com\/fr\/nos-services\/chaine-dapprovisionnement-et-planification\/\" class=\"box-link text-secondary font-medium\"><h3 class=\"box-title\">Cha\u00eene d\u2019Approvisionnement et Planification<\/h3><\/a><\/div><p class=\"my-6 box-subtitle\">Des cha\u00eenes d&rsquo;approvisionnement efficaces et fiables sont essentielles pour l&rsquo;industrie pharmaceutique. Nos emplacements strat\u00e9giques nous permettent d&rsquo;offrir des services de planification et de cha\u00eene d&rsquo;approvisionnement optimis\u00e9s, garantissant des livraisons en temps voulu sur les march\u00e9s.<\/p><a href=\"https:\/\/adragos-pharma.com\/fr\/nos-services\/chaine-dapprovisionnement-et-planification\/\" class=\"box-link text-secondary font-medium text-4xl\">\u27f6<\/a><\/div><div class=\"top-image text-center relative box bg-light rounded-xl p-8\"><div class=\"\"><img decoding=\"async\" class=\"box-image mb-0\" src=\"https:\/\/adragos-pharma.com\/wp-content\/uploads\/2024\/03\/Stability-Testing.png\" alt=\"\"\/><a href=\"https:\/\/adragos-pharma.com\/fr\/nos-services\/tests-de-stabilite-des-medicaments\/\" class=\"box-link text-secondary font-medium\"><h3 class=\"box-title\">Tests de stabilit\u00e9 des m\u00e9dicaments<\/h3><\/a><\/div><p class=\"my-6 box-subtitle\">Nos services CDMO s&rsquo;\u00e9tendent \u00e0 des tests complets de lib\u00e9ration et de r\u00e9currence qui comprennent l&rsquo;\u00e9tablissement de m\u00e9thodes, les tests sur les mati\u00e8res premi\u00e8res, les tests chimiques en cours de fabrication, les tests de lib\u00e9ration des API et des produits pharmaceutiques, les tests de stabilit\u00e9 ICH et les tests sur les comparateurs.<\/p><a href=\"https:\/\/adragos-pharma.com\/fr\/nos-services\/tests-de-stabilite-des-medicaments\/\" class=\"box-link text-secondary font-medium text-4xl\">\u27f6<\/a><\/div><div class=\"top-image text-center relative box bg-light rounded-xl p-8\"><div class=\"\"><img decoding=\"async\" class=\"box-image mb-0\" src=\"https:\/\/adragos-pharma.com\/wp-content\/uploads\/2024\/04\/Cold-Chain-Management-Pink.png\" alt=\"\"\/><a href=\"https:\/\/adragos-pharma.com\/fr\/nos-services\/gestion-de-la-chaine-du-froid\/\" class=\"box-link text-secondary font-medium\"><h3 class=\"box-title\">Gestion de la cha\u00eene du froid<\/h3><\/a><\/div><p class=\"my-6 box-subtitle\">Une gestion efficace de la cha\u00eene du froid est essentielle pour maintenir la qualit\u00e9 des produits pharmaceutiques sensibles \u00e0 la temp\u00e9rature. Nos installations offrent des solutions compl\u00e8tes, garantissant la manipulation s\u00e9curis\u00e9e et conforme \u00e0 la r\u00e9glementation des produits de nos clients tout au long du processus.<\/p><a href=\"https:\/\/adragos-pharma.com\/fr\/nos-services\/gestion-de-la-chaine-du-froid\/\" class=\"box-link text-secondary font-medium text-4xl\">\u27f6<\/a><\/div><div class=\"top-image text-center relative box bg-light rounded-xl p-8\"><div class=\"\"><img decoding=\"async\" class=\"box-image mb-0\" src=\"https:\/\/adragos-pharma.com\/wp-content\/uploads\/2024\/03\/Regulatory-Services.png\" alt=\"\"\/><a href=\"https:\/\/adragos-pharma.com\/fr\/nos-services\/services-de-reglementation\/\" class=\"box-link text-secondary font-medium\"><h3 class=\"box-title\">Services de r\u00e9glementation<\/h3><\/a><\/div><p class=\"my-6 box-subtitle\">Notre soutien peut aider nos clients \u00e0 naviguer dans le paysage complexe des r\u00e9glementations pharmaceutiques. Depuis la consultation et la strat\u00e9gie de soumission jusqu&rsquo;\u00e0 la compilation du dossier, la soumission et le suivi jusqu&rsquo;\u00e0 l&rsquo;octroi de l&rsquo;autorisation de mise sur le march\u00e9 (AMM) et la post-approbation. <br><br><\/p><a href=\"https:\/\/adragos-pharma.com\/fr\/nos-services\/services-de-reglementation\/\" class=\"box-link text-secondary font-medium text-4xl\">\u27f6<\/a><\/div><\/div><\/section>\n\n\n\n<div style=\"height:46px\" aria-hidden=\"true\" class=\"wp-block-spacer\"><\/div>\n\n\n\n<div class=\"wp-block-columns is-layout-flex wp-container-core-columns-is-layout-9d6595d7 wp-block-columns-is-layout-flex\">\n<div class=\"wp-block-column is-layout-flow wp-block-column-is-layout-flow\">\n<section class=\"wp-block-adragos-blocks-footer-cta max-w-screen-lg bg-light mx-8 md:mx-auto px-8 py-12 text-center mt-3 mb-12 md:mb-16 rounded-xl\"><h2 class=\"\">Contactez-Nous\u00a0<\/h2><p class=\"subtitle font-light m-auto max-w-screen-sm py-6\">Pour plus de d\u00e9tails sur notre entreprise et nos services, n&rsquo;h\u00e9sitez pas \u00e0 contacter notre \u00e9quipe.\u00a0<\/p><div class=\"flex flex-col md:flex-row justify-center gap-4\"><a href=\"https:\/\/adragos-pharma.com\/fr\/nous-contacter\/?utm_campaign=MK_website_contactUs&#038;utm_source=Google&#038;utm_medium=banner&#038;utm_term=french&#038;utm_content=contact_us\" class=\"cta-link inline-block adragos-button text-white has-primary-background-color text-center\">Envoyer un message\u00a0<\/a><a href=\"https:\/\/meetings-eu1.hubspot.com\/lydia-marinou?ref=our-services-fr-button\" class=\"cta-link2 inline-block adragos-button text-white has-secondary-background-color text-center\" target=\"_blank\" rel=\"noopener\">Planifier une r\u00e9union<\/a><\/div><\/section>\n<\/div>\n<\/div>\n\n\n\n<div style=\"height:46px\" aria-hidden=\"true\" class=\"wp-block-spacer\"><\/div>\n\n\n\n<div class=\"wp-block-columns max-w-screen-xl w-full is-wide px-0 md:px-8 is-layout-flex wp-container-core-columns-is-layout-9d6595d7 wp-block-columns-is-layout-flex\">\n<div class=\"wp-block-column is-layout-flow wp-block-column-is-layout-flow\" style=\"flex-basis:33.33%\">\n<figure class=\"wp-block-image size-large is-resized\"><img decoding=\"async\" width=\"683\" height=\"1024\" src=\"https:\/\/adragos-pharma.com\/wp-content\/uploads\/2024\/09\/Adragos-Pharma-58-683x1024.jpg\" alt=\"\" class=\"wp-image-12323\" style=\"width:auto;height:650px\" srcset=\"https:\/\/adragos-pharma.com\/wp-content\/uploads\/2024\/09\/Adragos-Pharma-58-683x1024.jpg 683w, https:\/\/adragos-pharma.com\/wp-content\/uploads\/2024\/09\/Adragos-Pharma-58-200x300.jpg 200w, https:\/\/adragos-pharma.com\/wp-content\/uploads\/2024\/09\/Adragos-Pharma-58-768x1151.jpg 768w, https:\/\/adragos-pharma.com\/wp-content\/uploads\/2024\/09\/Adragos-Pharma-58-1025x1536.jpg 1025w, https:\/\/adragos-pharma.com\/wp-content\/uploads\/2024\/09\/Adragos-Pharma-58-1367x2048.jpg 1367w, https:\/\/adragos-pharma.com\/wp-content\/uploads\/2024\/09\/Adragos-Pharma-58-scaled.jpg 1708w\" sizes=\"(max-width: 683px) 100vw, 683px\" \/><\/figure>\n<\/div>\n\n\n\n<div class=\"wp-block-column is-layout-flow wp-block-column-is-layout-flow\" style=\"flex-basis:66.66%\">\n<h2 class=\"wp-block-heading\">Foire Aux Questions (FAQs)<\/h2>\n\n\n\n<div class=\"wp-block-gutena-accordion gutena-accordion-block gutena-accordion-block-79f5c4-26 is-layout-flow wp-block-gutena-accordion-is-layout-flow\" data-single=\"true\">\n<div class=\"wp-block-gutena-accordion-panel gutena-accordion-block__panel\">\n<div class=\"wp-block-gutena-accordion-panel-title gutena-accordion-block__panel-title\"><div class=\"gutena-accordion-block__panel-title-inner\">\n<h3 class=\"wp-block-heading has-text-align-left\" style=\"margin-top:0px;margin-right:0px;margin-bottom:0px;margin-left:0px\"><strong>Qu\u2019est\u2011ce que les services CDMO ?<\/strong><\/h3>\n<div class=\"trigger-up-down\"><div class=\"horizontal\"><\/div><div class=\"vertical\"><\/div><\/div><\/div><\/div>\n\n\n\n<div class=\"wp-block-gutena-accordion-panel-content gutena-accordion-block__panel-content\"><div class=\"gutena-accordion-block__panel-content-inner\">\n<p style=\"margin-top:0;margin-bottom:0\">Les services CDMO (Contract Development and Manufacturing Organization) offrent aux entreprises pharmaceutiques un accompagnement complet couvrant \u00e0 la fois le d\u00e9veloppement et la fabrication. Ils incluent, entre autres, le d\u00e9veloppement de formulations, la fabrication pour essais cliniques, la production commerciale, le conditionnement, la gestion de la cha\u00eene d\u2019approvisionnement, les tests de stabilit\u00e9 et le support r\u00e9glementaire, permettant une mise sur le march\u00e9 efficace et rentable.<\/p>\n<\/div><\/div>\n<\/div>\n\n\n\n<div class=\"wp-block-gutena-accordion-panel gutena-accordion-block__panel\">\n<div class=\"wp-block-gutena-accordion-panel-title gutena-accordion-block__panel-title\"><div class=\"gutena-accordion-block__panel-title-inner\">\n<h3 class=\"wp-block-heading has-text-align-left\" style=\"margin-top:0px;margin-right:0px;margin-bottom:0px;margin-left:0px\"><strong>Comment les services CDMO d\u2019Adragos Pharma peuvent\u2011ils accompagner mon produit du d\u00e9veloppement au march\u00e9 ?<\/strong><\/h3>\n<div class=\"trigger-up-down\"><div class=\"horizontal\"><\/div><div class=\"vertical\"><\/div><\/div><\/div><\/div>\n\n\n\n<div class=\"wp-block-gutena-accordion-panel-content gutena-accordion-block__panel-content\"><div class=\"gutena-accordion-block__panel-content-inner\">\n<p style=\"margin-top:0;margin-bottom:0\">Nos services CDMO assurent un accompagnement de bout en bout, du d\u00e9veloppement \u00e0 la commercialisation. Cela comprend l\u2019inspection visuelle, l\u2019emballage pharmaceutique, la planification de la cha\u00eene d\u2019approvisionnement et le support r\u00e9glementaire. Nous proposons des solutions sur mesure afin que votre produit respecte, \u00e0 chaque \u00e9tape de son cycle de vie, les plus hauts standards de qualit\u00e9, de s\u00e9curit\u00e9 et de conformit\u00e9.<\/p>\n<\/div><\/div>\n<\/div>\n\n\n\n<div class=\"wp-block-gutena-accordion-panel gutena-accordion-block__panel\">\n<div class=\"wp-block-gutena-accordion-panel-title gutena-accordion-block__panel-title\"><div class=\"gutena-accordion-block__panel-title-inner\">\n<h3 class=\"wp-block-heading has-text-align-left\" style=\"margin-top:0px;margin-right:0px;margin-bottom:0px;margin-left:0px\"><strong>Quels avantages votre service de planification de la cha\u00eene d\u2019approvisionnement offre\u2011t\u2011il aux entreprises pharmaceutiques ?<\/strong><\/h3>\n<div class=\"trigger-up-down\"><div class=\"horizontal\"><\/div><div class=\"vertical\"><\/div><\/div><\/div><\/div>\n\n\n\n<div class=\"wp-block-gutena-accordion-panel-content gutena-accordion-block__panel-content\"><div class=\"gutena-accordion-block__panel-content-inner\">\n<p style=\"margin-top:0;margin-bottom:0\">Nos services de planification optimisent la logistique gr\u00e2ce \u00e0 nos sites strat\u00e9giquement situ\u00e9s. Ils garantissent l\u2019efficacit\u00e9 des livraisons, la gestion des stocks et la r\u00e9duction des co\u00fbts, acc\u00e9l\u00e9rant ainsi l\u2019acc\u00e8s au march\u00e9 et renfor\u00e7ant la fiabilit\u00e9 de la cha\u00eene d\u2019approvisionnement.<\/p>\n<\/div><\/div>\n<\/div>\n\n\n\n<div class=\"wp-block-gutena-accordion-panel gutena-accordion-block__panel\">\n<div class=\"wp-block-gutena-accordion-panel-title gutena-accordion-block__panel-title\"><div class=\"gutena-accordion-block__panel-title-inner\">\n<h3 class=\"wp-block-heading has-text-align-left\" style=\"margin-top:0px;margin-right:0px;margin-bottom:0px;margin-left:0px\"><strong>Comment votre service d\u2019inspection visuelle contribue\u2011t\u2011il \u00e0 la qualit\u00e9 et \u00e0 la conformit\u00e9 r\u00e9glementaire ?<\/strong><\/h3>\n<div class=\"trigger-up-down\"><div class=\"horizontal\"><\/div><div class=\"vertical\"><\/div><\/div><\/div><\/div>\n\n\n\n<div class=\"wp-block-gutena-accordion-panel-content gutena-accordion-block__panel-content\"><div class=\"gutena-accordion-block__panel-content-inner\">\n<p style=\"margin-top:0;margin-bottom:0\">Notre inspection visuelle s\u2019appuie sur des technologies avanc\u00e9es pour garantir que les produits r\u00e9pondent \u00e0 des exigences strictes de qualit\u00e9 et de conformit\u00e9. Ce processus permet d\u2019identifier d\u2019\u00e9ventuelles non\u2011conformit\u00e9s ou d\u00e9fauts, assurant la conformit\u00e9 et prot\u00e9geant la r\u00e9putation du produit sur le march\u00e9.<\/p>\n<\/div><\/div>\n<\/div>\n\n\n\n<div class=\"wp-block-gutena-accordion-panel gutena-accordion-block__panel\">\n<div class=\"wp-block-gutena-accordion-panel-title gutena-accordion-block__panel-title\"><div class=\"gutena-accordion-block__panel-title-inner\">\n<h3 class=\"wp-block-heading has-text-align-left\" style=\"margin-top:0px;margin-right:0px;margin-bottom:0px;margin-left:0px\"><strong>Comment Adragos Pharma peut\u2011elle soutenir la conformit\u00e9 r\u00e9glementaire de mon produit gr\u00e2ce au conditionnement ?<\/strong><\/h3>\n<div class=\"trigger-up-down\"><div class=\"horizontal\"><\/div><div class=\"vertical\"><\/div><\/div><\/div><\/div>\n\n\n\n<div class=\"wp-block-gutena-accordion-panel-content gutena-accordion-block__panel-content\"><div class=\"gutena-accordion-block__panel-content-inner\">\n<p style=\"margin-top:0;margin-bottom:0\">Nos services d\u2019emballage pharmaceutique proposent des solutions s\u00e9curis\u00e9es, conformes et personnalis\u00e9es en fonction des besoins de votre produit. Nous veillons au respect des exigences r\u00e9glementaires propres \u00e0 chaque march\u00e9 tout en pr\u00e9servant l\u2019int\u00e9grit\u00e9 du produit, un facteur cl\u00e9 pour r\u00e9ussir \u00e0 l\u2019international.<\/p>\n<\/div><\/div>\n<\/div>\n\n\n\n<div class=\"wp-block-gutena-accordion-panel gutena-accordion-block__panel\">\n<div class=\"wp-block-gutena-accordion-panel-title gutena-accordion-block__panel-title\"><div class=\"gutena-accordion-block__panel-title-inner\">\n<h3 class=\"wp-block-heading has-text-align-left\" style=\"margin-top:0px;margin-right:0px;margin-bottom:0px;margin-left:0px\"><strong>Qu\u2019est\u2011ce qui fait d\u2019Adragos Pharma un partenaire fiable pour la gestion des HPAPI et des substances contr\u00f4l\u00e9es ?<\/strong><\/h3>\n<div class=\"trigger-up-down\"><div class=\"horizontal\"><\/div><div class=\"vertical\"><\/div><\/div><\/div><\/div>\n\n\n\n<div class=\"wp-block-gutena-accordion-panel-content gutena-accordion-block__panel-content\"><div class=\"gutena-accordion-block__panel-content-inner\">\n<p style=\"margin-top:0;margin-bottom:0\">Nous disposons d\u2019installations d\u00e9di\u00e9es, comme notre site d\u2019Ath\u00e8nes pour la synth\u00e8se d\u2019HPAPI, et de sites sp\u00e9cialis\u00e9s \u00e0 Kawagoe (Gr\u00e8ce) et Livron pour les substances contr\u00f4l\u00e9es. Notre exp\u00e9rience dans la gestion de ces produits complexes garantit pr\u00e9cision, s\u00e9curit\u00e9 et conformit\u00e9 \u00e0 des exigences r\u00e9glementaires strictes, faisant de nous un partenaire de confiance pour les m\u00e9dicaments hautement puissants et contr\u00f4l\u00e9s.<\/p>\n<\/div><\/div>\n<\/div>\n<\/div>\n<\/div>\n<\/div><style>\n            .wp-block-columns.is-wide {\n\t\t\t\tmax-width: 1280px!important;\n\t\t\t\tmargin-left: auto!important;\n\t\t\t\tmargin-right: auto!important;\n            }\n        <\/style>\n","protected":false},"excerpt":{"rendered":"<p>Foire Aux Questions (FAQs)<\/p>\n","protected":false},"author":6,"featured_media":0,"parent":0,"menu_order":0,"comment_status":"closed","ping_status":"closed","template":"","meta":{"content-type":"","inline_featured_image":false,"footnotes":""},"class_list":["post-10441","page","type-page","status-publish","hentry"],"_links":{"self":[{"href":"https:\/\/adragos-pharma.com\/fr\/wp-json\/wp\/v2\/pages\/10441","targetHints":{"allow":["GET"]}}],"collection":[{"href":"https:\/\/adragos-pharma.com\/fr\/wp-json\/wp\/v2\/pages"}],"about":[{"href":"https:\/\/adragos-pharma.com\/fr\/wp-json\/wp\/v2\/types\/page"}],"author":[{"embeddable":true,"href":"https:\/\/adragos-pharma.com\/fr\/wp-json\/wp\/v2\/users\/6"}],"replies":[{"embeddable":true,"href":"https:\/\/adragos-pharma.com\/fr\/wp-json\/wp\/v2\/comments?post=10441"}],"version-history":[{"count":23,"href":"https:\/\/adragos-pharma.com\/fr\/wp-json\/wp\/v2\/pages\/10441\/revisions"}],"predecessor-version":[{"id":22264,"href":"https:\/\/adragos-pharma.com\/fr\/wp-json\/wp\/v2\/pages\/10441\/revisions\/22264"}],"wp:attachment":[{"href":"https:\/\/adragos-pharma.com\/fr\/wp-json\/wp\/v2\/media?parent=10441"}],"curies":[{"name":"wp","href":"https:\/\/api.w.org\/{rel}","templated":true}]}}