{"id":14546,"date":"2024-11-25T12:15:46","date_gmt":"2024-11-25T10:15:46","guid":{"rendered":"https:\/\/adragos-pharma.com\/?page_id=14546"},"modified":"2025-07-16T15:28:27","modified_gmt":"2025-07-16T13:28:27","slug":"faisabilite-du-projet","status":"publish","type":"page","link":"https:\/\/adragos-pharma.com\/fr\/production-clinique\/faisabilite-du-projet\/","title":{"rendered":"Faisabilit\u00e9 du Projet"},"content":{"rendered":"\n<section class=\"wp-block-adragos-blocks-header relative has-primary-background-color bg-pattern bg-cover max-w-full bg-bottom px-3 pt-10 pb-44 md:pt-16 md:pb-44 has-background\"><div class=\"relative z-30 max-w-screen-xl px-6 m-auto\"><nav class=\"flex mb-4\" aria-label=\"Breadcrumb\"><ol class=\"inline-flex items-center space-x-1 md:space-x-2 rtl:space-x-reverse\"><li class=\"inline-flex items-center\"><a href=\"https:\/\/adragos-pharma.com\/fr\/\" class=\"inline-flex items-center text-sm font-medium text-white hover:text-primary\"><svg class=\"w-3 h-3 me-2.5\" aria-hidden=\"true\" xmlns=\"http:\/\/www.w3.org\/2000\/svg\" fill=\"currentColor\" viewBox=\"0 0 20 20\"><path d=\"m19.707 9.293-2-2-7-7a1 1 0 0 0-1.414 0l-7 7-2 2a1 1 0 0 0 1.414 1.414L2 10.414V18a2 2 0 0 0 2 2h3a1 1 0 0 0 1-1v-4a1 1 0 0 1 1-1h2a1 1 0 0 1 1 1v4a1 1 0 0 0 1 1h3a2 2 0 0 0 2-2v-7.586l.293.293a1 1 0 0 0 1.414-1.414Z\"><\/path><\/svg>Home<\/a><\/li><li><div class=\"flex items-center\"><svg class=\"rtl:rotate-180 w-3 h-3 text-white mx-1\" aria-hidden=\"true\" xmlns=\"http:\/\/www.w3.org\/2000\/svg\" fill=\"none\" viewBox=\"0 0 6 10\"><path stroke=\"currentColor\" stroke-linecap=\"round\" stroke-linejoin=\"round\" stroke-width=\"2\" d=\"m1 9 4-4-4-4\"><\/path><\/svg><a href=\"https:\/\/adragos-pharma.com\/fr\/production-clinique\/\" class=\"ms-1 text-sm font-medium text-white hover:text-primary md:ms-2\">Production Clinique<\/a><\/div><\/li><li class=\"hidden md:inline-block\" aria-current=\"page\"><div class=\"flex items-center\"><svg class=\"rtl:rotate-180 w-3 h-3 text-white mx-1\" aria-hidden=\"true\" xmlns=\"http:\/\/www.w3.org\/2000\/svg\" fill=\"none\" viewBox=\"0 0 6 10\"><path stroke=\"currentColor\" stroke-linecap=\"round\" stroke-linejoin=\"round\" stroke-width=\"2\" d=\"m1 9 4-4-4-4\"><\/path><\/svg><span class=\"ms-1 text-sm font-medium text-white md:ms-2\">Faisabilit\u00e9 du Projet<\/span><\/div><\/li><\/ol><\/nav><h1 class=\"text-3xl md:text-4xl text-white\">Faisabilit\u00e9 du Projet<\/h1><\/div><div class=\"bg-wave absolute left-0 bottom-0 h-52 bg-repeat-x bg-[center_bottom] w-full\"><\/div><\/section>\n\n\n\n<h2 class=\"wp-block-heading has-text-align-center\">Donner Vie \u00e0 Vos Projets Pharmaceutiques&nbsp;<\/h2>\n\n\n\n<div class=\"wp-block-columns is-layout-flex wp-container-core-columns-is-layout-9d6595d7 wp-block-columns-is-layout-flex\">\n<div class=\"wp-block-column is-layout-flow wp-block-column-is-layout-flow\">\n<p class=\"has-text-align-center\">Notre site du Jura, en Suisse, est \u00e9quip\u00e9 pour g\u00e9rer des projets complexes, offrant une gamme compl\u00e8te de services de d\u00e9veloppement, du concept \u00e0 la commercialisation. De plus, nous fournissons \u00e9galement un soutien personnalis\u00e9 et constant tout au long du cycle de vie du projet.&nbsp;&nbsp;<\/p>\n\n\n\n<div class=\"wp-block-buttons is-content-justification-center is-layout-flex wp-container-core-buttons-is-layout-16018d1d wp-block-buttons-is-layout-flex\">\n<div class=\"wp-block-button\"><a class=\"wp-block-button__link has-primary-background-color has-background wp-element-button\" href=\"https:\/\/adragos-pharma.com\/fr\/nous-contacter\/\">Plus d\u2019informations<\/a><\/div>\n<\/div>\n<\/div>\n<\/div>\n\n\n\n<div style=\"height:52px\" aria-hidden=\"true\" class=\"wp-block-spacer\"><\/div>\n\n\n\n<div class=\"wp-block-columns is-layout-flex wp-container-core-columns-is-layout-9d6595d7 wp-block-columns-is-layout-flex\">\n<div class=\"wp-block-column is-layout-flow wp-block-column-is-layout-flow\"><div class=\"wp-block-image\">\n<figure class=\"aligncenter size-large\"><img decoding=\"async\" width=\"1024\" height=\"674\" src=\"https:\/\/adragos-pharma.com\/wp-content\/uploads\/2024\/11\/Captura-de-pantalla-2024-11-21-104634-1024x674.png\" alt=\"\" class=\"wp-image-14457\" srcset=\"https:\/\/adragos-pharma.com\/wp-content\/uploads\/2024\/11\/Captura-de-pantalla-2024-11-21-104634-1024x674.png 1024w, https:\/\/adragos-pharma.com\/wp-content\/uploads\/2024\/11\/Captura-de-pantalla-2024-11-21-104634-300x198.png 300w, https:\/\/adragos-pharma.com\/wp-content\/uploads\/2024\/11\/Captura-de-pantalla-2024-11-21-104634-768x506.png 768w, https:\/\/adragos-pharma.com\/wp-content\/uploads\/2024\/11\/Captura-de-pantalla-2024-11-21-104634.png 1309w\" sizes=\"(max-width: 1024px) 100vw, 1024px\" \/><\/figure>\n<\/div><\/div>\n<\/div>\n\n\n\n<div style=\"height:52px\" aria-hidden=\"true\" class=\"wp-block-spacer\"><\/div>\n\n\n\n<section class=\"wp-block-adragos-blocks-box max-w-screen-xl mx-auto px-8 py-8\"><div class=\"grid grid-cols-1 lg:grid-cols-2 gap-x-8 gap-y-16\"><div class=\"top-image text-center relative box bg-light rounded-xl p-8\"><div class=\"\"><img decoding=\"async\" class=\"box-image mb-0\" src=\"https:\/\/adragos-pharma.com\/wp-content\/uploads\/2024\/08\/Regulatory-Services.png\" alt=\"\"\/><h3 class=\"box-title\">\u00c9valuation de la Faisabilit\u00e9 et Soutien\u00a0\u00a0<\/h3><\/div><p class=\"my-6 box-subtitle\">Un examen de haut niveau est r\u00e9alis\u00e9 pour \u00e9valuer les objectifs du projet, identifier les d\u00e9fis potentiels et assurer l&rsquo;alignement avec les capacit\u00e9s existantes. Cette \u00e9valuation fondamentale fournit des informations strat\u00e9giques pour guider le projet vers le succ\u00e8s.<\/p><\/div><div class=\"top-image text-center relative box bg-light rounded-xl p-8\"><div class=\"\"><img decoding=\"async\" class=\"box-image mb-0\" src=\"https:\/\/adragos-pharma.com\/wp-content\/uploads\/2024\/04\/Expertise-green.png\" alt=\"\"\/><h3 class=\"box-title\">Faisabilit\u00e9 Technique\u00a0<\/h3><\/div><p class=\"my-6 box-subtitle\">Cette phase examine les exigences scientifiques et techniques, en se concentrant sur la formulation, la mise \u00e0 l\u2019\u00e9chelle industrielle du processus et la disponibilit\u00e9 des mati\u00e8res premi\u00e8res. En tenant compte de ces facteurs, le projet est optimis\u00e9 pour une transition en douceur du concept \u00e0 la fabrication clinique.&nbsp;&nbsp;<\/p><\/div><div class=\"top-image text-center relative box bg-light rounded-xl p-8\"><div class=\"\"><img decoding=\"async\" class=\"box-image mb-0\" src=\"https:\/\/adragos-pharma.com\/wp-content\/uploads\/2024\/03\/EU-GMP-and-FDA.png\" alt=\"\"\/><h3 class=\"box-title\">Faisabilit\u00e9 R\u00e9glementaire<\/h3><\/div><p class=\"my-6 box-subtitle\">Avec une orientation r\u00e9glementaire globale, tous les projets sont align\u00e9s sur les principaux cadres de conformit\u00e9, notamment les normes <strong>EU-GMP, FDA et Swissmedic<\/strong>. Cet examen approfondi du projet selon les Bonnes Pratiques de Fabrication (BPF actuelles ou cGMP), les normes de qualit\u00e9 et les strat\u00e9gies de soumission en vigueur facilite les approbations fluides et rapides dans divers environnements r\u00e9glementaires.&nbsp;<\/p><\/div><div class=\"top-image text-center relative box bg-light rounded-xl p-8\"><div class=\"\"><img decoding=\"async\" class=\"box-image mb-0\" src=\"https:\/\/adragos-pharma.com\/wp-content\/uploads\/2024\/03\/High-quality-standards-Pink.png\" alt=\"\"\/><h3 class=\"box-title\">Faisabilit\u00e9 en Termes de D\u00e9lais\u00a0\u00a0<\/h3><\/div><p class=\"my-6 box-subtitle\">Une \u00e9valuation compl\u00e8te du calendrier garantit des co\u00fbts transparents et des \u00e9ch\u00e9anciers r\u00e9alistes, minimisant les risques et assurant la faisabilit\u00e9 du projet d&rsquo;un point de vue financier et op\u00e9rationnel.&nbsp;<\/p><\/div><\/div><\/section>\n\n\n\n<div style=\"height:52px\" aria-hidden=\"true\" class=\"wp-block-spacer\"><\/div>\n\n\n\n<div class=\"wp-block-columns tw-rounded-xl is-layout-flex wp-container-core-columns-is-layout-abbe5815 wp-block-columns-is-layout-flex\" style=\"padding-top:0;padding-right:0;padding-bottom:0;padding-left:0\">\n<div class=\"wp-block-column tw-rounded-xl has-light-background-color has-background is-layout-flow wp-block-column-is-layout-flow\" style=\"padding-top:var(--wp--preset--spacing--70);padding-right:var(--wp--preset--spacing--70);padding-bottom:var(--wp--preset--spacing--70);padding-left:var(--wp--preset--spacing--70)\">\n<h2 class=\"wp-block-heading has-text-align-center\">Nous offrons des services pour l\u2019\u00e9tude de la faisabilit\u00e9 de projet dans le Jura, en Suisse.&nbsp;<\/h2>\n\n\n\n<figure class=\"wp-block-image size-full\"><img decoding=\"async\" src=\"https:\/\/adragos-pharma.com\/wp-content\/uploads\/2024\/11\/Captura-de-pantalla-2024-11-21-104418.png\" alt=\"\" class=\"wp-image-14416\"\/><\/figure>\n\n\n\n<p class=\"has-text-align-center\" style=\"padding-top:0;padding-bottom:0\">Avec plus de 6 000 m\u00b2 d&rsquo;installations et plus de 25 ans d&rsquo;exp\u00e9rience, Adragos Jura propose une fabrication clinique personnalis\u00e9e pour soutenir vos essais th\u00e9rapeutiques.&nbsp;<\/p>\n\n\n\n<div class=\"wp-block-buttons is-content-justification-center is-layout-flex wp-container-core-buttons-is-layout-16018d1d wp-block-buttons-is-layout-flex\">\n<div class=\"wp-block-button\"><a class=\"wp-block-button__link has-secondary-background-color has-background has-text-align-center wp-element-button\" href=\"https:\/\/adragos-pharma.com\/fr\/jura-suisse\/\">Voir l&#8217;emplacement&nbsp;<\/a><\/div>\n<\/div>\n<\/div>\n<\/div>\n\n\n\n<div style=\"height:64px\" aria-hidden=\"true\" class=\"wp-block-spacer\"><\/div>\n\n\n\n<div class=\"wp-block-group\"><div class=\"wp-block-group__inner-container is-layout-constrained wp-block-group-is-layout-constrained\">\n<div class=\"wp-block-columns max-w-screen-xl w-full is-wide px-0 md:px-8 is-layout-flex wp-container-core-columns-is-layout-9d6595d7 wp-block-columns-is-layout-flex\">\n<div class=\"wp-block-column is-layout-flow wp-block-column-is-layout-flow\">\n<section class=\"wp-block-adragos-blocks-footer-cta max-w-screen-lg bg-light mx-8 md:mx-auto px-8 py-12 text-center mt-3 mb-12 md:mb-16 rounded-xl\"><h2 class=\"\">Contactez-Nous\u00a0<\/h2><p class=\"subtitle font-light m-auto max-w-screen-sm py-6\">Pour plus de d\u00e9tails sur notre entreprise et nos services, n&rsquo;h\u00e9sitez pas \u00e0 contacter notre \u00e9quipe.\u00a0<\/p><div class=\"flex flex-col md:flex-row justify-center gap-4\"><a href=\"https:\/\/adragos-pharma.com\/fr\/nous-contacter\/?utm_campaign=MK_website_contactUs&#038;utm_source=Google&#038;utm_medium=banner&#038;utm_term=french&#038;utm_content=contact_us\" class=\"cta-link inline-block adragos-button text-white has-primary-background-color text-center\">Envoyer un message\u00a0<\/a><a href=\"https:\/\/meetings-eu1.hubspot.com\/lydia-marinou?ref=project-feasibility-fr-button\" class=\"cta-link2 inline-block adragos-button text-white has-secondary-background-color text-center\" target=\"_blank\" rel=\"noopener\">Planifier une r\u00e9union<\/a><\/div><\/section>\n<\/div>\n<\/div><style>\n            .wp-block-columns.is-wide {\n\t\t\t\tmax-width: 1280px!important;\n\t\t\t\tmargin-left: auto!important;\n\t\t\t\tmargin-right: auto!important;\n            }\n        <\/style>\n<\/div><\/div>\n","protected":false},"excerpt":{"rendered":"<p>Donner Vie \u00e0 Vos Projets Pharmaceutiques&nbsp; Notre site du Jura, en Suisse, est \u00e9quip\u00e9 pour g\u00e9rer des projets complexes, offrant une gamme compl\u00e8te de services de d\u00e9veloppement, du concept \u00e0 la commercialisation. De plus, nous fournissons \u00e9galement un soutien personnalis\u00e9 [&hellip;]<\/p>\n","protected":false},"author":8,"featured_media":0,"parent":14531,"menu_order":0,"comment_status":"closed","ping_status":"closed","template":"","meta":{"content-type":"","inline_featured_image":false,"footnotes":""},"class_list":["post-14546","page","type-page","status-publish","hentry"],"_links":{"self":[{"href":"https:\/\/adragos-pharma.com\/fr\/wp-json\/wp\/v2\/pages\/14546","targetHints":{"allow":["GET"]}}],"collection":[{"href":"https:\/\/adragos-pharma.com\/fr\/wp-json\/wp\/v2\/pages"}],"about":[{"href":"https:\/\/adragos-pharma.com\/fr\/wp-json\/wp\/v2\/types\/page"}],"author":[{"embeddable":true,"href":"https:\/\/adragos-pharma.com\/fr\/wp-json\/wp\/v2\/users\/8"}],"replies":[{"embeddable":true,"href":"https:\/\/adragos-pharma.com\/fr\/wp-json\/wp\/v2\/comments?post=14546"}],"version-history":[{"count":20,"href":"https:\/\/adragos-pharma.com\/fr\/wp-json\/wp\/v2\/pages\/14546\/revisions"}],"predecessor-version":[{"id":20716,"href":"https:\/\/adragos-pharma.com\/fr\/wp-json\/wp\/v2\/pages\/14546\/revisions\/20716"}],"up":[{"embeddable":true,"href":"https:\/\/adragos-pharma.com\/fr\/wp-json\/wp\/v2\/pages\/14531"}],"wp:attachment":[{"href":"https:\/\/adragos-pharma.com\/fr\/wp-json\/wp\/v2\/media?parent=14546"}],"curies":[{"name":"wp","href":"https:\/\/api.w.org\/{rel}","templated":true}]}}