{"id":14547,"date":"2024-11-25T12:15:44","date_gmt":"2024-11-25T10:15:44","guid":{"rendered":"https:\/\/adragos-pharma.com\/?page_id=14547"},"modified":"2026-03-23T16:35:11","modified_gmt":"2026-03-23T14:35:11","slug":"materiel-preclinique","status":"publish","type":"page","link":"https:\/\/adragos-pharma.com\/fr\/production-clinique\/materiel-preclinique\/","title":{"rendered":"Mat\u00e9riel pr\u00e9clinique"},"content":{"rendered":"\n<section class=\"wp-block-adragos-blocks-header relative has-primary-background-color bg-pattern bg-cover max-w-full bg-bottom px-3 pt-10 pb-44 md:pt-16 md:pb-44 has-secondary-background-color has-background\"><div class=\"relative z-30 max-w-screen-xl px-6 m-auto\"><nav class=\"flex mb-4\" aria-label=\"Breadcrumb\"><ol class=\"inline-flex items-center space-x-1 md:space-x-2 rtl:space-x-reverse\"><li class=\"inline-flex items-center\"><a href=\"https:\/\/adragos-pharma.com\/fr\/\" class=\"inline-flex items-center text-sm font-medium text-white hover:text-primary\"><svg class=\"w-3 h-3 me-2.5\" aria-hidden=\"true\" xmlns=\"http:\/\/www.w3.org\/2000\/svg\" fill=\"currentColor\" viewBox=\"0 0 20 20\"><path d=\"m19.707 9.293-2-2-7-7a1 1 0 0 0-1.414 0l-7 7-2 2a1 1 0 0 0 1.414 1.414L2 10.414V18a2 2 0 0 0 2 2h3a1 1 0 0 0 1-1v-4a1 1 0 0 1 1-1h2a1 1 0 0 1 1 1v4a1 1 0 0 0 1 1h3a2 2 0 0 0 2-2v-7.586l.293.293a1 1 0 0 0 1.414-1.414Z\"><\/path><\/svg>Home<\/a><\/li><li><div class=\"flex items-center\"><svg class=\"rtl:rotate-180 w-3 h-3 text-white mx-1\" aria-hidden=\"true\" xmlns=\"http:\/\/www.w3.org\/2000\/svg\" fill=\"none\" viewBox=\"0 0 6 10\"><path stroke=\"currentColor\" stroke-linecap=\"round\" stroke-linejoin=\"round\" stroke-width=\"2\" d=\"m1 9 4-4-4-4\"><\/path><\/svg><a href=\"https:\/\/adragos-pharma.com\/fr\/production-clinique\/\" class=\"ms-1 text-sm font-medium text-white hover:text-primary md:ms-2\">Clinical Manufacturing<\/a><\/div><\/li><li class=\"hidden md:inline-block\" aria-current=\"page\"><div class=\"flex items-center\"><svg class=\"rtl:rotate-180 w-3 h-3 text-white mx-1\" aria-hidden=\"true\" xmlns=\"http:\/\/www.w3.org\/2000\/svg\" fill=\"none\" viewBox=\"0 0 6 10\"><path stroke=\"currentColor\" stroke-linecap=\"round\" stroke-linejoin=\"round\" stroke-width=\"2\" d=\"m1 9 4-4-4-4\"><\/path><\/svg><span class=\"ms-1 text-sm font-medium text-white md:ms-2\">Preclinical Material<\/span><\/div><\/li><\/ol><\/nav><h1 class=\"text-3xl md:text-4xl text-white\">Preclinical Material<\/h1><\/div><div class=\"bg-wave absolute left-0 bottom-0 h-52 bg-repeat-x bg-[center_bottom] w-full\"><\/div><\/section>\n\n<div class=\"wp-block-columns max-w-screen-xl w-full is-wide px-0 md:px-8 is-layout-flex wp-container-core-columns-is-layout-9d6595d7 wp-block-columns-is-layout-flex\">\n<div class=\"wp-block-column is-layout-flow wp-block-column-is-layout-flow\">\n<p class=\"has-text-align-center\">Nous nous engageons \u00e0 garantir la pr\u00e9cision \u00e0 chaque \u00e9tape, reconnaissant que la <strong>pr\u00e9paration du mat\u00e9riel pr\u00e9clinique<\/strong> est le fondement essentiel du d\u00e9veloppement de traitements susceptibles de <strong>b\u00e9n\u00e9ficier aux patients<\/strong> \u00e0 l\u2019avenir. Nos services couvrent l\u2019ensemble du spectre des besoins pr\u00e9cliniques, <strong>du mat\u00e9riel d\u2019\u00e9tude de toxicologie et des \u00e9chantillons de stabilit\u00e9 \u00e0 la production de lots pilotes.<\/strong> <\/p>\n<\/div>\n<\/div><style>\n            .wp-block-columns.is-wide {\n\t\t\t\tmax-width: 1280px!important;\n\t\t\t\tmargin-left: auto!important;\n\t\t\t\tmargin-right: auto!important;\n            }\n        <\/style>\n\n<div class=\"wp-block-columns is-layout-flex wp-container-core-columns-is-layout-9d6595d7 wp-block-columns-is-layout-flex\">\n<div class=\"wp-block-column is-layout-flow wp-block-column-is-layout-flow\" style=\"flex-basis:100%\"><div class=\"wp-block-image\">\n<figure class=\"aligncenter size-full is-resized\"><img decoding=\"async\" width=\"1303\" height=\"867\" src=\"https:\/\/adragos-pharma.com\/wp-content\/uploads\/2024\/11\/Captura-de-pantalla-2024-11-21-104519.png\" alt=\"\" class=\"wp-image-14487\" style=\"object-fit:cover;width:800px;height:600px\" srcset=\"https:\/\/adragos-pharma.com\/wp-content\/uploads\/2024\/11\/Captura-de-pantalla-2024-11-21-104519.png 1303w, https:\/\/adragos-pharma.com\/wp-content\/uploads\/2024\/11\/Captura-de-pantalla-2024-11-21-104519-300x200.png 300w, https:\/\/adragos-pharma.com\/wp-content\/uploads\/2024\/11\/Captura-de-pantalla-2024-11-21-104519-1024x681.png 1024w, https:\/\/adragos-pharma.com\/wp-content\/uploads\/2024\/11\/Captura-de-pantalla-2024-11-21-104519-768x511.png 768w\" sizes=\"(max-width: 1303px) 100vw, 1303px\" \/><\/figure>\n<\/div><\/div>\n<\/div>\n\n<div style=\"height:62px\" aria-hidden=\"true\" class=\"wp-block-spacer\"><\/div>\n\n<section class=\"wp-block-adragos-blocks-box max-w-screen-xl mx-auto px-8 py-8\"><div class=\"grid grid-cols-1 lg:grid-cols-3 gap-x-8 gap-y-16\"><div class=\"top-image text-center relative box bg-light rounded-xl p-8\"><div class=\"\"><img decoding=\"async\" class=\"box-image mb-0\" src=\"https:\/\/adragos-pharma.com\/wp-content\/uploads\/2024\/03\/Analytical-Services.png\" alt=\"\"><h3 class=\"box-title\">Mat\u00e9riel d\u2019\u00e9tude de toxicologie<\/h3><\/div><p class=\"my-6 box-subtitle\">La s\u00e9curit\u00e9 de toutes les nouvelles th\u00e9rapies commence par des <strong>\u00e9valuations toxicologiques<\/strong> rigoureuses. Nous fournissons des mat\u00e9riels m\u00e9ticuleusement pr\u00e9par\u00e9s, con\u00e7us sp\u00e9cifiquement pour les \u00e9tudes de toxicologie, garantissant la <strong>conformit\u00e9<\/strong> aux normes r\u00e9glementaires. Nos mat\u00e9riels d\u2019\u00e9tude de toxicologie aident \u00e0 identifier les risques potentiels et \u00e0 \u00e9tablir des <strong>niveaux de dosage s\u00fbrs<\/strong>, jetant ainsi les bases de l\u2019approbation clinique.  <\/p><\/div><div class=\"top-image text-center relative box bg-light rounded-xl p-8\"><div class=\"\"><img decoding=\"async\" class=\"box-image mb-0\" src=\"https:\/\/adragos-pharma.com\/wp-content\/uploads\/2024\/03\/High-quality-standards.png\" alt=\"\"><h3 class=\"box-title\">Fabrication d\u2019\u00e9chantillons de stabilit\u00e9<\/h3><\/div><p class=\"my-6 box-subtitle\">Les <strong>tests de stabilit\u00e9<\/strong> sont essentiels pour d\u00e9terminer comment les propri\u00e9t\u00e9s d\u2019un produit th\u00e9rapeutique \u00e9voluent au fil du temps sous l\u2019influence de divers <strong>facteurs environnementaux<\/strong>. Nous fabriquons des \u00e9chantillons de stabilit\u00e9 qui subissent des tests complets pour s\u2019assurer qu\u2019ils r\u00e9pondent aux <strong>normes de qualit\u00e9<\/strong> strictes requises pour la suite du d\u00e9veloppement clinique. Cette \u00e9tape est essentielle pour v\u00e9rifier la <strong>dur\u00e9e de conservation<\/strong> et les <strong>conditions de stockage<\/strong> du produit.  <\/p><\/div><div class=\"top-image text-center relative box bg-light rounded-xl p-8\"><div class=\"\"><img decoding=\"async\" class=\"box-image mb-0\" src=\"https:\/\/adragos-pharma.com\/wp-content\/uploads\/2024\/03\/Collaborative-Excellence-in-Manufacturing.png\" alt=\"\"><h3 class=\"box-title\">Lot pilote<\/h3><\/div><p class=\"my-6 box-subtitle\">Notre production de lots pilotes est orient\u00e9e vers le passage de la recherche en laboratoire \u00e0 la <strong>fabrication commerciale<\/strong>. Cette \u00e9tape permet l\u2019<strong>optimisation<\/strong> du processus de production et la mise en \u0153uvre de mesures de <strong>contr\u00f4le de la qualit\u00e9<\/strong>. En simulant \u00e9troitement les conditions de fabrication r\u00e9elles, nous pouvons affiner le processus pour maximiser l\u2019<strong>efficacit\u00e9<\/strong> et l\u2019<strong>int\u00e9grit\u00e9 du produit<\/strong>.  <\/p><\/div><\/div><\/section>\n\n<div style=\"height:62px\" aria-hidden=\"true\" class=\"wp-block-spacer\"><\/div>\n\n<div class=\"wp-block-columns max-w-screen-xl w-full is-wide px-0 md:px-8 is-layout-flex wp-container-core-columns-is-layout-9d6595d7 wp-block-columns-is-layout-flex\">\n<div class=\"wp-block-column is-layout-flow wp-block-column-is-layout-flow\">\n<div class=\"wp-block-cover\"><img decoding=\"async\" width=\"1004\" height=\"665\" class=\"wp-block-cover__image-background wp-image-16998\" alt=\"Photo of Adragos facility in Jura, Switzerland\" src=\"https:\/\/adragos-pharma.com\/wp-content\/uploads\/2025\/04\/facility-jura-no-logo-2-2.png\" style=\"object-position:97% 52%\" data-object-fit=\"cover\" data-object-position=\"97% 52%\" srcset=\"https:\/\/adragos-pharma.com\/wp-content\/uploads\/2025\/04\/facility-jura-no-logo-2-2.png 1004w, https:\/\/adragos-pharma.com\/wp-content\/uploads\/2025\/04\/facility-jura-no-logo-2-2-300x199.png 300w, https:\/\/adragos-pharma.com\/wp-content\/uploads\/2025\/04\/facility-jura-no-logo-2-2-768x509.png 768w\" sizes=\"(max-width: 1004px) 100vw, 1004px\" \/><span aria-hidden=\"true\" class=\"wp-block-cover__background has-background-dim\" style=\"background-color:#6d7282\"><\/span><div class=\"wp-block-cover__inner-container is-layout-constrained wp-block-cover-is-layout-constrained\">\n<div class=\"wp-block-columns is-layout-flex wp-container-core-columns-is-layout-9d6595d7 wp-block-columns-is-layout-flex\">\n<div class=\"wp-block-column is-layout-flow wp-block-column-is-layout-flow\"><\/div>\n\n\n\n<div class=\"wp-block-column has-background is-layout-flow wp-block-column-is-layout-flow\" style=\"background-color:#ced4f994;padding-top:30px;padding-right:30px;padding-bottom:30px;padding-left:30px\">\n<h2 class=\"wp-block-heading has-black-color has-text-color has-link-color wp-elements-d692b4838a62e273d7c19a0fbc8aa8c7\">Nous proposons des services de mat\u00e9riel pr\u00e9clinique \u00e0 Jura, en Suisse<\/h2>\n\n\n\n<p class=\"has-black-color has-text-color has-link-color wp-elements-83434f5d976bcdbcc9bb408d2d9d9032\">Avec plus de 6\u202f000 m\u00b2 d\u2019installations et plus de 25 ans d\u2019exp\u00e9rience, Adragos Jura propose une fabrication clinique sur mesure pour soutenir vos essais th\u00e9rapeutiques.<\/p>\n\n\n\n<div class=\"wp-block-buttons is-layout-flex wp-block-buttons-is-layout-flex\">\n<div class=\"wp-block-button\"><a class=\"wp-block-button__link has-dark-blue-background-color has-background wp-element-button\" href=\"https:\/\/adragos-pharma.com\/fr\/jura-suisse\/\">Voir lemplacement<\/a><\/div>\n<\/div>\n<\/div>\n<\/div>\n<\/div><\/div>\n<\/div>\n<\/div><style>\n            .wp-block-columns.is-wide {\n\t\t\t\tmax-width: 1280px!important;\n\t\t\t\tmargin-left: auto!important;\n\t\t\t\tmargin-right: auto!important;\n            }\n        <\/style>\n\n<div style=\"height:64px\" aria-hidden=\"true\" class=\"wp-block-spacer\"><\/div>\n\n<div class=\"wp-block-group\"><div class=\"wp-block-group__inner-container is-layout-constrained wp-block-group-is-layout-constrained\">\n<div class=\"wp-block-columns max-w-screen-xl w-full is-wide px-0 md:px-8 is-layout-flex wp-container-core-columns-is-layout-9d6595d7 wp-block-columns-is-layout-flex\">\n<div class=\"wp-block-column is-layout-flow wp-block-column-is-layout-flow\">\n<section class=\"wp-block-adragos-blocks-footer-cta max-w-screen-lg bg-light mx-8 md:mx-auto px-8 py-12 text-center mt-3 mb-12 md:mb-16 rounded-xl md:mb-24\"><h2 class=\"\">Nous contacter<\/h2><p class=\"subtitle font-light m-auto max-w-screen-sm py-6\">Pour plus dinformations sur notre entreprise et nos services, nh\u00e9sitez pas \u00e0 contacter notre \u00e9quipe.<\/p><div class=\"flex flex-col md:flex-row justify-center gap-4\"><a href=\"https:\/\/adragos-pharma.com\/fr\/nous-contacter\/?utm_campaign=MK_website_contactUsutm_source=website_analyticalservices\" class=\"cta-link inline-block adragos-button text-white has-primary-background-color text-center\">Envoyer un message<\/a><a href=\"https:\/\/meetings-eu1.hubspot.com\/lydia-marinou?ref=preclinical-material-button\" class=\"cta-link2 inline-block adragos-button text-white has-secondary-background-color text-center\" target=\"_blank\" rel=\"noopener\">Planifier une r\u00e9union<\/a><\/div><\/section>\n<\/div>\n<\/div><style>\n            .wp-block-columns.is-wide {\n\t\t\t\tmax-width: 1280px!important;\n\t\t\t\tmargin-left: auto!important;\n\t\t\t\tmargin-right: auto!important;\n            }\n        <\/style>\n<\/div><\/div>\n","protected":false},"excerpt":{"rendered":"<p>Nous nous engageons \u00e0 garantir la pr\u00e9cision \u00e0 chaque \u00e9tape, reconnaissant que la pr\u00e9paration du mat\u00e9riel pr\u00e9clinique est le fondement essentiel du d\u00e9veloppement de traitements susceptibles de b\u00e9n\u00e9ficier aux patients \u00e0 l\u2019avenir. Nos services couvrent l\u2019ensemble du spectre des besoins [&hellip;]<\/p>\n","protected":false},"author":8,"featured_media":0,"parent":14531,"menu_order":0,"comment_status":"closed","ping_status":"closed","template":"","meta":{"content-type":"","inline_featured_image":false,"footnotes":""},"class_list":["post-14547","page","type-page","status-publish","hentry"],"_links":{"self":[{"href":"https:\/\/adragos-pharma.com\/fr\/wp-json\/wp\/v2\/pages\/14547","targetHints":{"allow":["GET"]}}],"collection":[{"href":"https:\/\/adragos-pharma.com\/fr\/wp-json\/wp\/v2\/pages"}],"about":[{"href":"https:\/\/adragos-pharma.com\/fr\/wp-json\/wp\/v2\/types\/page"}],"author":[{"embeddable":true,"href":"https:\/\/adragos-pharma.com\/fr\/wp-json\/wp\/v2\/users\/8"}],"replies":[{"embeddable":true,"href":"https:\/\/adragos-pharma.com\/fr\/wp-json\/wp\/v2\/comments?post=14547"}],"version-history":[{"count":15,"href":"https:\/\/adragos-pharma.com\/fr\/wp-json\/wp\/v2\/pages\/14547\/revisions"}],"predecessor-version":[{"id":24052,"href":"https:\/\/adragos-pharma.com\/fr\/wp-json\/wp\/v2\/pages\/14547\/revisions\/24052"}],"up":[{"embeddable":true,"href":"https:\/\/adragos-pharma.com\/fr\/wp-json\/wp\/v2\/pages\/14531"}],"wp:attachment":[{"href":"https:\/\/adragos-pharma.com\/fr\/wp-json\/wp\/v2\/media?parent=14547"}],"curies":[{"name":"wp","href":"https:\/\/api.w.org\/{rel}","templated":true}]}}