{"id":14548,"date":"2024-11-25T12:15:43","date_gmt":"2024-11-25T10:15:43","guid":{"rendered":"https:\/\/adragos-pharma.com\/?page_id=14548"},"modified":"2025-07-16T15:29:34","modified_gmt":"2025-07-16T13:29:34","slug":"execution-du-projet","status":"publish","type":"page","link":"https:\/\/adragos-pharma.com\/fr\/production-clinique\/execution-du-projet\/","title":{"rendered":"Execution du Projet"},"content":{"rendered":"\n<section class=\"wp-block-adragos-blocks-header relative has-primary-background-color bg-pattern bg-cover max-w-full bg-bottom px-3 pt-10 pb-44 md:pt-16 md:pb-44 has-dark-blue-background-color has-background\"><div class=\"relative z-30 max-w-screen-xl px-6 m-auto\"><nav class=\"flex mb-4\" aria-label=\"Breadcrumb\"><ol class=\"inline-flex items-center space-x-1 md:space-x-2 rtl:space-x-reverse\"><li class=\"inline-flex items-center\"><a href=\"https:\/\/adragos-pharma.com\/fr\/\" class=\"inline-flex items-center text-sm font-medium text-white hover:text-primary\"><svg class=\"w-3 h-3 me-2.5\" aria-hidden=\"true\" xmlns=\"http:\/\/www.w3.org\/2000\/svg\" fill=\"currentColor\" viewBox=\"0 0 20 20\"><path d=\"m19.707 9.293-2-2-7-7a1 1 0 0 0-1.414 0l-7 7-2 2a1 1 0 0 0 1.414 1.414L2 10.414V18a2 2 0 0 0 2 2h3a1 1 0 0 0 1-1v-4a1 1 0 0 1 1-1h2a1 1 0 0 1 1 1v4a1 1 0 0 0 1 1h3a2 2 0 0 0 2-2v-7.586l.293.293a1 1 0 0 0 1.414-1.414Z\"><\/path><\/svg>Home<\/a><\/li><li><div class=\"flex items-center\"><svg class=\"rtl:rotate-180 w-3 h-3 text-white mx-1\" aria-hidden=\"true\" xmlns=\"http:\/\/www.w3.org\/2000\/svg\" fill=\"none\" viewBox=\"0 0 6 10\"><path stroke=\"currentColor\" stroke-linecap=\"round\" stroke-linejoin=\"round\" stroke-width=\"2\" d=\"m1 9 4-4-4-4\"><\/path><\/svg><a href=\"https:\/\/adragos-pharma.com\/fr\/production-clinique\/\" class=\"ms-1 text-sm font-medium text-white hover:text-primary md:ms-2\">Production Clinique<\/a><\/div><\/li><li class=\"hidden md:inline-block\" aria-current=\"page\"><div class=\"flex items-center\"><svg class=\"rtl:rotate-180 w-3 h-3 text-white mx-1\" aria-hidden=\"true\" xmlns=\"http:\/\/www.w3.org\/2000\/svg\" fill=\"none\" viewBox=\"0 0 6 10\"><path stroke=\"currentColor\" stroke-linecap=\"round\" stroke-linejoin=\"round\" stroke-width=\"2\" d=\"m1 9 4-4-4-4\"><\/path><\/svg><span class=\"ms-1 text-sm font-medium text-white md:ms-2\">Execution du Projet<\/span><\/div><\/li><\/ol><\/nav><h1 class=\"text-3xl md:text-4xl text-white\">Execution du Projet<\/h1><\/div><div class=\"bg-wave absolute left-0 bottom-0 h-52 bg-repeat-x bg-[center_bottom] w-full\"><\/div><\/section>\n\n\n\n<div class=\"wp-block-columns max-w-screen-xl w-full is-wide px-0 md:px-8 is-layout-flex wp-container-core-columns-is-layout-9d6595d7 wp-block-columns-is-layout-flex\">\n<div class=\"wp-block-column is-layout-flow wp-block-column-is-layout-flow\">\n<p class=\"has-text-align-center\">Passant de la recherche \u00e0 l&rsquo;application dans le monde r\u00e9el, la phase de <strong>execution du projet<\/strong> est cruciale. Elle se concentre sur la garantie que chaque aspect de la production est parfaitement align\u00e9 sur des normes rigoureuses, afin de se conformer parfaitement aux requis des <strong>essais cliniques<\/strong>. Cette \u00e9tape pr\u00e9pare les traitements pour leur usage dans les essais cliniques, soutenue par un engagement ind\u00e9fectible envers l&rsquo;excellence et la conformit\u00e9.&nbsp;<\/p>\n<\/div>\n<\/div><style>\n            .wp-block-columns.is-wide {\n\t\t\t\tmax-width: 1280px!important;\n\t\t\t\tmargin-left: auto!important;\n\t\t\t\tmargin-right: auto!important;\n            }\n        <\/style>\n\n\n\n<div class=\"wp-block-columns is-layout-flex wp-container-core-columns-is-layout-9d6595d7 wp-block-columns-is-layout-flex\">\n<div class=\"wp-block-column is-layout-flow wp-block-column-is-layout-flow\" style=\"flex-basis:100%\">\n<figure class=\"wp-block-image size-full\"><img decoding=\"async\" width=\"1305\" height=\"867\" src=\"https:\/\/adragos-pharma.com\/wp-content\/uploads\/2024\/11\/Captura-de-pantalla-2024-11-21-104436.png\" alt=\"\" class=\"wp-image-14463\" srcset=\"https:\/\/adragos-pharma.com\/wp-content\/uploads\/2024\/11\/Captura-de-pantalla-2024-11-21-104436.png 1305w, https:\/\/adragos-pharma.com\/wp-content\/uploads\/2024\/11\/Captura-de-pantalla-2024-11-21-104436-300x199.png 300w, https:\/\/adragos-pharma.com\/wp-content\/uploads\/2024\/11\/Captura-de-pantalla-2024-11-21-104436-1024x680.png 1024w, https:\/\/adragos-pharma.com\/wp-content\/uploads\/2024\/11\/Captura-de-pantalla-2024-11-21-104436-768x510.png 768w\" sizes=\"(max-width: 1305px) 100vw, 1305px\" \/><\/figure>\n<\/div>\n<\/div>\n\n\n\n<div style=\"height:51px\" aria-hidden=\"true\" class=\"wp-block-spacer\"><\/div>\n\n\n\n<section class=\"wp-block-adragos-blocks-box max-w-screen-xl mx-auto px-8 py-8\"><div class=\"grid grid-cols-1 lg:grid-cols-2 gap-x-8 gap-y-16\"><div class=\"top-image text-center relative box bg-light rounded-xl p-8\"><div class=\"\"><img decoding=\"async\" class=\"box-image mb-0\" src=\"https:\/\/adragos-pharma.com\/wp-content\/uploads\/2024\/08\/Regulatory-Services.png\" alt=\"\"\/><h3 class=\"box-title\">Alignement du Processus avec les BPF (GMP)<\/h3><\/div><p class=\"my-6 box-subtitle\">S&rsquo;assurer que nos processus sont align\u00e9s sur les <strong>Bonnes Pratiques de Fabrication (BPF)<\/strong> est fondamental. Cet alignement garantit que nos produits sont fabriqu\u00e9s et contr\u00f4l\u00e9s de mani\u00e8re coh\u00e9rente, conform\u00e9ment aux normes de qualit\u00e9.<\/p><\/div><div class=\"top-image text-center relative box bg-light rounded-xl p-8\"><div class=\"\"><img decoding=\"async\" class=\"box-image mb-0\" src=\"https:\/\/adragos-pharma.com\/wp-content\/uploads\/2024\/03\/Data.png\" alt=\"\"\/><h3 class=\"box-title\">Mise \u00e0 l&rsquo;\u00e9chelle\u00a0<\/h3><\/div><p class=\"my-6 box-subtitle\">La transition des environnements de laboratoire \u00e0 petite \u00e9chelle vers des \u00e9chelles de production plus importantes est essentielle. Cette mise \u00e0 l&rsquo;\u00e9chelle implique d&rsquo;<strong>optimiser le processus de production<\/strong> pour r\u00e9pondre \u00e0 la demande des essais cliniques sans compromettre la qualit\u00e9.&nbsp;<\/p><\/div><div class=\"top-image text-center relative box bg-light rounded-xl p-8\"><div class=\"\"><img decoding=\"async\" class=\"box-image mb-0\" src=\"https:\/\/adragos-pharma.com\/wp-content\/uploads\/2024\/03\/High-quality-standards-Pink.png\" alt=\"\"\/><h3 class=\"box-title\">Fabrication BPF (GMP)\u00a0<\/h3><\/div><p class=\"my-6 box-subtitle\">Nos installations respectent strictement les directives des BPF, garantissant que chaque lot de produit est <strong>uniforme<\/strong> et en <strong>conformit\u00e9 avec les exigences r\u00e9glementaires<\/strong> qui r\u00e9gissent la fabrication pharmaceutique.&nbsp;<\/p><\/div><div class=\"top-image text-center relative box bg-light rounded-xl p-8\"><div class=\"\"><img decoding=\"async\" class=\"box-image mb-0\" src=\"https:\/\/adragos-pharma.com\/wp-content\/uploads\/2024\/03\/Packaging-Solutions.png\" alt=\"\"\/><h3 class=\"box-title\">Conditionnement secondaire<\/h3><\/div><p class=\"my-6 box-subtitle\">Un conditionnement appropri\u00e9 est essentiel non seulement pour la s\u00e9curit\u00e9, mais aussi pour la conformit\u00e9. Nos solutions de <strong>conditionnement secondaire<\/strong> sont con\u00e7ues pour prot\u00e9ger le produit et assurer son int\u00e9grit\u00e9 tout au long du processus d&rsquo;essai clinique.<\/p><\/div><div class=\"top-image text-center relative box bg-light rounded-xl p-8\"><div class=\"\"><img decoding=\"async\" class=\"box-image mb-0\" src=\"https:\/\/adragos-pharma.com\/wp-content\/uploads\/2024\/03\/Supply-Chain-1.png\" alt=\"\"\/><h3 class=\"box-title\">Stockage BPF (GMP)<\/h3><\/div><p class=\"my-6 box-subtitle\">Nos <strong>installations de stockage \u00e0 la pointe de la technologie<\/strong> maintiennent des conditions optimales pour pr\u00e9server la qualit\u00e9 et l&rsquo;efficacit\u00e9 des produits pharmaceutiques. Le stockage BPF est essentiel pour prot\u00e9ger ces mat\u00e9riaux jusqu&rsquo;\u00e0 ce qu&rsquo;ils soient pr\u00eats \u00e0 \u00eatre utilis\u00e9s.<\/p><\/div><\/div><\/section>\n\n\n\n<div style=\"height:51px\" aria-hidden=\"true\" class=\"wp-block-spacer\"><\/div>\n\n\n\n<div class=\"wp-block-columns tw-rounded-xl max-w-screen-xl w-full is-wide px-0 md:px-8 is-layout-flex wp-container-core-columns-is-layout-abbe5815 wp-block-columns-is-layout-flex\" style=\"padding-top:0;padding-right:0;padding-bottom:0;padding-left:0\">\n<div class=\"wp-block-column is-layout-flow wp-block-column-is-layout-flow\">\n<div class=\"wp-block-cover\"><img decoding=\"async\" width=\"1004\" height=\"665\" class=\"wp-block-cover__image-background wp-image-16998\" alt=\"\" src=\"https:\/\/adragos-pharma.com\/wp-content\/uploads\/2025\/04\/facility-jura-no-logo-2-2.png\" data-object-fit=\"cover\" srcset=\"https:\/\/adragos-pharma.com\/wp-content\/uploads\/2025\/04\/facility-jura-no-logo-2-2.png 1004w, https:\/\/adragos-pharma.com\/wp-content\/uploads\/2025\/04\/facility-jura-no-logo-2-2-300x199.png 300w, https:\/\/adragos-pharma.com\/wp-content\/uploads\/2025\/04\/facility-jura-no-logo-2-2-768x509.png 768w\" sizes=\"(max-width: 1004px) 100vw, 1004px\" \/><span aria-hidden=\"true\" class=\"wp-block-cover__background has-background-dim\" style=\"background-color:#6d7282\"><\/span><div class=\"wp-block-cover__inner-container is-layout-constrained wp-block-cover-is-layout-constrained\">\n<div class=\"wp-block-columns is-layout-flex wp-container-core-columns-is-layout-9d6595d7 wp-block-columns-is-layout-flex\">\n<div class=\"wp-block-column is-layout-flow wp-block-column-is-layout-flow\"><\/div>\n\n\n\n<div class=\"wp-block-column has-background is-layout-flow wp-block-column-is-layout-flow\" style=\"background-color:#ced4f994;padding-top:30px;padding-right:30px;padding-bottom:30px;padding-left:30px\">\n<h2 class=\"wp-block-heading has-black-color has-text-color has-link-color wp-elements-35275a81bfdcb7924478ffe430e7dd95\">Nous offrons des services de execution du projet dans le Jura, en Suisse<\/h2>\n\n\n\n<p class=\"has-black-color has-text-color has-link-color wp-elements-70d46eb50097f8e050147fdb68dc23f0\">Avec plus de 6 000 m\u00b2 d&rsquo;installations et plus de 25 ans d&rsquo;exp\u00e9rience, Adragos Jura propose une fabrication clinique personnalis\u00e9e pour soutenir vos essais th\u00e9rapeutiques.<\/p>\n\n\n\n<div class=\"wp-block-buttons is-layout-flex wp-block-buttons-is-layout-flex\">\n<div class=\"wp-block-button\"><a class=\"wp-block-button__link has-dark-blue-background-color has-background wp-element-button\" href=\"https:\/\/adragos-pharma.com\/fr\/jura-suisse\/\">View location<\/a><\/div>\n<\/div>\n<\/div>\n<\/div>\n<\/div><\/div>\n<\/div>\n<\/div><style>\n            .wp-block-columns.is-wide {\n\t\t\t\tmax-width: 1280px!important;\n\t\t\t\tmargin-left: auto!important;\n\t\t\t\tmargin-right: auto!important;\n            }\n        <\/style>\n\n\n\n<div style=\"height:64px\" aria-hidden=\"true\" class=\"wp-block-spacer\"><\/div>\n\n\n\n<div class=\"wp-block-group\"><div class=\"wp-block-group__inner-container is-layout-constrained wp-block-group-is-layout-constrained\">\n<div class=\"wp-block-columns max-w-screen-xl w-full is-wide px-0 md:px-8 is-layout-flex wp-container-core-columns-is-layout-9d6595d7 wp-block-columns-is-layout-flex\">\n<div class=\"wp-block-column is-layout-flow wp-block-column-is-layout-flow\">\n<section class=\"wp-block-adragos-blocks-footer-cta max-w-screen-lg bg-light mx-8 md:mx-auto px-8 py-12 text-center mt-3 mb-12 md:mb-16 rounded-xl md:mb-24\"><h2 class=\"\">Contactez-Nous<\/h2><p class=\"subtitle font-light m-auto max-w-screen-sm py-6\">Pour plus de d\u00e9tails sur notre entreprise et nos services, n\u2019h\u00e9sitez pas \u00e0 contacter notre \u00e9quipe.\u00a0<\/p><div class=\"flex flex-col md:flex-row justify-center gap-4\"><a href=\"https:\/\/adragos-pharma.com\/fr\/nous-contacter\/?utm_campaign=MK_website_contactUs&#038;utm_source=Google&#038;utm_medium=banner&#038;utm_term=french&#038;utm_content=contact_us\" class=\"cta-link inline-block adragos-button text-white has-primary-background-color text-center\">Envoyer un message<\/a><a href=\"https:\/\/meetings-eu1.hubspot.com\/lydia-marinou?ref=project-operations-fr-button\" class=\"cta-link2 inline-block adragos-button text-white has-secondary-background-color text-center\" target=\"_blank\" rel=\"noopener\">Planifier une r\u00e9union<\/a><\/div><\/section>\n<\/div>\n<\/div><style>\n            .wp-block-columns.is-wide {\n\t\t\t\tmax-width: 1280px!important;\n\t\t\t\tmargin-left: auto!important;\n\t\t\t\tmargin-right: auto!important;\n            }\n        <\/style>\n<\/div><\/div>\n","protected":false},"excerpt":{"rendered":"<p>Passant de la recherche \u00e0 l&rsquo;application dans le monde r\u00e9el, la phase de execution du projet est cruciale. Elle se concentre sur la garantie que chaque aspect de la production est parfaitement align\u00e9 sur des normes rigoureuses, afin de se [&hellip;]<\/p>\n","protected":false},"author":8,"featured_media":0,"parent":14531,"menu_order":0,"comment_status":"closed","ping_status":"closed","template":"","meta":{"content-type":"","inline_featured_image":false,"footnotes":""},"class_list":["post-14548","page","type-page","status-publish","hentry"],"_links":{"self":[{"href":"https:\/\/adragos-pharma.com\/fr\/wp-json\/wp\/v2\/pages\/14548","targetHints":{"allow":["GET"]}}],"collection":[{"href":"https:\/\/adragos-pharma.com\/fr\/wp-json\/wp\/v2\/pages"}],"about":[{"href":"https:\/\/adragos-pharma.com\/fr\/wp-json\/wp\/v2\/types\/page"}],"author":[{"embeddable":true,"href":"https:\/\/adragos-pharma.com\/fr\/wp-json\/wp\/v2\/users\/8"}],"replies":[{"embeddable":true,"href":"https:\/\/adragos-pharma.com\/fr\/wp-json\/wp\/v2\/comments?post=14548"}],"version-history":[{"count":15,"href":"https:\/\/adragos-pharma.com\/fr\/wp-json\/wp\/v2\/pages\/14548\/revisions"}],"predecessor-version":[{"id":20721,"href":"https:\/\/adragos-pharma.com\/fr\/wp-json\/wp\/v2\/pages\/14548\/revisions\/20721"}],"up":[{"embeddable":true,"href":"https:\/\/adragos-pharma.com\/fr\/wp-json\/wp\/v2\/pages\/14531"}],"wp:attachment":[{"href":"https:\/\/adragos-pharma.com\/fr\/wp-json\/wp\/v2\/media?parent=14548"}],"curies":[{"name":"wp","href":"https:\/\/api.w.org\/{rel}","templated":true}]}}