{"id":18536,"date":"2025-03-13T17:34:20","date_gmt":"2025-03-13T15:34:20","guid":{"rendered":"https:\/\/adragos-pharma.com\/?page_id=18536"},"modified":"2025-07-16T15:30:11","modified_gmt":"2025-07-16T13:30:11","slug":"produits-biologiques","status":"publish","type":"page","link":"https:\/\/adragos-pharma.com\/fr\/production-clinique\/produits-biologiques\/","title":{"rendered":"Produits Biologiques"},"content":{"rendered":"\n<section class=\"wp-block-adragos-blocks-header relative has-primary-background-color bg-pattern bg-cover max-w-full bg-bottom px-3 pt-10 pb-44 md:pt-16 md:pb-44 has-dark-blue-background-color has-background\"><div class=\"relative z-30 max-w-screen-xl px-6 m-auto\"><nav class=\"flex mb-4\" aria-label=\"Breadcrumb\"><ol class=\"inline-flex items-center space-x-1 md:space-x-2 rtl:space-x-reverse\"><li class=\"inline-flex items-center\"><a href=\"https:\/\/adragos-pharma.com\/fr\/\" class=\"inline-flex items-center text-sm font-medium text-white hover:text-primary\"><svg class=\"w-3 h-3 me-2.5\" aria-hidden=\"true\" xmlns=\"http:\/\/www.w3.org\/2000\/svg\" fill=\"currentColor\" viewBox=\"0 0 20 20\"><path d=\"m19.707 9.293-2-2-7-7a1 1 0 0 0-1.414 0l-7 7-2 2a1 1 0 0 0 1.414 1.414L2 10.414V18a2 2 0 0 0 2 2h3a1 1 0 0 0 1-1v-4a1 1 0 0 1 1-1h2a1 1 0 0 1 1 1v4a1 1 0 0 0 1 1h3a2 2 0 0 0 2-2v-7.586l.293.293a1 1 0 0 0 1.414-1.414Z\"><\/path><\/svg>Home<\/a><\/li><li><div class=\"flex items-center\"><svg class=\"rtl:rotate-180 w-3 h-3 text-white mx-1\" aria-hidden=\"true\" xmlns=\"http:\/\/www.w3.org\/2000\/svg\" fill=\"none\" viewBox=\"0 0 6 10\"><path stroke=\"currentColor\" stroke-linecap=\"round\" stroke-linejoin=\"round\" stroke-width=\"2\" d=\"m1 9 4-4-4-4\"><\/path><\/svg><a href=\"https:\/\/adragos-pharma.com\/fr\/production-clinique\/\" class=\"ms-1 text-sm font-medium text-white hover:text-primary md:ms-2\">Production Clinique<\/a><\/div><\/li><li class=\"hidden md:inline-block\" aria-current=\"page\"><div class=\"flex items-center\"><svg class=\"rtl:rotate-180 w-3 h-3 text-white mx-1\" aria-hidden=\"true\" xmlns=\"http:\/\/www.w3.org\/2000\/svg\" fill=\"none\" viewBox=\"0 0 6 10\"><path stroke=\"currentColor\" stroke-linecap=\"round\" stroke-linejoin=\"round\" stroke-width=\"2\" d=\"m1 9 4-4-4-4\"><\/path><\/svg><span class=\"ms-1 text-sm font-medium text-white md:ms-2\">Produits Biologiques<\/span><\/div><\/li><\/ol><\/nav><h1 class=\"text-3xl md:text-4xl text-white\">Produits Biologiques<\/h1><\/div><div class=\"bg-wave absolute left-0 bottom-0 h-52 bg-repeat-x bg-[center_bottom] w-full\"><\/div><\/section>\n\n\n\n<div class=\"wp-block-columns max-w-screen-xl w-full is-wide px-0 md:px-8 is-layout-flex wp-container-core-columns-is-layout-9d6595d7 wp-block-columns-is-layout-flex\">\n<div class=\"wp-block-column is-layout-flow wp-block-column-is-layout-flow\">\n<p class=\"has-text-align-center\">Nous sommes sp\u00e9cialis\u00e9s dans le <strong>remplissage et la finition aseptiques<\/strong> de m\u00e9dicaments biologiques, offrant des solutions compl\u00e8tes adapt\u00e9es \u00e0 la fabrication clinique et commerciale \u00e0 petite \u00e9chelle. Notre site de <strong>Jura, en Suisse<\/strong>, fort de plus de 20 ans d&rsquo;expertise, garantit une production <strong>conforme aux BPF et \u00e0 la FDA<\/strong> selon les normes de qualit\u00e9 et de s\u00e9curit\u00e9 les plus \u00e9lev\u00e9es.&nbsp;<\/p>\n<\/div>\n<\/div><style>\n            .wp-block-columns.is-wide {\n\t\t\t\tmax-width: 1280px!important;\n\t\t\t\tmargin-left: auto!important;\n\t\t\t\tmargin-right: auto!important;\n            }\n        <\/style>\n\n\n\n<div style=\"height:20px\" aria-hidden=\"true\" class=\"wp-block-spacer\"><\/div>\n\n\n\n<div class=\"wp-block-columns max-w-screen-xl w-full is-wide px-0 md:px-8 is-layout-flex wp-container-core-columns-is-layout-9d6595d7 wp-block-columns-is-layout-flex\">\n<div class=\"wp-block-column is-layout-flow wp-block-column-is-layout-flow\">\n<h2 class=\"wp-block-heading\">Support CMC du Stade Clinique au Stade Commercial&nbsp;<\/h2>\n\n\n\n<p>Nos <strong>services CMC complets<\/strong> couvrent chaque \u00e9tape de votre programme de produits biologiques :&nbsp;<\/p>\n\n\n\n<ul class=\"wp-block-list\">\n<li><strong>Collaboration et transparence :<\/strong> Travaillez en \u00e9troite collaboration avec nos \u00e9quipes d&rsquo;experts avec un acc\u00e8s direct aux connaissances techniques.&nbsp;<\/li>\n<\/ul>\n\n\n\n<ul class=\"wp-block-list\">\n<li><strong>Expertise r\u00e9glementaire :<\/strong> Naviguez en toute confiance dans les exigences des agences mondiales.&nbsp;<\/li>\n<\/ul>\n\n\n\n<ul class=\"wp-block-list\">\n<li><strong>Prise de d\u00e9cision strat\u00e9gique :<\/strong> B\u00e9n\u00e9ficiez d&rsquo;une expertise scientifique qui assure une ex\u00e9cution de projet intelligente et efficace.&nbsp;<\/li>\n\n\n\n<li><strong>Exp\u00e9rience \u00e9prouv\u00e9e en mati\u00e8re de transferts technologiques transparents de bioproc\u00e9d\u00e9s : <\/strong>Int\u00e9gration efficace des processus de tiers et transfert sans faille des processus d\u00e9velopp\u00e9s en interne.&nbsp;<\/li>\n<\/ul>\n\n\n\n<p>Nous assurons un parcours fluide et \u00e9clair\u00e9, du stade pr\u00e9clinique au stade clinique et au-del\u00e0.&nbsp;<\/p>\n<\/div>\n\n\n\n<div class=\"wp-block-column is-layout-flow wp-block-column-is-layout-flow\"><div class=\"wp-block-image\">\n<figure class=\"aligncenter size-full\"><img decoding=\"async\" width=\"575\" height=\"867\" src=\"https:\/\/adragos-pharma.com\/wp-content\/uploads\/2024\/11\/Captura-de-pantalla-2024-11-21-104622.png\" alt=\"\" class=\"wp-image-14451\" style=\"aspect-ratio:1;object-fit:cover\" srcset=\"https:\/\/adragos-pharma.com\/wp-content\/uploads\/2024\/11\/Captura-de-pantalla-2024-11-21-104622.png 575w, https:\/\/adragos-pharma.com\/wp-content\/uploads\/2024\/11\/Captura-de-pantalla-2024-11-21-104622-199x300.png 199w\" sizes=\"(max-width: 575px) 100vw, 575px\" \/><\/figure>\n<\/div><\/div>\n<\/div><style>\n            .wp-block-columns.is-wide {\n\t\t\t\tmax-width: 1280px!important;\n\t\t\t\tmargin-left: auto!important;\n\t\t\t\tmargin-right: auto!important;\n            }\n        <\/style>\n\n\n\n<div style=\"height:20px\" aria-hidden=\"true\" class=\"wp-block-spacer\"><\/div>\n\n\n\n<h2 class=\"wp-block-heading has-text-align-center\"><strong><strong>Pourquoi choisir le Jura pour les produits biologiques ?<\/strong>&nbsp;<\/strong><\/h2>\n\n\n\n<div style=\"height:52px\" aria-hidden=\"true\" class=\"wp-block-spacer\"><\/div>\n\n\n\n<section class=\"wp-block-adragos-blocks-box max-w-screen-xl mx-auto px-8 py-8\"><div class=\"grid grid-cols-1 lg:grid-cols-2 gap-x-8 gap-y-16\"><div class=\"top-image text-center relative box bg-light rounded-xl p-8\"><div class=\"\"><img decoding=\"async\" class=\"box-image mb-0\" src=\"https:\/\/adragos-pharma.com\/wp-content\/uploads\/2024\/08\/Regulatory-Services.png\" alt=\"\"\/><h3 class=\"box-title\">Solutions sur mesure pour votre programme de produits biologiques\u00a0<\/h3><\/div><p class=\"my-6 box-subtitle\">Nos <strong>experts scientifiques<\/strong> \u00e9laborent avec soin une strat\u00e9gie qui correspond \u00e0 vos besoins :&nbsp;<br>\u2714 Exigences techniques&nbsp;<br>\u2714 Contraintes du projet&nbsp;<br>\u2714 D\u00e9lais&nbsp;<\/p><\/div><div class=\"top-image text-center relative box bg-light rounded-xl p-8\"><div class=\"\"><img decoding=\"async\" class=\"box-image mb-0\" src=\"https:\/\/adragos-pharma.com\/wp-content\/uploads\/2024\/03\/Collaborative-Excellence-in-Manufacturing.png\" alt=\"\"\/><h3 class=\"box-title\">Fabrication flexible et \u00e9volutive\u00a0<\/h3><\/div><p class=\"my-6 box-subtitle\">\u2714 Pas de <strong>taille de lot minimum<\/strong> \u2013 production sur mesure pour vos besoins sp\u00e9cifiques&nbsp;<br>\u2714 Support de <strong>mise \u00e0 l&rsquo;\u00e9chelle de proc\u00e9d\u00e9 et de transfert de technologie<\/strong>&nbsp;<br>\u2714 Alignement des processus <strong>conformes aux BPF<\/strong> de la phase I \u00e0 la phase III&nbsp;<br>\u2714 <strong>Stockage \u00e0 temp\u00e9rature contr\u00f4l\u00e9e<\/strong> pour maintenir l&rsquo;int\u00e9grit\u00e9 des produits biologiques<\/p><\/div><div class=\"top-image text-center relative box bg-light rounded-xl p-8\"><div class=\"\"><img decoding=\"async\" class=\"box-image mb-0\" src=\"https:\/\/adragos-pharma.com\/wp-content\/uploads\/2024\/03\/EU-GMP-and-FDA.png\" alt=\"\"\/><h3 class=\"box-title\">Support r\u00e8glementaire<\/h3><\/div><p class=\"my-6 box-subtitle\">\u2714 <strong>Conformit\u00e9 r\u00e9glementaire compl\u00e8te aux BPF et \u00e0 la FDA<\/strong> avec des conseils d&rsquo;experts&nbsp;<br>\u2714 <strong>Simulation de processus aseptique (SPA)<\/strong> pour assurer les conditions de st\u00e9rilit\u00e9.&nbsp;<br>Nous veillons \u00e0 ce que toute la documentation r\u00e9ponde aux <strong>normes r\u00e9glementaires les plus \u00e9lev\u00e9es<\/strong>, facilitant les approbations et acc\u00e9l\u00e9rant votre parcours vers la mise sur le march\u00e9.<\/p><\/div><div class=\"top-image text-center relative box bg-light rounded-xl p-8\"><div class=\"\"><img decoding=\"async\" class=\"box-image mb-0\" src=\"https:\/\/adragos-pharma.com\/wp-content\/uploads\/2024\/03\/High-quality-standards.png\" alt=\"\"\/><h3 class=\"box-title\">Excellence en mati\u00e8re d&rsquo;analyse et de contr\u00f4le de la qualit\u00e9<\/h3><\/div><p class=\"my-6 box-subtitle\">Nous fournissons des <strong>services complets de contr\u00f4le de la qualit\u00e9 et d&rsquo;analyse<\/strong> pour maintenir la s\u00e9curit\u00e9 et l&rsquo;efficacit\u00e9 des produits biologiques :<br>\u2714 <strong>HPLC, UPLC<\/strong> et s<strong>pectrophotom\u00e9trie UV-Vis<\/strong> pour les tests de puret\u00e9&nbsp;<br>\u2714 Tests d&rsquo;endotoxines et de st\u00e9rilit\u00e9 sous isolateurs&nbsp;<br>\u2714 \u00c9tudes de stabilit\u00e9 \u00e0 long terme dans des conditions ICH&nbsp;<\/p><\/div><div class=\"top-image text-center relative box bg-light rounded-xl p-8\"><div class=\"\"><img decoding=\"async\" class=\"box-image mb-0\" src=\"https:\/\/adragos-pharma.com\/wp-content\/uploads\/2024\/05\/Supply-Chain.png\" alt=\"\"\/><h3 class=\"box-title\">Solutions de fabrication de produits biologiques\u00a0<\/h3><\/div><p class=\"my-6 box-subtitle\">De la <strong>production de lots cliniques<\/strong> \u00e0 la <strong>fabrication commerciale<\/strong>, nous soutenons l&rsquo;ensemble du cycle de vie des produits biologiques avec :&nbsp;<br>\u2714 Remplissage aseptique de solutions et lyophilisation&nbsp;<br>\u2714 Formulations complexes et manipulation de peptides&nbsp;<br>\u2714 Remplissage de faible volume de suspensions st\u00e9riles<br>\u2714 Conditionnement primaire et secondaire&nbsp;<\/p><\/div><div class=\"top-image text-center relative box bg-light rounded-xl p-8\"><div class=\"\"><img decoding=\"async\" class=\"box-image mb-0\" src=\"https:\/\/adragos-pharma.com\/wp-content\/uploads\/2024\/03\/Formulation-and-Process-Development.png\" alt=\"\"\/><h3 class=\"box-title\">Expertise en mati\u00e8re de remplissage et de finition aseptiques<\/h3><\/div><p class=\"my-6 box-subtitle\">Nous offrons une fabrication sp\u00e9cialis\u00e9e pour les <strong>produits biologiques st\u00e9riles lyophilis\u00e9s et liquides<\/strong> en flacons de verre, en mettant fortement l&rsquo;accent sur la <strong>production de petits lots<\/strong> pour les besoins cliniques et commerciaux. Nos processus aseptiques garantissent la st\u00e9rilit\u00e9, la s\u00e9curit\u00e9 et l&rsquo;efficacit\u00e9 \u00e0 chaque \u00e9tape.&nbsp;<\/p><\/div><\/div><\/section>\n\n\n\n<div class=\"wp-block-group has-background is-nowrap is-layout-flex wp-container-core-group-is-layout-ad2f72ca wp-block-group-is-layout-flex\" style=\"background-color:#fe86d2\">\n<div class=\"wp-block-columns max-w-screen-xl w-full is-wide px-0 md:px-8 is-layout-flex wp-container-core-columns-is-layout-9d6595d7 wp-block-columns-is-layout-flex\">\n<div class=\"wp-block-column is-layout-flow wp-block-column-is-layout-flow\">\n<p><\/p>\n\n\n\n<h2 class=\"wp-block-heading has-text-align-center\">T\u00e9l\u00e9chargez notre brochure d\u00e8s maintenant !&nbsp;<\/h2>\n\n\n\n<p class=\"has-text-align-center has-black-color has-text-color has-link-color wp-elements-4f2ec2c02a8d6b2f20f42c7d4fea6727\">D\u00e9couvrez nos services de produits biologiques dans nos installations du Jura, en Suisse.&nbsp;<\/p>\n\n\n\n<div class=\"wp-block-buttons is-content-justification-center is-layout-flex wp-container-core-buttons-is-layout-16018d1d wp-block-buttons-is-layout-flex\">\n<div class=\"wp-block-button\"><a class=\"wp-block-button__link has-black-background-color has-background has-text-align-center wp-element-button\" href=\"https:\/\/share-eu1.hsforms.com\/1Qi9sPkAHRdWXOoZqhSbjRQfxkpu\" target=\"_blank\" rel=\"noopener\"><strong>Download Now<\/strong><\/a><\/div>\n<\/div>\n\n\n\n<p><\/p>\n<\/div>\n<\/div><style>\n            .wp-block-columns.is-wide {\n\t\t\t\tmax-width: 1280px!important;\n\t\t\t\tmargin-left: auto!important;\n\t\t\t\tmargin-right: auto!important;\n            }\n        <\/style>\n<\/div>\n\n\n\n<div style=\"height:52px\" aria-hidden=\"true\" class=\"wp-block-spacer\"><\/div>\n\n\n\n<div class=\"wp-block-columns max-w-screen-xl w-full is-wide px-0 md:px-8 is-layout-flex wp-container-core-columns-is-layout-9d6595d7 wp-block-columns-is-layout-flex\">\n<div class=\"wp-block-column is-layout-flow wp-block-column-is-layout-flow\">\n<div class=\"wp-block-cover\"><img decoding=\"async\" width=\"1004\" height=\"665\" class=\"wp-block-cover__image-background wp-image-16998\" alt=\"\" src=\"https:\/\/adragos-pharma.com\/wp-content\/uploads\/2025\/04\/facility-jura-no-logo-2-2.png\" data-object-fit=\"cover\" srcset=\"https:\/\/adragos-pharma.com\/wp-content\/uploads\/2025\/04\/facility-jura-no-logo-2-2.png 1004w, https:\/\/adragos-pharma.com\/wp-content\/uploads\/2025\/04\/facility-jura-no-logo-2-2-300x199.png 300w, https:\/\/adragos-pharma.com\/wp-content\/uploads\/2025\/04\/facility-jura-no-logo-2-2-768x509.png 768w\" sizes=\"(max-width: 1004px) 100vw, 1004px\" \/><span aria-hidden=\"true\" class=\"wp-block-cover__background has-background-dim\" style=\"background-color:#6d7282\"><\/span><div class=\"wp-block-cover__inner-container is-layout-constrained wp-block-cover-is-layout-constrained\">\n<div class=\"wp-block-columns is-layout-flex wp-container-core-columns-is-layout-9d6595d7 wp-block-columns-is-layout-flex\">\n<div class=\"wp-block-column is-layout-flow wp-block-column-is-layout-flow\"><\/div>\n\n\n\n<div class=\"wp-block-column has-background is-layout-flow wp-block-column-is-layout-flow\" style=\"background-color:#ced4f994;padding-top:30px;padding-right:30px;padding-bottom:30px;padding-left:30px\">\n<h2 class=\"wp-block-heading has-black-color has-text-color has-link-color wp-elements-daf81f301f73fb85f0a921590bc4f3ba\">Nous sommes sp\u00e9cialis\u00e9s dans les produits biologiques dans le Jura, en Suisse<\/h2>\n\n\n\n<p class=\"has-black-color has-text-color has-link-color wp-elements-8e31213b4ad55aa58cdc48a70dcc26f3\">Avec plus de 6 000 m\u00b2 d&rsquo;installations et plus de 25 ans d&rsquo;exp\u00e9rience, Adragos Jura propose une fabrication clinique personnalis\u00e9e pour soutenir vos essais th\u00e9rapeutiques.&nbsp;<\/p>\n\n\n\n<div class=\"wp-block-buttons is-layout-flex wp-block-buttons-is-layout-flex\">\n<div class=\"wp-block-button\"><a class=\"wp-block-button__link has-dark-blue-background-color has-background wp-element-button\" href=\"https:\/\/adragos-pharma.com\/fr\/jura-suisse\/\">View location<\/a><\/div>\n<\/div>\n<\/div>\n<\/div>\n<\/div><\/div>\n<\/div>\n<\/div><style>\n            .wp-block-columns.is-wide {\n\t\t\t\tmax-width: 1280px!important;\n\t\t\t\tmargin-left: auto!important;\n\t\t\t\tmargin-right: auto!important;\n            }\n        <\/style>\n\n\n\n<div style=\"height:52px\" aria-hidden=\"true\" class=\"wp-block-spacer\"><\/div>\n\n\n        <section class=\"tw-mx-auto tw-max-w-screen-xl tw-px-8 tw-py-20\">\n            <header class=\"tw-flex tw-flex-col md:tw-flex-row lg:tw-items-center tw-justify-between tw-pb-20\">\n                <h2 class=\"tw-flex tw-gap-3 text-secondary tw-items-center lg:tw-w-1\/3 lg:tw-pr-12 tw-mb-6\">\n                    <svg width=\"27\" height=\"3\" viewBox=\"0 0 27 3\" fill=\"none\" xmlns=\"http:\/\/www.w3.org\/2000\/svg\">\n                        <rect width=\"27\" height=\"3\" fill=\"#8696FE\" \/>\n                    <\/svg>\n                    <a href=\"\">Adragos Hub<\/a>\n                <\/h2>\n                <p class=\"font-RobotoSlab tw-text-lg xl:tw-text-xl tw-font-light lg:tw-w-2\/3 lg:tw-pl-32\">\n                    D\u00e9couvrez-en plus sur les produits biologiques dans nos articles de blog r\u00e9cents.                <\/p>\n            <\/header>\n\t\t\t<div class=\"tw-grid tw-grid-cols-1 lg:tw-grid-cols-2 tw-gap-6\">\n\t\t\t\t\t\t\t\t\t<div class=\"tw-relative tw-rounded-xl tw-overflow-hidden tw-min-h-60 tw-mb-6\">\n\t\t\t\t\t\t<img decoding=\"async\" src=\"https:\/\/adragos-pharma.com\/wp-content\/uploads\/2025\/06\/sal_bla_080-1024x480.jpg\" alt=\"Lyophilisation : guide complet pour l\u2019industrie pharmaceutique\" class=\"tw-object-cover tw-absolute\" \/>\n\t\t\t\t\t\t<div class=\"tw-absolute tw-bottom-0 tw-max-w-96 tw-bg-lightslate tw-backdrop-blur-[12px] tw-p-6 tw-rounded-tr-xl tw-w-full\">\n\t\t\t\t\t\t\t<p class=\"text-primary tw-text-xs tw-font-medium tw-tracking-widest tw-uppercase tw-pb-1\">Blog<\/p>\n\t\t\t\t\t\t\t<h3 class=\"tw-text-white tw-text-lg hover:tw-underline\">\n\t\t\t\t\t\t\t\t<a href=\"https:\/\/adragos-pharma.com\/fr\/lyophilisation-guide-complet-pour-industrie-pharmaceutique\/\">Lyophilisation : guide complet pour l\u2019industrie pharmaceutique<\/a>\n\t\t\t\t\t\t\t<\/h3>\n\t\t\t\t\t\t<\/div>\n\t\t\t\t\t<\/div>\n\t\t\t\t\t\t\t\t\t<div class=\"tw-relative tw-rounded-xl tw-overflow-hidden tw-min-h-60 tw-mb-6\">\n\t\t\t\t\t\t<img decoding=\"async\" src=\"\" alt=\"Succ\u00e8s clinique vaccins : \u00e9tude de cas Adragos Pharma\" class=\"tw-object-cover tw-absolute\" \/>\n\t\t\t\t\t\t<div class=\"tw-absolute tw-bottom-0 tw-max-w-96 tw-bg-lightslate tw-backdrop-blur-[12px] tw-p-6 tw-rounded-tr-xl tw-w-full\">\n\t\t\t\t\t\t\t<p class=\"text-primary tw-text-xs tw-font-medium tw-tracking-widest tw-uppercase tw-pb-1\">Ressources<\/p>\n\t\t\t\t\t\t\t<h3 class=\"tw-text-white tw-text-lg hover:tw-underline\">\n\t\t\t\t\t\t\t\t<a href=\"https:\/\/adragos-pharma.com\/fr\/succes-clinique-vaccins-etude-de-cas-adragos-pharma\/\">Succ\u00e8s clinique vaccins : \u00e9tude de cas Adragos Pharma<\/a>\n\t\t\t\t\t\t\t<\/h3>\n\t\t\t\t\t\t<\/div>\n\t\t\t\t\t<\/div>\n\t\t\t\t\t\t\t\t\t<div class=\"tw-relative tw-rounded-xl tw-overflow-hidden tw-min-h-60 tw-mb-6\">\n\t\t\t\t\t\t<img decoding=\"async\" src=\"https:\/\/adragos-pharma.com\/wp-content\/uploads\/2025\/04\/Swiss-Biotech-Day-Horizontal-1024x480.png\" alt=\"Adragos Pharma aux Journ\u00e9es suisses de la biotechnologie \u00e0 B\u00e2le\" class=\"tw-object-cover tw-absolute\" \/>\n\t\t\t\t\t\t<div class=\"tw-absolute tw-bottom-0 tw-max-w-96 tw-bg-lightslate tw-backdrop-blur-[12px] tw-p-6 tw-rounded-tr-xl tw-w-full\">\n\t\t\t\t\t\t\t<p class=\"text-primary tw-text-xs tw-font-medium tw-tracking-widest tw-uppercase tw-pb-1\">\u00c9v\u00e9nements<\/p>\n\t\t\t\t\t\t\t<h3 class=\"tw-text-white tw-text-lg hover:tw-underline\">\n\t\t\t\t\t\t\t\t<a href=\"https:\/\/adragos-pharma.com\/fr\/adragos-pharma-aux-journees-suisses-de-la-biotechnologie-a-bale\/\">Adragos Pharma aux Journ\u00e9es suisses de la biotechnologie \u00e0 B\u00e2le<\/a>\n\t\t\t\t\t\t\t<\/h3>\n\t\t\t\t\t\t<\/div>\n\t\t\t\t\t<\/div>\n\t\t\t\t\t\t\t\t\t<div class=\"tw-relative tw-rounded-xl tw-overflow-hidden tw-min-h-60 tw-mb-6\">\n\t\t\t\t\t\t<img decoding=\"async\" src=\"\" alt=\"Pr\u00e9paration aseptique : qualit\u00e9 et efficacit\u00e9 en pharmacie\" class=\"tw-object-cover tw-absolute\" \/>\n\t\t\t\t\t\t<div class=\"tw-absolute tw-bottom-0 tw-max-w-96 tw-bg-lightslate tw-backdrop-blur-[12px] tw-p-6 tw-rounded-tr-xl tw-w-full\">\n\t\t\t\t\t\t\t<p class=\"text-primary tw-text-xs tw-font-medium tw-tracking-widest tw-uppercase tw-pb-1\">Blog<\/p>\n\t\t\t\t\t\t\t<h3 class=\"tw-text-white tw-text-lg hover:tw-underline\">\n\t\t\t\t\t\t\t\t<a href=\"https:\/\/adragos-pharma.com\/fr\/preparation-aseptique-qualite-et-efficacite-en-pharmacie\/\">Pr\u00e9paration aseptique : qualit\u00e9 et efficacit\u00e9 en pharmacie<\/a>\n\t\t\t\t\t\t\t<\/h3>\n\t\t\t\t\t\t<\/div>\n\t\t\t\t\t<\/div>\n\t\t\t\t\t\t\t<\/div>\n\n        <\/section>\n        \n\n\n\n<section class=\"wp-block-adragos-blocks-footer-cta max-w-screen-lg bg-light mx-8 md:mx-auto px-8 py-12 text-center mt-3 mb-12 md:mb-16 rounded-xl md:mb-24\"><h2 class=\"\">Contactez-Nous<\/h2><p class=\"subtitle font-light m-auto max-w-screen-sm py-6\">Pour plus de d\u00e9tails sur notre entreprise et nos services, n\u2019h\u00e9sitez pas \u00e0 contacter notre \u00e9quipe.<\/p><div class=\"flex flex-col md:flex-row justify-center gap-4\"><a href=\"https:\/\/adragos-pharma.com\/fr\/nous-contacter\/?utm_campaign=MK_website_contactUs&#038;utm_source=Google&#038;utm_medium=banner&#038;utm_term=french&#038;utm_content=contact_us\" class=\"cta-link inline-block adragos-button text-white has-primary-background-color text-center\">Envoyer un message<\/a><a href=\"https:\/\/meetings-eu1.hubspot.com\/lydia-marinou?ref=biologics-fr-button\" class=\"cta-link2 inline-block adragos-button text-white has-secondary-background-color text-center\" target=\"_blank\" rel=\"noopener\">Planifier une r\u00e9union<\/a><\/div><\/section>\n\n\n\n<p><\/p>\n","protected":false},"excerpt":{"rendered":"<p>Nous sommes sp\u00e9cialis\u00e9s dans le remplissage et la finition aseptiques de m\u00e9dicaments biologiques, offrant des solutions compl\u00e8tes adapt\u00e9es \u00e0 la fabrication clinique et commerciale \u00e0 petite \u00e9chelle. Notre site de Jura, en Suisse, fort de plus de 20 ans d&rsquo;expertise, [&hellip;]<\/p>\n","protected":false},"author":1,"featured_media":0,"parent":14531,"menu_order":0,"comment_status":"closed","ping_status":"closed","template":"","meta":{"content-type":"","inline_featured_image":false,"footnotes":""},"class_list":["post-18536","page","type-page","status-publish","hentry"],"_links":{"self":[{"href":"https:\/\/adragos-pharma.com\/fr\/wp-json\/wp\/v2\/pages\/18536","targetHints":{"allow":["GET"]}}],"collection":[{"href":"https:\/\/adragos-pharma.com\/fr\/wp-json\/wp\/v2\/pages"}],"about":[{"href":"https:\/\/adragos-pharma.com\/fr\/wp-json\/wp\/v2\/types\/page"}],"author":[{"embeddable":true,"href":"https:\/\/adragos-pharma.com\/fr\/wp-json\/wp\/v2\/users\/1"}],"replies":[{"embeddable":true,"href":"https:\/\/adragos-pharma.com\/fr\/wp-json\/wp\/v2\/comments?post=18536"}],"version-history":[{"count":12,"href":"https:\/\/adragos-pharma.com\/fr\/wp-json\/wp\/v2\/pages\/18536\/revisions"}],"predecessor-version":[{"id":20723,"href":"https:\/\/adragos-pharma.com\/fr\/wp-json\/wp\/v2\/pages\/18536\/revisions\/20723"}],"up":[{"embeddable":true,"href":"https:\/\/adragos-pharma.com\/fr\/wp-json\/wp\/v2\/pages\/14531"}],"wp:attachment":[{"href":"https:\/\/adragos-pharma.com\/fr\/wp-json\/wp\/v2\/media?parent=18536"}],"curies":[{"name":"wp","href":"https:\/\/api.w.org\/{rel}","templated":true}]}}