{"id":23472,"date":"2025-11-28T12:31:26","date_gmt":"2025-11-28T10:31:26","guid":{"rendered":"https:\/\/adragos-pharma.com\/adragos-and-maisons-alfort-a-new-chapter\/"},"modified":"2026-02-19T11:22:55","modified_gmt":"2026-02-19T09:22:55","slug":"adragos-et-maisons-alfort-un-nouveau-chapitre","status":"publish","type":"page","link":"https:\/\/adragos-pharma.com\/fr\/adragos-et-maisons-alfort-un-nouveau-chapitre\/","title":{"rendered":"Adragos et Maisons-Alfort : Un nouveau chapitre"},"content":{"rendered":"\n<section class=\"wp-block-adragos-blocks-half-image-hero hero-section relative flex max-w-full overflow-hidden\"><div class=\"flex max-w-screen-xl m-auto z-40 items-center absolute top-0 left-0 right-0 bottom-0 lg:bottom-32\"><div class=\"text-white px-8\"><span class=\"text-primary text-sm font-bold tracking-[1.4px] mb-2 inline-block\"><\/span><h1 class=\"text-white mb-8 max-w-96\">Adragos et Maisons-Alfort : Un nouveau chapitre<\/h1><p class=\"text-white md:text-lg max-w-md mb-8 font-light\"><\/p><\/div><\/div><div class=\"w-full bg-pattern lg:w-1\/2 h-[70vh] bg-dark bg-center bg-no-repeat bg-cover relative\"><\/div><div class=\"hidden relative lg:block w-1\/2 h-[70vh] bg-cover bg-center\"><div class=\"video-docker absolute top-0 left-0 w-full h-full overflow-hidden\"><video class=\"main-image min-w-full min-h-full absolute object-cover\" src=\"https:\/\/adragos-pharma.com\/wp-content\/uploads\/2025\/11\/cphi-video-short_llHkI1PN-1.mp4\" type=\"video\/mp4\" autoplay muted loop><\/video><\/div><\/div><svg viewBox=\"0 0 1440 220\" xmlns=\"http:\/\/www.w3.org\/2000\/svg\" class=\"absolute bottom-0 transition duration-300 ease-in-out delay-150 z-20 w-full left-0\"><path d=\"M 0,400 L 0,150 C 85.57894736842104,151.41626794258372 171.15789473684208,152.83253588516746 272,142 C 372.8421052631579,131.16746411483254 488.9473684210527,108.08612440191386 577,118 C 665.0526315789473,127.91387559808614 725.0526315789473,170.82296650717706 820,179 C 914.9473684210527,187.17703349282294 1044.842105263158,160.62200956937798 1154,150 C 1263.157894736842,139.37799043062202 1351.578947368421,144.68899521531102 1440,150 L 1440,400 L 0,400 Z\" stroke=\"none\" stroke-width=\"0\" fill=\"#fff\" fill-opacity=\"1\" class=\"transition-all duration-300 ease-in-out delay-150 path-0\"><\/path><\/svg><\/section>\n\n\n\n<div class=\"wp-block-columns max-w-screen-xl w-full is-wide px-0 md:px-8 is-layout-flex wp-container-core-columns-is-layout-9d6595d7 wp-block-columns-is-layout-flex\">\n<div class=\"wp-block-column is-layout-flow wp-block-column-is-layout-flow\" style=\"flex-basis:100%\">\n<h3 class=\"wp-block-heading has-text-align-center\">Nous sommes heureux d\u2019accueillir le site de Maisons-Alfort au sein de notre r\u00e9seau mondial.<br>Cette int\u00e9gration renforce nos capacit\u00e9s de fabrication st\u00e9rile et consolide notre engagement en faveur d\u2019une croissance durable et \u00e0 long terme. Tout au long de cette transition, notre priorit\u00e9 demeure le bien-\u00eatre, la stabilit\u00e9 et l\u2019engagement de l\u2019ensemble des employ\u00e9s.<\/h3>\n<\/div>\n<\/div><style>\n            .wp-block-columns.is-wide {\n\t\t\t\tmax-width: 1280px!important;\n\t\t\t\tmargin-left: auto!important;\n\t\t\t\tmargin-right: auto!important;\n            }\n        <\/style>\n\n\n<div class=\"wp-block-image\">\n<figure class=\"aligncenter size-large\"><img decoding=\"async\" src=\"https:\/\/adragos-pharma.com\/wp-content\/uploads\/2025\/11\/1-Ease-of-Administration-5-1-1024x576.jpg\" alt=\"\" class=\"wp-image-23486\"\/><\/figure>\n<\/div>\n\n\n<div style=\"height:55px\" aria-hidden=\"true\" class=\"wp-block-spacer\"><\/div>\n\n\n\n<div class=\"wp-block-columns max-w-screen-xl w-full is-wide px-0 md:px-8 is-layout-flex wp-container-core-columns-is-layout-9d6595d7 wp-block-columns-is-layout-flex\">\n<div class=\"wp-block-column is-vertically-aligned-center is-layout-flow wp-block-column-is-layout-flow\">\n<h2 class=\"wp-block-heading\"><strong><strong>Une base solide<\/strong><\/strong><\/h2>\n\n\n\n<p>Le site de Maisons-Alfort apporte des capacit\u00e9s avanc\u00e9es de fabrication st\u00e9rile, incluant le remplissage aseptique de seringues pr\u00e9remplies et de flacons lyophilis\u00e9s, des syst\u00e8mes d\u2019inspection automatis\u00e9s, ainsi que des op\u00e9rations de conditionnement sophistiqu\u00e9es.<\/p>\n\n\n\n<p>En rejoignant notre r\u00e9seau, le site b\u00e9n\u00e9ficiera :<\/p>\n\n\n\n<ul class=\"wp-block-list\">\n<li>D\u2019opportunit\u00e9s de d\u00e9veloppement \u00e0 long terme<\/li>\n\n\n\n<li>D\u2019un renforcement de la port\u00e9e commerciale et d\u2019une diversification de la client\u00e8le<\/li>\n\n\n\n<li>D\u2019investissements futurs soutenant sa comp\u00e9titivit\u00e9<\/li>\n\n\n\n<li>De son int\u00e9gration dans un CDMO mondial disposant d\u2019une solide exp\u00e9rience en Europe, aux \u00c9tats-Unis et au Japon<\/li>\n<\/ul>\n<\/div>\n\n\n\n<div class=\"wp-block-column is-layout-flow wp-block-column-is-layout-flow\">\n<figure class=\"wp-block-image size-large\"><img decoding=\"async\" width=\"1024\" height=\"683\" src=\"https:\/\/adragos-pharma.com\/wp-content\/uploads\/2025\/04\/Adragos-Pharma-Leipzig-2024-13-1024x683.jpg\" alt=\"image of two scientists at our Adragos Leipzig facility\" class=\"wp-image-16717\" style=\"aspect-ratio:1;object-fit:cover\" srcset=\"https:\/\/adragos-pharma.com\/wp-content\/uploads\/2025\/04\/Adragos-Pharma-Leipzig-2024-13-1024x683.jpg 1024w, https:\/\/adragos-pharma.com\/wp-content\/uploads\/2025\/04\/Adragos-Pharma-Leipzig-2024-13-300x200.jpg 300w, https:\/\/adragos-pharma.com\/wp-content\/uploads\/2025\/04\/Adragos-Pharma-Leipzig-2024-13-768x512.jpg 768w, https:\/\/adragos-pharma.com\/wp-content\/uploads\/2025\/04\/Adragos-Pharma-Leipzig-2024-13-1536x1024.jpg 1536w, https:\/\/adragos-pharma.com\/wp-content\/uploads\/2025\/04\/Adragos-Pharma-Leipzig-2024-13-2048x1365.jpg 2048w\" sizes=\"(max-width: 1024px) 100vw, 1024px\" \/><\/figure>\n<\/div>\n<\/div><style>\n            .wp-block-columns.is-wide {\n\t\t\t\tmax-width: 1280px!important;\n\t\t\t\tmargin-left: auto!important;\n\t\t\t\tmargin-right: auto!important;\n            }\n        <\/style>\n\n\n\n<div style=\"height:80px\" aria-hidden=\"true\" class=\"wp-block-spacer\"><\/div>\n\n\n\n<section class=\"wp-block-adragos-blocks-box max-w-screen-xl mx-auto px-8 py-8\"><div class=\"grid grid-cols-1 lg:grid-cols-2 gap-x-8 gap-y-16\"><div class=\"top-image text-center relative box bg-light rounded-xl p-8\"><div class=\"\"><img decoding=\"async\" class=\"box-image mb-0\" src=\"https:\/\/adragos-pharma.com\/wp-content\/uploads\/2025\/10\/Engagement-1.png\" alt=\"\"\/><h3 class=\"box-title\">La promesse d\u2019un d\u00e9veloppement commun<\/h3><\/div><p class=\"my-6 box-subtitle\">Nous nous engageons \u00e0 maintenir l\u2019ensemble des emplois du site de Maisons-Alfort durant les trois premi\u00e8res ann\u00e9es suivant l\u2019acquisition.<br>Cette p\u00e9riode permettra de pr\u00e9parer la croissance future : nouveaux produits, augmentation des volumes et d\u00e9veloppement social.<br>Notre croissance internationale repose sur l\u2019engagement total des \u00e9quipes locales dans tous les pays.<\/p><\/div><div class=\"top-image text-center relative box bg-light rounded-xl p-8\"><div class=\"\"><img decoding=\"async\" class=\"box-image mb-0\" src=\"https:\/\/adragos-pharma.com\/wp-content\/uploads\/2024\/05\/Team.png\" alt=\"\"\/><h3 class=\"box-title\">Une promesse humaine et industrielle<\/h3><\/div><p class=\"my-6 box-subtitle\">Construire ensemble un projet tourn\u00e9 vers l\u2019avenir pour les trois prochaines ann\u00e9es.<br>Favoriser un dialogue actif, respectueux et transparent avec les employ\u00e9s, les managers et les repr\u00e9sentants du personnel.<br>Adopter une approche par projets pour d\u00e9finir la feuille de route du site et son r\u00f4le strat\u00e9gique au sein du r\u00e9seau mondial d\u2019Adragos Pharma.<br>Mettre en \u0153uvre des investissements industriels et introduire de nouveaux \u00e9quipements afin de relancer la dynamique du site.<br>Valoriser l\u2019h\u00e9ritage industriel du site, son expertise technique et la qualit\u00e9 \u00e9prouv\u00e9e de ses produits.<br>Garantir la r\u00e9ussite gr\u00e2ce \u00e0 la collaboration de toutes les \u00e9quipes : RH, op\u00e9rations et futurs nouveaux talents.<\/p><\/div><\/div><\/section>\n\n\n\n<div style=\"height:76px\" aria-hidden=\"true\" class=\"wp-block-spacer\"><\/div>\n\n\n\n<div class=\"wp-block-columns max-w-screen-xl w-full is-wide px-0 md:px-8 is-layout-flex wp-container-core-columns-is-layout-9d6595d7 wp-block-columns-is-layout-flex\">\n<div class=\"wp-block-column is-layout-flow wp-block-column-is-layout-flow\">\n<figure class=\"wp-block-image size-full\"><img decoding=\"async\" width=\"820\" height=\"820\" src=\"https:\/\/adragos-pharma.com\/wp-content\/uploads\/2024\/03\/Dr.-Andreas-Raabe.jpg\" alt=\"\" class=\"wp-image-4188\" style=\"aspect-ratio:1;object-fit:cover\" srcset=\"https:\/\/adragos-pharma.com\/wp-content\/uploads\/2024\/03\/Dr.-Andreas-Raabe.jpg 820w, https:\/\/adragos-pharma.com\/wp-content\/uploads\/2024\/03\/Dr.-Andreas-Raabe-300x300.jpg 300w, https:\/\/adragos-pharma.com\/wp-content\/uploads\/2024\/03\/Dr.-Andreas-Raabe-150x150.jpg 150w, https:\/\/adragos-pharma.com\/wp-content\/uploads\/2024\/03\/Dr.-Andreas-Raabe-768x768.jpg 768w, https:\/\/adragos-pharma.com\/wp-content\/uploads\/2024\/03\/Dr.-Andreas-Raabe-760x760.jpg 760w\" sizes=\"(max-width: 820px) 100vw, 820px\" \/><\/figure>\n<\/div>\n\n\n\n<div class=\"wp-block-column is-vertically-aligned-center is-layout-flow wp-block-column-is-layout-flow\">\n<h2 class=\"wp-block-heading\"><strong>Dr. Andreas Raabe<\/strong><\/h2>\n\n\n\n<h3 class=\"wp-block-heading\"><strong>Fondateur &amp; CEO<\/strong><\/h3>\n\n\n\n<blockquote class=\"wp-block-quote is-layout-flow wp-block-quote-is-layout-flow\">\n<p><em><strong>Citation de notre CEO :<\/strong><\/em><\/p>\n\n\n\n<p><em>Avec l\u2019int\u00e9gration de Maisons-Alfort, Adragos Pharma accueille un site riche en histoire et en talents. Ensemble, nous fa\u00e7onnerons un centre d\u2019excellence dynamique, renforc\u00e9 par notre port\u00e9e commerciale mondiale et par notre profonde conviction envers les \u00e9quipes qui ont b\u00e2ti la r\u00e9putation de cette installation au fil des d\u00e9cennies. Nous veillerons \u00e0 ce que son expertise unique continue de prosp\u00e9rer, que ses opportunit\u00e9s se d\u00e9veloppent et que son avenir brille encore davantage au sein de notre r\u00e9seau international.<\/em><\/p>\n\n\n\n<p><strong>Nous ne r\u00e9ussissons que si nous r\u00e9ussissons ensemble.<\/strong><\/p>\n<\/blockquote>\n<\/div>\n<\/div><style>\n            .wp-block-columns.is-wide {\n\t\t\t\tmax-width: 1280px!important;\n\t\t\t\tmargin-left: auto!important;\n\t\t\t\tmargin-right: auto!important;\n            }\n        <\/style>\n\n\n\n<div style=\"height:76px\" aria-hidden=\"true\" class=\"wp-block-spacer\"><\/div>\n\n\n\n<h2 class=\"wp-block-heading has-text-align-center has-white-color has-primary-background-color has-text-color has-background has-link-color wp-elements-5c53672fad2ae8adadd2346d810fc4e1\"><br><strong>Votre expertise, notre engagement, un avenir que nous construisons ensemble.<\/strong> <br><br><\/h2>\n\n\n\n<div class=\"wp-block-group\"><div class=\"wp-block-group__inner-container is-layout-constrained wp-block-group-is-layout-constrained\">\n<div class=\"wp-block-columns max-w-screen-xl w-full is-wide px-0 md:px-8 is-layout-flex wp-container-core-columns-is-layout-9d6595d7 wp-block-columns-is-layout-flex\">\n<div class=\"wp-block-column is-layout-flow wp-block-column-is-layout-flow\">\n<div style=\"height:84px\" aria-hidden=\"true\" class=\"wp-block-spacer\"><\/div>\n<\/div>\n<\/div><style>\n            .wp-block-columns.is-wide {\n\t\t\t\tmax-width: 1280px!important;\n\t\t\t\tmargin-left: auto!important;\n\t\t\t\tmargin-right: auto!important;\n            }\n        <\/style>\n\n\n\t<div class=\"tw-flex-row  tw-flex tw-justify-center\">\n\t\t<div class=\"tw-basis-80 tw-hidden md:tw-flex tw-flex-col tw-shrink-0 tw-pr-12\">\n\t\t\t<h2>Notre \u00c9quipe de Direction<\/h2>\n\t\t\t<p class=\"md:tw-max-w-72 xl:tw-text-lg md:tw-text-base tw-font-normal\">\n\t\t\t\tNotre \u00e9quipe de direction poss\u00e8de une longue et impressionnante exp\u00e9rience de l&#039;industrie pharmaceutique et des CDMO, ce qui t\u00e9moigne de son expertise et de son exp\u00e9rience.\t\t\t<\/p>\n\t\t\t\t\t\t\t<div class=\"tw-relative\">\n\t\t\t\t\t<div class=\"tw-flex tw-gap-7 tw-absolute tw-top-10\">\n\t\t\t\t\t\t<div class=\"button-prev tw-bg-primary tw-rounded-full tw-w-12 tw-h-12 tw-flex tw-justify-center tw-items-center\">\n\t\t\t\t\t\t\t<svg width=\"23\" height=\"22\" viewBox=\"0 0 23 22\" fill=\"none\" xmlns=\"http:\/\/www.w3.org\/2000\/svg\">\n\t\t\t\t\t\t\t\t<path d=\"M10.8711 21L1.00008 11L10.8711 1\" stroke=\"white\" stroke-width=\"1.5\" stroke-linecap=\"round\" stroke-linejoin=\"round\" \/>\n\t\t\t\t\t\t\t\t<path d=\"M1.00011 11L22 11\" stroke=\"white\" stroke-width=\"1.5\" stroke-linecap=\"round\" stroke-linejoin=\"round\" \/>\n\t\t\t\t\t\t\t<\/svg>\n\t\t\t\t\t\t<\/div>\n\t\t\t\t\t\t<div class=\"button-next tw-bg-primary tw-rounded-full tw-w-12 tw-h-12 tw-flex tw-justify-center tw-items-center tw-rotate-180\">\n\t\t\t\t\t\t\t<svg width=\"23\" height=\"22\" viewBox=\"0 0 23 22\" fill=\"none\" xmlns=\"http:\/\/www.w3.org\/2000\/svg\">\n\t\t\t\t\t\t\t\t<path d=\"M10.8711 21L1.00008 11L10.8711 1\" stroke=\"white\" stroke-width=\"1.5\" stroke-linecap=\"round\" stroke-linejoin=\"round\" \/>\n\t\t\t\t\t\t\t\t<path d=\"M1.00011 11L22 11\" stroke=\"white\" stroke-width=\"1.5\" stroke-linecap=\"round\" stroke-linejoin=\"round\" \/>\n\t\t\t\t\t\t\t<\/svg>\n\t\t\t\t\t\t<\/div>\n\t\t\t\t\t<\/div>\n\t\t\t\t<\/div>\n\t\t\t\t\t<\/div>\n\t\t<div class=\"swiper team-swiper\">\n\t\t\t<div class=\"swiper-wrapper\">\n\t\t\t\t\t\t\t\t\t<a data-id=\"1026\" href=\"https:\/\/adragos-pharma.com\/fr\/team\/andreas-raabe\/\" class=\"tw-relative tw-overflow-hidden swiper-slide\">\n\t\t\t\t\t\t<img decoding=\"async\" src=\"https:\/\/adragos-pharma.com\/wp-content\/uploads\/2024\/04\/Dr.-Andreas-Raabe-560x680.jpg\" alt=\"Dr. Andreas Raabe\" class=\"!tw-mb-0 tw-rounded-xl tw-object-cover tw-w-full tw-h-full\" \/>\n\t\t\t\t\t\t<div class=\"custom tw-absolute tw-bottom-0\">\n\t\t\t\t\t\t\t<div class=\"tw-relative tw-z-10 tw-w-full tw-pl-6 tw-pr-9\">\n\t\t\t\t\t\t\t\t<h3 class=\"!tw-text-white tw-text-xl tw-font-bold hover:!tw-text-secondary !tw-mb-0\">Dr. Andreas Raabe<\/h3>\n\t\t\t\t\t\t\t\t<p class=\"!tw-text-white tw-text-base tw-font-normal tw-pt-3 tw-pb-7 !tw-mb-0\">CEO<\/p>\n\t\t\t\t\t\t\t<\/div>\n\t\t\t\t\t\t\t<div class=\"glass-effect\"><\/div>\n\t\t\t\t\t\t<\/div>\n\t\t\t\t\t<\/a>\n\t\t\t\t\t\t\t\t\t<a data-id=\"1029\" href=\"https:\/\/adragos-pharma.com\/fr\/team\/henny-zijlstra\/\" class=\"tw-relative tw-overflow-hidden swiper-slide\">\n\t\t\t\t\t\t<img decoding=\"async\" src=\"https:\/\/adragos-pharma.com\/wp-content\/uploads\/2024\/04\/Henny-Zijlstra-560x680.jpg\" alt=\"Henny Zijlstra\" class=\"!tw-mb-0 tw-rounded-xl tw-object-cover tw-w-full tw-h-full\" \/>\n\t\t\t\t\t\t<div class=\"custom tw-absolute tw-bottom-0\">\n\t\t\t\t\t\t\t<div class=\"tw-relative tw-z-10 tw-w-full tw-pl-6 tw-pr-9\">\n\t\t\t\t\t\t\t\t<h3 class=\"!tw-text-white tw-text-xl tw-font-bold hover:!tw-text-secondary !tw-mb-0\">Henny Zijlstra<\/h3>\n\t\t\t\t\t\t\t\t<p class=\"!tw-text-white tw-text-base tw-font-normal tw-pt-3 tw-pb-7 !tw-mb-0\">CCO<\/p>\n\t\t\t\t\t\t\t<\/div>\n\t\t\t\t\t\t\t<div class=\"glass-effect\"><\/div>\n\t\t\t\t\t\t<\/div>\n\t\t\t\t\t<\/a>\n\t\t\t\t\t\t\t\t\t<a data-id=\"535\" href=\"https:\/\/adragos-pharma.com\/fr\/team\/daniel-wigbers\/\" class=\"tw-relative tw-overflow-hidden swiper-slide\">\n\t\t\t\t\t\t<img decoding=\"async\" src=\"https:\/\/adragos-pharma.com\/wp-content\/uploads\/2024\/04\/Daniel-Wigbers-560x680.jpg\" alt=\"Dr. Daniel Wigbers\" class=\"!tw-mb-0 tw-rounded-xl tw-object-cover tw-w-full tw-h-full\" \/>\n\t\t\t\t\t\t<div class=\"custom tw-absolute tw-bottom-0\">\n\t\t\t\t\t\t\t<div class=\"tw-relative tw-z-10 tw-w-full tw-pl-6 tw-pr-9\">\n\t\t\t\t\t\t\t\t<h3 class=\"!tw-text-white tw-text-xl tw-font-bold hover:!tw-text-secondary !tw-mb-0\">Dr. Daniel Wigbers<\/h3>\n\t\t\t\t\t\t\t\t<p class=\"!tw-text-white tw-text-base tw-font-normal tw-pt-3 tw-pb-7 !tw-mb-0\">CFDO<\/p>\n\t\t\t\t\t\t\t<\/div>\n\t\t\t\t\t\t\t<div class=\"glass-effect\"><\/div>\n\t\t\t\t\t\t<\/div>\n\t\t\t\t\t<\/a>\n\t\t\t\t\t\t\t\t\t<a data-id=\"536\" href=\"https:\/\/adragos-pharma.com\/fr\/team\/marco-gorgas\/\" class=\"tw-relative tw-overflow-hidden swiper-slide\">\n\t\t\t\t\t\t<img decoding=\"async\" src=\"https:\/\/adragos-pharma.com\/wp-content\/uploads\/2024\/04\/Marco-Gorgas-560x680.jpg\" alt=\"Marco Gorgas\" class=\"!tw-mb-0 tw-rounded-xl tw-object-cover tw-w-full tw-h-full\" \/>\n\t\t\t\t\t\t<div class=\"custom tw-absolute tw-bottom-0\">\n\t\t\t\t\t\t\t<div class=\"tw-relative tw-z-10 tw-w-full tw-pl-6 tw-pr-9\">\n\t\t\t\t\t\t\t\t<h3 class=\"!tw-text-white tw-text-xl tw-font-bold hover:!tw-text-secondary !tw-mb-0\">Marco Gorgas<\/h3>\n\t\t\t\t\t\t\t\t<p class=\"!tw-text-white tw-text-base tw-font-normal tw-pt-3 tw-pb-7 !tw-mb-0\">COO<\/p>\n\t\t\t\t\t\t\t<\/div>\n\t\t\t\t\t\t\t<div class=\"glass-effect\"><\/div>\n\t\t\t\t\t\t<\/div>\n\t\t\t\t\t<\/a>\n\t\t\t\t\t\t\t\t\t<a data-id=\"13956\" href=\"https:\/\/adragos-pharma.com\/fr\/team\/norbert-kubler\/\" class=\"tw-relative tw-overflow-hidden swiper-slide\">\n\t\t\t\t\t\t<img decoding=\"async\" src=\"https:\/\/adragos-pharma.com\/wp-content\/uploads\/2024\/11\/Captura-de-pantalla-2024-11-19-095417.png\" alt=\"Dr. Norbert K\u00fcbler\" class=\"!tw-mb-0 tw-rounded-xl tw-object-cover tw-w-full tw-h-full\" \/>\n\t\t\t\t\t\t<div class=\"custom tw-absolute tw-bottom-0\">\n\t\t\t\t\t\t\t<div class=\"tw-relative tw-z-10 tw-w-full tw-pl-6 tw-pr-9\">\n\t\t\t\t\t\t\t\t<h3 class=\"!tw-text-white tw-text-xl tw-font-bold hover:!tw-text-secondary !tw-mb-0\">Dr. Norbert K\u00fcbler<\/h3>\n\t\t\t\t\t\t\t\t<p class=\"!tw-text-white tw-text-base tw-font-normal tw-pt-3 tw-pb-7 !tw-mb-0\">CSO<\/p>\n\t\t\t\t\t\t\t<\/div>\n\t\t\t\t\t\t\t<div class=\"glass-effect\"><\/div>\n\t\t\t\t\t\t<\/div>\n\t\t\t\t\t<\/a>\n\t\t\t\t\t\t\t\t\t<a data-id=\"1251\" href=\"https:\/\/adragos-pharma.com\/fr\/team\/shiro\/\" class=\"tw-relative tw-overflow-hidden swiper-slide\">\n\t\t\t\t\t\t<img decoding=\"async\" src=\"https:\/\/adragos-pharma.com\/wp-content\/uploads\/2024\/03\/Captura-de-pantalla-2024-11-18-182314.png\" alt=\"Shiro\" class=\"!tw-mb-0 tw-rounded-xl tw-object-cover tw-w-full tw-h-full\" \/>\n\t\t\t\t\t\t<div class=\"custom tw-absolute tw-bottom-0\">\n\t\t\t\t\t\t\t<div class=\"tw-relative tw-z-10 tw-w-full tw-pl-6 tw-pr-9\">\n\t\t\t\t\t\t\t\t<h3 class=\"!tw-text-white tw-text-xl tw-font-bold hover:!tw-text-secondary !tw-mb-0\">Shiro<\/h3>\n\t\t\t\t\t\t\t\t<p class=\"!tw-text-white tw-text-base tw-font-normal tw-pt-3 tw-pb-7 !tw-mb-0\">CHO<\/p>\n\t\t\t\t\t\t\t<\/div>\n\t\t\t\t\t\t\t<div class=\"glass-effect\"><\/div>\n\t\t\t\t\t\t<\/div>\n\t\t\t\t\t<\/a>\n\t\t\t\t\t\t\t<\/div>\n\t\t<\/div>\n\t<\/div>\n\t\n\n\n\n<div class=\"wp-block-cb-carousel-v2 cb-carousel-block\" data-cb-slides-per-view=\"1\" data-cb-slides-per-group=\"1\" data-cb-space-between=\"15\" data-cb-speed=\"300\" data-cb-navigation=\"true\" data-cb-pagination=\"true\" data-cb-breakpoints=\"{&quot;768&quot;:{&quot;slidesPerView&quot;:3,&quot;slidesPerGroup&quot;:1}}\"><div class=\"swiper\"><div class=\"cb-wrapper swiper-wrapper\"><\/div><\/div><div class=\"cb-pagination swiper-pagination\"><\/div><div class=\"cb-button-prev swiper-button-prev\"><\/div><div class=\"cb-button-next swiper-button-next\"><\/div><\/div>\n<\/div><\/div>\n\n\n\n<div style=\"height:77px\" aria-hidden=\"true\" class=\"wp-block-spacer\"><\/div>\n\n\n\n<p><\/p>\n","protected":false},"excerpt":{"rendered":"<p>Nous sommes heureux d\u2019accueillir le site de Maisons-Alfort au sein de notre r\u00e9seau mondial.Cette int\u00e9gration renforce nos capacit\u00e9s de fabrication st\u00e9rile et consolide notre engagement en faveur d\u2019une croissance durable et \u00e0 long terme. Tout au long de cette transition, [&hellip;]<\/p>\n","protected":false},"author":8,"featured_media":0,"parent":0,"menu_order":0,"comment_status":"closed","ping_status":"closed","template":"","meta":{"content-type":"","inline_featured_image":false,"footnotes":""},"class_list":["post-23472","page","type-page","status-publish","hentry"],"_links":{"self":[{"href":"https:\/\/adragos-pharma.com\/fr\/wp-json\/wp\/v2\/pages\/23472","targetHints":{"allow":["GET"]}}],"collection":[{"href":"https:\/\/adragos-pharma.com\/fr\/wp-json\/wp\/v2\/pages"}],"about":[{"href":"https:\/\/adragos-pharma.com\/fr\/wp-json\/wp\/v2\/types\/page"}],"author":[{"embeddable":true,"href":"https:\/\/adragos-pharma.com\/fr\/wp-json\/wp\/v2\/users\/8"}],"replies":[{"embeddable":true,"href":"https:\/\/adragos-pharma.com\/fr\/wp-json\/wp\/v2\/comments?post=23472"}],"version-history":[{"count":6,"href":"https:\/\/adragos-pharma.com\/fr\/wp-json\/wp\/v2\/pages\/23472\/revisions"}],"predecessor-version":[{"id":23687,"href":"https:\/\/adragos-pharma.com\/fr\/wp-json\/wp\/v2\/pages\/23472\/revisions\/23687"}],"wp:attachment":[{"href":"https:\/\/adragos-pharma.com\/fr\/wp-json\/wp\/v2\/media?parent=23472"}],"curies":[{"name":"wp","href":"https:\/\/api.w.org\/{rel}","templated":true}]}}