{"id":24024,"date":"2026-03-23T16:10:24","date_gmt":"2026-03-23T14:10:24","guid":{"rendered":"https:\/\/adragos-pharma.com\/production-clinique\/remplissage-aseptique\/"},"modified":"2026-03-23T17:03:14","modified_gmt":"2026-03-23T15:03:14","slug":"remplissage-aseptique","status":"publish","type":"page","link":"https:\/\/adragos-pharma.com\/fr\/production-clinique\/remplissage-aseptique\/","title":{"rendered":"Remplissage aseptique"},"content":{"rendered":"\n<section class=\"wp-block-adragos-blocks-header relative has-primary-background-color bg-pattern bg-cover max-w-full bg-bottom px-3 pt-10 pb-44 md:pt-16 md:pb-44 has-dark-blue-background-color has-background\"><div class=\"relative z-30 max-w-screen-xl px-6 m-auto\"><nav class=\"flex mb-4\" aria-label=\"Breadcrumb\"><ol class=\"inline-flex items-center space-x-1 md:space-x-2 rtl:space-x-reverse\"><li class=\"inline-flex items-center\"><a href=\"https:\/\/adragos-pharma.com\/fr\/\" class=\"inline-flex items-center text-sm font-medium text-white hover:text-primary\"><svg class=\"w-3 h-3 me-2.5\" aria-hidden=\"true\" xmlns=\"http:\/\/www.w3.org\/2000\/svg\" fill=\"currentColor\" viewBox=\"0 0 20 20\"><path d=\"m19.707 9.293-2-2-7-7a1 1 0 0 0-1.414 0l-7 7-2 2a1 1 0 0 0 1.414 1.414L2 10.414V18a2 2 0 0 0 2 2h3a1 1 0 0 0 1-1v-4a1 1 0 0 1 1-1h2a1 1 0 0 1 1 1v4a1 1 0 0 0 1 1h3a2 2 0 0 0 2-2v-7.586l.293.293a1 1 0 0 0 1.414-1.414Z\"><\/path><\/svg>Home<\/a><\/li><li><div class=\"flex items-center\"><svg class=\"rtl:rotate-180 w-3 h-3 text-white mx-1\" aria-hidden=\"true\" xmlns=\"http:\/\/www.w3.org\/2000\/svg\" fill=\"none\" viewBox=\"0 0 6 10\"><path stroke=\"currentColor\" stroke-linecap=\"round\" stroke-linejoin=\"round\" stroke-width=\"2\" d=\"m1 9 4-4-4-4\"><\/path><\/svg><a href=\"https:\/\/adragos-pharma.com\/fr\/production-clinique\/\" class=\"ms-1 text-sm font-medium text-white hover:text-primary md:ms-2\">Production Clinique<\/a><\/div><\/li><li class=\"hidden md:inline-block\" aria-current=\"page\"><div class=\"flex items-center\"><svg class=\"rtl:rotate-180 w-3 h-3 text-white mx-1\" aria-hidden=\"true\" xmlns=\"http:\/\/www.w3.org\/2000\/svg\" fill=\"none\" viewBox=\"0 0 6 10\"><path stroke=\"currentColor\" stroke-linecap=\"round\" stroke-linejoin=\"round\" stroke-width=\"2\" d=\"m1 9 4-4-4-4\"><\/path><\/svg><span class=\"ms-1 text-sm font-medium text-white md:ms-2\">Remplissage aseptique<\/span><\/div><\/li><\/ol><\/nav><h1 class=\"text-3xl md:text-4xl text-white\">Remplissage aseptique<\/h1><\/div><div class=\"bg-wave absolute left-0 bottom-0 h-52 bg-repeat-x bg-[center_bottom] w-full\"><\/div><\/section>\n\n\n\n<div class=\"wp-block-columns max-w-screen-xl w-full is-wide px-0 md:px-8 is-layout-flex wp-container-core-columns-is-layout-9d6595d7 wp-block-columns-is-layout-flex\">\n<div class=\"wp-block-column is-layout-flow wp-block-column-is-layout-flow\">\n<p class=\"has-text-align-center\">Chez Adragos Pharma Jura, nous sommes sp\u00e9cialis\u00e9s dans le <strong>remplissage aseptique et le fill-finish de m\u00e9dicaments st\u00e9riles<\/strong> pour le d\u00e9veloppement clinique (phase I\u2013III). Notre site suisse est con\u00e7u pour offrir la flexibilit\u00e9, la fiabilit\u00e9 et la conformit\u00e9 aux BPF requises pour la fabrication biopharmaceutique en phase pr\u00e9coce, en soutenant des programmes allant <strong>de petits lots pilotes jusqu\u2019\u00e0 un approvisionnement \u00e0 faible volume certifi\u00e9 BPF<\/strong>, le cas \u00e9ch\u00e9ant. <\/p>\n\n\n\n<p class=\"has-text-align-center\">Avec <strong>plus de 120 sp\u00e9cialistes dans 20 disciplines<\/strong>, nous assurons une ex\u00e9cution fluide et une supervision qualit\u00e9 robuste, du transfert de formulation jusqu\u2019\u00e0 l\u2019approvisionnement clinique final.<\/p>\n<\/div>\n<\/div><style>\n            .wp-block-columns.is-wide {\n\t\t\t\tmax-width: 1280px!important;\n\t\t\t\tmargin-left: auto!important;\n\t\t\t\tmargin-right: auto!important;\n            }\n        <\/style>\n\n\n\n<div style=\"height:20px\" aria-hidden=\"true\" class=\"wp-block-spacer\"><\/div>\n\n\n\n<div class=\"wp-block-columns max-w-screen-xl w-full is-wide px-0 md:px-8 is-layout-flex wp-container-core-columns-is-layout-9d6595d7 wp-block-columns-is-layout-flex\">\n<div class=\"wp-block-column is-layout-flow wp-block-column-is-layout-flow\">\n<h2 class=\"wp-block-heading\"><strong>Con\u00e7u pour les petits lots et les formulations complexes<\/strong><\/h2>\n\n\n\n<p>Notre site du Jura propose des services de fabrication aseptique de bout en bout, adapt\u00e9s aux besoins des programmes cliniques et du d\u00e9veloppement des proc\u00e9d\u00e9s.<\/p>\n\n\n\n<h3 class=\"wp-block-heading\"><strong>Comp\u00e9tences cl\u00e9s<\/strong><\/h3>\n\n\n\n<ul class=\"wp-block-list\">\n<li><strong>Remplissage aseptique de flacons<\/strong> sous conditions BPF<\/li>\n\n\n\n<li>Produits <strong>st\u00e9riles liquides<\/strong> et <strong>flacons lyophilis\u00e9s (s\u00e9ch\u00e9s par cong\u00e9lation)<\/strong><\/li>\n\n\n\n<li><strong>Aucun volume minimal de lot fixe<\/strong><\/li>\n\n\n\n<li>Volumes de lots flexibles, <strong>\u00e0 partir de 200\u2013300 mL<\/strong> de solution en vrac et au-del\u00e0<\/li>\n\n\n\n<li>Exp\u00e9rience avec les <strong>biologiques, peptides, suspensions st\u00e9riles, produits ophtalmiques et petites mol\u00e9cules<\/strong><\/li>\n\n\n\n<li>Fabrication de <strong>placebos et diluants<\/strong>, ainsi que support pour les <strong>comparateurs cliniques<\/strong> (p. ex. aveuglement\/conditionnement, si n\u00e9cessaire)<\/li>\n<\/ul>\n\n\n\n<p>Tous les produits sont fabriqu\u00e9s en salles propres class\u00e9es, \u00e0 l\u2019aide de proc\u00e9d\u00e9s aseptiques valid\u00e9s, afin de maintenir la st\u00e9rilit\u00e9 et l\u2019int\u00e9grit\u00e9 du produit du remplissage au conditionnement final.<\/p>\n<\/div>\n\n\n\n<div class=\"wp-block-column is-layout-flow wp-block-column-is-layout-flow\"><div class=\"wp-block-image\">\n<figure class=\"aligncenter size-full\"><img decoding=\"async\" width=\"1305\" height=\"867\" src=\"https:\/\/adragos-pharma.com\/wp-content\/uploads\/2024\/11\/Captura-de-pantalla-2024-11-21-104436.png\" alt=\"image sur le processus de lyophilisation\" class=\"wp-image-14463\" style=\"aspect-ratio:1;object-fit:cover\" srcset=\"https:\/\/adragos-pharma.com\/wp-content\/uploads\/2024\/11\/Captura-de-pantalla-2024-11-21-104436.png 1305w, https:\/\/adragos-pharma.com\/wp-content\/uploads\/2024\/11\/Captura-de-pantalla-2024-11-21-104436-300x199.png 300w, https:\/\/adragos-pharma.com\/wp-content\/uploads\/2024\/11\/Captura-de-pantalla-2024-11-21-104436-1024x680.png 1024w, https:\/\/adragos-pharma.com\/wp-content\/uploads\/2024\/11\/Captura-de-pantalla-2024-11-21-104436-768x510.png 768w\" sizes=\"(max-width: 1305px) 100vw, 1305px\" \/><\/figure>\n<\/div><\/div>\n<\/div><style>\n            .wp-block-columns.is-wide {\n\t\t\t\tmax-width: 1280px!important;\n\t\t\t\tmargin-left: auto!important;\n\t\t\t\tmargin-right: auto!important;\n            }\n        <\/style>\n\n\n\n<div class=\"wp-block-columns max-w-screen-xl w-full is-wide px-0 md:px-8 is-layout-flex wp-container-core-columns-is-layout-9d6595d7 wp-block-columns-is-layout-flex\">\n<div class=\"wp-block-column is-layout-flow wp-block-column-is-layout-flow\"><div class=\"wp-block-image\">\n<figure class=\"aligncenter size-full\"><img decoding=\"async\" width=\"1309\" height=\"862\" src=\"https:\/\/adragos-pharma.com\/wp-content\/uploads\/2024\/11\/Captura-de-pantalla-2024-11-21-104634.png\" alt=\"\" class=\"wp-image-14457\" style=\"aspect-ratio:1;object-fit:cover\" srcset=\"https:\/\/adragos-pharma.com\/wp-content\/uploads\/2024\/11\/Captura-de-pantalla-2024-11-21-104634.png 1309w, https:\/\/adragos-pharma.com\/wp-content\/uploads\/2024\/11\/Captura-de-pantalla-2024-11-21-104634-300x198.png 300w, https:\/\/adragos-pharma.com\/wp-content\/uploads\/2024\/11\/Captura-de-pantalla-2024-11-21-104634-1024x674.png 1024w, https:\/\/adragos-pharma.com\/wp-content\/uploads\/2024\/11\/Captura-de-pantalla-2024-11-21-104634-768x506.png 768w\" sizes=\"(max-width: 1309px) 100vw, 1309px\" \/><\/figure>\n<\/div><\/div>\n\n\n\n<div class=\"wp-block-column is-vertically-aligned-center is-layout-flow wp-block-column-is-layout-flow\">\n<h2 class=\"wp-block-heading\"><strong>Services de fabrication clinique pour les m\u00e9dicaments exp\u00e9rimentaux<\/strong><\/h2>\n\n\n\n<p>Notre offre de fill-finish aseptique couvre l\u2019ensemble de la cha\u00eene d\u2019approvisionnement clinique, permettant une transition fluide du d\u00e9veloppement jusqu\u2019\u00e0 l\u2019administration aux patients.<\/p>\n\n\n\n<ul class=\"wp-block-list\">\n<li>Fabrication clinique de phase I\u2013III<\/li>\n\n\n\n<li>Alignement des proc\u00e9d\u00e9s sur les BPF et support au transfert de technologie<\/li>\n\n\n\n<li>Production de lots pilotes<\/li>\n\n\n\n<li>Support \u00e0 la mont\u00e9e en \u00e9chelle et au transfert de proc\u00e9d\u00e9<\/li>\n\n\n\n<li>\u00c9tiquetage clinique randomis\u00e9<\/li>\n\n\n\n<li>Pr\u00e9paration de kits cliniques<\/li>\n\n\n\n<li>Conditionnement secondaire et stockage BPF<\/li>\n\n\n\n<li>Exp\u00e9dition \u00e0 temp\u00e9rature contr\u00f4l\u00e9e vers des sites cliniques dans le monde entier<\/li>\n<\/ul>\n\n\n\n<p>Du transfert de formulation \u00e0 l\u2019exp\u00e9dition des kits cliniques, <a href=\"https:\/\/adragos-pharma.com\/fr\/jura-suisse\/\">Jura <\/a>offre un environnement ma\u00eetris\u00e9 et conforme pour les m\u00e9dicaments exp\u00e9rimentaux.<\/p>\n<\/div>\n<\/div><style>\n            .wp-block-columns.is-wide {\n\t\t\t\tmax-width: 1280px!important;\n\t\t\t\tmargin-left: auto!important;\n\t\t\t\tmargin-right: auto!important;\n            }\n        <\/style>\n\n\n\n<div style=\"height:52px\" aria-hidden=\"true\" class=\"wp-block-spacer\"><\/div>\n\n\n\n<section class=\"wp-block-adragos-blocks-box max-w-screen-xl mx-auto px-8 py-8\"><div class=\"grid grid-cols-1 lg:grid-cols-2 gap-x-8 gap-y-16\"><div class=\"top-image text-center relative box bg-light rounded-xl p-8\"><div class=\"\"><img decoding=\"async\" class=\"box-image mb-0\" src=\"https:\/\/adragos-pharma.com\/wp-content\/uploads\/2024\/03\/High-quality-standards-Turquoise.png\" alt=\"\"\/><h3 class=\"box-title\">Contr\u00f4le qualit\u00e9 interne &amp; tests analytiques<\/h3><\/div><p class=\"my-6 box-subtitle\">Contr\u00f4les en cours de proc\u00e9d\u00e9 (IPC) tout au long du remplissage<br><strong>HPLC\/UPLC<\/strong> pour le dosage et la puret\u00e9<br>Osmolalit\u00e9, pH, viscosit\u00e9 et TOC<br>Essais de st\u00e9rilit\u00e9 et d\u2019endotoxines<br>Analyse de la biocontamination et des particules<br>V\u00e9rification des m\u00e9thodes pour soutenir la fiabilit\u00e9 analytique et microbiologique<\/p><\/div><div class=\"top-image text-center relative box bg-light rounded-xl p-8\"><div class=\"\"><img decoding=\"async\" class=\"box-image mb-0\" src=\"https:\/\/adragos-pharma.com\/wp-content\/uploads\/2024\/03\/EU-GMP-and-FDA.png\" alt=\"\"\/><h3 class=\"box-title\">Excellence r\u00e9glementaire &amp; certification BPF<\/h3><\/div><p class=\"my-6 box-subtitle\">Tests complets des mati\u00e8res premi\u00e8res, des \u00e9chantillons en cours de proc\u00e9d\u00e9 et du produit fini<br>Exploitation sous <strong>certification BPF Swissmedic<\/strong> pour la fabrication de m\u00e9dicaments st\u00e9riles remplis aseptiquement (liquides et lyophilis\u00e9s)<br><strong>Align\u00e9 sur les attentes de la FDA et de l\u2019EMA<\/strong> afin de soutenir les promoteurs internationaux et les soumissions multi-r\u00e9gions<br>Documentation compl\u00e8te et int\u00e9grit\u00e9 des donn\u00e9es pour soutenir les d\u00e9p\u00f4ts r\u00e9glementaires cliniques<br>L\u2019assurance qualit\u00e9 est int\u00e9gr\u00e9e \u00e0 chaque \u00e9tape afin de garantir que chaque lot r\u00e9pond aux normes internationales reconnues.<\/p><\/div><\/div><\/section>\n\n\n\n<div style=\"height:52px\" aria-hidden=\"true\" class=\"wp-block-spacer\"><\/div>\n\n\n\n<div class=\"wp-block-group has-background is-nowrap is-layout-flex wp-container-core-group-is-layout-ad2f72ca wp-block-group-is-layout-flex\" style=\"background-color:#fe86d2\">\n<div class=\"wp-block-columns max-w-screen-xl w-full is-wide px-0 md:px-8 is-layout-flex wp-container-core-columns-is-layout-9d6595d7 wp-block-columns-is-layout-flex\">\n<div class=\"wp-block-column is-layout-flow wp-block-column-is-layout-flow\">\n<p><\/p>\n\n\n\n<h2 class=\"wp-block-heading has-text-align-center\"><strong><strong>T\u00e9l\u00e9charger la brochure Jura<\/strong><\/strong><\/h2>\n\n\n\n<p class=\"has-text-align-center has-black-color has-text-color has-link-color wp-elements-a4c8325458e35a6a6c9210e4b0ae6bc4\">D\u00e9couvrez nos services de fill-finish st\u00e9rile et de biologiques sur notre site du Jura, en Suisse.<\/p>\n\n\n\n<div class=\"wp-block-buttons is-content-justification-center is-layout-flex wp-container-core-buttons-is-layout-16018d1d wp-block-buttons-is-layout-flex\">\n<div class=\"wp-block-button\"><a class=\"wp-block-button__link has-black-background-color has-background has-text-align-center wp-element-button\" href=\"https:\/\/share-eu1.hsforms.com\/1Qi9sPkAHRdWXOoZqhSbjRQfxkpu\" target=\"_blank\" rel=\"noopener\"><strong>T\u00e9l\u00e9charger maintenant<\/strong><\/a><\/div>\n<\/div>\n\n\n\n<p><\/p>\n<\/div>\n<\/div><style>\n            .wp-block-columns.is-wide {\n\t\t\t\tmax-width: 1280px!important;\n\t\t\t\tmargin-left: auto!important;\n\t\t\t\tmargin-right: auto!important;\n            }\n        <\/style>\n<\/div>\n\n\n\n<div style=\"height:52px\" aria-hidden=\"true\" class=\"wp-block-spacer\"><\/div>\n\n\n\n<div class=\"wp-block-columns max-w-screen-xl w-full is-wide px-0 md:px-8 is-layout-flex wp-container-core-columns-is-layout-9d6595d7 wp-block-columns-is-layout-flex\">\n<div class=\"wp-block-column is-layout-flow wp-block-column-is-layout-flow\">\n<div class=\"wp-block-cover\"><img decoding=\"async\" width=\"1004\" height=\"665\" class=\"wp-block-cover__image-background wp-image-16998\" alt=\"\" src=\"https:\/\/adragos-pharma.com\/wp-content\/uploads\/2025\/04\/facility-jura-no-logo-2-2.png\" data-object-fit=\"cover\" srcset=\"https:\/\/adragos-pharma.com\/wp-content\/uploads\/2025\/04\/facility-jura-no-logo-2-2.png 1004w, https:\/\/adragos-pharma.com\/wp-content\/uploads\/2025\/04\/facility-jura-no-logo-2-2-300x199.png 300w, https:\/\/adragos-pharma.com\/wp-content\/uploads\/2025\/04\/facility-jura-no-logo-2-2-768x509.png 768w\" sizes=\"(max-width: 1004px) 100vw, 1004px\" \/><span aria-hidden=\"true\" class=\"wp-block-cover__background has-background-dim\" style=\"background-color:#6d7282\"><\/span><div class=\"wp-block-cover__inner-container is-layout-constrained wp-block-cover-is-layout-constrained\">\n<div class=\"wp-block-columns is-layout-flex wp-container-core-columns-is-layout-9d6595d7 wp-block-columns-is-layout-flex\">\n<div class=\"wp-block-column is-layout-flow wp-block-column-is-layout-flow\"><\/div>\n\n\n\n<div class=\"wp-block-column has-background is-layout-flow wp-block-column-is-layout-flow\" style=\"background-color:#ced4f994;padding-top:30px;padding-right:30px;padding-bottom:30px;padding-left:30px\">\n<h2 class=\"wp-block-heading has-black-color has-text-color has-link-color wp-elements-84ae0acf378872cc7b5fb8cec2b6ca15\">Site de fill-finish aseptique dans le Jura, Suisse<\/h2>\n\n\n\n<p class=\"has-black-color has-text-color has-link-color wp-elements-b3dfbb1751065781a1652a81df95332d\">Avec plus de 6\u202f000 m\u00b2 d\u2019installations et plus de 25 ans d\u2019exp\u00e9rience, Adragos Jura propose une fabrication clinique sur mesure pour soutenir vos essais th\u00e9rapeutiques.<\/p>\n\n\n\n<div class=\"wp-block-buttons is-layout-flex wp-block-buttons-is-layout-flex\">\n<div class=\"wp-block-button\"><a class=\"wp-block-button__link has-dark-blue-background-color has-background wp-element-button\" href=\"https:\/\/adragos-pharma.com\/fr\/jura-suisse\/\">Voir l\u2019emplacement<\/a><\/div>\n<\/div>\n<\/div>\n<\/div>\n<\/div><\/div>\n<\/div>\n<\/div><style>\n            .wp-block-columns.is-wide {\n\t\t\t\tmax-width: 1280px!important;\n\t\t\t\tmargin-left: auto!important;\n\t\t\t\tmargin-right: auto!important;\n            }\n        <\/style>\n\n\n\n<div style=\"height:52px\" aria-hidden=\"true\" class=\"wp-block-spacer\"><\/div>\n\n\n<p>No posts found.<\/p>\n\n\n\n<section class=\"wp-block-adragos-blocks-footer-cta max-w-screen-lg bg-light mx-8 md:mx-auto px-8 py-12 text-center mt-3 mb-12 md:mb-16 rounded-xl md:mb-24\"><h2 class=\"\">Nous contacter<\/h2><p class=\"subtitle font-light m-auto max-w-screen-sm py-6\">Pour plus d\u2019informations sur notre entreprise et nos services, n\u2019h\u00e9sitez pas \u00e0 contacter notre \u00e9quipe.<\/p><div class=\"flex flex-col md:flex-row justify-center gap-4\"><a href=\"https:\/\/adragos-pharma.com\/fr\/nous-contacter\/?utm_campaign=MK_website_contactUs&#038;utm_source=website_analyticalservices\" class=\"cta-link inline-block adragos-button text-white has-primary-background-color text-center\">Envoyer un message<\/a><a href=\"https:\/\/meetings-eu1.hubspot.com\/lydia-marinou?ref=biologics-button\" class=\"cta-link2 inline-block adragos-button text-white has-secondary-background-color text-center\" target=\"_blank\" rel=\"noopener\">Planifier une r\u00e9union<\/a><\/div><\/section>\n\n\n\n<p><\/p>\n","protected":false},"excerpt":{"rendered":"<p>Chez Adragos Pharma Jura, nous sommes sp\u00e9cialis\u00e9s dans le remplissage aseptique et le fill-finish de m\u00e9dicaments st\u00e9riles pour le d\u00e9veloppement clinique (phase I\u2013III). Notre site suisse est con\u00e7u pour offrir la flexibilit\u00e9, la fiabilit\u00e9 et la conformit\u00e9 aux BPF requises [&hellip;]<\/p>\n","protected":false},"author":8,"featured_media":0,"parent":14531,"menu_order":0,"comment_status":"closed","ping_status":"closed","template":"","meta":{"content-type":"","inline_featured_image":false,"footnotes":""},"class_list":["post-24024","page","type-page","status-publish","hentry"],"_links":{"self":[{"href":"https:\/\/adragos-pharma.com\/fr\/wp-json\/wp\/v2\/pages\/24024","targetHints":{"allow":["GET"]}}],"collection":[{"href":"https:\/\/adragos-pharma.com\/fr\/wp-json\/wp\/v2\/pages"}],"about":[{"href":"https:\/\/adragos-pharma.com\/fr\/wp-json\/wp\/v2\/types\/page"}],"author":[{"embeddable":true,"href":"https:\/\/adragos-pharma.com\/fr\/wp-json\/wp\/v2\/users\/8"}],"replies":[{"embeddable":true,"href":"https:\/\/adragos-pharma.com\/fr\/wp-json\/wp\/v2\/comments?post=24024"}],"version-history":[{"count":3,"href":"https:\/\/adragos-pharma.com\/fr\/wp-json\/wp\/v2\/pages\/24024\/revisions"}],"predecessor-version":[{"id":24090,"href":"https:\/\/adragos-pharma.com\/fr\/wp-json\/wp\/v2\/pages\/24024\/revisions\/24090"}],"up":[{"embeddable":true,"href":"https:\/\/adragos-pharma.com\/fr\/wp-json\/wp\/v2\/pages\/14531"}],"wp:attachment":[{"href":"https:\/\/adragos-pharma.com\/fr\/wp-json\/wp\/v2\/media?parent=24024"}],"curies":[{"name":"wp","href":"https:\/\/api.w.org\/{rel}","templated":true}]}}