{"id":24030,"date":"2026-03-23T16:10:22","date_gmt":"2026-03-23T14:10:22","guid":{"rendered":"https:\/\/adragos-pharma.com\/production-clinique\/lyophilisation\/"},"modified":"2026-03-23T17:05:26","modified_gmt":"2026-03-23T15:05:26","slug":"lyophilisation","status":"publish","type":"page","link":"https:\/\/adragos-pharma.com\/fr\/production-clinique\/lyophilisation\/","title":{"rendered":"Lyophilisation"},"content":{"rendered":"\n<section class=\"wp-block-adragos-blocks-header relative has-primary-background-color bg-pattern bg-cover max-w-full bg-bottom px-3 pt-10 pb-44 md:pt-16 md:pb-44 has-secondary-background-color has-background\"><div class=\"relative z-30 max-w-screen-xl px-6 m-auto\"><nav class=\"flex mb-4\" aria-label=\"Breadcrumb\"><ol class=\"inline-flex items-center space-x-1 md:space-x-2 rtl:space-x-reverse\"><li class=\"inline-flex items-center\"><a href=\"https:\/\/adragos-pharma.com\/fr\/\" class=\"inline-flex items-center text-sm font-medium text-white hover:text-primary\"><svg class=\"w-3 h-3 me-2.5\" aria-hidden=\"true\" xmlns=\"http:\/\/www.w3.org\/2000\/svg\" fill=\"currentColor\" viewBox=\"0 0 20 20\"><path d=\"m19.707 9.293-2-2-7-7a1 1 0 0 0-1.414 0l-7 7-2 2a1 1 0 0 0 1.414 1.414L2 10.414V18a2 2 0 0 0 2 2h3a1 1 0 0 0 1-1v-4a1 1 0 0 1 1-1h2a1 1 0 0 1 1 1v4a1 1 0 0 0 1 1h3a2 2 0 0 0 2-2v-7.586l.293.293a1 1 0 0 0 1.414-1.414Z\"><\/path><\/svg>Home<\/a><\/li><li><div class=\"flex items-center\"><svg class=\"rtl:rotate-180 w-3 h-3 text-white mx-1\" aria-hidden=\"true\" xmlns=\"http:\/\/www.w3.org\/2000\/svg\" fill=\"none\" viewBox=\"0 0 6 10\"><path stroke=\"currentColor\" stroke-linecap=\"round\" stroke-linejoin=\"round\" stroke-width=\"2\" d=\"m1 9 4-4-4-4\"><\/path><\/svg><a href=\"https:\/\/adragos-pharma.com\/fr\/production-clinique\/\" class=\"ms-1 text-sm font-medium text-white hover:text-primary md:ms-2\">Production Clinique<\/a><\/div><\/li><li class=\"hidden md:inline-block\" aria-current=\"page\"><div class=\"flex items-center\"><svg class=\"rtl:rotate-180 w-3 h-3 text-white mx-1\" aria-hidden=\"true\" xmlns=\"http:\/\/www.w3.org\/2000\/svg\" fill=\"none\" viewBox=\"0 0 6 10\"><path stroke=\"currentColor\" stroke-linecap=\"round\" stroke-linejoin=\"round\" stroke-width=\"2\" d=\"m1 9 4-4-4-4\"><\/path><\/svg><span class=\"ms-1 text-sm font-medium text-white md:ms-2\">Lyophilisation<\/span><\/div><\/li><\/ol><\/nav><h1 class=\"text-3xl md:text-4xl text-white\">Lyophilisation<\/h1><\/div><div class=\"bg-wave absolute left-0 bottom-0 h-52 bg-repeat-x bg-[center_bottom] w-full\"><\/div><\/section>\n\n\n\n<div class=\"wp-block-columns max-w-screen-xl w-full is-wide px-0 md:px-8 is-layout-flex wp-container-core-columns-is-layout-9d6595d7 wp-block-columns-is-layout-flex\">\n<div class=\"wp-block-column is-layout-flow wp-block-column-is-layout-flow\">\n<p class=\"has-text-align-center\">Dans l\u00e9tablissement dAdragos Pharma \u00e0 Jura, en Suisse, nous sommes sp\u00e9cialis\u00e9s dans le remplissage-finition aseptique et la lyophilisation de flacons st\u00e9riles pour les essais cliniques. Avec 25 ans dexp\u00e9rience dans la fabrication st\u00e9rile et la certification BPF par Swissmedic, notre op\u00e9ration de qualit\u00e9 suisse combine pr\u00e9cision et flexibilit\u00e9 pour soutenir votre mol\u00e9cule, du d\u00e9veloppement pr\u00e9coce \u00e0 lapprovisionnement clinique des phases I \u00e0 III. <\/p>\n\n\n\n<div class=\"wp-block-buttons is-content-justification-center is-layout-flex wp-container-core-buttons-is-layout-16018d1d wp-block-buttons-is-layout-flex\">\n<div class=\"wp-block-button\"><a class=\"wp-block-button__link has-secondary-background-color has-background wp-element-button\" href=\"https:\/\/adragos-pharma.com\/fr\/nous-contacter\/\">Parler \u00e0 un expert<\/a><\/div>\n<\/div>\n<\/div>\n<\/div><style>\n            .wp-block-columns.is-wide {\n\t\t\t\tmax-width: 1280px!important;\n\t\t\t\tmargin-left: auto!important;\n\t\t\t\tmargin-right: auto!important;\n            }\n        <\/style>\n\n\n\n<section class=\"wp-block-adragos-blocks-box max-w-screen-xl mx-auto px-8 py-8\"><div class=\"grid grid-cols-1 lg:grid-cols-2 gap-x-8 gap-y-16\"><div class=\"top-image text-center relative box bg-light rounded-xl p-8\"><div class=\"\"><img decoding=\"async\" class=\"box-image mb-0\" src=\"https:\/\/adragos-pharma.com\/wp-content\/uploads\/2025\/10\/Engagement-1.png\" alt=\"\"\/><h3 class=\"box-title\">Lyophilisation pour les essais cliniques sans taille de lot minimale<\/h3><\/div><p class=\"my-6 box-subtitle\">Nos services sont con\u00e7us sp\u00e9cifiquement pour la fabrication de produits m\u00e9dicamenteux lyophilis\u00e9s \u00e0 l\u2019\u00e9chelle clinique, o\u00f9 de petits lots flexibles sont essentiels, en particulier pour le d\u00e9veloppement pr\u00e9coce et les produits biologiques de grande valeur.<br>\u2022 <strong>Pas de taille de lot minimale fixe<\/strong> : ne fabriquez que ce que votre \u00e9tude requiert<br>\u2022 <strong>Petits volumes de lots<\/strong> : jusqu\u2019\u00e0 <strong>200\u2013300 mL<\/strong> de solution en vrac<br>\u2022 <strong>Capacit\u00e9 de 3,5 m\u00b2 de lyophilisateur<\/strong> optimis\u00e9e pour la production aseptique de petits lots<br>\u2022 Exp\u00e9rience avec les <strong>peptides, les produits biologiques, les suspensions st\u00e9riles, les petites mol\u00e9cules et les formulations complexes<\/strong><br>Que vous ayez besoin de mat\u00e9riel pour des \u00e9tudes de premi\u00e8re administration chez l\u2019homme ou d\u2019une mise \u00e0 l\u2019\u00e9chelle BPF pour les phases ult\u00e9rieures, Adragos Jura offre une qualit\u00e9 constante, une documentation robuste et des d\u00e9lais fiables.<\/p><\/div><div class=\"top-image text-center relative box bg-light rounded-xl p-8\"><div class=\"\"><img decoding=\"async\" class=\"box-image mb-0\" src=\"https:\/\/adragos-pharma.com\/wp-content\/uploads\/2024\/07\/VIALS-v2.png\" alt=\"\"\/><h3 class=\"box-title\">Fabrication clinique BPF de bout en bout pour les flacons lyophilis\u00e9s<\/h3><\/div><p class=\"my-6 box-subtitle\">Notre site suisse regroupe les services cl\u00e9s pour les flacons lyophilis\u00e9s dans un \u00e9cosyst\u00e8me contr\u00f4l\u00e9 BPF :<br>\u2022 Alignement des processus et <strong>mise \u00e0 l\u2019\u00e9chelle des lots de d\u00e9veloppement \u00e0 la fabrication BPF<\/strong><br>\u2022&nbsp;<strong>Transfert de technologie<\/strong> et <strong>d\u00e9veloppement du cycle de lyophilisation<\/strong><br>\u2022&nbsp;<strong>Remplissage aseptique<\/strong> et <strong>APS (Simulation de Processus Aseptique)<\/strong> pour assurer la st\u00e9rilit\u00e9<br>\u2022&nbsp;<strong>Conditionnement clinique<\/strong>, \u00e9tiquetage randomis\u00e9 et pr\u00e9paration de kits<br>\u2022&nbsp;<strong>Stockage BPF<\/strong> et distribution \u00e0 temp\u00e9rature contr\u00f4l\u00e9e pour les mat\u00e9riaux cliniques<br>\u2022 Tests analytiques et microbiologiques, y compris la <strong>st\u00e9rilit\u00e9, l\u2019endotoxine et l\u2019humidit\u00e9 r\u00e9siduelle<\/strong><br>Chaque projet est soutenu par une gestion de projet structur\u00e9e et une communication claire pour maintenir votre programme clinique sur la bonne voie.<\/p><\/div><div class=\"top-image text-center relative box bg-light rounded-xl p-8\"><div class=\"\"><img decoding=\"async\" class=\"box-image mb-0\" src=\"https:\/\/adragos-pharma.com\/wp-content\/uploads\/2024\/03\/High-quality-standards-Turquoise.png\" alt=\"\"\/><h3 class=\"box-title\">Contr\u00f4le analytique et qualit\u00e9 pour la lib\u00e9ration de lots BPF<\/h3><\/div><p class=\"my-6 box-subtitle\">Notre laboratoire de contr\u00f4le qualit\u00e9 interne prend en charge la lib\u00e9ration de lots BPF pour les produits lyophilis\u00e9s, y compris :<br>\u2022 <strong>HPLC\/UPLC<\/strong>, Karl Fischer (teneur en eau), osmolalit\u00e9, comptage de particules subvisibles<br>\u2022 Tests de st\u00e9rilit\u00e9 et d\u2019endotoxines dans des conditions d\u2019isolateur<br>\u2022 \u00c9tudes de stabilit\u00e9 \u00e0 long terme dans des <strong>conditions ICH<\/strong><br>\u2022 Documentation BPF et certification de lots conform\u00e9ment aux attentes suisses\/EMA<br>Cette capacit\u00e9 de contr\u00f4le qualit\u00e9 int\u00e9gr\u00e9e contribue \u00e0 garantir des r\u00e9sultats fiables et reproductibles, ainsi qu\u2019un approvisionnement clinique en toute confiance.<\/p><\/div><div class=\"top-image text-center relative box bg-light rounded-xl p-8\"><div class=\"\"><img decoding=\"async\" class=\"box-image mb-0\" src=\"https:\/\/adragos-pharma.com\/wp-content\/uploads\/2024\/03\/EU-GMP-and-FDA.png\" alt=\"\"\/><h3 class=\"box-title\">Conformit\u00e9 BPF et pr\u00e9paration r\u00e9glementaire<\/h3><\/div><p class=\"my-6 box-subtitle\">Adragos Pharma Jura op\u00e8re sous certification BPF par Swissmedic pour la fabrication de produits st\u00e9riles (lyophilis\u00e9s et liquides). Notre installation applique des contr\u00f4les aseptiques rigoureux, soutenus par des processus valid\u00e9s, des APS et une surveillance continue de la qualit\u00e9, afin de r\u00e9pondre aux exigences des programmes cliniques mondiaux, y compris ceux destin\u00e9s aux voies r\u00e9glement\u00e9es par la FDA. <\/p><\/div><\/div><\/section>\n\n\n\n<div class=\"wp-block-columns max-w-screen-xl w-full is-wide px-0 md:px-8 is-layout-flex wp-container-core-columns-is-layout-9d6595d7 wp-block-columns-is-layout-flex\">\n<div class=\"wp-block-column is-layout-flow wp-block-column-is-layout-flow\">\n<div style=\"height:43px\" aria-hidden=\"true\" class=\"wp-block-spacer\"><\/div>\n\n\n\n<div class=\"wp-block-columns max-w-screen-xl w-full is-wide px-0 md:px-8 is-layout-flex wp-container-core-columns-is-layout-9d6595d7 wp-block-columns-is-layout-flex\">\n<div class=\"wp-block-column is-layout-flow wp-block-column-is-layout-flow\">\n<div class=\"wp-block-group\"><div class=\"wp-block-group__inner-container is-layout-constrained wp-block-group-is-layout-constrained\">\n<figure class=\"wp-block-gallery has-nested-images columns-default is-cropped wp-block-gallery-1 is-layout-flex wp-block-gallery-is-layout-flex\">\n<figure class=\"wp-block-image size-large\"><img decoding=\"async\" width=\"1024\" height=\"580\" data-id=\"14475\" src=\"https:\/\/adragos-pharma.com\/wp-content\/uploads\/2024\/11\/Captura-de-pantalla-2024-11-21-104458-e1749111336691-1024x580.png\" alt=\"\" class=\"wp-image-14475\" srcset=\"https:\/\/adragos-pharma.com\/wp-content\/uploads\/2024\/11\/Captura-de-pantalla-2024-11-21-104458-e1749111336691-1024x580.png 1024w, https:\/\/adragos-pharma.com\/wp-content\/uploads\/2024\/11\/Captura-de-pantalla-2024-11-21-104458-e1749111336691-300x170.png 300w, https:\/\/adragos-pharma.com\/wp-content\/uploads\/2024\/11\/Captura-de-pantalla-2024-11-21-104458-e1749111336691-768x435.png 768w, https:\/\/adragos-pharma.com\/wp-content\/uploads\/2024\/11\/Captura-de-pantalla-2024-11-21-104458-e1749111336691.png 1116w\" sizes=\"(max-width: 1024px) 100vw, 1024px\" \/><\/figure>\n\n\n\n<figure class=\"wp-block-image size-large\"><img decoding=\"async\" width=\"1024\" height=\"680\" data-id=\"14463\" src=\"https:\/\/adragos-pharma.com\/wp-content\/uploads\/2024\/11\/Captura-de-pantalla-2024-11-21-104436-1024x680.png\" alt=\"image sur le processus de lyophilisation\" class=\"wp-image-14463\" srcset=\"https:\/\/adragos-pharma.com\/wp-content\/uploads\/2024\/11\/Captura-de-pantalla-2024-11-21-104436-1024x680.png 1024w, https:\/\/adragos-pharma.com\/wp-content\/uploads\/2024\/11\/Captura-de-pantalla-2024-11-21-104436-300x199.png 300w, https:\/\/adragos-pharma.com\/wp-content\/uploads\/2024\/11\/Captura-de-pantalla-2024-11-21-104436-768x510.png 768w, https:\/\/adragos-pharma.com\/wp-content\/uploads\/2024\/11\/Captura-de-pantalla-2024-11-21-104436.png 1305w\" sizes=\"(max-width: 1024px) 100vw, 1024px\" \/><\/figure>\n\n\n\n<figure class=\"wp-block-image size-large\"><img decoding=\"async\" width=\"1024\" height=\"674\" data-id=\"14457\" src=\"https:\/\/adragos-pharma.com\/wp-content\/uploads\/2024\/11\/Captura-de-pantalla-2024-11-21-104634-1024x674.png\" alt=\"\" class=\"wp-image-14457\" srcset=\"https:\/\/adragos-pharma.com\/wp-content\/uploads\/2024\/11\/Captura-de-pantalla-2024-11-21-104634-1024x674.png 1024w, https:\/\/adragos-pharma.com\/wp-content\/uploads\/2024\/11\/Captura-de-pantalla-2024-11-21-104634-300x198.png 300w, https:\/\/adragos-pharma.com\/wp-content\/uploads\/2024\/11\/Captura-de-pantalla-2024-11-21-104634-768x506.png 768w, https:\/\/adragos-pharma.com\/wp-content\/uploads\/2024\/11\/Captura-de-pantalla-2024-11-21-104634.png 1309w\" sizes=\"(max-width: 1024px) 100vw, 1024px\" \/><\/figure>\n\n\n\n<figure class=\"wp-block-image size-large\"><img decoding=\"async\" width=\"1024\" height=\"679\" data-id=\"14415\" src=\"https:\/\/adragos-pharma.com\/wp-content\/uploads\/2024\/11\/Captura-de-pantalla-2024-11-21-104418-1024x679.png\" alt=\"\" class=\"wp-image-14415\" srcset=\"https:\/\/adragos-pharma.com\/wp-content\/uploads\/2024\/11\/Captura-de-pantalla-2024-11-21-104418-1024x679.png 1024w, https:\/\/adragos-pharma.com\/wp-content\/uploads\/2024\/11\/Captura-de-pantalla-2024-11-21-104418-300x199.png 300w, https:\/\/adragos-pharma.com\/wp-content\/uploads\/2024\/11\/Captura-de-pantalla-2024-11-21-104418-768x509.png 768w, https:\/\/adragos-pharma.com\/wp-content\/uploads\/2024\/11\/Captura-de-pantalla-2024-11-21-104418.png 1307w\" sizes=\"(max-width: 1024px) 100vw, 1024px\" \/><\/figure>\n\n\n\n<figure class=\"wp-block-image size-large\"><img decoding=\"async\" width=\"1024\" height=\"683\" data-id=\"14433\" src=\"https:\/\/adragos-pharma.com\/wp-content\/uploads\/2024\/11\/Captura-de-pantalla-2024-11-21-104539-1024x683.png\" alt=\"\" class=\"wp-image-14433\" srcset=\"https:\/\/adragos-pharma.com\/wp-content\/uploads\/2024\/11\/Captura-de-pantalla-2024-11-21-104539-1024x683.png 1024w, https:\/\/adragos-pharma.com\/wp-content\/uploads\/2024\/11\/Captura-de-pantalla-2024-11-21-104539-300x200.png 300w, https:\/\/adragos-pharma.com\/wp-content\/uploads\/2024\/11\/Captura-de-pantalla-2024-11-21-104539-768x512.png 768w, https:\/\/adragos-pharma.com\/wp-content\/uploads\/2024\/11\/Captura-de-pantalla-2024-11-21-104539.png 1301w\" sizes=\"(max-width: 1024px) 100vw, 1024px\" \/><\/figure>\n\n\n\n<figure class=\"wp-block-image size-large\"><img decoding=\"async\" width=\"1024\" height=\"681\" data-id=\"14487\" src=\"https:\/\/adragos-pharma.com\/wp-content\/uploads\/2024\/11\/Captura-de-pantalla-2024-11-21-104519-1024x681.png\" alt=\"\" class=\"wp-image-14487\" srcset=\"https:\/\/adragos-pharma.com\/wp-content\/uploads\/2024\/11\/Captura-de-pantalla-2024-11-21-104519-1024x681.png 1024w, https:\/\/adragos-pharma.com\/wp-content\/uploads\/2024\/11\/Captura-de-pantalla-2024-11-21-104519-300x200.png 300w, https:\/\/adragos-pharma.com\/wp-content\/uploads\/2024\/11\/Captura-de-pantalla-2024-11-21-104519-768x511.png 768w, https:\/\/adragos-pharma.com\/wp-content\/uploads\/2024\/11\/Captura-de-pantalla-2024-11-21-104519.png 1303w\" sizes=\"(max-width: 1024px) 100vw, 1024px\" \/><\/figure>\n<\/figure>\n<\/div><\/div>\n<\/div>\n<\/div><style>\n            .wp-block-columns.is-wide {\n\t\t\t\tmax-width: 1280px!important;\n\t\t\t\tmargin-left: auto!important;\n\t\t\t\tmargin-right: auto!important;\n            }\n        <\/style>\n<\/div>\n<\/div><style>\n            .wp-block-columns.is-wide {\n\t\t\t\tmax-width: 1280px!important;\n\t\t\t\tmargin-left: auto!important;\n\t\t\t\tmargin-right: auto!important;\n            }\n        <\/style>\n\n\n\n<div style=\"height:52px\" aria-hidden=\"true\" class=\"wp-block-spacer\"><\/div>\n\n\n\n<div class=\"wp-block-columns max-w-screen-xl w-full is-wide px-0 md:px-8 is-layout-flex wp-container-core-columns-is-layout-9d6595d7 wp-block-columns-is-layout-flex\">\n<div class=\"wp-block-column is-layout-flow wp-block-column-is-layout-flow\">\n<h2 class=\"wp-block-heading\">Pourquoi choisir Adragos Pharma Jura ?<\/h2>\n\n\n\n<ul class=\"wp-block-list\">\n<li>Des d\u00e9cennies d\u2019expertise dans la fabrication st\u00e9rile de <strong>produits m\u00e9dicamenteux lyophilis\u00e9s et liquides<\/strong><\/li>\n\n\n\n<li>Production <strong>\u00e0 l\u2019\u00e9chelle clinique<\/strong> flexible sans <strong>taille de lot minimale<\/strong><\/li>\n\n\n\n<li>Pr\u00e9cision suisse soutenue par des syst\u00e8mes BPF robustes et une pr\u00e9paration aux inspections<\/li>\n\n\n\n<li>Gestion de projet transparente et communication proactive avec le client<\/li>\n\n\n\n<li>Exp\u00e9rience av\u00e9r\u00e9e dans le soutien de programmes biotechnologiques innovants en clinique<\/li>\n<\/ul>\n<\/div>\n\n\n\n<div class=\"wp-block-column is-layout-flow wp-block-column-is-layout-flow\">\n<figure class=\"wp-block-image size-full\"><img decoding=\"async\" width=\"749\" height=\"385\" src=\"https:\/\/adragos-pharma.com\/wp-content\/uploads\/2025\/03\/Captura-de-pantalla-2024-11-18-1-1.jpg\" alt=\"\" class=\"wp-image-16440\" style=\"aspect-ratio:3\/2;object-fit:cover\" srcset=\"https:\/\/adragos-pharma.com\/wp-content\/uploads\/2025\/03\/Captura-de-pantalla-2024-11-18-1-1.jpg 749w, https:\/\/adragos-pharma.com\/wp-content\/uploads\/2025\/03\/Captura-de-pantalla-2024-11-18-1-1-300x154.jpg 300w\" sizes=\"(max-width: 749px) 100vw, 749px\" \/><\/figure>\n<\/div>\n<\/div><style>\n            .wp-block-columns.is-wide {\n\t\t\t\tmax-width: 1280px!important;\n\t\t\t\tmargin-left: auto!important;\n\t\t\t\tmargin-right: auto!important;\n            }\n        <\/style>\n\n\n\n<div style=\"height:22px\" aria-hidden=\"true\" class=\"wp-block-spacer\"><\/div>\n\n\n\n<div class=\"wp-block-group has-light-background-color has-background is-nowrap is-layout-flex wp-container-core-group-is-layout-ad2f72ca wp-block-group-is-layout-flex\">\n<div class=\"wp-block-columns max-w-screen-xl w-full is-wide px-0 md:px-8 is-layout-flex wp-container-core-columns-is-layout-9d6595d7 wp-block-columns-is-layout-flex\">\n<div class=\"wp-block-column is-layout-flow wp-block-column-is-layout-flow\">\n<p><\/p>\n\n\n\n<p class=\"has-text-align-center\">\u00ab Travailler avec Adragos Pharma a \u00e9t\u00e9 d\u00e9terminant pour faire avancer notre projet en temps voulu. \u00bb<\/p>\n\n\n\n<p class=\"has-text-align-center\"><em>Thierry Ziegler, COO, Igyxos<\/em><\/p>\n\n\n\n<p><\/p>\n<\/div>\n<\/div><style>\n            .wp-block-columns.is-wide {\n\t\t\t\tmax-width: 1280px!important;\n\t\t\t\tmargin-left: auto!important;\n\t\t\t\tmargin-right: auto!important;\n            }\n        <\/style>\n<\/div>\n\n\n\n<div class=\"wp-block-group has-background is-nowrap is-layout-flex wp-container-core-group-is-layout-ad2f72ca wp-block-group-is-layout-flex\" style=\"background-color:#fe86d2\">\n<div class=\"wp-block-columns max-w-screen-xl w-full is-wide px-0 md:px-8 is-layout-flex wp-container-core-columns-is-layout-9d6595d7 wp-block-columns-is-layout-flex\">\n<div class=\"wp-block-column is-layout-flow wp-block-column-is-layout-flow\">\n<p><\/p>\n\n\n\n<h2 class=\"wp-block-heading has-text-align-center\"><strong><strong>T\u00e9l\u00e9charger la brochure sur la lyophilisation Jura<\/strong><\/strong><\/h2>\n\n\n\n<p class=\"has-text-align-center has-black-color has-text-color has-link-color wp-elements-94d770e86f859d42482c6e438c512e50\">D\u00e9couvrez nos services de fabrication de produits biologiques dans notre \u00e9tablissement de Jura, en Suisse.<\/p>\n\n\n\n<div class=\"wp-block-buttons is-content-justification-center is-layout-flex wp-container-core-buttons-is-layout-16018d1d wp-block-buttons-is-layout-flex\">\n<div class=\"wp-block-button\"><a class=\"wp-block-button__link has-black-background-color has-background has-text-align-center wp-element-button\" href=\"https:\/\/share-eu1.hsforms.com\/1Qi9sPkAHRdWXOoZqhSbjRQfxkpu\" target=\"_blank\" rel=\"noopener\"><strong>T\u00e9l\u00e9charger maintenant<\/strong><\/a><\/div>\n<\/div>\n\n\n\n<p><\/p>\n<\/div>\n<\/div><style>\n            .wp-block-columns.is-wide {\n\t\t\t\tmax-width: 1280px!important;\n\t\t\t\tmargin-left: auto!important;\n\t\t\t\tmargin-right: auto!important;\n            }\n        <\/style>\n<\/div>\n\n\n\n<div style=\"height:61px\" aria-hidden=\"true\" class=\"wp-block-spacer\"><\/div>\n\n\n\n<div class=\"wp-block-columns max-w-screen-xl w-full is-wide px-0 md:px-8 is-layout-flex wp-container-core-columns-is-layout-9d6595d7 wp-block-columns-is-layout-flex\">\n<div class=\"wp-block-column is-layout-flow wp-block-column-is-layout-flow\">\n<div class=\"wp-block-cover\"><img decoding=\"async\" width=\"1004\" height=\"665\" class=\"wp-block-cover__image-background wp-image-16998\" alt=\"\" src=\"https:\/\/adragos-pharma.com\/wp-content\/uploads\/2025\/04\/facility-jura-no-logo-2-2.png\" data-object-fit=\"cover\" srcset=\"https:\/\/adragos-pharma.com\/wp-content\/uploads\/2025\/04\/facility-jura-no-logo-2-2.png 1004w, https:\/\/adragos-pharma.com\/wp-content\/uploads\/2025\/04\/facility-jura-no-logo-2-2-300x199.png 300w, https:\/\/adragos-pharma.com\/wp-content\/uploads\/2025\/04\/facility-jura-no-logo-2-2-768x509.png 768w\" sizes=\"(max-width: 1004px) 100vw, 1004px\" \/><span aria-hidden=\"true\" class=\"wp-block-cover__background has-background-dim\" style=\"background-color:#6d7282\"><\/span><div class=\"wp-block-cover__inner-container is-layout-constrained wp-block-cover-is-layout-constrained\">\n<div class=\"wp-block-columns is-layout-flex wp-container-core-columns-is-layout-9d6595d7 wp-block-columns-is-layout-flex\">\n<div class=\"wp-block-column is-layout-flow wp-block-column-is-layout-flow\"><\/div>\n\n\n\n<div class=\"wp-block-column has-background is-layout-flow wp-block-column-is-layout-flow\" style=\"background-color:#ced4f994;padding-top:30px;padding-right:30px;padding-bottom:30px;padding-left:30px\">\n<h2 class=\"wp-block-heading has-black-color has-text-color has-link-color wp-elements-23b692dbc18c5756ca8e55c7e14791a7\">Installation de lyophilisation \u00e0 Jura, Suisse<\/h2>\n\n\n\n<p class=\"has-black-color has-text-color has-link-color wp-elements-75253ac3a51b43a64b4d78ba1a3b5151\">Avec plus de 6 000 m\u00b2 dinstallations et plus de 25 ans dexp\u00e9rience, Adragos Jura propose une fabrication clinique personnalis\u00e9e pour soutenir vos essais th\u00e9rapeutiques.<\/p>\n\n\n\n<div class=\"wp-block-buttons is-layout-flex wp-block-buttons-is-layout-flex\">\n<div class=\"wp-block-button\"><a class=\"wp-block-button__link has-dark-blue-background-color has-background wp-element-button\" href=\"https:\/\/adragos-pharma.com\/fr\/jura-suisse\/\">Voir lemplacement<\/a><\/div>\n<\/div>\n<\/div>\n<\/div>\n<\/div><\/div>\n<\/div>\n<\/div><style>\n            .wp-block-columns.is-wide {\n\t\t\t\tmax-width: 1280px!important;\n\t\t\t\tmargin-left: auto!important;\n\t\t\t\tmargin-right: auto!important;\n            }\n        <\/style>\n\n\n\n<div style=\"height:52px\" aria-hidden=\"true\" class=\"wp-block-spacer\"><\/div>\n\n\n<p>No posts found.<\/p>\n\n\n\n<section class=\"wp-block-adragos-blocks-footer-cta max-w-screen-lg bg-light mx-8 md:mx-auto px-8 py-12 text-center mt-3 mb-12 md:mb-16 rounded-xl md:mb-24\"><h2 class=\"\">Nous contacter<\/h2><p class=\"subtitle font-light m-auto max-w-screen-sm py-6\">Pour plus dinformations sur notre entreprise et nos services, nh\u00e9sitez pas \u00e0 contacter notre \u00e9quipe.<\/p><div class=\"flex flex-col md:flex-row justify-center gap-4\"><a href=\"https:\/\/adragos-pharma.com\/fr\/nous-contacter\/?utm_campaign=MK_website_contactUsutm_source=website_analyticalservices\" class=\"cta-link inline-block adragos-button text-white has-primary-background-color text-center\">Envoyer un message<\/a><a href=\"https:\/\/meetings-eu1.hubspot.com\/lydia-marinou?ref=biologics-button\" class=\"cta-link2 inline-block adragos-button text-white has-secondary-background-color text-center\" target=\"_blank\" rel=\"noopener\">Planifier une r\u00e9union<\/a><\/div><\/section>\n\n\n\n<p><\/p>\n","protected":false},"excerpt":{"rendered":"<p>Dans l\u00e9tablissement dAdragos Pharma \u00e0 Jura, en Suisse, nous sommes sp\u00e9cialis\u00e9s dans le remplissage-finition aseptique et la lyophilisation de flacons st\u00e9riles pour les essais cliniques. Avec 25 ans dexp\u00e9rience dans la fabrication st\u00e9rile et la certification BPF par Swissmedic, notre [&hellip;]<\/p>\n","protected":false},"author":8,"featured_media":0,"parent":14531,"menu_order":0,"comment_status":"closed","ping_status":"closed","template":"","meta":{"content-type":"","inline_featured_image":false,"footnotes":""},"class_list":["post-24030","page","type-page","status-publish","hentry"],"_links":{"self":[{"href":"https:\/\/adragos-pharma.com\/fr\/wp-json\/wp\/v2\/pages\/24030","targetHints":{"allow":["GET"]}}],"collection":[{"href":"https:\/\/adragos-pharma.com\/fr\/wp-json\/wp\/v2\/pages"}],"about":[{"href":"https:\/\/adragos-pharma.com\/fr\/wp-json\/wp\/v2\/types\/page"}],"author":[{"embeddable":true,"href":"https:\/\/adragos-pharma.com\/fr\/wp-json\/wp\/v2\/users\/8"}],"replies":[{"embeddable":true,"href":"https:\/\/adragos-pharma.com\/fr\/wp-json\/wp\/v2\/comments?post=24030"}],"version-history":[{"count":2,"href":"https:\/\/adragos-pharma.com\/fr\/wp-json\/wp\/v2\/pages\/24030\/revisions"}],"predecessor-version":[{"id":24120,"href":"https:\/\/adragos-pharma.com\/fr\/wp-json\/wp\/v2\/pages\/24030\/revisions\/24120"}],"up":[{"embeddable":true,"href":"https:\/\/adragos-pharma.com\/fr\/wp-json\/wp\/v2\/pages\/14531"}],"wp:attachment":[{"href":"https:\/\/adragos-pharma.com\/fr\/wp-json\/wp\/v2\/media?parent=24030"}],"curies":[{"name":"wp","href":"https:\/\/api.w.org\/{rel}","templated":true}]}}