{"id":8812,"date":"2024-03-20T14:59:39","date_gmt":"2024-03-20T12:59:39","guid":{"rendered":"https:\/\/adragos-pharma.com\/?page_id=8812"},"modified":"2025-03-18T16:31:51","modified_gmt":"2025-03-18T14:31:51","slug":"nos-sites","status":"publish","type":"page","link":"https:\/\/adragos-pharma.com\/fr\/nos-sites\/","title":{"rendered":"Nos Sites"},"content":{"rendered":"\n<section class=\"wp-block-adragos-blocks-header relative has-primary-background-color bg-pattern flex flex-col bg-cover max-w-full bg-bottom items-center justify-center text-center text-black px-3 pt-20 pb-44 md:pt-36 md:pb-56 has-dark-blue-background-color has-background\"><div class=\"relative z-30 max-w-screen-xl px-6 m-auto\"><h1 class=\"text-white\">Nos Sites<\/h1><p class=\"mt-6 m-auto max-w-screen-sm text-white text-lg\">En tant qu&rsquo;organisation de d\u00e9veloppement et de fabrication sous contrat (CDMO) op\u00e9rant \u00e0 l&rsquo;\u00e9chelle mondiale et dont le si\u00e8ge se trouve \u00e0 Munich, en Allemagne, nous nous consacrons \u00e0 la satisfaction des besoins pharmaceutiques en Europe, au Japon et en Am\u00e9rique du Nord.<\/p><\/div><div class=\"bg-wave absolute left-0 bottom-0 h-52 bg-repeat-x bg-[center_bottom] w-full\"><\/div><\/section>\n\n\n\n<div style=\"height:36px\" aria-hidden=\"true\" class=\"wp-block-spacer\"><\/div>\n\n\n\n<div class=\"wp-block-columns image-top max-w-screen-xl w-full is-wide px-0 md:px-8 is-layout-flex wp-container-core-columns-is-layout-9d6595d7 wp-block-columns-is-layout-flex\">\n<div class=\"wp-block-column is-layout-flow wp-block-column-is-layout-flow\">\n<h2 class=\"wp-block-heading has-primary-color has-text-color has-link-color wp-elements-a1357314d0986e58a0614191485b8bf0\"><a href=\"https:\/\/adragos-pharma.com\/fr\/athenes-grece\/\" data-type=\"page\" data-id=\"445\"> Ath\u00e8nes, Gr\u00e8ce<\/a><\/h2>\n\n\n\n<div class=\"wp-block-cover is-light tw-rounded-xl\" style=\"min-height:360px;aspect-ratio:unset;\"><span aria-hidden=\"true\" class=\"wp-block-cover__background has-background-dim-20 has-background-dim\"><\/span><img decoding=\"async\" width=\"1800\" height=\"1012\" class=\"wp-block-cover__image-background wp-image-1136\" alt=\"\" src=\"https:\/\/adragos-pharma.com\/wp-content\/uploads\/2024\/03\/hero-01.jpeg\" data-object-fit=\"cover\" srcset=\"https:\/\/adragos-pharma.com\/wp-content\/uploads\/2024\/03\/hero-01.jpeg 1800w, https:\/\/adragos-pharma.com\/wp-content\/uploads\/2024\/03\/hero-01-300x169.jpeg 300w, https:\/\/adragos-pharma.com\/wp-content\/uploads\/2024\/03\/hero-01-1024x576.jpeg 1024w, https:\/\/adragos-pharma.com\/wp-content\/uploads\/2024\/03\/hero-01-768x432.jpeg 768w, https:\/\/adragos-pharma.com\/wp-content\/uploads\/2024\/03\/hero-01-1536x864.jpeg 1536w\" sizes=\"(max-width: 1800px) 100vw, 1800px\" \/><div class=\"wp-block-cover__inner-container is-layout-constrained wp-block-cover-is-layout-constrained\">\n<figure class=\"wp-block-image size-large no-rounded\"><img decoding=\"async\" width=\"43\" height=\"32\" src=\"https:\/\/adragos-pharma.com\/wp-content\/uploads\/2024\/03\/greeceflag.svg\" alt=\"\" class=\"wp-image-271\" style=\"object-fit:cover\"\/><\/figure>\n<\/div><\/div>\n\n\n\n<p style=\"padding-top:var(--wp--preset--spacing--50);padding-bottom:0\">Avec plus de 3 000 m\u00b2 d&rsquo;installations de R&amp;D, Adragos Ath\u00e8nes est sp\u00e9cialis\u00e9e dans le d\u00e9veloppement de m\u00e9dicaments \u00e0 valeur ajout\u00e9e et a \u00e9t\u00e9 r\u00e9cemment dot\u00e9e de capacit\u00e9s HPAPI.<\/p>\n\n\n\n<p><a href=\"https:\/\/adragos-pharma.com\/fr\/athenes-grece\/\" data-type=\"page\" data-id=\"445\">Voir la localisation -&gt;<br><\/a><\/p>\n<\/div>\n\n\n\n<div class=\"wp-block-column is-layout-flow wp-block-column-is-layout-flow\">\n<h2 class=\"wp-block-heading has-text-color has-link-color wp-elements-4383090548e4dba88218b6866f0d0093\" style=\"color:#fe86d2\"><a href=\"https:\/\/adragos-pharma.com\/fr\/halden-norvege\/\" data-type=\"page\" data-id=\"566\">Halden, Nor<\/a>v\u00e8ge<\/h2>\n\n\n\n<div class=\"wp-block-cover is-light tw-rounded-xl\" style=\"min-height:360px;aspect-ratio:unset;\"><span aria-hidden=\"true\" class=\"wp-block-cover__background has-background-dim-20 has-background-dim\"><\/span><img decoding=\"async\" width=\"2560\" height=\"1381\" class=\"wp-block-cover__image-background wp-image-1310\" alt=\"\" src=\"https:\/\/adragos-pharma.com\/wp-content\/uploads\/2024\/03\/DJI_0083_edit2-scaled-1.jpg\" data-object-fit=\"cover\" srcset=\"https:\/\/adragos-pharma.com\/wp-content\/uploads\/2024\/03\/DJI_0083_edit2-scaled-1.jpg 2560w, https:\/\/adragos-pharma.com\/wp-content\/uploads\/2024\/03\/DJI_0083_edit2-scaled-1-300x162.jpg 300w, https:\/\/adragos-pharma.com\/wp-content\/uploads\/2024\/03\/DJI_0083_edit2-scaled-1-768x414.jpg 768w, https:\/\/adragos-pharma.com\/wp-content\/uploads\/2024\/03\/DJI_0083_edit2-scaled-1-1024x552.jpg 1024w, https:\/\/adragos-pharma.com\/wp-content\/uploads\/2024\/03\/DJI_0083_edit2-scaled-1-1536x829.jpg 1536w, https:\/\/adragos-pharma.com\/wp-content\/uploads\/2024\/03\/DJI_0083_edit2-scaled-1-2048x1105.jpg 2048w\" sizes=\"(max-width: 2560px) 100vw, 2560px\" \/><div class=\"wp-block-cover__inner-container is-layout-constrained wp-block-cover-is-layout-constrained\">\n<figure class=\"wp-block-image size-large no-rounded\"><img decoding=\"async\" width=\"43\" height=\"32\" src=\"https:\/\/adragos-pharma.com\/wp-content\/uploads\/2024\/03\/Norway.svg\" alt=\"\" class=\"wp-image-272\" style=\"object-fit:cover\"\/><\/figure>\n<\/div><\/div>\n\n\n\n<p style=\"padding-top:var(--wp--preset--spacing--50);padding-bottom:0\">Notre usine r\u00e9cemment acquise est l&rsquo;une des installations de production st\u00e9rile les plus avanc\u00e9es d&rsquo;Europe du Nord. Nous sommes sp\u00e9cialis\u00e9s dans la fabrication de poches \u00e0 perfusion, d&rsquo;ampoules et de flacons en plastique utilisant la technologie Blow-Fill-Seal (BFS) et d&rsquo;autres formes de dosage.<\/p>\n\n\n\n<p><a href=\"https:\/\/adragos-pharma.com\/fr\/halden-norvege\/\" data-type=\"page\" data-id=\"566\">Voir la localisation -&gt;<\/a><\/p>\n<\/div>\n\n\n\n<div class=\"wp-block-column is-layout-flow wp-block-column-is-layout-flow\">\n<h2 class=\"wp-block-heading has-text-color has-link-color wp-elements-dfcc113be09381f713b4f78b7c2bd164\" style=\"color:#1a1973\"><a href=\"https:\/\/adragos-pharma.com\/fr\/kawagoe-japon\/\" data-type=\"page\" data-id=\"595\">Jura, Suisse<\/a><\/h2>\n\n\n\n<div class=\"wp-block-cover tw-rounded-xl\" style=\"min-height:360px;aspect-ratio:unset;\"><span aria-hidden=\"true\" class=\"wp-block-cover__background has-background-dim-20 has-background-dim\" style=\"background-color:#6e7282\"><\/span><img decoding=\"async\" class=\"wp-block-cover__image-background wp-image-14514\" alt=\"\" src=\"https:\/\/adragos-pharma.com\/wp-content\/uploads\/2024\/11\/facility-jura-no-logo-2.png\" data-object-fit=\"cover\"\/><div class=\"wp-block-cover__inner-container is-layout-constrained wp-block-cover-is-layout-constrained\">\n<figure class=\"wp-block-image size-full is-resized no-rounded\"><img decoding=\"async\" width=\"612\" height=\"408\" src=\"https:\/\/adragos-pharma.com\/wp-content\/uploads\/2024\/11\/istockphoto-691333880-612x612-1.jpg\" alt=\"\" class=\"wp-image-13661\" style=\"object-fit:cover;width:48px;height:auto\" srcset=\"https:\/\/adragos-pharma.com\/wp-content\/uploads\/2024\/11\/istockphoto-691333880-612x612-1.jpg 612w, https:\/\/adragos-pharma.com\/wp-content\/uploads\/2024\/11\/istockphoto-691333880-612x612-1-300x200.jpg 300w\" sizes=\"(max-width: 612px) 100vw, 612px\" \/><\/figure>\n<\/div><\/div>\n\n\n\n<p style=\"padding-top:var(--wp--preset--spacing--50);padding-bottom:0\">Nous fournissons une gamme compl\u00e8te de services adapt\u00e9s aux besoins de la fabrication clinique et de la fabrication commerciale, et nous nous sp\u00e9cialisons dans la production de petits lots avec une approche sur mesure.<\/p>\n\n\n\n<p><a href=\"https:\/\/adragos-pharma.com\/fr\/jura-suisse\/\" data-type=\"page\" data-id=\"595\">Voir la localisation -&gt;<\/a><\/p>\n<\/div>\n<\/div><style>\n            .wp-block-columns.is-wide {\n\t\t\t\tmax-width: 1280px!important;\n\t\t\t\tmargin-left: auto!important;\n\t\t\t\tmargin-right: auto!important;\n            }\n        <\/style>\n\n\n\n<div class=\"wp-block-columns image-top max-w-screen-xl w-full is-wide px-0 md:px-8 is-layout-flex wp-container-core-columns-is-layout-9d6595d7 wp-block-columns-is-layout-flex\">\n<div class=\"wp-block-column is-layout-flow wp-block-column-is-layout-flow\">\n<h2 class=\"wp-block-heading has-text-color has-link-color wp-elements-0d906f4cf667f0822675d994ccf6c3eb\" style=\"color:#1a1973\"><a href=\"https:\/\/adragos-pharma.com\/fr\/kawagoe-japon\/\" data-type=\"page\" data-id=\"595\">Kawagoe, Japon<\/a><\/h2>\n\n\n\n<div class=\"wp-block-cover tw-rounded-xl\" style=\"min-height:360px;aspect-ratio:unset;\"><span aria-hidden=\"true\" class=\"wp-block-cover__background has-background-dim-20 has-background-dim\"><\/span><img decoding=\"async\" width=\"1911\" height=\"901\" class=\"wp-block-cover__image-background wp-image-1292\" alt=\"\" src=\"https:\/\/adragos-pharma.com\/wp-content\/uploads\/2024\/03\/Kawagoe-CDMO-Adragos.bmp\" data-object-fit=\"cover\" srcset=\"https:\/\/adragos-pharma.com\/wp-content\/uploads\/2024\/03\/Kawagoe-CDMO-Adragos.bmp 1911w, https:\/\/adragos-pharma.com\/wp-content\/uploads\/2024\/03\/Kawagoe-CDMO-Adragos-300x141.jpg 300w, https:\/\/adragos-pharma.com\/wp-content\/uploads\/2024\/03\/Kawagoe-CDMO-Adragos-1024x483.jpg 1024w, https:\/\/adragos-pharma.com\/wp-content\/uploads\/2024\/03\/Kawagoe-CDMO-Adragos-768x362.jpg 768w, https:\/\/adragos-pharma.com\/wp-content\/uploads\/2024\/03\/Kawagoe-CDMO-Adragos-1536x724.jpg 1536w\" sizes=\"(max-width: 1911px) 100vw, 1911px\" \/><div class=\"wp-block-cover__inner-container is-layout-constrained wp-block-cover-is-layout-constrained\">\n<figure class=\"wp-block-image size-full no-rounded\"><img decoding=\"async\" width=\"43\" height=\"29\" src=\"https:\/\/adragos-pharma.com\/wp-content\/uploads\/2024\/03\/japan-flag.jpeg\" alt=\"\" class=\"wp-image-1904\" style=\"object-fit:cover\"\/><\/figure>\n<\/div><\/div>\n\n\n\n<p style=\"padding-top:var(--wp--preset--spacing--50);padding-bottom:0\">Notre site de production ultramoderne est sp\u00e9cialis\u00e9 dans les ampoules, les comprim\u00e9s et les services d&rsquo;inspection visuelle. Nous offrons un excellent service \u00e0 la client\u00e8le en anglais et en japonais. Il dispose de l&rsquo;un des plus grands entrep\u00f4ts frigorifiques du Japon.<\/p>\n\n\n\n<p><a href=\"https:\/\/adragos-pharma.com\/fr\/kawagoe-japon\/\" data-type=\"page\" data-id=\"595\">Voir la localisation -&gt;<\/a><\/p>\n<\/div>\n\n\n\n<div class=\"wp-block-column is-layout-flow wp-block-column-is-layout-flow\">\n<h2 class=\"wp-block-heading has-secondary-color has-text-color has-link-color wp-elements-2d2cfba30779848fc3d0b5593d82ed41\"><a href=\"https:\/\/adragos-pharma.com\/fr\/livron-france\/\" data-type=\"page\" data-id=\"1641\">Livron, France<\/a><\/h2>\n\n\n\n<div class=\"wp-block-cover is-light tw-rounded-xl\" style=\"min-height:360px;aspect-ratio:unset;\"><span aria-hidden=\"true\" class=\"wp-block-cover__background has-background-dim-20 has-background-dim\"><\/span><img decoding=\"async\" width=\"1200\" height=\"800\" class=\"wp-block-cover__image-background wp-image-2073\" alt=\"\" src=\"https:\/\/adragos-pharma.com\/wp-content\/uploads\/2024\/03\/ADRAGOS_Livron-44.jpg\" data-object-fit=\"cover\" srcset=\"https:\/\/adragos-pharma.com\/wp-content\/uploads\/2024\/03\/ADRAGOS_Livron-44.jpg 1200w, https:\/\/adragos-pharma.com\/wp-content\/uploads\/2024\/03\/ADRAGOS_Livron-44-300x200.jpg 300w, https:\/\/adragos-pharma.com\/wp-content\/uploads\/2024\/03\/ADRAGOS_Livron-44-1024x683.jpg 1024w, https:\/\/adragos-pharma.com\/wp-content\/uploads\/2024\/03\/ADRAGOS_Livron-44-768x512.jpg 768w\" sizes=\"(max-width: 1200px) 100vw, 1200px\" \/><div class=\"wp-block-cover__inner-container is-layout-constrained wp-block-cover-is-layout-constrained\">\n<figure class=\"wp-block-image size-large no-rounded\"><img decoding=\"async\" width=\"43\" height=\"32\" src=\"https:\/\/adragos-pharma.com\/wp-content\/uploads\/2024\/03\/France.svg\" alt=\"\" class=\"wp-image-269\" style=\"object-fit:cover\"\/><\/figure>\n<\/div><\/div>\n\n\n\n<p style=\"padding-top:var(--wp--preset--spacing--50);padding-bottom:0\">Avec plus de 100 ans d&rsquo;exp\u00e9rience, Adragos Livron se concentre sur la fabrication de liquides et de suppositoires st\u00e9riles. Nous traitons plus de 100 mol\u00e9cules et fournissons des \u00e9tudes de stabilit\u00e9, la manipulation de stup\u00e9fiants et des services de tests analytiques.<\/p>\n\n\n\n<p><a href=\"https:\/\/adragos-pharma.com\/fr\/livron-france\/\" data-type=\"page\" data-id=\"1641\">Voir la localisation -&gt;<\/a><\/p>\n<\/div>\n\n\n\n<div class=\"wp-block-column is-layout-flow wp-block-column-is-layout-flow\">\n<h2 class=\"wp-block-heading has-text-color has-link-color wp-elements-c36f7f46460a3dc8f015b94981101ad2\" style=\"color:#fe86d2\"><a href=\"https:\/\/adragos-pharma.com\/fr\/leipzig-allemagne\/\" data-type=\"page\" data-id=\"1614\">Leipzig, Allemagne<\/a><\/h2>\n\n\n\n<div class=\"wp-block-cover is-light tw-rounded-xl\" style=\"min-height:360px;aspect-ratio:unset;\"><span aria-hidden=\"true\" class=\"wp-block-cover__background has-background-dim-20 has-background-dim\"><\/span><img decoding=\"async\" width=\"2560\" height=\"1714\" class=\"wp-block-cover__image-background wp-image-3163\" alt=\"\" src=\"https:\/\/adragos-pharma.com\/wp-content\/uploads\/2024\/04\/Adragos-Pharma-Leipzig-2024-01-scaled.jpg\" data-object-fit=\"cover\" srcset=\"https:\/\/adragos-pharma.com\/wp-content\/uploads\/2024\/04\/Adragos-Pharma-Leipzig-2024-01-scaled.jpg 2560w, https:\/\/adragos-pharma.com\/wp-content\/uploads\/2024\/04\/Adragos-Pharma-Leipzig-2024-01-300x201.jpg 300w, https:\/\/adragos-pharma.com\/wp-content\/uploads\/2024\/04\/Adragos-Pharma-Leipzig-2024-01-1024x686.jpg 1024w, https:\/\/adragos-pharma.com\/wp-content\/uploads\/2024\/04\/Adragos-Pharma-Leipzig-2024-01-768x514.jpg 768w, https:\/\/adragos-pharma.com\/wp-content\/uploads\/2024\/04\/Adragos-Pharma-Leipzig-2024-01-1536x1029.jpg 1536w, https:\/\/adragos-pharma.com\/wp-content\/uploads\/2024\/04\/Adragos-Pharma-Leipzig-2024-01-2048x1372.jpg 2048w\" sizes=\"(max-width: 2560px) 100vw, 2560px\" \/><div class=\"wp-block-cover__inner-container is-layout-constrained wp-block-cover-is-layout-constrained\">\n<figure class=\"wp-block-image size-large no-rounded\"><img decoding=\"async\" width=\"43\" height=\"32\" src=\"https:\/\/adragos-pharma.com\/wp-content\/uploads\/2024\/03\/Germany.svg\" alt=\"\" class=\"wp-image-270\" style=\"object-fit:cover\"\/><\/figure>\n<\/div><\/div>\n\n\n\n<p style=\"padding-top:var(--wp--preset--spacing--50);padding-bottom:0\">Notre site de production de Leipzig est sp\u00e9cialis\u00e9 dans les produits pharmaceutiques liquides semi-solides et non st\u00e9riles. Avec plus de 100 ans d&rsquo;exp\u00e9rience, nous avons l&rsquo;habitude de fournir un service de premi\u00e8re classe et une fabrication ax\u00e9e sur le client.<\/p>\n\n\n\n<p><a href=\"https:\/\/adragos-pharma.com\/fr\/leipzig-allemagne\/\" data-type=\"page\" data-id=\"1614\">Voir la localisation -&gt;<\/a><\/p>\n<\/div>\n<\/div><style>\n            .wp-block-columns.is-wide {\n\t\t\t\tmax-width: 1280px!important;\n\t\t\t\tmargin-left: auto!important;\n\t\t\t\tmargin-right: auto!important;\n            }\n        <\/style>\n\n\n\n<div style=\"height:36px\" aria-hidden=\"true\" class=\"wp-block-spacer\"><\/div>\n\n\n\n<header class=\"wp-block-adragos-blocks-title max-w-screen-xl md:px-8 mx-auto flex flex-col md:flex-row lg:items-center justify-between\"><h2 class=\"flex gap-3 !text-secondary items-center lg:w-1\/3 lg:pr-12 mb-6\"><svg width=\"27\" height=\"3\" viewBox=\"0 0 27 3\" fill=\"none\" xmlns=\"http:\/\/www.w3.org\/2000\/svg\"><rect width=\"27\" height=\"3\" fill=\"#8696FE\"><\/rect><\/svg><span class=\"sad\">Nos Bureaux<\/span><\/h2><p class=\"font-RobotoSlab text-lg xl:text-xl font-light lg:w-2\/3 lg:pl-32\"><\/p><\/header>\n\n\n\n<div class=\"wp-block-columns max-w-screen-xl w-full is-wide px-0 md:px-8 is-layout-flex wp-container-core-columns-is-layout-9d6595d7 wp-block-columns-is-layout-flex\">\n<div class=\"wp-block-column relative block group border p-8 bg-white border-primary hover:bg-primary transition-all rounded-xl is-layout-flow wp-block-column-is-layout-flow\">\n<figure class=\"wp-block-image size-large no-rounded\"><img decoding=\"async\" width=\"43\" height=\"32\" src=\"https:\/\/adragos-pharma.com\/wp-content\/uploads\/2024\/03\/Germany.svg\" alt=\"\" class=\"wp-image-270\"\/><\/figure>\n\n\n\n<h3 class=\"wp-block-heading\">Munich, Allemagne<\/h3>\n\n\n\n<p>Si\u00e8ge Social<\/p>\n<\/div>\n\n\n\n<div class=\"wp-block-column relative block group border p-8 bg-white border-primary hover:bg-primary transition-all rounded-xl is-layout-flow wp-block-column-is-layout-flow\">\n<figure class=\"wp-block-image size-full no-rounded\"><img decoding=\"async\" width=\"43\" height=\"29\" src=\"https:\/\/adragos-pharma.com\/wp-content\/uploads\/2024\/03\/japan-flag.jpeg\" alt=\"\" class=\"wp-image-1904\"\/><\/figure>\n\n\n\n<h3 class=\"wp-block-heading\">Tokyo, Japon<\/h3>\n\n\n\n<p>Bureau R\u00e9gional<\/p>\n<\/div>\n\n\n\n<div class=\"wp-block-column relative block group border p-8 bg-white border-primary hover:bg-primary transition-all rounded-xl is-layout-flow wp-block-column-is-layout-flow\">\n<figure class=\"wp-block-image size-full no-rounded\"><img decoding=\"async\" width=\"43\" height=\"29\" src=\"https:\/\/adragos-pharma.com\/wp-content\/uploads\/2024\/03\/spain-flag-icon-64.jpg\" alt=\"\" class=\"wp-image-2878\" style=\"object-fit:cover\"\/><\/figure>\n\n\n\n<h3 class=\"wp-block-heading\">Barcelone, Espagne<\/h3>\n\n\n\n<p>Bureau R\u00e9gional<\/p>\n<\/div>\n<\/div><style>\n            .wp-block-columns.is-wide {\n\t\t\t\tmax-width: 1280px!important;\n\t\t\t\tmargin-left: auto!important;\n\t\t\t\tmargin-right: auto!important;\n            }\n        <\/style>\n","protected":false},"excerpt":{"rendered":"<p>Ath\u00e8nes, Gr\u00e8ce Avec plus de 3 000 m\u00b2 d&rsquo;installations de R&amp;D, Adragos Ath\u00e8nes est sp\u00e9cialis\u00e9e dans le d\u00e9veloppement de m\u00e9dicaments \u00e0 valeur ajout\u00e9e et a \u00e9t\u00e9 r\u00e9cemment dot\u00e9e de capacit\u00e9s HPAPI. Voir la localisation -&gt; Halden, Norv\u00e8ge Notre usine r\u00e9cemment [&hellip;]<\/p>\n","protected":false},"author":8,"featured_media":0,"parent":0,"menu_order":0,"comment_status":"closed","ping_status":"closed","template":"","meta":{"content-type":"","inline_featured_image":false,"footnotes":""},"class_list":["post-8812","page","type-page","status-publish","hentry"],"_links":{"self":[{"href":"https:\/\/adragos-pharma.com\/fr\/wp-json\/wp\/v2\/pages\/8812","targetHints":{"allow":["GET"]}}],"collection":[{"href":"https:\/\/adragos-pharma.com\/fr\/wp-json\/wp\/v2\/pages"}],"about":[{"href":"https:\/\/adragos-pharma.com\/fr\/wp-json\/wp\/v2\/types\/page"}],"author":[{"embeddable":true,"href":"https:\/\/adragos-pharma.com\/fr\/wp-json\/wp\/v2\/users\/8"}],"replies":[{"embeddable":true,"href":"https:\/\/adragos-pharma.com\/fr\/wp-json\/wp\/v2\/comments?post=8812"}],"version-history":[{"count":13,"href":"https:\/\/adragos-pharma.com\/fr\/wp-json\/wp\/v2\/pages\/8812\/revisions"}],"predecessor-version":[{"id":16411,"href":"https:\/\/adragos-pharma.com\/fr\/wp-json\/wp\/v2\/pages\/8812\/revisions\/16411"}],"wp:attachment":[{"href":"https:\/\/adragos-pharma.com\/fr\/wp-json\/wp\/v2\/media?parent=8812"}],"curies":[{"name":"wp","href":"https:\/\/api.w.org\/{rel}","templated":true}]}}